{"id":818,"date":"2024-07-09T23:16:45","date_gmt":"2024-07-10T05:16:45","guid":{"rendered":"http:\/\/anc.local\/?page_id=818"},"modified":"2026-02-03T13:53:09","modified_gmt":"2026-02-03T19:53:09","slug":"owsd-costa-rica","status":"publish","type":"page","link":"https:\/\/www.anc.cr\/en\/owsd-costa-rica\/","title":{"rendered":"OWSD-Costa\u00a0Rica"},"content":{"rendered":"<p class=\"has-large-font-size\"><strong>OWSD-COSTA RICA<\/strong><\/p>\n\n\n\n<p class=\"has-large-font-size\"><strong>\u00bfQUI\u00c9NES SOMOS?<\/strong><\/p>\n\n\n\n<p>El Cap\u00edtulo Nacional de la OWSD en Costa Rica fue fundado en 2024 y tiene su sede en la Academia Nacional de Ciencias de Costa Rica. Su principal objetivo es aumentar la visibilidad y el reconocimiento de las contribuciones de las mujeres cient\u00edficas al avance cient\u00edfico y tecnol\u00f3gico del pa\u00eds, dado que a\u00fan siguen estando subrepresentadas. Es un espacio para fortalecer los v\u00ednculos y las oportunidades para las mujeres de todas las \u00e1reas de las ciencias, tanto las STEM, como las ciencias sociales y econ\u00f3micas. Consideramos que la inclusi\u00f3n de la perspectiva de g\u00e9nero en la ciencia, la tecnolog\u00eda y la investigaci\u00f3n constituye una pieza clave para el desarrollo de los pa\u00edses, tanto para el mejoramiento de la calidad de vida como para la b\u00fasqueda de la equidad y la paz social.<\/p>\n\n\n\n<div class=\"wp-block-buttons is-content-justification-center is-layout-flex wp-container-core-buttons-is-layout-a89b3969 wp-block-buttons-is-layout-flex\"><\/div>\n\n\n\n<p><strong>Lanzamiento del cap\u00edtulo de Costa Rica de la Organizaci\u00f3n de las Mujeres en Ciencia, OWSD, bajo el lema: &#8220;Cerrando brechas de g\u00e9nero en las ciencias&#8221;: <\/strong><\/p>\n\n\n\n<figure class=\"wp-block-gallery has-nested-images columns-default is-cropped wp-block-gallery-1 is-layout-flex wp-block-gallery-is-layout-flex\">\n<figure class=\"wp-block-image size-large\"><img decoding=\"async\" width=\"1024\" height=\"768\" data-id=\"2912\" src=\"https:\/\/www.anc.cr\/wp-content\/uploads\/2026\/02\/624119403_1421765833068995_6300727896000252497_n-1-1024x768.jpg\" alt=\"\" class=\"wp-image-2912\" srcset=\"https:\/\/www.anc.cr\/wp-content\/uploads\/2026\/02\/624119403_1421765833068995_6300727896000252497_n-1-1024x768.jpg 1024w, https:\/\/www.anc.cr\/wp-content\/uploads\/2026\/02\/624119403_1421765833068995_6300727896000252497_n-1-300x225.jpg 300w, https:\/\/www.anc.cr\/wp-content\/uploads\/2026\/02\/624119403_1421765833068995_6300727896000252497_n-1-768x576.jpg 768w, https:\/\/www.anc.cr\/wp-content\/uploads\/2026\/02\/624119403_1421765833068995_6300727896000252497_n-1-1536x1152.jpg 1536w, https:\/\/www.anc.cr\/wp-content\/uploads\/2026\/02\/624119403_1421765833068995_6300727896000252497_n-1-16x12.jpg 16w, https:\/\/www.anc.cr\/wp-content\/uploads\/2026\/02\/624119403_1421765833068995_6300727896000252497_n-1.jpg 2048w\" sizes=\"(max-width: 1024px) 100vw, 1024px\" \/><\/figure>\n\n\n\n<figure class=\"wp-block-image size-large\"><img decoding=\"async\" width=\"1024\" height=\"670\" data-id=\"2913\" src=\"https:\/\/www.anc.cr\/wp-content\/uploads\/2026\/02\/624856217_1421765996402312_1695953012926363850_n-1-1024x670.jpg\" alt=\"\" class=\"wp-image-2913\" srcset=\"https:\/\/www.anc.cr\/wp-content\/uploads\/2026\/02\/624856217_1421765996402312_1695953012926363850_n-1-1024x670.jpg 1024w, https:\/\/www.anc.cr\/wp-content\/uploads\/2026\/02\/624856217_1421765996402312_1695953012926363850_n-1-300x196.jpg 300w, https:\/\/www.anc.cr\/wp-content\/uploads\/2026\/02\/624856217_1421765996402312_1695953012926363850_n-1-768x503.jpg 768w, https:\/\/www.anc.cr\/wp-content\/uploads\/2026\/02\/624856217_1421765996402312_1695953012926363850_n-1-1536x1005.jpg 1536w, https:\/\/www.anc.cr\/wp-content\/uploads\/2026\/02\/624856217_1421765996402312_1695953012926363850_n-1-18x12.jpg 18w, https:\/\/www.anc.cr\/wp-content\/uploads\/2026\/02\/624856217_1421765996402312_1695953012926363850_n-1.jpg 2048w\" sizes=\"(max-width: 1024px) 100vw, 1024px\" \/><\/figure>\n\n\n\n<figure class=\"wp-block-image size-large\"><img decoding=\"async\" width=\"1024\" height=\"768\" data-id=\"2915\" src=\"https:\/\/www.anc.cr\/wp-content\/uploads\/2026\/02\/625033418_1421765983068980_2792192062835875087_n-1-1024x768.jpg\" alt=\"\" class=\"wp-image-2915\" srcset=\"https:\/\/www.anc.cr\/wp-content\/uploads\/2026\/02\/625033418_1421765983068980_2792192062835875087_n-1-1024x768.jpg 1024w, https:\/\/www.anc.cr\/wp-content\/uploads\/2026\/02\/625033418_1421765983068980_2792192062835875087_n-1-300x225.jpg 300w, https:\/\/www.anc.cr\/wp-content\/uploads\/2026\/02\/625033418_1421765983068980_2792192062835875087_n-1-768x576.jpg 768w, https:\/\/www.anc.cr\/wp-content\/uploads\/2026\/02\/625033418_1421765983068980_2792192062835875087_n-1-1536x1152.jpg 1536w, https:\/\/www.anc.cr\/wp-content\/uploads\/2026\/02\/625033418_1421765983068980_2792192062835875087_n-1-16x12.jpg 16w, https:\/\/www.anc.cr\/wp-content\/uploads\/2026\/02\/625033418_1421765983068980_2792192062835875087_n-1.jpg 2048w\" sizes=\"(max-width: 1024px) 100vw, 1024px\" \/><\/figure>\n\n\n\n<figure class=\"wp-block-image size-large\"><img decoding=\"async\" width=\"1024\" height=\"803\" data-id=\"2916\" src=\"https:\/\/www.anc.cr\/wp-content\/uploads\/2026\/02\/625528371_1421765716402340_7517490313109416092_n-1-1024x803.jpg\" alt=\"\" class=\"wp-image-2916\" srcset=\"https:\/\/www.anc.cr\/wp-content\/uploads\/2026\/02\/625528371_1421765716402340_7517490313109416092_n-1-1024x803.jpg 1024w, https:\/\/www.anc.cr\/wp-content\/uploads\/2026\/02\/625528371_1421765716402340_7517490313109416092_n-1-300x235.jpg 300w, https:\/\/www.anc.cr\/wp-content\/uploads\/2026\/02\/625528371_1421765716402340_7517490313109416092_n-1-768x602.jpg 768w, https:\/\/www.anc.cr\/wp-content\/uploads\/2026\/02\/625528371_1421765716402340_7517490313109416092_n-1-1536x1205.jpg 1536w, https:\/\/www.anc.cr\/wp-content\/uploads\/2026\/02\/625528371_1421765716402340_7517490313109416092_n-1-15x12.jpg 15w, https:\/\/www.anc.cr\/wp-content\/uploads\/2026\/02\/625528371_1421765716402340_7517490313109416092_n-1.jpg 2048w\" sizes=\"(max-width: 1024px) 100vw, 1024px\" \/><\/figure>\n\n\n\n<figure class=\"wp-block-image size-large\"><img decoding=\"async\" width=\"1024\" height=\"768\" data-id=\"2917\" src=\"https:\/\/www.anc.cr\/wp-content\/uploads\/2026\/02\/625924383_1421765779735667_164354093287382285_n-1-1024x768.jpg\" alt=\"\" class=\"wp-image-2917\" srcset=\"https:\/\/www.anc.cr\/wp-content\/uploads\/2026\/02\/625924383_1421765779735667_164354093287382285_n-1-1024x768.jpg 1024w, https:\/\/www.anc.cr\/wp-content\/uploads\/2026\/02\/625924383_1421765779735667_164354093287382285_n-1-300x225.jpg 300w, https:\/\/www.anc.cr\/wp-content\/uploads\/2026\/02\/625924383_1421765779735667_164354093287382285_n-1-768x576.jpg 768w, https:\/\/www.anc.cr\/wp-content\/uploads\/2026\/02\/625924383_1421765779735667_164354093287382285_n-1-1536x1152.jpg 1536w, https:\/\/www.anc.cr\/wp-content\/uploads\/2026\/02\/625924383_1421765779735667_164354093287382285_n-1-16x12.jpg 16w, https:\/\/www.anc.cr\/wp-content\/uploads\/2026\/02\/625924383_1421765779735667_164354093287382285_n-1.jpg 2048w\" sizes=\"(max-width: 1024px) 100vw, 1024px\" \/><\/figure>\n\n\n\n<figure class=\"wp-block-image size-large\"><img decoding=\"async\" width=\"1024\" height=\"768\" data-id=\"2918\" src=\"https:\/\/www.anc.cr\/wp-content\/uploads\/2026\/02\/626331257_1421765709735674_1660505614515673704_n-1-1024x768.jpg\" alt=\"\" class=\"wp-image-2918\" srcset=\"https:\/\/www.anc.cr\/wp-content\/uploads\/2026\/02\/626331257_1421765709735674_1660505614515673704_n-1-1024x768.jpg 1024w, https:\/\/www.anc.cr\/wp-content\/uploads\/2026\/02\/626331257_1421765709735674_1660505614515673704_n-1-300x225.jpg 300w, https:\/\/www.anc.cr\/wp-content\/uploads\/2026\/02\/626331257_1421765709735674_1660505614515673704_n-1-768x576.jpg 768w, https:\/\/www.anc.cr\/wp-content\/uploads\/2026\/02\/626331257_1421765709735674_1660505614515673704_n-1-1536x1152.jpg 1536w, https:\/\/www.anc.cr\/wp-content\/uploads\/2026\/02\/626331257_1421765709735674_1660505614515673704_n-1-16x12.jpg 16w, https:\/\/www.anc.cr\/wp-content\/uploads\/2026\/02\/626331257_1421765709735674_1660505614515673704_n-1.jpg 2048w\" sizes=\"(max-width: 1024px) 100vw, 1024px\" \/><\/figure>\n\n\n\n<figure class=\"wp-block-image size-large\"><img decoding=\"async\" width=\"1024\" height=\"595\" data-id=\"2914\" src=\"https:\/\/www.anc.cr\/wp-content\/uploads\/2026\/02\/624726377_1421765643069014_9084030760888893604_n-1-1024x595.jpg\" alt=\"\" class=\"wp-image-2914\" srcset=\"https:\/\/www.anc.cr\/wp-content\/uploads\/2026\/02\/624726377_1421765643069014_9084030760888893604_n-1-1024x595.jpg 1024w, https:\/\/www.anc.cr\/wp-content\/uploads\/2026\/02\/624726377_1421765643069014_9084030760888893604_n-1-300x174.jpg 300w, https:\/\/www.anc.cr\/wp-content\/uploads\/2026\/02\/624726377_1421765643069014_9084030760888893604_n-1-768x446.jpg 768w, https:\/\/www.anc.cr\/wp-content\/uploads\/2026\/02\/624726377_1421765643069014_9084030760888893604_n-1-1536x893.jpg 1536w, https:\/\/www.anc.cr\/wp-content\/uploads\/2026\/02\/624726377_1421765643069014_9084030760888893604_n-1-18x10.jpg 18w, https:\/\/www.anc.cr\/wp-content\/uploads\/2026\/02\/624726377_1421765643069014_9084030760888893604_n-1.jpg 2048w\" sizes=\"(max-width: 1024px) 100vw, 1024px\" \/><\/figure>\n\n\n\n<figure class=\"wp-block-image size-large\"><img decoding=\"async\" width=\"1024\" height=\"832\" data-id=\"2919\" src=\"https:\/\/www.anc.cr\/wp-content\/uploads\/2026\/02\/626771032_1421765933068985_8161983244829987783_n-1-1024x832.jpg\" alt=\"\" class=\"wp-image-2919\" srcset=\"https:\/\/www.anc.cr\/wp-content\/uploads\/2026\/02\/626771032_1421765933068985_8161983244829987783_n-1-1024x832.jpg 1024w, https:\/\/www.anc.cr\/wp-content\/uploads\/2026\/02\/626771032_1421765933068985_8161983244829987783_n-1-300x244.jpg 300w, https:\/\/www.anc.cr\/wp-content\/uploads\/2026\/02\/626771032_1421765933068985_8161983244829987783_n-1-768x624.jpg 768w, https:\/\/www.anc.cr\/wp-content\/uploads\/2026\/02\/626771032_1421765933068985_8161983244829987783_n-1-1536x1248.jpg 1536w, https:\/\/www.anc.cr\/wp-content\/uploads\/2026\/02\/626771032_1421765933068985_8161983244829987783_n-1-15x12.jpg 15w, https:\/\/www.anc.cr\/wp-content\/uploads\/2026\/02\/626771032_1421765933068985_8161983244829987783_n-1.jpg 2048w\" sizes=\"(max-width: 1024px) 100vw, 1024px\" \/><\/figure>\n\n\n\n<figure class=\"wp-block-image size-large\"><img decoding=\"async\" width=\"1024\" height=\"768\" data-id=\"2920\" src=\"https:\/\/www.anc.cr\/wp-content\/uploads\/2026\/02\/626855853_1421766066402305_727277701824481621_n-1-1024x768.jpg\" alt=\"\" class=\"wp-image-2920\" srcset=\"https:\/\/www.anc.cr\/wp-content\/uploads\/2026\/02\/626855853_1421766066402305_727277701824481621_n-1-1024x768.jpg 1024w, https:\/\/www.anc.cr\/wp-content\/uploads\/2026\/02\/626855853_1421766066402305_727277701824481621_n-1-300x225.jpg 300w, https:\/\/www.anc.cr\/wp-content\/uploads\/2026\/02\/626855853_1421766066402305_727277701824481621_n-1-768x576.jpg 768w, https:\/\/www.anc.cr\/wp-content\/uploads\/2026\/02\/626855853_1421766066402305_727277701824481621_n-1-1536x1152.jpg 1536w, https:\/\/www.anc.cr\/wp-content\/uploads\/2026\/02\/626855853_1421766066402305_727277701824481621_n-1-16x12.jpg 16w, https:\/\/www.anc.cr\/wp-content\/uploads\/2026\/02\/626855853_1421766066402305_727277701824481621_n-1.jpg 2048w\" sizes=\"(max-width: 1024px) 100vw, 1024px\" \/><\/figure>\n\n\n\n<figure class=\"wp-block-image size-large\"><img decoding=\"async\" width=\"960\" height=\"720\" data-id=\"2921\" src=\"https:\/\/www.anc.cr\/wp-content\/uploads\/2026\/02\/627981733_1421765009735744_3526529100564644147_n-1.jpg\" alt=\"\" class=\"wp-image-2921\" srcset=\"https:\/\/www.anc.cr\/wp-content\/uploads\/2026\/02\/627981733_1421765009735744_3526529100564644147_n-1.jpg 960w, https:\/\/www.anc.cr\/wp-content\/uploads\/2026\/02\/627981733_1421765009735744_3526529100564644147_n-1-300x225.jpg 300w, https:\/\/www.anc.cr\/wp-content\/uploads\/2026\/02\/627981733_1421765009735744_3526529100564644147_n-1-768x576.jpg 768w, https:\/\/www.anc.cr\/wp-content\/uploads\/2026\/02\/627981733_1421765009735744_3526529100564644147_n-1-16x12.jpg 16w\" sizes=\"(max-width: 960px) 100vw, 960px\" \/><\/figure>\n<\/figure>\n\n\n\n<p><\/p>\n\n\n\n<p class=\"has-large-font-size\"><strong>EVENTOS<\/strong><\/p>\n\n\n\n<div class=\"wp-block-columns is-layout-flex wp-container-core-columns-is-layout-28f84493 wp-block-columns-is-layout-flex\">\n<div class=\"wp-block-column is-layout-flow wp-block-column-is-layout-flow\">\n<figure class=\"wp-block-image size-large\"><img decoding=\"async\" width=\"632\" height=\"1024\" src=\"https:\/\/www.anc.cr\/wp-content\/uploads\/2025\/05\/Invitacion-Taller-UNA-OWSD-Costa-Rica-632x1024.jpg\" alt=\"\" class=\"wp-image-2485\" srcset=\"https:\/\/www.anc.cr\/wp-content\/uploads\/2025\/05\/Invitacion-Taller-UNA-OWSD-Costa-Rica-632x1024.jpg 632w, https:\/\/www.anc.cr\/wp-content\/uploads\/2025\/05\/Invitacion-Taller-UNA-OWSD-Costa-Rica-185x300.jpg 185w, https:\/\/www.anc.cr\/wp-content\/uploads\/2025\/05\/Invitacion-Taller-UNA-OWSD-Costa-Rica-768x1244.jpg 768w, https:\/\/www.anc.cr\/wp-content\/uploads\/2025\/05\/Invitacion-Taller-UNA-OWSD-Costa-Rica-949x1536.jpg 949w, https:\/\/www.anc.cr\/wp-content\/uploads\/2025\/05\/Invitacion-Taller-UNA-OWSD-Costa-Rica-7x12.jpg 7w, https:\/\/www.anc.cr\/wp-content\/uploads\/2025\/05\/Invitacion-Taller-UNA-OWSD-Costa-Rica.jpg 1240w\" sizes=\"(max-width: 632px) 100vw, 632px\" \/><\/figure>\n<\/div>\n\n\n\n<div class=\"wp-block-column is-layout-flow wp-block-column-is-layout-flow\">\n<figure class=\"wp-block-image size-large\"><img decoding=\"async\" width=\"632\" height=\"1024\" src=\"https:\/\/www.anc.cr\/wp-content\/uploads\/2025\/05\/Invitacion-Taller-TEC-OWSD-Costa-Rica-632x1024.jpg\" alt=\"\" class=\"wp-image-2484\" srcset=\"https:\/\/www.anc.cr\/wp-content\/uploads\/2025\/05\/Invitacion-Taller-TEC-OWSD-Costa-Rica-632x1024.jpg 632w, https:\/\/www.anc.cr\/wp-content\/uploads\/2025\/05\/Invitacion-Taller-TEC-OWSD-Costa-Rica-185x300.jpg 185w, https:\/\/www.anc.cr\/wp-content\/uploads\/2025\/05\/Invitacion-Taller-TEC-OWSD-Costa-Rica-768x1244.jpg 768w, https:\/\/www.anc.cr\/wp-content\/uploads\/2025\/05\/Invitacion-Taller-TEC-OWSD-Costa-Rica-949x1536.jpg 949w, https:\/\/www.anc.cr\/wp-content\/uploads\/2025\/05\/Invitacion-Taller-TEC-OWSD-Costa-Rica-7x12.jpg 7w, https:\/\/www.anc.cr\/wp-content\/uploads\/2025\/05\/Invitacion-Taller-TEC-OWSD-Costa-Rica.jpg 1240w\" sizes=\"(max-width: 632px) 100vw, 632px\" \/><\/figure>\n<\/div>\n<\/div>\n\n\n\n<div class=\"wp-block-columns is-layout-flex wp-container-core-columns-is-layout-28f84493 wp-block-columns-is-layout-flex\">\n<div class=\"wp-block-column is-layout-flow wp-block-column-is-layout-flow\">\n<figure class=\"wp-block-image size-large\"><img decoding=\"async\" width=\"632\" height=\"1024\" src=\"https:\/\/www.anc.cr\/wp-content\/uploads\/2025\/05\/Invitacion-Taller-UCR-OWSD-Costa-Rica-632x1024.jpg\" alt=\"\" class=\"wp-image-2482\" srcset=\"https:\/\/www.anc.cr\/wp-content\/uploads\/2025\/05\/Invitacion-Taller-UCR-OWSD-Costa-Rica-632x1024.jpg 632w, https:\/\/www.anc.cr\/wp-content\/uploads\/2025\/05\/Invitacion-Taller-UCR-OWSD-Costa-Rica-185x300.jpg 185w, https:\/\/www.anc.cr\/wp-content\/uploads\/2025\/05\/Invitacion-Taller-UCR-OWSD-Costa-Rica-768x1244.jpg 768w, https:\/\/www.anc.cr\/wp-content\/uploads\/2025\/05\/Invitacion-Taller-UCR-OWSD-Costa-Rica-949x1536.jpg 949w, https:\/\/www.anc.cr\/wp-content\/uploads\/2025\/05\/Invitacion-Taller-UCR-OWSD-Costa-Rica-7x12.jpg 7w, https:\/\/www.anc.cr\/wp-content\/uploads\/2025\/05\/Invitacion-Taller-UCR-OWSD-Costa-Rica.jpg 1240w\" sizes=\"(max-width: 632px) 100vw, 632px\" \/><\/figure>\n<\/div>\n\n\n\n<div class=\"wp-block-column is-layout-flow wp-block-column-is-layout-flow\"><\/div>\n<\/div>\n\n\n\n\n\n<p><\/p>\n\n\n\n<h2 class=\"wp-block-heading\">La OWSD invita a todas las cient\u00edficas de Costa Rica a hacerse miembros de la organizaci\u00f3n:<\/h2>\n\n\n\n<figure class=\"wp-block-image size-large\"><img decoding=\"async\" width=\"1024\" height=\"576\" src=\"https:\/\/www.anc.cr\/wp-content\/uploads\/2024\/10\/Imagen-de-WhatsApp-2024-10-09-a-las-08.18.56_a863f5ec-1024x576.jpg\" alt=\"\" class=\"wp-image-2106\" srcset=\"https:\/\/www.anc.cr\/wp-content\/uploads\/2024\/10\/Imagen-de-WhatsApp-2024-10-09-a-las-08.18.56_a863f5ec-1024x576.jpg 1024w, https:\/\/www.anc.cr\/wp-content\/uploads\/2024\/10\/Imagen-de-WhatsApp-2024-10-09-a-las-08.18.56_a863f5ec-300x169.jpg 300w, https:\/\/www.anc.cr\/wp-content\/uploads\/2024\/10\/Imagen-de-WhatsApp-2024-10-09-a-las-08.18.56_a863f5ec-768x432.jpg 768w, https:\/\/www.anc.cr\/wp-content\/uploads\/2024\/10\/Imagen-de-WhatsApp-2024-10-09-a-las-08.18.56_a863f5ec-18x10.jpg 18w, https:\/\/www.anc.cr\/wp-content\/uploads\/2024\/10\/Imagen-de-WhatsApp-2024-10-09-a-las-08.18.56_a863f5ec.jpg 1280w\" sizes=\"(max-width: 1024px) 100vw, 1024px\" \/><\/figure>\n\n\n\n<p>La Organizaci\u00f3n para las Mujeres en Ciencia para el Mundo en Desarrollo (OWSD) invita a todas las cient\u00edficas de Costa Rica (residiendo tanto dentro como fuera del pa\u00eds) a hacerse miembros de la organizaci\u00f3n y participar en el establecimiento de la Secci\u00f3n Nacional de OWSD&nbsp;de&nbsp;Costa&nbsp;Rica.<\/p>\n\n\n\n<p>Las que deseen inscribir su membres\u00eda lo pueden realizar en el siguiente enlace, sin costo y totalmente en l\u00ednea:<\/p>\n\n\n\n<div class=\"wp-block-buttons is-layout-flex wp-block-buttons-is-layout-flex\">\n<div class=\"wp-block-button\"><a class=\"wp-block-button__link wp-element-button\" href=\"https:\/\/owsd.net\/membership\/membership\">Inscripci\u00f3n de Membres\u00eda<\/a><\/div>\n<\/div>\n\n\n\n<p><\/p>","protected":false},"excerpt":{"rendered":"<p>OWSD-COSTA RICA \u00bfQUI\u00c9NES SOMOS? El Cap\u00edtulo Nacional de la OWSD en Costa Rica fue fundado en 2024 y tiene su sede en la Academia Nacional de Ciencias de Costa Rica. Su principal objetivo es aumentar la visibilidad y el reconocimiento de las contribuciones de las mujeres cient\u00edficas al avance cient\u00edfico y tecnol\u00f3gico del pa\u00eds, dado [&hellip;]<\/p>\n","protected":false},"author":1,"featured_media":2914,"parent":0,"menu_order":0,"comment_status":"closed","ping_status":"closed","template":"","meta":{"footnotes":""},"class_list":["post-818","page","type-page","status-publish","has-post-thumbnail","hentry"],"yoast_head":"<!-- This site is optimized with the Yoast SEO plugin v27.3 - https:\/\/yoast.com\/product\/yoast-seo-wordpress\/ -->\n<title>OWSD-Costa\u00a0Rica - ANC<\/title>\n<meta name=\"robots\" content=\"index, follow, max-snippet:-1, max-image-preview:large, max-video-preview:-1\" \/>\n<link rel=\"canonical\" href=\"https:\/\/www.anc.cr\/en\/owsd-costa-rica\/\" \/>\n<meta property=\"og:locale\" content=\"en_US\" \/>\n<meta property=\"og:type\" content=\"article\" \/>\n<meta property=\"og:title\" content=\"OWSD-Costa\u00a0Rica - ANC\" \/>\n<meta property=\"og:description\" content=\"OWSD-COSTA RICA \u00bfQUI\u00c9NES SOMOS? El Cap\u00edtulo Nacional de la OWSD en Costa Rica fue fundado en 2024 y tiene su sede en la Academia Nacional de Ciencias de Costa Rica. Su principal objetivo es aumentar la visibilidad y el reconocimiento de las contribuciones de las mujeres cient\u00edficas al avance cient\u00edfico y tecnol\u00f3gico del pa\u00eds, dado [&hellip;]\" \/>\n<meta property=\"og:url\" content=\"https:\/\/www.anc.cr\/en\/owsd-costa-rica\/\" \/>\n<meta property=\"og:site_name\" content=\"ANC\" \/>\n<meta property=\"article:modified_time\" content=\"2026-02-03T19:53:09+00:00\" \/>\n<meta property=\"og:image\" content=\"https:\/\/www.anc.cr\/wp-content\/uploads\/2026\/02\/624726377_1421765643069014_9084030760888893604_n-1.jpg\" \/>\n\t<meta property=\"og:image:width\" content=\"2048\" \/>\n\t<meta property=\"og:image:height\" content=\"1190\" \/>\n\t<meta property=\"og:image:type\" content=\"image\/jpeg\" \/>\n<meta name=\"twitter:card\" content=\"summary_large_image\" \/>\n<meta name=\"twitter:label1\" content=\"Est. reading time\" \/>\n\t<meta name=\"twitter:data1\" content=\"5 minutes\" \/>\n<script type=\"application\/ld+json\" class=\"yoast-schema-graph\">{\"@context\":\"https:\\\/\\\/schema.org\",\"@graph\":[{\"@type\":\"WebPage\",\"@id\":\"https:\\\/\\\/www.anc.cr\\\/owsd-costa-rica\\\/\",\"url\":\"https:\\\/\\\/www.anc.cr\\\/owsd-costa-rica\\\/\",\"name\":\"OWSD-Costa\u00a0Rica - ANC\",\"isPartOf\":{\"@id\":\"https:\\\/\\\/www.anc.cr\\\/#website\"},\"primaryImageOfPage\":{\"@id\":\"https:\\\/\\\/www.anc.cr\\\/owsd-costa-rica\\\/#primaryimage\"},\"image\":{\"@id\":\"https:\\\/\\\/www.anc.cr\\\/owsd-costa-rica\\\/#primaryimage\"},\"thumbnailUrl\":\"https:\\\/\\\/www.anc.cr\\\/wp-content\\\/uploads\\\/2026\\\/02\\\/624726377_1421765643069014_9084030760888893604_n-1.jpg\",\"datePublished\":\"2024-07-10T05:16:45+00:00\",\"dateModified\":\"2026-02-03T19:53:09+00:00\",\"breadcrumb\":{\"@id\":\"https:\\\/\\\/www.anc.cr\\\/owsd-costa-rica\\\/#breadcrumb\"},\"inLanguage\":\"en-US\",\"potentialAction\":[{\"@type\":\"ReadAction\",\"target\":[\"https:\\\/\\\/www.anc.cr\\\/owsd-costa-rica\\\/\"]}]},{\"@type\":\"ImageObject\",\"inLanguage\":\"en-US\",\"@id\":\"https:\\\/\\\/www.anc.cr\\\/owsd-costa-rica\\\/#primaryimage\",\"url\":\"https:\\\/\\\/www.anc.cr\\\/wp-content\\\/uploads\\\/2026\\\/02\\\/624726377_1421765643069014_9084030760888893604_n-1.jpg\",\"contentUrl\":\"https:\\\/\\\/www.anc.cr\\\/wp-content\\\/uploads\\\/2026\\\/02\\\/624726377_1421765643069014_9084030760888893604_n-1.jpg\",\"width\":2048,\"height\":1190},{\"@type\":\"BreadcrumbList\",\"@id\":\"https:\\\/\\\/www.anc.cr\\\/owsd-costa-rica\\\/#breadcrumb\",\"itemListElement\":[{\"@type\":\"ListItem\",\"position\":1,\"name\":\"Portada\",\"item\":\"https:\\\/\\\/www.anc.cr\\\/\"},{\"@type\":\"ListItem\",\"position\":2,\"name\":\"OWSD-Costa\u00a0Rica\"}]},{\"@type\":\"WebSite\",\"@id\":\"https:\\\/\\\/www.anc.cr\\\/#website\",\"url\":\"https:\\\/\\\/www.anc.cr\\\/\",\"name\":\"ANC\",\"description\":\"Academia Nacional de Ciencias\",\"publisher\":{\"@id\":\"https:\\\/\\\/www.anc.cr\\\/#organization\"},\"potentialAction\":[{\"@type\":\"SearchAction\",\"target\":{\"@type\":\"EntryPoint\",\"urlTemplate\":\"https:\\\/\\\/www.anc.cr\\\/?s={search_term_string}\"},\"query-input\":{\"@type\":\"PropertyValueSpecification\",\"valueRequired\":true,\"valueName\":\"search_term_string\"}}],\"inLanguage\":\"en-US\"},{\"@type\":\"Organization\",\"@id\":\"https:\\\/\\\/www.anc.cr\\\/#organization\",\"name\":\"ANC\",\"url\":\"https:\\\/\\\/www.anc.cr\\\/\",\"logo\":{\"@type\":\"ImageObject\",\"inLanguage\":\"en-US\",\"@id\":\"https:\\\/\\\/www.anc.cr\\\/#\\\/schema\\\/logo\\\/image\\\/\",\"url\":\"https:\\\/\\\/www.anc.cr\\\/wp-content\\\/uploads\\\/2024\\\/07\\\/Logo-ANC-CR.png\",\"contentUrl\":\"https:\\\/\\\/www.anc.cr\\\/wp-content\\\/uploads\\\/2024\\\/07\\\/Logo-ANC-CR.png\",\"width\":1051,\"height\":593,\"caption\":\"ANC\"},\"image\":{\"@id\":\"https:\\\/\\\/www.anc.cr\\\/#\\\/schema\\\/logo\\\/image\\\/\"}}]}<\/script>\n<!-- \/ Yoast SEO plugin. -->","yoast_head_json":{"title":"OWSD-Costa\u00a0Rica - ANC","robots":{"index":"index","follow":"follow","max-snippet":"max-snippet:-1","max-image-preview":"max-image-preview:large","max-video-preview":"max-video-preview:-1"},"canonical":"https:\/\/www.anc.cr\/en\/owsd-costa-rica\/","og_locale":"en_US","og_type":"article","og_title":"OWSD-Costa\u00a0Rica - ANC","og_description":"OWSD-COSTA RICA \u00bfQUI\u00c9NES SOMOS? El Cap\u00edtulo Nacional de la OWSD en Costa Rica fue fundado en 2024 y tiene su sede en la Academia Nacional de Ciencias de Costa Rica. Su principal objetivo es aumentar la visibilidad y el reconocimiento de las contribuciones de las mujeres cient\u00edficas al avance cient\u00edfico y tecnol\u00f3gico del pa\u00eds, dado [&hellip;]","og_url":"https:\/\/www.anc.cr\/en\/owsd-costa-rica\/","og_site_name":"ANC","article_modified_time":"2026-02-03T19:53:09+00:00","og_image":[{"width":2048,"height":1190,"url":"https:\/\/www.anc.cr\/wp-content\/uploads\/2026\/02\/624726377_1421765643069014_9084030760888893604_n-1.jpg","type":"image\/jpeg"}],"twitter_card":"summary_large_image","twitter_misc":{"Est. reading time":"5 minutes"},"schema":{"@context":"https:\/\/schema.org","@graph":[{"@type":"WebPage","@id":"https:\/\/www.anc.cr\/owsd-costa-rica\/","url":"https:\/\/www.anc.cr\/owsd-costa-rica\/","name":"OWSD-Costa\u00a0Rica - ANC","isPartOf":{"@id":"https:\/\/www.anc.cr\/#website"},"primaryImageOfPage":{"@id":"https:\/\/www.anc.cr\/owsd-costa-rica\/#primaryimage"},"image":{"@id":"https:\/\/www.anc.cr\/owsd-costa-rica\/#primaryimage"},"thumbnailUrl":"https:\/\/www.anc.cr\/wp-content\/uploads\/2026\/02\/624726377_1421765643069014_9084030760888893604_n-1.jpg","datePublished":"2024-07-10T05:16:45+00:00","dateModified":"2026-02-03T19:53:09+00:00","breadcrumb":{"@id":"https:\/\/www.anc.cr\/owsd-costa-rica\/#breadcrumb"},"inLanguage":"en-US","potentialAction":[{"@type":"ReadAction","target":["https:\/\/www.anc.cr\/owsd-costa-rica\/"]}]},{"@type":"ImageObject","inLanguage":"en-US","@id":"https:\/\/www.anc.cr\/owsd-costa-rica\/#primaryimage","url":"https:\/\/www.anc.cr\/wp-content\/uploads\/2026\/02\/624726377_1421765643069014_9084030760888893604_n-1.jpg","contentUrl":"https:\/\/www.anc.cr\/wp-content\/uploads\/2026\/02\/624726377_1421765643069014_9084030760888893604_n-1.jpg","width":2048,"height":1190},{"@type":"BreadcrumbList","@id":"https:\/\/www.anc.cr\/owsd-costa-rica\/#breadcrumb","itemListElement":[{"@type":"ListItem","position":1,"name":"Portada","item":"https:\/\/www.anc.cr\/"},{"@type":"ListItem","position":2,"name":"OWSD-Costa\u00a0Rica"}]},{"@type":"WebSite","@id":"https:\/\/www.anc.cr\/#website","url":"https:\/\/www.anc.cr\/","name":"ANC","description":"Academia Nacional de Ciencias","publisher":{"@id":"https:\/\/www.anc.cr\/#organization"},"potentialAction":[{"@type":"SearchAction","target":{"@type":"EntryPoint","urlTemplate":"https:\/\/www.anc.cr\/?s={search_term_string}"},"query-input":{"@type":"PropertyValueSpecification","valueRequired":true,"valueName":"search_term_string"}}],"inLanguage":"en-US"},{"@type":"Organization","@id":"https:\/\/www.anc.cr\/#organization","name":"ANC","url":"https:\/\/www.anc.cr\/","logo":{"@type":"ImageObject","inLanguage":"en-US","@id":"https:\/\/www.anc.cr\/#\/schema\/logo\/image\/","url":"https:\/\/www.anc.cr\/wp-content\/uploads\/2024\/07\/Logo-ANC-CR.png","contentUrl":"https:\/\/www.anc.cr\/wp-content\/uploads\/2024\/07\/Logo-ANC-CR.png","width":1051,"height":593,"caption":"ANC"},"image":{"@id":"https:\/\/www.anc.cr\/#\/schema\/logo\/image\/"}}]}},"_links":{"self":[{"href":"https:\/\/www.anc.cr\/en\/wp-json\/wp\/v2\/pages\/818","targetHints":{"allow":["GET"]}}],"collection":[{"href":"https:\/\/www.anc.cr\/en\/wp-json\/wp\/v2\/pages"}],"about":[{"href":"https:\/\/www.anc.cr\/en\/wp-json\/wp\/v2\/types\/page"}],"author":[{"embeddable":true,"href":"https:\/\/www.anc.cr\/en\/wp-json\/wp\/v2\/users\/1"}],"replies":[{"embeddable":true,"href":"https:\/\/www.anc.cr\/en\/wp-json\/wp\/v2\/comments?post=818"}],"version-history":[{"count":24,"href":"https:\/\/www.anc.cr\/en\/wp-json\/wp\/v2\/pages\/818\/revisions"}],"predecessor-version":[{"id":2922,"href":"https:\/\/www.anc.cr\/en\/wp-json\/wp\/v2\/pages\/818\/revisions\/2922"}],"wp:featuredmedia":[{"embeddable":true,"href":"https:\/\/www.anc.cr\/en\/wp-json\/wp\/v2\/media\/2914"}],"wp:attachment":[{"href":"https:\/\/www.anc.cr\/en\/wp-json\/wp\/v2\/media?parent=818"}],"curies":[{"name":"wp","href":"https:\/\/api.w.org\/{rel}","templated":true}]}}