{"id":691,"date":"2024-07-09T23:46:38","date_gmt":"2024-07-10T05:46:38","guid":{"rendered":"http:\/\/anc.local\/?page_id=691"},"modified":"2024-07-09T23:46:44","modified_gmt":"2024-07-10T05:46:44","slug":"leslie-r-holdridge-1907-1999","status":"publish","type":"page","link":"https:\/\/www.anc.cr\/en\/leslie-r-holdridge-1907-1999\/","title":{"rendered":"Leslie R. Holdridge (1907-1999)"},"content":{"rendered":"<div class=\"wp-block-group alignfull has-global-padding is-layout-constrained wp-container-core-group-is-layout-cb151cc7 wp-block-group-is-layout-constrained\" style=\"margin-top:0;margin-bottom:0;padding-top:0;padding-right:var(--wp--preset--spacing--50);padding-bottom:0;padding-left:var(--wp--preset--spacing--50)\">\n<div class=\"wp-block-columns alignwide are-vertically-aligned-center is-layout-flex wp-container-core-columns-is-layout-47c06fe3 wp-block-columns-is-layout-flex\">\n<div class=\"wp-block-column is-vertically-aligned-center is-layout-flow wp-block-column-is-layout-flow\" style=\"flex-basis:50%\">\n<h3 class=\"wp-block-heading has-x-large-font-size\">Leslie R. Holdridge (1907-1999)<\/h3>\n\n\n\n<p>Acad\u00e9mico Honorario<\/p>\n\n\n\n<ul class=\"wp-block-list\">\n<li>Profesor Honorario, Instituto Tecnol\u00f3gico de Costa Rica.<\/li>\n\n\n\n<li>Bachillerato en Ciencias Forestales, Universidad de Maine (1931).<\/li>\n\n\n\n<li>Maestr\u00eda en Bot\u00e1nica, Universidad de Michigan (1947).&nbsp;<\/li>\n\n\n\n<li>Doctorado, Ecolog\u00eda con \u00e9nfasis en Dendrolog\u00eda., Universidad de Michigan (1947).&nbsp;<\/li>\n<\/ul>\n<\/div>\n\n\n\n<div class=\"wp-block-column is-vertically-aligned-center is-layout-flow wp-block-column-is-layout-flow\" style=\"flex-basis:50%\"><figure style=\"width:500px;height:500px;\" class=\"wp-block-post-featured-image\"><img decoding=\"async\" width=\"233\" height=\"237\" src=\"https:\/\/www.anc.cr\/wp-content\/uploads\/2024\/07\/image-66.png\" class=\"attachment-post-thumbnail size-post-thumbnail wp-post-image\" alt=\"\" style=\"height:500px;object-fit:cover;\" \/><\/figure><\/div>\n<\/div>\n<\/div>\n\n\n\n<div style=\"height:10px\" aria-hidden=\"true\" class=\"wp-block-spacer\"><\/div>\n\n\n\n<hr class=\"wp-block-separator has-alpha-channel-opacity\"\/>\n\n\n\n<p>Leslie R. Holdrige enfoc\u00f3 su \u00e1rea de investigaci\u00f3n en la silvicultura, la ecolog\u00eda y la dendrolog\u00eda. Su aporte m\u00e1s conocido es el sistema de clasificaci\u00f3n de zonas de vida de Holdrige, con el cual se han elaborado mapas de casi todos los pa\u00edses latinoamericanos, y algunos pa\u00edses y regiones de Norteam\u00e9rica, \u00c1frica, Asia y Europa; el prop\u00f3sito del sistema es identificar los tipos de bosque del mundo.&nbsp;<\/p>\n\n\n\n<h3 class=\"wp-block-heading\">Ocup\u00f3 los siguientes cargos:&nbsp;&nbsp;<\/h3>\n\n\n\n<ul class=\"wp-block-list\">\n<li>Capataz de reforestaci\u00f3n, Kisatchie National Forest, Louisiana (Civilian Conservation Corps) (1933-1934)\u00a0<\/li>\n\n\n\n<li>Jefe del departamento de siembra, Caribbean National Forest, Puerto Rico (1935-1938)<\/li>\n\n\n\n<li>Silvicultor para el U. S Forestry Service, Puerto Rico (1938-1941)<\/li>\n\n\n\n<li>Director, Forestry Division, Soci\u00e9t\u00e9 Haitiano-Americaine Development Agricole (1941-1942, 1943-1946)<\/li>\n\n\n\n<li>Investigador de cinchona en Colombia y Guatemala (1942-1943, 1947-1949)<\/li>\n\n\n\n<li>Silvicultor y ecologista, Instituto Interamericano de Ciencias Agr\u00edcolas, Turrialba, Costa Rica (1949-1960) (decano de la escuela de posgrado, 1959-1960)<\/li>\n\n\n\n<li>Estableci\u00f3 la estaci\u00f3n de investigaci\u00f3n La Selva en Costa Rica (1954)<\/li>\n\n\n\n<li>Consultor ecol\u00f3gico privado (1961-1963)<\/li>\n\n\n\n<li>Miembro \u0093senior\u0094 del staff, Central American Field Program, Associated Colleges of the Midwest (1963-1967)<\/li>\n\n\n\n<li>Fue contratado como ecologista por el Centro Cient\u00edfico Tropical, San Jos\u00e9, Costa Rica (1967)<\/li>\n\n\n\n<li>Profesor de medio tiempo de ecolog\u00eda y dendrolog\u00eda, Instituto Tecnol\u00f3gico de Costa Rica (1978-1982).\u00a0<\/li>\n<\/ul>\n\n\n\n<h3 class=\"wp-block-heading\">Recibi\u00f3 los siguientes reconocimientos:&nbsp;&nbsp;<\/h3>\n\n\n\n<ul class=\"wp-block-list\">\n<li>Medalla Agr\u00edcola Interamericana del Instituto Interamericano de Ciencias Agr\u00edcolas de la OEA, San Jos\u00e9, Costa Rica (1969)<\/li>\n\n\n\n<li>Profesor Honorario del Instituto Tecnol\u00f3gico de Costa Rica (1990).\u00a0<\/li>\n\n\n\n<li>Adem\u00e1s es Miembro de la Asociaci\u00f3n Americana para los Avances Cient\u00edficos<\/li>\n\n\n\n<li>Miembro de la Asociaci\u00f3n para la Biolog\u00eda Tropical<\/li>\n\n\n\n<li>Miembro de la Sociedad Americana de Geograf\u00eda<\/li>\n\n\n\n<li>Miembro de la Sociedad de Helechos<\/li>\n\n\n\n<li>Miembro de la Sociedad Bot\u00e1nica<\/li>\n\n\n\n<li>Miembro de la Sociedad Internacional de Ecolog\u00eda Tropical<\/li>\n\n\n\n<li>Miembro de la Uni\u00f3n Dendrol\u00f3gica Internacional<\/li>\n\n\n\n<li>Miembro de la Sociedad Internacional de Forester\u00eda Tropical<\/li>\n\n\n\n<li>Miembro de la Academia de Ciencias de Nueva York; Miembro Honorario de la Academia Nacional de Ciencias de Costa Rica<\/li>\n\n\n\n<li>Miembro fundador del Centro Cient\u00edfico Tropical (1962).\u00a0<\/li>\n<\/ul>\n\n\n\n<h3 class=\"wp-block-heading\">Publicaciones representativas:&nbsp;<\/h3>\n\n\n\n<ul class=\"wp-block-list\">\n<li>Holdrige, L. R. (1959). Ecological Indications of the Need for a New Approach to Tropical Land Use. Economic Botany, Volume 13, Issue 4, pp. 271-280.<\/li>\n\n\n\n<li>Holdrige, L. R. (1961). Reproducci\u00f3n del curso de ecolog\u00eda vegetal. Ministerio de Agricultura y Cr\u00eda, San Jos\u00e9.<\/li>\n\n\n\n<li>Holdrige, L. R. (1963). A Unified hypothesis of the evolution of the universe and life. Centro Cient\u00edfico Tropical, San Jos\u00e9, Costa Rica.<\/li>\n\n\n\n<li>Holdrige, L. R. (1964). Life zone ecology. Centro Cient\u00edfico Tropical, San Jos\u00e9, Costa Rica.<\/li>\n\n\n\n<li>Holdrige, L. R. (1970). Quasi-Stellar objects in a cyclic universe. Centro Cient\u00edfico Tropical, San Jos\u00e9, Costa Rica.<\/li>\n\n\n\n<li>Holdrige, L. R. (1970). Manual de identificaci\u00f3n de los \u00e1rboles de Costa Rica. IICA, Turrialba, Costa Rica.<\/li>\n\n\n\n<li>Holdrige, L. R. (1971). Forest environments in tropical life zones: a pilot study. Pergamon Press, Oxford.<\/li>\n\n\n\n<li>Holdrige, L. R. (1978). Ecolog\u00eda basada en zonas de vida. Editorial IICA, San Jos\u00e9, Costa Rica.<\/li>\n\n\n\n<li>Holdrige, L. R. y Poveda, L. J. (1997). Arboles de Costa Rica. 2. edici\u00f3n, Centro Cient\u00edfico Tropical, San Jos\u00e9, Costa Rica.<\/li>\n\n\n\n<li>Tosi, J. A. y Holdrige, L. R. (1973). Potencial para la ordenaci\u00f3n-t\u00e9cnica del bosque natural de Costa Rica. Centro Cient\u00edfico Tropical, San Jos\u00e9, Costa Rica.<\/li>\n<\/ul>","protected":false},"excerpt":{"rendered":"<p>Leslie R. Holdridge (1907-1999) Acad\u00e9mico Honorario Leslie R. Holdrige enfoc\u00f3 su \u00e1rea de investigaci\u00f3n en la silvicultura, la ecolog\u00eda y la dendrolog\u00eda. Su aporte m\u00e1s conocido es el sistema de clasificaci\u00f3n de zonas de vida de Holdrige, con el cual se han elaborado mapas de casi todos los pa\u00edses latinoamericanos, y algunos pa\u00edses y regiones [&hellip;]<\/p>\n","protected":false},"author":1,"featured_media":867,"parent":0,"menu_order":0,"comment_status":"closed","ping_status":"closed","template":"","meta":{"footnotes":""},"class_list":["post-691","page","type-page","status-publish","has-post-thumbnail","hentry"],"yoast_head":"<!-- This site is optimized with the Yoast SEO plugin v27.3 - https:\/\/yoast.com\/product\/yoast-seo-wordpress\/ -->\n<title>Leslie R. Holdridge (1907-1999) - ANC<\/title>\n<meta name=\"robots\" content=\"index, follow, max-snippet:-1, max-image-preview:large, max-video-preview:-1\" \/>\n<link rel=\"canonical\" href=\"https:\/\/www.anc.cr\/en\/leslie-r-holdridge-1907-1999\/\" \/>\n<meta property=\"og:locale\" content=\"en_US\" \/>\n<meta property=\"og:type\" content=\"article\" \/>\n<meta property=\"og:title\" content=\"Leslie R. Holdridge (1907-1999) - ANC\" \/>\n<meta property=\"og:description\" content=\"Leslie R. Holdridge (1907-1999) Acad\u00e9mico Honorario Leslie R. Holdrige enfoc\u00f3 su \u00e1rea de investigaci\u00f3n en la silvicultura, la ecolog\u00eda y la dendrolog\u00eda. Su aporte m\u00e1s conocido es el sistema de clasificaci\u00f3n de zonas de vida de Holdrige, con el cual se han elaborado mapas de casi todos los pa\u00edses latinoamericanos, y algunos pa\u00edses y regiones [&hellip;]\" \/>\n<meta property=\"og:url\" content=\"https:\/\/www.anc.cr\/en\/leslie-r-holdridge-1907-1999\/\" \/>\n<meta property=\"og:site_name\" content=\"ANC\" \/>\n<meta property=\"article:modified_time\" content=\"2024-07-10T05:46:44+00:00\" \/>\n<meta property=\"og:image\" content=\"https:\/\/www.anc.cr\/wp-content\/uploads\/2024\/07\/image-66.png\" \/>\n\t<meta property=\"og:image:width\" content=\"233\" \/>\n\t<meta property=\"og:image:height\" content=\"237\" \/>\n\t<meta property=\"og:image:type\" content=\"image\/png\" \/>\n<meta name=\"twitter:card\" content=\"summary_large_image\" \/>\n<meta name=\"twitter:label1\" content=\"Est. reading time\" \/>\n\t<meta name=\"twitter:data1\" content=\"3 minutes\" \/>\n<script type=\"application\/ld+json\" class=\"yoast-schema-graph\">{\"@context\":\"https:\\\/\\\/schema.org\",\"@graph\":[{\"@type\":\"WebPage\",\"@id\":\"https:\\\/\\\/www.anc.cr\\\/leslie-r-holdridge-1907-1999\\\/\",\"url\":\"https:\\\/\\\/www.anc.cr\\\/leslie-r-holdridge-1907-1999\\\/\",\"name\":\"Leslie R. Holdridge (1907-1999) - ANC\",\"isPartOf\":{\"@id\":\"https:\\\/\\\/www.anc.cr\\\/#website\"},\"primaryImageOfPage\":{\"@id\":\"https:\\\/\\\/www.anc.cr\\\/leslie-r-holdridge-1907-1999\\\/#primaryimage\"},\"image\":{\"@id\":\"https:\\\/\\\/www.anc.cr\\\/leslie-r-holdridge-1907-1999\\\/#primaryimage\"},\"thumbnailUrl\":\"https:\\\/\\\/www.anc.cr\\\/wp-content\\\/uploads\\\/2024\\\/07\\\/image-66.png\",\"datePublished\":\"2024-07-10T05:46:38+00:00\",\"dateModified\":\"2024-07-10T05:46:44+00:00\",\"breadcrumb\":{\"@id\":\"https:\\\/\\\/www.anc.cr\\\/leslie-r-holdridge-1907-1999\\\/#breadcrumb\"},\"inLanguage\":\"en-US\",\"potentialAction\":[{\"@type\":\"ReadAction\",\"target\":[\"https:\\\/\\\/www.anc.cr\\\/leslie-r-holdridge-1907-1999\\\/\"]}]},{\"@type\":\"ImageObject\",\"inLanguage\":\"en-US\",\"@id\":\"https:\\\/\\\/www.anc.cr\\\/leslie-r-holdridge-1907-1999\\\/#primaryimage\",\"url\":\"https:\\\/\\\/www.anc.cr\\\/wp-content\\\/uploads\\\/2024\\\/07\\\/image-66.png\",\"contentUrl\":\"https:\\\/\\\/www.anc.cr\\\/wp-content\\\/uploads\\\/2024\\\/07\\\/image-66.png\",\"width\":233,\"height\":237},{\"@type\":\"BreadcrumbList\",\"@id\":\"https:\\\/\\\/www.anc.cr\\\/leslie-r-holdridge-1907-1999\\\/#breadcrumb\",\"itemListElement\":[{\"@type\":\"ListItem\",\"position\":1,\"name\":\"Portada\",\"item\":\"https:\\\/\\\/www.anc.cr\\\/\"},{\"@type\":\"ListItem\",\"position\":2,\"name\":\"Leslie R. Holdridge (1907-1999)\"}]},{\"@type\":\"WebSite\",\"@id\":\"https:\\\/\\\/www.anc.cr\\\/#website\",\"url\":\"https:\\\/\\\/www.anc.cr\\\/\",\"name\":\"ANC\",\"description\":\"Academia Nacional de Ciencias\",\"publisher\":{\"@id\":\"https:\\\/\\\/www.anc.cr\\\/#organization\"},\"potentialAction\":[{\"@type\":\"SearchAction\",\"target\":{\"@type\":\"EntryPoint\",\"urlTemplate\":\"https:\\\/\\\/www.anc.cr\\\/?s={search_term_string}\"},\"query-input\":{\"@type\":\"PropertyValueSpecification\",\"valueRequired\":true,\"valueName\":\"search_term_string\"}}],\"inLanguage\":\"en-US\"},{\"@type\":\"Organization\",\"@id\":\"https:\\\/\\\/www.anc.cr\\\/#organization\",\"name\":\"ANC\",\"url\":\"https:\\\/\\\/www.anc.cr\\\/\",\"logo\":{\"@type\":\"ImageObject\",\"inLanguage\":\"en-US\",\"@id\":\"https:\\\/\\\/www.anc.cr\\\/#\\\/schema\\\/logo\\\/image\\\/\",\"url\":\"https:\\\/\\\/www.anc.cr\\\/wp-content\\\/uploads\\\/2024\\\/07\\\/Logo-ANC-CR.png\",\"contentUrl\":\"https:\\\/\\\/www.anc.cr\\\/wp-content\\\/uploads\\\/2024\\\/07\\\/Logo-ANC-CR.png\",\"width\":1051,\"height\":593,\"caption\":\"ANC\"},\"image\":{\"@id\":\"https:\\\/\\\/www.anc.cr\\\/#\\\/schema\\\/logo\\\/image\\\/\"}}]}<\/script>\n<!-- \/ Yoast SEO plugin. -->","yoast_head_json":{"title":"Leslie R. Holdridge (1907-1999) - ANC","robots":{"index":"index","follow":"follow","max-snippet":"max-snippet:-1","max-image-preview":"max-image-preview:large","max-video-preview":"max-video-preview:-1"},"canonical":"https:\/\/www.anc.cr\/en\/leslie-r-holdridge-1907-1999\/","og_locale":"en_US","og_type":"article","og_title":"Leslie R. Holdridge (1907-1999) - ANC","og_description":"Leslie R. Holdridge (1907-1999) Acad\u00e9mico Honorario Leslie R. Holdrige enfoc\u00f3 su \u00e1rea de investigaci\u00f3n en la silvicultura, la ecolog\u00eda y la dendrolog\u00eda. Su aporte m\u00e1s conocido es el sistema de clasificaci\u00f3n de zonas de vida de Holdrige, con el cual se han elaborado mapas de casi todos los pa\u00edses latinoamericanos, y algunos pa\u00edses y regiones [&hellip;]","og_url":"https:\/\/www.anc.cr\/en\/leslie-r-holdridge-1907-1999\/","og_site_name":"ANC","article_modified_time":"2024-07-10T05:46:44+00:00","og_image":[{"width":233,"height":237,"url":"https:\/\/www.anc.cr\/wp-content\/uploads\/2024\/07\/image-66.png","type":"image\/png"}],"twitter_card":"summary_large_image","twitter_misc":{"Est. reading time":"3 minutes"},"schema":{"@context":"https:\/\/schema.org","@graph":[{"@type":"WebPage","@id":"https:\/\/www.anc.cr\/leslie-r-holdridge-1907-1999\/","url":"https:\/\/www.anc.cr\/leslie-r-holdridge-1907-1999\/","name":"Leslie R. Holdridge (1907-1999) - ANC","isPartOf":{"@id":"https:\/\/www.anc.cr\/#website"},"primaryImageOfPage":{"@id":"https:\/\/www.anc.cr\/leslie-r-holdridge-1907-1999\/#primaryimage"},"image":{"@id":"https:\/\/www.anc.cr\/leslie-r-holdridge-1907-1999\/#primaryimage"},"thumbnailUrl":"https:\/\/www.anc.cr\/wp-content\/uploads\/2024\/07\/image-66.png","datePublished":"2024-07-10T05:46:38+00:00","dateModified":"2024-07-10T05:46:44+00:00","breadcrumb":{"@id":"https:\/\/www.anc.cr\/leslie-r-holdridge-1907-1999\/#breadcrumb"},"inLanguage":"en-US","potentialAction":[{"@type":"ReadAction","target":["https:\/\/www.anc.cr\/leslie-r-holdridge-1907-1999\/"]}]},{"@type":"ImageObject","inLanguage":"en-US","@id":"https:\/\/www.anc.cr\/leslie-r-holdridge-1907-1999\/#primaryimage","url":"https:\/\/www.anc.cr\/wp-content\/uploads\/2024\/07\/image-66.png","contentUrl":"https:\/\/www.anc.cr\/wp-content\/uploads\/2024\/07\/image-66.png","width":233,"height":237},{"@type":"BreadcrumbList","@id":"https:\/\/www.anc.cr\/leslie-r-holdridge-1907-1999\/#breadcrumb","itemListElement":[{"@type":"ListItem","position":1,"name":"Portada","item":"https:\/\/www.anc.cr\/"},{"@type":"ListItem","position":2,"name":"Leslie R. Holdridge (1907-1999)"}]},{"@type":"WebSite","@id":"https:\/\/www.anc.cr\/#website","url":"https:\/\/www.anc.cr\/","name":"ANC","description":"Academia Nacional de Ciencias","publisher":{"@id":"https:\/\/www.anc.cr\/#organization"},"potentialAction":[{"@type":"SearchAction","target":{"@type":"EntryPoint","urlTemplate":"https:\/\/www.anc.cr\/?s={search_term_string}"},"query-input":{"@type":"PropertyValueSpecification","valueRequired":true,"valueName":"search_term_string"}}],"inLanguage":"en-US"},{"@type":"Organization","@id":"https:\/\/www.anc.cr\/#organization","name":"ANC","url":"https:\/\/www.anc.cr\/","logo":{"@type":"ImageObject","inLanguage":"en-US","@id":"https:\/\/www.anc.cr\/#\/schema\/logo\/image\/","url":"https:\/\/www.anc.cr\/wp-content\/uploads\/2024\/07\/Logo-ANC-CR.png","contentUrl":"https:\/\/www.anc.cr\/wp-content\/uploads\/2024\/07\/Logo-ANC-CR.png","width":1051,"height":593,"caption":"ANC"},"image":{"@id":"https:\/\/www.anc.cr\/#\/schema\/logo\/image\/"}}]}},"_links":{"self":[{"href":"https:\/\/www.anc.cr\/en\/wp-json\/wp\/v2\/pages\/691","targetHints":{"allow":["GET"]}}],"collection":[{"href":"https:\/\/www.anc.cr\/en\/wp-json\/wp\/v2\/pages"}],"about":[{"href":"https:\/\/www.anc.cr\/en\/wp-json\/wp\/v2\/types\/page"}],"author":[{"embeddable":true,"href":"https:\/\/www.anc.cr\/en\/wp-json\/wp\/v2\/users\/1"}],"replies":[{"embeddable":true,"href":"https:\/\/www.anc.cr\/en\/wp-json\/wp\/v2\/comments?post=691"}],"version-history":[{"count":1,"href":"https:\/\/www.anc.cr\/en\/wp-json\/wp\/v2\/pages\/691\/revisions"}],"predecessor-version":[{"id":880,"href":"https:\/\/www.anc.cr\/en\/wp-json\/wp\/v2\/pages\/691\/revisions\/880"}],"wp:featuredmedia":[{"embeddable":true,"href":"https:\/\/www.anc.cr\/en\/wp-json\/wp\/v2\/media\/867"}],"wp:attachment":[{"href":"https:\/\/www.anc.cr\/en\/wp-json\/wp\/v2\/media?parent=691"}],"curies":[{"name":"wp","href":"https:\/\/api.w.org\/{rel}","templated":true}]}}