{"id":653,"date":"2024-07-09T20:11:06","date_gmt":"2024-07-10T02:11:06","guid":{"rendered":"http:\/\/anc.local\/?page_id=653"},"modified":"2024-07-09T20:11:11","modified_gmt":"2024-07-10T02:11:11","slug":"mario-vargas-vargas","status":"publish","type":"page","link":"https:\/\/www.anc.cr\/en\/mario-vargas-vargas\/","title":{"rendered":"Mario Vargas Vargas"},"content":{"rendered":"<div class=\"wp-block-group alignfull has-global-padding is-layout-constrained wp-container-core-group-is-layout-cb151cc7 wp-block-group-is-layout-constrained\" style=\"margin-top:0;margin-bottom:0;padding-top:0;padding-right:var(--wp--preset--spacing--50);padding-bottom:0;padding-left:var(--wp--preset--spacing--50)\">\n<div class=\"wp-block-columns alignwide are-vertically-aligned-center is-layout-flex wp-container-core-columns-is-layout-47c06fe3 wp-block-columns-is-layout-flex\">\n<div class=\"wp-block-column is-vertically-aligned-center is-layout-flow wp-block-column-is-layout-flow\" style=\"flex-basis:50%\">\n<h3 class=\"wp-block-heading has-x-large-font-size\">Mario Vargas Vargas<\/h3>\n\n\n\n<p>Acad\u00e9mico Honorario<\/p>\n\n\n\n<p>Especialidad: Microbiolog\u00eda y Entomolog\u00eda&nbsp;<\/p>\n<\/div>\n\n\n\n<div class=\"wp-block-column is-vertically-aligned-center is-layout-flow wp-block-column-is-layout-flow\" style=\"flex-basis:50%\"><figure style=\"width:500px;height:500px;\" class=\"wp-block-post-featured-image\"><img decoding=\"async\" width=\"400\" height=\"400\" src=\"https:\/\/www.anc.cr\/wp-content\/uploads\/2024\/07\/image-45.png\" class=\"attachment-post-thumbnail size-post-thumbnail wp-post-image\" alt=\"\" style=\"height:500px;object-fit:cover;\" srcset=\"https:\/\/www.anc.cr\/wp-content\/uploads\/2024\/07\/image-45.png 400w, https:\/\/www.anc.cr\/wp-content\/uploads\/2024\/07\/image-45-300x300.png 300w, https:\/\/www.anc.cr\/wp-content\/uploads\/2024\/07\/image-45-150x150.png 150w\" sizes=\"(max-width: 400px) 100vw, 400px\" \/><\/figure><\/div>\n<\/div>\n<\/div>\n\n\n\n<div style=\"height:10px\" aria-hidden=\"true\" class=\"wp-block-spacer\"><\/div>\n\n\n\n<hr class=\"wp-block-separator has-alpha-channel-opacity\"\/>\n\n\n\n<p>Su especialidad est\u00e1 en el campo de Entomolog\u00eda M\u00e9dica y Taxonom\u00eda y ecolog\u00eda de Sim\u00falidos, mosquitos, Cucarachas, \u00c1caros y Garapatas. Catedr\u00e1tico e Investigador, Departamento de Parasitolog\u00eda, Facultad de Microbiolog\u00eda, U.C.R, trabajo para la Cooperaci\u00f3n Internacional, ICA, USA, Agencia para el Desarrollo Internacional, AID, USA y la Universidad de Costa Rica.&nbsp;<\/p>\n\n\n\n<p>Estudios realizados:&nbsp;<\/p>\n\n\n\n<p>Realiz\u00f3 estudios en la Secci\u00f3n de Bacteriolog\u00eda de la Facultad de Ciencias de la Universidad de Costa Rica. As\u00ed mismo llevo un curso de malaria y otras enfermedades metax\u00e9nicas en Maracay, Venezuela.&nbsp;<\/p>\n\n\n\n<p>Realiz\u00f3 investigaciones en el Departamento de Entomolog\u00eda en la Universidad de Cornell en Estados Unidos, adem\u00e1s realiz\u00f3 estudios en el departamento de zoolog\u00eda de la Universidad de Marylan en Estados Unidos. Obtuvo una maestr\u00eda en biolog\u00eda y un doctorado en ciencias en la Universidad de Costa Rica.&nbsp;<\/p>\n\n\n\n<p>Se ha desempe\u00f1ado en cargos como:&nbsp;<\/p>\n\n\n\n<ul class=\"wp-block-list\">\n<li>Miembro del Directorio del Consejo Estudiantil de la Universidad de Costa Rica<\/li>\n\n\n\n<li>Secretario de la Facultad de Microbiolog\u00eda<\/li>\n\n\n\n<li>Subdirector y Director del Departamento de Parasitolog\u00eda de la Facultad de Microbiolog\u00eda<\/li>\n\n\n\n<li>Coordinador del Programa de Posgrado en Microbiolog\u00eda, Parasitolog\u00eda y Qu\u00edmica Cl\u00ednica SEP, UCR<\/li>\n<\/ul>\n\n\n\n<ul class=\"wp-block-list\">\n<li><\/li>\n<\/ul>","protected":false},"excerpt":{"rendered":"<p>Mario Vargas Vargas Acad\u00e9mico Honorario Especialidad: Microbiolog\u00eda y Entomolog\u00eda&nbsp; Su especialidad est\u00e1 en el campo de Entomolog\u00eda M\u00e9dica y Taxonom\u00eda y ecolog\u00eda de Sim\u00falidos, mosquitos, Cucarachas, \u00c1caros y Garapatas. Catedr\u00e1tico e Investigador, Departamento de Parasitolog\u00eda, Facultad de Microbiolog\u00eda, U.C.R, trabajo para la Cooperaci\u00f3n Internacional, ICA, USA, Agencia para el Desarrollo Internacional, AID, USA y la [&hellip;]<\/p>\n","protected":false},"author":1,"featured_media":662,"parent":0,"menu_order":0,"comment_status":"closed","ping_status":"closed","template":"","meta":{"footnotes":""},"class_list":["post-653","page","type-page","status-publish","has-post-thumbnail","hentry"],"yoast_head":"<!-- This site is optimized with the Yoast SEO plugin v27.3 - https:\/\/yoast.com\/product\/yoast-seo-wordpress\/ -->\n<title>Mario Vargas Vargas - ANC<\/title>\n<meta name=\"robots\" content=\"index, follow, max-snippet:-1, max-image-preview:large, max-video-preview:-1\" \/>\n<link rel=\"canonical\" href=\"https:\/\/www.anc.cr\/en\/mario-vargas-vargas\/\" \/>\n<meta property=\"og:locale\" content=\"en_US\" \/>\n<meta property=\"og:type\" content=\"article\" \/>\n<meta property=\"og:title\" content=\"Mario Vargas Vargas - ANC\" \/>\n<meta property=\"og:description\" content=\"Mario Vargas Vargas Acad\u00e9mico Honorario Especialidad: Microbiolog\u00eda y Entomolog\u00eda&nbsp; Su especialidad est\u00e1 en el campo de Entomolog\u00eda M\u00e9dica y Taxonom\u00eda y ecolog\u00eda de Sim\u00falidos, mosquitos, Cucarachas, \u00c1caros y Garapatas. Catedr\u00e1tico e Investigador, Departamento de Parasitolog\u00eda, Facultad de Microbiolog\u00eda, U.C.R, trabajo para la Cooperaci\u00f3n Internacional, ICA, USA, Agencia para el Desarrollo Internacional, AID, USA y la [&hellip;]\" \/>\n<meta property=\"og:url\" content=\"https:\/\/www.anc.cr\/en\/mario-vargas-vargas\/\" \/>\n<meta property=\"og:site_name\" content=\"ANC\" \/>\n<meta property=\"article:modified_time\" content=\"2024-07-10T02:11:11+00:00\" \/>\n<meta property=\"og:image\" content=\"https:\/\/www.anc.cr\/wp-content\/uploads\/2024\/07\/image-45.png\" \/>\n\t<meta property=\"og:image:width\" content=\"400\" \/>\n\t<meta property=\"og:image:height\" content=\"400\" \/>\n\t<meta property=\"og:image:type\" content=\"image\/png\" \/>\n<meta name=\"twitter:card\" content=\"summary_large_image\" \/>\n<meta name=\"twitter:label1\" content=\"Est. reading time\" \/>\n\t<meta name=\"twitter:data1\" content=\"1 minute\" \/>\n<script type=\"application\/ld+json\" class=\"yoast-schema-graph\">{\"@context\":\"https:\\\/\\\/schema.org\",\"@graph\":[{\"@type\":\"WebPage\",\"@id\":\"https:\\\/\\\/www.anc.cr\\\/mario-vargas-vargas\\\/\",\"url\":\"https:\\\/\\\/www.anc.cr\\\/mario-vargas-vargas\\\/\",\"name\":\"Mario Vargas Vargas - ANC\",\"isPartOf\":{\"@id\":\"https:\\\/\\\/www.anc.cr\\\/#website\"},\"primaryImageOfPage\":{\"@id\":\"https:\\\/\\\/www.anc.cr\\\/mario-vargas-vargas\\\/#primaryimage\"},\"image\":{\"@id\":\"https:\\\/\\\/www.anc.cr\\\/mario-vargas-vargas\\\/#primaryimage\"},\"thumbnailUrl\":\"https:\\\/\\\/www.anc.cr\\\/wp-content\\\/uploads\\\/2024\\\/07\\\/image-45.png\",\"datePublished\":\"2024-07-10T02:11:06+00:00\",\"dateModified\":\"2024-07-10T02:11:11+00:00\",\"breadcrumb\":{\"@id\":\"https:\\\/\\\/www.anc.cr\\\/mario-vargas-vargas\\\/#breadcrumb\"},\"inLanguage\":\"en-US\",\"potentialAction\":[{\"@type\":\"ReadAction\",\"target\":[\"https:\\\/\\\/www.anc.cr\\\/mario-vargas-vargas\\\/\"]}]},{\"@type\":\"ImageObject\",\"inLanguage\":\"en-US\",\"@id\":\"https:\\\/\\\/www.anc.cr\\\/mario-vargas-vargas\\\/#primaryimage\",\"url\":\"https:\\\/\\\/www.anc.cr\\\/wp-content\\\/uploads\\\/2024\\\/07\\\/image-45.png\",\"contentUrl\":\"https:\\\/\\\/www.anc.cr\\\/wp-content\\\/uploads\\\/2024\\\/07\\\/image-45.png\",\"width\":400,\"height\":400},{\"@type\":\"BreadcrumbList\",\"@id\":\"https:\\\/\\\/www.anc.cr\\\/mario-vargas-vargas\\\/#breadcrumb\",\"itemListElement\":[{\"@type\":\"ListItem\",\"position\":1,\"name\":\"Portada\",\"item\":\"https:\\\/\\\/www.anc.cr\\\/\"},{\"@type\":\"ListItem\",\"position\":2,\"name\":\"Mario Vargas Vargas\"}]},{\"@type\":\"WebSite\",\"@id\":\"https:\\\/\\\/www.anc.cr\\\/#website\",\"url\":\"https:\\\/\\\/www.anc.cr\\\/\",\"name\":\"ANC\",\"description\":\"Academia Nacional de Ciencias\",\"publisher\":{\"@id\":\"https:\\\/\\\/www.anc.cr\\\/#organization\"},\"potentialAction\":[{\"@type\":\"SearchAction\",\"target\":{\"@type\":\"EntryPoint\",\"urlTemplate\":\"https:\\\/\\\/www.anc.cr\\\/?s={search_term_string}\"},\"query-input\":{\"@type\":\"PropertyValueSpecification\",\"valueRequired\":true,\"valueName\":\"search_term_string\"}}],\"inLanguage\":\"en-US\"},{\"@type\":\"Organization\",\"@id\":\"https:\\\/\\\/www.anc.cr\\\/#organization\",\"name\":\"ANC\",\"url\":\"https:\\\/\\\/www.anc.cr\\\/\",\"logo\":{\"@type\":\"ImageObject\",\"inLanguage\":\"en-US\",\"@id\":\"https:\\\/\\\/www.anc.cr\\\/#\\\/schema\\\/logo\\\/image\\\/\",\"url\":\"https:\\\/\\\/www.anc.cr\\\/wp-content\\\/uploads\\\/2024\\\/07\\\/Logo-ANC-CR.png\",\"contentUrl\":\"https:\\\/\\\/www.anc.cr\\\/wp-content\\\/uploads\\\/2024\\\/07\\\/Logo-ANC-CR.png\",\"width\":1051,\"height\":593,\"caption\":\"ANC\"},\"image\":{\"@id\":\"https:\\\/\\\/www.anc.cr\\\/#\\\/schema\\\/logo\\\/image\\\/\"}}]}<\/script>\n<!-- \/ Yoast SEO plugin. -->","yoast_head_json":{"title":"Mario Vargas Vargas - ANC","robots":{"index":"index","follow":"follow","max-snippet":"max-snippet:-1","max-image-preview":"max-image-preview:large","max-video-preview":"max-video-preview:-1"},"canonical":"https:\/\/www.anc.cr\/en\/mario-vargas-vargas\/","og_locale":"en_US","og_type":"article","og_title":"Mario Vargas Vargas - ANC","og_description":"Mario Vargas Vargas Acad\u00e9mico Honorario Especialidad: Microbiolog\u00eda y Entomolog\u00eda&nbsp; Su especialidad est\u00e1 en el campo de Entomolog\u00eda M\u00e9dica y Taxonom\u00eda y ecolog\u00eda de Sim\u00falidos, mosquitos, Cucarachas, \u00c1caros y Garapatas. Catedr\u00e1tico e Investigador, Departamento de Parasitolog\u00eda, Facultad de Microbiolog\u00eda, U.C.R, trabajo para la Cooperaci\u00f3n Internacional, ICA, USA, Agencia para el Desarrollo Internacional, AID, USA y la [&hellip;]","og_url":"https:\/\/www.anc.cr\/en\/mario-vargas-vargas\/","og_site_name":"ANC","article_modified_time":"2024-07-10T02:11:11+00:00","og_image":[{"width":400,"height":400,"url":"https:\/\/www.anc.cr\/wp-content\/uploads\/2024\/07\/image-45.png","type":"image\/png"}],"twitter_card":"summary_large_image","twitter_misc":{"Est. reading time":"1 minute"},"schema":{"@context":"https:\/\/schema.org","@graph":[{"@type":"WebPage","@id":"https:\/\/www.anc.cr\/mario-vargas-vargas\/","url":"https:\/\/www.anc.cr\/mario-vargas-vargas\/","name":"Mario Vargas Vargas - ANC","isPartOf":{"@id":"https:\/\/www.anc.cr\/#website"},"primaryImageOfPage":{"@id":"https:\/\/www.anc.cr\/mario-vargas-vargas\/#primaryimage"},"image":{"@id":"https:\/\/www.anc.cr\/mario-vargas-vargas\/#primaryimage"},"thumbnailUrl":"https:\/\/www.anc.cr\/wp-content\/uploads\/2024\/07\/image-45.png","datePublished":"2024-07-10T02:11:06+00:00","dateModified":"2024-07-10T02:11:11+00:00","breadcrumb":{"@id":"https:\/\/www.anc.cr\/mario-vargas-vargas\/#breadcrumb"},"inLanguage":"en-US","potentialAction":[{"@type":"ReadAction","target":["https:\/\/www.anc.cr\/mario-vargas-vargas\/"]}]},{"@type":"ImageObject","inLanguage":"en-US","@id":"https:\/\/www.anc.cr\/mario-vargas-vargas\/#primaryimage","url":"https:\/\/www.anc.cr\/wp-content\/uploads\/2024\/07\/image-45.png","contentUrl":"https:\/\/www.anc.cr\/wp-content\/uploads\/2024\/07\/image-45.png","width":400,"height":400},{"@type":"BreadcrumbList","@id":"https:\/\/www.anc.cr\/mario-vargas-vargas\/#breadcrumb","itemListElement":[{"@type":"ListItem","position":1,"name":"Portada","item":"https:\/\/www.anc.cr\/"},{"@type":"ListItem","position":2,"name":"Mario Vargas Vargas"}]},{"@type":"WebSite","@id":"https:\/\/www.anc.cr\/#website","url":"https:\/\/www.anc.cr\/","name":"ANC","description":"Academia Nacional de Ciencias","publisher":{"@id":"https:\/\/www.anc.cr\/#organization"},"potentialAction":[{"@type":"SearchAction","target":{"@type":"EntryPoint","urlTemplate":"https:\/\/www.anc.cr\/?s={search_term_string}"},"query-input":{"@type":"PropertyValueSpecification","valueRequired":true,"valueName":"search_term_string"}}],"inLanguage":"en-US"},{"@type":"Organization","@id":"https:\/\/www.anc.cr\/#organization","name":"ANC","url":"https:\/\/www.anc.cr\/","logo":{"@type":"ImageObject","inLanguage":"en-US","@id":"https:\/\/www.anc.cr\/#\/schema\/logo\/image\/","url":"https:\/\/www.anc.cr\/wp-content\/uploads\/2024\/07\/Logo-ANC-CR.png","contentUrl":"https:\/\/www.anc.cr\/wp-content\/uploads\/2024\/07\/Logo-ANC-CR.png","width":1051,"height":593,"caption":"ANC"},"image":{"@id":"https:\/\/www.anc.cr\/#\/schema\/logo\/image\/"}}]}},"_links":{"self":[{"href":"https:\/\/www.anc.cr\/en\/wp-json\/wp\/v2\/pages\/653","targetHints":{"allow":["GET"]}}],"collection":[{"href":"https:\/\/www.anc.cr\/en\/wp-json\/wp\/v2\/pages"}],"about":[{"href":"https:\/\/www.anc.cr\/en\/wp-json\/wp\/v2\/types\/page"}],"author":[{"embeddable":true,"href":"https:\/\/www.anc.cr\/en\/wp-json\/wp\/v2\/users\/1"}],"replies":[{"embeddable":true,"href":"https:\/\/www.anc.cr\/en\/wp-json\/wp\/v2\/comments?post=653"}],"version-history":[{"count":1,"href":"https:\/\/www.anc.cr\/en\/wp-json\/wp\/v2\/pages\/653\/revisions"}],"predecessor-version":[{"id":669,"href":"https:\/\/www.anc.cr\/en\/wp-json\/wp\/v2\/pages\/653\/revisions\/669"}],"wp:featuredmedia":[{"embeddable":true,"href":"https:\/\/www.anc.cr\/en\/wp-json\/wp\/v2\/media\/662"}],"wp:attachment":[{"href":"https:\/\/www.anc.cr\/en\/wp-json\/wp\/v2\/media?parent=653"}],"curies":[{"name":"wp","href":"https:\/\/api.w.org\/{rel}","templated":true}]}}