{"id":652,"date":"2024-07-09T20:10:08","date_gmt":"2024-07-10T02:10:08","guid":{"rendered":"http:\/\/anc.local\/?page_id=652"},"modified":"2024-07-09T20:10:13","modified_gmt":"2024-07-10T02:10:13","slug":"jay-savage","status":"publish","type":"page","link":"https:\/\/www.anc.cr\/en\/jay-savage\/","title":{"rendered":"Jay Savage"},"content":{"rendered":"<div class=\"wp-block-group alignfull has-global-padding is-layout-constrained wp-container-core-group-is-layout-cb151cc7 wp-block-group-is-layout-constrained\" style=\"margin-top:0;margin-bottom:0;padding-top:0;padding-right:var(--wp--preset--spacing--50);padding-bottom:0;padding-left:var(--wp--preset--spacing--50)\">\n<div class=\"wp-block-columns alignwide are-vertically-aligned-center is-layout-flex wp-container-core-columns-is-layout-47c06fe3 wp-block-columns-is-layout-flex\">\n<div class=\"wp-block-column is-vertically-aligned-center is-layout-flow wp-block-column-is-layout-flow\" style=\"flex-basis:50%\">\n<h3 class=\"wp-block-heading has-x-large-font-size\">Jay Savage<\/h3>\n\n\n\n<p>Acad\u00e9mico Honorario<\/p>\n\n\n\n<ul class=\"wp-block-list\">\n<li>Profesor, Department of Biology, University of Miami, Coral Gables, Florida.<\/li>\n\n\n\n<li>A.B., Biological Sciences, Standford University (1950).&nbsp;<\/li>\n\n\n\n<li>M.A., Biological Sciences, Standford University (1954).&nbsp;<\/li>\n\n\n\n<li>Ph.D., Biological Sciences, Standford University (1955).&nbsp;<\/li>\n<\/ul>\n<\/div>\n\n\n\n<div class=\"wp-block-column is-vertically-aligned-center is-layout-flow wp-block-column-is-layout-flow\" style=\"flex-basis:50%\"><figure style=\"width:500px;height:500px;\" class=\"wp-block-post-featured-image\"><img decoding=\"async\" width=\"296\" height=\"278\" src=\"https:\/\/www.anc.cr\/wp-content\/uploads\/2024\/07\/image-44.png\" class=\"attachment-post-thumbnail size-post-thumbnail wp-post-image\" alt=\"\" style=\"height:500px;object-fit:cover;\" \/><\/figure><\/div>\n<\/div>\n<\/div>\n\n\n\n<div style=\"height:10px\" aria-hidden=\"true\" class=\"wp-block-spacer\"><\/div>\n\n\n\n<hr class=\"wp-block-separator has-alpha-channel-opacity\"\/>\n\n\n\n<p>Jay M. Savage ha contribuido significativamente al conocimiento de Centroam\u00e9rica, especialmente la herpetofauna de Costa Rica. \u00c9l public\u00f3 claves para la herpetofauna de Costa Rica (con Jaime Villa), describi\u00f3 15 nuevas especies de anfibios y reptiles de Costa Rica, y desarroll\u00f3 teor\u00edas biogeogr\u00e1ficas para explicar los patrones de distribuci\u00f3n de plantas y animales que se encuentran dentro de la rep\u00fablica. Actualmente, est\u00e1 terminando un proyecto a largo plazo, un libro sobre los anfibios y reptiles de Costa Rica.&nbsp;<\/p>\n\n\n\n<h3 class=\"wp-block-heading\">Ha ocupado los siguientes cargos:&nbsp;&nbsp;<\/h3>\n\n\n\n<ul class=\"wp-block-list\">\n<li>Profesor de Biolog\u00eda, Department of Biology, University of Miami, Coral Gables, Florida (1987- )<\/li>\n\n\n\n<li>Profesor de Biolog\u00eda, y Presidente, Department of Biology, University of Miami, Coral Gables, Florida (1982-87)<\/li>\n\n\n\n<li>Director Interino, School of International Relations, University of Southern California, Los Angeles, California (1979-81)<\/li>\n\n\n\n<li>Director de Investigaci\u00f3n, Evolutionary and Ecological Biology Section, University of Southern California, Los Angeles, California (1977-82)<\/li>\n\n\n\n<li>Director Asociado, Allan Hancock Foundation, University of Southern California, Los Angeles, California (1964-82)<\/li>\n\n\n\n<li>Profesor de Biolog\u00eda, University of Southern California, Los Angeles, California (1964-82)<\/li>\n\n\n\n<li>Profesor Asociado en Biolog\u00eda, University of Southern California, Los Angeles, California (1959-64)<\/li>\n\n\n\n<li>Profesor Asistente en Biolog\u00eda, University of Southern California, Los Angeles, California (1957-59)<\/li>\n\n\n\n<li>Instructor en Biolog\u00eda, University of Southern California, Los Angeles, California (1956-57)<\/li>\n\n\n\n<li>Profesor Asistente en Zoolog\u00eda, Pomona College, Claremont, California (1954-56)<\/li>\n\n\n\n<li>Curador Asistente de Herpetolog\u00eda, Academy of Natural Sciences of Philadelphia in charge of renovation and reorganization of collections (1954)<\/li>\n\n\n\n<li>Asistente de Docencia en Anatom\u00eda Comparada de Vertebrados y Embriolog\u00eda Comparada de Vertebrados, Stanford University (1954)<\/li>\n\n\n\n<li>Asistente de Investigaci\u00f3n, Natural History Museum, Stanford University (1953)<\/li>\n\n\n\n<li>Miembro del Zoological Fund Drive Committee (Stanford Natural History Museum)<\/li>\n\n\n\n<li>Supervisor de equipos comprometidos en la renovaci\u00f3n y reorganizaci\u00f3n de las colecciones herpetol\u00f3gica e ictiol\u00f3gica (1953)<\/li>\n\n\n\n<li>Asistente Curatorial para las Beebe Deep Sea Expeditions, Stanford University (1952)<\/li>\n\n\n\n<li>Herpet\u00f3logo, Expedici\u00f3n al Golfo de California, Sefton Foundation, Stanford University (1953) (tres meses); Fisheries Biologist, U. S. and Wildlife Service, Stanford (1951) (tres meses)\u00a0<\/li>\n\n\n\n<li>Asistente de Docencia en Biolog\u00eda General, Stanford University (1950-1953)\u00a0\u00a0\u00a0<\/li>\n<\/ul>\n\n\n\n<h3 class=\"wp-block-heading\">Adem\u00e1s, ha formado parte de varias organizaciones tales como:&nbsp;&nbsp;<\/h3>\n\n\n\n<ul class=\"wp-block-list\">\n<li>American Association for the Advancemente of Science \u0096 Miembro del Western Division Council (1958-1960)<\/li>\n\n\n\n<li>Miembro, Faculty Senate Athletic Committee (1990-1991)<\/li>\n\n\n\n<li>Miembro, Graduate Council (1991- )<\/li>\n\n\n\n<li>Miembro, Committee to Establish Program in Environmental Science (1991-1992)<\/li>\n\n\n\n<li>Miembro, Latin American Studies Committee (1991- )<\/li>\n\n\n\n<li>Miembro, National Academy of Science Committee on Biodiversity<\/li>\n\n\n\n<li>Miembro Honorario, Academia Nacional de Ciencias de Costa Rica, entre otras.\u00a0<\/li>\n<\/ul>\n\n\n\n<h3 class=\"wp-block-heading\">Entre los reconocimientos que se le ha otorgado est\u00e1n:&nbsp;&nbsp;<\/h3>\n\n\n\n<ul class=\"wp-block-list\">\n<li>Cient\u00edfico del A\u00f1o, University of Miami Chapter of the Sigma Xi (1992)<\/li>\n\n\n\n<li>Investigador Asociado en Herpetolog\u00eda e Ictiolog\u00eda, American Museum of Natural History (1991)<\/li>\n\n\n\n<li>Fellow, American Association for the Advancement of Science (1990)<\/li>\n\n\n\n<li>Herpet\u00f3logo Distinguido para 1986, Herpetologists League (1986)<\/li>\n\n\n\n<li>Profesor Honorario de Biolog\u00eda, Universidad de Costa Rica (1963-1965)\u00a0<\/li>\n<\/ul>\n\n\n\n<h3 class=\"wp-block-heading\">Publicaciones representativas:&nbsp;<\/h3>\n\n\n\n<ul class=\"wp-block-list\">\n<li>Savage, J.M. 1981 Evoluci\u00f3n. Third Spanish edition, Compania Editorial Continental, S. A., Mexico, 1-198.<\/li>\n\n\n\n<li>Savage, J.M. 1986 An Introduction to the herpetofauna of Costa Rica. Contr. Herp. Soc. Stud. Amph. Rept.,:1-207 (with Jaime Villa).<\/li>\n\n\n\n<li>Savage, J.M. 1990 Zoogeography. McGraw-Hill Encyclopedia of Science and Technology. 7th ed. 19:636-641.<\/li>\n\n\n\n<li>Savage, J.M. 1990 Meetings of the International Commission on Zoological Nomencalture. Sys. Zool. 39(4): 424-425.<\/li>\n\n\n\n<li>Savage, J.M. 1992 Lista reptiles y anfibios. In D.H. Janzen, ed. Historia Natural de Costa Rica. San Jos\u00e9: Ed. Univ. Costa Rica: 372-379. (Scott, N.J., D.C. Robinson and J.M. Savage).<\/li>\n\n\n\n<li>Savage, J.M. 1993 Herpetofauna Mexicana by Oscar Flores-Villela, (Book Review). ASC Newsletter 21(3):38.<\/li>\n\n\n\n<li>Savage, J.M. 1997 On the terminology for the description of the hemipenes of squamate reptiles. Herp. Journal 7(1):23-25.<\/li>\n\n\n\n<li>Savage, J.M. 1997 A new species of rainfrog of the Eleutherodactylus diastema group from the Alta Talamanca region of Costa Rica. Amph.-Rept. 18(3):241-247.<\/li>\n\n\n\n<li>Savage, J.M. 1997 Digital webbing formulae for Anurans: a refinement. Herp. Rev. 28(3):131 (Savage, J.M. and W.R. Heyer).<\/li>\n\n\n\n<li>Savage, J.M. 1997 Tests of null models for amphibian declines on a tropical mountain. Cons. Biol. 11(6):1272-1289 (Pounds, J.A., M.P. Fogden, J.M. Savage and G.C. Gorman).<\/li>\n<\/ul>","protected":false},"excerpt":{"rendered":"<p>Jay Savage Acad\u00e9mico Honorario Jay M. Savage ha contribuido significativamente al conocimiento de Centroam\u00e9rica, especialmente la herpetofauna de Costa Rica. \u00c9l public\u00f3 claves para la herpetofauna de Costa Rica (con Jaime Villa), describi\u00f3 15 nuevas especies de anfibios y reptiles de Costa Rica, y desarroll\u00f3 teor\u00edas biogeogr\u00e1ficas para explicar los patrones de distribuci\u00f3n de plantas [&hellip;]<\/p>\n","protected":false},"author":1,"featured_media":661,"parent":0,"menu_order":0,"comment_status":"closed","ping_status":"closed","template":"","meta":{"footnotes":""},"class_list":["post-652","page","type-page","status-publish","has-post-thumbnail","hentry"],"yoast_head":"<!-- This site is optimized with the Yoast SEO plugin v27.3 - https:\/\/yoast.com\/product\/yoast-seo-wordpress\/ -->\n<title>Jay Savage - ANC<\/title>\n<meta name=\"robots\" content=\"index, follow, max-snippet:-1, max-image-preview:large, max-video-preview:-1\" \/>\n<link rel=\"canonical\" href=\"https:\/\/www.anc.cr\/en\/jay-savage\/\" \/>\n<meta property=\"og:locale\" content=\"en_US\" \/>\n<meta property=\"og:type\" content=\"article\" \/>\n<meta property=\"og:title\" content=\"Jay Savage - ANC\" \/>\n<meta property=\"og:description\" content=\"Jay Savage Acad\u00e9mico Honorario Jay M. Savage ha contribuido significativamente al conocimiento de Centroam\u00e9rica, especialmente la herpetofauna de Costa Rica. \u00c9l public\u00f3 claves para la herpetofauna de Costa Rica (con Jaime Villa), describi\u00f3 15 nuevas especies de anfibios y reptiles de Costa Rica, y desarroll\u00f3 teor\u00edas biogeogr\u00e1ficas para explicar los patrones de distribuci\u00f3n de plantas [&hellip;]\" \/>\n<meta property=\"og:url\" content=\"https:\/\/www.anc.cr\/en\/jay-savage\/\" \/>\n<meta property=\"og:site_name\" content=\"ANC\" \/>\n<meta property=\"article:modified_time\" content=\"2024-07-10T02:10:13+00:00\" \/>\n<meta property=\"og:image\" content=\"https:\/\/www.anc.cr\/wp-content\/uploads\/2024\/07\/image-44.png\" \/>\n\t<meta property=\"og:image:width\" content=\"296\" \/>\n\t<meta property=\"og:image:height\" content=\"278\" \/>\n\t<meta property=\"og:image:type\" content=\"image\/png\" \/>\n<meta name=\"twitter:card\" content=\"summary_large_image\" \/>\n<meta name=\"twitter:label1\" content=\"Est. reading time\" \/>\n\t<meta name=\"twitter:data1\" content=\"4 minutes\" \/>\n<script type=\"application\/ld+json\" class=\"yoast-schema-graph\">{\"@context\":\"https:\\\/\\\/schema.org\",\"@graph\":[{\"@type\":\"WebPage\",\"@id\":\"https:\\\/\\\/www.anc.cr\\\/jay-savage\\\/\",\"url\":\"https:\\\/\\\/www.anc.cr\\\/jay-savage\\\/\",\"name\":\"Jay Savage - ANC\",\"isPartOf\":{\"@id\":\"https:\\\/\\\/www.anc.cr\\\/#website\"},\"primaryImageOfPage\":{\"@id\":\"https:\\\/\\\/www.anc.cr\\\/jay-savage\\\/#primaryimage\"},\"image\":{\"@id\":\"https:\\\/\\\/www.anc.cr\\\/jay-savage\\\/#primaryimage\"},\"thumbnailUrl\":\"https:\\\/\\\/www.anc.cr\\\/wp-content\\\/uploads\\\/2024\\\/07\\\/image-44.png\",\"datePublished\":\"2024-07-10T02:10:08+00:00\",\"dateModified\":\"2024-07-10T02:10:13+00:00\",\"breadcrumb\":{\"@id\":\"https:\\\/\\\/www.anc.cr\\\/jay-savage\\\/#breadcrumb\"},\"inLanguage\":\"en-US\",\"potentialAction\":[{\"@type\":\"ReadAction\",\"target\":[\"https:\\\/\\\/www.anc.cr\\\/jay-savage\\\/\"]}]},{\"@type\":\"ImageObject\",\"inLanguage\":\"en-US\",\"@id\":\"https:\\\/\\\/www.anc.cr\\\/jay-savage\\\/#primaryimage\",\"url\":\"https:\\\/\\\/www.anc.cr\\\/wp-content\\\/uploads\\\/2024\\\/07\\\/image-44.png\",\"contentUrl\":\"https:\\\/\\\/www.anc.cr\\\/wp-content\\\/uploads\\\/2024\\\/07\\\/image-44.png\",\"width\":296,\"height\":278},{\"@type\":\"BreadcrumbList\",\"@id\":\"https:\\\/\\\/www.anc.cr\\\/jay-savage\\\/#breadcrumb\",\"itemListElement\":[{\"@type\":\"ListItem\",\"position\":1,\"name\":\"Portada\",\"item\":\"https:\\\/\\\/www.anc.cr\\\/\"},{\"@type\":\"ListItem\",\"position\":2,\"name\":\"Jay Savage\"}]},{\"@type\":\"WebSite\",\"@id\":\"https:\\\/\\\/www.anc.cr\\\/#website\",\"url\":\"https:\\\/\\\/www.anc.cr\\\/\",\"name\":\"ANC\",\"description\":\"Academia Nacional de Ciencias\",\"publisher\":{\"@id\":\"https:\\\/\\\/www.anc.cr\\\/#organization\"},\"potentialAction\":[{\"@type\":\"SearchAction\",\"target\":{\"@type\":\"EntryPoint\",\"urlTemplate\":\"https:\\\/\\\/www.anc.cr\\\/?s={search_term_string}\"},\"query-input\":{\"@type\":\"PropertyValueSpecification\",\"valueRequired\":true,\"valueName\":\"search_term_string\"}}],\"inLanguage\":\"en-US\"},{\"@type\":\"Organization\",\"@id\":\"https:\\\/\\\/www.anc.cr\\\/#organization\",\"name\":\"ANC\",\"url\":\"https:\\\/\\\/www.anc.cr\\\/\",\"logo\":{\"@type\":\"ImageObject\",\"inLanguage\":\"en-US\",\"@id\":\"https:\\\/\\\/www.anc.cr\\\/#\\\/schema\\\/logo\\\/image\\\/\",\"url\":\"https:\\\/\\\/www.anc.cr\\\/wp-content\\\/uploads\\\/2024\\\/07\\\/Logo-ANC-CR.png\",\"contentUrl\":\"https:\\\/\\\/www.anc.cr\\\/wp-content\\\/uploads\\\/2024\\\/07\\\/Logo-ANC-CR.png\",\"width\":1051,\"height\":593,\"caption\":\"ANC\"},\"image\":{\"@id\":\"https:\\\/\\\/www.anc.cr\\\/#\\\/schema\\\/logo\\\/image\\\/\"}}]}<\/script>\n<!-- \/ Yoast SEO plugin. -->","yoast_head_json":{"title":"Jay Savage - ANC","robots":{"index":"index","follow":"follow","max-snippet":"max-snippet:-1","max-image-preview":"max-image-preview:large","max-video-preview":"max-video-preview:-1"},"canonical":"https:\/\/www.anc.cr\/en\/jay-savage\/","og_locale":"en_US","og_type":"article","og_title":"Jay Savage - ANC","og_description":"Jay Savage Acad\u00e9mico Honorario Jay M. Savage ha contribuido significativamente al conocimiento de Centroam\u00e9rica, especialmente la herpetofauna de Costa Rica. \u00c9l public\u00f3 claves para la herpetofauna de Costa Rica (con Jaime Villa), describi\u00f3 15 nuevas especies de anfibios y reptiles de Costa Rica, y desarroll\u00f3 teor\u00edas biogeogr\u00e1ficas para explicar los patrones de distribuci\u00f3n de plantas [&hellip;]","og_url":"https:\/\/www.anc.cr\/en\/jay-savage\/","og_site_name":"ANC","article_modified_time":"2024-07-10T02:10:13+00:00","og_image":[{"width":296,"height":278,"url":"https:\/\/www.anc.cr\/wp-content\/uploads\/2024\/07\/image-44.png","type":"image\/png"}],"twitter_card":"summary_large_image","twitter_misc":{"Est. reading time":"4 minutes"},"schema":{"@context":"https:\/\/schema.org","@graph":[{"@type":"WebPage","@id":"https:\/\/www.anc.cr\/jay-savage\/","url":"https:\/\/www.anc.cr\/jay-savage\/","name":"Jay Savage - ANC","isPartOf":{"@id":"https:\/\/www.anc.cr\/#website"},"primaryImageOfPage":{"@id":"https:\/\/www.anc.cr\/jay-savage\/#primaryimage"},"image":{"@id":"https:\/\/www.anc.cr\/jay-savage\/#primaryimage"},"thumbnailUrl":"https:\/\/www.anc.cr\/wp-content\/uploads\/2024\/07\/image-44.png","datePublished":"2024-07-10T02:10:08+00:00","dateModified":"2024-07-10T02:10:13+00:00","breadcrumb":{"@id":"https:\/\/www.anc.cr\/jay-savage\/#breadcrumb"},"inLanguage":"en-US","potentialAction":[{"@type":"ReadAction","target":["https:\/\/www.anc.cr\/jay-savage\/"]}]},{"@type":"ImageObject","inLanguage":"en-US","@id":"https:\/\/www.anc.cr\/jay-savage\/#primaryimage","url":"https:\/\/www.anc.cr\/wp-content\/uploads\/2024\/07\/image-44.png","contentUrl":"https:\/\/www.anc.cr\/wp-content\/uploads\/2024\/07\/image-44.png","width":296,"height":278},{"@type":"BreadcrumbList","@id":"https:\/\/www.anc.cr\/jay-savage\/#breadcrumb","itemListElement":[{"@type":"ListItem","position":1,"name":"Portada","item":"https:\/\/www.anc.cr\/"},{"@type":"ListItem","position":2,"name":"Jay Savage"}]},{"@type":"WebSite","@id":"https:\/\/www.anc.cr\/#website","url":"https:\/\/www.anc.cr\/","name":"ANC","description":"Academia Nacional de Ciencias","publisher":{"@id":"https:\/\/www.anc.cr\/#organization"},"potentialAction":[{"@type":"SearchAction","target":{"@type":"EntryPoint","urlTemplate":"https:\/\/www.anc.cr\/?s={search_term_string}"},"query-input":{"@type":"PropertyValueSpecification","valueRequired":true,"valueName":"search_term_string"}}],"inLanguage":"en-US"},{"@type":"Organization","@id":"https:\/\/www.anc.cr\/#organization","name":"ANC","url":"https:\/\/www.anc.cr\/","logo":{"@type":"ImageObject","inLanguage":"en-US","@id":"https:\/\/www.anc.cr\/#\/schema\/logo\/image\/","url":"https:\/\/www.anc.cr\/wp-content\/uploads\/2024\/07\/Logo-ANC-CR.png","contentUrl":"https:\/\/www.anc.cr\/wp-content\/uploads\/2024\/07\/Logo-ANC-CR.png","width":1051,"height":593,"caption":"ANC"},"image":{"@id":"https:\/\/www.anc.cr\/#\/schema\/logo\/image\/"}}]}},"_links":{"self":[{"href":"https:\/\/www.anc.cr\/en\/wp-json\/wp\/v2\/pages\/652","targetHints":{"allow":["GET"]}}],"collection":[{"href":"https:\/\/www.anc.cr\/en\/wp-json\/wp\/v2\/pages"}],"about":[{"href":"https:\/\/www.anc.cr\/en\/wp-json\/wp\/v2\/types\/page"}],"author":[{"embeddable":true,"href":"https:\/\/www.anc.cr\/en\/wp-json\/wp\/v2\/users\/1"}],"replies":[{"embeddable":true,"href":"https:\/\/www.anc.cr\/en\/wp-json\/wp\/v2\/comments?post=652"}],"version-history":[{"count":1,"href":"https:\/\/www.anc.cr\/en\/wp-json\/wp\/v2\/pages\/652\/revisions"}],"predecessor-version":[{"id":668,"href":"https:\/\/www.anc.cr\/en\/wp-json\/wp\/v2\/pages\/652\/revisions\/668"}],"wp:featuredmedia":[{"embeddable":true,"href":"https:\/\/www.anc.cr\/en\/wp-json\/wp\/v2\/media\/661"}],"wp:attachment":[{"href":"https:\/\/www.anc.cr\/en\/wp-json\/wp\/v2\/media?parent=652"}],"curies":[{"name":"wp","href":"https:\/\/api.w.org\/{rel}","templated":true}]}}