{"id":651,"date":"2024-07-09T20:08:45","date_gmt":"2024-07-10T02:08:45","guid":{"rendered":"http:\/\/anc.local\/?page_id=651"},"modified":"2024-10-16T14:10:42","modified_gmt":"2024-10-16T20:10:42","slug":"luko-hilje-quiros","status":"publish","type":"page","link":"https:\/\/www.anc.cr\/en\/luko-hilje-quiros\/","title":{"rendered":"Luko Hilje Quir\u00f3s"},"content":{"rendered":"<div class=\"wp-block-group alignfull has-global-padding is-layout-constrained wp-container-core-group-is-layout-cb151cc7 wp-block-group-is-layout-constrained\" style=\"margin-top:0;margin-bottom:0;padding-top:0;padding-right:var(--wp--preset--spacing--50);padding-bottom:0;padding-left:var(--wp--preset--spacing--50)\">\n<div class=\"wp-block-columns alignwide are-vertically-aligned-center is-layout-flex wp-container-core-columns-is-layout-47c06fe3 wp-block-columns-is-layout-flex\">\n<div class=\"wp-block-column is-vertically-aligned-center is-layout-flow wp-block-column-is-layout-flow\" style=\"flex-basis:50%\">\n<h3 class=\"wp-block-heading has-x-large-font-size\">Luko Hilje Quir\u00f3s<\/h3>\n\n\n\n<p>Acad\u00e9mico Honorario<\/p>\n\n\n\n<ul class=\"wp-block-list\">\n<li>Profesor Em\u00e9rito, Centro Agron\u00f3mico Tropical de Investigaci\u00f3n y Ense\u00f1anza (CATIE)<\/li>\n\n\n\n<li>Licenciado en Biolog\u00eda, Universidad de Costa Rica (1978)<\/li>\n\n\n\n<li>Doctor en Entomolog\u00eda (Manejo de plagas), Universidad de California, Riverside (1983)<\/li>\n<\/ul>\n<\/div>\n\n\n\n<div class=\"wp-block-column is-vertically-aligned-center is-layout-flow wp-block-column-is-layout-flow\" style=\"flex-basis:50%\"><figure style=\"width:500px;height:500px;\" class=\"wp-block-post-featured-image\"><img decoding=\"async\" width=\"449\" height=\"507\" src=\"https:\/\/www.anc.cr\/wp-content\/uploads\/2024\/10\/Luko-Hilje-1.4.png\" class=\"attachment-post-thumbnail size-post-thumbnail wp-post-image\" alt=\"\" style=\"height:500px;object-fit:cover;\" srcset=\"https:\/\/www.anc.cr\/wp-content\/uploads\/2024\/10\/Luko-Hilje-1.4.png 449w, https:\/\/www.anc.cr\/wp-content\/uploads\/2024\/10\/Luko-Hilje-1.4-266x300.png 266w, https:\/\/www.anc.cr\/wp-content\/uploads\/2024\/10\/Luko-Hilje-1.4-11x12.png 11w\" sizes=\"(max-width: 449px) 100vw, 449px\" \/><\/figure><\/div>\n<\/div>\n<\/div>\n\n\n\n<div style=\"height:10px\" aria-hidden=\"true\" class=\"wp-block-spacer\"><\/div>\n\n\n\n<hr class=\"wp-block-separator has-alpha-channel-opacity\"\/>\n\n\n\n<h3 class=\"wp-block-heading\"><\/h3>\n\n\n\n<p>Tiene m\u00e1s de 40 a\u00f1os de experiencia en la investigaci\u00f3n y validaci\u00f3n de tecnolog\u00edas de manejo integrado de plagas, as\u00ed como en la ense\u00f1anza de postgrado y la asistencia t\u00e9cnica a pa\u00edses de Am\u00e9rica Latina y el Caribe. Ha concentrado sus esfuerzos de investigaci\u00f3n en m\u00e9todos preventivos (sustancias disuasivas\/repelentes y pr\u00e1cticas agr\u00edcolas\/silviculturales) para el manejo agroecol\u00f3gico de la mosca blanca (<em>Bemisia tabaci<\/em>) y el gusano barrenador de las meli\u00e1ceas (<em>Hypsipyla grandella<\/em>). En los \u00faltimos 20 a\u00f1os, ya jubilado, ha incursionado en la historia de las ciencias naturales y del conservacionismo en Costa Rica.<\/p>\n\n\n\n<p>Es autor o coautor de cinco libros, 26 cap\u00edtulos en libros y 116 art\u00edculos en su especialidad. Adem\u00e1s, de 12 libros y 59 art\u00edculos en revistas acad\u00e9micas o culturales, que rescatan el legado de naturalistas, cient\u00edficos y conservacionistas, as\u00ed como de otros personajes y hechos hist\u00f3ricos. Asimismo, ha participado en 67 tesis en su especialidad (principalmente de postgrado), como director o miembro de Comit\u00e9.<\/p>\n\n\n\n<p>Es Miembro Honorario del Colegio de Ingenieros Agr\u00f3nomos de Costa Rica, Miembro de la Asamblea de Fundadores del Instituto Nacional de Biodiversidad (INBio), Miembro Asociado del Centro Cient\u00edfico Tropical (CCT) y miembro fundador del Programa Interinstitucional de Protecci\u00f3n Forestal (PIPROF).<\/p>\n\n\n\n<h3 class=\"wp-block-heading\">Publicaciones representativas<\/h3>\n\n\n\n<ul class=\"wp-block-list\">\n<li>Hilje, L. 2022. Behavioral manipulation for managing\u00a0<em>Bemisia tabaci<\/em>\u00a0as a virus vector.\u00a0<em>In<\/em>\u00a0Kumar, P. Sharma &amp; H. Czosnek (eds.). Geminivirus: Detection, diagnosis and management. Elsevier. Holland. pp. 261-283.<\/li>\n\n\n\n<li>Hilje, L.; Barrionuevo, F.; Guardia, M.E. 2022. Alexander Bierig, entom\u00f3logo y pintor. Editorial Tecnol\u00f3gica de Costa Rica. Cartago, Costa Rica. 482 p.<\/li>\n\n\n\n<li>Hilje, L. 2022. Las rutas hist\u00f3ricas del desarrollo de las ciencias biol\u00f3gicas en Costa Rica. Herencia 35(1): 110-154.<\/li>\n\n\n\n<li>Hilje, L. 2020. En busca de un enfoque preventivo para el manejo del barrenador de las meli\u00e1ceas (<em>Hypsipyla grandella<\/em>). Revista de Ciencias Ambientales 54(2): 211-229.<\/li>\n\n\n\n<li>Barboza, N.; Hern\u00e1ndez, E.; Inoue-Nagata, A.K.; Moriones, E.; Hilje, L. 2019. Achievements in the epidemiology of begomoviruses and their vector\u00a0<em>Bemisia tabaci<\/em>in Costa Rica. Revista de Biolog\u00eda Tropical 67 (3): 419-453.<\/li>\n\n\n\n<li>Hilje, L.; Sujii, E.R.; Nava-Camberos, U. 2017. Integrated pest management in tropical vegetable crops.\u00a0<em>In<\/em>\u00a0Integrated pest management in the tropics. C. Rapisarda &amp; G.E. Massimino. CABI International. pp. 175-203.<\/li>\n\n\n\n<li>Hilje, L. 2015. Don Juan Rafael Mora y las ciencias naturales en Costa Rica. Editorial Universidad T\u00e9cnica Nacional (EUTN). Alajuela, Costa Rica. 127 p.<\/li>\n\n\n\n<li>Hilje, L. 2013. Tr\u00f3pico agreste; la huella de los naturalistas alemanes en la Costa Rica del siglo XIX. Editorial Tecnol\u00f3gica de Costa Rica. Cartago, Costa Rica. 868 p.<\/li>\n\n\n\n<li>Hilje, L.; Morales, F.J. 2008. Whitefly bioecology and management in Latin America. Encyclopedia of Entomology. J.L. Capinera (ed.). 2 ed. Springer Science + Business Media B.V., Dordrecht, The Netherlands, pp. 117-128.<\/li>\n\n\n\n<li>Hilje, L.; Saunders, J.L. (eds.). Manejo integrado de plagas en Mesoam\u00e9rica: aportes conceptuales. Editorial Tecnol\u00f3gica de Costa Rica. Cartago, Costa Rica. 720 p.<\/li>\n\n\n\n<li>Hilje, L.; Stansly, P.A. 2008. Living ground covers for management of\u00a0<em>Bemisia tabaci\u00a0<\/em>(Gennadius) (Homoptera: Aleyrodidae) and tomato yellow mottle virus (ToYMoV) in Costa Rica. Crop Protection 27 (1): 10-16.<\/li>\n\n\n\n<li>Hilje, L.; Mora, G.A. 2006. Promissory botanical repellents\/deterrents for managing two key tropical insect pests, the whitefly\u00a0<em>Bemisia tabaci<\/em>\u00a0and the mahogany shootborer\u00a0<em>Hypsipyla grandella<\/em>.\u00a0<em>In<\/em>\u00a0Rai &amp; M.C. Carpinella (eds.). Naturally occurring bioactive compounds. Advances in Phytomedicine, Vol. 3, Chapter 15. Amsterdam: Elsevier, pp. 379\u00ad-403.<\/li>\n\n\n\n<li>Hilje, L. 2006. Karl Hoffmann: naturalista, m\u00e9dico y h\u00e9roe nacional. Instituto Nacional de Biodiversidad (INBio). Heredia, Costa 200 p.<\/li>\n<\/ul>\n\n\n\n<ul class=\"wp-block-list\">\n<li>Hilje, L. 2023. Los pioneros de la entomolog\u00eda en Costa Rica. Revista de Biolog\u00eda Tropical 71(S3): 1-41.<\/li>\n\n\n\n<li>Hilje, L. 2022. Chocano, Costa Rica y el Himno al \u00c1rbol. Editorial Universidad Estatal a Distancia (EUNED). San Jos\u00e9, Costa Rica. 261 p.<\/li>\n<\/ul>\n\n\n\n<ul class=\"wp-block-list\">\n<li>Hilje, L. 2023. Karl Hoffmann: m\u00e9dico y h\u00e9roe en la Campa\u00f1a Nacional. Editorial Tecnol\u00f3gica de Costa Rica. Cartago, Costa Rica. 479<\/li>\n\n\n\n<li>Hilje, L.; Araya, C.M.; Valverde, B.E. 2003. Pest management in Mesoamerican agroecosystems.\u00a0<em>In<\/em>\u00a0Tropical agroecosystems. J. Vandermeer (ed.). CRC Press. Boca Raton, Florida. pp. 59-93.<\/li>\n\n\n\n<li>Hilje, L.; Jim\u00e9nez, W.; Vargas, E. 2002. Los viejos y los \u00e1rboles. Editorial Universidad de Costa Rica: Instituto Nacional de Biodiversidad. 425 p.<\/li>\n\n\n\n<li>Hilje, L.; Costa, H.S.; Stansly, P.A. 2001. Cultural practices for managing whiteflies and associated viral diseases. Crop Protection 20(9): 801-812.<\/li>\n\n\n\n<li>Schabel, H.; Hilje, L.; Nair, K.S.S.; Varma, R.V. 1999. Economic entomology in tropical forest plantations: An update. Journal of Tropical Forest Science 11(1): 303-315.<\/li>\n\n\n\n<li>Hilje, L.; Araya, C.; Scorza, F. 1991. Plagas y enfermedades forestales en Am\u00e9rica Central. Gu\u00eda de Campo. Serie T\u00e9cnica. Informe T\u00e9cnico No. 4. CATIE. Turrialba, Costa Rica. 260 p.<\/li>\n\n\n\n<li>Hilje, L.; Araya, C.; Scorza, F.; V\u00edquez, M. 1991. Plagas y enfermedades forestales en Am\u00e9rica Central. Manual de Consulta. Serie T\u00e9cnica. Informe T\u00e9cnico No. 3. CATIE. Turrialba, Costa Rica. 187 p.<\/li>\n<\/ul>","protected":false},"excerpt":{"rendered":"<p>Luko Hilje Quir\u00f3s Acad\u00e9mico Honorario Tiene m\u00e1s de 40 a\u00f1os de experiencia en la investigaci\u00f3n y validaci\u00f3n de tecnolog\u00edas de manejo integrado de plagas, as\u00ed como en la ense\u00f1anza de postgrado y la asistencia t\u00e9cnica a pa\u00edses de Am\u00e9rica Latina y el Caribe. Ha concentrado sus esfuerzos de investigaci\u00f3n en m\u00e9todos preventivos (sustancias disuasivas\/repelentes y [&hellip;]<\/p>\n","protected":false},"author":1,"featured_media":2182,"parent":0,"menu_order":0,"comment_status":"closed","ping_status":"closed","template":"","meta":{"footnotes":""},"class_list":["post-651","page","type-page","status-publish","has-post-thumbnail","hentry"],"yoast_head":"<!-- This site is optimized with the Yoast SEO plugin v27.3 - https:\/\/yoast.com\/product\/yoast-seo-wordpress\/ -->\n<title>Luko Hilje Quir\u00f3s - ANC<\/title>\n<meta name=\"robots\" content=\"index, follow, max-snippet:-1, max-image-preview:large, max-video-preview:-1\" \/>\n<link rel=\"canonical\" href=\"https:\/\/www.anc.cr\/en\/luko-hilje-quiros\/\" \/>\n<meta property=\"og:locale\" content=\"en_US\" \/>\n<meta property=\"og:type\" content=\"article\" \/>\n<meta property=\"og:title\" content=\"Luko Hilje Quir\u00f3s - ANC\" \/>\n<meta property=\"og:description\" content=\"Luko Hilje Quir\u00f3s Acad\u00e9mico Honorario Tiene m\u00e1s de 40 a\u00f1os de experiencia en la investigaci\u00f3n y validaci\u00f3n de tecnolog\u00edas de manejo integrado de plagas, as\u00ed como en la ense\u00f1anza de postgrado y la asistencia t\u00e9cnica a pa\u00edses de Am\u00e9rica Latina y el Caribe. Ha concentrado sus esfuerzos de investigaci\u00f3n en m\u00e9todos preventivos (sustancias disuasivas\/repelentes y [&hellip;]\" \/>\n<meta property=\"og:url\" content=\"https:\/\/www.anc.cr\/en\/luko-hilje-quiros\/\" \/>\n<meta property=\"og:site_name\" content=\"ANC\" \/>\n<meta property=\"article:modified_time\" content=\"2024-10-16T20:10:42+00:00\" \/>\n<meta property=\"og:image\" content=\"https:\/\/www.anc.cr\/wp-content\/uploads\/2024\/10\/Luko-Hilje-1.4.png\" \/>\n\t<meta property=\"og:image:width\" content=\"449\" \/>\n\t<meta property=\"og:image:height\" content=\"507\" \/>\n\t<meta property=\"og:image:type\" content=\"image\/png\" \/>\n<meta name=\"twitter:card\" content=\"summary_large_image\" \/>\n<meta name=\"twitter:label1\" content=\"Est. reading time\" \/>\n\t<meta name=\"twitter:data1\" content=\"4 minutes\" \/>\n<script type=\"application\/ld+json\" class=\"yoast-schema-graph\">{\"@context\":\"https:\\\/\\\/schema.org\",\"@graph\":[{\"@type\":\"WebPage\",\"@id\":\"https:\\\/\\\/www.anc.cr\\\/luko-hilje-quiros\\\/\",\"url\":\"https:\\\/\\\/www.anc.cr\\\/luko-hilje-quiros\\\/\",\"name\":\"Luko Hilje Quir\u00f3s - ANC\",\"isPartOf\":{\"@id\":\"https:\\\/\\\/www.anc.cr\\\/#website\"},\"primaryImageOfPage\":{\"@id\":\"https:\\\/\\\/www.anc.cr\\\/luko-hilje-quiros\\\/#primaryimage\"},\"image\":{\"@id\":\"https:\\\/\\\/www.anc.cr\\\/luko-hilje-quiros\\\/#primaryimage\"},\"thumbnailUrl\":\"https:\\\/\\\/www.anc.cr\\\/wp-content\\\/uploads\\\/2024\\\/10\\\/Luko-Hilje-1.4.png\",\"datePublished\":\"2024-07-10T02:08:45+00:00\",\"dateModified\":\"2024-10-16T20:10:42+00:00\",\"breadcrumb\":{\"@id\":\"https:\\\/\\\/www.anc.cr\\\/luko-hilje-quiros\\\/#breadcrumb\"},\"inLanguage\":\"en-US\",\"potentialAction\":[{\"@type\":\"ReadAction\",\"target\":[\"https:\\\/\\\/www.anc.cr\\\/luko-hilje-quiros\\\/\"]}]},{\"@type\":\"ImageObject\",\"inLanguage\":\"en-US\",\"@id\":\"https:\\\/\\\/www.anc.cr\\\/luko-hilje-quiros\\\/#primaryimage\",\"url\":\"https:\\\/\\\/www.anc.cr\\\/wp-content\\\/uploads\\\/2024\\\/10\\\/Luko-Hilje-1.4.png\",\"contentUrl\":\"https:\\\/\\\/www.anc.cr\\\/wp-content\\\/uploads\\\/2024\\\/10\\\/Luko-Hilje-1.4.png\",\"width\":449,\"height\":507},{\"@type\":\"BreadcrumbList\",\"@id\":\"https:\\\/\\\/www.anc.cr\\\/luko-hilje-quiros\\\/#breadcrumb\",\"itemListElement\":[{\"@type\":\"ListItem\",\"position\":1,\"name\":\"Portada\",\"item\":\"https:\\\/\\\/www.anc.cr\\\/\"},{\"@type\":\"ListItem\",\"position\":2,\"name\":\"Luko Hilje Quir\u00f3s\"}]},{\"@type\":\"WebSite\",\"@id\":\"https:\\\/\\\/www.anc.cr\\\/#website\",\"url\":\"https:\\\/\\\/www.anc.cr\\\/\",\"name\":\"ANC\",\"description\":\"Academia Nacional de Ciencias\",\"publisher\":{\"@id\":\"https:\\\/\\\/www.anc.cr\\\/#organization\"},\"potentialAction\":[{\"@type\":\"SearchAction\",\"target\":{\"@type\":\"EntryPoint\",\"urlTemplate\":\"https:\\\/\\\/www.anc.cr\\\/?s={search_term_string}\"},\"query-input\":{\"@type\":\"PropertyValueSpecification\",\"valueRequired\":true,\"valueName\":\"search_term_string\"}}],\"inLanguage\":\"en-US\"},{\"@type\":\"Organization\",\"@id\":\"https:\\\/\\\/www.anc.cr\\\/#organization\",\"name\":\"ANC\",\"url\":\"https:\\\/\\\/www.anc.cr\\\/\",\"logo\":{\"@type\":\"ImageObject\",\"inLanguage\":\"en-US\",\"@id\":\"https:\\\/\\\/www.anc.cr\\\/#\\\/schema\\\/logo\\\/image\\\/\",\"url\":\"https:\\\/\\\/www.anc.cr\\\/wp-content\\\/uploads\\\/2024\\\/07\\\/Logo-ANC-CR.png\",\"contentUrl\":\"https:\\\/\\\/www.anc.cr\\\/wp-content\\\/uploads\\\/2024\\\/07\\\/Logo-ANC-CR.png\",\"width\":1051,\"height\":593,\"caption\":\"ANC\"},\"image\":{\"@id\":\"https:\\\/\\\/www.anc.cr\\\/#\\\/schema\\\/logo\\\/image\\\/\"}}]}<\/script>\n<!-- \/ Yoast SEO plugin. -->","yoast_head_json":{"title":"Luko Hilje Quir\u00f3s - ANC","robots":{"index":"index","follow":"follow","max-snippet":"max-snippet:-1","max-image-preview":"max-image-preview:large","max-video-preview":"max-video-preview:-1"},"canonical":"https:\/\/www.anc.cr\/en\/luko-hilje-quiros\/","og_locale":"en_US","og_type":"article","og_title":"Luko Hilje Quir\u00f3s - ANC","og_description":"Luko Hilje Quir\u00f3s Acad\u00e9mico Honorario Tiene m\u00e1s de 40 a\u00f1os de experiencia en la investigaci\u00f3n y validaci\u00f3n de tecnolog\u00edas de manejo integrado de plagas, as\u00ed como en la ense\u00f1anza de postgrado y la asistencia t\u00e9cnica a pa\u00edses de Am\u00e9rica Latina y el Caribe. Ha concentrado sus esfuerzos de investigaci\u00f3n en m\u00e9todos preventivos (sustancias disuasivas\/repelentes y [&hellip;]","og_url":"https:\/\/www.anc.cr\/en\/luko-hilje-quiros\/","og_site_name":"ANC","article_modified_time":"2024-10-16T20:10:42+00:00","og_image":[{"width":449,"height":507,"url":"https:\/\/www.anc.cr\/wp-content\/uploads\/2024\/10\/Luko-Hilje-1.4.png","type":"image\/png"}],"twitter_card":"summary_large_image","twitter_misc":{"Est. reading time":"4 minutes"},"schema":{"@context":"https:\/\/schema.org","@graph":[{"@type":"WebPage","@id":"https:\/\/www.anc.cr\/luko-hilje-quiros\/","url":"https:\/\/www.anc.cr\/luko-hilje-quiros\/","name":"Luko Hilje Quir\u00f3s - ANC","isPartOf":{"@id":"https:\/\/www.anc.cr\/#website"},"primaryImageOfPage":{"@id":"https:\/\/www.anc.cr\/luko-hilje-quiros\/#primaryimage"},"image":{"@id":"https:\/\/www.anc.cr\/luko-hilje-quiros\/#primaryimage"},"thumbnailUrl":"https:\/\/www.anc.cr\/wp-content\/uploads\/2024\/10\/Luko-Hilje-1.4.png","datePublished":"2024-07-10T02:08:45+00:00","dateModified":"2024-10-16T20:10:42+00:00","breadcrumb":{"@id":"https:\/\/www.anc.cr\/luko-hilje-quiros\/#breadcrumb"},"inLanguage":"en-US","potentialAction":[{"@type":"ReadAction","target":["https:\/\/www.anc.cr\/luko-hilje-quiros\/"]}]},{"@type":"ImageObject","inLanguage":"en-US","@id":"https:\/\/www.anc.cr\/luko-hilje-quiros\/#primaryimage","url":"https:\/\/www.anc.cr\/wp-content\/uploads\/2024\/10\/Luko-Hilje-1.4.png","contentUrl":"https:\/\/www.anc.cr\/wp-content\/uploads\/2024\/10\/Luko-Hilje-1.4.png","width":449,"height":507},{"@type":"BreadcrumbList","@id":"https:\/\/www.anc.cr\/luko-hilje-quiros\/#breadcrumb","itemListElement":[{"@type":"ListItem","position":1,"name":"Portada","item":"https:\/\/www.anc.cr\/"},{"@type":"ListItem","position":2,"name":"Luko Hilje Quir\u00f3s"}]},{"@type":"WebSite","@id":"https:\/\/www.anc.cr\/#website","url":"https:\/\/www.anc.cr\/","name":"ANC","description":"Academia Nacional de Ciencias","publisher":{"@id":"https:\/\/www.anc.cr\/#organization"},"potentialAction":[{"@type":"SearchAction","target":{"@type":"EntryPoint","urlTemplate":"https:\/\/www.anc.cr\/?s={search_term_string}"},"query-input":{"@type":"PropertyValueSpecification","valueRequired":true,"valueName":"search_term_string"}}],"inLanguage":"en-US"},{"@type":"Organization","@id":"https:\/\/www.anc.cr\/#organization","name":"ANC","url":"https:\/\/www.anc.cr\/","logo":{"@type":"ImageObject","inLanguage":"en-US","@id":"https:\/\/www.anc.cr\/#\/schema\/logo\/image\/","url":"https:\/\/www.anc.cr\/wp-content\/uploads\/2024\/07\/Logo-ANC-CR.png","contentUrl":"https:\/\/www.anc.cr\/wp-content\/uploads\/2024\/07\/Logo-ANC-CR.png","width":1051,"height":593,"caption":"ANC"},"image":{"@id":"https:\/\/www.anc.cr\/#\/schema\/logo\/image\/"}}]}},"_links":{"self":[{"href":"https:\/\/www.anc.cr\/en\/wp-json\/wp\/v2\/pages\/651","targetHints":{"allow":["GET"]}}],"collection":[{"href":"https:\/\/www.anc.cr\/en\/wp-json\/wp\/v2\/pages"}],"about":[{"href":"https:\/\/www.anc.cr\/en\/wp-json\/wp\/v2\/types\/page"}],"author":[{"embeddable":true,"href":"https:\/\/www.anc.cr\/en\/wp-json\/wp\/v2\/users\/1"}],"replies":[{"embeddable":true,"href":"https:\/\/www.anc.cr\/en\/wp-json\/wp\/v2\/comments?post=651"}],"version-history":[{"count":1,"href":"https:\/\/www.anc.cr\/en\/wp-json\/wp\/v2\/pages\/651\/revisions"}],"predecessor-version":[{"id":667,"href":"https:\/\/www.anc.cr\/en\/wp-json\/wp\/v2\/pages\/651\/revisions\/667"}],"wp:featuredmedia":[{"embeddable":true,"href":"https:\/\/www.anc.cr\/en\/wp-json\/wp\/v2\/media\/2182"}],"wp:attachment":[{"href":"https:\/\/www.anc.cr\/en\/wp-json\/wp\/v2\/media?parent=651"}],"curies":[{"name":"wp","href":"https:\/\/api.w.org\/{rel}","templated":true}]}}