{"id":650,"date":"2024-07-09T20:06:53","date_gmt":"2024-07-10T02:06:53","guid":{"rendered":"http:\/\/anc.local\/?page_id=650"},"modified":"2024-07-09T20:06:58","modified_gmt":"2024-07-10T02:06:58","slug":"sheldon-l-glashow","status":"publish","type":"page","link":"https:\/\/www.anc.cr\/en\/sheldon-l-glashow\/","title":{"rendered":"Sheldon L. Glashow"},"content":{"rendered":"\n<div class=\"wp-block-group alignfull has-global-padding is-layout-constrained wp-container-core-group-is-layout-cb151cc7 wp-block-group-is-layout-constrained\" style=\"margin-top:0;margin-bottom:0;padding-top:0;padding-right:var(--wp--preset--spacing--50);padding-bottom:0;padding-left:var(--wp--preset--spacing--50)\">\n<div class=\"wp-block-columns alignwide are-vertically-aligned-center is-layout-flex wp-container-core-columns-is-layout-47c06fe3 wp-block-columns-is-layout-flex\">\n<div class=\"wp-block-column is-vertically-aligned-center is-layout-flow wp-block-column-is-layout-flow\" style=\"flex-basis:50%\">\n<h3 class=\"wp-block-heading has-x-large-font-size\">Sheldon L. Glashow<\/h3>\n\n\n\n<p>Acad\u00e9mico Honorario<\/p>\n\n\n\n<ul class=\"wp-block-list\">\n<li>Profesor Em\u00e9rito de F\u00edsica, Harvard University.<\/li>\n\n\n\n<li>A.B., Cornell University (1954).<\/li>\n\n\n\n<li>A.M., Harvard University (1955).<\/li>\n\n\n\n<li>Ph. D., Harvard University (1958).&nbsp;<\/li>\n<\/ul>\n<\/div>\n\n\n\n<div class=\"wp-block-column is-vertically-aligned-center is-layout-flow wp-block-column-is-layout-flow\" style=\"flex-basis:50%\"><figure style=\"width:500px;height:500px;\" class=\"wp-block-post-featured-image\"><img decoding=\"async\" width=\"600\" height=\"600\" src=\"https:\/\/www.anc.cr\/wp-content\/uploads\/2024\/07\/image-42.png\" class=\"attachment-post-thumbnail size-post-thumbnail wp-post-image\" alt=\"\" style=\"height:500px;object-fit:cover;\" srcset=\"https:\/\/www.anc.cr\/wp-content\/uploads\/2024\/07\/image-42.png 600w, https:\/\/www.anc.cr\/wp-content\/uploads\/2024\/07\/image-42-300x300.png 300w, https:\/\/www.anc.cr\/wp-content\/uploads\/2024\/07\/image-42-150x150.png 150w\" sizes=\"(max-width: 600px) 100vw, 600px\" \/><\/figure><\/div>\n<\/div>\n<\/div>\n\n\n\n<div style=\"height:10px\" aria-hidden=\"true\" class=\"wp-block-spacer\"><\/div>\n\n\n\n<hr class=\"wp-block-separator has-alpha-channel-opacity\"\/>\n\n\n\n<p>Sheldon L. Glashow se especializa en la F\u00edsica Te\u00f3rica. Su trabajo de investigaci\u00f3n abarca aspectos relacionados con la Teor\u00eda de las Part\u00edculas Elementales y de la Cosmolog\u00eda y la aplicaci\u00f3n del concepto de Simetr\u00eda y de la Teor\u00eda de grupos a la F\u00edsica de Part\u00edculas. En 1979 gana el Premio Nobel de F\u00edsica (junto con Steven Weinberg y Abdus Salam) por su contribuci\u00f3n al modelo electro d\u00e9bil, en donde mostr\u00f3 que la fuerza electromagn\u00e9tica y la fuerza nuclear d\u00e9bil, dos de las cuatro fuerzas fundamentales de la naturaleza, son una \u00fanica interacci\u00f3n unificada, una sola fuerza. Adem\u00e1s, predijo la existencia del quark charm, un componente esencial de la materia encontrado en ciertas part\u00edculas elementales.&nbsp;<\/p>\n\n\n\n<h3 class=\"wp-block-heading\">Entre los cargos que ha ocupado est\u00e1n los siguientes:&nbsp;<\/h3>\n\n\n\n<ul class=\"wp-block-list\">\n<li>\u0093NSF Post-Doctoral Fellow\u0094 (1958-60) \u0093Caltech Research Fellow\u0094 (1960-61)\u00a0<\/li>\n\n\n\n<li>Profesor Asistente, Stanford University (1961-62)\u00a0<\/li>\n\n\n\n<li>Profesor Asociado, University of California, Berkeley (1962-66)\u00a0<\/li>\n\n\n\n<li>Profesor Harvard University (1966-1982)\u00a0<\/li>\n\n\n\n<li>Cient\u00edfico Visitante, CERN (1968)\u00a0<\/li>\n\n\n\n<li>Profesor Visitante, University of Marseilles (1970)\u00a0<\/li>\n\n\n\n<li>Profesor Visitante, MIT (1974)\u00a0<\/li>\n\n\n\n<li>Consultor, Brookhaven Laboratory (1964)<\/li>\n\n\n\n<li>Profesor Visitante, Texas A&amp;M University (1982)<\/li>\n\n\n\n<li>Cient\u00edfico \u0093Senior\u0094 Afiliado, University of Houston (1982- )<\/li>\n\n\n\n<li>Cient\u00edfico Visitante Distinguido, Boston University (1984- )<\/li>\n\n\n\n<li>Profesor Honorario, University of Nanjing (1995- )<\/li>\n\n\n\n<li>Profesor Higgins de F\u00edsica, Em\u00e9rito, Harvard University (2000- )<\/li>\n\n\n\n<li>Profesor Arthur G.B. Metcalf de Matem\u00e1tica y Ciencias (2000- )<\/li>\n\n\n\n<li>Profesor Universitario, Boston University (2000- ).\u00a0\u00a0<\/li>\n<\/ul>\n\n\n\n<h3 class=\"wp-block-heading\">Reconocimientos:<\/h3>\n\n\n\n<ul class=\"wp-block-list\">\n<li>Premio J. R. Oppenheimer (1976)<\/li>\n\n\n\n<li>Premio George Ledlie, Harvard (1978)<\/li>\n\n\n\n<li>Premio Nobel en F\u00edsica (1979); Premio Castiglione di Sicilia (1983)<\/li>\n\n\n\n<li>Premio Richtmyer Lecture, Amer. Assn. Physics Teachers (1994)<\/li>\n\n\n\n<li>Premio Erice Science for Peace (1991)<\/li>\n\n\n\n<li>Governor\u0092s Medal, Gifu Prefecture (1998)<\/li>\n\n\n\n<li>Premio Japan Society for the Promotion of Science (1999)<\/li>\n<\/ul>\n\n\n\n<h3 class=\"wp-block-heading\">Adem\u00e1s, forma parte de una serie de organizaciones, entre ellas est\u00e1n:<\/h3>\n\n\n\n<ul class=\"wp-block-list\">\n<li>Academia Nacional de Ciencias de Estados Unidos<\/li>\n\n\n\n<li>Miembro Honorario, Academia Nacional de Ciencias de Costa Rica<\/li>\n\n\n\n<li>American Academy of Arts and Sciences<\/li>\n\n\n\n<li>American Philosophical Society<\/li>\n\n\n\n<li>Miembro Extranjero, Russian Academy of Sciences<\/li>\n\n\n\n<li>Miembro Extranjero, Korean Academy of Sciences\u00a0<\/li>\n\n\n\n<li>Miembro Extranjero, Accademia Nationale de Lincei<\/li>\n\n\n\n<li>Miembro, Sigma Xi y Phi Beta Kappa<\/li>\n\n\n\n<li>\u0093Fellow\u0094 de la AAAS y la American Physical Society<\/li>\n\n\n\n<li>Miembro Honorario International Raoul Wallenberg Foundation<\/li>\n\n\n\n<li>Miembro Honorario, Angelo Roncalli Intern\u0092l Committee<\/li>\n\n\n\n<li>Presidente, Steering Committee, Campus of Excellence (2007- )\u00a0\u00a0<\/li>\n<\/ul>\n\n\n\n<h3 class=\"wp-block-heading\">Publicaciones representativas:<\/h3>\n\n\n\n<ul class=\"wp-block-list\">\n<li>Bova, B. y Glashow, S. L. (1988). Interactions: A journey through the mind of a particle physicist and the matter of this world. Warner Books, New York.<\/li>\n\n\n\n<li>Cohen, A. G. y Glashow, S. L. (2006). Very Special Relativity. Phys. Rev. Lett. 97:021601; hep-ph\/0601236.<\/li>\n\n\n\n<li>Cohen, A. G. y Glashow, S. L. (2006). A Lorentz-Violating Origin of Neutrino Mass? 7pp. e-Print: hep-ph\/0605036.<\/li>\n\n\n\n<li>Cohen, A. G. y Glashow, S. L. (2011). New Constraints on Neutrino Velocities. arXiv:1109.6562 [hep-ph].<\/li>\n\n\n\n<li>Glashow, S. L. (1990). The Charm of Physics: Collected Essays of Sheldon Glashow (Masters of Modern Physics). American Institute of Physics.<\/li>\n\n\n\n<li>Glashow, S. L. (1995). El encanto de la f\u00edsica. Tusquets Editores, Barcelona.<\/li>\n\n\n\n<li>Glashow, S. L. (1995). From Alchemy to Quarks. Brooks\/Cole.<\/li>\n\n\n\n<li>Glashow, S. L. (2010). Strangeness Violating Dibaryon Decay. arXiv:1007.4140 [hep-ph].\u00a0\u00a0<\/li>\n\n\n\n<li>Glashow, S. L. (2011). Neutrinos and Their Charged Cousins: Are They Secret Sharers? arXiv:1106.3319 [hep-ph].<\/li>\n\n\n\n<li>Glashow, S. L. (2013). Particle Physics in The United States, A Personal View. arXiv:1305.5482 [hep-ph].<\/li>\n<\/ul>\n","protected":false},"excerpt":{"rendered":"<p>Sheldon L. Glashow Acad\u00e9mico Honorario Sheldon L. Glashow se especializa en la F\u00edsica Te\u00f3rica. Su trabajo de investigaci\u00f3n abarca aspectos relacionados con la Teor\u00eda de las Part\u00edculas Elementales y de la Cosmolog\u00eda y la aplicaci\u00f3n del concepto de Simetr\u00eda y de la Teor\u00eda de grupos a la F\u00edsica de Part\u00edculas. En 1979 gana el Premio [&hellip;]<\/p>\n","protected":false},"author":1,"featured_media":659,"parent":0,"menu_order":0,"comment_status":"closed","ping_status":"closed","template":"","meta":{"footnotes":""},"class_list":["post-650","page","type-page","status-publish","has-post-thumbnail","hentry"],"yoast_head":"<!-- This site is optimized with the Yoast SEO plugin v27.3 - https:\/\/yoast.com\/product\/yoast-seo-wordpress\/ -->\n<title>Sheldon L. Glashow - ANC<\/title>\n<meta name=\"robots\" content=\"index, follow, max-snippet:-1, max-image-preview:large, max-video-preview:-1\" \/>\n<link rel=\"canonical\" href=\"https:\/\/www.anc.cr\/en\/sheldon-l-glashow\/\" \/>\n<meta property=\"og:locale\" content=\"en_US\" \/>\n<meta property=\"og:type\" content=\"article\" \/>\n<meta property=\"og:title\" content=\"Sheldon L. Glashow - ANC\" \/>\n<meta property=\"og:description\" content=\"Sheldon L. Glashow Acad\u00e9mico Honorario Sheldon L. Glashow se especializa en la F\u00edsica Te\u00f3rica. Su trabajo de investigaci\u00f3n abarca aspectos relacionados con la Teor\u00eda de las Part\u00edculas Elementales y de la Cosmolog\u00eda y la aplicaci\u00f3n del concepto de Simetr\u00eda y de la Teor\u00eda de grupos a la F\u00edsica de Part\u00edculas. En 1979 gana el Premio [&hellip;]\" \/>\n<meta property=\"og:url\" content=\"https:\/\/www.anc.cr\/en\/sheldon-l-glashow\/\" \/>\n<meta property=\"og:site_name\" content=\"ANC\" \/>\n<meta property=\"article:modified_time\" content=\"2024-07-10T02:06:58+00:00\" \/>\n<meta property=\"og:image\" content=\"https:\/\/www.anc.cr\/wp-content\/uploads\/2024\/07\/image-42.png\" \/>\n\t<meta property=\"og:image:width\" content=\"600\" \/>\n\t<meta property=\"og:image:height\" content=\"600\" \/>\n\t<meta property=\"og:image:type\" content=\"image\/png\" \/>\n<meta name=\"twitter:card\" content=\"summary_large_image\" \/>\n<meta name=\"twitter:label1\" content=\"Est. reading time\" \/>\n\t<meta name=\"twitter:data1\" content=\"3 minutes\" \/>\n<script type=\"application\/ld+json\" class=\"yoast-schema-graph\">{\"@context\":\"https:\\\/\\\/schema.org\",\"@graph\":[{\"@type\":\"WebPage\",\"@id\":\"https:\\\/\\\/www.anc.cr\\\/sheldon-l-glashow\\\/\",\"url\":\"https:\\\/\\\/www.anc.cr\\\/sheldon-l-glashow\\\/\",\"name\":\"Sheldon L. Glashow - ANC\",\"isPartOf\":{\"@id\":\"https:\\\/\\\/www.anc.cr\\\/#website\"},\"primaryImageOfPage\":{\"@id\":\"https:\\\/\\\/www.anc.cr\\\/sheldon-l-glashow\\\/#primaryimage\"},\"image\":{\"@id\":\"https:\\\/\\\/www.anc.cr\\\/sheldon-l-glashow\\\/#primaryimage\"},\"thumbnailUrl\":\"https:\\\/\\\/www.anc.cr\\\/wp-content\\\/uploads\\\/2024\\\/07\\\/image-42.png\",\"datePublished\":\"2024-07-10T02:06:53+00:00\",\"dateModified\":\"2024-07-10T02:06:58+00:00\",\"breadcrumb\":{\"@id\":\"https:\\\/\\\/www.anc.cr\\\/sheldon-l-glashow\\\/#breadcrumb\"},\"inLanguage\":\"en-US\",\"potentialAction\":[{\"@type\":\"ReadAction\",\"target\":[\"https:\\\/\\\/www.anc.cr\\\/sheldon-l-glashow\\\/\"]}]},{\"@type\":\"ImageObject\",\"inLanguage\":\"en-US\",\"@id\":\"https:\\\/\\\/www.anc.cr\\\/sheldon-l-glashow\\\/#primaryimage\",\"url\":\"https:\\\/\\\/www.anc.cr\\\/wp-content\\\/uploads\\\/2024\\\/07\\\/image-42.png\",\"contentUrl\":\"https:\\\/\\\/www.anc.cr\\\/wp-content\\\/uploads\\\/2024\\\/07\\\/image-42.png\",\"width\":600,\"height\":600},{\"@type\":\"BreadcrumbList\",\"@id\":\"https:\\\/\\\/www.anc.cr\\\/sheldon-l-glashow\\\/#breadcrumb\",\"itemListElement\":[{\"@type\":\"ListItem\",\"position\":1,\"name\":\"Portada\",\"item\":\"https:\\\/\\\/www.anc.cr\\\/\"},{\"@type\":\"ListItem\",\"position\":2,\"name\":\"Sheldon L. Glashow\"}]},{\"@type\":\"WebSite\",\"@id\":\"https:\\\/\\\/www.anc.cr\\\/#website\",\"url\":\"https:\\\/\\\/www.anc.cr\\\/\",\"name\":\"ANC\",\"description\":\"Academia Nacional de Ciencias\",\"publisher\":{\"@id\":\"https:\\\/\\\/www.anc.cr\\\/#organization\"},\"potentialAction\":[{\"@type\":\"SearchAction\",\"target\":{\"@type\":\"EntryPoint\",\"urlTemplate\":\"https:\\\/\\\/www.anc.cr\\\/?s={search_term_string}\"},\"query-input\":{\"@type\":\"PropertyValueSpecification\",\"valueRequired\":true,\"valueName\":\"search_term_string\"}}],\"inLanguage\":\"en-US\"},{\"@type\":\"Organization\",\"@id\":\"https:\\\/\\\/www.anc.cr\\\/#organization\",\"name\":\"ANC\",\"url\":\"https:\\\/\\\/www.anc.cr\\\/\",\"logo\":{\"@type\":\"ImageObject\",\"inLanguage\":\"en-US\",\"@id\":\"https:\\\/\\\/www.anc.cr\\\/#\\\/schema\\\/logo\\\/image\\\/\",\"url\":\"https:\\\/\\\/www.anc.cr\\\/wp-content\\\/uploads\\\/2024\\\/07\\\/Logo-ANC-CR.png\",\"contentUrl\":\"https:\\\/\\\/www.anc.cr\\\/wp-content\\\/uploads\\\/2024\\\/07\\\/Logo-ANC-CR.png\",\"width\":1051,\"height\":593,\"caption\":\"ANC\"},\"image\":{\"@id\":\"https:\\\/\\\/www.anc.cr\\\/#\\\/schema\\\/logo\\\/image\\\/\"}}]}<\/script>\n<!-- \/ Yoast SEO plugin. -->","yoast_head_json":{"title":"Sheldon L. Glashow - ANC","robots":{"index":"index","follow":"follow","max-snippet":"max-snippet:-1","max-image-preview":"max-image-preview:large","max-video-preview":"max-video-preview:-1"},"canonical":"https:\/\/www.anc.cr\/en\/sheldon-l-glashow\/","og_locale":"en_US","og_type":"article","og_title":"Sheldon L. Glashow - ANC","og_description":"Sheldon L. Glashow Acad\u00e9mico Honorario Sheldon L. Glashow se especializa en la F\u00edsica Te\u00f3rica. Su trabajo de investigaci\u00f3n abarca aspectos relacionados con la Teor\u00eda de las Part\u00edculas Elementales y de la Cosmolog\u00eda y la aplicaci\u00f3n del concepto de Simetr\u00eda y de la Teor\u00eda de grupos a la F\u00edsica de Part\u00edculas. En 1979 gana el Premio [&hellip;]","og_url":"https:\/\/www.anc.cr\/en\/sheldon-l-glashow\/","og_site_name":"ANC","article_modified_time":"2024-07-10T02:06:58+00:00","og_image":[{"width":600,"height":600,"url":"https:\/\/www.anc.cr\/wp-content\/uploads\/2024\/07\/image-42.png","type":"image\/png"}],"twitter_card":"summary_large_image","twitter_misc":{"Est. reading time":"3 minutes"},"schema":{"@context":"https:\/\/schema.org","@graph":[{"@type":"WebPage","@id":"https:\/\/www.anc.cr\/sheldon-l-glashow\/","url":"https:\/\/www.anc.cr\/sheldon-l-glashow\/","name":"Sheldon L. Glashow - ANC","isPartOf":{"@id":"https:\/\/www.anc.cr\/#website"},"primaryImageOfPage":{"@id":"https:\/\/www.anc.cr\/sheldon-l-glashow\/#primaryimage"},"image":{"@id":"https:\/\/www.anc.cr\/sheldon-l-glashow\/#primaryimage"},"thumbnailUrl":"https:\/\/www.anc.cr\/wp-content\/uploads\/2024\/07\/image-42.png","datePublished":"2024-07-10T02:06:53+00:00","dateModified":"2024-07-10T02:06:58+00:00","breadcrumb":{"@id":"https:\/\/www.anc.cr\/sheldon-l-glashow\/#breadcrumb"},"inLanguage":"en-US","potentialAction":[{"@type":"ReadAction","target":["https:\/\/www.anc.cr\/sheldon-l-glashow\/"]}]},{"@type":"ImageObject","inLanguage":"en-US","@id":"https:\/\/www.anc.cr\/sheldon-l-glashow\/#primaryimage","url":"https:\/\/www.anc.cr\/wp-content\/uploads\/2024\/07\/image-42.png","contentUrl":"https:\/\/www.anc.cr\/wp-content\/uploads\/2024\/07\/image-42.png","width":600,"height":600},{"@type":"BreadcrumbList","@id":"https:\/\/www.anc.cr\/sheldon-l-glashow\/#breadcrumb","itemListElement":[{"@type":"ListItem","position":1,"name":"Portada","item":"https:\/\/www.anc.cr\/"},{"@type":"ListItem","position":2,"name":"Sheldon L. Glashow"}]},{"@type":"WebSite","@id":"https:\/\/www.anc.cr\/#website","url":"https:\/\/www.anc.cr\/","name":"ANC","description":"Academia Nacional de Ciencias","publisher":{"@id":"https:\/\/www.anc.cr\/#organization"},"potentialAction":[{"@type":"SearchAction","target":{"@type":"EntryPoint","urlTemplate":"https:\/\/www.anc.cr\/?s={search_term_string}"},"query-input":{"@type":"PropertyValueSpecification","valueRequired":true,"valueName":"search_term_string"}}],"inLanguage":"en-US"},{"@type":"Organization","@id":"https:\/\/www.anc.cr\/#organization","name":"ANC","url":"https:\/\/www.anc.cr\/","logo":{"@type":"ImageObject","inLanguage":"en-US","@id":"https:\/\/www.anc.cr\/#\/schema\/logo\/image\/","url":"https:\/\/www.anc.cr\/wp-content\/uploads\/2024\/07\/Logo-ANC-CR.png","contentUrl":"https:\/\/www.anc.cr\/wp-content\/uploads\/2024\/07\/Logo-ANC-CR.png","width":1051,"height":593,"caption":"ANC"},"image":{"@id":"https:\/\/www.anc.cr\/#\/schema\/logo\/image\/"}}]}},"_links":{"self":[{"href":"https:\/\/www.anc.cr\/en\/wp-json\/wp\/v2\/pages\/650","targetHints":{"allow":["GET"]}}],"collection":[{"href":"https:\/\/www.anc.cr\/en\/wp-json\/wp\/v2\/pages"}],"about":[{"href":"https:\/\/www.anc.cr\/en\/wp-json\/wp\/v2\/types\/page"}],"author":[{"embeddable":true,"href":"https:\/\/www.anc.cr\/en\/wp-json\/wp\/v2\/users\/1"}],"replies":[{"embeddable":true,"href":"https:\/\/www.anc.cr\/en\/wp-json\/wp\/v2\/comments?post=650"}],"version-history":[{"count":1,"href":"https:\/\/www.anc.cr\/en\/wp-json\/wp\/v2\/pages\/650\/revisions"}],"predecessor-version":[{"id":665,"href":"https:\/\/www.anc.cr\/en\/wp-json\/wp\/v2\/pages\/650\/revisions\/665"}],"wp:featuredmedia":[{"embeddable":true,"href":"https:\/\/www.anc.cr\/en\/wp-json\/wp\/v2\/media\/659"}],"wp:attachment":[{"href":"https:\/\/www.anc.cr\/en\/wp-json\/wp\/v2\/media?parent=650"}],"curies":[{"name":"wp","href":"https:\/\/api.w.org\/{rel}","templated":true}]}}