{"id":649,"date":"2024-07-09T20:05:09","date_gmt":"2024-07-10T02:05:09","guid":{"rendered":"http:\/\/anc.local\/?page_id=649"},"modified":"2026-03-27T10:22:53","modified_gmt":"2026-03-27T16:22:53","slug":"sandra-cauffman","status":"publish","type":"page","link":"https:\/\/www.anc.cr\/en\/sandra-cauffman\/","title":{"rendered":"Sandra Cauffman"},"content":{"rendered":"<div class=\"wp-block-group alignfull has-global-padding is-layout-constrained wp-container-core-group-is-layout-cb151cc7 wp-block-group-is-layout-constrained\" style=\"margin-top:0;margin-bottom:0;padding-top:0;padding-right:var(--wp--preset--spacing--50);padding-bottom:0;padding-left:var(--wp--preset--spacing--50)\">\n<div class=\"wp-block-columns alignwide are-vertically-aligned-center is-layout-flex wp-container-core-columns-is-layout-47c06fe3 wp-block-columns-is-layout-flex\">\n<div class=\"wp-block-column is-vertically-aligned-center is-layout-flow wp-block-column-is-layout-flow\" style=\"flex-basis:50%\">\n<h3 class=\"wp-block-heading has-x-large-font-size\">Sandra Cauffman<\/h3>\n\n\n\n<p>Acad\u00e9mico Honorario<\/p>\n\n\n\n<ul class=\"wp-block-list\">\n<li>Exejecutiva de la NASA<\/li>\n<\/ul>\n<\/div>\n\n\n\n<div class=\"wp-block-column is-vertically-aligned-center is-layout-flow wp-block-column-is-layout-flow\" style=\"flex-basis:50%\"><figure style=\"width:500px;height:500px;\" class=\"wp-block-post-featured-image\"><img decoding=\"async\" width=\"400\" height=\"400\" src=\"https:\/\/www.anc.cr\/wp-content\/uploads\/2024\/07\/image-41.png\" class=\"attachment-post-thumbnail size-post-thumbnail wp-post-image\" alt=\"\" style=\"height:500px;object-fit:cover;\" srcset=\"https:\/\/www.anc.cr\/wp-content\/uploads\/2024\/07\/image-41.png 400w, https:\/\/www.anc.cr\/wp-content\/uploads\/2024\/07\/image-41-300x300.png 300w, https:\/\/www.anc.cr\/wp-content\/uploads\/2024\/07\/image-41-150x150.png 150w\" sizes=\"(max-width: 400px) 100vw, 400px\" \/><\/figure><\/div>\n<\/div>\n<\/div>\n\n\n\n<div style=\"height:10px\" aria-hidden=\"true\" class=\"wp-block-spacer\"><\/div>\n\n\n\n<hr class=\"wp-block-separator has-alpha-channel-opacity\"\/>\n\n\n\n<p>La Ing. Sandra Cauffman se desempe\u00f1\u00f3 recientemente como subdirectora de la Divisi\u00f3n de Astrof\u00edsica en la Direcci\u00f3n de Misiones Cient\u00edficas de la NASA en su sede central, cargo que ocup\u00f3 hasta su retiro el 31 de diciembre de 2025. En esta funci\u00f3n, brind\u00f3 liderazgo ejecutivo, direcci\u00f3n estrat\u00e9gica y supervisi\u00f3n de gesti\u00f3n para el portafolio multimillonario de Astrof\u00edsica de la agencia, guiando programas y misiones dedicados a comprender c\u00f3mo funciona el universo, c\u00f3mo comenz\u00f3 y evolucion\u00f3, y la b\u00fasqueda de planetas similares a la Tierra.<\/p>\n\n\n\n<p>De mayo de 2016 a octubre de 2021, se desempe\u00f1\u00f3 como subdirectora de la Divisi\u00f3n de Ciencias de la Tierra y tuvo el privilegio de ejercer como directora interina durante 17 meses en ese per\u00edodo. En este rol, contribuy\u00f3 a liderar los programas y misiones de observaci\u00f3n terrestre de la NASA enfocados en ampliar la comprensi\u00f3n cient\u00edfica de nuestro planeta.<\/p>\n\n\n\n<p>Antes de incorporarse a la sede central de la NASA, la Ing. Cauffman trabaj\u00f3 durante m\u00e1s de 25 a\u00f1os en el Centro de Vuelo Espacial Goddard (GSFC), desempe\u00f1\u00e1ndose como funcionaria p\u00fablica desde febrero de 1991 hasta mayo de 2016, y como contratista desde febrero de 1988 hasta febrero de 1991. Inici\u00f3 su carrera en la NASA como gerente de sistemas terrestres del Proyecto de Servicio de Sat\u00e9lites, apoyando misiones emblem\u00e1ticas como la primera misi\u00f3n de servicio del Telescopio Espacial Hubble, el Sat\u00e9lite de Investigaci\u00f3n de la Alta Atm\u00f3sfera (UARS) y la Plataforma Explorers\/Explorador Ultravioleta Extremo (EP\/EUVE).<\/p>\n\n\n\n<p>A lo largo de su trayectoria en el GSFC, la Sra. Cauffman ocup\u00f3 numerosos cargos de alta direcci\u00f3n con responsabilidades crecientes, entre ellos: gerente de instrumentos de los programas GOES I\/M y N\/P; jefa de la Oficina de Formulaci\u00f3n de Proyectos; gerente de sistemas de instrumentos y posteriormente subgerente del proyecto GOES-R; subdirectora de la Direcci\u00f3n de Proyectos de Vuelo; gerente del proyecto Gravity and Extreme Magnetism Small Explorer (GEMS); subgerente del proyecto de la misi\u00f3n Mars Atmosphere and Volatile Evolution (MAVEN); y subdirectora del programa de sistemas de la serie GOES-R, antes de trasladarse a la sede central.<\/p>\n\n\n\n<p>La Ing. Sandra Cauffman recibi\u00f3 la Medalla al Logro Excepcional de la NASA y ha recibido en tres ocasiones la Medalla al Liderazgo Sobresaliente de la NASA. Asimismo, ha sido galardonada cuatro veces con el Premio a la Mejora de Adquisiciones de la NASA, adem\u00e1s de numerosos reconocimientos del GSFC y de la sede central de la NASA. Es miembro distinguida (Senior Fellow) del Consejo para la Excelencia en el Gobierno, miembro honorario de la Academia Nacional de Ciencias de Costa Rica y miembro honorario del Colegio Federado de Ingenieros y de Arquitectos de Costa Rica.<\/p>\n\n\n\n<p>Sus logros profesionales y su dedicaci\u00f3n a la divulgaci\u00f3n y al impulso de las disciplinas STEM, particularmente en Costa Rica y en Am\u00e9rica Latina, han sido ampliamente reconocidos. En 2017, el Gobierno de Costa Rica emiti\u00f3 un sello postal conmemorativo en su honor. Su perfil tambi\u00e9n ha sido destacado por la Entidad de las Naciones Unidas para la Igualdad de G\u00e9nero y el Empoderamiento de las Mujeres como un ejemplo positivo para mujeres y j\u00f3venes. En 2022, la Universidad de Costa Rica le otorg\u00f3 el grado de Doctora Honoris Causa en reconocimiento a su trayectoria profesional y su compromiso sostenido con la educaci\u00f3n y la divulgaci\u00f3n.<\/p>\n\n\n\n<p>La Ing. Sandra Cauffman obtuvo una licenciatura en F\u00edsica, una licenciatura en Ingenier\u00eda El\u00e9ctrica y una maestr\u00eda en Ingenier\u00eda El\u00e9ctrica de la Universidad George Mason. En 2018, esta universidad la reconoci\u00f3 durante la celebraci\u00f3n de su 50.\u00ba aniversario como una de las 50 personas egresadas ejemplares cuyas carreras reflejan el impacto global de su formaci\u00f3n acad\u00e9mica.<\/p>","protected":false},"excerpt":{"rendered":"<p>Sandra Cauffman Acad\u00e9mico Honorario La Ing. Sandra Cauffman se desempe\u00f1\u00f3 recientemente como subdirectora de la Divisi\u00f3n de Astrof\u00edsica en la Direcci\u00f3n de Misiones Cient\u00edficas de la NASA en su sede central, cargo que ocup\u00f3 hasta su retiro el 31 de diciembre de 2025. En esta funci\u00f3n, brind\u00f3 liderazgo ejecutivo, direcci\u00f3n estrat\u00e9gica y supervisi\u00f3n de gesti\u00f3n [&hellip;]<\/p>\n","protected":false},"author":1,"featured_media":657,"parent":0,"menu_order":0,"comment_status":"closed","ping_status":"closed","template":"","meta":{"footnotes":""},"class_list":["post-649","page","type-page","status-publish","has-post-thumbnail","hentry"],"yoast_head":"<!-- This site is optimized with the Yoast SEO plugin v27.3 - https:\/\/yoast.com\/product\/yoast-seo-wordpress\/ -->\n<title>Sandra Cauffman - ANC<\/title>\n<meta name=\"robots\" content=\"index, follow, max-snippet:-1, max-image-preview:large, max-video-preview:-1\" \/>\n<link rel=\"canonical\" href=\"https:\/\/www.anc.cr\/en\/sandra-cauffman\/\" \/>\n<meta property=\"og:locale\" content=\"en_US\" \/>\n<meta property=\"og:type\" content=\"article\" \/>\n<meta property=\"og:title\" content=\"Sandra Cauffman - ANC\" \/>\n<meta property=\"og:description\" content=\"Sandra Cauffman Acad\u00e9mico Honorario La Ing. Sandra Cauffman se desempe\u00f1\u00f3 recientemente como subdirectora de la Divisi\u00f3n de Astrof\u00edsica en la Direcci\u00f3n de Misiones Cient\u00edficas de la NASA en su sede central, cargo que ocup\u00f3 hasta su retiro el 31 de diciembre de 2025. En esta funci\u00f3n, brind\u00f3 liderazgo ejecutivo, direcci\u00f3n estrat\u00e9gica y supervisi\u00f3n de gesti\u00f3n [&hellip;]\" \/>\n<meta property=\"og:url\" content=\"https:\/\/www.anc.cr\/en\/sandra-cauffman\/\" \/>\n<meta property=\"og:site_name\" content=\"ANC\" \/>\n<meta property=\"article:modified_time\" content=\"2026-03-27T16:22:53+00:00\" \/>\n<meta property=\"og:image\" content=\"https:\/\/www.anc.cr\/wp-content\/uploads\/2024\/07\/image-41.png\" \/>\n\t<meta property=\"og:image:width\" content=\"400\" \/>\n\t<meta property=\"og:image:height\" content=\"400\" \/>\n\t<meta property=\"og:image:type\" content=\"image\/png\" \/>\n<meta name=\"twitter:card\" content=\"summary_large_image\" \/>\n<meta name=\"twitter:label1\" content=\"Est. reading time\" \/>\n\t<meta name=\"twitter:data1\" content=\"3 minutes\" \/>\n<script type=\"application\/ld+json\" class=\"yoast-schema-graph\">{\"@context\":\"https:\\\/\\\/schema.org\",\"@graph\":[{\"@type\":\"WebPage\",\"@id\":\"https:\\\/\\\/www.anc.cr\\\/sandra-cauffman\\\/\",\"url\":\"https:\\\/\\\/www.anc.cr\\\/sandra-cauffman\\\/\",\"name\":\"Sandra Cauffman - ANC\",\"isPartOf\":{\"@id\":\"https:\\\/\\\/www.anc.cr\\\/#website\"},\"primaryImageOfPage\":{\"@id\":\"https:\\\/\\\/www.anc.cr\\\/sandra-cauffman\\\/#primaryimage\"},\"image\":{\"@id\":\"https:\\\/\\\/www.anc.cr\\\/sandra-cauffman\\\/#primaryimage\"},\"thumbnailUrl\":\"https:\\\/\\\/www.anc.cr\\\/wp-content\\\/uploads\\\/2024\\\/07\\\/image-41.png\",\"datePublished\":\"2024-07-10T02:05:09+00:00\",\"dateModified\":\"2026-03-27T16:22:53+00:00\",\"breadcrumb\":{\"@id\":\"https:\\\/\\\/www.anc.cr\\\/sandra-cauffman\\\/#breadcrumb\"},\"inLanguage\":\"en-US\",\"potentialAction\":[{\"@type\":\"ReadAction\",\"target\":[\"https:\\\/\\\/www.anc.cr\\\/sandra-cauffman\\\/\"]}]},{\"@type\":\"ImageObject\",\"inLanguage\":\"en-US\",\"@id\":\"https:\\\/\\\/www.anc.cr\\\/sandra-cauffman\\\/#primaryimage\",\"url\":\"https:\\\/\\\/www.anc.cr\\\/wp-content\\\/uploads\\\/2024\\\/07\\\/image-41.png\",\"contentUrl\":\"https:\\\/\\\/www.anc.cr\\\/wp-content\\\/uploads\\\/2024\\\/07\\\/image-41.png\",\"width\":400,\"height\":400},{\"@type\":\"BreadcrumbList\",\"@id\":\"https:\\\/\\\/www.anc.cr\\\/sandra-cauffman\\\/#breadcrumb\",\"itemListElement\":[{\"@type\":\"ListItem\",\"position\":1,\"name\":\"Portada\",\"item\":\"https:\\\/\\\/www.anc.cr\\\/\"},{\"@type\":\"ListItem\",\"position\":2,\"name\":\"Sandra Cauffman\"}]},{\"@type\":\"WebSite\",\"@id\":\"https:\\\/\\\/www.anc.cr\\\/#website\",\"url\":\"https:\\\/\\\/www.anc.cr\\\/\",\"name\":\"ANC\",\"description\":\"Academia Nacional de Ciencias\",\"publisher\":{\"@id\":\"https:\\\/\\\/www.anc.cr\\\/#organization\"},\"potentialAction\":[{\"@type\":\"SearchAction\",\"target\":{\"@type\":\"EntryPoint\",\"urlTemplate\":\"https:\\\/\\\/www.anc.cr\\\/?s={search_term_string}\"},\"query-input\":{\"@type\":\"PropertyValueSpecification\",\"valueRequired\":true,\"valueName\":\"search_term_string\"}}],\"inLanguage\":\"en-US\"},{\"@type\":\"Organization\",\"@id\":\"https:\\\/\\\/www.anc.cr\\\/#organization\",\"name\":\"ANC\",\"url\":\"https:\\\/\\\/www.anc.cr\\\/\",\"logo\":{\"@type\":\"ImageObject\",\"inLanguage\":\"en-US\",\"@id\":\"https:\\\/\\\/www.anc.cr\\\/#\\\/schema\\\/logo\\\/image\\\/\",\"url\":\"https:\\\/\\\/www.anc.cr\\\/wp-content\\\/uploads\\\/2024\\\/07\\\/Logo-ANC-CR.png\",\"contentUrl\":\"https:\\\/\\\/www.anc.cr\\\/wp-content\\\/uploads\\\/2024\\\/07\\\/Logo-ANC-CR.png\",\"width\":1051,\"height\":593,\"caption\":\"ANC\"},\"image\":{\"@id\":\"https:\\\/\\\/www.anc.cr\\\/#\\\/schema\\\/logo\\\/image\\\/\"}}]}<\/script>\n<!-- \/ Yoast SEO plugin. -->","yoast_head_json":{"title":"Sandra Cauffman - ANC","robots":{"index":"index","follow":"follow","max-snippet":"max-snippet:-1","max-image-preview":"max-image-preview:large","max-video-preview":"max-video-preview:-1"},"canonical":"https:\/\/www.anc.cr\/en\/sandra-cauffman\/","og_locale":"en_US","og_type":"article","og_title":"Sandra Cauffman - ANC","og_description":"Sandra Cauffman Acad\u00e9mico Honorario La Ing. Sandra Cauffman se desempe\u00f1\u00f3 recientemente como subdirectora de la Divisi\u00f3n de Astrof\u00edsica en la Direcci\u00f3n de Misiones Cient\u00edficas de la NASA en su sede central, cargo que ocup\u00f3 hasta su retiro el 31 de diciembre de 2025. En esta funci\u00f3n, brind\u00f3 liderazgo ejecutivo, direcci\u00f3n estrat\u00e9gica y supervisi\u00f3n de gesti\u00f3n [&hellip;]","og_url":"https:\/\/www.anc.cr\/en\/sandra-cauffman\/","og_site_name":"ANC","article_modified_time":"2026-03-27T16:22:53+00:00","og_image":[{"width":400,"height":400,"url":"https:\/\/www.anc.cr\/wp-content\/uploads\/2024\/07\/image-41.png","type":"image\/png"}],"twitter_card":"summary_large_image","twitter_misc":{"Est. reading time":"3 minutes"},"schema":{"@context":"https:\/\/schema.org","@graph":[{"@type":"WebPage","@id":"https:\/\/www.anc.cr\/sandra-cauffman\/","url":"https:\/\/www.anc.cr\/sandra-cauffman\/","name":"Sandra Cauffman - ANC","isPartOf":{"@id":"https:\/\/www.anc.cr\/#website"},"primaryImageOfPage":{"@id":"https:\/\/www.anc.cr\/sandra-cauffman\/#primaryimage"},"image":{"@id":"https:\/\/www.anc.cr\/sandra-cauffman\/#primaryimage"},"thumbnailUrl":"https:\/\/www.anc.cr\/wp-content\/uploads\/2024\/07\/image-41.png","datePublished":"2024-07-10T02:05:09+00:00","dateModified":"2026-03-27T16:22:53+00:00","breadcrumb":{"@id":"https:\/\/www.anc.cr\/sandra-cauffman\/#breadcrumb"},"inLanguage":"en-US","potentialAction":[{"@type":"ReadAction","target":["https:\/\/www.anc.cr\/sandra-cauffman\/"]}]},{"@type":"ImageObject","inLanguage":"en-US","@id":"https:\/\/www.anc.cr\/sandra-cauffman\/#primaryimage","url":"https:\/\/www.anc.cr\/wp-content\/uploads\/2024\/07\/image-41.png","contentUrl":"https:\/\/www.anc.cr\/wp-content\/uploads\/2024\/07\/image-41.png","width":400,"height":400},{"@type":"BreadcrumbList","@id":"https:\/\/www.anc.cr\/sandra-cauffman\/#breadcrumb","itemListElement":[{"@type":"ListItem","position":1,"name":"Portada","item":"https:\/\/www.anc.cr\/"},{"@type":"ListItem","position":2,"name":"Sandra Cauffman"}]},{"@type":"WebSite","@id":"https:\/\/www.anc.cr\/#website","url":"https:\/\/www.anc.cr\/","name":"ANC","description":"Academia Nacional de Ciencias","publisher":{"@id":"https:\/\/www.anc.cr\/#organization"},"potentialAction":[{"@type":"SearchAction","target":{"@type":"EntryPoint","urlTemplate":"https:\/\/www.anc.cr\/?s={search_term_string}"},"query-input":{"@type":"PropertyValueSpecification","valueRequired":true,"valueName":"search_term_string"}}],"inLanguage":"en-US"},{"@type":"Organization","@id":"https:\/\/www.anc.cr\/#organization","name":"ANC","url":"https:\/\/www.anc.cr\/","logo":{"@type":"ImageObject","inLanguage":"en-US","@id":"https:\/\/www.anc.cr\/#\/schema\/logo\/image\/","url":"https:\/\/www.anc.cr\/wp-content\/uploads\/2024\/07\/Logo-ANC-CR.png","contentUrl":"https:\/\/www.anc.cr\/wp-content\/uploads\/2024\/07\/Logo-ANC-CR.png","width":1051,"height":593,"caption":"ANC"},"image":{"@id":"https:\/\/www.anc.cr\/#\/schema\/logo\/image\/"}}]}},"_links":{"self":[{"href":"https:\/\/www.anc.cr\/en\/wp-json\/wp\/v2\/pages\/649","targetHints":{"allow":["GET"]}}],"collection":[{"href":"https:\/\/www.anc.cr\/en\/wp-json\/wp\/v2\/pages"}],"about":[{"href":"https:\/\/www.anc.cr\/en\/wp-json\/wp\/v2\/types\/page"}],"author":[{"embeddable":true,"href":"https:\/\/www.anc.cr\/en\/wp-json\/wp\/v2\/users\/1"}],"replies":[{"embeddable":true,"href":"https:\/\/www.anc.cr\/en\/wp-json\/wp\/v2\/comments?post=649"}],"version-history":[{"count":2,"href":"https:\/\/www.anc.cr\/en\/wp-json\/wp\/v2\/pages\/649\/revisions"}],"predecessor-version":[{"id":2948,"href":"https:\/\/www.anc.cr\/en\/wp-json\/wp\/v2\/pages\/649\/revisions\/2948"}],"wp:featuredmedia":[{"embeddable":true,"href":"https:\/\/www.anc.cr\/en\/wp-json\/wp\/v2\/media\/657"}],"wp:attachment":[{"href":"https:\/\/www.anc.cr\/en\/wp-json\/wp\/v2\/media?parent=649"}],"curies":[{"name":"wp","href":"https:\/\/api.w.org\/{rel}","templated":true}]}}