{"id":646,"date":"2024-07-09T19:57:28","date_gmt":"2024-07-10T01:57:28","guid":{"rendered":"http:\/\/anc.local\/?page_id=646"},"modified":"2025-04-23T13:54:14","modified_gmt":"2025-04-23T19:54:14","slug":"academicos-honorarios","status":"publish","type":"page","link":"https:\/\/www.anc.cr\/en\/academicos-honorarios\/","title":{"rendered":"Honorary Academics"},"content":{"rendered":"<div class=\"wp-block-group alignfull has-global-padding is-layout-constrained wp-container-core-group-is-layout-aff63992 wp-block-group-is-layout-constrained\" style=\"margin-top:0;margin-bottom:0;padding-top:0;padding-right:var(--wp--preset--spacing--50);padding-bottom:0;padding-left:var(--wp--preset--spacing--50)\">\n<div class=\"wp-block-group is-vertical is-content-justification-center is-layout-flex wp-container-core-group-is-layout-ce155fab wp-block-group-is-layout-flex\">\n<h2 class=\"wp-block-heading has-text-align-center has-xx-large-font-size\"><strong><strong><strong>Honorary Academics<\/strong><\/strong><\/strong><\/h2>\n<\/div>\n\n\n\n<div style=\"height:var(--wp--preset--spacing--30)\" aria-hidden=\"true\" class=\"wp-block-spacer\"><\/div>\n\n\n\n<div class=\"wp-block-columns alignwide is-layout-flex wp-container-core-columns-is-layout-4935966c wp-block-columns-is-layout-flex\" style=\"padding-right:0;padding-left:0\">\n<div class=\"wp-block-column is-layout-flow wp-block-column-is-layout-flow\">\n<figure class=\"wp-block-image size-full is-resized\"><a href=\"https:\/\/www.anc.cr\/en\/orlando-bravo-trejos\/\"><img decoding=\"async\" width=\"261\" height=\"278\" src=\"https:\/\/www.anc.cr\/wp-content\/uploads\/2024\/07\/image-40.png\" alt=\"\" class=\"wp-image-656\" style=\"aspect-ratio:1;object-fit:cover;width:400px\"\/><\/a><\/figure>\n\n\n\n<div class=\"wp-block-group is-vertical is-content-justification-center is-nowrap is-layout-flex wp-container-core-group-is-layout-21d4e958 wp-block-group-is-layout-flex\">\n<p class=\"has-text-align-center has-small-font-size\"><strong><strong><a href=\"https:\/\/www.anc.cr\/en\/orlando-bravo-trejos\/\">Orlando Bravo Trejos<\/a><\/strong><\/strong><\/p>\n\n\n\n<p class=\"has-text-align-center has-small-font-size\">Acad\u00e9mico Honorario<\/p>\n<\/div>\n<\/div>\n\n\n\n<div class=\"wp-block-column is-layout-flow wp-block-column-is-layout-flow\">\n<figure class=\"wp-block-image size-full is-resized\"><a href=\"https:\/\/www.anc.cr\/en\/sandra-cauffman\/\"><img decoding=\"async\" width=\"400\" height=\"400\" src=\"https:\/\/www.anc.cr\/wp-content\/uploads\/2024\/07\/image-41.png\" alt=\"\" class=\"wp-image-657\" style=\"aspect-ratio:1;object-fit:cover;width:400px\" srcset=\"https:\/\/www.anc.cr\/wp-content\/uploads\/2024\/07\/image-41.png 400w, https:\/\/www.anc.cr\/wp-content\/uploads\/2024\/07\/image-41-300x300.png 300w, https:\/\/www.anc.cr\/wp-content\/uploads\/2024\/07\/image-41-150x150.png 150w\" sizes=\"(max-width: 400px) 100vw, 400px\" \/><\/a><\/figure>\n\n\n\n<div class=\"wp-block-group is-vertical is-content-justification-center is-nowrap is-layout-flex wp-container-core-group-is-layout-63bfd6c1 wp-block-group-is-layout-flex\">\n<p class=\"has-text-align-center has-small-font-size\"><strong><strong><a href=\"https:\/\/www.anc.cr\/en\/sandra-cauffman\/\">Sandra Cauffman<\/a><\/strong><\/strong><\/p>\n\n\n\n<p class=\"has-text-align-center has-small-font-size\">Acad\u00e9mico Honorario<\/p>\n<\/div>\n<\/div>\n\n\n\n<div class=\"wp-block-column is-layout-flow wp-block-column-is-layout-flow\">\n<figure class=\"wp-block-image size-full is-resized\"><a href=\"https:\/\/www.anc.cr\/en\/sheldon-l-glashow\/\"><img decoding=\"async\" width=\"600\" height=\"600\" src=\"https:\/\/www.anc.cr\/wp-content\/uploads\/2024\/07\/image-42.png\" alt=\"\" class=\"wp-image-659\" style=\"aspect-ratio:1;object-fit:cover;width:400px\" srcset=\"https:\/\/www.anc.cr\/wp-content\/uploads\/2024\/07\/image-42.png 600w, https:\/\/www.anc.cr\/wp-content\/uploads\/2024\/07\/image-42-300x300.png 300w, https:\/\/www.anc.cr\/wp-content\/uploads\/2024\/07\/image-42-150x150.png 150w\" sizes=\"(max-width: 600px) 100vw, 600px\" \/><\/a><\/figure>\n\n\n\n<div class=\"wp-block-group is-vertical is-content-justification-center is-nowrap is-layout-flex wp-container-core-group-is-layout-63bfd6c1 wp-block-group-is-layout-flex\">\n<p class=\"has-text-align-center has-small-font-size\"><strong><strong><a href=\"https:\/\/www.anc.cr\/en\/sheldon-l-glashow\/\">Sheldon L. Glashow<\/a><\/strong><\/strong><\/p>\n\n\n\n<p class=\"has-text-align-center has-small-font-size\">Acad\u00e9mico Honorario<\/p>\n<\/div>\n<\/div>\n<\/div>\n\n\n\n<div class=\"wp-block-columns alignwide is-layout-flex wp-container-core-columns-is-layout-4935966c wp-block-columns-is-layout-flex\" style=\"padding-right:0;padding-left:0\">\n<div class=\"wp-block-column is-layout-flow wp-block-column-is-layout-flow\">\n<figure class=\"wp-block-image size-full is-resized\"><a href=\"https:\/\/www.anc.cr\/en\/luko-hilje-quiros\/\"><img decoding=\"async\" width=\"449\" height=\"507\" src=\"https:\/\/www.anc.cr\/wp-content\/uploads\/2024\/10\/Luko-Hilje-1.4.png\" alt=\"\" class=\"wp-image-2182\" style=\"aspect-ratio:1;object-fit:cover;width:400px\" srcset=\"https:\/\/www.anc.cr\/wp-content\/uploads\/2024\/10\/Luko-Hilje-1.4.png 449w, https:\/\/www.anc.cr\/wp-content\/uploads\/2024\/10\/Luko-Hilje-1.4-266x300.png 266w, https:\/\/www.anc.cr\/wp-content\/uploads\/2024\/10\/Luko-Hilje-1.4-11x12.png 11w\" sizes=\"(max-width: 449px) 100vw, 449px\" \/><\/a><\/figure>\n\n\n\n<div class=\"wp-block-group is-vertical is-content-justification-center is-nowrap is-layout-flex wp-container-core-group-is-layout-21d4e958 wp-block-group-is-layout-flex\">\n<p class=\"has-text-align-center has-small-font-size\"><strong><strong><a href=\"https:\/\/www.anc.cr\/en\/luko-hilje-quiros\/\">Luko Hilje Quir\u00f3s<\/a><\/strong><\/strong><\/p>\n\n\n\n<p class=\"has-text-align-center has-small-font-size\">Acad\u00e9mico Honorario<\/p>\n<\/div>\n<\/div>\n\n\n\n<div class=\"wp-block-column is-layout-flow wp-block-column-is-layout-flow\">\n<figure class=\"wp-block-image size-full is-resized\"><a href=\"https:\/\/www.anc.cr\/en\/jay-savage\/\"><img decoding=\"async\" width=\"296\" height=\"278\" src=\"https:\/\/www.anc.cr\/wp-content\/uploads\/2024\/07\/image-44.png\" alt=\"\" class=\"wp-image-661\" style=\"aspect-ratio:1;object-fit:cover;width:400px\"\/><\/a><\/figure>\n\n\n\n<div class=\"wp-block-group is-vertical is-content-justification-center is-nowrap is-layout-flex wp-container-core-group-is-layout-63bfd6c1 wp-block-group-is-layout-flex\">\n<p class=\"has-text-align-center has-small-font-size\"><strong><strong><a href=\"https:\/\/www.anc.cr\/en\/jay-savage\/\">Jay Savage<\/a><\/strong><\/strong><\/p>\n\n\n\n<p class=\"has-text-align-center has-small-font-size\">Acad\u00e9mico Honorario<\/p>\n<\/div>\n<\/div>\n\n\n\n<div class=\"wp-block-column is-layout-flow wp-block-column-is-layout-flow\">\n<figure class=\"wp-block-image size-full is-resized\"><a href=\"https:\/\/www.anc.cr\/en\/mario-vargas-vargas\/\"><img decoding=\"async\" width=\"400\" height=\"400\" src=\"https:\/\/www.anc.cr\/wp-content\/uploads\/2024\/07\/image-45.png\" alt=\"\" class=\"wp-image-662\" style=\"aspect-ratio:1;object-fit:cover;width:400px\" srcset=\"https:\/\/www.anc.cr\/wp-content\/uploads\/2024\/07\/image-45.png 400w, https:\/\/www.anc.cr\/wp-content\/uploads\/2024\/07\/image-45-300x300.png 300w, https:\/\/www.anc.cr\/wp-content\/uploads\/2024\/07\/image-45-150x150.png 150w\" sizes=\"(max-width: 400px) 100vw, 400px\" \/><\/a><\/figure>\n\n\n\n<div class=\"wp-block-group is-vertical is-content-justification-center is-nowrap is-layout-flex wp-container-core-group-is-layout-63bfd6c1 wp-block-group-is-layout-flex\">\n<p class=\"has-text-align-center has-small-font-size\"><strong><strong><a href=\"https:\/\/www.anc.cr\/en\/mario-vargas-vargas\/\">Mario Vargas Vargas<\/a><\/strong><\/strong><\/p>\n\n\n\n<p class=\"has-text-align-center has-small-font-size\">Acad\u00e9mico Honorario<\/p>\n<\/div>\n<\/div>\n<\/div>\n<\/div>","protected":false},"excerpt":{"rendered":"<p>Acad\u00e9micos Honorarios Orlando Bravo Trejos Acad\u00e9mico Honorario Sandra Cauffman Acad\u00e9mico Honorario Sheldon L. Glashow Acad\u00e9mico Honorario Luko Hilje Quir\u00f3s Acad\u00e9mico Honorario Jay Savage Acad\u00e9mico Honorario Mario Vargas Vargas Acad\u00e9mico Honorario<\/p>","protected":false},"author":1,"featured_media":0,"parent":0,"menu_order":0,"comment_status":"closed","ping_status":"closed","template":"","meta":{"footnotes":""},"class_list":["post-646","page","type-page","status-publish","hentry"],"yoast_head":"<!-- This site is optimized with the Yoast SEO plugin v27.3 - https:\/\/yoast.com\/product\/yoast-seo-wordpress\/ -->\n<title>Acad\u00e9micos Honorarios - ANC<\/title>\n<meta name=\"robots\" content=\"index, follow, max-snippet:-1, max-image-preview:large, max-video-preview:-1\" \/>\n<link rel=\"canonical\" href=\"https:\/\/www.anc.cr\/en\/academicos-honorarios\/\" \/>\n<meta property=\"og:locale\" content=\"en_US\" \/>\n<meta property=\"og:type\" content=\"article\" \/>\n<meta property=\"og:title\" content=\"Acad\u00e9micos Honorarios - ANC\" \/>\n<meta property=\"og:description\" content=\"Acad\u00e9micos Honorarios Orlando Bravo Trejos Acad\u00e9mico Honorario Sandra Cauffman Acad\u00e9mico Honorario Sheldon L. Glashow Acad\u00e9mico Honorario Luko Hilje Quir\u00f3s Acad\u00e9mico Honorario Jay Savage Acad\u00e9mico Honorario Mario Vargas Vargas Acad\u00e9mico Honorario\" \/>\n<meta property=\"og:url\" content=\"https:\/\/www.anc.cr\/en\/academicos-honorarios\/\" \/>\n<meta property=\"og:site_name\" content=\"ANC\" \/>\n<meta property=\"article:modified_time\" content=\"2025-04-23T19:54:14+00:00\" \/>\n<meta property=\"og:image\" content=\"https:\/\/www.anc.cr\/wp-content\/uploads\/2024\/07\/image-40.png\" \/>\n\t<meta property=\"og:image:width\" content=\"261\" \/>\n\t<meta property=\"og:image:height\" content=\"278\" \/>\n\t<meta property=\"og:image:type\" content=\"image\/png\" \/>\n<meta name=\"twitter:card\" content=\"summary_large_image\" \/>\n<meta name=\"twitter:label1\" content=\"Est. reading time\" \/>\n\t<meta name=\"twitter:data1\" content=\"2 minutes\" \/>\n<script type=\"application\/ld+json\" class=\"yoast-schema-graph\">{\"@context\":\"https:\\\/\\\/schema.org\",\"@graph\":[{\"@type\":\"WebPage\",\"@id\":\"https:\\\/\\\/www.anc.cr\\\/academicos-honorarios\\\/\",\"url\":\"https:\\\/\\\/www.anc.cr\\\/academicos-honorarios\\\/\",\"name\":\"Acad\u00e9micos Honorarios - ANC\",\"isPartOf\":{\"@id\":\"https:\\\/\\\/www.anc.cr\\\/#website\"},\"primaryImageOfPage\":{\"@id\":\"https:\\\/\\\/www.anc.cr\\\/academicos-honorarios\\\/#primaryimage\"},\"image\":{\"@id\":\"https:\\\/\\\/www.anc.cr\\\/academicos-honorarios\\\/#primaryimage\"},\"thumbnailUrl\":\"https:\\\/\\\/www.anc.cr\\\/wp-content\\\/uploads\\\/2024\\\/07\\\/image-40.png\",\"datePublished\":\"2024-07-10T01:57:28+00:00\",\"dateModified\":\"2025-04-23T19:54:14+00:00\",\"breadcrumb\":{\"@id\":\"https:\\\/\\\/www.anc.cr\\\/academicos-honorarios\\\/#breadcrumb\"},\"inLanguage\":\"en-US\",\"potentialAction\":[{\"@type\":\"ReadAction\",\"target\":[\"https:\\\/\\\/www.anc.cr\\\/academicos-honorarios\\\/\"]}]},{\"@type\":\"ImageObject\",\"inLanguage\":\"en-US\",\"@id\":\"https:\\\/\\\/www.anc.cr\\\/academicos-honorarios\\\/#primaryimage\",\"url\":\"https:\\\/\\\/www.anc.cr\\\/wp-content\\\/uploads\\\/2024\\\/07\\\/image-40.png\",\"contentUrl\":\"https:\\\/\\\/www.anc.cr\\\/wp-content\\\/uploads\\\/2024\\\/07\\\/image-40.png\"},{\"@type\":\"BreadcrumbList\",\"@id\":\"https:\\\/\\\/www.anc.cr\\\/academicos-honorarios\\\/#breadcrumb\",\"itemListElement\":[{\"@type\":\"ListItem\",\"position\":1,\"name\":\"Portada\",\"item\":\"https:\\\/\\\/www.anc.cr\\\/\"},{\"@type\":\"ListItem\",\"position\":2,\"name\":\"Acad\u00e9micos Honorarios\"}]},{\"@type\":\"WebSite\",\"@id\":\"https:\\\/\\\/www.anc.cr\\\/#website\",\"url\":\"https:\\\/\\\/www.anc.cr\\\/\",\"name\":\"ANC\",\"description\":\"Academia Nacional de Ciencias\",\"publisher\":{\"@id\":\"https:\\\/\\\/www.anc.cr\\\/#organization\"},\"potentialAction\":[{\"@type\":\"SearchAction\",\"target\":{\"@type\":\"EntryPoint\",\"urlTemplate\":\"https:\\\/\\\/www.anc.cr\\\/?s={search_term_string}\"},\"query-input\":{\"@type\":\"PropertyValueSpecification\",\"valueRequired\":true,\"valueName\":\"search_term_string\"}}],\"inLanguage\":\"en-US\"},{\"@type\":\"Organization\",\"@id\":\"https:\\\/\\\/www.anc.cr\\\/#organization\",\"name\":\"ANC\",\"url\":\"https:\\\/\\\/www.anc.cr\\\/\",\"logo\":{\"@type\":\"ImageObject\",\"inLanguage\":\"en-US\",\"@id\":\"https:\\\/\\\/www.anc.cr\\\/#\\\/schema\\\/logo\\\/image\\\/\",\"url\":\"https:\\\/\\\/www.anc.cr\\\/wp-content\\\/uploads\\\/2024\\\/07\\\/Logo-ANC-CR.png\",\"contentUrl\":\"https:\\\/\\\/www.anc.cr\\\/wp-content\\\/uploads\\\/2024\\\/07\\\/Logo-ANC-CR.png\",\"width\":1051,\"height\":593,\"caption\":\"ANC\"},\"image\":{\"@id\":\"https:\\\/\\\/www.anc.cr\\\/#\\\/schema\\\/logo\\\/image\\\/\"}}]}<\/script>\n<!-- \/ Yoast SEO plugin. -->","yoast_head_json":{"title":"Acad\u00e9micos Honorarios - ANC","robots":{"index":"index","follow":"follow","max-snippet":"max-snippet:-1","max-image-preview":"max-image-preview:large","max-video-preview":"max-video-preview:-1"},"canonical":"https:\/\/www.anc.cr\/en\/academicos-honorarios\/","og_locale":"en_US","og_type":"article","og_title":"Acad\u00e9micos Honorarios - ANC","og_description":"Acad\u00e9micos Honorarios Orlando Bravo Trejos Acad\u00e9mico Honorario Sandra Cauffman Acad\u00e9mico Honorario Sheldon L. Glashow Acad\u00e9mico Honorario Luko Hilje Quir\u00f3s Acad\u00e9mico Honorario Jay Savage Acad\u00e9mico Honorario Mario Vargas Vargas Acad\u00e9mico Honorario","og_url":"https:\/\/www.anc.cr\/en\/academicos-honorarios\/","og_site_name":"ANC","article_modified_time":"2025-04-23T19:54:14+00:00","og_image":[{"width":261,"height":278,"url":"https:\/\/www.anc.cr\/wp-content\/uploads\/2024\/07\/image-40.png","type":"image\/png"}],"twitter_card":"summary_large_image","twitter_misc":{"Est. reading time":"2 minutes"},"schema":{"@context":"https:\/\/schema.org","@graph":[{"@type":"WebPage","@id":"https:\/\/www.anc.cr\/academicos-honorarios\/","url":"https:\/\/www.anc.cr\/academicos-honorarios\/","name":"Acad\u00e9micos Honorarios - ANC","isPartOf":{"@id":"https:\/\/www.anc.cr\/#website"},"primaryImageOfPage":{"@id":"https:\/\/www.anc.cr\/academicos-honorarios\/#primaryimage"},"image":{"@id":"https:\/\/www.anc.cr\/academicos-honorarios\/#primaryimage"},"thumbnailUrl":"https:\/\/www.anc.cr\/wp-content\/uploads\/2024\/07\/image-40.png","datePublished":"2024-07-10T01:57:28+00:00","dateModified":"2025-04-23T19:54:14+00:00","breadcrumb":{"@id":"https:\/\/www.anc.cr\/academicos-honorarios\/#breadcrumb"},"inLanguage":"en-US","potentialAction":[{"@type":"ReadAction","target":["https:\/\/www.anc.cr\/academicos-honorarios\/"]}]},{"@type":"ImageObject","inLanguage":"en-US","@id":"https:\/\/www.anc.cr\/academicos-honorarios\/#primaryimage","url":"https:\/\/www.anc.cr\/wp-content\/uploads\/2024\/07\/image-40.png","contentUrl":"https:\/\/www.anc.cr\/wp-content\/uploads\/2024\/07\/image-40.png"},{"@type":"BreadcrumbList","@id":"https:\/\/www.anc.cr\/academicos-honorarios\/#breadcrumb","itemListElement":[{"@type":"ListItem","position":1,"name":"Portada","item":"https:\/\/www.anc.cr\/"},{"@type":"ListItem","position":2,"name":"Acad\u00e9micos Honorarios"}]},{"@type":"WebSite","@id":"https:\/\/www.anc.cr\/#website","url":"https:\/\/www.anc.cr\/","name":"ANC","description":"Academia Nacional de Ciencias","publisher":{"@id":"https:\/\/www.anc.cr\/#organization"},"potentialAction":[{"@type":"SearchAction","target":{"@type":"EntryPoint","urlTemplate":"https:\/\/www.anc.cr\/?s={search_term_string}"},"query-input":{"@type":"PropertyValueSpecification","valueRequired":true,"valueName":"search_term_string"}}],"inLanguage":"en-US"},{"@type":"Organization","@id":"https:\/\/www.anc.cr\/#organization","name":"ANC","url":"https:\/\/www.anc.cr\/","logo":{"@type":"ImageObject","inLanguage":"en-US","@id":"https:\/\/www.anc.cr\/#\/schema\/logo\/image\/","url":"https:\/\/www.anc.cr\/wp-content\/uploads\/2024\/07\/Logo-ANC-CR.png","contentUrl":"https:\/\/www.anc.cr\/wp-content\/uploads\/2024\/07\/Logo-ANC-CR.png","width":1051,"height":593,"caption":"ANC"},"image":{"@id":"https:\/\/www.anc.cr\/#\/schema\/logo\/image\/"}}]}},"_links":{"self":[{"href":"https:\/\/www.anc.cr\/en\/wp-json\/wp\/v2\/pages\/646","targetHints":{"allow":["GET"]}}],"collection":[{"href":"https:\/\/www.anc.cr\/en\/wp-json\/wp\/v2\/pages"}],"about":[{"href":"https:\/\/www.anc.cr\/en\/wp-json\/wp\/v2\/types\/page"}],"author":[{"embeddable":true,"href":"https:\/\/www.anc.cr\/en\/wp-json\/wp\/v2\/users\/1"}],"replies":[{"embeddable":true,"href":"https:\/\/www.anc.cr\/en\/wp-json\/wp\/v2\/comments?post=646"}],"version-history":[{"count":5,"href":"https:\/\/www.anc.cr\/en\/wp-json\/wp\/v2\/pages\/646\/revisions"}],"predecessor-version":[{"id":2462,"href":"https:\/\/www.anc.cr\/en\/wp-json\/wp\/v2\/pages\/646\/revisions\/2462"}],"wp:attachment":[{"href":"https:\/\/www.anc.cr\/en\/wp-json\/wp\/v2\/media?parent=646"}],"curies":[{"name":"wp","href":"https:\/\/api.w.org\/{rel}","templated":true}]}}