{"id":636,"date":"2024-07-09T05:40:28","date_gmt":"2024-07-09T11:40:28","guid":{"rendered":"http:\/\/anc.local\/?page_id=636"},"modified":"2024-07-09T05:40:33","modified_gmt":"2024-07-09T11:40:33","slug":"daniel-h-janzen","status":"publish","type":"page","link":"https:\/\/www.anc.cr\/en\/daniel-h-janzen\/","title":{"rendered":"Daniel H. Janzen"},"content":{"rendered":"<div class=\"wp-block-group alignfull has-global-padding is-layout-constrained wp-container-core-group-is-layout-cb151cc7 wp-block-group-is-layout-constrained\" style=\"margin-top:0;margin-bottom:0;padding-top:0;padding-right:var(--wp--preset--spacing--50);padding-bottom:0;padding-left:var(--wp--preset--spacing--50)\">\n<div class=\"wp-block-columns alignwide are-vertically-aligned-center is-layout-flex wp-container-core-columns-is-layout-47c06fe3 wp-block-columns-is-layout-flex\">\n<div class=\"wp-block-column is-vertically-aligned-center is-layout-flow wp-block-column-is-layout-flow\" style=\"flex-basis:50%\">\n<h3 class=\"wp-block-heading has-x-large-font-size\">Daniel H. Janzen<\/h3>\n\n\n\n<p>Acad\u00e9mico Correspondiente<\/p>\n\n\n\n<ul class=\"wp-block-list\">\n<li>Profesor de Biolog\u00eda, Departamento de Biolog\u00eda, University of Pennsylvania y Asesor T\u00e9cnico del \u00c1rea de Conservaci\u00f3n Guanacaste, Costa Rica, y del Instituto Nacional de Biodiversidad (INBio), Heredia, Costa Rica.<\/li>\n\n\n\n<li>B.Sc. en Biolog\u00eda, University of Minnesota, Minneapolis (1961).<\/li>\n\n\n\n<li>Ph.D., University of California, Berkeley (1965).&nbsp;<\/li>\n<\/ul>\n<\/div>\n\n\n\n<div class=\"wp-block-column is-vertically-aligned-center is-layout-flow wp-block-column-is-layout-flow\" style=\"flex-basis:50%\"><figure style=\"width:500px;height:500px;\" class=\"wp-block-post-featured-image\"><img decoding=\"async\" width=\"400\" height=\"400\" src=\"https:\/\/www.anc.cr\/wp-content\/uploads\/2024\/07\/image-35.png\" class=\"attachment-post-thumbnail size-post-thumbnail wp-post-image\" alt=\"\" style=\"height:500px;object-fit:cover;\" srcset=\"https:\/\/www.anc.cr\/wp-content\/uploads\/2024\/07\/image-35.png 400w, https:\/\/www.anc.cr\/wp-content\/uploads\/2024\/07\/image-35-300x300.png 300w, https:\/\/www.anc.cr\/wp-content\/uploads\/2024\/07\/image-35-150x150.png 150w\" sizes=\"(max-width: 400px) 100vw, 400px\" \/><\/figure><\/div>\n<\/div>\n<\/div>\n\n\n\n<div style=\"height:10px\" aria-hidden=\"true\" class=\"wp-block-spacer\"><\/div>\n\n\n\n<hr class=\"wp-block-separator has-alpha-channel-opacity\"\/>\n\n\n\n<div style=\"height:15px\" aria-hidden=\"true\" class=\"wp-block-spacer\"><\/div>\n\n\n\n<p>Daniel H. Janzen enfoca su \u00e1rea de investigaci\u00f3n en la ecolog\u00eda y la biodiversidad de los ecosistemas. Ha estudiado la historia natural de las interacciones de animales y plantas tropicales y la ecolog\u00eda de la interfaz entre la sociedad y la biodiversidad forestal tropical. Adem\u00e1s, en Costa Rica ha trabajado por la preservaci\u00f3n de los ecosistemas tropicales desde hace m\u00e1s de 37 a\u00f1os. Entre sus aportes m\u00e1s importantes se encuentra el establecimiento del \u00c1rea de Conservaci\u00f3n Guanacaste, esto con el fin de rehabilitar los ecosistemas da\u00f1ados en esta zona de Costa Rica; all\u00ed est\u00e1 a cargo de la cuantificaci\u00f3n de los activos biol\u00f3gicos naturales, realizando el inventario de m\u00e1s de 500,000 especies. Con este trabajo se pretende involucrar a la sociedad civil costarricense para ense\u00f1arles a recoger y catalogar las especies, las cuales, posteriormente, son clasificadas.<\/p>\n\n\n\n<p>Ha ocupado los siguientes cargos: Profesor de Ecology and Evolutionary Biology, Division of Biological Sciences, University of Michigan, Ann Arbor, Michigan (1972-76); Profesor Asociado, University of Chicago (1969-72); Asistente y Profesor Asociado, University of Kansas (1965-68); Vicedecano y coordinador de la University of Kansas &#8211; Universidad de Oriente, Venezuela, (September 1965 &#8211; June 1966); responsabilidades de ense\u00f1anza para la Organization for Tropical Studies (OTS) (1965- ); Faculty, Smithsonian&#8217;s Summer Institute in Systematics (1970, 1971);&nbsp; Faculty, curso de biolog\u00eda poblacional: Universidad de Puerto Rico (1969) y Universidad de Los Andes (Venezuela, 1973); Presidente, Kansas Entomological Society (1967-68); Counselor, Society for the Study of Evolution (1969, 1970); Comit\u00e9 Ejecutivo, Organization for Tropical Studies (1970-72); Comit\u00e9 Editorial, Annual Review of Ecology and Systematics (1967 \u0096 1969); Evolution (1972-75); Biochemical Systematics and Evolution (1973 &#8211; 1975); Soc. Restoration Biology (1989-92); Editor, North America; Journal of Tropical Ecology (1984-87); IUCN Commission of Ecology (1987-91); Profesor Honorario, Universidad de Costa Rica (1986- ); Profesor Honorario, Universidad Nacional de Costa Rica (1986- ); INBio y ACG Profesor para un curso de Paratax\u00f3nomos, Costa Rica (1989-96).<\/p>\n\n\n\n<p>Ha recibido los siguientes reconocimientos: Gleason Award (Amercian Botanical Society) (1975); Crafoord Prize, Coevolutionary ecology (Royal Swedish Academy of Sciences) (1984); Hijo Ilustre de Guanacaste (Governor of Guanacaste province) (1987); \u0093Global 500\u0094 Roll of Honor (UNEP) (1987); MacArthur Fellowship (1989); Founder\u0092s Council Award of Merit (Field Museum of Natural History) (1991); Member, National Academy of Sciences (USA) (1992); Award for Improvement of Costa Rican Quality of Life (Universidad de Costa Rica) (1993); Silver Medal Award (International Society of Chemical Ecology) (1994); Conservation Society Award (1995); Kyoto Prize, Basic Sciences Field (Inimori Foundation) (1997); Albert Einstein World Award for Science (Consejo Cultural Mundial, M\u00e9xico) (2002); Honorary Fellow of the Association for Tropical Biology, and Conservation (ATBC) (2002); National Outdoor Book Award, Design and Artistic Merit for 100 Caterpillars (2006); FBBVA Foundation Frontiers of Knowledge Award of Ecology and Conservation Biology (2011).&nbsp;<\/p>\n\n\n\n<h3 class=\"wp-block-heading\">Publicaciones representativas:<\/h3>\n\n\n\n<ul class=\"wp-block-list\">\n<li>Burns, J.M., Janzen, D.H., Hajibabaei, M., Hallwachs, W., and Hebert, P.D.N. 2008. DNA and cryptic species of skipper butterflies in the genus Perichares in Area de Conservacion Guanacaste, Costa Rica. Proceedings of the National Academy of Sciences 105:6350-6355.<\/li>\n\n\n\n<li>Janzen, D. H. 1986. The future of tropical ecology. Ann. Rev. Ecol. Syst. 17, 305-24.<\/li>\n\n\n\n<li>Janzen, D. H. 1988. Guanacaste National Park: tropical ecological and biocultural restoration. In Rehabilitating Damaged Ecosystems, vol. 11, pp. 143-192, J. Cairns, Jr., ed., CRC Press, Boca Raton, Florida.<\/li>\n\n\n\n<li>Janzen, D. H. 2000. Costa Rica&#8217;s Area de Conservaci\u00f3n Guanacaste: a long march to survival through non-damaging biodevelopment. Biodiversity 1(2):7-20.<\/li>\n\n\n\n<li>Janzen, D. H. 2005. How to conserve wild plants? Give the world the power to read them. Forward, Plant conservation: a natural history approach, eds. Krupnick, G. and Kress, J., University of Chicago Press, Chicago, 346 pp.<\/li>\n\n\n\n<li>Janzen, D. H., Hajibabaei, M., Burns, J. M., Hallwachs, W., Remigio, E. and Hebert, P. D. N. 2005. Wedding biodiversity inventory of a large and complex Lepidoptera fauna with DNA barcoding. Philosophical Transactions of the Royal Society B 360 (1462):1835-1846.<\/li>\n\n\n\n<li>Miller, J. C., Janzen, D. H. and Hallwachs, W. 2006. 100 Caterpillars. Harvard University Press, Cambridge, Massachusetts. 264 pp.<\/li>\n\n\n\n<li>Miller, J. C., Janzen, D. H. and Hallwachs, W. 2007. 100 Butterflies and moths. Harvard University Press, Cambridge, Massachusetts. 256 pp.<\/li>\n\n\n\n<li>Smith, M.A., Rodriguez, J.J., Whitfield, J.B., Deans, A.R., Janzen, D.H., Hallwachs, W., and Hebert, P.D.N. 2008. Extreme diversity of tropical parasitoid wasps exposed by iterative integration of natural history, DNA barcoding, morphology, and collections. Proceedings of the National Academy of Sciences 105:12359-12364.<\/li>\n\n\n\n<li>Smith, M. A., Woodley, N. E., Janzen, D. H., Hallwachs, W., and Hebert, P. D. N. 2006. DNA barcodes reveal cryptic host-specificity within the presumed polyphagous members of a genus of parasitoid flies (Diptera: Tachinidae). Proceedings of the National Academy of Sciences 103:3657-3662.<\/li>\n<\/ul>","protected":false},"excerpt":{"rendered":"<p>Daniel H. Janzen Acad\u00e9mico Correspondiente Daniel H. Janzen enfoca su \u00e1rea de investigaci\u00f3n en la ecolog\u00eda y la biodiversidad de los ecosistemas. Ha estudiado la historia natural de las interacciones de animales y plantas tropicales y la ecolog\u00eda de la interfaz entre la sociedad y la biodiversidad forestal tropical. Adem\u00e1s, en Costa Rica ha trabajado [&hellip;]<\/p>\n","protected":false},"author":1,"featured_media":626,"parent":0,"menu_order":0,"comment_status":"closed","ping_status":"closed","template":"","meta":{"footnotes":""},"class_list":["post-636","page","type-page","status-publish","has-post-thumbnail","hentry"],"yoast_head":"<!-- This site is optimized with the Yoast SEO plugin v27.3 - https:\/\/yoast.com\/product\/yoast-seo-wordpress\/ -->\n<title>Daniel H. Janzen - ANC<\/title>\n<meta name=\"robots\" content=\"index, follow, max-snippet:-1, max-image-preview:large, max-video-preview:-1\" \/>\n<link rel=\"canonical\" href=\"https:\/\/www.anc.cr\/en\/daniel-h-janzen\/\" \/>\n<meta property=\"og:locale\" content=\"en_US\" \/>\n<meta property=\"og:type\" content=\"article\" \/>\n<meta property=\"og:title\" content=\"Daniel H. Janzen - ANC\" \/>\n<meta property=\"og:description\" content=\"Daniel H. Janzen Acad\u00e9mico Correspondiente Daniel H. Janzen enfoca su \u00e1rea de investigaci\u00f3n en la ecolog\u00eda y la biodiversidad de los ecosistemas. Ha estudiado la historia natural de las interacciones de animales y plantas tropicales y la ecolog\u00eda de la interfaz entre la sociedad y la biodiversidad forestal tropical. Adem\u00e1s, en Costa Rica ha trabajado [&hellip;]\" \/>\n<meta property=\"og:url\" content=\"https:\/\/www.anc.cr\/en\/daniel-h-janzen\/\" \/>\n<meta property=\"og:site_name\" content=\"ANC\" \/>\n<meta property=\"article:modified_time\" content=\"2024-07-09T11:40:33+00:00\" \/>\n<meta property=\"og:image\" content=\"https:\/\/www.anc.cr\/wp-content\/uploads\/2024\/07\/image-35.png\" \/>\n\t<meta property=\"og:image:width\" content=\"400\" \/>\n\t<meta property=\"og:image:height\" content=\"400\" \/>\n\t<meta property=\"og:image:type\" content=\"image\/png\" \/>\n<meta name=\"twitter:card\" content=\"summary_large_image\" \/>\n<meta name=\"twitter:label1\" content=\"Est. reading time\" \/>\n\t<meta name=\"twitter:data1\" content=\"4 minutes\" \/>\n<script type=\"application\/ld+json\" class=\"yoast-schema-graph\">{\"@context\":\"https:\\\/\\\/schema.org\",\"@graph\":[{\"@type\":\"WebPage\",\"@id\":\"https:\\\/\\\/www.anc.cr\\\/daniel-h-janzen\\\/\",\"url\":\"https:\\\/\\\/www.anc.cr\\\/daniel-h-janzen\\\/\",\"name\":\"Daniel H. Janzen - ANC\",\"isPartOf\":{\"@id\":\"https:\\\/\\\/www.anc.cr\\\/#website\"},\"primaryImageOfPage\":{\"@id\":\"https:\\\/\\\/www.anc.cr\\\/daniel-h-janzen\\\/#primaryimage\"},\"image\":{\"@id\":\"https:\\\/\\\/www.anc.cr\\\/daniel-h-janzen\\\/#primaryimage\"},\"thumbnailUrl\":\"https:\\\/\\\/www.anc.cr\\\/wp-content\\\/uploads\\\/2024\\\/07\\\/image-35.png\",\"datePublished\":\"2024-07-09T11:40:28+00:00\",\"dateModified\":\"2024-07-09T11:40:33+00:00\",\"breadcrumb\":{\"@id\":\"https:\\\/\\\/www.anc.cr\\\/daniel-h-janzen\\\/#breadcrumb\"},\"inLanguage\":\"en-US\",\"potentialAction\":[{\"@type\":\"ReadAction\",\"target\":[\"https:\\\/\\\/www.anc.cr\\\/daniel-h-janzen\\\/\"]}]},{\"@type\":\"ImageObject\",\"inLanguage\":\"en-US\",\"@id\":\"https:\\\/\\\/www.anc.cr\\\/daniel-h-janzen\\\/#primaryimage\",\"url\":\"https:\\\/\\\/www.anc.cr\\\/wp-content\\\/uploads\\\/2024\\\/07\\\/image-35.png\",\"contentUrl\":\"https:\\\/\\\/www.anc.cr\\\/wp-content\\\/uploads\\\/2024\\\/07\\\/image-35.png\",\"width\":400,\"height\":400},{\"@type\":\"BreadcrumbList\",\"@id\":\"https:\\\/\\\/www.anc.cr\\\/daniel-h-janzen\\\/#breadcrumb\",\"itemListElement\":[{\"@type\":\"ListItem\",\"position\":1,\"name\":\"Portada\",\"item\":\"https:\\\/\\\/www.anc.cr\\\/\"},{\"@type\":\"ListItem\",\"position\":2,\"name\":\"Daniel H. Janzen\"}]},{\"@type\":\"WebSite\",\"@id\":\"https:\\\/\\\/www.anc.cr\\\/#website\",\"url\":\"https:\\\/\\\/www.anc.cr\\\/\",\"name\":\"ANC\",\"description\":\"Academia Nacional de Ciencias\",\"publisher\":{\"@id\":\"https:\\\/\\\/www.anc.cr\\\/#organization\"},\"potentialAction\":[{\"@type\":\"SearchAction\",\"target\":{\"@type\":\"EntryPoint\",\"urlTemplate\":\"https:\\\/\\\/www.anc.cr\\\/?s={search_term_string}\"},\"query-input\":{\"@type\":\"PropertyValueSpecification\",\"valueRequired\":true,\"valueName\":\"search_term_string\"}}],\"inLanguage\":\"en-US\"},{\"@type\":\"Organization\",\"@id\":\"https:\\\/\\\/www.anc.cr\\\/#organization\",\"name\":\"ANC\",\"url\":\"https:\\\/\\\/www.anc.cr\\\/\",\"logo\":{\"@type\":\"ImageObject\",\"inLanguage\":\"en-US\",\"@id\":\"https:\\\/\\\/www.anc.cr\\\/#\\\/schema\\\/logo\\\/image\\\/\",\"url\":\"https:\\\/\\\/www.anc.cr\\\/wp-content\\\/uploads\\\/2024\\\/07\\\/Logo-ANC-CR.png\",\"contentUrl\":\"https:\\\/\\\/www.anc.cr\\\/wp-content\\\/uploads\\\/2024\\\/07\\\/Logo-ANC-CR.png\",\"width\":1051,\"height\":593,\"caption\":\"ANC\"},\"image\":{\"@id\":\"https:\\\/\\\/www.anc.cr\\\/#\\\/schema\\\/logo\\\/image\\\/\"}}]}<\/script>\n<!-- \/ Yoast SEO plugin. -->","yoast_head_json":{"title":"Daniel H. Janzen - ANC","robots":{"index":"index","follow":"follow","max-snippet":"max-snippet:-1","max-image-preview":"max-image-preview:large","max-video-preview":"max-video-preview:-1"},"canonical":"https:\/\/www.anc.cr\/en\/daniel-h-janzen\/","og_locale":"en_US","og_type":"article","og_title":"Daniel H. Janzen - ANC","og_description":"Daniel H. Janzen Acad\u00e9mico Correspondiente Daniel H. Janzen enfoca su \u00e1rea de investigaci\u00f3n en la ecolog\u00eda y la biodiversidad de los ecosistemas. Ha estudiado la historia natural de las interacciones de animales y plantas tropicales y la ecolog\u00eda de la interfaz entre la sociedad y la biodiversidad forestal tropical. Adem\u00e1s, en Costa Rica ha trabajado [&hellip;]","og_url":"https:\/\/www.anc.cr\/en\/daniel-h-janzen\/","og_site_name":"ANC","article_modified_time":"2024-07-09T11:40:33+00:00","og_image":[{"width":400,"height":400,"url":"https:\/\/www.anc.cr\/wp-content\/uploads\/2024\/07\/image-35.png","type":"image\/png"}],"twitter_card":"summary_large_image","twitter_misc":{"Est. reading time":"4 minutes"},"schema":{"@context":"https:\/\/schema.org","@graph":[{"@type":"WebPage","@id":"https:\/\/www.anc.cr\/daniel-h-janzen\/","url":"https:\/\/www.anc.cr\/daniel-h-janzen\/","name":"Daniel H. Janzen - ANC","isPartOf":{"@id":"https:\/\/www.anc.cr\/#website"},"primaryImageOfPage":{"@id":"https:\/\/www.anc.cr\/daniel-h-janzen\/#primaryimage"},"image":{"@id":"https:\/\/www.anc.cr\/daniel-h-janzen\/#primaryimage"},"thumbnailUrl":"https:\/\/www.anc.cr\/wp-content\/uploads\/2024\/07\/image-35.png","datePublished":"2024-07-09T11:40:28+00:00","dateModified":"2024-07-09T11:40:33+00:00","breadcrumb":{"@id":"https:\/\/www.anc.cr\/daniel-h-janzen\/#breadcrumb"},"inLanguage":"en-US","potentialAction":[{"@type":"ReadAction","target":["https:\/\/www.anc.cr\/daniel-h-janzen\/"]}]},{"@type":"ImageObject","inLanguage":"en-US","@id":"https:\/\/www.anc.cr\/daniel-h-janzen\/#primaryimage","url":"https:\/\/www.anc.cr\/wp-content\/uploads\/2024\/07\/image-35.png","contentUrl":"https:\/\/www.anc.cr\/wp-content\/uploads\/2024\/07\/image-35.png","width":400,"height":400},{"@type":"BreadcrumbList","@id":"https:\/\/www.anc.cr\/daniel-h-janzen\/#breadcrumb","itemListElement":[{"@type":"ListItem","position":1,"name":"Portada","item":"https:\/\/www.anc.cr\/"},{"@type":"ListItem","position":2,"name":"Daniel H. Janzen"}]},{"@type":"WebSite","@id":"https:\/\/www.anc.cr\/#website","url":"https:\/\/www.anc.cr\/","name":"ANC","description":"Academia Nacional de Ciencias","publisher":{"@id":"https:\/\/www.anc.cr\/#organization"},"potentialAction":[{"@type":"SearchAction","target":{"@type":"EntryPoint","urlTemplate":"https:\/\/www.anc.cr\/?s={search_term_string}"},"query-input":{"@type":"PropertyValueSpecification","valueRequired":true,"valueName":"search_term_string"}}],"inLanguage":"en-US"},{"@type":"Organization","@id":"https:\/\/www.anc.cr\/#organization","name":"ANC","url":"https:\/\/www.anc.cr\/","logo":{"@type":"ImageObject","inLanguage":"en-US","@id":"https:\/\/www.anc.cr\/#\/schema\/logo\/image\/","url":"https:\/\/www.anc.cr\/wp-content\/uploads\/2024\/07\/Logo-ANC-CR.png","contentUrl":"https:\/\/www.anc.cr\/wp-content\/uploads\/2024\/07\/Logo-ANC-CR.png","width":1051,"height":593,"caption":"ANC"},"image":{"@id":"https:\/\/www.anc.cr\/#\/schema\/logo\/image\/"}}]}},"_links":{"self":[{"href":"https:\/\/www.anc.cr\/en\/wp-json\/wp\/v2\/pages\/636","targetHints":{"allow":["GET"]}}],"collection":[{"href":"https:\/\/www.anc.cr\/en\/wp-json\/wp\/v2\/pages"}],"about":[{"href":"https:\/\/www.anc.cr\/en\/wp-json\/wp\/v2\/types\/page"}],"author":[{"embeddable":true,"href":"https:\/\/www.anc.cr\/en\/wp-json\/wp\/v2\/users\/1"}],"replies":[{"embeddable":true,"href":"https:\/\/www.anc.cr\/en\/wp-json\/wp\/v2\/comments?post=636"}],"version-history":[{"count":1,"href":"https:\/\/www.anc.cr\/en\/wp-json\/wp\/v2\/pages\/636\/revisions"}],"predecessor-version":[{"id":642,"href":"https:\/\/www.anc.cr\/en\/wp-json\/wp\/v2\/pages\/636\/revisions\/642"}],"wp:featuredmedia":[{"embeddable":true,"href":"https:\/\/www.anc.cr\/en\/wp-json\/wp\/v2\/media\/626"}],"wp:attachment":[{"href":"https:\/\/www.anc.cr\/en\/wp-json\/wp\/v2\/media?parent=636"}],"curies":[{"name":"wp","href":"https:\/\/api.w.org\/{rel}","templated":true}]}}