{"id":635,"date":"2024-07-09T05:40:16","date_gmt":"2024-07-09T11:40:16","guid":{"rendered":"http:\/\/anc.local\/?page_id=635"},"modified":"2025-04-23T10:05:18","modified_gmt":"2025-04-23T16:05:18","slug":"berna-van-wendel-de-joode","status":"publish","type":"page","link":"https:\/\/www.anc.cr\/en\/berna-van-wendel-de-joode\/","title":{"rendered":"Berendina (Berna) van Wendel De Joode"},"content":{"rendered":"\n<div class=\"wp-block-group alignfull has-global-padding is-layout-constrained wp-container-core-group-is-layout-cb151cc7 wp-block-group-is-layout-constrained\" style=\"margin-top:0;margin-bottom:0;padding-top:0;padding-right:var(--wp--preset--spacing--50);padding-bottom:0;padding-left:var(--wp--preset--spacing--50)\">\n<div class=\"wp-block-columns alignwide are-vertically-aligned-center is-layout-flex wp-container-core-columns-is-layout-47c06fe3 wp-block-columns-is-layout-flex\">\n<div class=\"wp-block-column is-vertically-aligned-center is-layout-flow wp-block-column-is-layout-flow\" style=\"flex-basis:50%\">\n<h3 class=\"wp-block-heading has-x-large-font-size\"><strong>Berendina (Berna) van Wendel De Joode<\/strong><\/h3>\n\n\n\n<p>Acad\u00e9mico Correspondiente<\/p>\n\n\n\n<ul class=\"wp-block-list\">\n<li>Catedr\u00e1tica, Instituto Regional de Estudios en Sustancias T\u00f3xicas (IRET), Universidad Nacional<\/li>\n\n\n\n<li>Doctor of Philosophy (PhD), Utrecht University, Pa\u00edses Bajos. Fecha de equiparaci\u00f3n 12 de febrero del 2009, Universidad de Costa Rica.<\/li>\n\n\n\n<li>M.Sc. en Ciencias Sanitarias Biom\u00e9dicas, Radboud University, Nijmegen, Pa\u00edses Bajos (1996). Fecha de equiparaci\u00f3n 19 de octubre del 2016, Universidad de Costa Rica..\u00a0<\/li>\n<\/ul>\n<\/div>\n\n\n\n<div class=\"wp-block-column is-vertically-aligned-center is-layout-flow wp-block-column-is-layout-flow\" style=\"flex-basis:50%\"><figure style=\"width:500px;height:500px;\" class=\"wp-block-post-featured-image\"><img decoding=\"async\" width=\"959\" height=\"1280\" src=\"https:\/\/www.anc.cr\/wp-content\/uploads\/2025\/04\/BERNA-VAN-WENDEL-DE-JOODE.jpeg\" class=\"attachment-post-thumbnail size-post-thumbnail wp-post-image\" alt=\"\" style=\"height:500px;object-fit:cover;\" srcset=\"https:\/\/www.anc.cr\/wp-content\/uploads\/2025\/04\/BERNA-VAN-WENDEL-DE-JOODE.jpeg 959w, https:\/\/www.anc.cr\/wp-content\/uploads\/2025\/04\/BERNA-VAN-WENDEL-DE-JOODE-225x300.jpeg 225w, https:\/\/www.anc.cr\/wp-content\/uploads\/2025\/04\/BERNA-VAN-WENDEL-DE-JOODE-767x1024.jpeg 767w, https:\/\/www.anc.cr\/wp-content\/uploads\/2025\/04\/BERNA-VAN-WENDEL-DE-JOODE-768x1025.jpeg 768w, https:\/\/www.anc.cr\/wp-content\/uploads\/2025\/04\/BERNA-VAN-WENDEL-DE-JOODE-9x12.jpeg 9w\" sizes=\"(max-width: 959px) 100vw, 959px\" \/><\/figure><\/div>\n<\/div>\n<\/div>\n\n\n\n<div style=\"height:10px\" aria-hidden=\"true\" class=\"wp-block-spacer\"><\/div>\n\n\n\n<hr class=\"wp-block-separator has-alpha-channel-opacity\"\/>\n\n\n\n<div style=\"height:15px\" aria-hidden=\"true\" class=\"wp-block-spacer\"><\/div>\n\n\n\n<p>Berendina (Berna) van Wendel de Joode, oriunda de los Pa\u00edses Bajos, estuvo vinculada por primera vez con la Universidad Nacional en el 1995, cuando evalu\u00f3 la exposici\u00f3n laboral a plaguicidas en aplicadores, dentro del contexto de una pasant\u00eda de su maestr\u00eda. Posteriormente, estudi\u00f3 los efectos neuroconductuales a largo plazo en antiguos aplicadores de DDT en Costa Rica. Del 1999 al 2004, como parte de sus estudios de doctorado en Utrecht University, Pa\u00edses Bajos, dise\u00f1\u00f3 y estudi\u00f3 la validez un m\u00e9todo observacional de evaluaci\u00f3n de la exposici\u00f3n d\u00e9rmica a agentes qu\u00edmicos (DREAM) y lo aplic\u00f3 en un estudio epidemiol\u00f3gico, El m\u00e9todo se convirti\u00f3 en una directriz t\u00e9cnica del Instituto Nacional de Higiene y Seguridad en el Trabajo en Espa\u00f1a (NTP896, 2011).<\/p>\n\n\n\n<p>A partir del 2004, ha sido acad\u00e9mica de la Universidad Nacional y liderado investigaciones con enfoques participativos y componentes de acci\u00f3n para: (i) reducir la tasa de accidentabilidad en la industria de la ca\u00f1a de az\u00facar; (ii) estudiar c\u00f3mo la salud de ni\u00f1os y mujeres se puede afectar por la exposici\u00f3n a plaguicidas. Del 2009 al 2012 fue la Coordinadora Regional de una Comunidad de Pr\u00e1ctica en el Enfoque Ecosist\u00e9mico en Salud Humana en Am\u00e9rica Latina y el Caribe (CopEH-LAC) con la participaci\u00f3n de 17 pa\u00edses.<\/p>\n\n\n\n<p>Desde el 2010, coordina un grupo de investigaci\u00f3n \u2018el programa Infantes y Salud Ambiental (ISA)\u2019 <a href=\"https:\/\/www.isa.una.ac.cr\/index.php\/es\/\">https:\/\/www.isa.una.ac.cr\/index.php\/es\/<\/a>, donde se estableci\u00f3 una cohorte de nacimientos para estudiar los efectos de plaguicidas, y otros factores socio-ambientales, sobre la salud de infantes y sus madres en el tiempo, aplicando enfoques ecosist\u00e9micos. Lo anterior, para la promoci\u00f3n de acciones que reduzcan el contacto y mitiguen posibles efectos. Los resultados han sido publicados en una amplia gama de revistas indexadas.<\/p>\n\n\n\n<p>Recibi\u00f3 el premio \u2018Investigadora destacada de la Universidad Nacional\u2019 en el 2017. Ha sido la investigadora principal de proyectos financiados por el \u2018International Development Research Centre\u2019, Canad\u00e1 y \u2018National Institutes of Health\u2019, Estados Unidos. Ha sido presidenta del Comit\u00e9 \u00c9tico Cient\u00edfico de la UNA del 2014 al 2020 y es miembro actual del mismo. Ha (co)supervisada estudiantes de bachillerato, licenciatura, maestr\u00eda, y doctorado, tanto a nivel nacional como internacional. Actualmente, coordina la maestr\u00eda en Salud Ocupacional con \u00c9nfasis en Higiene Ambiental de la Universidad Nacional &#8211; Instituto Tecnol\u00f3gico de Costa Rica y es profesora&nbsp;titular del curso de Epidemiolog\u00eda Ocupacional y Ambiental de esta maestr\u00eda. Es miembro del Consejo de Editores de la revista \u2018Environmental Epidemiology\u2019 y del Comit\u00e9 Adjunto de la revista \u2018Annals of Work Exposures and Health\u2019, y colabora como revisora con revistas de su campo.<\/p>\n\n\n\n<h3 class=\"wp-block-heading\">Publicaciones representativas:<\/h3>\n\n\n\n<ul class=\"wp-block-list\">\n<li><strong>van Wendel de Joode, B.<\/strong>, Pe\u00f1aloza-Casta\u00f1eda, J., Mora, A.M., Corrales-Vargas, A., Eskenazi, B., Hoppin, J. A., Lindh, C. H. <a href=\"https:\/\/journals.lww.com\/environepidem\/fulltext\/2024\/04000\/pesticide_exposure,_birth_size,_and_gestational.2.aspx\" target=\"_blank\" rel=\"noreferrer noopener\">Pesticide exposure, birth size, and gestational age in the ISA birth cohort, Costa Rica<\/a>. 2024. Environmental Epidemiology <a href=\"https:\/\/journals.lww.com\/environepidem\/toc\/2024\/04000\">8(2):p e290, April 2024<\/a>. DOI: <a href=\"https:\/\/doi.org\/10.1097\/ee9.0000000000000290\">https:\/\/doi.org\/10.1097\/ee9.0000000000000290<\/a><\/li>\n\n\n\n<li>Conejo-Bola\u00f1os, L.D., Mora, M.M., Hern\u00e1ndez-Bonilla, D., Camilo Cano, J., Menezes-Filho, J.A., Eskenazi, B., Lindh, C.H., <strong>van Wendel de Joode, B<\/strong>. <a href=\"https:\/\/www.sciencedirect.com\/science\/article\/pii\/S0013935124001269\" target=\"_blank\" rel=\"noreferrer noopener\">Prenatal current-use pesticide exposure and children&#8217;s neurodevelopment at one year of age in the Infants&#8217; Environmental Health (ISA) birth cohort, Costa Rica<\/a>. 2024. Environmental Research. <a href=\"https:\/\/www.sciencedirect.com\/journal\/environmental-research\/vol\/249\/suppl\/C\">Volume 249<\/a>, 15 May 2024, 118222. DOI:\u00a0<a href=\"https:\/\/www.sciencedirect.com\/science\/article\/pii\/S0013935124001269?via%3Dihub\">https:\/\/www.sciencedirect.com\/science\/article\/pii\/S0013935124001269?via%3Dihub<\/a><\/li>\n\n\n\n<li>Huma\u00f1a-Rodr\u00edguez, H., Arboleda-Julio, E., D\u00edaz-Quesada, M., <strong>van Wendel de Joode, B<\/strong>. <a href=\"https:\/\/revistaet.environmenttechnologyfoundation.org\/index.php\/envitech\/article\/view\/129\/87\" target=\"_blank\" rel=\"noreferrer noopener\">Evaluation of the effectiveness of the use of pesticide-free bags in banana production in Bratsi and Sixaola, Talamanca canton, Costa Rica.<\/a>\u00a02023. Environment &amp; Technology. Vol. 4, No. 2. DOI:\u00a0<a href=\"https:\/\/revistaet.environmenttechnologyfoundation.org\/index.php\/envitech\/article\/view\/129\">https:\/\/revistaet.environmenttechnologyfoundation.org\/index.php\/envitech\/article\/view\/129<\/a><\/li>\n\n\n\n<li>Palomo-Cordero, L., Rodr\u00edguez-Miranda, R., Hoppin, J. A., <strong>van Wendel de Joode, B<\/strong>. <a href=\"https:\/\/doi.org\/10.56205\/ret.4-1.2\" target=\"_blank\" rel=\"noreferrer noopener\">Geospatial analysis of buffer zones for aerial pesticide spraying on banana plantations, Costa Rica<\/a>. 2023. Environment &amp; Technology. Vol. 4, No. 1. DOI:\u00a0<a href=\"https:\/\/revistaet.environmenttechnologyfoundation.org\/index.php\/envitech\/article\/view\/118\">https:\/\/revistaet.environmenttechnologyfoundation.org\/index.php\/envitech\/article\/view\/118<\/a><\/li>\n\n\n\n<li>Krais, A.M., <strong>van Wendel de Joode B<\/strong>, Liljedahl, E.R.\u00a0et al.\u00a0Detection of the fungicide transformation product 4-hydroxychlorothalonil in serum of pregnant women from Sweden and Costa Rica.\u00a0J Expo Sci Environ Epidemiol\u00a0(2023). <a href=\"https:\/\/doi.org\/10.1038\/s41370-023-00580-8\">https:\/\/doi.org\/10.1038\/s41370-023-00580-8<\/a><\/li>\n\n\n\n<li><a href=\"https:\/\/pubmed.ncbi.nlm.nih.gov\/?sort=date&amp;size=50&amp;term=Giffin+A&amp;cauthor_id=35728412\">Giffin<\/a> A,\u00a0<a href=\"https:\/\/pubmed.ncbi.nlm.nih.gov\/35728412\/#affiliation-2\">Hoppin<\/a> JA,\u00a0<a href=\"https:\/\/pubmed.ncbi.nlm.nih.gov\/?sort=date&amp;size=50&amp;term=C%C3%B3rdoba+L&amp;cauthor_id=35728412\">C\u00f3rdoba<\/a>\u00a0<a href=\"https:\/\/pubmed.ncbi.nlm.nih.gov\/35728412\/#affiliation-3\">L<\/a>,\u00a0<a href=\"https:\/\/pubmed.ncbi.nlm.nih.gov\/?sort=date&amp;size=50&amp;term=Solano-D%C3%ADaz+K&amp;cauthor_id=35728412\">Solano-D\u00edaz<\/a>\u00a0<a href=\"https:\/\/pubmed.ncbi.nlm.nih.gov\/35728412\/#affiliation-3\">K<\/a>,\u00a0<a href=\"https:\/\/pubmed.ncbi.nlm.nih.gov\/?sort=date&amp;size=50&amp;term=Ruepert+C&amp;cauthor_id=35728412\">Ruepert<\/a>\u00a0C,\u00a0<a href=\"https:\/\/pubmed.ncbi.nlm.nih.gov\/?sort=date&amp;size=50&amp;term=Pe%C3%B1aloza-Casta%C3%B1eda+J&amp;cauthor_id=35728412\">Pe\u00f1aloza-Casta\u00f1eda<\/a>\u00a0<a href=\"https:\/\/pubmed.ncbi.nlm.nih.gov\/35728412\/#affiliation-3\">J<\/a>,\u00a0<a href=\"https:\/\/pubmed.ncbi.nlm.nih.gov\/35728412\/#affiliation-4\">Lind<\/a> CH,\u00a0<a href=\"https:\/\/pubmed.ncbi.nlm.nih.gov\/?sort=date&amp;size=50&amp;term=Reich+BJ&amp;cauthor_id=35728412\">Reich<\/a>\u00a0<a href=\"https:\/\/pubmed.ncbi.nlm.nih.gov\/35728412\/#affiliation-5\">BJ<\/a>,\u00a0<a href=\"https:\/\/pubmed.ncbi.nlm.nih.gov\/?sort=date&amp;size=50&amp;term=van+Wendel+de+Joode+B&amp;cauthor_id=35728412\"><strong>van Wendel de Joode<\/strong><\/a><strong>\u00a0<\/strong><a href=\"https:\/\/pubmed.ncbi.nlm.nih.gov\/35728412\/#affiliation-6\"><strong>B.<\/strong><\/a> Pyrimethanil and chlorpyrifos air concentrations and pregnant women&#8217;s urinary metabolites in the Infants&#8217; Environmental Health Study (ISA), Costa Rica. Environ Int.\u00a02022 May 30;166:107328. DOI:\u00a0<a href=\"https:\/\/doi.org\/10.1016\/j.envint.2022.107328\">https:\/\/doi.org\/10.1016\/j.envint.2022.107328<\/a>.<\/li>\n\n\n\n<li>Online ahead of print. PMID:\u00a035728412<\/li>\n\n\n\n<li>Rodr\u00edguez-Miranda R, Palomo-Cordero L, Padilla-Mora M, Corrales-Vargas A, <strong>van Wendel de Joode B<\/strong>. Aprendizaje a trav\u00e9s de estrategias l\u00fadicas: una herramienta para la Educaci\u00f3n Ambiental [Playful Learning: a tool for Environmental Education]. Rev Cienc Ambient. 2022 Jan-Jun;56(1):209-228. Spanish. doi: <a href=\"https:\/\/pubmed.ncbi.nlm.nih.gov\/35822176\/\">https:\/\/pubmed.ncbi.nlm.nih.gov\/35822176\/<\/a>. PMID: 35822176; PMCID: PMC9273103.<\/li>\n\n\n\n<li>Islam JY, Hoppin J, Mora AM, Soto-Martinez ME, Gamboa LC, Casta\u00f1eda JEP, Reich B, Lindh C, <strong>van Wendel de Joode B<\/strong>. Respiratory and allergic outcomes among 5-year-old children exposed to pesticides. Thorax. 2022 Feb 24:thoraxjnl-2021-218068. doi: <a href=\"https:\/\/pubmed.ncbi.nlm.nih.gov\/35210357\/\">https:\/\/pubmed.ncbi.nlm.nih.gov\/35210357\/<\/a> Epub ahead of print. PMID: 35210357; PMCID: PMC9533533.<\/li>\n\n\n\n<li>Corrales Vargas A, Pe\u00f1aloza Casta\u00f1eda J, Rietz Liljedahl E, Mora AM, Menezes-Filho JA, Smith DR, Mergler D, Reich B, Giffin A, Hoppin JA, Lindh CH,\u00a0<strong>van Wendel de Joode B<\/strong>. <a href=\"https:\/\/pubmed.ncbi.nlm.nih.gov\/34756903\/\">Exposure to common-use pesticides, manganese, lead, and thyroid function among pregnant women from the Infants&#8217; Environmental Health (ISA) study, Costa Rica.<\/a> Sci Total Environ. 2022 Mar 1;810:151288. doi: <a href=\"https:\/\/doi.org\/10.1016\/j.scitotenv.2021.151288\">https:\/\/doi.org\/10.1016\/j.scitotenv.2021.151288<\/a> . Epub 2021 Oct 28.PMID:\u00a034756903<\/li>\n\n\n\n<li>Mora AM, C\u00f3rdoba L, Cano JC, Hernandez-Bonilla D, Pardo L, Schnaas L, Smith DR, Menezes-Filho JA, Mergler D, Lindh CH, Eskenazi B, van <strong>Wendel de Joode B<\/strong>. <a href=\"https:\/\/www.ncbi.nlm.nih.gov\/pubmed\/29847083\">Prenatal Mancozeb Exposure, Excess Manganese, and Neurodevelopment at 1 Year of Age in the Infants&#8217; Environmental Health (ISA) Study.<\/a>Environ Health Perspect. 2018 May 29;126(5):057007. doi: <a href=\"https:\/\/doi.org\/10.1289\/EHP1955\">https:\/\/doi.org\/10.1289\/EHP1955<\/a>. eCollection 2018 May. PMID: 29847083.<\/li>\n\n\n\n<li><strong>van Wendel de Joode B<\/strong>, Mora AM, Lindh CH, Hern\u00e1ndez-Bonilla D, C\u00f3rdoba L, Wesseling C, Hoppin JA, Mergler D. Pesticide exposure and neurodevelopment in children aged 6 to 9 years from Talamanca, Costa Rica. Cortex. 2016 Dec;85:137-150. doi: <a href=\"https:\/\/doi.org\/10.1016\/j.cortex.2016.09.003\">https:\/\/doi.org\/10.1016\/j.cortex.2016.09.003<\/a> . PMID: 27773359.<\/li>\n\n\n\n<li><strong>van Wendel de Joode B<\/strong>, Wesseling C, Kromhout H, Monge P, Garc\u00eda M, Mergler D. Chronic nervous-system effects of long-term occupational exposure to DDT. Lancet. 2001 Mar 31;357(9261):1014-6. <a href=\"https:\/\/doi.org\/10.1016\/s0140-6736(00)04249-5\" target=\"_blank\" rel=\"noreferrer noopener\">10.1016\/S0140-6736(00)04249-5<\/a><\/li>\n<\/ul>\n","protected":false},"excerpt":{"rendered":"<p>Berendina (Berna) van Wendel De Joode Acad\u00e9mico Correspondiente Berendina (Berna) van Wendel de Joode, oriunda de los Pa\u00edses Bajos, estuvo vinculada por primera vez con la Universidad Nacional en el 1995, cuando evalu\u00f3 la exposici\u00f3n laboral a plaguicidas en aplicadores, dentro del contexto de una pasant\u00eda de su maestr\u00eda. Posteriormente, estudi\u00f3 los efectos neuroconductuales a [&hellip;]<\/p>\n","protected":false},"author":1,"featured_media":2439,"parent":0,"menu_order":0,"comment_status":"closed","ping_status":"closed","template":"","meta":{"footnotes":""},"class_list":["post-635","page","type-page","status-publish","has-post-thumbnail","hentry"],"yoast_head":"<!-- This site is optimized with the Yoast SEO plugin v27.3 - https:\/\/yoast.com\/product\/yoast-seo-wordpress\/ -->\n<title>Berendina (Berna) van Wendel De Joode - ANC<\/title>\n<meta name=\"robots\" content=\"index, follow, max-snippet:-1, max-image-preview:large, max-video-preview:-1\" \/>\n<link rel=\"canonical\" href=\"https:\/\/www.anc.cr\/en\/berna-van-wendel-de-joode\/\" \/>\n<meta property=\"og:locale\" content=\"en_US\" \/>\n<meta property=\"og:type\" content=\"article\" \/>\n<meta property=\"og:title\" content=\"Berendina (Berna) van Wendel De Joode - ANC\" \/>\n<meta property=\"og:description\" content=\"Berendina (Berna) van Wendel De Joode Acad\u00e9mico Correspondiente Berendina (Berna) van Wendel de Joode, oriunda de los Pa\u00edses Bajos, estuvo vinculada por primera vez con la Universidad Nacional en el 1995, cuando evalu\u00f3 la exposici\u00f3n laboral a plaguicidas en aplicadores, dentro del contexto de una pasant\u00eda de su maestr\u00eda. Posteriormente, estudi\u00f3 los efectos neuroconductuales a [&hellip;]\" \/>\n<meta property=\"og:url\" content=\"https:\/\/www.anc.cr\/en\/berna-van-wendel-de-joode\/\" \/>\n<meta property=\"og:site_name\" content=\"ANC\" \/>\n<meta property=\"article:modified_time\" content=\"2025-04-23T16:05:18+00:00\" \/>\n<meta property=\"og:image\" content=\"https:\/\/www.anc.cr\/wp-content\/uploads\/2025\/04\/BERNA-VAN-WENDEL-DE-JOODE.jpeg\" \/>\n\t<meta property=\"og:image:width\" content=\"959\" \/>\n\t<meta property=\"og:image:height\" content=\"1280\" \/>\n\t<meta property=\"og:image:type\" content=\"image\/jpeg\" \/>\n<meta name=\"twitter:card\" content=\"summary_large_image\" \/>\n<meta name=\"twitter:label1\" content=\"Est. reading time\" \/>\n\t<meta name=\"twitter:data1\" content=\"5 minutes\" \/>\n<script type=\"application\/ld+json\" class=\"yoast-schema-graph\">{\"@context\":\"https:\\\/\\\/schema.org\",\"@graph\":[{\"@type\":\"WebPage\",\"@id\":\"https:\\\/\\\/www.anc.cr\\\/berna-van-wendel-de-joode\\\/\",\"url\":\"https:\\\/\\\/www.anc.cr\\\/berna-van-wendel-de-joode\\\/\",\"name\":\"Berendina (Berna) van Wendel De Joode - ANC\",\"isPartOf\":{\"@id\":\"https:\\\/\\\/www.anc.cr\\\/#website\"},\"primaryImageOfPage\":{\"@id\":\"https:\\\/\\\/www.anc.cr\\\/berna-van-wendel-de-joode\\\/#primaryimage\"},\"image\":{\"@id\":\"https:\\\/\\\/www.anc.cr\\\/berna-van-wendel-de-joode\\\/#primaryimage\"},\"thumbnailUrl\":\"https:\\\/\\\/www.anc.cr\\\/wp-content\\\/uploads\\\/2025\\\/04\\\/BERNA-VAN-WENDEL-DE-JOODE.jpeg\",\"datePublished\":\"2024-07-09T11:40:16+00:00\",\"dateModified\":\"2025-04-23T16:05:18+00:00\",\"breadcrumb\":{\"@id\":\"https:\\\/\\\/www.anc.cr\\\/berna-van-wendel-de-joode\\\/#breadcrumb\"},\"inLanguage\":\"en-US\",\"potentialAction\":[{\"@type\":\"ReadAction\",\"target\":[\"https:\\\/\\\/www.anc.cr\\\/berna-van-wendel-de-joode\\\/\"]}]},{\"@type\":\"ImageObject\",\"inLanguage\":\"en-US\",\"@id\":\"https:\\\/\\\/www.anc.cr\\\/berna-van-wendel-de-joode\\\/#primaryimage\",\"url\":\"https:\\\/\\\/www.anc.cr\\\/wp-content\\\/uploads\\\/2025\\\/04\\\/BERNA-VAN-WENDEL-DE-JOODE.jpeg\",\"contentUrl\":\"https:\\\/\\\/www.anc.cr\\\/wp-content\\\/uploads\\\/2025\\\/04\\\/BERNA-VAN-WENDEL-DE-JOODE.jpeg\",\"width\":959,\"height\":1280},{\"@type\":\"BreadcrumbList\",\"@id\":\"https:\\\/\\\/www.anc.cr\\\/berna-van-wendel-de-joode\\\/#breadcrumb\",\"itemListElement\":[{\"@type\":\"ListItem\",\"position\":1,\"name\":\"Portada\",\"item\":\"https:\\\/\\\/www.anc.cr\\\/\"},{\"@type\":\"ListItem\",\"position\":2,\"name\":\"Berendina (Berna) van Wendel De Joode\"}]},{\"@type\":\"WebSite\",\"@id\":\"https:\\\/\\\/www.anc.cr\\\/#website\",\"url\":\"https:\\\/\\\/www.anc.cr\\\/\",\"name\":\"ANC\",\"description\":\"Academia Nacional de Ciencias\",\"publisher\":{\"@id\":\"https:\\\/\\\/www.anc.cr\\\/#organization\"},\"potentialAction\":[{\"@type\":\"SearchAction\",\"target\":{\"@type\":\"EntryPoint\",\"urlTemplate\":\"https:\\\/\\\/www.anc.cr\\\/?s={search_term_string}\"},\"query-input\":{\"@type\":\"PropertyValueSpecification\",\"valueRequired\":true,\"valueName\":\"search_term_string\"}}],\"inLanguage\":\"en-US\"},{\"@type\":\"Organization\",\"@id\":\"https:\\\/\\\/www.anc.cr\\\/#organization\",\"name\":\"ANC\",\"url\":\"https:\\\/\\\/www.anc.cr\\\/\",\"logo\":{\"@type\":\"ImageObject\",\"inLanguage\":\"en-US\",\"@id\":\"https:\\\/\\\/www.anc.cr\\\/#\\\/schema\\\/logo\\\/image\\\/\",\"url\":\"https:\\\/\\\/www.anc.cr\\\/wp-content\\\/uploads\\\/2024\\\/07\\\/Logo-ANC-CR.png\",\"contentUrl\":\"https:\\\/\\\/www.anc.cr\\\/wp-content\\\/uploads\\\/2024\\\/07\\\/Logo-ANC-CR.png\",\"width\":1051,\"height\":593,\"caption\":\"ANC\"},\"image\":{\"@id\":\"https:\\\/\\\/www.anc.cr\\\/#\\\/schema\\\/logo\\\/image\\\/\"}}]}<\/script>\n<!-- \/ Yoast SEO plugin. -->","yoast_head_json":{"title":"Berendina (Berna) van Wendel De Joode - ANC","robots":{"index":"index","follow":"follow","max-snippet":"max-snippet:-1","max-image-preview":"max-image-preview:large","max-video-preview":"max-video-preview:-1"},"canonical":"https:\/\/www.anc.cr\/en\/berna-van-wendel-de-joode\/","og_locale":"en_US","og_type":"article","og_title":"Berendina (Berna) van Wendel De Joode - ANC","og_description":"Berendina (Berna) van Wendel De Joode Acad\u00e9mico Correspondiente Berendina (Berna) van Wendel de Joode, oriunda de los Pa\u00edses Bajos, estuvo vinculada por primera vez con la Universidad Nacional en el 1995, cuando evalu\u00f3 la exposici\u00f3n laboral a plaguicidas en aplicadores, dentro del contexto de una pasant\u00eda de su maestr\u00eda. Posteriormente, estudi\u00f3 los efectos neuroconductuales a [&hellip;]","og_url":"https:\/\/www.anc.cr\/en\/berna-van-wendel-de-joode\/","og_site_name":"ANC","article_modified_time":"2025-04-23T16:05:18+00:00","og_image":[{"width":959,"height":1280,"url":"https:\/\/www.anc.cr\/wp-content\/uploads\/2025\/04\/BERNA-VAN-WENDEL-DE-JOODE.jpeg","type":"image\/jpeg"}],"twitter_card":"summary_large_image","twitter_misc":{"Est. reading time":"5 minutes"},"schema":{"@context":"https:\/\/schema.org","@graph":[{"@type":"WebPage","@id":"https:\/\/www.anc.cr\/berna-van-wendel-de-joode\/","url":"https:\/\/www.anc.cr\/berna-van-wendel-de-joode\/","name":"Berendina (Berna) van Wendel De Joode - ANC","isPartOf":{"@id":"https:\/\/www.anc.cr\/#website"},"primaryImageOfPage":{"@id":"https:\/\/www.anc.cr\/berna-van-wendel-de-joode\/#primaryimage"},"image":{"@id":"https:\/\/www.anc.cr\/berna-van-wendel-de-joode\/#primaryimage"},"thumbnailUrl":"https:\/\/www.anc.cr\/wp-content\/uploads\/2025\/04\/BERNA-VAN-WENDEL-DE-JOODE.jpeg","datePublished":"2024-07-09T11:40:16+00:00","dateModified":"2025-04-23T16:05:18+00:00","breadcrumb":{"@id":"https:\/\/www.anc.cr\/berna-van-wendel-de-joode\/#breadcrumb"},"inLanguage":"en-US","potentialAction":[{"@type":"ReadAction","target":["https:\/\/www.anc.cr\/berna-van-wendel-de-joode\/"]}]},{"@type":"ImageObject","inLanguage":"en-US","@id":"https:\/\/www.anc.cr\/berna-van-wendel-de-joode\/#primaryimage","url":"https:\/\/www.anc.cr\/wp-content\/uploads\/2025\/04\/BERNA-VAN-WENDEL-DE-JOODE.jpeg","contentUrl":"https:\/\/www.anc.cr\/wp-content\/uploads\/2025\/04\/BERNA-VAN-WENDEL-DE-JOODE.jpeg","width":959,"height":1280},{"@type":"BreadcrumbList","@id":"https:\/\/www.anc.cr\/berna-van-wendel-de-joode\/#breadcrumb","itemListElement":[{"@type":"ListItem","position":1,"name":"Portada","item":"https:\/\/www.anc.cr\/"},{"@type":"ListItem","position":2,"name":"Berendina (Berna) van Wendel De Joode"}]},{"@type":"WebSite","@id":"https:\/\/www.anc.cr\/#website","url":"https:\/\/www.anc.cr\/","name":"ANC","description":"Academia Nacional de Ciencias","publisher":{"@id":"https:\/\/www.anc.cr\/#organization"},"potentialAction":[{"@type":"SearchAction","target":{"@type":"EntryPoint","urlTemplate":"https:\/\/www.anc.cr\/?s={search_term_string}"},"query-input":{"@type":"PropertyValueSpecification","valueRequired":true,"valueName":"search_term_string"}}],"inLanguage":"en-US"},{"@type":"Organization","@id":"https:\/\/www.anc.cr\/#organization","name":"ANC","url":"https:\/\/www.anc.cr\/","logo":{"@type":"ImageObject","inLanguage":"en-US","@id":"https:\/\/www.anc.cr\/#\/schema\/logo\/image\/","url":"https:\/\/www.anc.cr\/wp-content\/uploads\/2024\/07\/Logo-ANC-CR.png","contentUrl":"https:\/\/www.anc.cr\/wp-content\/uploads\/2024\/07\/Logo-ANC-CR.png","width":1051,"height":593,"caption":"ANC"},"image":{"@id":"https:\/\/www.anc.cr\/#\/schema\/logo\/image\/"}}]}},"_links":{"self":[{"href":"https:\/\/www.anc.cr\/en\/wp-json\/wp\/v2\/pages\/635","targetHints":{"allow":["GET"]}}],"collection":[{"href":"https:\/\/www.anc.cr\/en\/wp-json\/wp\/v2\/pages"}],"about":[{"href":"https:\/\/www.anc.cr\/en\/wp-json\/wp\/v2\/types\/page"}],"author":[{"embeddable":true,"href":"https:\/\/www.anc.cr\/en\/wp-json\/wp\/v2\/users\/1"}],"replies":[{"embeddable":true,"href":"https:\/\/www.anc.cr\/en\/wp-json\/wp\/v2\/comments?post=635"}],"version-history":[{"count":2,"href":"https:\/\/www.anc.cr\/en\/wp-json\/wp\/v2\/pages\/635\/revisions"}],"predecessor-version":[{"id":2440,"href":"https:\/\/www.anc.cr\/en\/wp-json\/wp\/v2\/pages\/635\/revisions\/2440"}],"wp:featuredmedia":[{"embeddable":true,"href":"https:\/\/www.anc.cr\/en\/wp-json\/wp\/v2\/media\/2439"}],"wp:attachment":[{"href":"https:\/\/www.anc.cr\/en\/wp-json\/wp\/v2\/media?parent=635"}],"curies":[{"name":"wp","href":"https:\/\/api.w.org\/{rel}","templated":true}]}}