{"id":634,"date":"2024-07-09T05:40:08","date_gmt":"2024-07-09T11:40:08","guid":{"rendered":"http:\/\/anc.local\/?page_id=634"},"modified":"2025-04-23T08:28:27","modified_gmt":"2025-04-23T14:28:27","slug":"jasson-vindas-diaz","status":"publish","type":"page","link":"https:\/\/www.anc.cr\/en\/jasson-vindas-diaz\/","title":{"rendered":"Jasson Vindas D\u00edaz"},"content":{"rendered":"<div class=\"wp-block-group alignfull has-global-padding is-layout-constrained wp-container-core-group-is-layout-cb151cc7 wp-block-group-is-layout-constrained\" style=\"margin-top:0;margin-bottom:0;padding-top:0;padding-right:var(--wp--preset--spacing--50);padding-bottom:0;padding-left:var(--wp--preset--spacing--50)\">\n<div class=\"wp-block-columns alignwide are-vertically-aligned-center is-layout-flex wp-container-core-columns-is-layout-47c06fe3 wp-block-columns-is-layout-flex\">\n<div class=\"wp-block-column is-vertically-aligned-center is-layout-flow wp-block-column-is-layout-flow\" style=\"flex-basis:50%\">\n<h3 class=\"wp-block-heading has-x-large-font-size\">Jasson Vindas D\u00edaz<\/h3>\n\n\n\n<p>Acad\u00e9mico de N\u00famero<\/p>\n\n\n\n<ul class=\"wp-block-list\">\n<li>Profesor (<em>Hoofddocent<\/em>)<em>, Ghent University<\/em>, Gante, B\u00e9lgica<\/li>\n\n\n\n<li>Investigador Posdoctoral, <em>Research Foundation-Flanders<\/em>, B\u00e9lgica (2009-2012)<\/li>\n\n\n\n<li>Ph.D., Matem\u00e1tica, <em>Louisiana State University<\/em>, Baton Rouge, Estados Unidos (2009)<\/li>\n\n\n\n<li>M.S., <em>Master Class Simplectic Geometry and Beyond<\/em>, Utrecht University, Pa\u00edses Bajos (2007)<\/li>\n\n\n\n<li>M.S., Matem\u00e1tica, <em>Louisiana State University<\/em>, Baton Rouge, Estados Unidos (2005)<\/li>\n\n\n\n<li>Bachillerato (con honores), Matem\u00e1tica, Universidad de Costa Rica (2002)<\/li>\n<\/ul>\n<\/div>\n\n\n\n<div class=\"wp-block-column is-vertically-aligned-center is-layout-flow wp-block-column-is-layout-flow\" style=\"flex-basis:50%\"><figure style=\"width:500px;height:500px;\" class=\"wp-block-post-featured-image\"><img decoding=\"async\" width=\"640\" height=\"480\" src=\"https:\/\/www.anc.cr\/wp-content\/uploads\/2025\/04\/JASSON-VINDAS.jpg\" class=\"attachment-post-thumbnail size-post-thumbnail wp-post-image\" alt=\"\" style=\"height:500px;object-fit:cover;\" srcset=\"https:\/\/www.anc.cr\/wp-content\/uploads\/2025\/04\/JASSON-VINDAS.jpg 640w, https:\/\/www.anc.cr\/wp-content\/uploads\/2025\/04\/JASSON-VINDAS-300x225.jpg 300w, https:\/\/www.anc.cr\/wp-content\/uploads\/2025\/04\/JASSON-VINDAS-16x12.jpg 16w\" sizes=\"(max-width: 640px) 100vw, 640px\" \/><\/figure><\/div>\n<\/div>\n<\/div>\n\n\n\n<div style=\"height:10px\" aria-hidden=\"true\" class=\"wp-block-spacer\"><\/div>\n\n\n\n<hr class=\"wp-block-separator has-alpha-channel-opacity\"\/>\n\n\n\n<div style=\"height:15px\" aria-hidden=\"true\" class=\"wp-block-spacer\"><\/div>\n\n\n\n<p>Jasson Vindas es un Matem\u00e1tico Puro. Despu\u00e9s de completar dos maestr\u00edas, obtuvo su doctorado en <em>Louisiana State University<\/em> bajo la supervisi\u00f3n del profesor Ricardo Estrada, con una serie de trabajos en el campo de funciones generalizadas y sus aplicaciones. Su trabajo lo hizo acreedor del premio a la mejor tesis doctoral en el \u00e1rea de ciencia y de tecnolog\u00eda a nivel universitario en <em>Lousiana State University<\/em>. Jasson Vindas continuo su carrera como investigador con el apoyo de una <em>fellowship<\/em> posdoctoral de la <em>Research Foundation-Flanders<\/em> para realizar investigaci\u00f3n independiente en la universidad de Gante (Ghent University), B\u00e9lgica.<\/p>\n\n\n\n<p>Su \u00e1rea de investigaci\u00f3n general es el an\u00e1lisis matem\u00e1tico. Los trabajos de Jasson Vindas han sido galardonados con varios recogimientos a nivel nacional e internacional. Entre ellos, el premio CONICIT al cient\u00edfico joven en 2008, el premio nacional Clodomiro Picado Twigtht en 2013, y el <em>ISAAC Award<\/em> en 2013 otorgado por la <em>International Society for Analysis, its Applications and Computation<\/em>.<\/p>\n\n\n\n<p>Actualmente es profesor en launiversidad de Gante, donde se desempe\u00f1a como director del equipo de investigaci\u00f3n de an\u00e1lisis funcional y teor\u00eda de n\u00fameros. Ha dirigido decenas de tesis de grado, maestr\u00eda, y doctorado; ha supervisado 7 investigadores posdoctorales. \u00c9l ha publicado m\u00e1s de una centena de art\u00edculos cient\u00edficos en revistas internacionales, donde ha colaborado con cerca de 40 matem\u00e1ticos de distintas partes del mundo. Tambi\u00e9n es coautor del libro <em>Asymptotic behavior of generalized functions<\/em>.<\/p>\n\n\n\n<p>El Dr. Vindas ha realizado un sinn\u00famero de aportes a diversas \u00e1reas de la matem\u00e1tica, entre las cuales se pueden destacar sus contribuciones a la teor\u00eda de n\u00fameros anal\u00edtica, el an\u00e1lisis de Fourier y arm\u00f3nico, el an\u00e1lisis funcional y el an\u00e1lisis asint\u00f3tico. Es considerado una autoridad mundial en investigaci\u00f3n en el campo de teoremas tauberianos. Los aportes principales del Dr. Vindas a la teor\u00eda de n\u00fameros incluyen contribuciones de gran importancia al entendimiento de la ley asint\u00f3tica de los primos y los enteros para sistemas de n\u00fameros generalizados, nuevos esquemas probabil\u00edsticos para aproximaciones por medio de n\u00fameros primos generalizados y el descubrimiento de un nuevo rango de validez para la as\u00ed llamada hip\u00f3tesis de densidad de ceros para funciones L. En el campo del an\u00e1lisis funcional, el Dr. Vindas y sus estudiantes han realizado investigaciones de vanguardia para revelar propiedades intr\u00ednsecas de espacios de funciones suaves y anal\u00edticas, as\u00ed como tambi\u00e9n de sus duales topol\u00f3gicos; en particular, han solucionado el problema de Cousin para funciones cuasi anal\u00edticas, han dado soluci\u00f3n a problemas de factorizaci\u00f3n asociados con representaciones de grupos de Lie y adem\u00e1s han construido la teor\u00eda no lineal de funciones generalizadas m\u00e1s general que actualmente se encuentra disponible en la literatura. Varios de los trabajos del Dr. Vindas han dado tambi\u00e9n aportes fundamentales a la descripci\u00f3n de espacios de funciones y distribuciones en t\u00e9rminos de ondeletas y transformadas integrales. Se destaca adem\u00e1s su construcci\u00f3n conjunta de una nueva integral, m\u00e1s general que la integral de Lebesgue.<\/p>\n\n\n\n<p>Para m\u00e1s informaci\u00f3n sobre este cient\u00edfico y su trabajo, ver <a href=\"https:\/\/cage.ugent.be\/~jvindas\/\">https:\/\/cage.ugent.be\/~jvindas\/<\/a><\/p>\n\n\n\n<h3 class=\"wp-block-heading\">Publicaciones representativas:&nbsp;<\/h3>\n\n\n\n<ul class=\"wp-block-list\">\n<li>L. Neyt, J. Toft, J. Vindas, <em>Hermite expansions for spaces of functions with nearly optimal time-frequency decay,<\/em> J. Funct. Anal. <strong>288<\/strong> (2025), Article Number 110706. <a href=\"https:\/\/doi.org\/10.1016\/j.jfa.2024.110706\" target=\"_blank\" rel=\"noreferrer noopener\">https:\/\/doi.org\/10.1016\/j.jfa.2024.110706<\/a><\/li>\n\n\n\n<li>B. Chen, G. Debruyne, J. Vindas, <em>On the density hypothesis for L-functions associated with holomorphic cusp forms<\/em>, Rev. Mat. Iberoam. <strong>40<\/strong> (2024), 2179-2202. <a href=\"https:\/\/doi.org\/10.4171\/rmi\/1481\" target=\"_blank\" rel=\"noreferrer noopener\">https:\/\/doi.org\/ 10.4171\/RMI\/1481<\/a><\/li>\n\n\n\n<li>F. Broucke, G. Debruyne, J. Vindas, <em>The optimal Malliavin-type remainder for Beurling generalized integers<\/em>, J. Inst. Math. Jussieu <strong>23<\/strong> (2024), 249-278. <a href=\"https:\/\/doi.org\/10.1017\/S147474802200038X\">https:\/\/doi.org\/10.1017\/S147474802200038X<\/a><\/li>\n\n\n\n<li>F. Broucke, J. Vindas, <em>A new generalized prime random approximation procedure and some of its applications,<\/em> Math Z. <strong>307<\/strong> (2024), Article Number 62. <a href=\"https:\/\/doi.org\/10.1007\/s00209-024-03526-4\">https:\/\/doi.org\/10.1007\/s00209-024-03526-4<\/a><\/li>\n\n\n\n<li>A. Debrouwere, J. Vindas, <em>Topological properties of convolutor spaces via the short time Fourier transform,<\/em> Trans. Amer. Math. Soc. <strong>374<\/strong> (2021), 829-861.<\/li>\n\n\n\n<li>F. Broucke, G. Debruyne, J. Vindas, <em>Beurling integers with RH and large oscillation<\/em>, Adv. Math. <strong>370<\/strong> (2020), Article Number 107240. <a href=\"https:\/\/doi.org\/10.1016\/j.aim.2020.107240\" target=\"_blank\" rel=\"noreferrer noopener\">https:\/\/doi.org\/10.1016\/j.aim.2020.107240<\/a><\/li>\n\n\n\n<li>A. Debrouwere, H. Vernaeve, J. Vindas, <em>A non-linear theory of infrahyperfunctions<\/em>, Kyoto J. Math. <strong>59<\/strong> (2019), 869-895. <a href=\"https:\/\/doi.org\/10.1215\/21562261-2019-0029\">https:\/\/doi.org\/10.1215\/21562261-2019-0029<\/a><\/li>\n\n\n\n<li>G. Debruyne, J. Vindas, <em>Complex Tauberian theorems for Laplace transforms with local pseudofunction boundary behavior,<\/em> J. Anal. Math. <strong>138<\/strong> (2019), 799-833. <a href=\"https:\/\/doi.org\/10.1007\/s11854-019-0045-3\">https:\/\/doi.org\/10.1007\/s11854-019-0045-3<\/a><\/li>\n\n\n\n<li>S. Pilipovic, J. Vindas, <em>Tauberian class estimates for vector-valued distributions<\/em>, Sb. Math. <strong>210<\/strong> (2019), 272-296. <a href=\"https:\/\/doi.org\/10.1070\/SM9061\">https:\/\/doi.org\/10.1070\/SM9061<\/a><\/li>\n\n\n\n<li>S. Pilipovic, B. Prangoski, J. Vindas, <em>On quasianalytic classes of Gelfand-Shilov type. Parametrix and convolution,<\/em> J. Math. Pures Appl. <strong>116<\/strong> (2018), 174-210. <a href=\"https:\/\/doi.org\/10.1016\/j.matpur.2017.10.008\" target=\"_blank\" rel=\"noreferrer noopener\">https:\/\/doi.org\/10.1016\/j.matpur.2017.10.008<\/a><\/li>\n\n\n\n<li>G. Debruyne, J. Vindas, <em>Optimal Tauberian constant in Ingham&#8217;s theorem for Laplace transforms,<\/em> Israel J. Math. <strong>228<\/strong> (2018), 557-586. <a href=\"https:\/\/doi.org\/10.1007\/s11856-018-1758-1\">https:\/\/doi.org\/10.1007\/s11856-018-1758-1<\/a> R. Estrada, J. Vindas, <em>A general integral<\/em>,\u00a0Dissertationes Math. <strong>483<\/strong> (2012), 1-49. <a href=\"http:\/\/dx.doi.org\/doi:10.4064\/dm483-0-1\">http:\/\/dx.doi.org\/doi:10.4064\/dm483-0-1<\/a><\/li>\n<\/ul>","protected":false},"excerpt":{"rendered":"<p>Jasson Vindas D\u00edaz Acad\u00e9mico de N\u00famero Jasson Vindas es un Matem\u00e1tico Puro. Despu\u00e9s de completar dos maestr\u00edas, obtuvo su doctorado en Louisiana State University bajo la supervisi\u00f3n del profesor Ricardo Estrada, con una serie de trabajos en el campo de funciones generalizadas y sus aplicaciones. Su trabajo lo hizo acreedor del premio a la mejor [&hellip;]<\/p>\n","protected":false},"author":1,"featured_media":2402,"parent":0,"menu_order":0,"comment_status":"closed","ping_status":"closed","template":"","meta":{"footnotes":""},"class_list":["post-634","page","type-page","status-publish","has-post-thumbnail","hentry"],"yoast_head":"<!-- This site is optimized with the Yoast SEO plugin v27.3 - https:\/\/yoast.com\/product\/yoast-seo-wordpress\/ -->\n<title>Jasson Vindas D\u00edaz - ANC<\/title>\n<meta name=\"robots\" content=\"index, follow, max-snippet:-1, max-image-preview:large, max-video-preview:-1\" \/>\n<link rel=\"canonical\" href=\"https:\/\/www.anc.cr\/en\/jasson-vindas-diaz\/\" \/>\n<meta property=\"og:locale\" content=\"en_US\" \/>\n<meta property=\"og:type\" content=\"article\" \/>\n<meta property=\"og:title\" content=\"Jasson Vindas D\u00edaz - ANC\" \/>\n<meta property=\"og:description\" content=\"Jasson Vindas D\u00edaz Acad\u00e9mico de N\u00famero Jasson Vindas es un Matem\u00e1tico Puro. Despu\u00e9s de completar dos maestr\u00edas, obtuvo su doctorado en Louisiana State University bajo la supervisi\u00f3n del profesor Ricardo Estrada, con una serie de trabajos en el campo de funciones generalizadas y sus aplicaciones. Su trabajo lo hizo acreedor del premio a la mejor [&hellip;]\" \/>\n<meta property=\"og:url\" content=\"https:\/\/www.anc.cr\/en\/jasson-vindas-diaz\/\" \/>\n<meta property=\"og:site_name\" content=\"ANC\" \/>\n<meta property=\"article:modified_time\" content=\"2025-04-23T14:28:27+00:00\" \/>\n<meta property=\"og:image\" content=\"https:\/\/www.anc.cr\/wp-content\/uploads\/2025\/04\/JASSON-VINDAS.jpg\" \/>\n\t<meta property=\"og:image:width\" content=\"640\" \/>\n\t<meta property=\"og:image:height\" content=\"480\" \/>\n\t<meta property=\"og:image:type\" content=\"image\/jpeg\" \/>\n<meta name=\"twitter:card\" content=\"summary_large_image\" \/>\n<meta name=\"twitter:label1\" content=\"Est. reading time\" \/>\n\t<meta name=\"twitter:data1\" content=\"4 minutes\" \/>\n<script type=\"application\/ld+json\" class=\"yoast-schema-graph\">{\"@context\":\"https:\\\/\\\/schema.org\",\"@graph\":[{\"@type\":\"WebPage\",\"@id\":\"https:\\\/\\\/www.anc.cr\\\/jasson-vindas-diaz\\\/\",\"url\":\"https:\\\/\\\/www.anc.cr\\\/jasson-vindas-diaz\\\/\",\"name\":\"Jasson Vindas D\u00edaz - ANC\",\"isPartOf\":{\"@id\":\"https:\\\/\\\/www.anc.cr\\\/#website\"},\"primaryImageOfPage\":{\"@id\":\"https:\\\/\\\/www.anc.cr\\\/jasson-vindas-diaz\\\/#primaryimage\"},\"image\":{\"@id\":\"https:\\\/\\\/www.anc.cr\\\/jasson-vindas-diaz\\\/#primaryimage\"},\"thumbnailUrl\":\"https:\\\/\\\/www.anc.cr\\\/wp-content\\\/uploads\\\/2025\\\/04\\\/JASSON-VINDAS.jpg\",\"datePublished\":\"2024-07-09T11:40:08+00:00\",\"dateModified\":\"2025-04-23T14:28:27+00:00\",\"breadcrumb\":{\"@id\":\"https:\\\/\\\/www.anc.cr\\\/jasson-vindas-diaz\\\/#breadcrumb\"},\"inLanguage\":\"en-US\",\"potentialAction\":[{\"@type\":\"ReadAction\",\"target\":[\"https:\\\/\\\/www.anc.cr\\\/jasson-vindas-diaz\\\/\"]}]},{\"@type\":\"ImageObject\",\"inLanguage\":\"en-US\",\"@id\":\"https:\\\/\\\/www.anc.cr\\\/jasson-vindas-diaz\\\/#primaryimage\",\"url\":\"https:\\\/\\\/www.anc.cr\\\/wp-content\\\/uploads\\\/2025\\\/04\\\/JASSON-VINDAS.jpg\",\"contentUrl\":\"https:\\\/\\\/www.anc.cr\\\/wp-content\\\/uploads\\\/2025\\\/04\\\/JASSON-VINDAS.jpg\",\"width\":640,\"height\":480},{\"@type\":\"BreadcrumbList\",\"@id\":\"https:\\\/\\\/www.anc.cr\\\/jasson-vindas-diaz\\\/#breadcrumb\",\"itemListElement\":[{\"@type\":\"ListItem\",\"position\":1,\"name\":\"Portada\",\"item\":\"https:\\\/\\\/www.anc.cr\\\/\"},{\"@type\":\"ListItem\",\"position\":2,\"name\":\"Jasson Vindas D\u00edaz\"}]},{\"@type\":\"WebSite\",\"@id\":\"https:\\\/\\\/www.anc.cr\\\/#website\",\"url\":\"https:\\\/\\\/www.anc.cr\\\/\",\"name\":\"ANC\",\"description\":\"Academia Nacional de Ciencias\",\"publisher\":{\"@id\":\"https:\\\/\\\/www.anc.cr\\\/#organization\"},\"potentialAction\":[{\"@type\":\"SearchAction\",\"target\":{\"@type\":\"EntryPoint\",\"urlTemplate\":\"https:\\\/\\\/www.anc.cr\\\/?s={search_term_string}\"},\"query-input\":{\"@type\":\"PropertyValueSpecification\",\"valueRequired\":true,\"valueName\":\"search_term_string\"}}],\"inLanguage\":\"en-US\"},{\"@type\":\"Organization\",\"@id\":\"https:\\\/\\\/www.anc.cr\\\/#organization\",\"name\":\"ANC\",\"url\":\"https:\\\/\\\/www.anc.cr\\\/\",\"logo\":{\"@type\":\"ImageObject\",\"inLanguage\":\"en-US\",\"@id\":\"https:\\\/\\\/www.anc.cr\\\/#\\\/schema\\\/logo\\\/image\\\/\",\"url\":\"https:\\\/\\\/www.anc.cr\\\/wp-content\\\/uploads\\\/2024\\\/07\\\/Logo-ANC-CR.png\",\"contentUrl\":\"https:\\\/\\\/www.anc.cr\\\/wp-content\\\/uploads\\\/2024\\\/07\\\/Logo-ANC-CR.png\",\"width\":1051,\"height\":593,\"caption\":\"ANC\"},\"image\":{\"@id\":\"https:\\\/\\\/www.anc.cr\\\/#\\\/schema\\\/logo\\\/image\\\/\"}}]}<\/script>\n<!-- \/ Yoast SEO plugin. -->","yoast_head_json":{"title":"Jasson Vindas D\u00edaz - ANC","robots":{"index":"index","follow":"follow","max-snippet":"max-snippet:-1","max-image-preview":"max-image-preview:large","max-video-preview":"max-video-preview:-1"},"canonical":"https:\/\/www.anc.cr\/en\/jasson-vindas-diaz\/","og_locale":"en_US","og_type":"article","og_title":"Jasson Vindas D\u00edaz - ANC","og_description":"Jasson Vindas D\u00edaz Acad\u00e9mico de N\u00famero Jasson Vindas es un Matem\u00e1tico Puro. Despu\u00e9s de completar dos maestr\u00edas, obtuvo su doctorado en Louisiana State University bajo la supervisi\u00f3n del profesor Ricardo Estrada, con una serie de trabajos en el campo de funciones generalizadas y sus aplicaciones. Su trabajo lo hizo acreedor del premio a la mejor [&hellip;]","og_url":"https:\/\/www.anc.cr\/en\/jasson-vindas-diaz\/","og_site_name":"ANC","article_modified_time":"2025-04-23T14:28:27+00:00","og_image":[{"width":640,"height":480,"url":"https:\/\/www.anc.cr\/wp-content\/uploads\/2025\/04\/JASSON-VINDAS.jpg","type":"image\/jpeg"}],"twitter_card":"summary_large_image","twitter_misc":{"Est. reading time":"4 minutes"},"schema":{"@context":"https:\/\/schema.org","@graph":[{"@type":"WebPage","@id":"https:\/\/www.anc.cr\/jasson-vindas-diaz\/","url":"https:\/\/www.anc.cr\/jasson-vindas-diaz\/","name":"Jasson Vindas D\u00edaz - ANC","isPartOf":{"@id":"https:\/\/www.anc.cr\/#website"},"primaryImageOfPage":{"@id":"https:\/\/www.anc.cr\/jasson-vindas-diaz\/#primaryimage"},"image":{"@id":"https:\/\/www.anc.cr\/jasson-vindas-diaz\/#primaryimage"},"thumbnailUrl":"https:\/\/www.anc.cr\/wp-content\/uploads\/2025\/04\/JASSON-VINDAS.jpg","datePublished":"2024-07-09T11:40:08+00:00","dateModified":"2025-04-23T14:28:27+00:00","breadcrumb":{"@id":"https:\/\/www.anc.cr\/jasson-vindas-diaz\/#breadcrumb"},"inLanguage":"en-US","potentialAction":[{"@type":"ReadAction","target":["https:\/\/www.anc.cr\/jasson-vindas-diaz\/"]}]},{"@type":"ImageObject","inLanguage":"en-US","@id":"https:\/\/www.anc.cr\/jasson-vindas-diaz\/#primaryimage","url":"https:\/\/www.anc.cr\/wp-content\/uploads\/2025\/04\/JASSON-VINDAS.jpg","contentUrl":"https:\/\/www.anc.cr\/wp-content\/uploads\/2025\/04\/JASSON-VINDAS.jpg","width":640,"height":480},{"@type":"BreadcrumbList","@id":"https:\/\/www.anc.cr\/jasson-vindas-diaz\/#breadcrumb","itemListElement":[{"@type":"ListItem","position":1,"name":"Portada","item":"https:\/\/www.anc.cr\/"},{"@type":"ListItem","position":2,"name":"Jasson Vindas D\u00edaz"}]},{"@type":"WebSite","@id":"https:\/\/www.anc.cr\/#website","url":"https:\/\/www.anc.cr\/","name":"ANC","description":"Academia Nacional de Ciencias","publisher":{"@id":"https:\/\/www.anc.cr\/#organization"},"potentialAction":[{"@type":"SearchAction","target":{"@type":"EntryPoint","urlTemplate":"https:\/\/www.anc.cr\/?s={search_term_string}"},"query-input":{"@type":"PropertyValueSpecification","valueRequired":true,"valueName":"search_term_string"}}],"inLanguage":"en-US"},{"@type":"Organization","@id":"https:\/\/www.anc.cr\/#organization","name":"ANC","url":"https:\/\/www.anc.cr\/","logo":{"@type":"ImageObject","inLanguage":"en-US","@id":"https:\/\/www.anc.cr\/#\/schema\/logo\/image\/","url":"https:\/\/www.anc.cr\/wp-content\/uploads\/2024\/07\/Logo-ANC-CR.png","contentUrl":"https:\/\/www.anc.cr\/wp-content\/uploads\/2024\/07\/Logo-ANC-CR.png","width":1051,"height":593,"caption":"ANC"},"image":{"@id":"https:\/\/www.anc.cr\/#\/schema\/logo\/image\/"}}]}},"_links":{"self":[{"href":"https:\/\/www.anc.cr\/en\/wp-json\/wp\/v2\/pages\/634","targetHints":{"allow":["GET"]}}],"collection":[{"href":"https:\/\/www.anc.cr\/en\/wp-json\/wp\/v2\/pages"}],"about":[{"href":"https:\/\/www.anc.cr\/en\/wp-json\/wp\/v2\/types\/page"}],"author":[{"embeddable":true,"href":"https:\/\/www.anc.cr\/en\/wp-json\/wp\/v2\/users\/1"}],"replies":[{"embeddable":true,"href":"https:\/\/www.anc.cr\/en\/wp-json\/wp\/v2\/comments?post=634"}],"version-history":[{"count":2,"href":"https:\/\/www.anc.cr\/en\/wp-json\/wp\/v2\/pages\/634\/revisions"}],"predecessor-version":[{"id":2403,"href":"https:\/\/www.anc.cr\/en\/wp-json\/wp\/v2\/pages\/634\/revisions\/2403"}],"wp:featuredmedia":[{"embeddable":true,"href":"https:\/\/www.anc.cr\/en\/wp-json\/wp\/v2\/media\/2402"}],"wp:attachment":[{"href":"https:\/\/www.anc.cr\/en\/wp-json\/wp\/v2\/media?parent=634"}],"curies":[{"name":"wp","href":"https:\/\/api.w.org\/{rel}","templated":true}]}}