{"id":633,"date":"2024-07-09T05:39:56","date_gmt":"2024-07-09T11:39:56","guid":{"rendered":"http:\/\/anc.local\/?page_id=633"},"modified":"2024-07-09T05:40:01","modified_gmt":"2024-07-09T11:40:01","slug":"paul-eliot-hanson-snortum","status":"publish","type":"page","link":"https:\/\/www.anc.cr\/en\/paul-eliot-hanson-snortum\/","title":{"rendered":"Paul Eliot Hanson Snortum"},"content":{"rendered":"<div class=\"wp-block-group alignfull has-global-padding is-layout-constrained wp-container-core-group-is-layout-cb151cc7 wp-block-group-is-layout-constrained\" style=\"margin-top:0;margin-bottom:0;padding-top:0;padding-right:var(--wp--preset--spacing--50);padding-bottom:0;padding-left:var(--wp--preset--spacing--50)\">\n<div class=\"wp-block-columns alignwide are-vertically-aligned-center is-layout-flex wp-container-core-columns-is-layout-47c06fe3 wp-block-columns-is-layout-flex\">\n<div class=\"wp-block-column is-vertically-aligned-center is-layout-flow wp-block-column-is-layout-flow\" style=\"flex-basis:50%\">\n<h3 class=\"wp-block-heading has-x-large-font-size\">Paul Eliot Hanson Snortum<\/h3>\n\n\n\n<p>Acad\u00e9mico Correspondiente<\/p>\n\n\n\n<ul class=\"wp-block-list\">\n<li>&nbsp;&nbsp;&nbsp;&nbsp;&nbsp;&nbsp; &nbsp;&nbsp;Profesor Catedr\u00e1tico, Escuela de Biolog\u00eda, Universidad de Costa Ric<\/li>\n\n\n\n<li>&nbsp;&nbsp;&nbsp;&nbsp;&nbsp;&nbsp;&nbsp;&nbsp;&nbsp;&nbsp;Bachiller en Biolog\u00eda, Universidad de Minnesota (1975<\/li>\n\n\n\n<li>&nbsp;&nbsp;&nbsp;&nbsp;&nbsp;&nbsp;&nbsp;&nbsp;&nbsp;&nbsp;Maestr\u00eda en Entomolog\u00eda, Universidad de Minnesota (1979<\/li>\n\n\n\n<li>&nbsp;&nbsp;&nbsp;&nbsp;&nbsp;&nbsp; &nbsp;&nbsp;&nbsp;Ph.D. en Entomolog\u00eda, Universidad Estatal de Oregon (1987)<\/li>\n<\/ul>\n<\/div>\n\n\n\n<div class=\"wp-block-column is-vertically-aligned-center is-layout-flow wp-block-column-is-layout-flow\" style=\"flex-basis:50%\"><figure style=\"width:500px;height:500px;\" class=\"wp-block-post-featured-image\"><img decoding=\"async\" width=\"392\" height=\"404\" src=\"https:\/\/www.anc.cr\/wp-content\/uploads\/2024\/07\/image-38.png\" class=\"attachment-post-thumbnail size-post-thumbnail wp-post-image\" alt=\"\" style=\"height:500px;object-fit:cover;\" srcset=\"https:\/\/www.anc.cr\/wp-content\/uploads\/2024\/07\/image-38.png 392w, https:\/\/www.anc.cr\/wp-content\/uploads\/2024\/07\/image-38-291x300.png 291w\" sizes=\"(max-width: 392px) 100vw, 392px\" \/><\/figure><\/div>\n<\/div>\n<\/div>\n\n\n\n<div style=\"height:10px\" aria-hidden=\"true\" class=\"wp-block-spacer\"><\/div>\n\n\n\n<hr class=\"wp-block-separator has-alpha-channel-opacity\"\/>\n\n\n\n<div style=\"height:15px\" aria-hidden=\"true\" class=\"wp-block-spacer\"><\/div>\n\n\n\n<p>Paul Hanson estudia la taxonom\u00eda y biolog\u00eda de los insectos del orden Hymenoptera (avispas, abejas y hormigas), con \u00e9nfasis en las avispas parasitoides, algunos de los cuales son utilizadas en el control biol\u00f3gico de insectos nocivos. Puesto que la mayor\u00eda de las especies de parasitoides son desconocidas para la ciencia, ha sido involucrado en la descripci\u00f3n de numerosas especies nuevas. Tambi\u00e9n ha colaborado con diversos tax\u00f3nomos en otros grupos de insectos para mejorar el conocimiento de la biodiversidad de Costa Rica.<\/p>\n\n\n\n<p>Otras \u00e1reas de investigaci\u00f3n incluyen: los insectos que inducen agallas en las plantas, el control biol\u00f3gico de Miconia calvescens (Melastomataceae) en las islas del Pac\u00edfico, las hormigas y otros invertebrados asociados al guarumo, las abejas silvestres de Costa Rica (especialmente las abejas de orqu\u00eddeas), las avispas asociadas al higuer\u00f3n, y los escarabajos (Coccinellidae) que inducen cuerpos alimenticios en plantas del g\u00e9nero Piper.<\/p>\n\n\n\n<p>Es curador de insectos terrestres en el Museo de Zoolog\u00eda, Universidad de Costa Rica. Colabora con el personal de MAG y otras entidades en investigaciones sobre insectos plagas y el control biol\u00f3gico. Ha impartido talleres sobre la identificaci\u00f3n, biolog\u00eda y uso de parasitoides en varios pa\u00edses de Am\u00e9rica Latina.<\/p>\n\n\n\n<p><strong>Publicaciones representativas:<\/strong><\/p>\n\n\n\n<p>Gates, M. W. &amp; P. E. Hanson. 2009. A revision of Bephrata and Isosomodes (Hymenoptera: Eurytomidae). Journal of Hymenoptera Research 18:25-73.<\/p>\n\n\n\n<p>Gauld, I. D., J. Ugalde, J. &amp; P.E. Hanson. 1998. Gu\u00eda de los Pimplinae de Costa Rica (Hymenoptera: Ichneumonidae). Revista de Biolog\u00eda Tropical 46 (Suppl.1):1-189.<\/p>\n\n\n\n<p>Hanson, P.E. (con fotos de Kenji Nishida). 2016. Insects and Other Arthropods of Tropical America. Cornell University Press, Ithaca, New York, EE.UU. 384 pp.<\/p>\n\n\n\n<p>Hanson, P.E. &amp; I.D. Gauld (eds.). 1995. The Hymenoptera of Costa Rica. Oxford University Press, Reino Unido. 893 pp.<\/p>\n\n\n\n<p>Hanson, P.E. &amp; I.D. Gauld (eds.). 2006. Hymenoptera de la Regi\u00f3n Neotropical. Memoirs of the American Entomological Institute 77. 997 pp.<\/p>\n\n\n\n<p>Hanson, P., Nishida, K. &amp; G\u00f3mez-Laurito, J. 2014. Insect galls of Costa Rica and their parasitoids. Pp. 497-517. En: Fernandes, G.W. &amp; Santos, J.C. (eds.), Neotropical Insect Galls. Springer, Dordrecht.<\/p>\n\n\n\n<p>Hansson, C. &amp; Hanson, P.E. 2023. Eulophidae of Costa Rica (Hymenoptera: Chalcidoidea), 5. The genus Galeopsomyia Girault. Taxonmic Monographs on Neotropical Hymenoptera 3: 1-743<\/p>\n\n\n\n<p>Roubik, D.W. &amp; P.E. Hanson. 2004. Abejas de Orqu\u00eddeas de la Am\u00e9rica Tropical. Orchid Bees of Tropical America. Institutuo Nacional de Biodiversidad, Santo Domingo de Heredia, Costa Rica. 370 pp.<\/p>\n\n\n\n<p>van Noort, S., Mitroiu, M.-D., Burks, R., Gibson, G., Hanson, P., Heraty, J., Jansta, P., Cruaud, A. &amp; Rasplus, J-Y. 2024. Redefining Ormyridae (Hymenoptera, Chalcidoidea) with establishment of subfamilies and description of new genera. Systematic Entomology 49<\/p>\n\n\n\n<p>Vandenberg, N.J. &amp; Hanson, P.E. 2019. Overview of the lady beetle tribe Diomini (Coleoptera; Coccinellidae) and description of a new phytophagous, silk-spinning genus from Costa Rica that induces food bodies on leaves of Piper (Piperaceae). Zootaxa (en prensa).<\/p>\n\n\n\n<p>Zald\u00edvar-River\u00f3n, A., Mart\u00ednez, J. J., Hanson, P. E., Mayorga-Mart\u00ednez, C., Salinas-Ramos, V. B. &amp; Faria, L. D. B. 2018. New gall-associated species of Allorhogas (Hymenoptera: Braconidae), including a natural enemy of the weed Miconia calvescens (Melastomataceae). Canadian Entomologist 150: 279-302.<\/p>","protected":false},"excerpt":{"rendered":"<p>Paul Eliot Hanson Snortum Acad\u00e9mico Correspondiente Paul Hanson estudia la taxonom\u00eda y biolog\u00eda de los insectos del orden Hymenoptera (avispas, abejas y hormigas), con \u00e9nfasis en las avispas parasitoides, algunos de los cuales son utilizadas en el control biol\u00f3gico de insectos nocivos. Puesto que la mayor\u00eda de las especies de parasitoides son desconocidas para la [&hellip;]<\/p>\n","protected":false},"author":1,"featured_media":629,"parent":0,"menu_order":0,"comment_status":"closed","ping_status":"closed","template":"","meta":{"footnotes":""},"class_list":["post-633","page","type-page","status-publish","has-post-thumbnail","hentry"],"yoast_head":"<!-- This site is optimized with the Yoast SEO plugin v27.3 - https:\/\/yoast.com\/product\/yoast-seo-wordpress\/ -->\n<title>Paul Eliot Hanson Snortum - ANC<\/title>\n<meta name=\"robots\" content=\"index, follow, max-snippet:-1, max-image-preview:large, max-video-preview:-1\" \/>\n<link rel=\"canonical\" href=\"https:\/\/www.anc.cr\/en\/paul-eliot-hanson-snortum\/\" \/>\n<meta property=\"og:locale\" content=\"en_US\" \/>\n<meta property=\"og:type\" content=\"article\" \/>\n<meta property=\"og:title\" content=\"Paul Eliot Hanson Snortum - ANC\" \/>\n<meta property=\"og:description\" content=\"Paul Eliot Hanson Snortum Acad\u00e9mico Correspondiente Paul Hanson estudia la taxonom\u00eda y biolog\u00eda de los insectos del orden Hymenoptera (avispas, abejas y hormigas), con \u00e9nfasis en las avispas parasitoides, algunos de los cuales son utilizadas en el control biol\u00f3gico de insectos nocivos. Puesto que la mayor\u00eda de las especies de parasitoides son desconocidas para la [&hellip;]\" \/>\n<meta property=\"og:url\" content=\"https:\/\/www.anc.cr\/en\/paul-eliot-hanson-snortum\/\" \/>\n<meta property=\"og:site_name\" content=\"ANC\" \/>\n<meta property=\"article:modified_time\" content=\"2024-07-09T11:40:01+00:00\" \/>\n<meta property=\"og:image\" content=\"https:\/\/www.anc.cr\/wp-content\/uploads\/2024\/07\/image-38.png\" \/>\n\t<meta property=\"og:image:width\" content=\"392\" \/>\n\t<meta property=\"og:image:height\" content=\"404\" \/>\n\t<meta property=\"og:image:type\" content=\"image\/png\" \/>\n<meta name=\"twitter:card\" content=\"summary_large_image\" \/>\n<meta name=\"twitter:label1\" content=\"Est. reading time\" \/>\n\t<meta name=\"twitter:data1\" content=\"3 minutes\" \/>\n<script type=\"application\/ld+json\" class=\"yoast-schema-graph\">{\"@context\":\"https:\\\/\\\/schema.org\",\"@graph\":[{\"@type\":\"WebPage\",\"@id\":\"https:\\\/\\\/www.anc.cr\\\/paul-eliot-hanson-snortum\\\/\",\"url\":\"https:\\\/\\\/www.anc.cr\\\/paul-eliot-hanson-snortum\\\/\",\"name\":\"Paul Eliot Hanson Snortum - ANC\",\"isPartOf\":{\"@id\":\"https:\\\/\\\/www.anc.cr\\\/#website\"},\"primaryImageOfPage\":{\"@id\":\"https:\\\/\\\/www.anc.cr\\\/paul-eliot-hanson-snortum\\\/#primaryimage\"},\"image\":{\"@id\":\"https:\\\/\\\/www.anc.cr\\\/paul-eliot-hanson-snortum\\\/#primaryimage\"},\"thumbnailUrl\":\"https:\\\/\\\/www.anc.cr\\\/wp-content\\\/uploads\\\/2024\\\/07\\\/image-38.png\",\"datePublished\":\"2024-07-09T11:39:56+00:00\",\"dateModified\":\"2024-07-09T11:40:01+00:00\",\"breadcrumb\":{\"@id\":\"https:\\\/\\\/www.anc.cr\\\/paul-eliot-hanson-snortum\\\/#breadcrumb\"},\"inLanguage\":\"en-US\",\"potentialAction\":[{\"@type\":\"ReadAction\",\"target\":[\"https:\\\/\\\/www.anc.cr\\\/paul-eliot-hanson-snortum\\\/\"]}]},{\"@type\":\"ImageObject\",\"inLanguage\":\"en-US\",\"@id\":\"https:\\\/\\\/www.anc.cr\\\/paul-eliot-hanson-snortum\\\/#primaryimage\",\"url\":\"https:\\\/\\\/www.anc.cr\\\/wp-content\\\/uploads\\\/2024\\\/07\\\/image-38.png\",\"contentUrl\":\"https:\\\/\\\/www.anc.cr\\\/wp-content\\\/uploads\\\/2024\\\/07\\\/image-38.png\",\"width\":392,\"height\":404},{\"@type\":\"BreadcrumbList\",\"@id\":\"https:\\\/\\\/www.anc.cr\\\/paul-eliot-hanson-snortum\\\/#breadcrumb\",\"itemListElement\":[{\"@type\":\"ListItem\",\"position\":1,\"name\":\"Portada\",\"item\":\"https:\\\/\\\/www.anc.cr\\\/\"},{\"@type\":\"ListItem\",\"position\":2,\"name\":\"Paul Eliot Hanson Snortum\"}]},{\"@type\":\"WebSite\",\"@id\":\"https:\\\/\\\/www.anc.cr\\\/#website\",\"url\":\"https:\\\/\\\/www.anc.cr\\\/\",\"name\":\"ANC\",\"description\":\"Academia Nacional de Ciencias\",\"publisher\":{\"@id\":\"https:\\\/\\\/www.anc.cr\\\/#organization\"},\"potentialAction\":[{\"@type\":\"SearchAction\",\"target\":{\"@type\":\"EntryPoint\",\"urlTemplate\":\"https:\\\/\\\/www.anc.cr\\\/?s={search_term_string}\"},\"query-input\":{\"@type\":\"PropertyValueSpecification\",\"valueRequired\":true,\"valueName\":\"search_term_string\"}}],\"inLanguage\":\"en-US\"},{\"@type\":\"Organization\",\"@id\":\"https:\\\/\\\/www.anc.cr\\\/#organization\",\"name\":\"ANC\",\"url\":\"https:\\\/\\\/www.anc.cr\\\/\",\"logo\":{\"@type\":\"ImageObject\",\"inLanguage\":\"en-US\",\"@id\":\"https:\\\/\\\/www.anc.cr\\\/#\\\/schema\\\/logo\\\/image\\\/\",\"url\":\"https:\\\/\\\/www.anc.cr\\\/wp-content\\\/uploads\\\/2024\\\/07\\\/Logo-ANC-CR.png\",\"contentUrl\":\"https:\\\/\\\/www.anc.cr\\\/wp-content\\\/uploads\\\/2024\\\/07\\\/Logo-ANC-CR.png\",\"width\":1051,\"height\":593,\"caption\":\"ANC\"},\"image\":{\"@id\":\"https:\\\/\\\/www.anc.cr\\\/#\\\/schema\\\/logo\\\/image\\\/\"}}]}<\/script>\n<!-- \/ Yoast SEO plugin. -->","yoast_head_json":{"title":"Paul Eliot Hanson Snortum - ANC","robots":{"index":"index","follow":"follow","max-snippet":"max-snippet:-1","max-image-preview":"max-image-preview:large","max-video-preview":"max-video-preview:-1"},"canonical":"https:\/\/www.anc.cr\/en\/paul-eliot-hanson-snortum\/","og_locale":"en_US","og_type":"article","og_title":"Paul Eliot Hanson Snortum - ANC","og_description":"Paul Eliot Hanson Snortum Acad\u00e9mico Correspondiente Paul Hanson estudia la taxonom\u00eda y biolog\u00eda de los insectos del orden Hymenoptera (avispas, abejas y hormigas), con \u00e9nfasis en las avispas parasitoides, algunos de los cuales son utilizadas en el control biol\u00f3gico de insectos nocivos. Puesto que la mayor\u00eda de las especies de parasitoides son desconocidas para la [&hellip;]","og_url":"https:\/\/www.anc.cr\/en\/paul-eliot-hanson-snortum\/","og_site_name":"ANC","article_modified_time":"2024-07-09T11:40:01+00:00","og_image":[{"width":392,"height":404,"url":"https:\/\/www.anc.cr\/wp-content\/uploads\/2024\/07\/image-38.png","type":"image\/png"}],"twitter_card":"summary_large_image","twitter_misc":{"Est. reading time":"3 minutes"},"schema":{"@context":"https:\/\/schema.org","@graph":[{"@type":"WebPage","@id":"https:\/\/www.anc.cr\/paul-eliot-hanson-snortum\/","url":"https:\/\/www.anc.cr\/paul-eliot-hanson-snortum\/","name":"Paul Eliot Hanson Snortum - ANC","isPartOf":{"@id":"https:\/\/www.anc.cr\/#website"},"primaryImageOfPage":{"@id":"https:\/\/www.anc.cr\/paul-eliot-hanson-snortum\/#primaryimage"},"image":{"@id":"https:\/\/www.anc.cr\/paul-eliot-hanson-snortum\/#primaryimage"},"thumbnailUrl":"https:\/\/www.anc.cr\/wp-content\/uploads\/2024\/07\/image-38.png","datePublished":"2024-07-09T11:39:56+00:00","dateModified":"2024-07-09T11:40:01+00:00","breadcrumb":{"@id":"https:\/\/www.anc.cr\/paul-eliot-hanson-snortum\/#breadcrumb"},"inLanguage":"en-US","potentialAction":[{"@type":"ReadAction","target":["https:\/\/www.anc.cr\/paul-eliot-hanson-snortum\/"]}]},{"@type":"ImageObject","inLanguage":"en-US","@id":"https:\/\/www.anc.cr\/paul-eliot-hanson-snortum\/#primaryimage","url":"https:\/\/www.anc.cr\/wp-content\/uploads\/2024\/07\/image-38.png","contentUrl":"https:\/\/www.anc.cr\/wp-content\/uploads\/2024\/07\/image-38.png","width":392,"height":404},{"@type":"BreadcrumbList","@id":"https:\/\/www.anc.cr\/paul-eliot-hanson-snortum\/#breadcrumb","itemListElement":[{"@type":"ListItem","position":1,"name":"Portada","item":"https:\/\/www.anc.cr\/"},{"@type":"ListItem","position":2,"name":"Paul Eliot Hanson Snortum"}]},{"@type":"WebSite","@id":"https:\/\/www.anc.cr\/#website","url":"https:\/\/www.anc.cr\/","name":"ANC","description":"Academia Nacional de Ciencias","publisher":{"@id":"https:\/\/www.anc.cr\/#organization"},"potentialAction":[{"@type":"SearchAction","target":{"@type":"EntryPoint","urlTemplate":"https:\/\/www.anc.cr\/?s={search_term_string}"},"query-input":{"@type":"PropertyValueSpecification","valueRequired":true,"valueName":"search_term_string"}}],"inLanguage":"en-US"},{"@type":"Organization","@id":"https:\/\/www.anc.cr\/#organization","name":"ANC","url":"https:\/\/www.anc.cr\/","logo":{"@type":"ImageObject","inLanguage":"en-US","@id":"https:\/\/www.anc.cr\/#\/schema\/logo\/image\/","url":"https:\/\/www.anc.cr\/wp-content\/uploads\/2024\/07\/Logo-ANC-CR.png","contentUrl":"https:\/\/www.anc.cr\/wp-content\/uploads\/2024\/07\/Logo-ANC-CR.png","width":1051,"height":593,"caption":"ANC"},"image":{"@id":"https:\/\/www.anc.cr\/#\/schema\/logo\/image\/"}}]}},"_links":{"self":[{"href":"https:\/\/www.anc.cr\/en\/wp-json\/wp\/v2\/pages\/633","targetHints":{"allow":["GET"]}}],"collection":[{"href":"https:\/\/www.anc.cr\/en\/wp-json\/wp\/v2\/pages"}],"about":[{"href":"https:\/\/www.anc.cr\/en\/wp-json\/wp\/v2\/types\/page"}],"author":[{"embeddable":true,"href":"https:\/\/www.anc.cr\/en\/wp-json\/wp\/v2\/users\/1"}],"replies":[{"embeddable":true,"href":"https:\/\/www.anc.cr\/en\/wp-json\/wp\/v2\/comments?post=633"}],"version-history":[{"count":1,"href":"https:\/\/www.anc.cr\/en\/wp-json\/wp\/v2\/pages\/633\/revisions"}],"predecessor-version":[{"id":639,"href":"https:\/\/www.anc.cr\/en\/wp-json\/wp\/v2\/pages\/633\/revisions\/639"}],"wp:featuredmedia":[{"embeddable":true,"href":"https:\/\/www.anc.cr\/en\/wp-json\/wp\/v2\/media\/629"}],"wp:attachment":[{"href":"https:\/\/www.anc.cr\/en\/wp-json\/wp\/v2\/media?parent=633"}],"curies":[{"name":"wp","href":"https:\/\/api.w.org\/{rel}","templated":true}]}}