{"id":632,"date":"2024-07-09T05:37:08","date_gmt":"2024-07-09T11:37:08","guid":{"rendered":"http:\/\/anc.local\/?page_id=632"},"modified":"2024-10-21T08:09:50","modified_gmt":"2024-10-21T14:09:50","slug":"william-granville-eberhard","status":"publish","type":"page","link":"https:\/\/www.anc.cr\/en\/william-granville-eberhard\/","title":{"rendered":"William Granville Eberhard"},"content":{"rendered":"<div class=\"wp-block-group alignfull has-global-padding is-layout-constrained wp-container-core-group-is-layout-cb151cc7 wp-block-group-is-layout-constrained\" style=\"margin-top:0;margin-bottom:0;padding-top:0;padding-right:var(--wp--preset--spacing--50);padding-bottom:0;padding-left:var(--wp--preset--spacing--50)\">\n<div class=\"wp-block-columns alignwide are-vertically-aligned-center is-layout-flex wp-container-core-columns-is-layout-47c06fe3 wp-block-columns-is-layout-flex\">\n<div class=\"wp-block-column is-vertically-aligned-center is-layout-flow wp-block-column-is-layout-flow\" style=\"flex-basis:50%\">\n<h3 class=\"wp-block-heading has-x-large-font-size\">William Granville Eberhard<\/h3>\n\n\n\n<p>Acad\u00e9mico Correspondiente<\/p>\n\n\n\n<ul class=\"wp-block-list\">\n<li>Investigador, Smithsonian Tropical Research Institute, y Escuela de Biolog\u00eda, Universidad de Costa Rica, San Jos\u00e9, Costa Rica.&nbsp;<\/li>\n\n\n\n<li>B.A., Harvard College (1965).<\/li>\n\n\n\n<li>Ph.D., Harvard University (1969).&nbsp;<\/li>\n<\/ul>\n<\/div>\n\n\n\n<div class=\"wp-block-column is-vertically-aligned-center is-layout-flow wp-block-column-is-layout-flow\" style=\"flex-basis:50%\"><figure style=\"width:500px;height:500px;\" class=\"wp-block-post-featured-image\"><img decoding=\"async\" width=\"400\" height=\"400\" src=\"https:\/\/www.anc.cr\/wp-content\/uploads\/2024\/07\/image-39.png\" class=\"attachment-post-thumbnail size-post-thumbnail wp-post-image\" alt=\"\" style=\"height:500px;object-fit:cover;\" srcset=\"https:\/\/www.anc.cr\/wp-content\/uploads\/2024\/07\/image-39.png 400w, https:\/\/www.anc.cr\/wp-content\/uploads\/2024\/07\/image-39-300x300.png 300w, https:\/\/www.anc.cr\/wp-content\/uploads\/2024\/07\/image-39-150x150.png 150w\" sizes=\"(max-width: 400px) 100vw, 400px\" \/><\/figure><\/div>\n<\/div>\n<\/div>\n\n\n\n<div style=\"height:10px\" aria-hidden=\"true\" class=\"wp-block-spacer\"><\/div>\n\n\n\n<hr class=\"wp-block-separator has-alpha-channel-opacity\"\/>\n\n\n\n<div style=\"height:15px\" aria-hidden=\"true\" class=\"wp-block-spacer\"><\/div>\n\n\n\n<p>William Granville enfoca su \u00e1rea de investigaci\u00f3n en el comportamiento animal, la selecci\u00f3n sexual y la elecci\u00f3n femenina cr\u00edptica.&nbsp;<\/p>\n\n\n\n<p>Publicaciones representativas:<\/p>\n\n\n\n<ul class=\"wp-block-list\">\n<li>1985. Eberhard WG. <em>Sexual selection and animal genitalia<\/em>. Harvard University Press.<\/li>\n\n\n\n<li>1996. Eberhard WG. <em>Female control: sexual selection by cryptic female choice<\/em>. Princeton University Press.<\/li>\n\n\n\n<li>2009. Eberhard WG. Postcopulatory sexual selection: Darwin&#8217;s omission and its consequences. <em>Proceedings of the National Academy of Sciences<\/em> 106(Suppl 1): 10025-10032.<\/li>\n\n\n\n<li>2011. Eberhard WG, Wcislo WT. Morphological and behavioural correlates of brain size in miniature spiders, insects, and other invertebrates. <em>Advances in Insect Physiology<\/em> 60: 155-214.<\/li>\n\n\n\n<li>2018. Eberhard, W. G., Rodriguez, R. L., Huber, B. A., Speck, B., Miller, H., Buzatto, B. &amp; Machado, G. Sexual selection and static allometry: the importance of function. Quart. Rev. Biol. 93(3):207-251.<\/li>\n\n\n\n<li>2019. Eberhard WG, Gonzaga MO. Evidence that <em>Polysphincta<\/em>-group wasps (Hymenoptera: Ichneumonidae) use ecdysteroids to manipulate the web-construction behaviour of their spider hosts. Biol. J. Linn. Soc. 20:1-43.<\/li>\n\n\n\n<li>2019. Eberhard WG, Lehmann GUC. Demonstrating sexual selection by cryptic female choice on male genitalia: what is enough? Evolution. 73(12):2415-2435. Doi:10.1111\/evo.13863<\/li>\n\n\n\n<li>2020. Eberhard WG. <em>Spider Webs: Function, Behavior and Evolution.<\/em> Univ. Chicago Press.<\/li>\n\n\n\n<li>2021. Quesada R, Eberhard WG, Barrantes G. Complex plasticity in miniature spiders: webs built in constrained spaces by small spiderlings of <em>Leucauge argyra<\/em> (Araneae: Tetragnathidae). PLoS ONE 16(6): e025919.<\/li>\n\n\n\n<li>2022. Eberhard WG. Biological challenges to conclusions from molecular phylogenies: behavior strongly favors orb web monophyly, contradicting molecular analyses. Biol. J. Linn. Soc. 137:389-408.<\/li>\n\n\n\n<li>2023. Hormiga, G. &amp; Eberhard, W. G. Sheet webs of linyphioid spiders (Araneae: Linyphiidae, Pimoidae): the light of diversity hidden under a linguistic basket. Bull. Mus. Comp. Zool. 163:279-415.<\/li>\n\n\n\n<li>2024. A bridge between animal psychology and sexual selection: the possible effects of habituation and neural adaptation on the evolution of mate choice signals. Quart. Rev. Biol. 99:23-49. <a href=\"http:\/\/doi.org\/10.1086\/729257\" target=\"_blank\" rel=\"noreferrer noopener\">doi.org\/10.1086\/729257<\/a>.<\/li>\n<\/ul>","protected":false},"excerpt":{"rendered":"<p>William Granville Eberhard Acad\u00e9mico Correspondiente William Granville enfoca su \u00e1rea de investigaci\u00f3n en el comportamiento animal, la selecci\u00f3n sexual y la elecci\u00f3n femenina cr\u00edptica.&nbsp; Publicaciones representativas:<\/p>","protected":false},"author":1,"featured_media":630,"parent":0,"menu_order":0,"comment_status":"closed","ping_status":"closed","template":"","meta":{"footnotes":""},"class_list":["post-632","page","type-page","status-publish","has-post-thumbnail","hentry"],"yoast_head":"<!-- This site is optimized with the Yoast SEO plugin v27.3 - https:\/\/yoast.com\/product\/yoast-seo-wordpress\/ -->\n<title>William Granville Eberhard - ANC<\/title>\n<meta name=\"robots\" content=\"index, follow, max-snippet:-1, max-image-preview:large, max-video-preview:-1\" \/>\n<link rel=\"canonical\" href=\"https:\/\/www.anc.cr\/en\/william-granville-eberhard\/\" \/>\n<meta property=\"og:locale\" content=\"en_US\" \/>\n<meta property=\"og:type\" content=\"article\" \/>\n<meta property=\"og:title\" content=\"William Granville Eberhard - ANC\" \/>\n<meta property=\"og:description\" content=\"William Granville Eberhard Acad\u00e9mico Correspondiente William Granville enfoca su \u00e1rea de investigaci\u00f3n en el comportamiento animal, la selecci\u00f3n sexual y la elecci\u00f3n femenina cr\u00edptica.&nbsp; Publicaciones representativas:\" \/>\n<meta property=\"og:url\" content=\"https:\/\/www.anc.cr\/en\/william-granville-eberhard\/\" \/>\n<meta property=\"og:site_name\" content=\"ANC\" \/>\n<meta property=\"article:modified_time\" content=\"2024-10-21T14:09:50+00:00\" \/>\n<meta property=\"og:image\" content=\"https:\/\/www.anc.cr\/wp-content\/uploads\/2024\/07\/image-39.png\" \/>\n\t<meta property=\"og:image:width\" content=\"400\" \/>\n\t<meta property=\"og:image:height\" content=\"400\" \/>\n\t<meta property=\"og:image:type\" content=\"image\/png\" \/>\n<meta name=\"twitter:card\" content=\"summary_large_image\" \/>\n<meta name=\"twitter:label1\" content=\"Est. reading time\" \/>\n\t<meta name=\"twitter:data1\" content=\"2 minutes\" \/>\n<script type=\"application\/ld+json\" class=\"yoast-schema-graph\">{\"@context\":\"https:\\\/\\\/schema.org\",\"@graph\":[{\"@type\":\"WebPage\",\"@id\":\"https:\\\/\\\/www.anc.cr\\\/william-granville-eberhard\\\/\",\"url\":\"https:\\\/\\\/www.anc.cr\\\/william-granville-eberhard\\\/\",\"name\":\"William Granville Eberhard - ANC\",\"isPartOf\":{\"@id\":\"https:\\\/\\\/www.anc.cr\\\/#website\"},\"primaryImageOfPage\":{\"@id\":\"https:\\\/\\\/www.anc.cr\\\/william-granville-eberhard\\\/#primaryimage\"},\"image\":{\"@id\":\"https:\\\/\\\/www.anc.cr\\\/william-granville-eberhard\\\/#primaryimage\"},\"thumbnailUrl\":\"https:\\\/\\\/www.anc.cr\\\/wp-content\\\/uploads\\\/2024\\\/07\\\/image-39.png\",\"datePublished\":\"2024-07-09T11:37:08+00:00\",\"dateModified\":\"2024-10-21T14:09:50+00:00\",\"breadcrumb\":{\"@id\":\"https:\\\/\\\/www.anc.cr\\\/william-granville-eberhard\\\/#breadcrumb\"},\"inLanguage\":\"en-US\",\"potentialAction\":[{\"@type\":\"ReadAction\",\"target\":[\"https:\\\/\\\/www.anc.cr\\\/william-granville-eberhard\\\/\"]}]},{\"@type\":\"ImageObject\",\"inLanguage\":\"en-US\",\"@id\":\"https:\\\/\\\/www.anc.cr\\\/william-granville-eberhard\\\/#primaryimage\",\"url\":\"https:\\\/\\\/www.anc.cr\\\/wp-content\\\/uploads\\\/2024\\\/07\\\/image-39.png\",\"contentUrl\":\"https:\\\/\\\/www.anc.cr\\\/wp-content\\\/uploads\\\/2024\\\/07\\\/image-39.png\",\"width\":400,\"height\":400},{\"@type\":\"BreadcrumbList\",\"@id\":\"https:\\\/\\\/www.anc.cr\\\/william-granville-eberhard\\\/#breadcrumb\",\"itemListElement\":[{\"@type\":\"ListItem\",\"position\":1,\"name\":\"Portada\",\"item\":\"https:\\\/\\\/www.anc.cr\\\/\"},{\"@type\":\"ListItem\",\"position\":2,\"name\":\"William Granville Eberhard\"}]},{\"@type\":\"WebSite\",\"@id\":\"https:\\\/\\\/www.anc.cr\\\/#website\",\"url\":\"https:\\\/\\\/www.anc.cr\\\/\",\"name\":\"ANC\",\"description\":\"Academia Nacional de Ciencias\",\"publisher\":{\"@id\":\"https:\\\/\\\/www.anc.cr\\\/#organization\"},\"potentialAction\":[{\"@type\":\"SearchAction\",\"target\":{\"@type\":\"EntryPoint\",\"urlTemplate\":\"https:\\\/\\\/www.anc.cr\\\/?s={search_term_string}\"},\"query-input\":{\"@type\":\"PropertyValueSpecification\",\"valueRequired\":true,\"valueName\":\"search_term_string\"}}],\"inLanguage\":\"en-US\"},{\"@type\":\"Organization\",\"@id\":\"https:\\\/\\\/www.anc.cr\\\/#organization\",\"name\":\"ANC\",\"url\":\"https:\\\/\\\/www.anc.cr\\\/\",\"logo\":{\"@type\":\"ImageObject\",\"inLanguage\":\"en-US\",\"@id\":\"https:\\\/\\\/www.anc.cr\\\/#\\\/schema\\\/logo\\\/image\\\/\",\"url\":\"https:\\\/\\\/www.anc.cr\\\/wp-content\\\/uploads\\\/2024\\\/07\\\/Logo-ANC-CR.png\",\"contentUrl\":\"https:\\\/\\\/www.anc.cr\\\/wp-content\\\/uploads\\\/2024\\\/07\\\/Logo-ANC-CR.png\",\"width\":1051,\"height\":593,\"caption\":\"ANC\"},\"image\":{\"@id\":\"https:\\\/\\\/www.anc.cr\\\/#\\\/schema\\\/logo\\\/image\\\/\"}}]}<\/script>\n<!-- \/ Yoast SEO plugin. -->","yoast_head_json":{"title":"William Granville Eberhard - ANC","robots":{"index":"index","follow":"follow","max-snippet":"max-snippet:-1","max-image-preview":"max-image-preview:large","max-video-preview":"max-video-preview:-1"},"canonical":"https:\/\/www.anc.cr\/en\/william-granville-eberhard\/","og_locale":"en_US","og_type":"article","og_title":"William Granville Eberhard - ANC","og_description":"William Granville Eberhard Acad\u00e9mico Correspondiente William Granville enfoca su \u00e1rea de investigaci\u00f3n en el comportamiento animal, la selecci\u00f3n sexual y la elecci\u00f3n femenina cr\u00edptica.&nbsp; Publicaciones representativas:","og_url":"https:\/\/www.anc.cr\/en\/william-granville-eberhard\/","og_site_name":"ANC","article_modified_time":"2024-10-21T14:09:50+00:00","og_image":[{"width":400,"height":400,"url":"https:\/\/www.anc.cr\/wp-content\/uploads\/2024\/07\/image-39.png","type":"image\/png"}],"twitter_card":"summary_large_image","twitter_misc":{"Est. reading time":"2 minutes"},"schema":{"@context":"https:\/\/schema.org","@graph":[{"@type":"WebPage","@id":"https:\/\/www.anc.cr\/william-granville-eberhard\/","url":"https:\/\/www.anc.cr\/william-granville-eberhard\/","name":"William Granville Eberhard - ANC","isPartOf":{"@id":"https:\/\/www.anc.cr\/#website"},"primaryImageOfPage":{"@id":"https:\/\/www.anc.cr\/william-granville-eberhard\/#primaryimage"},"image":{"@id":"https:\/\/www.anc.cr\/william-granville-eberhard\/#primaryimage"},"thumbnailUrl":"https:\/\/www.anc.cr\/wp-content\/uploads\/2024\/07\/image-39.png","datePublished":"2024-07-09T11:37:08+00:00","dateModified":"2024-10-21T14:09:50+00:00","breadcrumb":{"@id":"https:\/\/www.anc.cr\/william-granville-eberhard\/#breadcrumb"},"inLanguage":"en-US","potentialAction":[{"@type":"ReadAction","target":["https:\/\/www.anc.cr\/william-granville-eberhard\/"]}]},{"@type":"ImageObject","inLanguage":"en-US","@id":"https:\/\/www.anc.cr\/william-granville-eberhard\/#primaryimage","url":"https:\/\/www.anc.cr\/wp-content\/uploads\/2024\/07\/image-39.png","contentUrl":"https:\/\/www.anc.cr\/wp-content\/uploads\/2024\/07\/image-39.png","width":400,"height":400},{"@type":"BreadcrumbList","@id":"https:\/\/www.anc.cr\/william-granville-eberhard\/#breadcrumb","itemListElement":[{"@type":"ListItem","position":1,"name":"Portada","item":"https:\/\/www.anc.cr\/"},{"@type":"ListItem","position":2,"name":"William Granville Eberhard"}]},{"@type":"WebSite","@id":"https:\/\/www.anc.cr\/#website","url":"https:\/\/www.anc.cr\/","name":"ANC","description":"Academia Nacional de Ciencias","publisher":{"@id":"https:\/\/www.anc.cr\/#organization"},"potentialAction":[{"@type":"SearchAction","target":{"@type":"EntryPoint","urlTemplate":"https:\/\/www.anc.cr\/?s={search_term_string}"},"query-input":{"@type":"PropertyValueSpecification","valueRequired":true,"valueName":"search_term_string"}}],"inLanguage":"en-US"},{"@type":"Organization","@id":"https:\/\/www.anc.cr\/#organization","name":"ANC","url":"https:\/\/www.anc.cr\/","logo":{"@type":"ImageObject","inLanguage":"en-US","@id":"https:\/\/www.anc.cr\/#\/schema\/logo\/image\/","url":"https:\/\/www.anc.cr\/wp-content\/uploads\/2024\/07\/Logo-ANC-CR.png","contentUrl":"https:\/\/www.anc.cr\/wp-content\/uploads\/2024\/07\/Logo-ANC-CR.png","width":1051,"height":593,"caption":"ANC"},"image":{"@id":"https:\/\/www.anc.cr\/#\/schema\/logo\/image\/"}}]}},"_links":{"self":[{"href":"https:\/\/www.anc.cr\/en\/wp-json\/wp\/v2\/pages\/632","targetHints":{"allow":["GET"]}}],"collection":[{"href":"https:\/\/www.anc.cr\/en\/wp-json\/wp\/v2\/pages"}],"about":[{"href":"https:\/\/www.anc.cr\/en\/wp-json\/wp\/v2\/types\/page"}],"author":[{"embeddable":true,"href":"https:\/\/www.anc.cr\/en\/wp-json\/wp\/v2\/users\/1"}],"replies":[{"embeddable":true,"href":"https:\/\/www.anc.cr\/en\/wp-json\/wp\/v2\/comments?post=632"}],"version-history":[{"count":3,"href":"https:\/\/www.anc.cr\/en\/wp-json\/wp\/v2\/pages\/632\/revisions"}],"predecessor-version":[{"id":2186,"href":"https:\/\/www.anc.cr\/en\/wp-json\/wp\/v2\/pages\/632\/revisions\/2186"}],"wp:featuredmedia":[{"embeddable":true,"href":"https:\/\/www.anc.cr\/en\/wp-json\/wp\/v2\/media\/630"}],"wp:attachment":[{"href":"https:\/\/www.anc.cr\/en\/wp-json\/wp\/v2\/media?parent=632"}],"curies":[{"name":"wp","href":"https:\/\/api.w.org\/{rel}","templated":true}]}}