{"id":596,"date":"2024-07-09T05:21:34","date_gmt":"2024-07-09T11:21:34","guid":{"rendered":"http:\/\/anc.local\/?page_id=596"},"modified":"2024-07-09T05:21:39","modified_gmt":"2024-07-09T11:21:39","slug":"jorge-alberto-amador-astua","status":"publish","type":"page","link":"https:\/\/www.anc.cr\/en\/jorge-alberto-amador-astua\/","title":{"rendered":"Jorge Alberto Amador Ast\u00faa"},"content":{"rendered":"\n<div class=\"wp-block-group alignfull has-global-padding is-layout-constrained wp-container-core-group-is-layout-cb151cc7 wp-block-group-is-layout-constrained\" style=\"margin-top:0;margin-bottom:0;padding-top:0;padding-right:var(--wp--preset--spacing--50);padding-bottom:0;padding-left:var(--wp--preset--spacing--50)\">\n<div class=\"wp-block-columns alignwide are-vertically-aligned-center is-layout-flex wp-container-core-columns-is-layout-47c06fe3 wp-block-columns-is-layout-flex\">\n<div class=\"wp-block-column is-vertically-aligned-center is-layout-flow wp-block-column-is-layout-flow\" style=\"flex-basis:50%\">\n<h3 class=\"wp-block-heading has-x-large-font-size\">Jorge Alberto Amador Ast\u00faa<\/h3>\n\n\n\n<p>Tesorero-Academia Nacional de Ciencias<\/p>\n\n\n\n<ul class=\"wp-block-list\">\n<li>Catedr\u00e1tico de la Escuela de F\u00edsica\u00a0 e Investigador del Centro de Investigaciones Geof\u00edsicas (CIGEFI) de la Universidad de Costa Rica.<\/li>\n\n\n\n<li>Especialidad: Din\u00e1mica de la Atm\u00f3sfera<br><\/li>\n<\/ul>\n<\/div>\n\n\n\n<div class=\"wp-block-column is-vertically-aligned-center is-layout-flow wp-block-column-is-layout-flow\" style=\"flex-basis:50%\"><figure style=\"width:500px;height:500px;\" class=\"wp-block-post-featured-image\"><img decoding=\"async\" width=\"400\" height=\"374\" src=\"https:\/\/www.anc.cr\/wp-content\/uploads\/2024\/07\/image-16.png\" class=\"attachment-post-thumbnail size-post-thumbnail wp-post-image\" alt=\"\" style=\"height:500px;object-fit:cover;\" srcset=\"https:\/\/www.anc.cr\/wp-content\/uploads\/2024\/07\/image-16.png 400w, https:\/\/www.anc.cr\/wp-content\/uploads\/2024\/07\/image-16-300x281.png 300w\" sizes=\"(max-width: 400px) 100vw, 400px\" \/><\/figure><\/div>\n<\/div>\n<\/div>\n\n\n\n<div style=\"height:10px\" aria-hidden=\"true\" class=\"wp-block-spacer\"><\/div>\n\n\n\n<hr class=\"wp-block-separator has-alpha-channel-opacity\"\/>\n\n\n\n<div style=\"height:15px\" aria-hidden=\"true\" class=\"wp-block-spacer\"><\/div>\n\n\n\n<p>En la actualidad radica en Costa Rica donde se desempe\u00f1a como Catedr\u00e1tico de la Escuela de F\u00edsica de la Universidad de Costa Rica. Adem\u00e1s se desarrolla como Investigador del Centro de Investigaciones Geof\u00edsicas (CIGEFI) de la Universidad de Costa Ric<br><br><strong>Estudios Realizados:<br><\/strong>En el a\u00f1o 1972 obtuvo el t\u00edtulo de Profesor de Segunda Ense\u00f1anza en F\u00edsica y de Bachiller en Meteorolog\u00eda de la Universidad de Costa. Obtuvo, adem\u00e1s, el t\u00edtulo de Bachiller en F\u00edsica, con Matr\u00edcula de Honor en 1975, brindado por la misma instituci\u00f3n. En 1976 se gradu\u00f3 con el t\u00edtulo de Licenciado en Meteorolog\u00eda, con Honores, en la Universidad de Costa Rica, Adem\u00e1s realiz\u00f3 estudios de Maestr\u00eda y Doctorado en Din\u00e1mica de la Atm\u00f3sfera, en la Universidad Reading del Reino Unido.<br><br><strong>Distinciones:<br><\/strong>Catedr\u00e1tico Humboldt 2008 UCR; Premio Nacional de Ciencia Clodomiro Picado Twight 2008; Group Achievement Award to Tropical Composition, Cloud and Climate Coupling, TC4 2008, NASA; Premio al Investigador UCR 2011 (Ciencias B\u00e1sicas). Se le reconoce internacionalmente el descubrimiento, en 1998, de la Corriente Atmosf\u00e9rica en Chorro del Caribe.<br><br><strong>Cargos:<br><\/strong>Ha sido Director del Programa de Posgrado en F\u00edsica, Director del Programa de Posgrado en Ciencias de la Atm\u00f3sfera, Director del Centro de Investigaciones Geof\u00edsicas (CIGEFI) y es actualmente el Director del Departamento de F\u00edsica Atmosf\u00e9rica, Oce\u00e1nica y Planetaria de la Escuela de F\u00edsica de la UCR.<\/p>\n\n\n\n<h3 class=\"wp-block-heading\">Publicaciones representativas:<\/h3>\n\n\n\n<ul class=\"wp-block-list\">\n<li>Serra, Y. L., X. Jiang, B. Tian, J. A. Amador, E. D. Maloney, and G. N. Kiladis. 2014. Tropical Intraseasonal Oscillations and Synoptic Variability. Annual Review of Environment and Resources, Vol. 39: Accepted. (publication date October 2014).<\/li>\n\n\n\n<li>Amador, J. A. y G. Mu\u00f1oz-Hern\u00e1ndez, 2014. Moduladores clim\u00e1ticos de baja frecuencia y las plagas de langostas en Mesoam\u00e9rica. En: Plagas de langostas en Am\u00e9rica Latina. Una perspectiva multidisciplinaria. Ediciones Sanabria, Accepted. (publication date September 2014, in Spanish).<\/li>\n\n\n\n<li>Amador, J. A., E. J. Alfaro, H. G. Hidalgo, Ana M. Dur\u00e1n, B. Calder\u00f3n, I. L. Rivera, and C. Vega, 2014. Central America. [In State of the Climate 2011], Bull. Amer. Met. Soc.. 95(7), S164-S156.<\/li>\n\n\n\n<li>Amador, J. A., and E. J. Alfaro, 2014. Weather and climate socio-economic impacts in Central America for the management and protection of world heritage sites and the Diquis Delta culture in Costa Rica (a case study). Adv. Geosci., 1, 1\u201311. doi:10.5194\/adgeo-1-1-2014.<\/li>\n\n\n\n<li>Hidalgo, H.G., Amador, J.A., Alfaro, E.J., Quesada, B. 2013. Hydrological Climate Change Projections for Central America, Journal of Hydrology. doi:\u00a0<a href=\"http:\/\/dx.doi.org\/10.1016\/j.jhydrol.2013.05.004\">http:\/\/dx.doi.org\/10.1016\/j.jhydrol.2013.05.004<\/a><\/li>\n\n\n\n<li>Amador, J. A., E. J. Alfaro, H. G. Hidalgo, Ana M. Dur\u00e1n, B. Calder\u00f3n, and I. L Rivera, 2013. Central America. [In State of the Climate 2011], Bull. Amer. Met. Soc., 94(8),S154-S156. Solano, F. J., R. D\u00edaz, and J. A. Amador, 2013. La Institucionalizaci\u00f3n de la meteorolog\u00eda en Costa Rica (1860-1910). Serie Estudios Sociales de la Ciencia, la T\u00e9cnica y el Medio Ambiente, 313 pp. Editorial Nuevas Perspectivas, San Jos\u00e9, Costa Rica. [In Spanish]<\/li>\n\n\n\n<li>Amador, J. A., H. G. Hidalgo, E. J. Alfaro, B. Calder\u00f3n, N. P. Mora, and I. L Rivera, 2012. Central America. [In State of the Climate 2011], Bull. Amer. Met. Soc.. 93(7),S169-S170.<\/li>\n\n\n\n<li>Amador, J. A., 2011. Socio-economic impacts associated with meteorological systems and tropical cyclones in Central America in 2010. [In State of the Climate 2010], Bull. Amer. Met. Soc.. 92(6), S184.<\/li>\n\n\n\n<li>Amador, J. A., E. J. Alfaro, H. G. Hidalgo, and B. Calder\u00f3n, 2011. Central America. [In State of the Climate 2010], Bull. Amer. Met. Soc.. 92(6), S182-S183.<\/li>\n\n\n\n<li>Amador, J. A., E. J. Alfaro, E. R. Rivera and B. Calder\u00f3n, 2010. Climatic features and their relationship with tropical cyclones over the Intra-Americas Seas. En Hurricanes and Climate Change, J. B. Elsner, R. E. Hodges, J. C. Malmstadt, and K. N. Scheitlin Editors, Springer Dordrecht, Heidelberg, London, New York, 255 pp.<\/li>\n\n\n\n<li>Amador, J. A., E. J. Alfaro, H. G. Hidalgo, E. R. Rivera, and B. Calder\u00f3n, 2010. Central America. [In State of the Climate 2009], Bull. Amer. Met. Soc.. 91(8), S143-S144.<\/li>\n\n\n\n<li>Selkirk, H. B., H. V\u00f6mel, J. M. Valverde Canossa, L. Pfister, J. A. Diaz, W. Fern\u00e1ndez, J. A. Amador, W. Stolz, and G. S. Peng, 2010. Detailed structure of the tropical upper troposphere and lower stratosphere as revealed by balloon sonde observations of water vapor, ozone, temperature, and winds during the NASA TCSP and TC4 campaigns, J. Geophys. Res., 115, D00J19, doi:10.1029\/2009JD013209.<\/li>\n\n\n\n<li>Solano, F. J., R.E. D\u00edaz y J. A. Amador, 2010. Evoluci\u00f3n de las ideas meteorol\u00f3gicas y el impacto del clima en la sociedad costarricense (1502-1860). Serie Estudios Sociales de la Ciencia, la T\u00e9cnica y el Medio Ambiente. Centro de Investigaciones Geof\u00edsicas, Escuela de Historia y Centro de Investigaciones Hist\u00f3ricas e Am\u00e9rica Central, Universidad de Costa Rica. Ediciones Sanabria, 1era. Edici\u00f3n, ISBN: 978-9968-706-38-4.<\/li>\n\n\n\n<li>Dur\u00e1n, A. M., L. Gimeno, J. A. Amador, and R. Nieto, 2010. A Lagrangian approach to moisture sources for Central America: Part I. Moisture sources identification. J. Geophys. Res., 15, doi:10.1029\/2009JD012455.<\/li>\n\n\n\n<li>Torrealba E. R. y J. A. Amador, 2010. La corriente en chorro de bajo nivel sobre los Llanos Venezolanos de Sur Am\u00e9rica. ReClim, 10, 1-20<\/li>\n\n\n\n<li>Amador J. A., E. Alfaro, E. Rivera y B. Calder\u00f3n, 2009. Central America [in \u201cState of the Climate in 2008\u201d]. Bull. Amer. Met. Soc.. 90(8), S130.<\/li>\n\n\n\n<li>Amador, J. A. y E. J. Alfaro, 2009. M\u00e9todos din\u00e1micos y estad\u00edsticos de reducci\u00f3n de escala: Aplicaciones al tiempo, clima, variabilidad clim\u00e1tica y cambio clim\u00e1tico. Revista Iberoamericana de Econom\u00eda Ecol\u00f3gica, 11, 55-68.<\/li>\n\n\n\n<li>Amador, J. A. y A. Bonilla 2009. Ciclones tropicales y sociedad: Una aproximaci\u00f3n al enfoque cient\u00edfico de estos fen\u00f3menos atmosf\u00e9ricos como referente para la investigaci\u00f3n social en desastres. En: Concepciones y representaciones de la naturaleza y la ciencia en Am\u00e9rica Latina, Programa de Estudios Sociales de la ciencia, la T\u00e9cnica y el Medio Ambiente. Universidad de Costa Rica, 279 pp.<\/li>\n\n\n\n<li>Bonilla, A. y J. A. Amador, 2009. El temporal de enero 2000: sus caracter\u00edsticas e impactos socio-econ\u00f3micos sobre las comunidades pr\u00f3ximas a la cuenca de la Laguna de Arenal y de la regi\u00f3n Huetar Norte. En: Concepciones y representaciones de la naturaleza y la ciencia en Am\u00e9rica Latina, Programa de Estudios Sociales de la ciencia, la T\u00e9cnica y el Medio Ambiente. Universidad de Costa Rica, 277 pp.<\/li>\n\n\n\n<li>Duran-Quesada, A. M., L. Gimeno, J. A. Amador, R. Nieto 2009, Moisture Sources for Central America: A Lagrangian analysis Method Application, Eos Trans. AGU, 90(22), Jt. Assem. Suppl., Abstract A13B-02.<\/li>\n\n\n\n<li>Rivera, E. y J. A. Amador, 2009. Predicci\u00f3n Estacional del Clima en Centroam\u00e9rica mediante la reducci\u00f3n de escala din\u00e1mica. Parte II: Aplicaci\u00f3n del modelo MM5v3. Revista de Matem\u00e1tica: Teor\u00eda y Aplicaciones, 16(1), 76-104.<\/li>\n\n\n\n<li>Amador, J. A., 2008. The Intra-Americas Seas Low-Level Jet (IALLJ): Overview and Future Research. Annals of the New York Academy of Sciences. Trends and Directions in Climate Research, L. Gimeno, R. Garcia, and R. Trigo, Editors,1146(1), 153-188(36).<\/li>\n\n\n\n<li>Peraldo, G. y J. A. Amador, 2008. Las ra\u00edces filos\u00f3ficas y f\u00edsicas de las hip\u00f3tesis sobre sismolog\u00eda desarrolladas por el Ing. Luis Matamoros. Una influencia de las corrientes Aristot\u00e9licas y Feijoosistas a inicios del siglo XX. Revista Geol\u00f3gica de Am\u00e9rica Central, 37, 65-77. Editorial de la Universidad de Costa Rica.<\/li>\n\n\n\n<li>Rivera, E. y J. A. Amador, 2008. Predicci\u00f3n Estacional del Clima en Centroam\u00e9rica mediante la reducci\u00f3n de escala din\u00e1mica. Parte I: Evaluaci\u00f3n de los Modelos de Circulaci\u00f3n General CCM3.6 y ECHAM4.5. Revista de Matem\u00e1tica: Teor\u00eda y Aplicaciones, 15(2), 131-173.<\/li>\n\n\n\n<li>Ulate, M., E. R. Rivera, J. A. Amador, A. M. Duran, and B. Calderon, (2008), A Comparison of Modeled and Observed Temperature and Wind Fluctuations near the Tropical Tropopause during the TC4 (Tropical Composition, Cloud and Climate Coupling) Mission, Eos Trans. AGU, 89(23), Jt. Assem. Suppl., Abstract A33D-01. Amador, J. A., E. J. Alfaro, O. G. Lizano, and V. O. Maga\u00f1a, 2006. Atmospheric forcing of the eastern tropical Pacific: A review. Progress in Oceanography, 69, 101-142.<\/li>\n\n\n\n<li>Higgins, W., J. A. Amador, A. Barros, E. H. Berbery, E. Caetano, R. Cifelli, R. Carbone, M. Cortez-Vazquez, A. Douglas, M. Douglas, G. Emmanuel, D. Gochis, D. Gutzler, R. Johnson, C. King, D. Lettenmaier, T. Lang, R. Lobato, R. Maddox, V. Maga\u00f1a, J. Meitin, K. Mo, E. Pytlak, C. Ropelewski, S. Rutledge, J. Schemm, S. Schubert, F. Torres, A. White, C. Williams, A. Wood, R. Zamora, and C. Zhang, 2006. The North American Monsoon Experiment (NAME) 2004 Field Campaign. Bulletin of the American Meteorological Society, 87(1), 79-94.<\/li>\n\n\n\n<li>Lav\u00edn, M. F., P. C. Fiedler, J. A. Amador, L. T., Ballance, J. Farber-Lorda, and A. M., Mestas-Nu\u00f1ez, 2006. A review of eastern tropical Pacific oceanography: Summary. Progress in Oceanography, 69, 391-398.<\/li>\n\n\n\n<li>Vera C., W. Higgins, J. A. Amador, T. Ambrizzi, R. Garreaud, D. Gochis, D. Guztler, D. Lettenmaier, J. Marengo, C. R. Mechoso, J. Nogues-Paegle, P. L. Silva and C. Zhang, 2006. Toward a unified view of the American Monsoon Systems. Journal of Climate, 19, 4977-5000.<\/li>\n\n\n\n<li>Jones, P., J. A. Amador, M. Campos, K. Hayhoe, M. Marin, J. Romero and A. Fischlin. 2005. Generating climate change scenarios at high resolution for impact studies and adaptation: Focus on developing countries. In Tropical Forests and adaptation to climate change: In search of synergies. C. Robledo, M. Kanninen, L Pedroni, Editors..CIFOR, Bogor Barat, Indonesia, 38-56.<\/li>\n\n\n\n<li>Marengo, J. A., and J. A. Amador, 2005. Latin America. In: Documents in support of the writing process for the IPCC Working Group II Fourth Assessment Report. Volume produced for the Second Lead Authors Meeting, Cairns, March 14-17 2005, 112-119. Intergovernmental Panel on Climate Change, WMO UNEP Working Group II, Impacts, Adaptation and Vulnerability. Ed. T. Carter, O. Canziani and M. Parry, Co-Chairs, IPCC WGII Technical Support Unit, Met Office, Hadley Centre, Fitzroy Road, Exeter EX1 3PB, UK. (http:\/\/www.ipcc-wg2.org)<\/li>\n\n\n\n<li>Trasvi\u00f1a, A. and J. A. Amador, 2005. Eastern Pacific coastal dynamics and the Intra-Americas summer low level jet. Geophysical Research Abstracts, SRef-ID: 1607-7962\/gra\/EGU05-A-09826, European Geosciences Union, Vol. 7, 09826.<\/li>\n\n\n\n<li>Amador, J. A, 2003. Clima y variabilidad clim\u00e1tica en Costa Rica a trav\u00e9s de informaci\u00f3n hist\u00f3rica del siglo XIX. En: Estudios sobre historia y ambiente en Am\u00e9rica, II: Norteam\u00e9rica, Sudam\u00e9rica y el Pac\u00edfico. Compiladores: Bernardo Garc\u00eda Mart\u00ednez y Mar\u00eda del Rosario Prieto. M\u00e9xico, El Colegio de M\u00e9xico \/ IPGH. (ISBN 968-6384-69-X), pp. 37-54.<\/li>\n\n\n\n<li>Amador, J. A., J. R. Chac\u00f3n, and S. Laporte, 2003. Climate and climate variability in the Arenal Basin of Costa Rica. In Climate, Water and Trans-boundary Challenges in the Americas. Ed. Henry D\u00edaz and Barbara Morehouse. Kluwer Academic Publishers. Holland, pp. 317-349. Higgins R. W., A. Douglas, A. Hahmann, E. H. Berbery , D. Gutzler, J. Shuttleworth, D. Stensrud, J. A. Amador, R. Carbone, M. Cortez, M. Douglas, R. Lobato, J. Meitin, C. Ropelewski, J. Schemm, S. Schubert, C. Zhang, 2003. Progress in Pan American CLIVAR Research: The North American Monsoon System. Atm\u00f3sfera, 16(1), 29-65.<\/li>\n\n\n\n<li>Amador, J. A., 2002. Some aspects of climate in Costa Rica using historical data from the XIX Century. Top. Meteor. y Ocean. 9 (1), 33-54.<\/li>\n\n\n\n<li>Amador, J. A., 2002. Los albores de la f\u00edsica y el desarrollo de la meteorolog\u00eda en Costa Rica. En: Ciencia y T\u00e9cnica en la Costa Rica del Siglo XIX. Ed. G. Peraldo, Editorial Tecnol\u00f3gica, Cartago, Costa Rica (ISBN 9977-66-139-1), pp. 187-208 .<\/li>\n\n\n\n<li>Alfaro, E. J. y J. A. Amador, 2001. Algunas caracter\u00edsticas de la estrat\u00f3sfera sobre Mesoam\u00e9rica. Top. Meteor. y Ocean. 8 (2), 1-15.<\/li>\n\n\n\n<li>Lizano O. G., J. A. Amador y R. Soto, 2001. Caracterizaci\u00f3n de manglares de Centroam\u00e9rica con sensores remotos. Revista de Biolog\u00eda Tropical \/ International Journal of Tropical Biology and Conservation, 48(3): Ecosistemas Acu\u00e1ticos de Costa Rica, 33-51.<\/li>\n\n\n\n<li>Amador, J. A., R. E. Chac\u00f3n y S. Laporte, 2000. Cuenca del R\u00edo Arenal: An\u00e1lisis de los eventos La Ni\u00f1a 1988-89 y 1996. Top. Meteor. y Ocean., 7 (1), 22-42. Amador, J. A., S. Laporte y R. E. Chac\u00f3n, 2000. Cuenca del R\u00edo Arenal: An\u00e1lisis de los eventos El Ni\u00f1o de los a\u00f1os 1992-93, 1994-95 y 1997-8. Top. Meteor. y Ocean., 7 (1), 1-21.<\/li>\n\n\n\n<li>Amador, J. A., V. O. Maga\u00f1a and J. B. P\u00e9rez, 2000. The low level jet and convective activity in the Caribbean. Preprints 24th Conference on Hurricanes and Tropical Meteorology, American Meteorological Society, 29 May-2 June, 114-115.<\/li>\n\n\n\n<li>Amador, J. A., and V. Maga\u00f1a, 1999. Dynamics of the Low-level jet over the Caribbean Sea. Preprints 23rd Conference on Hurricanes and Tropical Meteorology, American Meteorological Society,10-15 January, 99, Vol. 2, 868-869.<\/li>\n\n\n\n<li>Maga\u00f1a, V., J. A. Amador, and S. Medina, 1999. The Mid-Summer Drought over M\u00e9xico and Central America. Journal of Climate, 12, 1577-1588.<\/li>\n\n\n\n<li>Mora, I. y J. A. Amador, 1999. El ENOS, el IOS y la corriente en chorro de bajo nivel en el oeste del Caribe. Top. Meteor. y Ocean., 6(2), 40-52.<\/li>\n\n\n\n<li>Amador, J. A., 1998. A climatic feature of the tropical Americas: The trade wind easterly jet. Top. Meteor. y Ocean. 5(2), 91-102.Jorge Alberto Amador Ast\u00faa<\/li>\n<\/ul>\n","protected":false},"excerpt":{"rendered":"<p>Jorge Alberto Amador Ast\u00faa Tesorero-Academia Nacional de Ciencias En la actualidad radica en Costa Rica donde se desempe\u00f1a como Catedr\u00e1tico de la Escuela de F\u00edsica de la Universidad de Costa Rica. Adem\u00e1s se desarrolla como Investigador del Centro de Investigaciones Geof\u00edsicas (CIGEFI) de la Universidad de Costa Ric Estudios Realizados:En el a\u00f1o 1972 obtuvo el [&hellip;]<\/p>\n","protected":false},"author":1,"featured_media":484,"parent":0,"menu_order":0,"comment_status":"closed","ping_status":"closed","template":"","meta":{"footnotes":""},"class_list":["post-596","page","type-page","status-publish","has-post-thumbnail","hentry"],"yoast_head":"<!-- This site is optimized with the Yoast SEO plugin v27.3 - https:\/\/yoast.com\/product\/yoast-seo-wordpress\/ -->\n<title>Jorge Alberto Amador Ast\u00faa - ANC<\/title>\n<meta name=\"robots\" content=\"index, follow, max-snippet:-1, max-image-preview:large, max-video-preview:-1\" \/>\n<link rel=\"canonical\" href=\"https:\/\/www.anc.cr\/en\/jorge-alberto-amador-astua\/\" \/>\n<meta property=\"og:locale\" content=\"en_US\" \/>\n<meta property=\"og:type\" content=\"article\" \/>\n<meta property=\"og:title\" content=\"Jorge Alberto Amador Ast\u00faa - ANC\" \/>\n<meta property=\"og:description\" content=\"Jorge Alberto Amador Ast\u00faa Tesorero-Academia Nacional de Ciencias En la actualidad radica en Costa Rica donde se desempe\u00f1a como Catedr\u00e1tico de la Escuela de F\u00edsica de la Universidad de Costa Rica. Adem\u00e1s se desarrolla como Investigador del Centro de Investigaciones Geof\u00edsicas (CIGEFI) de la Universidad de Costa Ric Estudios Realizados:En el a\u00f1o 1972 obtuvo el [&hellip;]\" \/>\n<meta property=\"og:url\" content=\"https:\/\/www.anc.cr\/en\/jorge-alberto-amador-astua\/\" \/>\n<meta property=\"og:site_name\" content=\"ANC\" \/>\n<meta property=\"article:modified_time\" content=\"2024-07-09T11:21:39+00:00\" \/>\n<meta property=\"og:image\" content=\"https:\/\/www.anc.cr\/wp-content\/uploads\/2024\/07\/image-16.png\" \/>\n\t<meta property=\"og:image:width\" content=\"400\" \/>\n\t<meta property=\"og:image:height\" content=\"374\" \/>\n\t<meta property=\"og:image:type\" content=\"image\/png\" \/>\n<meta name=\"twitter:card\" content=\"summary_large_image\" \/>\n<meta name=\"twitter:label1\" content=\"Est. reading time\" \/>\n\t<meta name=\"twitter:data1\" content=\"11 minutes\" \/>\n<script type=\"application\/ld+json\" class=\"yoast-schema-graph\">{\"@context\":\"https:\\\/\\\/schema.org\",\"@graph\":[{\"@type\":\"WebPage\",\"@id\":\"https:\\\/\\\/www.anc.cr\\\/jorge-alberto-amador-astua\\\/\",\"url\":\"https:\\\/\\\/www.anc.cr\\\/jorge-alberto-amador-astua\\\/\",\"name\":\"Jorge Alberto Amador Ast\u00faa - ANC\",\"isPartOf\":{\"@id\":\"https:\\\/\\\/www.anc.cr\\\/#website\"},\"primaryImageOfPage\":{\"@id\":\"https:\\\/\\\/www.anc.cr\\\/jorge-alberto-amador-astua\\\/#primaryimage\"},\"image\":{\"@id\":\"https:\\\/\\\/www.anc.cr\\\/jorge-alberto-amador-astua\\\/#primaryimage\"},\"thumbnailUrl\":\"https:\\\/\\\/www.anc.cr\\\/wp-content\\\/uploads\\\/2024\\\/07\\\/image-16.png\",\"datePublished\":\"2024-07-09T11:21:34+00:00\",\"dateModified\":\"2024-07-09T11:21:39+00:00\",\"breadcrumb\":{\"@id\":\"https:\\\/\\\/www.anc.cr\\\/jorge-alberto-amador-astua\\\/#breadcrumb\"},\"inLanguage\":\"en-US\",\"potentialAction\":[{\"@type\":\"ReadAction\",\"target\":[\"https:\\\/\\\/www.anc.cr\\\/jorge-alberto-amador-astua\\\/\"]}]},{\"@type\":\"ImageObject\",\"inLanguage\":\"en-US\",\"@id\":\"https:\\\/\\\/www.anc.cr\\\/jorge-alberto-amador-astua\\\/#primaryimage\",\"url\":\"https:\\\/\\\/www.anc.cr\\\/wp-content\\\/uploads\\\/2024\\\/07\\\/image-16.png\",\"contentUrl\":\"https:\\\/\\\/www.anc.cr\\\/wp-content\\\/uploads\\\/2024\\\/07\\\/image-16.png\",\"width\":400,\"height\":374},{\"@type\":\"BreadcrumbList\",\"@id\":\"https:\\\/\\\/www.anc.cr\\\/jorge-alberto-amador-astua\\\/#breadcrumb\",\"itemListElement\":[{\"@type\":\"ListItem\",\"position\":1,\"name\":\"Portada\",\"item\":\"https:\\\/\\\/www.anc.cr\\\/\"},{\"@type\":\"ListItem\",\"position\":2,\"name\":\"Jorge Alberto Amador Ast\u00faa\"}]},{\"@type\":\"WebSite\",\"@id\":\"https:\\\/\\\/www.anc.cr\\\/#website\",\"url\":\"https:\\\/\\\/www.anc.cr\\\/\",\"name\":\"ANC\",\"description\":\"Academia Nacional de Ciencias\",\"publisher\":{\"@id\":\"https:\\\/\\\/www.anc.cr\\\/#organization\"},\"potentialAction\":[{\"@type\":\"SearchAction\",\"target\":{\"@type\":\"EntryPoint\",\"urlTemplate\":\"https:\\\/\\\/www.anc.cr\\\/?s={search_term_string}\"},\"query-input\":{\"@type\":\"PropertyValueSpecification\",\"valueRequired\":true,\"valueName\":\"search_term_string\"}}],\"inLanguage\":\"en-US\"},{\"@type\":\"Organization\",\"@id\":\"https:\\\/\\\/www.anc.cr\\\/#organization\",\"name\":\"ANC\",\"url\":\"https:\\\/\\\/www.anc.cr\\\/\",\"logo\":{\"@type\":\"ImageObject\",\"inLanguage\":\"en-US\",\"@id\":\"https:\\\/\\\/www.anc.cr\\\/#\\\/schema\\\/logo\\\/image\\\/\",\"url\":\"https:\\\/\\\/www.anc.cr\\\/wp-content\\\/uploads\\\/2024\\\/07\\\/Logo-ANC-CR.png\",\"contentUrl\":\"https:\\\/\\\/www.anc.cr\\\/wp-content\\\/uploads\\\/2024\\\/07\\\/Logo-ANC-CR.png\",\"width\":1051,\"height\":593,\"caption\":\"ANC\"},\"image\":{\"@id\":\"https:\\\/\\\/www.anc.cr\\\/#\\\/schema\\\/logo\\\/image\\\/\"}}]}<\/script>\n<!-- \/ Yoast SEO plugin. -->","yoast_head_json":{"title":"Jorge Alberto Amador Ast\u00faa - ANC","robots":{"index":"index","follow":"follow","max-snippet":"max-snippet:-1","max-image-preview":"max-image-preview:large","max-video-preview":"max-video-preview:-1"},"canonical":"https:\/\/www.anc.cr\/en\/jorge-alberto-amador-astua\/","og_locale":"en_US","og_type":"article","og_title":"Jorge Alberto Amador Ast\u00faa - ANC","og_description":"Jorge Alberto Amador Ast\u00faa Tesorero-Academia Nacional de Ciencias En la actualidad radica en Costa Rica donde se desempe\u00f1a como Catedr\u00e1tico de la Escuela de F\u00edsica de la Universidad de Costa Rica. Adem\u00e1s se desarrolla como Investigador del Centro de Investigaciones Geof\u00edsicas (CIGEFI) de la Universidad de Costa Ric Estudios Realizados:En el a\u00f1o 1972 obtuvo el [&hellip;]","og_url":"https:\/\/www.anc.cr\/en\/jorge-alberto-amador-astua\/","og_site_name":"ANC","article_modified_time":"2024-07-09T11:21:39+00:00","og_image":[{"width":400,"height":374,"url":"https:\/\/www.anc.cr\/wp-content\/uploads\/2024\/07\/image-16.png","type":"image\/png"}],"twitter_card":"summary_large_image","twitter_misc":{"Est. reading time":"11 minutes"},"schema":{"@context":"https:\/\/schema.org","@graph":[{"@type":"WebPage","@id":"https:\/\/www.anc.cr\/jorge-alberto-amador-astua\/","url":"https:\/\/www.anc.cr\/jorge-alberto-amador-astua\/","name":"Jorge Alberto Amador Ast\u00faa - ANC","isPartOf":{"@id":"https:\/\/www.anc.cr\/#website"},"primaryImageOfPage":{"@id":"https:\/\/www.anc.cr\/jorge-alberto-amador-astua\/#primaryimage"},"image":{"@id":"https:\/\/www.anc.cr\/jorge-alberto-amador-astua\/#primaryimage"},"thumbnailUrl":"https:\/\/www.anc.cr\/wp-content\/uploads\/2024\/07\/image-16.png","datePublished":"2024-07-09T11:21:34+00:00","dateModified":"2024-07-09T11:21:39+00:00","breadcrumb":{"@id":"https:\/\/www.anc.cr\/jorge-alberto-amador-astua\/#breadcrumb"},"inLanguage":"en-US","potentialAction":[{"@type":"ReadAction","target":["https:\/\/www.anc.cr\/jorge-alberto-amador-astua\/"]}]},{"@type":"ImageObject","inLanguage":"en-US","@id":"https:\/\/www.anc.cr\/jorge-alberto-amador-astua\/#primaryimage","url":"https:\/\/www.anc.cr\/wp-content\/uploads\/2024\/07\/image-16.png","contentUrl":"https:\/\/www.anc.cr\/wp-content\/uploads\/2024\/07\/image-16.png","width":400,"height":374},{"@type":"BreadcrumbList","@id":"https:\/\/www.anc.cr\/jorge-alberto-amador-astua\/#breadcrumb","itemListElement":[{"@type":"ListItem","position":1,"name":"Portada","item":"https:\/\/www.anc.cr\/"},{"@type":"ListItem","position":2,"name":"Jorge Alberto Amador Ast\u00faa"}]},{"@type":"WebSite","@id":"https:\/\/www.anc.cr\/#website","url":"https:\/\/www.anc.cr\/","name":"ANC","description":"Academia Nacional de Ciencias","publisher":{"@id":"https:\/\/www.anc.cr\/#organization"},"potentialAction":[{"@type":"SearchAction","target":{"@type":"EntryPoint","urlTemplate":"https:\/\/www.anc.cr\/?s={search_term_string}"},"query-input":{"@type":"PropertyValueSpecification","valueRequired":true,"valueName":"search_term_string"}}],"inLanguage":"en-US"},{"@type":"Organization","@id":"https:\/\/www.anc.cr\/#organization","name":"ANC","url":"https:\/\/www.anc.cr\/","logo":{"@type":"ImageObject","inLanguage":"en-US","@id":"https:\/\/www.anc.cr\/#\/schema\/logo\/image\/","url":"https:\/\/www.anc.cr\/wp-content\/uploads\/2024\/07\/Logo-ANC-CR.png","contentUrl":"https:\/\/www.anc.cr\/wp-content\/uploads\/2024\/07\/Logo-ANC-CR.png","width":1051,"height":593,"caption":"ANC"},"image":{"@id":"https:\/\/www.anc.cr\/#\/schema\/logo\/image\/"}}]}},"_links":{"self":[{"href":"https:\/\/www.anc.cr\/en\/wp-json\/wp\/v2\/pages\/596","targetHints":{"allow":["GET"]}}],"collection":[{"href":"https:\/\/www.anc.cr\/en\/wp-json\/wp\/v2\/pages"}],"about":[{"href":"https:\/\/www.anc.cr\/en\/wp-json\/wp\/v2\/types\/page"}],"author":[{"embeddable":true,"href":"https:\/\/www.anc.cr\/en\/wp-json\/wp\/v2\/users\/1"}],"replies":[{"embeddable":true,"href":"https:\/\/www.anc.cr\/en\/wp-json\/wp\/v2\/comments?post=596"}],"version-history":[{"count":1,"href":"https:\/\/www.anc.cr\/en\/wp-json\/wp\/v2\/pages\/596\/revisions"}],"predecessor-version":[{"id":619,"href":"https:\/\/www.anc.cr\/en\/wp-json\/wp\/v2\/pages\/596\/revisions\/619"}],"wp:featuredmedia":[{"embeddable":true,"href":"https:\/\/www.anc.cr\/en\/wp-json\/wp\/v2\/media\/484"}],"wp:attachment":[{"href":"https:\/\/www.anc.cr\/en\/wp-json\/wp\/v2\/media?parent=596"}],"curies":[{"name":"wp","href":"https:\/\/api.w.org\/{rel}","templated":true}]}}