{"id":595,"date":"2024-07-09T05:19:38","date_gmt":"2024-07-09T11:19:38","guid":{"rendered":"http:\/\/anc.local\/?page_id=595"},"modified":"2024-07-09T05:19:43","modified_gmt":"2024-07-09T11:19:43","slug":"jorge-cortes-nunez","status":"publish","type":"page","link":"https:\/\/www.anc.cr\/en\/jorge-cortes-nunez\/","title":{"rendered":"Jorge Cort\u00e9s N\u00fa\u00f1ez"},"content":{"rendered":"<div class=\"wp-block-group alignfull has-global-padding is-layout-constrained wp-container-core-group-is-layout-cb151cc7 wp-block-group-is-layout-constrained\" style=\"margin-top:0;margin-bottom:0;padding-top:0;padding-right:var(--wp--preset--spacing--50);padding-bottom:0;padding-left:var(--wp--preset--spacing--50)\">\n<div class=\"wp-block-columns alignwide are-vertically-aligned-center is-layout-flex wp-container-core-columns-is-layout-47c06fe3 wp-block-columns-is-layout-flex\">\n<div class=\"wp-block-column is-vertically-aligned-center is-layout-flow wp-block-column-is-layout-flow\" style=\"flex-basis:50%\">\n<h3 class=\"wp-block-heading has-x-large-font-size\">Jorge Cort\u00e9s N\u00fa\u00f1ez<\/h3>\n\n\n\n<p>Acad\u00e9mico de N\u00famero<\/p>\n\n\n\n<ul class=\"wp-block-list\">\n<li>Catedr\u00e1tico, Centro de Investigaci\u00f3n en Ciencias del Mar y Limnolog\u00eda (CIMAR) y Escuela de Biolog\u00eda, Universidad de Costa Rica, San Pedro, San Jos\u00e9, Costa Rica.<\/li>\n\n\n\n<li>B.Sc., Biolog\u00eda, Universidad de Costa Rica (1978).<\/li>\n\n\n\n<li>M.Sc., Geolog\u00eda, Universidad de McMaster, Hamilton, Ontario, Canad\u00e1 (1981).<\/li>\n\n\n\n<li>Ph.D., Biolog\u00eda Marina, Universidad de Miami, Miami, Florida, EUA (1990).<\/li>\n<\/ul>\n<\/div>\n\n\n\n<div class=\"wp-block-column is-vertically-aligned-center is-layout-flow wp-block-column-is-layout-flow\" style=\"flex-basis:50%\"><figure style=\"width:500px;height:500px;\" class=\"wp-block-post-featured-image\"><img decoding=\"async\" width=\"400\" height=\"361\" src=\"https:\/\/www.anc.cr\/wp-content\/uploads\/2024\/07\/image-17.png\" class=\"attachment-post-thumbnail size-post-thumbnail wp-post-image\" alt=\"\" style=\"height:500px;object-fit:cover;\" srcset=\"https:\/\/www.anc.cr\/wp-content\/uploads\/2024\/07\/image-17.png 400w, https:\/\/www.anc.cr\/wp-content\/uploads\/2024\/07\/image-17-300x271.png 300w\" sizes=\"(max-width: 400px) 100vw, 400px\" \/><\/figure><\/div>\n<\/div>\n<\/div>\n\n\n\n<div style=\"height:10px\" aria-hidden=\"true\" class=\"wp-block-spacer\"><\/div>\n\n\n\n<hr class=\"wp-block-separator has-alpha-channel-opacity\"\/>\n\n\n\n<div style=\"height:15px\" aria-hidden=\"true\" class=\"wp-block-spacer\"><\/div>\n\n\n\n<p>Jorge Cort\u00e9s N\u00fa\u00f1ez investiga sobre los impactos humanos y naturales en arrecifes coralinos y otros sistemas marino-costeros tropicales. Tambi\u00e9n, se interesa en el conocimiento de la biodiversidad marina de Costa Rica. Otro de sus estudios es la historia de la investigaci\u00f3n marina en Costa Rica.<br><br>Ha dirigido cinco estudiantes de Licenciatura, 16 de Maestr\u00eda, cuatro de Doctorado, y miembro de comit\u00e9s de tesis de diez y seis estudiantes, y una Post-doctorada. Ha ocupado los siguientes cargos: Director del Museo de Zoolog\u00eda de la Universidad de Costa Rica, Director y Subdirector del Centro de Investigaci\u00f3n en Ciencias del Mar y Limnolog\u00eda (CIMAR) de la Universidad de Costa Rica y Coordinador de la Comisi\u00f3n de Investigaci\u00f3n de la Escuela de Biolog\u00eda de la Universidad de Costa Rica.<br><br>Su producci\u00f3n cient\u00edfica incluye 280 publicaciones. Es Miembro de la Academia Nacional de Ciencias de Costa Rica y de la International Society for Reef Studies. Ha recibido el Premio Nacional de Ciencias (1982), el Premio TWAS-CONICIT en Ciencias Biol\u00f3gicas (1993) y otros reconocimientos<\/p>\n\n\n\n<h3 class=\"wp-block-heading\">Publicaciones representativas:&nbsp;<\/h3>\n\n\n\n<ul class=\"wp-block-list\">\n<li>Cort\u00e9s, J. (Editor). 2003. Latin American Coral Reefs. Elsevier Science B.V., Amsterdam. 497 p.<\/li>\n\n\n\n<li>Cort\u00e9s, J. 2016. The Pacific coastal and marine ecosystems, pp. 97-138. In: M. Kappelle (Ed.). Costa Rican Ecosystems.\u00a0\u00a0\u00a0\u00a0\u00a0 University of Chicago Press, Chicago and London.<\/li>\n\n\n\n<li>Cort\u00e9s, J. 2016. Isla del Coco: Coastal and marine ecosystems, pp. 162-191. In: M. Kappelle (Ed.). Costa Rican University of Chicago Press, Chicago and London.<\/li>\n\n\n\n<li>Cort\u00e9s, J. 2016. The Caribbean coastal and marine ecosystems, pp. 591-617. In: M. Kappelle (Ed.). Costa Rican University of Chicago Press, Chicago and London.<\/li>\n\n\n\n<li>Cort\u00e9s, J. 2019. Chapter 26: Isla del Coco, Costa Rica, Eastern Tropical Pacific, pp. 465-474. In: Y. Loya, K.A. Puglise, T.C.L. Bridge (Eds.), Mesophotic Coral Ecosystems. Coral Reefs of the World 12. Springer Nature, Switzerland.\u00a0\u00a0\u00a0\u00a0\u00a0 https:\/\/doi.org\/10.1007\/978-3-319-92735-0_26<\/li>\n\n\n\n<li>Cort\u00e9s, J., I.C. Enochs, J. Sibaja-Cordero, L. Hern\u00e1ndez, J. Alvarado, O. Breedy, J.A. Cruz-Barraza, O. Esquivel- Garrote, C. Fern\u00e1ndez-Garc\u00eda, A. Hermosillo, K.L. Kaiser, P. Medina-Rosas, \u00c1. Morales-Ram\u00edrez, C. Pacheco, A. P\u00e9rez-\u00a0\u00a0\u00a0\u00a0 Matus, H. Reyes-Bonilla, R. Riosmena-Rodr\u00edguez, C. S\u00e1nchez-Noguera, E. Wieters &amp; F.A. Zapata. 2017. Marine\u00a0\u00a0\u00a0\u00a0\u00a0 biodiversity of Eastern Tropical Pacific coral reefs, pp. 203-250. In: P.W. Glynn, D. Manzello &amp; I. Enochs (Eds.).\u00a0\u00a0\u00a0\u00a0\u00a0 Coral Reefs of the Eastern Pacific: Persistence and Loss in a Dynamic Environment. Coral Reefs of the World 8.\u00a0\u00a0\u00a0\u00a0\u00a0 Springer Science+Business Media, Dordrecht. https:\/\/doi.org\/10.1007\/978-94-017-7499-4_7<\/li>\n\n\n\n<li>Cort\u00e9s, J., H.A. Oxenford, B.I. van Tussenbroek, E. Jord\u00e1n-Dahlgren, A. Cr\u00f3quer, C. Bastidas &amp; J.C. Ogden. The\u00a0\u00a0\u00a0\u00a0\u00a0 CARICOMP network of Caribbean Marine Laboratories (1985\u20132007): History, key findings, and lessons learned. Frontiers\u00a0\u00a0\u00a0\u00a0\u00a0 in Marine Science, 5:519. https:\/\/doi.org\/10.3389\/fmars.2018.00519<\/li>\n<\/ul>","protected":false},"excerpt":{"rendered":"<p>Jorge Cort\u00e9s N\u00fa\u00f1ez Acad\u00e9mico de N\u00famero Jorge Cort\u00e9s N\u00fa\u00f1ez investiga sobre los impactos humanos y naturales en arrecifes coralinos y otros sistemas marino-costeros tropicales. Tambi\u00e9n, se interesa en el conocimiento de la biodiversidad marina de Costa Rica. Otro de sus estudios es la historia de la investigaci\u00f3n marina en Costa Rica. Ha dirigido cinco estudiantes [&hellip;]<\/p>\n","protected":false},"author":1,"featured_media":485,"parent":0,"menu_order":0,"comment_status":"closed","ping_status":"closed","template":"","meta":{"footnotes":""},"class_list":["post-595","page","type-page","status-publish","has-post-thumbnail","hentry"],"yoast_head":"<!-- This site is optimized with the Yoast SEO plugin v27.3 - https:\/\/yoast.com\/product\/yoast-seo-wordpress\/ -->\n<title>Jorge Cort\u00e9s N\u00fa\u00f1ez - ANC<\/title>\n<meta name=\"robots\" content=\"index, follow, max-snippet:-1, max-image-preview:large, max-video-preview:-1\" \/>\n<link rel=\"canonical\" href=\"https:\/\/www.anc.cr\/en\/jorge-cortes-nunez\/\" \/>\n<meta property=\"og:locale\" content=\"en_US\" \/>\n<meta property=\"og:type\" content=\"article\" \/>\n<meta property=\"og:title\" content=\"Jorge Cort\u00e9s N\u00fa\u00f1ez - ANC\" \/>\n<meta property=\"og:description\" content=\"Jorge Cort\u00e9s N\u00fa\u00f1ez Acad\u00e9mico de N\u00famero Jorge Cort\u00e9s N\u00fa\u00f1ez investiga sobre los impactos humanos y naturales en arrecifes coralinos y otros sistemas marino-costeros tropicales. Tambi\u00e9n, se interesa en el conocimiento de la biodiversidad marina de Costa Rica. Otro de sus estudios es la historia de la investigaci\u00f3n marina en Costa Rica. Ha dirigido cinco estudiantes [&hellip;]\" \/>\n<meta property=\"og:url\" content=\"https:\/\/www.anc.cr\/en\/jorge-cortes-nunez\/\" \/>\n<meta property=\"og:site_name\" content=\"ANC\" \/>\n<meta property=\"article:modified_time\" content=\"2024-07-09T11:19:43+00:00\" \/>\n<meta property=\"og:image\" content=\"https:\/\/www.anc.cr\/wp-content\/uploads\/2024\/07\/image-17.png\" \/>\n\t<meta property=\"og:image:width\" content=\"400\" \/>\n\t<meta property=\"og:image:height\" content=\"361\" \/>\n\t<meta property=\"og:image:type\" content=\"image\/png\" \/>\n<meta name=\"twitter:card\" content=\"summary_large_image\" \/>\n<meta name=\"twitter:label1\" content=\"Est. reading time\" \/>\n\t<meta name=\"twitter:data1\" content=\"3 minutes\" \/>\n<script type=\"application\/ld+json\" class=\"yoast-schema-graph\">{\"@context\":\"https:\\\/\\\/schema.org\",\"@graph\":[{\"@type\":\"WebPage\",\"@id\":\"https:\\\/\\\/www.anc.cr\\\/jorge-cortes-nunez\\\/\",\"url\":\"https:\\\/\\\/www.anc.cr\\\/jorge-cortes-nunez\\\/\",\"name\":\"Jorge Cort\u00e9s N\u00fa\u00f1ez - ANC\",\"isPartOf\":{\"@id\":\"https:\\\/\\\/www.anc.cr\\\/#website\"},\"primaryImageOfPage\":{\"@id\":\"https:\\\/\\\/www.anc.cr\\\/jorge-cortes-nunez\\\/#primaryimage\"},\"image\":{\"@id\":\"https:\\\/\\\/www.anc.cr\\\/jorge-cortes-nunez\\\/#primaryimage\"},\"thumbnailUrl\":\"https:\\\/\\\/www.anc.cr\\\/wp-content\\\/uploads\\\/2024\\\/07\\\/image-17.png\",\"datePublished\":\"2024-07-09T11:19:38+00:00\",\"dateModified\":\"2024-07-09T11:19:43+00:00\",\"breadcrumb\":{\"@id\":\"https:\\\/\\\/www.anc.cr\\\/jorge-cortes-nunez\\\/#breadcrumb\"},\"inLanguage\":\"en-US\",\"potentialAction\":[{\"@type\":\"ReadAction\",\"target\":[\"https:\\\/\\\/www.anc.cr\\\/jorge-cortes-nunez\\\/\"]}]},{\"@type\":\"ImageObject\",\"inLanguage\":\"en-US\",\"@id\":\"https:\\\/\\\/www.anc.cr\\\/jorge-cortes-nunez\\\/#primaryimage\",\"url\":\"https:\\\/\\\/www.anc.cr\\\/wp-content\\\/uploads\\\/2024\\\/07\\\/image-17.png\",\"contentUrl\":\"https:\\\/\\\/www.anc.cr\\\/wp-content\\\/uploads\\\/2024\\\/07\\\/image-17.png\",\"width\":400,\"height\":361},{\"@type\":\"BreadcrumbList\",\"@id\":\"https:\\\/\\\/www.anc.cr\\\/jorge-cortes-nunez\\\/#breadcrumb\",\"itemListElement\":[{\"@type\":\"ListItem\",\"position\":1,\"name\":\"Portada\",\"item\":\"https:\\\/\\\/www.anc.cr\\\/\"},{\"@type\":\"ListItem\",\"position\":2,\"name\":\"Jorge Cort\u00e9s N\u00fa\u00f1ez\"}]},{\"@type\":\"WebSite\",\"@id\":\"https:\\\/\\\/www.anc.cr\\\/#website\",\"url\":\"https:\\\/\\\/www.anc.cr\\\/\",\"name\":\"ANC\",\"description\":\"Academia Nacional de Ciencias\",\"publisher\":{\"@id\":\"https:\\\/\\\/www.anc.cr\\\/#organization\"},\"potentialAction\":[{\"@type\":\"SearchAction\",\"target\":{\"@type\":\"EntryPoint\",\"urlTemplate\":\"https:\\\/\\\/www.anc.cr\\\/?s={search_term_string}\"},\"query-input\":{\"@type\":\"PropertyValueSpecification\",\"valueRequired\":true,\"valueName\":\"search_term_string\"}}],\"inLanguage\":\"en-US\"},{\"@type\":\"Organization\",\"@id\":\"https:\\\/\\\/www.anc.cr\\\/#organization\",\"name\":\"ANC\",\"url\":\"https:\\\/\\\/www.anc.cr\\\/\",\"logo\":{\"@type\":\"ImageObject\",\"inLanguage\":\"en-US\",\"@id\":\"https:\\\/\\\/www.anc.cr\\\/#\\\/schema\\\/logo\\\/image\\\/\",\"url\":\"https:\\\/\\\/www.anc.cr\\\/wp-content\\\/uploads\\\/2024\\\/07\\\/Logo-ANC-CR.png\",\"contentUrl\":\"https:\\\/\\\/www.anc.cr\\\/wp-content\\\/uploads\\\/2024\\\/07\\\/Logo-ANC-CR.png\",\"width\":1051,\"height\":593,\"caption\":\"ANC\"},\"image\":{\"@id\":\"https:\\\/\\\/www.anc.cr\\\/#\\\/schema\\\/logo\\\/image\\\/\"}}]}<\/script>\n<!-- \/ Yoast SEO plugin. -->","yoast_head_json":{"title":"Jorge Cort\u00e9s N\u00fa\u00f1ez - ANC","robots":{"index":"index","follow":"follow","max-snippet":"max-snippet:-1","max-image-preview":"max-image-preview:large","max-video-preview":"max-video-preview:-1"},"canonical":"https:\/\/www.anc.cr\/en\/jorge-cortes-nunez\/","og_locale":"en_US","og_type":"article","og_title":"Jorge Cort\u00e9s N\u00fa\u00f1ez - ANC","og_description":"Jorge Cort\u00e9s N\u00fa\u00f1ez Acad\u00e9mico de N\u00famero Jorge Cort\u00e9s N\u00fa\u00f1ez investiga sobre los impactos humanos y naturales en arrecifes coralinos y otros sistemas marino-costeros tropicales. Tambi\u00e9n, se interesa en el conocimiento de la biodiversidad marina de Costa Rica. Otro de sus estudios es la historia de la investigaci\u00f3n marina en Costa Rica. Ha dirigido cinco estudiantes [&hellip;]","og_url":"https:\/\/www.anc.cr\/en\/jorge-cortes-nunez\/","og_site_name":"ANC","article_modified_time":"2024-07-09T11:19:43+00:00","og_image":[{"width":400,"height":361,"url":"https:\/\/www.anc.cr\/wp-content\/uploads\/2024\/07\/image-17.png","type":"image\/png"}],"twitter_card":"summary_large_image","twitter_misc":{"Est. reading time":"3 minutes"},"schema":{"@context":"https:\/\/schema.org","@graph":[{"@type":"WebPage","@id":"https:\/\/www.anc.cr\/jorge-cortes-nunez\/","url":"https:\/\/www.anc.cr\/jorge-cortes-nunez\/","name":"Jorge Cort\u00e9s N\u00fa\u00f1ez - ANC","isPartOf":{"@id":"https:\/\/www.anc.cr\/#website"},"primaryImageOfPage":{"@id":"https:\/\/www.anc.cr\/jorge-cortes-nunez\/#primaryimage"},"image":{"@id":"https:\/\/www.anc.cr\/jorge-cortes-nunez\/#primaryimage"},"thumbnailUrl":"https:\/\/www.anc.cr\/wp-content\/uploads\/2024\/07\/image-17.png","datePublished":"2024-07-09T11:19:38+00:00","dateModified":"2024-07-09T11:19:43+00:00","breadcrumb":{"@id":"https:\/\/www.anc.cr\/jorge-cortes-nunez\/#breadcrumb"},"inLanguage":"en-US","potentialAction":[{"@type":"ReadAction","target":["https:\/\/www.anc.cr\/jorge-cortes-nunez\/"]}]},{"@type":"ImageObject","inLanguage":"en-US","@id":"https:\/\/www.anc.cr\/jorge-cortes-nunez\/#primaryimage","url":"https:\/\/www.anc.cr\/wp-content\/uploads\/2024\/07\/image-17.png","contentUrl":"https:\/\/www.anc.cr\/wp-content\/uploads\/2024\/07\/image-17.png","width":400,"height":361},{"@type":"BreadcrumbList","@id":"https:\/\/www.anc.cr\/jorge-cortes-nunez\/#breadcrumb","itemListElement":[{"@type":"ListItem","position":1,"name":"Portada","item":"https:\/\/www.anc.cr\/"},{"@type":"ListItem","position":2,"name":"Jorge Cort\u00e9s N\u00fa\u00f1ez"}]},{"@type":"WebSite","@id":"https:\/\/www.anc.cr\/#website","url":"https:\/\/www.anc.cr\/","name":"ANC","description":"Academia Nacional de Ciencias","publisher":{"@id":"https:\/\/www.anc.cr\/#organization"},"potentialAction":[{"@type":"SearchAction","target":{"@type":"EntryPoint","urlTemplate":"https:\/\/www.anc.cr\/?s={search_term_string}"},"query-input":{"@type":"PropertyValueSpecification","valueRequired":true,"valueName":"search_term_string"}}],"inLanguage":"en-US"},{"@type":"Organization","@id":"https:\/\/www.anc.cr\/#organization","name":"ANC","url":"https:\/\/www.anc.cr\/","logo":{"@type":"ImageObject","inLanguage":"en-US","@id":"https:\/\/www.anc.cr\/#\/schema\/logo\/image\/","url":"https:\/\/www.anc.cr\/wp-content\/uploads\/2024\/07\/Logo-ANC-CR.png","contentUrl":"https:\/\/www.anc.cr\/wp-content\/uploads\/2024\/07\/Logo-ANC-CR.png","width":1051,"height":593,"caption":"ANC"},"image":{"@id":"https:\/\/www.anc.cr\/#\/schema\/logo\/image\/"}}]}},"_links":{"self":[{"href":"https:\/\/www.anc.cr\/en\/wp-json\/wp\/v2\/pages\/595","targetHints":{"allow":["GET"]}}],"collection":[{"href":"https:\/\/www.anc.cr\/en\/wp-json\/wp\/v2\/pages"}],"about":[{"href":"https:\/\/www.anc.cr\/en\/wp-json\/wp\/v2\/types\/page"}],"author":[{"embeddable":true,"href":"https:\/\/www.anc.cr\/en\/wp-json\/wp\/v2\/users\/1"}],"replies":[{"embeddable":true,"href":"https:\/\/www.anc.cr\/en\/wp-json\/wp\/v2\/comments?post=595"}],"version-history":[{"count":1,"href":"https:\/\/www.anc.cr\/en\/wp-json\/wp\/v2\/pages\/595\/revisions"}],"predecessor-version":[{"id":618,"href":"https:\/\/www.anc.cr\/en\/wp-json\/wp\/v2\/pages\/595\/revisions\/618"}],"wp:featuredmedia":[{"embeddable":true,"href":"https:\/\/www.anc.cr\/en\/wp-json\/wp\/v2\/media\/485"}],"wp:attachment":[{"href":"https:\/\/www.anc.cr\/en\/wp-json\/wp\/v2\/media?parent=595"}],"curies":[{"name":"wp","href":"https:\/\/api.w.org\/{rel}","templated":true}]}}