{"id":593,"date":"2024-07-09T05:21:41","date_gmt":"2024-07-09T11:21:41","guid":{"rendered":"http:\/\/anc.local\/?page_id=593"},"modified":"2024-07-09T05:21:47","modified_gmt":"2024-07-09T11:21:47","slug":"jorge-paez-portuguez","status":"publish","type":"page","link":"https:\/\/www.anc.cr\/en\/jorge-paez-portuguez\/","title":{"rendered":"Jorge P\u00e1ez Portuguez"},"content":{"rendered":"\n<div class=\"wp-block-group alignfull has-global-padding is-layout-constrained wp-container-core-group-is-layout-cb151cc7 wp-block-group-is-layout-constrained\" style=\"margin-top:0;margin-bottom:0;padding-top:0;padding-right:var(--wp--preset--spacing--50);padding-bottom:0;padding-left:var(--wp--preset--spacing--50)\">\n<div class=\"wp-block-columns alignwide are-vertically-aligned-center is-layout-flex wp-container-core-columns-is-layout-47c06fe3 wp-block-columns-is-layout-flex\">\n<div class=\"wp-block-column is-vertically-aligned-center is-layout-flow wp-block-column-is-layout-flow\" style=\"flex-basis:50%\">\n<h3 class=\"wp-block-heading has-x-large-font-size\">Jorge P\u00e1ez Portuguez<\/h3>\n\n\n\n<p>Acad\u00e9mico de N\u00famero<\/p>\n\n\n\n<ul class=\"wp-block-list\">\n<li>Catedr\u00e1tico, Universidad de Costa Rica, San Jos\u00e9, Costa Rica.<\/li>\n\n\n\n<li>Doktor der Naturwissenschaften, Universidad de Tubinga en (1976).<\/li>\n\n\n\n<li>Postdoctoral, Universidad de M\u00e9xico (1979),&nbsp;<\/li>\n\n\n\n<li>Postdoctoral, Universidad de Tubinga (1985,1988).&nbsp;<\/li>\n\n\n\n<li>Postdoctoral, Universidad de Bochum (1994).<\/li>\n\n\n\n<li>Postdoctoral, Instituto de Astrof\u00edsica de Potsdam (2001).&nbsp;<\/li>\n<\/ul>\n<\/div>\n\n\n\n<div class=\"wp-block-column is-vertically-aligned-center is-layout-flow wp-block-column-is-layout-flow\" style=\"flex-basis:50%\"><figure style=\"width:500px;height:500px;\" class=\"wp-block-post-featured-image\"><img decoding=\"async\" width=\"242\" height=\"238\" src=\"https:\/\/www.anc.cr\/wp-content\/uploads\/2024\/07\/image-18.png\" class=\"attachment-post-thumbnail size-post-thumbnail wp-post-image\" alt=\"\" style=\"height:500px;object-fit:cover;\" \/><\/figure><\/div>\n<\/div>\n<\/div>\n\n\n\n<div style=\"height:10px\" aria-hidden=\"true\" class=\"wp-block-spacer\"><\/div>\n\n\n\n<hr class=\"wp-block-separator has-alpha-channel-opacity\"\/>\n\n\n\n<div style=\"height:15px\" aria-hidden=\"true\" class=\"wp-block-spacer\"><\/div>\n\n\n\n<p>Jorge Eduardo P\u00e1ez enfoca su \u00e1rea de investigaci\u00f3n en los procesos de radiaci\u00f3n en entes estelares compactos sometidos a campos magn\u00e9ticos superfuertes y,&nbsp; al an\u00e1lisis y&nbsp; modelaje de los procesos de emisi\u00f3n de ondas de radio del Sol. Particip\u00f3 activamente; por los requerimientos de su investigaci\u00f3n, en el desarrollo&nbsp; de los m\u00e9todos computacionales en paralelo, tanto num\u00e9ricos como algebraicos desde 1991, para tal fin. Para el fortalecimiento de la ense\u00f1anza de la Astronom\u00eda en Costa Rica fue impulsor y fundador del Planetario de Costa Rica en la Universidad de Costa Rica. En 1998 particip\u00f3 en la creaci\u00f3n de los estudios de posgrado en Astrof\u00edsica en la Universidad de Costa Rica. Desde el 2007 participa en el proyecto CALLISTO para la observaci\u00f3n global de la actividad solar en ondas de radio (41-870 Mhz).&nbsp;<\/p>\n\n\n\n<p>Ha ocupado los siguientes cargos: Profesor de la Escuela de F\u00edsica de la Universidad de Costa Rica (1976- ), Catedr\u00e1tico, Universidad de Costa Rica (1982), Profesor investigador&nbsp; de la Universidad Aut\u00f3noma de Honduras en el Observatorio de Suyapa de dicha universidad (2001), Host Manager del sat\u00e9lite International Ultraviolet Explorer (IUE) (1994), Colaborator Investigator (COI) del proyecto satelital X-ray Polarimeter Experiment (1994). Fue miembro fundador del Instituto Goethe de Costa Rica en 1994. Adem\u00e1s, es Miembro de la Academia Nacional de Ciencias de Costa Rica (1992- ).&nbsp;<\/p>\n\n\n\n<p>Sus m\u00e1s de 100 trabajos cient\u00edficos&nbsp; han sido publicados tanto en Costa Rica como en el exterior; algunos de los m\u00e1s importantes son: los m\u00faltiples reportes sobre los espectros del IUE, One-Quantum Annihilation of Polarized Electron-Positron Pairs in Strong Magnetic Fields, Astron. Astrophys, 1986, Polarization in Cyclotron Radiation in Strong Magnetic Fields, Research in Astron. and Astrophys, 2008.&nbsp;&nbsp;<\/p>\n\n\n\n<h3 class=\"wp-block-heading\">Publicaciones representativas:&nbsp;<\/h3>\n\n\n\n<ul class=\"wp-block-list\">\n<li>Bonatti, Javier; Semionova, Liudmila; P\u00e1ez Portuguez, Jorge Eduardo. &#8220;Motion in Melvin metric&#8221;. Uniciencia. 2(1):13-19, enero-junio, 1985. (H 505 U58u C.R.).<\/li>\n\n\n\n<li>Gonz\u00e1lez A., Adri\u00e1n; P\u00e1ez Portuguez, Jorge Eduardo. &#8220;Grupo de astrof\u00edsica te\u00f3rica&#8221;. Ciencia y tecnolog\u00eda. 12(1-2):5-18, enero-diciembre, 1988. (H 600 C569c C.R.).<\/li>\n\n\n\n<li>Gonz\u00e1lez A., Adri\u00e1n; P\u00e1ez Portuguez, Jorge Eduardo. &#8220;M\u00e9todos simb\u00f3licos en f\u00edsica computacional 2 m\u00e9todos &#8211; r,e,d,d,c,a, &#8211; para simplificaci\u00f3n algebraica&#8221;. Ciencia y tecnolog\u00eda. 12(1-2):27-40, enero-diciembre, 1988. (H 600 C569c C.R.).<\/li>\n\n\n\n<li>P\u00e1ez Portuguez, Jorge Eduardo. Resistividad del Esta\u00f1o con temperatura. San Jos\u00e9: [s.n.], 1970. 51 p. (C.R. 669.6 P127r).<\/li>\n\n\n\n<li>P\u00e1ez Portuguez, Jorge Eduardo. &#8220;El m\u00e9todo W,K,B para campos magn\u00e9ticos externos&#8221;. Ciencia y tecnolog\u00eda. 5(1-2):161-178, marzo-junio, 1981. (H 600 C569c C.R.).<\/li>\n\n\n\n<li>P\u00e1ez Portuguez, Jorge Eduardo. &#8220;Aspectos hist\u00f3ricos de la astronom\u00eda en Costa Rica&#8221;. Ciencia y tecnolog\u00eda. 18(1-2):51-73, enero-diciembre, 1994. (H 600 C569c C.R.).<\/li>\n\n\n\n<li>P\u00e1ez Portuguez, Jorge Eduardo; Semionova, Liudmila. &#8220;L\u00edneas ciclotr\u00f3nicas en el espectro de rayos y pulsados&#8221;. Uniciencia. 6(1-2):97-107, 1989. (H 505 U58u C.R.).<\/li>\n\n\n\n<li>Semionova, Liudmila; P\u00e1ez Portuguez, Jorge Eduardo. &#8220;La radiaci\u00f3n de frenado en campos magn\u00e9ticos fuertes&#8221;. Uniciencia. 6(1-2):63-95, 1989. (H 505 U58u C.R.).<\/li>\n<\/ul>\n","protected":false},"excerpt":{"rendered":"<p>Jorge P\u00e1ez Portuguez Acad\u00e9mico de N\u00famero Jorge Eduardo P\u00e1ez enfoca su \u00e1rea de investigaci\u00f3n en los procesos de radiaci\u00f3n en entes estelares compactos sometidos a campos magn\u00e9ticos superfuertes y,&nbsp; al an\u00e1lisis y&nbsp; modelaje de los procesos de emisi\u00f3n de ondas de radio del Sol. Particip\u00f3 activamente; por los requerimientos de su investigaci\u00f3n, en el desarrollo&nbsp; [&hellip;]<\/p>\n","protected":false},"author":1,"featured_media":486,"parent":0,"menu_order":0,"comment_status":"closed","ping_status":"closed","template":"","meta":{"footnotes":""},"class_list":["post-593","page","type-page","status-publish","has-post-thumbnail","hentry"],"yoast_head":"<!-- This site is optimized with the Yoast SEO plugin v27.3 - https:\/\/yoast.com\/product\/yoast-seo-wordpress\/ -->\n<title>Jorge P\u00e1ez Portuguez - ANC<\/title>\n<meta name=\"robots\" content=\"index, follow, max-snippet:-1, max-image-preview:large, max-video-preview:-1\" \/>\n<link rel=\"canonical\" href=\"https:\/\/www.anc.cr\/en\/jorge-paez-portuguez\/\" \/>\n<meta property=\"og:locale\" content=\"en_US\" \/>\n<meta property=\"og:type\" content=\"article\" \/>\n<meta property=\"og:title\" content=\"Jorge P\u00e1ez Portuguez - ANC\" \/>\n<meta property=\"og:description\" content=\"Jorge P\u00e1ez Portuguez Acad\u00e9mico de N\u00famero Jorge Eduardo P\u00e1ez enfoca su \u00e1rea de investigaci\u00f3n en los procesos de radiaci\u00f3n en entes estelares compactos sometidos a campos magn\u00e9ticos superfuertes y,&nbsp; al an\u00e1lisis y&nbsp; modelaje de los procesos de emisi\u00f3n de ondas de radio del Sol. Particip\u00f3 activamente; por los requerimientos de su investigaci\u00f3n, en el desarrollo&nbsp; [&hellip;]\" \/>\n<meta property=\"og:url\" content=\"https:\/\/www.anc.cr\/en\/jorge-paez-portuguez\/\" \/>\n<meta property=\"og:site_name\" content=\"ANC\" \/>\n<meta property=\"article:modified_time\" content=\"2024-07-09T11:21:47+00:00\" \/>\n<meta property=\"og:image\" content=\"https:\/\/www.anc.cr\/wp-content\/uploads\/2024\/07\/image-18.png\" \/>\n\t<meta property=\"og:image:width\" content=\"242\" \/>\n\t<meta property=\"og:image:height\" content=\"238\" \/>\n\t<meta property=\"og:image:type\" content=\"image\/png\" \/>\n<meta name=\"twitter:card\" content=\"summary_large_image\" \/>\n<meta name=\"twitter:label1\" content=\"Est. reading time\" \/>\n\t<meta name=\"twitter:data1\" content=\"3 minutes\" \/>\n<script type=\"application\/ld+json\" class=\"yoast-schema-graph\">{\"@context\":\"https:\\\/\\\/schema.org\",\"@graph\":[{\"@type\":\"WebPage\",\"@id\":\"https:\\\/\\\/www.anc.cr\\\/jorge-paez-portuguez\\\/\",\"url\":\"https:\\\/\\\/www.anc.cr\\\/jorge-paez-portuguez\\\/\",\"name\":\"Jorge P\u00e1ez Portuguez - ANC\",\"isPartOf\":{\"@id\":\"https:\\\/\\\/www.anc.cr\\\/#website\"},\"primaryImageOfPage\":{\"@id\":\"https:\\\/\\\/www.anc.cr\\\/jorge-paez-portuguez\\\/#primaryimage\"},\"image\":{\"@id\":\"https:\\\/\\\/www.anc.cr\\\/jorge-paez-portuguez\\\/#primaryimage\"},\"thumbnailUrl\":\"https:\\\/\\\/www.anc.cr\\\/wp-content\\\/uploads\\\/2024\\\/07\\\/image-18.png\",\"datePublished\":\"2024-07-09T11:21:41+00:00\",\"dateModified\":\"2024-07-09T11:21:47+00:00\",\"breadcrumb\":{\"@id\":\"https:\\\/\\\/www.anc.cr\\\/jorge-paez-portuguez\\\/#breadcrumb\"},\"inLanguage\":\"en-US\",\"potentialAction\":[{\"@type\":\"ReadAction\",\"target\":[\"https:\\\/\\\/www.anc.cr\\\/jorge-paez-portuguez\\\/\"]}]},{\"@type\":\"ImageObject\",\"inLanguage\":\"en-US\",\"@id\":\"https:\\\/\\\/www.anc.cr\\\/jorge-paez-portuguez\\\/#primaryimage\",\"url\":\"https:\\\/\\\/www.anc.cr\\\/wp-content\\\/uploads\\\/2024\\\/07\\\/image-18.png\",\"contentUrl\":\"https:\\\/\\\/www.anc.cr\\\/wp-content\\\/uploads\\\/2024\\\/07\\\/image-18.png\",\"width\":242,\"height\":238},{\"@type\":\"BreadcrumbList\",\"@id\":\"https:\\\/\\\/www.anc.cr\\\/jorge-paez-portuguez\\\/#breadcrumb\",\"itemListElement\":[{\"@type\":\"ListItem\",\"position\":1,\"name\":\"Portada\",\"item\":\"https:\\\/\\\/www.anc.cr\\\/\"},{\"@type\":\"ListItem\",\"position\":2,\"name\":\"Jorge P\u00e1ez Portuguez\"}]},{\"@type\":\"WebSite\",\"@id\":\"https:\\\/\\\/www.anc.cr\\\/#website\",\"url\":\"https:\\\/\\\/www.anc.cr\\\/\",\"name\":\"ANC\",\"description\":\"Academia Nacional de Ciencias\",\"publisher\":{\"@id\":\"https:\\\/\\\/www.anc.cr\\\/#organization\"},\"potentialAction\":[{\"@type\":\"SearchAction\",\"target\":{\"@type\":\"EntryPoint\",\"urlTemplate\":\"https:\\\/\\\/www.anc.cr\\\/?s={search_term_string}\"},\"query-input\":{\"@type\":\"PropertyValueSpecification\",\"valueRequired\":true,\"valueName\":\"search_term_string\"}}],\"inLanguage\":\"en-US\"},{\"@type\":\"Organization\",\"@id\":\"https:\\\/\\\/www.anc.cr\\\/#organization\",\"name\":\"ANC\",\"url\":\"https:\\\/\\\/www.anc.cr\\\/\",\"logo\":{\"@type\":\"ImageObject\",\"inLanguage\":\"en-US\",\"@id\":\"https:\\\/\\\/www.anc.cr\\\/#\\\/schema\\\/logo\\\/image\\\/\",\"url\":\"https:\\\/\\\/www.anc.cr\\\/wp-content\\\/uploads\\\/2024\\\/07\\\/Logo-ANC-CR.png\",\"contentUrl\":\"https:\\\/\\\/www.anc.cr\\\/wp-content\\\/uploads\\\/2024\\\/07\\\/Logo-ANC-CR.png\",\"width\":1051,\"height\":593,\"caption\":\"ANC\"},\"image\":{\"@id\":\"https:\\\/\\\/www.anc.cr\\\/#\\\/schema\\\/logo\\\/image\\\/\"}}]}<\/script>\n<!-- \/ Yoast SEO plugin. -->","yoast_head_json":{"title":"Jorge P\u00e1ez Portuguez - ANC","robots":{"index":"index","follow":"follow","max-snippet":"max-snippet:-1","max-image-preview":"max-image-preview:large","max-video-preview":"max-video-preview:-1"},"canonical":"https:\/\/www.anc.cr\/en\/jorge-paez-portuguez\/","og_locale":"en_US","og_type":"article","og_title":"Jorge P\u00e1ez Portuguez - ANC","og_description":"Jorge P\u00e1ez Portuguez Acad\u00e9mico de N\u00famero Jorge Eduardo P\u00e1ez enfoca su \u00e1rea de investigaci\u00f3n en los procesos de radiaci\u00f3n en entes estelares compactos sometidos a campos magn\u00e9ticos superfuertes y,&nbsp; al an\u00e1lisis y&nbsp; modelaje de los procesos de emisi\u00f3n de ondas de radio del Sol. Particip\u00f3 activamente; por los requerimientos de su investigaci\u00f3n, en el desarrollo&nbsp; [&hellip;]","og_url":"https:\/\/www.anc.cr\/en\/jorge-paez-portuguez\/","og_site_name":"ANC","article_modified_time":"2024-07-09T11:21:47+00:00","og_image":[{"width":242,"height":238,"url":"https:\/\/www.anc.cr\/wp-content\/uploads\/2024\/07\/image-18.png","type":"image\/png"}],"twitter_card":"summary_large_image","twitter_misc":{"Est. reading time":"3 minutes"},"schema":{"@context":"https:\/\/schema.org","@graph":[{"@type":"WebPage","@id":"https:\/\/www.anc.cr\/jorge-paez-portuguez\/","url":"https:\/\/www.anc.cr\/jorge-paez-portuguez\/","name":"Jorge P\u00e1ez Portuguez - ANC","isPartOf":{"@id":"https:\/\/www.anc.cr\/#website"},"primaryImageOfPage":{"@id":"https:\/\/www.anc.cr\/jorge-paez-portuguez\/#primaryimage"},"image":{"@id":"https:\/\/www.anc.cr\/jorge-paez-portuguez\/#primaryimage"},"thumbnailUrl":"https:\/\/www.anc.cr\/wp-content\/uploads\/2024\/07\/image-18.png","datePublished":"2024-07-09T11:21:41+00:00","dateModified":"2024-07-09T11:21:47+00:00","breadcrumb":{"@id":"https:\/\/www.anc.cr\/jorge-paez-portuguez\/#breadcrumb"},"inLanguage":"en-US","potentialAction":[{"@type":"ReadAction","target":["https:\/\/www.anc.cr\/jorge-paez-portuguez\/"]}]},{"@type":"ImageObject","inLanguage":"en-US","@id":"https:\/\/www.anc.cr\/jorge-paez-portuguez\/#primaryimage","url":"https:\/\/www.anc.cr\/wp-content\/uploads\/2024\/07\/image-18.png","contentUrl":"https:\/\/www.anc.cr\/wp-content\/uploads\/2024\/07\/image-18.png","width":242,"height":238},{"@type":"BreadcrumbList","@id":"https:\/\/www.anc.cr\/jorge-paez-portuguez\/#breadcrumb","itemListElement":[{"@type":"ListItem","position":1,"name":"Portada","item":"https:\/\/www.anc.cr\/"},{"@type":"ListItem","position":2,"name":"Jorge P\u00e1ez Portuguez"}]},{"@type":"WebSite","@id":"https:\/\/www.anc.cr\/#website","url":"https:\/\/www.anc.cr\/","name":"ANC","description":"Academia Nacional de Ciencias","publisher":{"@id":"https:\/\/www.anc.cr\/#organization"},"potentialAction":[{"@type":"SearchAction","target":{"@type":"EntryPoint","urlTemplate":"https:\/\/www.anc.cr\/?s={search_term_string}"},"query-input":{"@type":"PropertyValueSpecification","valueRequired":true,"valueName":"search_term_string"}}],"inLanguage":"en-US"},{"@type":"Organization","@id":"https:\/\/www.anc.cr\/#organization","name":"ANC","url":"https:\/\/www.anc.cr\/","logo":{"@type":"ImageObject","inLanguage":"en-US","@id":"https:\/\/www.anc.cr\/#\/schema\/logo\/image\/","url":"https:\/\/www.anc.cr\/wp-content\/uploads\/2024\/07\/Logo-ANC-CR.png","contentUrl":"https:\/\/www.anc.cr\/wp-content\/uploads\/2024\/07\/Logo-ANC-CR.png","width":1051,"height":593,"caption":"ANC"},"image":{"@id":"https:\/\/www.anc.cr\/#\/schema\/logo\/image\/"}}]}},"_links":{"self":[{"href":"https:\/\/www.anc.cr\/en\/wp-json\/wp\/v2\/pages\/593","targetHints":{"allow":["GET"]}}],"collection":[{"href":"https:\/\/www.anc.cr\/en\/wp-json\/wp\/v2\/pages"}],"about":[{"href":"https:\/\/www.anc.cr\/en\/wp-json\/wp\/v2\/types\/page"}],"author":[{"embeddable":true,"href":"https:\/\/www.anc.cr\/en\/wp-json\/wp\/v2\/users\/1"}],"replies":[{"embeddable":true,"href":"https:\/\/www.anc.cr\/en\/wp-json\/wp\/v2\/comments?post=593"}],"version-history":[{"count":1,"href":"https:\/\/www.anc.cr\/en\/wp-json\/wp\/v2\/pages\/593\/revisions"}],"predecessor-version":[{"id":620,"href":"https:\/\/www.anc.cr\/en\/wp-json\/wp\/v2\/pages\/593\/revisions\/620"}],"wp:featuredmedia":[{"embeddable":true,"href":"https:\/\/www.anc.cr\/en\/wp-json\/wp\/v2\/media\/486"}],"wp:attachment":[{"href":"https:\/\/www.anc.cr\/en\/wp-json\/wp\/v2\/media?parent=593"}],"curies":[{"name":"wp","href":"https:\/\/api.w.org\/{rel}","templated":true}]}}