{"id":591,"date":"2024-07-09T05:14:49","date_gmt":"2024-07-09T11:14:49","guid":{"rendered":"http:\/\/anc.local\/?page_id=591"},"modified":"2024-07-09T05:14:54","modified_gmt":"2024-07-09T11:14:54","slug":"jose-mariano-gracia-bondia","status":"publish","type":"page","link":"https:\/\/www.anc.cr\/en\/jose-mariano-gracia-bondia\/","title":{"rendered":"Jos\u00e9 Mariano Gracia Bond\u00eda"},"content":{"rendered":"<div class=\"wp-block-group alignfull has-global-padding is-layout-constrained wp-container-core-group-is-layout-cb151cc7 wp-block-group-is-layout-constrained\" style=\"margin-top:0;margin-bottom:0;padding-top:0;padding-right:var(--wp--preset--spacing--50);padding-bottom:0;padding-left:var(--wp--preset--spacing--50)\">\n<div class=\"wp-block-columns alignwide are-vertically-aligned-center is-layout-flex wp-container-core-columns-is-layout-47c06fe3 wp-block-columns-is-layout-flex\">\n<div class=\"wp-block-column is-vertically-aligned-center is-layout-flow wp-block-column-is-layout-flow\" style=\"flex-basis:50%\">\n<h3 class=\"wp-block-heading has-x-large-font-size\">Jos\u00e9 Mariano Gracia Bond\u00eda<\/h3>\n\n\n\n<p>Acad\u00e9mico de N\u00famero<\/p>\n\n\n\n<ul class=\"wp-block-list\">\n<li>Catedr\u00e1tico, Universidad de Costa Rica, San Jos\u00e9, Costa Rica.&nbsp;<\/li>\n\n\n\n<li>Licenciado en Ciencias F\u00edsicas,&nbsp; Universidad Complutense&nbsp; de Madrid (1970).<\/li>\n\n\n\n<li>Ph. D. en Ciencias F\u00edsicas, Universidad Aut\u00f3noma de Madrid (1975).<\/li>\n\n\n\n<li>M. Sc. en Matem\u00e1tica, Universidad de Costa Rica (1986).&nbsp;<\/li>\n<\/ul>\n<\/div>\n\n\n\n<div class=\"wp-block-column is-vertically-aligned-center is-layout-flow wp-block-column-is-layout-flow\" style=\"flex-basis:50%\"><figure style=\"width:500px;height:500px;\" class=\"wp-block-post-featured-image\"><img decoding=\"async\" width=\"400\" height=\"400\" src=\"https:\/\/www.anc.cr\/wp-content\/uploads\/2024\/07\/image-20.png\" class=\"attachment-post-thumbnail size-post-thumbnail wp-post-image\" alt=\"\" style=\"height:500px;object-fit:cover;\" srcset=\"https:\/\/www.anc.cr\/wp-content\/uploads\/2024\/07\/image-20.png 400w, https:\/\/www.anc.cr\/wp-content\/uploads\/2024\/07\/image-20-300x300.png 300w, https:\/\/www.anc.cr\/wp-content\/uploads\/2024\/07\/image-20-150x150.png 150w\" sizes=\"(max-width: 400px) 100vw, 400px\" \/><\/figure><\/div>\n<\/div>\n<\/div>\n\n\n\n<div style=\"height:10px\" aria-hidden=\"true\" class=\"wp-block-spacer\"><\/div>\n\n\n\n<hr class=\"wp-block-separator has-alpha-channel-opacity\"\/>\n\n\n\n<div style=\"height:15px\" aria-hidden=\"true\" class=\"wp-block-spacer\"><\/div>\n\n\n\n<p>Jos\u00e9 Mariano Gracia estudia temas como la nucleos\u00edntesis en interiores estelares (en la fase explosiva), cosmolog\u00eda relativista, f\u00edsica fundamental, teor\u00edas de acci\u00f3n-a-distancia invariantes que admiten construcci\u00f3n de sistemas hamiltonianos relativistas, f\u00edsica matem\u00e1tica y fundamental (cuantizaci\u00f3n) y matem\u00e1ticas aplicadas (ecolog\u00eda matem\u00e1tica). Actualmente, se enfoca en la cuantizaci\u00f3n de campos y las fuerzas fundamentales.&nbsp;<\/p>\n\n\n\n<p>Ha ocupado los siguientes cargos: Instructor Asistente, Universidad Aut\u00f3noma de Madrid (1970-1971); Profesor Asistente, Universidad Aut\u00f3noma de Madrid (1973-1976); Profesor, Universidad de Costa Rica (1976-1992) y Catedr\u00e1tico (rango actual); Investigador Invitado en el Institut d\u0092Astrophysique, Universit\u00e9 Libre de Bruxelles (setiembre 1971-diciembre1972); Profesor Adjunto, Universidad Aut\u00f3noma de Madrid (1975-1976); Profesor en el Sistema de Estudios de Posgrado de la Universidad de Costa Rica (1980-1992); Profesor Visitante, Universidad de Zaragoza (1991) y Profesor Visitante (Fulbright Scholar), Universidad de Texas, Austin (1991).&nbsp;<\/p>\n\n\n\n<p>Es Miembro de la Asociaci\u00f3n Costarricense de F\u00edsica; Miembro de la International Association of Mathematical Physics (IAMP); Miembro de la American Mathematical Society (AMS) (1984- ); Miembro de la American Association of Physics Teachers (AAPT); Miembro de la Academia Nacional de Ciencias de Costa Rica (1992- ) y Miembro fundador del Centro de Investigaciones Matem\u00e1ticas y Metamatem\u00e1ticas (CIMM) de la Universidad de Costa Rica. Por otra parte, ha recibido una serie de apoyos y becas, entre ellas est\u00e1n: Beca de la European Space Research Organization (ESRO) (setiembre 1971-diciembre 1972); Beca del Grupo de F\u00edsica Te\u00f3rica (GIFT), Espa\u00f1a (1973-1974), Apoyo del Deutsche akademische Austauschdienst (DAAD) para una visita de estudio a Alemania (noviembre 1987-enero 1988). Adem\u00e1s, obtuvo el Premio de investigaci\u00f3n Fulbright, Center for Particle Physics, Universidad de Texas, Austin (1991-1992) y ha asistido a numerosos congresos, conferencias y seminarios.&nbsp;&nbsp;<\/p>\n\n\n\n<h3 class=\"wp-block-heading\">Publicaciones representativas:&nbsp;<\/h3>\n\n\n\n<ul class=\"wp-block-list\">\n<li>Boya, L. J., Cari\u00f1ena, J. F. y Gracia, J. M. Symplectic structure of the Aharonov-Anandan geometric phase, Phisics Letters A 161, 30 (1991).<\/li>\n\n\n\n<li>Cari\u00f1ena, J. F., Ibort, L. A., L\u00f3pez, C., Gracia, J. M y V\u00e1rilly, J. C. Distinguished Hamiltonian theorem for Homogeneous Symplectic Manifolds, Letters in Mathematical Physics 23, 35 (1991).\u00a0\u00a0<\/li>\n\n\n\n<li>Gracia, J. M. The Urban Environment in Costa Rica: Ecopshychological Correlates, Proceeding de la Tercera Conferencia Internacional sobre Psicolog\u00eda Comparativa, San Jos\u00e9, 1986.<\/li>\n\n\n\n<li>Gracia, J. M. Mec\u00e1nica cu\u00e1ntica en el Espacio de las Fases, Ciencia y Tecnolog\u00eda 5 (1,2), 179 (1981).<\/li>\n\n\n\n<li>Gracia, J. M. Generalized Moyal Quantization on Homogeneous Symplectic Spaces, Contemporary Mathematics, 1991, en prensa.<\/li>\n\n\n\n<li>Gracia, J. M. y V\u00e1rilly, J. C. Los grupos simpl\u00e9cticos y su representaci\u00f3n en la teor\u00eda del producto cu\u00e1ntico, Ciencia y Tecnolog\u00eda, 11(2), 65 (1987).<\/li>\n\n\n\n<li>Gracia, J. M. y V\u00e1rilly, J. C. Representations of infinite dimensional groups in Quantum Field Theory. II. The metaplectic representation and boson fields, CPP\/91\/21 preprint, Austin, 1991.<\/li>\n\n\n\n<li>Gracia, J. M. y V\u00e1rilly, J. C. Representations of infinite dimensional groups in Quantum Field Theory. I. The pin representation and fermion fields, CPP\/91\/23 preprint, Austin, 1991.<\/li>\n\n\n\n<li>Gracia, J. M. y V\u00e1rilly, J. C. S-matrix from the metaplectic representation, Modern Physics Letters A, 1992, en prensa.<\/li>\n\n\n\n<li>Gracia, J. M. y V\u00e1rilly, J. C. Spin representation and Feynman rules, CPP\/91\/24 preprint, Austin, 1992.<\/li>\n<\/ul>","protected":false},"excerpt":{"rendered":"<p>Jos\u00e9 Mariano Gracia Bond\u00eda Acad\u00e9mico de N\u00famero Jos\u00e9 Mariano Gracia estudia temas como la nucleos\u00edntesis en interiores estelares (en la fase explosiva), cosmolog\u00eda relativista, f\u00edsica fundamental, teor\u00edas de acci\u00f3n-a-distancia invariantes que admiten construcci\u00f3n de sistemas hamiltonianos relativistas, f\u00edsica matem\u00e1tica y fundamental (cuantizaci\u00f3n) y matem\u00e1ticas aplicadas (ecolog\u00eda matem\u00e1tica). Actualmente, se enfoca en la cuantizaci\u00f3n de campos [&hellip;]<\/p>\n","protected":false},"author":1,"featured_media":489,"parent":0,"menu_order":0,"comment_status":"closed","ping_status":"closed","template":"","meta":{"footnotes":""},"class_list":["post-591","page","type-page","status-publish","has-post-thumbnail","hentry"],"yoast_head":"<!-- This site is optimized with the Yoast SEO plugin v27.3 - https:\/\/yoast.com\/product\/yoast-seo-wordpress\/ -->\n<title>Jos\u00e9 Mariano Gracia Bond\u00eda - ANC<\/title>\n<meta name=\"robots\" content=\"index, follow, max-snippet:-1, max-image-preview:large, max-video-preview:-1\" \/>\n<link rel=\"canonical\" href=\"https:\/\/www.anc.cr\/en\/jose-mariano-gracia-bondia\/\" \/>\n<meta property=\"og:locale\" content=\"en_US\" \/>\n<meta property=\"og:type\" content=\"article\" \/>\n<meta property=\"og:title\" content=\"Jos\u00e9 Mariano Gracia Bond\u00eda - ANC\" \/>\n<meta property=\"og:description\" content=\"Jos\u00e9 Mariano Gracia Bond\u00eda Acad\u00e9mico de N\u00famero Jos\u00e9 Mariano Gracia estudia temas como la nucleos\u00edntesis en interiores estelares (en la fase explosiva), cosmolog\u00eda relativista, f\u00edsica fundamental, teor\u00edas de acci\u00f3n-a-distancia invariantes que admiten construcci\u00f3n de sistemas hamiltonianos relativistas, f\u00edsica matem\u00e1tica y fundamental (cuantizaci\u00f3n) y matem\u00e1ticas aplicadas (ecolog\u00eda matem\u00e1tica). Actualmente, se enfoca en la cuantizaci\u00f3n de campos [&hellip;]\" \/>\n<meta property=\"og:url\" content=\"https:\/\/www.anc.cr\/en\/jose-mariano-gracia-bondia\/\" \/>\n<meta property=\"og:site_name\" content=\"ANC\" \/>\n<meta property=\"article:modified_time\" content=\"2024-07-09T11:14:54+00:00\" \/>\n<meta property=\"og:image\" content=\"https:\/\/www.anc.cr\/wp-content\/uploads\/2024\/07\/image-20.png\" \/>\n\t<meta property=\"og:image:width\" content=\"400\" \/>\n\t<meta property=\"og:image:height\" content=\"400\" \/>\n\t<meta property=\"og:image:type\" content=\"image\/png\" \/>\n<meta name=\"twitter:card\" content=\"summary_large_image\" \/>\n<meta name=\"twitter:label1\" content=\"Est. reading time\" \/>\n\t<meta name=\"twitter:data1\" content=\"3 minutes\" \/>\n<script type=\"application\/ld+json\" class=\"yoast-schema-graph\">{\"@context\":\"https:\\\/\\\/schema.org\",\"@graph\":[{\"@type\":\"WebPage\",\"@id\":\"https:\\\/\\\/www.anc.cr\\\/jose-mariano-gracia-bondia\\\/\",\"url\":\"https:\\\/\\\/www.anc.cr\\\/jose-mariano-gracia-bondia\\\/\",\"name\":\"Jos\u00e9 Mariano Gracia Bond\u00eda - ANC\",\"isPartOf\":{\"@id\":\"https:\\\/\\\/www.anc.cr\\\/#website\"},\"primaryImageOfPage\":{\"@id\":\"https:\\\/\\\/www.anc.cr\\\/jose-mariano-gracia-bondia\\\/#primaryimage\"},\"image\":{\"@id\":\"https:\\\/\\\/www.anc.cr\\\/jose-mariano-gracia-bondia\\\/#primaryimage\"},\"thumbnailUrl\":\"https:\\\/\\\/www.anc.cr\\\/wp-content\\\/uploads\\\/2024\\\/07\\\/image-20.png\",\"datePublished\":\"2024-07-09T11:14:49+00:00\",\"dateModified\":\"2024-07-09T11:14:54+00:00\",\"breadcrumb\":{\"@id\":\"https:\\\/\\\/www.anc.cr\\\/jose-mariano-gracia-bondia\\\/#breadcrumb\"},\"inLanguage\":\"en-US\",\"potentialAction\":[{\"@type\":\"ReadAction\",\"target\":[\"https:\\\/\\\/www.anc.cr\\\/jose-mariano-gracia-bondia\\\/\"]}]},{\"@type\":\"ImageObject\",\"inLanguage\":\"en-US\",\"@id\":\"https:\\\/\\\/www.anc.cr\\\/jose-mariano-gracia-bondia\\\/#primaryimage\",\"url\":\"https:\\\/\\\/www.anc.cr\\\/wp-content\\\/uploads\\\/2024\\\/07\\\/image-20.png\",\"contentUrl\":\"https:\\\/\\\/www.anc.cr\\\/wp-content\\\/uploads\\\/2024\\\/07\\\/image-20.png\",\"width\":400,\"height\":400},{\"@type\":\"BreadcrumbList\",\"@id\":\"https:\\\/\\\/www.anc.cr\\\/jose-mariano-gracia-bondia\\\/#breadcrumb\",\"itemListElement\":[{\"@type\":\"ListItem\",\"position\":1,\"name\":\"Portada\",\"item\":\"https:\\\/\\\/www.anc.cr\\\/\"},{\"@type\":\"ListItem\",\"position\":2,\"name\":\"Jos\u00e9 Mariano Gracia Bond\u00eda\"}]},{\"@type\":\"WebSite\",\"@id\":\"https:\\\/\\\/www.anc.cr\\\/#website\",\"url\":\"https:\\\/\\\/www.anc.cr\\\/\",\"name\":\"ANC\",\"description\":\"Academia Nacional de Ciencias\",\"publisher\":{\"@id\":\"https:\\\/\\\/www.anc.cr\\\/#organization\"},\"potentialAction\":[{\"@type\":\"SearchAction\",\"target\":{\"@type\":\"EntryPoint\",\"urlTemplate\":\"https:\\\/\\\/www.anc.cr\\\/?s={search_term_string}\"},\"query-input\":{\"@type\":\"PropertyValueSpecification\",\"valueRequired\":true,\"valueName\":\"search_term_string\"}}],\"inLanguage\":\"en-US\"},{\"@type\":\"Organization\",\"@id\":\"https:\\\/\\\/www.anc.cr\\\/#organization\",\"name\":\"ANC\",\"url\":\"https:\\\/\\\/www.anc.cr\\\/\",\"logo\":{\"@type\":\"ImageObject\",\"inLanguage\":\"en-US\",\"@id\":\"https:\\\/\\\/www.anc.cr\\\/#\\\/schema\\\/logo\\\/image\\\/\",\"url\":\"https:\\\/\\\/www.anc.cr\\\/wp-content\\\/uploads\\\/2024\\\/07\\\/Logo-ANC-CR.png\",\"contentUrl\":\"https:\\\/\\\/www.anc.cr\\\/wp-content\\\/uploads\\\/2024\\\/07\\\/Logo-ANC-CR.png\",\"width\":1051,\"height\":593,\"caption\":\"ANC\"},\"image\":{\"@id\":\"https:\\\/\\\/www.anc.cr\\\/#\\\/schema\\\/logo\\\/image\\\/\"}}]}<\/script>\n<!-- \/ Yoast SEO plugin. -->","yoast_head_json":{"title":"Jos\u00e9 Mariano Gracia Bond\u00eda - ANC","robots":{"index":"index","follow":"follow","max-snippet":"max-snippet:-1","max-image-preview":"max-image-preview:large","max-video-preview":"max-video-preview:-1"},"canonical":"https:\/\/www.anc.cr\/en\/jose-mariano-gracia-bondia\/","og_locale":"en_US","og_type":"article","og_title":"Jos\u00e9 Mariano Gracia Bond\u00eda - ANC","og_description":"Jos\u00e9 Mariano Gracia Bond\u00eda Acad\u00e9mico de N\u00famero Jos\u00e9 Mariano Gracia estudia temas como la nucleos\u00edntesis en interiores estelares (en la fase explosiva), cosmolog\u00eda relativista, f\u00edsica fundamental, teor\u00edas de acci\u00f3n-a-distancia invariantes que admiten construcci\u00f3n de sistemas hamiltonianos relativistas, f\u00edsica matem\u00e1tica y fundamental (cuantizaci\u00f3n) y matem\u00e1ticas aplicadas (ecolog\u00eda matem\u00e1tica). Actualmente, se enfoca en la cuantizaci\u00f3n de campos [&hellip;]","og_url":"https:\/\/www.anc.cr\/en\/jose-mariano-gracia-bondia\/","og_site_name":"ANC","article_modified_time":"2024-07-09T11:14:54+00:00","og_image":[{"width":400,"height":400,"url":"https:\/\/www.anc.cr\/wp-content\/uploads\/2024\/07\/image-20.png","type":"image\/png"}],"twitter_card":"summary_large_image","twitter_misc":{"Est. reading time":"3 minutes"},"schema":{"@context":"https:\/\/schema.org","@graph":[{"@type":"WebPage","@id":"https:\/\/www.anc.cr\/jose-mariano-gracia-bondia\/","url":"https:\/\/www.anc.cr\/jose-mariano-gracia-bondia\/","name":"Jos\u00e9 Mariano Gracia Bond\u00eda - ANC","isPartOf":{"@id":"https:\/\/www.anc.cr\/#website"},"primaryImageOfPage":{"@id":"https:\/\/www.anc.cr\/jose-mariano-gracia-bondia\/#primaryimage"},"image":{"@id":"https:\/\/www.anc.cr\/jose-mariano-gracia-bondia\/#primaryimage"},"thumbnailUrl":"https:\/\/www.anc.cr\/wp-content\/uploads\/2024\/07\/image-20.png","datePublished":"2024-07-09T11:14:49+00:00","dateModified":"2024-07-09T11:14:54+00:00","breadcrumb":{"@id":"https:\/\/www.anc.cr\/jose-mariano-gracia-bondia\/#breadcrumb"},"inLanguage":"en-US","potentialAction":[{"@type":"ReadAction","target":["https:\/\/www.anc.cr\/jose-mariano-gracia-bondia\/"]}]},{"@type":"ImageObject","inLanguage":"en-US","@id":"https:\/\/www.anc.cr\/jose-mariano-gracia-bondia\/#primaryimage","url":"https:\/\/www.anc.cr\/wp-content\/uploads\/2024\/07\/image-20.png","contentUrl":"https:\/\/www.anc.cr\/wp-content\/uploads\/2024\/07\/image-20.png","width":400,"height":400},{"@type":"BreadcrumbList","@id":"https:\/\/www.anc.cr\/jose-mariano-gracia-bondia\/#breadcrumb","itemListElement":[{"@type":"ListItem","position":1,"name":"Portada","item":"https:\/\/www.anc.cr\/"},{"@type":"ListItem","position":2,"name":"Jos\u00e9 Mariano Gracia Bond\u00eda"}]},{"@type":"WebSite","@id":"https:\/\/www.anc.cr\/#website","url":"https:\/\/www.anc.cr\/","name":"ANC","description":"Academia Nacional de Ciencias","publisher":{"@id":"https:\/\/www.anc.cr\/#organization"},"potentialAction":[{"@type":"SearchAction","target":{"@type":"EntryPoint","urlTemplate":"https:\/\/www.anc.cr\/?s={search_term_string}"},"query-input":{"@type":"PropertyValueSpecification","valueRequired":true,"valueName":"search_term_string"}}],"inLanguage":"en-US"},{"@type":"Organization","@id":"https:\/\/www.anc.cr\/#organization","name":"ANC","url":"https:\/\/www.anc.cr\/","logo":{"@type":"ImageObject","inLanguage":"en-US","@id":"https:\/\/www.anc.cr\/#\/schema\/logo\/image\/","url":"https:\/\/www.anc.cr\/wp-content\/uploads\/2024\/07\/Logo-ANC-CR.png","contentUrl":"https:\/\/www.anc.cr\/wp-content\/uploads\/2024\/07\/Logo-ANC-CR.png","width":1051,"height":593,"caption":"ANC"},"image":{"@id":"https:\/\/www.anc.cr\/#\/schema\/logo\/image\/"}}]}},"_links":{"self":[{"href":"https:\/\/www.anc.cr\/en\/wp-json\/wp\/v2\/pages\/591","targetHints":{"allow":["GET"]}}],"collection":[{"href":"https:\/\/www.anc.cr\/en\/wp-json\/wp\/v2\/pages"}],"about":[{"href":"https:\/\/www.anc.cr\/en\/wp-json\/wp\/v2\/types\/page"}],"author":[{"embeddable":true,"href":"https:\/\/www.anc.cr\/en\/wp-json\/wp\/v2\/users\/1"}],"replies":[{"embeddable":true,"href":"https:\/\/www.anc.cr\/en\/wp-json\/wp\/v2\/comments?post=591"}],"version-history":[{"count":1,"href":"https:\/\/www.anc.cr\/en\/wp-json\/wp\/v2\/pages\/591\/revisions"}],"predecessor-version":[{"id":612,"href":"https:\/\/www.anc.cr\/en\/wp-json\/wp\/v2\/pages\/591\/revisions\/612"}],"wp:featuredmedia":[{"embeddable":true,"href":"https:\/\/www.anc.cr\/en\/wp-json\/wp\/v2\/media\/489"}],"wp:attachment":[{"href":"https:\/\/www.anc.cr\/en\/wp-json\/wp\/v2\/media?parent=591"}],"curies":[{"name":"wp","href":"https:\/\/api.w.org\/{rel}","templated":true}]}}