{"id":586,"date":"2024-07-09T05:12:01","date_gmt":"2024-07-09T11:12:01","guid":{"rendered":"http:\/\/anc.local\/?page_id=586"},"modified":"2026-03-27T10:27:26","modified_gmt":"2026-03-27T16:27:26","slug":"ana-cecilia-rodriguez-cespedes","status":"publish","type":"page","link":"https:\/\/www.anc.cr\/en\/ana-cecilia-rodriguez-cespedes\/","title":{"rendered":"Ana Cecilia Rodr\u00edguez C\u00e9spedes"},"content":{"rendered":"<div class=\"wp-block-group alignfull has-global-padding is-layout-constrained wp-container-core-group-is-layout-cb151cc7 wp-block-group-is-layout-constrained\" style=\"margin-top:0;margin-bottom:0;padding-top:0;padding-right:var(--wp--preset--spacing--50);padding-bottom:0;padding-left:var(--wp--preset--spacing--50)\">\n<div class=\"wp-block-columns alignwide are-vertically-aligned-center is-layout-flex wp-container-core-columns-is-layout-47c06fe3 wp-block-columns-is-layout-flex\">\n<div class=\"wp-block-column is-vertically-aligned-center is-layout-flow wp-block-column-is-layout-flow\" style=\"flex-basis:50%\">\n<h3 class=\"wp-block-heading has-x-large-font-size\">Ana Cecilia Rodr\u00edguez C\u00e9spedes<\/h3>\n\n\n\n<p>Acad\u00e9mico de N\u00famero<\/p>\n\n\n\n<ul class=\"wp-block-list\">\n<li>Consultora para la Fundaci\u00f3n M\u00e9dicos Sin Fronteras (<em>Fondation M\u00e9decins Sans Fronti\u00e8res<\/em>)<\/li>\n<\/ul>\n<\/div>\n\n\n\n<div class=\"wp-block-column is-vertically-aligned-center is-layout-flow wp-block-column-is-layout-flow\" style=\"flex-basis:50%\">\n<figure class=\"wp-block-image size-large\"><img decoding=\"async\" width=\"768\" height=\"1024\" src=\"https:\/\/www.anc.cr\/wp-content\/uploads\/2026\/01\/WhatsApp-Image-2026-01-13-at-3.49.01-PM-768x1024.jpeg\" alt=\"\" class=\"wp-image-2858\" srcset=\"https:\/\/www.anc.cr\/wp-content\/uploads\/2026\/01\/WhatsApp-Image-2026-01-13-at-3.49.01-PM-768x1024.jpeg 768w, https:\/\/www.anc.cr\/wp-content\/uploads\/2026\/01\/WhatsApp-Image-2026-01-13-at-3.49.01-PM-225x300.jpeg 225w, https:\/\/www.anc.cr\/wp-content\/uploads\/2026\/01\/WhatsApp-Image-2026-01-13-at-3.49.01-PM-1152x1536.jpeg 1152w, https:\/\/www.anc.cr\/wp-content\/uploads\/2026\/01\/WhatsApp-Image-2026-01-13-at-3.49.01-PM-9x12.jpeg 9w, https:\/\/www.anc.cr\/wp-content\/uploads\/2026\/01\/WhatsApp-Image-2026-01-13-at-3.49.01-PM.jpeg 1200w\" sizes=\"(max-width: 768px) 100vw, 768px\" \/><\/figure>\n<\/div>\n<\/div>\n<\/div>\n\n\n\n<div style=\"height:10px\" aria-hidden=\"true\" class=\"wp-block-spacer\"><\/div>\n\n\n\n<hr class=\"wp-block-separator has-alpha-channel-opacity\"\/>\n\n\n\n<div style=\"height:15px\" aria-hidden=\"true\" class=\"wp-block-spacer\"><\/div>\n\n\n\n<p>La Dra. Rodr\u00edguez obtuvo su t\u00edtulo de m\u00e9dica en 1989 y la especialidad en salud p\u00fablica en 1992, ambos en la Universidad de Costa Rica. Posteriormente tom\u00f3 cursos avanzados en epidemiolog\u00eda y bioestad\u00edstica en el Instituto Karolinska en Suecia.&nbsp;<\/p>\n\n\n\n<p>En 1992, se incorpor\u00f3 a un grupo de investigaci\u00f3n en la Universidad Nacional de Costa Rica como epidemi\u00f3loga y se desempe\u00f1\u00f3 como Directora del Registro de C\u00e1ncer de Costa Rica durante dos a\u00f1os.<\/p>\n\n\n\n<p>De 1996 al 2015, fue Investigadora Principal y co-Investigadora Principal en diversos estudios costarricenses financiados por el Instituto Nacional del C\u00e1ncer de los Estados Unidos (NCI), incluyendo el <em>Proyecto Epidemiol\u00f3gico Guanacaste (PEG) HPV Natural History Study<\/em>, un estudio longitudinal de cohorte poblacional con 10.049 mujeres, y el <em>Costa Rican Vaccine Trial (CVT)<\/em>.Del 2005 al 2008, realiz\u00f3 una pasant\u00eda como investigadora visitante senior en la Divisi\u00f3n de Epidemiolog\u00eda y Gen\u00e9tica del NCI.<\/p>\n\n\n\n<p>La mayor parte de su investigaci\u00f3n se ha centrado en la neoplasia cervical y en la historia natural de la infecci\u00f3n por el virus de papiloma humano (VPH). Asimismo, ha trabajado de manera extensa en estrategias de prevenci\u00f3n del c\u00e1ncer cervicouterino, incluyendo la vacunaci\u00f3n contra el HPV, el tamizaje y la detecci\u00f3n de la neoplasia cervical. En la \u00faltima d\u00e9cada, se desempe\u00f1\u00f3 como consultora de la Divisi\u00f3n de Epidemiolog\u00eda y Gen\u00e9tica del C\u00e1ncer del NCI y, m\u00e1s recientemente, ha colaborado con iniciativas internacionales orientadas al desarrollo de m\u00e9todos mejorados de tamizaje, triaje y tratamiento m\u00e1s adecuados para poblaciones vulnerables y de dif\u00edcil acceso, a trav\u00e9s del estudio del consorcio PAVE. M\u00e1s recientemente, se incorpor\u00f3 a la Fundaci\u00f3n M\u00e9dicos Sin Fronteras (<em>Fondation M\u00e9decins Sans Fronti\u00e8res<\/em>) como consultora para continuar impulsando la implementaci\u00f3n de la estrategia PAVE que incorpora elementos de inteligencia artificial para la prevenci\u00f3n del c\u00e1ncer cervicouterino.&nbsp; La Dra. Rodr\u00edguez es parte del Comit\u00e9 Editorial de la Revista Acta M\u00e9dica Costarricense desde el 2022.<\/p>\n\n\n\n<h3 class=\"wp-block-heading\">Publicaciones representativas:&nbsp;<\/h3>\n\n\n\n<ul class=\"wp-block-list\">\n<li><strong>Rodr\u00edguez, A. C.<\/strong>, Schiffman, M., Herrero, R., Wacholder, S., Hildesheim, A., Castle, P. E., Solomon, D., Burk, R., &amp; Proyecto Epidemiol\u00f3gico Guanacaste Group (2008). Rapid clearance of human papillomavirus and implications for clinical focus on persistent infections. Journal of the National Cancer Institute, 100(7), 513\u2013517.<\/li>\n\n\n\n<li><strong>Rodr\u00edguez, A. C.<\/strong>, Schiffman, M., Herrero, R., Hildesheim, A., Bratti, C., Sherman, M. E., Solomon, D., Guill\u00e9n, D., Alfaro, M., Morales, J., Hutchinson, M., Katki, H., Cheung, L., Wacholder, S., &amp; Burk, R. D. (2010). Longitudinal study of human papillomavirus persistence and cervical intraepithelial neoplasia grade 2\/3: critical role of duration of infection. Journal of the National Cancer Institute, 102(5), 315\u2013324.<\/li>\n\n\n\n<li>Kreimer, A. R., <strong>Rodriguez, A. C<\/strong>., Hildesheim, A., Herrero, R., Porras, C., Schiffman, M., Gonz\u00e1lez, P., Solomon, D., Jim\u00e9nez, S., Schiller, J. T., Lowy, D. R., Quint, W., Sherman, M. E., Schussler, J., Wacholder, S., &amp; CVT Vaccine Group (2011). Proof-of-principle evaluation of the efficacy of fewer than three doses of a bivalent HPV16\/18 vaccine. Journal of the National Cancer Institute, 103(19), 1444\u20131451.<\/li>\n\n\n\n<li>Schiffman M, Castle PE, Jeronimo J, <strong>Rodr\u00edguez AC<\/strong>, Wacholder S. Human papillomavirus and cervical cancer. Lancet 2007;370(9590):890-907.<\/li>\n\n\n\n<li>Herrero, R., Castle, P. E., Schiffman, M., Bratti, M. C., Hildesheim, A., Morales, J., Alfaro, M., Sherman, M. E., Wacholder, S., Chen, S., <strong>Rodriguez, A. C.,<\/strong> &amp; Burk, R. D. (2005). Epidemiologic profile of type-specific human papillomavirus infection and cervical neoplasia in Guanacaste, Costa Rica. The Journal of infectious diseases, 191(11), 1796\u20131807.<\/li>\n\n\n\n<li>Hildesheim, A., Herrero, R., Wacholder, S., <strong>Rodriguez, A. C.<\/strong>, Solomon, D., Bratti, M. C., Schiller, J. T., Gonzalez, P., Dubin, G., Porras, C., Jimenez, S. E., Lowy, D. R., &amp; Costa Rican HPV Vaccine Trial Group (2007). Effect of human papillomavirus 16\/18 L1 viruslike particle vaccine among young women with preexisting infection: a randomized trial.&nbsp;<em>JAMA<\/em>,&nbsp;<em>298<\/em>(7), 743\u2013753.<\/li>\n\n\n\n<li>Schiffman M, Herrero R, Desalle R, Hildesheim A, Wacholder S, <strong>Rodriguez AC<\/strong>, Bratti MC, Sherman ME, Morales J, Guillen D, Alfaro M, Hutchinson M, Wright TC, Solomon D, Chen Z, Schussler J, Castle PE, Burk RD. The carcinogenicity of human papillomavirus types reflects viral evolution. Virology 2005;337:76-84.<\/li>\n\n\n\n<li>Castle, P. E., Schiffman, M., Herrero, R., Hildesheim, A., <strong>Rodriguez, A. C<\/strong>., Bratti, M. C., Sherman, M. E., Wacholder, S., Tarone, R., &amp; Burk, R. D. (2005). A prospective study of age trends in cervical human papillomavirus acquisition and persistence in Guanacaste, Costa Rica. The Journal of infectious diseases, 191(11), 1808\u20131816.<\/li>\n\n\n\n<li>Herrero, R., Quint, W., Hildesheim, A., Gonzalez, P., Struijk, L., Katki, H. A., Porras, C., Schiffman, M., <strong>Rodriguez, A. C.,<\/strong> Solomon, D., Jimenez, S., Schiller, J. T., Lowy, D. R., van Doorn, L. J., Wacholder, S., Kreimer, A. R., &amp; CVT Vaccine Group (2013). Reduced prevalence of oral human papillomavirus (HPV) 4 years after bivalent HPV vaccination in a randomized clinical trial in Costa Rica. PloS one, 8(7), e68329.<\/li>\n\n\n\n<li>Hildesheim, A., Herrero, R., Castle, P. E., Wacholder, S., Bratti, M. C., Sherman, M. E., Lorincz, A. T., Burk, R. D., Morales, J., <strong>Rodriguez, A. C<\/strong>., Helgesen, K., Alfaro, M., Hutchinson, M., Balmaceda, I., Greenberg, M., &amp; Schiffman, M. (2001). HPV co-factors related to the development of cervical cancer: results from a population-based study in Costa Rica. British journal of cancer, 84(9), 1219\u20131226..<\/li>\n<\/ul>","protected":false},"excerpt":{"rendered":"<p>Ana Cecilia Rodr\u00edguez C\u00e9spedes Acad\u00e9mico de N\u00famero La Dra. Rodr\u00edguez obtuvo su t\u00edtulo de m\u00e9dica en 1989 y la especialidad en salud p\u00fablica en 1992, ambos en la Universidad de Costa Rica. Posteriormente tom\u00f3 cursos avanzados en epidemiolog\u00eda y bioestad\u00edstica en el Instituto Karolinska en Suecia.&nbsp; En 1992, se incorpor\u00f3 a un grupo de investigaci\u00f3n [&hellip;]<\/p>\n","protected":false},"author":1,"featured_media":2817,"parent":0,"menu_order":0,"comment_status":"closed","ping_status":"closed","template":"","meta":{"footnotes":""},"class_list":["post-586","page","type-page","status-publish","has-post-thumbnail","hentry"],"yoast_head":"<!-- This site is optimized with the Yoast SEO plugin v27.3 - https:\/\/yoast.com\/product\/yoast-seo-wordpress\/ -->\n<title>Ana Cecilia Rodr\u00edguez C\u00e9spedes - ANC<\/title>\n<meta name=\"robots\" content=\"index, follow, max-snippet:-1, max-image-preview:large, max-video-preview:-1\" \/>\n<link rel=\"canonical\" href=\"https:\/\/www.anc.cr\/en\/ana-cecilia-rodriguez-cespedes\/\" \/>\n<meta property=\"og:locale\" content=\"en_US\" \/>\n<meta property=\"og:type\" content=\"article\" \/>\n<meta property=\"og:title\" content=\"Ana Cecilia Rodr\u00edguez C\u00e9spedes - ANC\" \/>\n<meta property=\"og:description\" content=\"Ana Cecilia Rodr\u00edguez C\u00e9spedes Acad\u00e9mico de N\u00famero La Dra. Rodr\u00edguez obtuvo su t\u00edtulo de m\u00e9dica en 1989 y la especialidad en salud p\u00fablica en 1992, ambos en la Universidad de Costa Rica. Posteriormente tom\u00f3 cursos avanzados en epidemiolog\u00eda y bioestad\u00edstica en el Instituto Karolinska en Suecia.&nbsp; En 1992, se incorpor\u00f3 a un grupo de investigaci\u00f3n [&hellip;]\" \/>\n<meta property=\"og:url\" content=\"https:\/\/www.anc.cr\/en\/ana-cecilia-rodriguez-cespedes\/\" \/>\n<meta property=\"og:site_name\" content=\"ANC\" \/>\n<meta property=\"article:modified_time\" content=\"2026-03-27T16:27:26+00:00\" \/>\n<meta property=\"og:image\" content=\"https:\/\/www.anc.cr\/wp-content\/uploads\/2026\/01\/IMG_7544-scaled.jpg\" \/>\n\t<meta property=\"og:image:width\" content=\"1920\" \/>\n\t<meta property=\"og:image:height\" content=\"2560\" \/>\n\t<meta property=\"og:image:type\" content=\"image\/jpeg\" \/>\n<meta name=\"twitter:card\" content=\"summary_large_image\" \/>\n<meta name=\"twitter:label1\" content=\"Est. reading time\" \/>\n\t<meta name=\"twitter:data1\" content=\"4 minutes\" \/>\n<script type=\"application\/ld+json\" class=\"yoast-schema-graph\">{\"@context\":\"https:\\\/\\\/schema.org\",\"@graph\":[{\"@type\":\"WebPage\",\"@id\":\"https:\\\/\\\/www.anc.cr\\\/ana-cecilia-rodriguez-cespedes\\\/\",\"url\":\"https:\\\/\\\/www.anc.cr\\\/ana-cecilia-rodriguez-cespedes\\\/\",\"name\":\"Ana Cecilia Rodr\u00edguez C\u00e9spedes - ANC\",\"isPartOf\":{\"@id\":\"https:\\\/\\\/www.anc.cr\\\/#website\"},\"primaryImageOfPage\":{\"@id\":\"https:\\\/\\\/www.anc.cr\\\/ana-cecilia-rodriguez-cespedes\\\/#primaryimage\"},\"image\":{\"@id\":\"https:\\\/\\\/www.anc.cr\\\/ana-cecilia-rodriguez-cespedes\\\/#primaryimage\"},\"thumbnailUrl\":\"https:\\\/\\\/www.anc.cr\\\/wp-content\\\/uploads\\\/2026\\\/01\\\/IMG_7544-scaled.jpg\",\"datePublished\":\"2024-07-09T11:12:01+00:00\",\"dateModified\":\"2026-03-27T16:27:26+00:00\",\"breadcrumb\":{\"@id\":\"https:\\\/\\\/www.anc.cr\\\/ana-cecilia-rodriguez-cespedes\\\/#breadcrumb\"},\"inLanguage\":\"en-US\",\"potentialAction\":[{\"@type\":\"ReadAction\",\"target\":[\"https:\\\/\\\/www.anc.cr\\\/ana-cecilia-rodriguez-cespedes\\\/\"]}]},{\"@type\":\"ImageObject\",\"inLanguage\":\"en-US\",\"@id\":\"https:\\\/\\\/www.anc.cr\\\/ana-cecilia-rodriguez-cespedes\\\/#primaryimage\",\"url\":\"https:\\\/\\\/www.anc.cr\\\/wp-content\\\/uploads\\\/2026\\\/01\\\/IMG_7544-scaled.jpg\",\"contentUrl\":\"https:\\\/\\\/www.anc.cr\\\/wp-content\\\/uploads\\\/2026\\\/01\\\/IMG_7544-scaled.jpg\",\"width\":1920,\"height\":2560},{\"@type\":\"BreadcrumbList\",\"@id\":\"https:\\\/\\\/www.anc.cr\\\/ana-cecilia-rodriguez-cespedes\\\/#breadcrumb\",\"itemListElement\":[{\"@type\":\"ListItem\",\"position\":1,\"name\":\"Portada\",\"item\":\"https:\\\/\\\/www.anc.cr\\\/\"},{\"@type\":\"ListItem\",\"position\":2,\"name\":\"Ana Cecilia Rodr\u00edguez C\u00e9spedes\"}]},{\"@type\":\"WebSite\",\"@id\":\"https:\\\/\\\/www.anc.cr\\\/#website\",\"url\":\"https:\\\/\\\/www.anc.cr\\\/\",\"name\":\"ANC\",\"description\":\"Academia Nacional de Ciencias\",\"publisher\":{\"@id\":\"https:\\\/\\\/www.anc.cr\\\/#organization\"},\"potentialAction\":[{\"@type\":\"SearchAction\",\"target\":{\"@type\":\"EntryPoint\",\"urlTemplate\":\"https:\\\/\\\/www.anc.cr\\\/?s={search_term_string}\"},\"query-input\":{\"@type\":\"PropertyValueSpecification\",\"valueRequired\":true,\"valueName\":\"search_term_string\"}}],\"inLanguage\":\"en-US\"},{\"@type\":\"Organization\",\"@id\":\"https:\\\/\\\/www.anc.cr\\\/#organization\",\"name\":\"ANC\",\"url\":\"https:\\\/\\\/www.anc.cr\\\/\",\"logo\":{\"@type\":\"ImageObject\",\"inLanguage\":\"en-US\",\"@id\":\"https:\\\/\\\/www.anc.cr\\\/#\\\/schema\\\/logo\\\/image\\\/\",\"url\":\"https:\\\/\\\/www.anc.cr\\\/wp-content\\\/uploads\\\/2024\\\/07\\\/Logo-ANC-CR.png\",\"contentUrl\":\"https:\\\/\\\/www.anc.cr\\\/wp-content\\\/uploads\\\/2024\\\/07\\\/Logo-ANC-CR.png\",\"width\":1051,\"height\":593,\"caption\":\"ANC\"},\"image\":{\"@id\":\"https:\\\/\\\/www.anc.cr\\\/#\\\/schema\\\/logo\\\/image\\\/\"}}]}<\/script>\n<!-- \/ Yoast SEO plugin. -->","yoast_head_json":{"title":"Ana Cecilia Rodr\u00edguez C\u00e9spedes - ANC","robots":{"index":"index","follow":"follow","max-snippet":"max-snippet:-1","max-image-preview":"max-image-preview:large","max-video-preview":"max-video-preview:-1"},"canonical":"https:\/\/www.anc.cr\/en\/ana-cecilia-rodriguez-cespedes\/","og_locale":"en_US","og_type":"article","og_title":"Ana Cecilia Rodr\u00edguez C\u00e9spedes - ANC","og_description":"Ana Cecilia Rodr\u00edguez C\u00e9spedes Acad\u00e9mico de N\u00famero La Dra. Rodr\u00edguez obtuvo su t\u00edtulo de m\u00e9dica en 1989 y la especialidad en salud p\u00fablica en 1992, ambos en la Universidad de Costa Rica. Posteriormente tom\u00f3 cursos avanzados en epidemiolog\u00eda y bioestad\u00edstica en el Instituto Karolinska en Suecia.&nbsp; En 1992, se incorpor\u00f3 a un grupo de investigaci\u00f3n [&hellip;]","og_url":"https:\/\/www.anc.cr\/en\/ana-cecilia-rodriguez-cespedes\/","og_site_name":"ANC","article_modified_time":"2026-03-27T16:27:26+00:00","og_image":[{"width":1920,"height":2560,"url":"https:\/\/www.anc.cr\/wp-content\/uploads\/2026\/01\/IMG_7544-scaled.jpg","type":"image\/jpeg"}],"twitter_card":"summary_large_image","twitter_misc":{"Est. reading time":"4 minutes"},"schema":{"@context":"https:\/\/schema.org","@graph":[{"@type":"WebPage","@id":"https:\/\/www.anc.cr\/ana-cecilia-rodriguez-cespedes\/","url":"https:\/\/www.anc.cr\/ana-cecilia-rodriguez-cespedes\/","name":"Ana Cecilia Rodr\u00edguez C\u00e9spedes - ANC","isPartOf":{"@id":"https:\/\/www.anc.cr\/#website"},"primaryImageOfPage":{"@id":"https:\/\/www.anc.cr\/ana-cecilia-rodriguez-cespedes\/#primaryimage"},"image":{"@id":"https:\/\/www.anc.cr\/ana-cecilia-rodriguez-cespedes\/#primaryimage"},"thumbnailUrl":"https:\/\/www.anc.cr\/wp-content\/uploads\/2026\/01\/IMG_7544-scaled.jpg","datePublished":"2024-07-09T11:12:01+00:00","dateModified":"2026-03-27T16:27:26+00:00","breadcrumb":{"@id":"https:\/\/www.anc.cr\/ana-cecilia-rodriguez-cespedes\/#breadcrumb"},"inLanguage":"en-US","potentialAction":[{"@type":"ReadAction","target":["https:\/\/www.anc.cr\/ana-cecilia-rodriguez-cespedes\/"]}]},{"@type":"ImageObject","inLanguage":"en-US","@id":"https:\/\/www.anc.cr\/ana-cecilia-rodriguez-cespedes\/#primaryimage","url":"https:\/\/www.anc.cr\/wp-content\/uploads\/2026\/01\/IMG_7544-scaled.jpg","contentUrl":"https:\/\/www.anc.cr\/wp-content\/uploads\/2026\/01\/IMG_7544-scaled.jpg","width":1920,"height":2560},{"@type":"BreadcrumbList","@id":"https:\/\/www.anc.cr\/ana-cecilia-rodriguez-cespedes\/#breadcrumb","itemListElement":[{"@type":"ListItem","position":1,"name":"Portada","item":"https:\/\/www.anc.cr\/"},{"@type":"ListItem","position":2,"name":"Ana Cecilia Rodr\u00edguez C\u00e9spedes"}]},{"@type":"WebSite","@id":"https:\/\/www.anc.cr\/#website","url":"https:\/\/www.anc.cr\/","name":"ANC","description":"Academia Nacional de Ciencias","publisher":{"@id":"https:\/\/www.anc.cr\/#organization"},"potentialAction":[{"@type":"SearchAction","target":{"@type":"EntryPoint","urlTemplate":"https:\/\/www.anc.cr\/?s={search_term_string}"},"query-input":{"@type":"PropertyValueSpecification","valueRequired":true,"valueName":"search_term_string"}}],"inLanguage":"en-US"},{"@type":"Organization","@id":"https:\/\/www.anc.cr\/#organization","name":"ANC","url":"https:\/\/www.anc.cr\/","logo":{"@type":"ImageObject","inLanguage":"en-US","@id":"https:\/\/www.anc.cr\/#\/schema\/logo\/image\/","url":"https:\/\/www.anc.cr\/wp-content\/uploads\/2024\/07\/Logo-ANC-CR.png","contentUrl":"https:\/\/www.anc.cr\/wp-content\/uploads\/2024\/07\/Logo-ANC-CR.png","width":1051,"height":593,"caption":"ANC"},"image":{"@id":"https:\/\/www.anc.cr\/#\/schema\/logo\/image\/"}}]}},"_links":{"self":[{"href":"https:\/\/www.anc.cr\/en\/wp-json\/wp\/v2\/pages\/586","targetHints":{"allow":["GET"]}}],"collection":[{"href":"https:\/\/www.anc.cr\/en\/wp-json\/wp\/v2\/pages"}],"about":[{"href":"https:\/\/www.anc.cr\/en\/wp-json\/wp\/v2\/types\/page"}],"author":[{"embeddable":true,"href":"https:\/\/www.anc.cr\/en\/wp-json\/wp\/v2\/users\/1"}],"replies":[{"embeddable":true,"href":"https:\/\/www.anc.cr\/en\/wp-json\/wp\/v2\/comments?post=586"}],"version-history":[{"count":5,"href":"https:\/\/www.anc.cr\/en\/wp-json\/wp\/v2\/pages\/586\/revisions"}],"predecessor-version":[{"id":2949,"href":"https:\/\/www.anc.cr\/en\/wp-json\/wp\/v2\/pages\/586\/revisions\/2949"}],"wp:featuredmedia":[{"embeddable":true,"href":"https:\/\/www.anc.cr\/en\/wp-json\/wp\/v2\/media\/2817"}],"wp:attachment":[{"href":"https:\/\/www.anc.cr\/en\/wp-json\/wp\/v2\/media?parent=586"}],"curies":[{"name":"wp","href":"https:\/\/api.w.org\/{rel}","templated":true}]}}