{"id":584,"date":"2024-07-09T05:08:58","date_gmt":"2024-07-09T11:08:58","guid":{"rendered":"http:\/\/anc.local\/?page_id=584"},"modified":"2025-04-22T15:57:26","modified_gmt":"2025-04-22T21:57:26","slug":"esteban-chaves-olarte","status":"publish","type":"page","link":"https:\/\/www.anc.cr\/en\/esteban-chaves-olarte\/","title":{"rendered":"Esteban Chaves Olarte"},"content":{"rendered":"<div class=\"wp-block-group alignfull has-global-padding is-layout-constrained wp-container-core-group-is-layout-cb151cc7 wp-block-group-is-layout-constrained\" style=\"margin-top:0;margin-bottom:0;padding-top:0;padding-right:var(--wp--preset--spacing--50);padding-bottom:0;padding-left:var(--wp--preset--spacing--50)\">\n<div class=\"wp-block-columns alignwide are-vertically-aligned-center is-layout-flex wp-container-core-columns-is-layout-47c06fe3 wp-block-columns-is-layout-flex\">\n<div class=\"wp-block-column is-vertically-aligned-center is-layout-flow wp-block-column-is-layout-flow\" style=\"flex-basis:50%\">\n<h3 class=\"wp-block-heading has-x-large-font-size\">Esteban Chaves Olarte<\/h3>\n\n\n\n<p>Acad\u00e9mico de N\u00famero<\/p>\n\n\n\n<ul class=\"wp-block-list\">\n<li>Catedr\u00e1tico de la Facultad de Microbiolog\u00eda. El Dr. Chaves es Licenciado en Microbiolog\u00eda y Qu\u00edmica Cl\u00ednica de la Universidad de Costa Rica. Posteriormente realiz\u00f3 estudios de Maestr\u00eda y Doctorado en el Instituto Karolinska en Estocolmo, Suecia.<\/li>\n<\/ul>\n<\/div>\n\n\n\n<div class=\"wp-block-column is-vertically-aligned-center is-layout-flow wp-block-column-is-layout-flow\" style=\"flex-basis:50%\"><figure style=\"width:500px;height:500px;\" class=\"wp-block-post-featured-image\"><img decoding=\"async\" width=\"530\" height=\"610\" src=\"https:\/\/www.anc.cr\/wp-content\/uploads\/2025\/04\/Imagen1.jpg\" class=\"attachment-post-thumbnail size-post-thumbnail wp-post-image\" alt=\"\" style=\"height:500px;object-fit:cover;\" srcset=\"https:\/\/www.anc.cr\/wp-content\/uploads\/2025\/04\/Imagen1.jpg 530w, https:\/\/www.anc.cr\/wp-content\/uploads\/2025\/04\/Imagen1-261x300.jpg 261w, https:\/\/www.anc.cr\/wp-content\/uploads\/2025\/04\/Imagen1-10x12.jpg 10w\" sizes=\"(max-width: 530px) 100vw, 530px\" \/><\/figure><\/div>\n<\/div>\n<\/div>\n\n\n\n<div style=\"height:10px\" aria-hidden=\"true\" class=\"wp-block-spacer\"><\/div>\n\n\n\n<hr class=\"wp-block-separator has-alpha-channel-opacity\"\/>\n\n\n\n<div style=\"height:15px\" aria-hidden=\"true\" class=\"wp-block-spacer\"><\/div>\n\n\n\n<p>Su producci\u00f3n cient\u00edfica cuenta con m\u00e1s de 90 publicaciones entre art\u00edculos originales en revistas internacionales y cap\u00edtulos de libros (\u00edndice H: 40. https:\/\/scholar.google.com\/citations?user=Bkox9hoAAAAJ&amp;hl=es&amp;oi=ao). Su quehacer cient\u00edfico ha estado enfocado en el campo de la patog\u00e9nesis bacteriana. Particularmente ha trabajado en dos modelos, el pat\u00f3geno zoon\u00f3tico del g\u00e9nero <em>Brucella<\/em> y el agente nosocomial <em>Clostridium difficile<\/em>. En ambos modelos ha realizado contribuciones que han ayudado a entender los mecanismos utilizados por los mismos para producir enfermedad en seres humanos y animales. En el campo de la brucelosis, sus contribuciones han ayudado a entender los mecanismos utilizados por bacterias del g\u00e9nero <em>Brucella<\/em> para evadir la ruta lisosomal y en su lugar acceder al ret\u00edculo endopl\u00e1smico, sitio final de replicaci\u00f3n en el interior de las c\u00e9lulas eucariotas. Adicionalmente ha contribuido a entender los mecanismos de evasi\u00f3n de la respuesta inmune utilizados por estas bacterias, as\u00ed como ha abordado diversos aspectos de la brucelosis desde la epidemiolog\u00eda hasta esfuerzos para prevenir esta enfermedad. En esta l\u00ednea precisamente, particip\u00f3 en forma activa de un equipo de investigaci\u00f3n que logr\u00f3 una patente sobre un m\u00e9todo para diferenciar animales vacunados de animales naturalmente infectados. En el campo de <em>Clostridium difficile<\/em> su trabajo ha versado alrededor de los mecanismos de intoxicaci\u00f3n que ejercen las toxinas producidas por esta especie bacteriana en c\u00e9lulas eucariotas. Su trabajo ha ayudado a entender las consecuencias en el desensamblaje del citoesqueleto de actina inducido por la glicosilaci\u00f3n de GTPasas monom\u00e9ricas de la familia Rho as\u00ed como a describir la existencia de variantes de las toxinas cl\u00e1sicas presentes en varias cepas de importancia cl\u00ednica. Aparte de estos temas que han marcado su inter\u00e9s central, el Dr. Chaves ha colaborado con diversos grupos de investigaci\u00f3n para abordar temas que van desde la patog\u00e9nesis de infecciones causadas por <em>Haemophilus ducreyi<\/em> hasta contribuciones en el envenenamiento of\u00eddico.<\/p>\n\n\n\n<p>Adicionalmente a sus contribuciones acad\u00e9micas, el Dr. Chaves ha dedicado una parte importante de sus esfuerzos a promover la investigaci\u00f3n y el entrenamiento en enfermedades tropicales en la regi\u00f3n centroamericana. Precisamente, del 2003 al 2013 estuvo a cargo de la Red NeTropica la cual financi\u00f3 decenas de proyectos regionales en investigaciones en Enfermedades Tropicales y varias becas de posgrado a nivel de maestr\u00eda y doctorado. Un recuento de estas actividades fue publicado en la revista PLoS Neglected Tropical Diseases. En a\u00f1os m\u00e1s recientes, junto con la colaboraci\u00f3n del Dr. Javier Pizarro, inici\u00f3 esfuerzos para establecer una colaboraci\u00f3n cient\u00edfica entre el prestigioso Institut Pasteur, (Francia) y el Centro de Investigaci\u00f3n en Enfermedades Tropicales de la Universidad de Costa Rica. Estos esfuerzos culminaron en la firma de un convenio en el a\u00f1o 2019 que precisamente potenciar\u00e1 actividades colaborativas e intercambios acad\u00e9micos con uno de los principales centros de investigaci\u00f3n biom\u00e9dica a nivel mundial. Actualmente el Dr. Chaves participa en una red que brinda la oportunidad a estudiantes de minor\u00edas sub representadas en Estados Unidos para participar en pasant\u00edas de investigaci\u00f3n y colabora con la Universidad de Carolina del Norte en la coordinaci\u00f3n de un programa de entrenamiento doctoral enfocado en estudiantes de nacionalidad Nicaraguense.<\/p>\n\n\n\n<p>El Dr. Chaves tambi\u00e9n ha estado ampliamente dedicado al entrenamiento de estudiantes mediante la direcci\u00f3n de tesis a nivel de grado y posgrado. A nivel de grado ha sido tutor de 34 estudiantes tanto de licenciatura como de bachillerato en las carreras de Microbiolog\u00eda y Farmacia de la Universidad de Costa Rica, as\u00ed como de Ingenier\u00eda en Biotecnolog\u00eda del Instituto Tecnol\u00f3gico. A nivel de maestr\u00eda ha sido el supervisor directo de 10 tesis generadas en la Universidad de Costa Rica, la Universidad Nacional y la Universidad Nacional Aut\u00f3noma de Honduras. Finalmente, a nivel de doctorado ha sido el tutor de 2 estudiantes del sistema de doctorado en ciencias de la Universidad de Costa Rica. Adicionalmente ha servido como asesor y lector de varias tesis de grado y posgrado. De la misma forma, su compromiso con la formaci\u00f3n acad\u00e9mica se refleja en su amplia participaci\u00f3n como docente en cursos de grado y posgrado de la facultad de microbiolog\u00eda de la Universidad de Costa Rica y como profesor invitado en la Universidad Nacional en las carreras de Biolog\u00eda y Medicina Veterinaria.<\/p>\n\n\n\n<p>(https:\/\/www.youtube.com\/channel\/UC0uEXWxxKnY9JzpwrNEXAyA\/videos?view_as=subscriber).<\/p>\n\n\n\n<p>Sus contribuciones acad\u00e9micas han sido reconocidas con premios como el TWAS-CONICIT a cient\u00edficos j\u00f3venes (2001), el premio de la familia De Girolami al mejor art\u00edculo en ciencias biom\u00e9dicas (2004), el premio Aportes a la Creatividad y la Excelencia de la Florida Ice and Farm, &nbsp;el premio al investigador de la Universidad de Costa Rica (2016) y el premio nacional de ciencia Clodomiro Picado (2021). Adicionalmente, debido a su experiencia en el campo de la patog\u00e9nesis bacteriana ha formado parte de los cuerpos editoriales de las revistas Infection and Immunity, PLoS ONE y PLoS Neglected Tropical Diseases (editor invitado) y se desempe\u00f1a como editor en jefe de la Revista del Colegio de Microbi\u00f3logos y Qu\u00edmicos Cl\u00ednicos.<\/p>\n\n\n\n<h3 class=\"wp-block-heading\">Publicaciones representativas:&nbsp;<\/h3>\n\n\n\n<ul class=\"wp-block-list\">\n<li>\u00a0<strong>Chaves-Olarte, E<\/strong>., Florin, I., Boquet, P., Popoff, M., Eichel-Streiber, Cv. and Thelestam, M. 1996. UDP-Glucose deficiency in a mutant cell line protects against glucosyltransferase toxins from Clostridium difficile and Clostridium sordellii. Journal of Biological Chemistry, 271:6925-6932.<\/li>\n\n\n\n<li><strong>Chaves-Olarte, E<\/strong>., Weidmann, M., Eichel-Streiber, Cv., and Thelestam, M. 1997. Toxins A and B from Clostridium difficile differ with respect to enzymatic potencies, cellular substrate specificities, and surface binding to cultured cells. Journal of Clinical Investigation, 100:1734-1741.<\/li>\n\n\n\n<li><strong>Chaves-Olarte, E<\/strong>., Guzm\u00e1n-Verri, C., M\u00e9resse, S., Desjardins, M., Pizarro-Cerda, J., Badilla, J., Gorvel, J.P., and Moreno, E. (2002). Activation of Rho and Rab GTPases dissociates Brucella abortus internalization from intracellular trafficking. Cellular Microbiology, 4:663-675.<\/li>\n\n\n\n<li><strong>Chaves-Olarte, E<\/strong>., Freer, E., Parra, A., Guzm\u00e1n-Verri, C., Moreno, E., and Thelestam, M. (2003). R-Ras glucosylation and transient RhoA activation determine the cytopathic effect produced by toxin B variants from toxin A-negative strains of Clostridium difficile. Journal of Biological Chemistry, 278:7956-7963.<\/li>\n\n\n\n<li>Barquero-Calvo, E., Conde-Alvarez, R., Chac\u00f3n-D\u00edaz, C., Quesada-Lobo, L., Martirosyan, A., Guzm\u00e1n-Verri, C., Iriarte, M., Mancek-Keber, M., Jerala, R., Gorvel, J.P., Moriy\u00f3n, I., Moreno, E., and <strong>Chaves-Olarte, E<\/strong>. (2009). The differential interaction of Brucella and Ochrobactrum with innate immunity reveals traits related to the evolution of stealthy pathogens. PLoS ONE 4(6):E5893.<\/li>\n\n\n\n<li>Mart\u00ednez-N\u00fa\u00f1ez, C., Altamirano-Silva, P., Alvarado-Guill\u00e9n, F., Moreno, E., Guzm\u00e1n-Verri, C. and <strong>Chaves-Olarte, E<\/strong>. (2010). The two-component system BvrR\/BvrS regulates the expression of the Type IV secretion system VirB in Brucella abortus. Journal of Bacteriology 192(21):5603-5608.<\/li>\n\n\n\n<li>Moreno, E., Gutierrez, J.M. and <strong>Chaves-Olarte, E.<\/strong> (2011). The struggle of neglected research groups: ten years of NeTropica efforts to promote research in tropical diseases in Central America. PLoS Neglected Tropical Diseases 5(7)e1055.<\/li>\n\n\n\n<li>Quesada-G\u00f3mez, C., L\u00f3pez-Ure\u00f1a, D., Acu\u00f1a-Amador, L.,\u00a0 Villalobos-Z\u00fa\u00f1iga, M., Du, T., Freire, R., Guzm\u00e1n-Verri, C.,\u00a0 Gamboa-Coronado, M., Lawley, T.D., Moreno, E., Mulvey, M.R. de Castro Brito, G., Rodr\u00edguez-Cavallini, E., Rodr\u00edguez, C., <strong>Chaves-Olarte, E.<\/strong> Emergence of an outbreak-associated Clostridium difficile variant with increased virulence (2015). Journal of Clinical Microbiology, 53:1216-1226.<\/li>\n\n\n\n<li>Brucella canis Is an Intracellular Pathogen That Induces a Lower Proinflammatory Response than Smooth Zoonotic Counterparts (2015). Chac\u00f3n-D\u00edaz, C., Altamirano-Silva, P., Gonz\u00e1lez-Espinoza, G., Medina, M.C, Alfaro-Alarc\u00f3n, A., Bouza-Mora, L., Jim\u00e9nez-Rojas, C., Wong, M., Barquero-Calvo, E., Rojas, N., Guzm\u00e1n-Verri, C., Moreno, E., and <strong>Chaves-Olarte, E<\/strong>. Infect. Immun. December 2015 83:4861-4870<\/li>\n\n\n\n<li>Quesada-G\u00f3mez, C., L\u00f3pez-Ure\u00f1a, D., Chumbler, N., Kroh, H., Castro-Pe\u00f1a, C., Rodr\u00edguez, C., Orozco-Aguilar, J., Gonz\u00e1lez-Camacho, S., Rucavado, A., Guzm\u00e1n-Verri, C., Lawley, T., Lacy, B., <strong>Chaves-Olarte, E.<\/strong>, (2016). Analysis of TcdB Proteins within the Hypervirulent Clade 2 Reveals an Impact of RhoA Glucosylation on Clostridium difficile Proinflammatory Activities. Infection and Immunity.84:856 \u2013865.<\/li>\n\n\n\n<li>Altamirano-Silva P, Meza-Torres J, Castillo-Zeled\u00f3n A, Ruiz-Villalobos N, Zu\u00f1iga-Pereira AM, Chac\u00f3n-D\u00edaz C, Moreno E, Guzm\u00e1n-Verri C, <strong>Chaves-Olarte E.<\/strong> (2018). Brucella abortus senses the intracellular environment through the two-component system BvrR\/BvrS allowing the adaptation to its replicative niche. Infect Immun.\u00a0 pii: IAI.00713-17. doi: 10.1128\/IAI.00713-17.<\/li>\n\n\n\n<li>Altamirano-Silva, P., Cordero-Serrano, M., M\u00e9ndez-Montoya, J., Chac\u00f3n-D\u00edaz, C., Guzm\u00e1n-Verri, C., Moreno, E., &amp; <strong>Chaves-Olarte, E.<\/strong> (2021). Intracellular passage triggers a molecular response in Brucella abortus that increases its infectiousness. Infection and Immunity, IAI-00004.<\/li>\n\n\n\n<li>Altamirano-Silva, P., Meza-Torres, J., Z\u00fa\u00f1iga-Pereira, A. M., Zamora-Jaen, S., Pietrosemoli, N., Cantos, G., Peltier, J., Pizarro-Cerda, J., Moreno, E., Chac\u00f3n-D\u00edaz, C., Guzm\u00e1n-Verri, C. &amp; <strong>Chaves-Olarte, E.<\/strong> (2023). Phenotypes controlled by the Brucella abortus two component system BvrR\/BvrS are differentially impacted by BvrR phosphorylation.\u00a0<em>Frontiers in Microbiology<\/em>,\u00a0<em>14<\/em>, 1148233.<\/li>\n<\/ul>","protected":false},"excerpt":{"rendered":"<p>Esteban Chaves Olarte Acad\u00e9mico de N\u00famero Su producci\u00f3n cient\u00edfica cuenta con m\u00e1s de 90 publicaciones entre art\u00edculos originales en revistas internacionales y cap\u00edtulos de libros (\u00edndice H: 40. https:\/\/scholar.google.com\/citations?user=Bkox9hoAAAAJ&amp;hl=es&amp;oi=ao). Su quehacer cient\u00edfico ha estado enfocado en el campo de la patog\u00e9nesis bacteriana. Particularmente ha trabajado en dos modelos, el pat\u00f3geno zoon\u00f3tico del g\u00e9nero Brucella y [&hellip;]<\/p>\n","protected":false},"author":1,"featured_media":2380,"parent":0,"menu_order":0,"comment_status":"closed","ping_status":"closed","template":"","meta":{"footnotes":""},"class_list":["post-584","page","type-page","status-publish","has-post-thumbnail","hentry"],"yoast_head":"<!-- This site is optimized with the Yoast SEO plugin v27.3 - https:\/\/yoast.com\/product\/yoast-seo-wordpress\/ -->\n<title>Esteban Chaves Olarte - ANC<\/title>\n<meta name=\"robots\" content=\"index, follow, max-snippet:-1, max-image-preview:large, max-video-preview:-1\" \/>\n<link rel=\"canonical\" href=\"https:\/\/www.anc.cr\/en\/esteban-chaves-olarte\/\" \/>\n<meta property=\"og:locale\" content=\"en_US\" \/>\n<meta property=\"og:type\" content=\"article\" \/>\n<meta property=\"og:title\" content=\"Esteban Chaves Olarte - ANC\" \/>\n<meta property=\"og:description\" content=\"Esteban Chaves Olarte Acad\u00e9mico de N\u00famero Su producci\u00f3n cient\u00edfica cuenta con m\u00e1s de 90 publicaciones entre art\u00edculos originales en revistas internacionales y cap\u00edtulos de libros (\u00edndice H: 40. https:\/\/scholar.google.com\/citations?user=Bkox9hoAAAAJ&amp;hl=es&amp;oi=ao). Su quehacer cient\u00edfico ha estado enfocado en el campo de la patog\u00e9nesis bacteriana. Particularmente ha trabajado en dos modelos, el pat\u00f3geno zoon\u00f3tico del g\u00e9nero Brucella y [&hellip;]\" \/>\n<meta property=\"og:url\" content=\"https:\/\/www.anc.cr\/en\/esteban-chaves-olarte\/\" \/>\n<meta property=\"og:site_name\" content=\"ANC\" \/>\n<meta property=\"article:modified_time\" content=\"2025-04-22T21:57:26+00:00\" \/>\n<meta property=\"og:image\" content=\"https:\/\/www.anc.cr\/wp-content\/uploads\/2025\/04\/Imagen1.jpg\" \/>\n\t<meta property=\"og:image:width\" content=\"530\" \/>\n\t<meta property=\"og:image:height\" content=\"610\" \/>\n\t<meta property=\"og:image:type\" content=\"image\/jpeg\" \/>\n<meta name=\"twitter:card\" content=\"summary_large_image\" \/>\n<meta name=\"twitter:label1\" content=\"Est. reading time\" \/>\n\t<meta name=\"twitter:data1\" content=\"7 minutes\" \/>\n<script type=\"application\/ld+json\" class=\"yoast-schema-graph\">{\"@context\":\"https:\\\/\\\/schema.org\",\"@graph\":[{\"@type\":\"WebPage\",\"@id\":\"https:\\\/\\\/www.anc.cr\\\/esteban-chaves-olarte\\\/\",\"url\":\"https:\\\/\\\/www.anc.cr\\\/esteban-chaves-olarte\\\/\",\"name\":\"Esteban Chaves Olarte - ANC\",\"isPartOf\":{\"@id\":\"https:\\\/\\\/www.anc.cr\\\/#website\"},\"primaryImageOfPage\":{\"@id\":\"https:\\\/\\\/www.anc.cr\\\/esteban-chaves-olarte\\\/#primaryimage\"},\"image\":{\"@id\":\"https:\\\/\\\/www.anc.cr\\\/esteban-chaves-olarte\\\/#primaryimage\"},\"thumbnailUrl\":\"https:\\\/\\\/www.anc.cr\\\/wp-content\\\/uploads\\\/2025\\\/04\\\/Imagen1.jpg\",\"datePublished\":\"2024-07-09T11:08:58+00:00\",\"dateModified\":\"2025-04-22T21:57:26+00:00\",\"breadcrumb\":{\"@id\":\"https:\\\/\\\/www.anc.cr\\\/esteban-chaves-olarte\\\/#breadcrumb\"},\"inLanguage\":\"en-US\",\"potentialAction\":[{\"@type\":\"ReadAction\",\"target\":[\"https:\\\/\\\/www.anc.cr\\\/esteban-chaves-olarte\\\/\"]}]},{\"@type\":\"ImageObject\",\"inLanguage\":\"en-US\",\"@id\":\"https:\\\/\\\/www.anc.cr\\\/esteban-chaves-olarte\\\/#primaryimage\",\"url\":\"https:\\\/\\\/www.anc.cr\\\/wp-content\\\/uploads\\\/2025\\\/04\\\/Imagen1.jpg\",\"contentUrl\":\"https:\\\/\\\/www.anc.cr\\\/wp-content\\\/uploads\\\/2025\\\/04\\\/Imagen1.jpg\",\"width\":530,\"height\":610},{\"@type\":\"BreadcrumbList\",\"@id\":\"https:\\\/\\\/www.anc.cr\\\/esteban-chaves-olarte\\\/#breadcrumb\",\"itemListElement\":[{\"@type\":\"ListItem\",\"position\":1,\"name\":\"Portada\",\"item\":\"https:\\\/\\\/www.anc.cr\\\/\"},{\"@type\":\"ListItem\",\"position\":2,\"name\":\"Esteban Chaves Olarte\"}]},{\"@type\":\"WebSite\",\"@id\":\"https:\\\/\\\/www.anc.cr\\\/#website\",\"url\":\"https:\\\/\\\/www.anc.cr\\\/\",\"name\":\"ANC\",\"description\":\"Academia Nacional de Ciencias\",\"publisher\":{\"@id\":\"https:\\\/\\\/www.anc.cr\\\/#organization\"},\"potentialAction\":[{\"@type\":\"SearchAction\",\"target\":{\"@type\":\"EntryPoint\",\"urlTemplate\":\"https:\\\/\\\/www.anc.cr\\\/?s={search_term_string}\"},\"query-input\":{\"@type\":\"PropertyValueSpecification\",\"valueRequired\":true,\"valueName\":\"search_term_string\"}}],\"inLanguage\":\"en-US\"},{\"@type\":\"Organization\",\"@id\":\"https:\\\/\\\/www.anc.cr\\\/#organization\",\"name\":\"ANC\",\"url\":\"https:\\\/\\\/www.anc.cr\\\/\",\"logo\":{\"@type\":\"ImageObject\",\"inLanguage\":\"en-US\",\"@id\":\"https:\\\/\\\/www.anc.cr\\\/#\\\/schema\\\/logo\\\/image\\\/\",\"url\":\"https:\\\/\\\/www.anc.cr\\\/wp-content\\\/uploads\\\/2024\\\/07\\\/Logo-ANC-CR.png\",\"contentUrl\":\"https:\\\/\\\/www.anc.cr\\\/wp-content\\\/uploads\\\/2024\\\/07\\\/Logo-ANC-CR.png\",\"width\":1051,\"height\":593,\"caption\":\"ANC\"},\"image\":{\"@id\":\"https:\\\/\\\/www.anc.cr\\\/#\\\/schema\\\/logo\\\/image\\\/\"}}]}<\/script>\n<!-- \/ Yoast SEO plugin. -->","yoast_head_json":{"title":"Esteban Chaves Olarte - ANC","robots":{"index":"index","follow":"follow","max-snippet":"max-snippet:-1","max-image-preview":"max-image-preview:large","max-video-preview":"max-video-preview:-1"},"canonical":"https:\/\/www.anc.cr\/en\/esteban-chaves-olarte\/","og_locale":"en_US","og_type":"article","og_title":"Esteban Chaves Olarte - ANC","og_description":"Esteban Chaves Olarte Acad\u00e9mico de N\u00famero Su producci\u00f3n cient\u00edfica cuenta con m\u00e1s de 90 publicaciones entre art\u00edculos originales en revistas internacionales y cap\u00edtulos de libros (\u00edndice H: 40. https:\/\/scholar.google.com\/citations?user=Bkox9hoAAAAJ&amp;hl=es&amp;oi=ao). Su quehacer cient\u00edfico ha estado enfocado en el campo de la patog\u00e9nesis bacteriana. Particularmente ha trabajado en dos modelos, el pat\u00f3geno zoon\u00f3tico del g\u00e9nero Brucella y [&hellip;]","og_url":"https:\/\/www.anc.cr\/en\/esteban-chaves-olarte\/","og_site_name":"ANC","article_modified_time":"2025-04-22T21:57:26+00:00","og_image":[{"width":530,"height":610,"url":"https:\/\/www.anc.cr\/wp-content\/uploads\/2025\/04\/Imagen1.jpg","type":"image\/jpeg"}],"twitter_card":"summary_large_image","twitter_misc":{"Est. reading time":"7 minutes"},"schema":{"@context":"https:\/\/schema.org","@graph":[{"@type":"WebPage","@id":"https:\/\/www.anc.cr\/esteban-chaves-olarte\/","url":"https:\/\/www.anc.cr\/esteban-chaves-olarte\/","name":"Esteban Chaves Olarte - ANC","isPartOf":{"@id":"https:\/\/www.anc.cr\/#website"},"primaryImageOfPage":{"@id":"https:\/\/www.anc.cr\/esteban-chaves-olarte\/#primaryimage"},"image":{"@id":"https:\/\/www.anc.cr\/esteban-chaves-olarte\/#primaryimage"},"thumbnailUrl":"https:\/\/www.anc.cr\/wp-content\/uploads\/2025\/04\/Imagen1.jpg","datePublished":"2024-07-09T11:08:58+00:00","dateModified":"2025-04-22T21:57:26+00:00","breadcrumb":{"@id":"https:\/\/www.anc.cr\/esteban-chaves-olarte\/#breadcrumb"},"inLanguage":"en-US","potentialAction":[{"@type":"ReadAction","target":["https:\/\/www.anc.cr\/esteban-chaves-olarte\/"]}]},{"@type":"ImageObject","inLanguage":"en-US","@id":"https:\/\/www.anc.cr\/esteban-chaves-olarte\/#primaryimage","url":"https:\/\/www.anc.cr\/wp-content\/uploads\/2025\/04\/Imagen1.jpg","contentUrl":"https:\/\/www.anc.cr\/wp-content\/uploads\/2025\/04\/Imagen1.jpg","width":530,"height":610},{"@type":"BreadcrumbList","@id":"https:\/\/www.anc.cr\/esteban-chaves-olarte\/#breadcrumb","itemListElement":[{"@type":"ListItem","position":1,"name":"Portada","item":"https:\/\/www.anc.cr\/"},{"@type":"ListItem","position":2,"name":"Esteban Chaves Olarte"}]},{"@type":"WebSite","@id":"https:\/\/www.anc.cr\/#website","url":"https:\/\/www.anc.cr\/","name":"ANC","description":"Academia Nacional de Ciencias","publisher":{"@id":"https:\/\/www.anc.cr\/#organization"},"potentialAction":[{"@type":"SearchAction","target":{"@type":"EntryPoint","urlTemplate":"https:\/\/www.anc.cr\/?s={search_term_string}"},"query-input":{"@type":"PropertyValueSpecification","valueRequired":true,"valueName":"search_term_string"}}],"inLanguage":"en-US"},{"@type":"Organization","@id":"https:\/\/www.anc.cr\/#organization","name":"ANC","url":"https:\/\/www.anc.cr\/","logo":{"@type":"ImageObject","inLanguage":"en-US","@id":"https:\/\/www.anc.cr\/#\/schema\/logo\/image\/","url":"https:\/\/www.anc.cr\/wp-content\/uploads\/2024\/07\/Logo-ANC-CR.png","contentUrl":"https:\/\/www.anc.cr\/wp-content\/uploads\/2024\/07\/Logo-ANC-CR.png","width":1051,"height":593,"caption":"ANC"},"image":{"@id":"https:\/\/www.anc.cr\/#\/schema\/logo\/image\/"}}]}},"_links":{"self":[{"href":"https:\/\/www.anc.cr\/en\/wp-json\/wp\/v2\/pages\/584","targetHints":{"allow":["GET"]}}],"collection":[{"href":"https:\/\/www.anc.cr\/en\/wp-json\/wp\/v2\/pages"}],"about":[{"href":"https:\/\/www.anc.cr\/en\/wp-json\/wp\/v2\/types\/page"}],"author":[{"embeddable":true,"href":"https:\/\/www.anc.cr\/en\/wp-json\/wp\/v2\/users\/1"}],"replies":[{"embeddable":true,"href":"https:\/\/www.anc.cr\/en\/wp-json\/wp\/v2\/comments?post=584"}],"version-history":[{"count":2,"href":"https:\/\/www.anc.cr\/en\/wp-json\/wp\/v2\/pages\/584\/revisions"}],"predecessor-version":[{"id":2381,"href":"https:\/\/www.anc.cr\/en\/wp-json\/wp\/v2\/pages\/584\/revisions\/2381"}],"wp:featuredmedia":[{"embeddable":true,"href":"https:\/\/www.anc.cr\/en\/wp-json\/wp\/v2\/media\/2380"}],"wp:attachment":[{"href":"https:\/\/www.anc.cr\/en\/wp-json\/wp\/v2\/media?parent=584"}],"curies":[{"name":"wp","href":"https:\/\/api.w.org\/{rel}","templated":true}]}}