{"id":570,"date":"2024-07-09T04:41:08","date_gmt":"2024-07-09T10:41:08","guid":{"rendered":"http:\/\/anc.local\/?page_id=570"},"modified":"2024-07-09T04:41:13","modified_gmt":"2024-07-09T10:41:13","slug":"xenia-de-la-ossa","status":"publish","type":"page","link":"https:\/\/www.anc.cr\/en\/xenia-de-la-ossa\/","title":{"rendered":"Xenia de la Ossa"},"content":{"rendered":"<div class=\"wp-block-group alignfull has-global-padding is-layout-constrained wp-container-core-group-is-layout-cb151cc7 wp-block-group-is-layout-constrained\" style=\"margin-top:0;margin-bottom:0;padding-top:0;padding-right:var(--wp--preset--spacing--50);padding-bottom:0;padding-left:var(--wp--preset--spacing--50)\">\n<div class=\"wp-block-columns alignwide are-vertically-aligned-center is-layout-flex wp-container-core-columns-is-layout-47c06fe3 wp-block-columns-is-layout-flex\">\n<div class=\"wp-block-column is-vertically-aligned-center is-layout-flow wp-block-column-is-layout-flow\" style=\"flex-basis:50%\">\n<h3 class=\"wp-block-heading has-x-large-font-size\">Xenia de la Ossa<\/h3>\n\n\n\n<p>Acad\u00e9mico de N\u00famero<\/p>\n\n\n\n<p>Xenia de la Ossa obtuvo su doctorado en la Universidad de Texas en Austin con la disertaci\u00f3n Quantum Calabi-Yau Manifolds and Mirror Symmetry escrita bajo la supervisi\u00f3n de Willy Fischler.&nbsp;Estuvo en el Instituto de Estudios Avanzados de 1993 a 1995.&nbsp;&nbsp;<\/p>\n<\/div>\n\n\n\n<div class=\"wp-block-column is-vertically-aligned-center is-layout-flow wp-block-column-is-layout-flow\" style=\"flex-basis:50%\"><figure style=\"width:500px;height:500px;\" class=\"wp-block-post-featured-image\"><img decoding=\"async\" width=\"250\" height=\"250\" src=\"https:\/\/www.anc.cr\/wp-content\/uploads\/2024\/07\/image-33.png\" class=\"attachment-post-thumbnail size-post-thumbnail wp-post-image\" alt=\"\" style=\"height:500px;object-fit:cover;\" srcset=\"https:\/\/www.anc.cr\/wp-content\/uploads\/2024\/07\/image-33.png 250w, https:\/\/www.anc.cr\/wp-content\/uploads\/2024\/07\/image-33-150x150.png 150w\" sizes=\"(max-width: 250px) 100vw, 250px\" \/><\/figure><\/div>\n<\/div>\n<\/div>\n\n\n\n<div style=\"height:10px\" aria-hidden=\"true\" class=\"wp-block-spacer\"><\/div>\n\n\n\n<hr class=\"wp-block-separator has-alpha-channel-opacity\"\/>\n\n\n\n<div style=\"height:15px\" aria-hidden=\"true\" class=\"wp-block-spacer\"><\/div>\n\n\n\n<p>Es conocida por sus contribuciones a la f\u00edsica matem\u00e1tica y gran parte de su trabajo se centra en la teor\u00eda de cuerdas y su interacci\u00f3n con la geometr\u00eda algebraica.<\/p>\n\n\n\n<p>Actualmente&nbsp;es profesora&nbsp;de matem\u00e1ticas en el instituto de matem\u00e1ticas de la Universidad de Oxford. Es autora de varias publicaciones que han sido&nbsp;publicadas en muchas revistas de renombre. es miembro del String Theory Group.<\/p>\n\n\n\n<p>&nbsp;Sus investigaciones se centran &nbsp;en F\u00edsica Matem\u00e1tica, Geometr\u00eda y F\u00edsica Te\u00f3rica, espec\u00edficamente en las estructuras matem\u00e1ticas que surgen en la Teor\u00eda de Cuerdas. Estos incluyen teor\u00edas de campos conformados, geometr\u00eda diferencial, geometr\u00eda algebraica y la aritm\u00e9tica de los colectores de Calabi-Yau.<\/p>\n\n\n\n<p>Ha pertenecido a comit\u00e9s cient\u00edficos de varias organizaciones para la promoci\u00f3n de eventos cient\u00edficos en Am\u00e9rica Latina, entre ellos el Centro Mesoamericano de F\u00edsica Te\u00f3rica [y la Escuela de Matem\u00e1ticas de Am\u00e9rica Latina y el Caribe. Ha sido invitada como ponente a muchas conferencias en importantes instituciones acad\u00e9micas de todo el mundo.<\/p>\n\n\n\n<p>Tambi\u00e9n ha sido investigadora principal del proyecto titulado Vacuum States of the Heterotic String, financiado por una subvenci\u00f3n del Consejo de Investigaci\u00f3n de Ingenier\u00eda y Ciencias F\u00edsicas (EPSRC).<\/p>\n\n\n\n<ul class=\"wp-block-list\">\n<li><\/li>\n<\/ul>","protected":false},"excerpt":{"rendered":"<p>Xenia de la Ossa Acad\u00e9mico de N\u00famero Xenia de la Ossa obtuvo su doctorado en la Universidad de Texas en Austin con la disertaci\u00f3n Quantum Calabi-Yau Manifolds and Mirror Symmetry escrita bajo la supervisi\u00f3n de Willy Fischler.&nbsp;Estuvo en el Instituto de Estudios Avanzados de 1993 a 1995.&nbsp;&nbsp; Es conocida por sus contribuciones a la f\u00edsica [&hellip;]<\/p>\n","protected":false},"author":1,"featured_media":509,"parent":0,"menu_order":0,"comment_status":"closed","ping_status":"closed","template":"","meta":{"footnotes":""},"class_list":["post-570","page","type-page","status-publish","has-post-thumbnail","hentry"],"yoast_head":"<!-- This site is optimized with the Yoast SEO plugin v27.3 - https:\/\/yoast.com\/product\/yoast-seo-wordpress\/ -->\n<title>Xenia de la Ossa - ANC<\/title>\n<meta name=\"robots\" content=\"index, follow, max-snippet:-1, max-image-preview:large, max-video-preview:-1\" \/>\n<link rel=\"canonical\" href=\"https:\/\/www.anc.cr\/en\/xenia-de-la-ossa\/\" \/>\n<meta property=\"og:locale\" content=\"en_US\" \/>\n<meta property=\"og:type\" content=\"article\" \/>\n<meta property=\"og:title\" content=\"Xenia de la Ossa - ANC\" \/>\n<meta property=\"og:description\" content=\"Xenia de la Ossa Acad\u00e9mico de N\u00famero Xenia de la Ossa obtuvo su doctorado en la Universidad de Texas en Austin con la disertaci\u00f3n Quantum Calabi-Yau Manifolds and Mirror Symmetry escrita bajo la supervisi\u00f3n de Willy Fischler.&nbsp;Estuvo en el Instituto de Estudios Avanzados de 1993 a 1995.&nbsp;&nbsp; Es conocida por sus contribuciones a la f\u00edsica [&hellip;]\" \/>\n<meta property=\"og:url\" content=\"https:\/\/www.anc.cr\/en\/xenia-de-la-ossa\/\" \/>\n<meta property=\"og:site_name\" content=\"ANC\" \/>\n<meta property=\"article:modified_time\" content=\"2024-07-09T10:41:13+00:00\" \/>\n<meta property=\"og:image\" content=\"https:\/\/www.anc.cr\/wp-content\/uploads\/2024\/07\/image-33.png\" \/>\n\t<meta property=\"og:image:width\" content=\"250\" \/>\n\t<meta property=\"og:image:height\" content=\"250\" \/>\n\t<meta property=\"og:image:type\" content=\"image\/png\" \/>\n<meta name=\"twitter:card\" content=\"summary_large_image\" \/>\n<meta name=\"twitter:label1\" content=\"Est. reading time\" \/>\n\t<meta name=\"twitter:data1\" content=\"1 minute\" \/>\n<script type=\"application\/ld+json\" class=\"yoast-schema-graph\">{\"@context\":\"https:\\\/\\\/schema.org\",\"@graph\":[{\"@type\":\"WebPage\",\"@id\":\"https:\\\/\\\/www.anc.cr\\\/xenia-de-la-ossa\\\/\",\"url\":\"https:\\\/\\\/www.anc.cr\\\/xenia-de-la-ossa\\\/\",\"name\":\"Xenia de la Ossa - ANC\",\"isPartOf\":{\"@id\":\"https:\\\/\\\/www.anc.cr\\\/#website\"},\"primaryImageOfPage\":{\"@id\":\"https:\\\/\\\/www.anc.cr\\\/xenia-de-la-ossa\\\/#primaryimage\"},\"image\":{\"@id\":\"https:\\\/\\\/www.anc.cr\\\/xenia-de-la-ossa\\\/#primaryimage\"},\"thumbnailUrl\":\"https:\\\/\\\/www.anc.cr\\\/wp-content\\\/uploads\\\/2024\\\/07\\\/image-33.png\",\"datePublished\":\"2024-07-09T10:41:08+00:00\",\"dateModified\":\"2024-07-09T10:41:13+00:00\",\"breadcrumb\":{\"@id\":\"https:\\\/\\\/www.anc.cr\\\/xenia-de-la-ossa\\\/#breadcrumb\"},\"inLanguage\":\"en-US\",\"potentialAction\":[{\"@type\":\"ReadAction\",\"target\":[\"https:\\\/\\\/www.anc.cr\\\/xenia-de-la-ossa\\\/\"]}]},{\"@type\":\"ImageObject\",\"inLanguage\":\"en-US\",\"@id\":\"https:\\\/\\\/www.anc.cr\\\/xenia-de-la-ossa\\\/#primaryimage\",\"url\":\"https:\\\/\\\/www.anc.cr\\\/wp-content\\\/uploads\\\/2024\\\/07\\\/image-33.png\",\"contentUrl\":\"https:\\\/\\\/www.anc.cr\\\/wp-content\\\/uploads\\\/2024\\\/07\\\/image-33.png\",\"width\":250,\"height\":250},{\"@type\":\"BreadcrumbList\",\"@id\":\"https:\\\/\\\/www.anc.cr\\\/xenia-de-la-ossa\\\/#breadcrumb\",\"itemListElement\":[{\"@type\":\"ListItem\",\"position\":1,\"name\":\"Portada\",\"item\":\"https:\\\/\\\/www.anc.cr\\\/\"},{\"@type\":\"ListItem\",\"position\":2,\"name\":\"Xenia de la Ossa\"}]},{\"@type\":\"WebSite\",\"@id\":\"https:\\\/\\\/www.anc.cr\\\/#website\",\"url\":\"https:\\\/\\\/www.anc.cr\\\/\",\"name\":\"ANC\",\"description\":\"Academia Nacional de Ciencias\",\"publisher\":{\"@id\":\"https:\\\/\\\/www.anc.cr\\\/#organization\"},\"potentialAction\":[{\"@type\":\"SearchAction\",\"target\":{\"@type\":\"EntryPoint\",\"urlTemplate\":\"https:\\\/\\\/www.anc.cr\\\/?s={search_term_string}\"},\"query-input\":{\"@type\":\"PropertyValueSpecification\",\"valueRequired\":true,\"valueName\":\"search_term_string\"}}],\"inLanguage\":\"en-US\"},{\"@type\":\"Organization\",\"@id\":\"https:\\\/\\\/www.anc.cr\\\/#organization\",\"name\":\"ANC\",\"url\":\"https:\\\/\\\/www.anc.cr\\\/\",\"logo\":{\"@type\":\"ImageObject\",\"inLanguage\":\"en-US\",\"@id\":\"https:\\\/\\\/www.anc.cr\\\/#\\\/schema\\\/logo\\\/image\\\/\",\"url\":\"https:\\\/\\\/www.anc.cr\\\/wp-content\\\/uploads\\\/2024\\\/07\\\/Logo-ANC-CR.png\",\"contentUrl\":\"https:\\\/\\\/www.anc.cr\\\/wp-content\\\/uploads\\\/2024\\\/07\\\/Logo-ANC-CR.png\",\"width\":1051,\"height\":593,\"caption\":\"ANC\"},\"image\":{\"@id\":\"https:\\\/\\\/www.anc.cr\\\/#\\\/schema\\\/logo\\\/image\\\/\"}}]}<\/script>\n<!-- \/ Yoast SEO plugin. -->","yoast_head_json":{"title":"Xenia de la Ossa - ANC","robots":{"index":"index","follow":"follow","max-snippet":"max-snippet:-1","max-image-preview":"max-image-preview:large","max-video-preview":"max-video-preview:-1"},"canonical":"https:\/\/www.anc.cr\/en\/xenia-de-la-ossa\/","og_locale":"en_US","og_type":"article","og_title":"Xenia de la Ossa - ANC","og_description":"Xenia de la Ossa Acad\u00e9mico de N\u00famero Xenia de la Ossa obtuvo su doctorado en la Universidad de Texas en Austin con la disertaci\u00f3n Quantum Calabi-Yau Manifolds and Mirror Symmetry escrita bajo la supervisi\u00f3n de Willy Fischler.&nbsp;Estuvo en el Instituto de Estudios Avanzados de 1993 a 1995.&nbsp;&nbsp; Es conocida por sus contribuciones a la f\u00edsica [&hellip;]","og_url":"https:\/\/www.anc.cr\/en\/xenia-de-la-ossa\/","og_site_name":"ANC","article_modified_time":"2024-07-09T10:41:13+00:00","og_image":[{"width":250,"height":250,"url":"https:\/\/www.anc.cr\/wp-content\/uploads\/2024\/07\/image-33.png","type":"image\/png"}],"twitter_card":"summary_large_image","twitter_misc":{"Est. reading time":"1 minute"},"schema":{"@context":"https:\/\/schema.org","@graph":[{"@type":"WebPage","@id":"https:\/\/www.anc.cr\/xenia-de-la-ossa\/","url":"https:\/\/www.anc.cr\/xenia-de-la-ossa\/","name":"Xenia de la Ossa - ANC","isPartOf":{"@id":"https:\/\/www.anc.cr\/#website"},"primaryImageOfPage":{"@id":"https:\/\/www.anc.cr\/xenia-de-la-ossa\/#primaryimage"},"image":{"@id":"https:\/\/www.anc.cr\/xenia-de-la-ossa\/#primaryimage"},"thumbnailUrl":"https:\/\/www.anc.cr\/wp-content\/uploads\/2024\/07\/image-33.png","datePublished":"2024-07-09T10:41:08+00:00","dateModified":"2024-07-09T10:41:13+00:00","breadcrumb":{"@id":"https:\/\/www.anc.cr\/xenia-de-la-ossa\/#breadcrumb"},"inLanguage":"en-US","potentialAction":[{"@type":"ReadAction","target":["https:\/\/www.anc.cr\/xenia-de-la-ossa\/"]}]},{"@type":"ImageObject","inLanguage":"en-US","@id":"https:\/\/www.anc.cr\/xenia-de-la-ossa\/#primaryimage","url":"https:\/\/www.anc.cr\/wp-content\/uploads\/2024\/07\/image-33.png","contentUrl":"https:\/\/www.anc.cr\/wp-content\/uploads\/2024\/07\/image-33.png","width":250,"height":250},{"@type":"BreadcrumbList","@id":"https:\/\/www.anc.cr\/xenia-de-la-ossa\/#breadcrumb","itemListElement":[{"@type":"ListItem","position":1,"name":"Portada","item":"https:\/\/www.anc.cr\/"},{"@type":"ListItem","position":2,"name":"Xenia de la Ossa"}]},{"@type":"WebSite","@id":"https:\/\/www.anc.cr\/#website","url":"https:\/\/www.anc.cr\/","name":"ANC","description":"Academia Nacional de Ciencias","publisher":{"@id":"https:\/\/www.anc.cr\/#organization"},"potentialAction":[{"@type":"SearchAction","target":{"@type":"EntryPoint","urlTemplate":"https:\/\/www.anc.cr\/?s={search_term_string}"},"query-input":{"@type":"PropertyValueSpecification","valueRequired":true,"valueName":"search_term_string"}}],"inLanguage":"en-US"},{"@type":"Organization","@id":"https:\/\/www.anc.cr\/#organization","name":"ANC","url":"https:\/\/www.anc.cr\/","logo":{"@type":"ImageObject","inLanguage":"en-US","@id":"https:\/\/www.anc.cr\/#\/schema\/logo\/image\/","url":"https:\/\/www.anc.cr\/wp-content\/uploads\/2024\/07\/Logo-ANC-CR.png","contentUrl":"https:\/\/www.anc.cr\/wp-content\/uploads\/2024\/07\/Logo-ANC-CR.png","width":1051,"height":593,"caption":"ANC"},"image":{"@id":"https:\/\/www.anc.cr\/#\/schema\/logo\/image\/"}}]}},"_links":{"self":[{"href":"https:\/\/www.anc.cr\/en\/wp-json\/wp\/v2\/pages\/570","targetHints":{"allow":["GET"]}}],"collection":[{"href":"https:\/\/www.anc.cr\/en\/wp-json\/wp\/v2\/pages"}],"about":[{"href":"https:\/\/www.anc.cr\/en\/wp-json\/wp\/v2\/types\/page"}],"author":[{"embeddable":true,"href":"https:\/\/www.anc.cr\/en\/wp-json\/wp\/v2\/users\/1"}],"replies":[{"embeddable":true,"href":"https:\/\/www.anc.cr\/en\/wp-json\/wp\/v2\/comments?post=570"}],"version-history":[{"count":1,"href":"https:\/\/www.anc.cr\/en\/wp-json\/wp\/v2\/pages\/570\/revisions"}],"predecessor-version":[{"id":572,"href":"https:\/\/www.anc.cr\/en\/wp-json\/wp\/v2\/pages\/570\/revisions\/572"}],"wp:featuredmedia":[{"embeddable":true,"href":"https:\/\/www.anc.cr\/en\/wp-json\/wp\/v2\/media\/509"}],"wp:attachment":[{"href":"https:\/\/www.anc.cr\/en\/wp-json\/wp\/v2\/media?parent=570"}],"curies":[{"name":"wp","href":"https:\/\/api.w.org\/{rel}","templated":true}]}}