{"id":569,"date":"2024-07-09T04:50:53","date_gmt":"2024-07-09T10:50:53","guid":{"rendered":"http:\/\/anc.local\/?page_id=569"},"modified":"2024-07-09T04:51:03","modified_gmt":"2024-07-09T10:51:03","slug":"rodrigo-gamez-lobo","status":"publish","type":"page","link":"https:\/\/www.anc.cr\/en\/rodrigo-gamez-lobo\/","title":{"rendered":"Rodrigo G\u00e1mez Lobo"},"content":{"rendered":"<div class=\"wp-block-group alignfull has-global-padding is-layout-constrained wp-container-core-group-is-layout-cb151cc7 wp-block-group-is-layout-constrained\" style=\"margin-top:0;margin-bottom:0;padding-top:0;padding-right:var(--wp--preset--spacing--50);padding-bottom:0;padding-left:var(--wp--preset--spacing--50)\">\n<div class=\"wp-block-columns alignwide are-vertically-aligned-center is-layout-flex wp-container-core-columns-is-layout-47c06fe3 wp-block-columns-is-layout-flex\">\n<div class=\"wp-block-column is-vertically-aligned-center is-layout-flow wp-block-column-is-layout-flow\" style=\"flex-basis:50%\">\n<h3 class=\"wp-block-heading has-x-large-font-size\">Rodrigo G\u00e1mez Lobo<\/h3>\n\n\n\n<p>Acad\u00e9mico de N\u00famero<\/p>\n\n\n\n<ul class=\"wp-block-list\">\n<li>Presidente, Instituto Nacional de Biodiversidad (INBio).&nbsp;<\/li>\n\n\n\n<li>Ingenierio agr\u00f3nomo, Universidad de Costa Rica (1959).<\/li>\n\n\n\n<li>Ph.D., Virolog\u00eda de Plantas, Universidad de Illinois (1967).&nbsp;<\/li>\n<\/ul>\n<\/div>\n\n\n\n<div class=\"wp-block-column is-vertically-aligned-center is-layout-flow wp-block-column-is-layout-flow\" style=\"flex-basis:50%\"><figure style=\"width:500px;height:500px;\" class=\"wp-block-post-featured-image\"><img decoding=\"async\" width=\"400\" height=\"400\" src=\"https:\/\/www.anc.cr\/wp-content\/uploads\/2024\/07\/image-27.png\" class=\"attachment-post-thumbnail size-post-thumbnail wp-post-image\" alt=\"\" style=\"height:500px;object-fit:cover;\" srcset=\"https:\/\/www.anc.cr\/wp-content\/uploads\/2024\/07\/image-27.png 400w, https:\/\/www.anc.cr\/wp-content\/uploads\/2024\/07\/image-27-300x300.png 300w, https:\/\/www.anc.cr\/wp-content\/uploads\/2024\/07\/image-27-150x150.png 150w\" sizes=\"(max-width: 400px) 100vw, 400px\" \/><\/figure><\/div>\n<\/div>\n<\/div>\n\n\n\n<div style=\"height:10px\" aria-hidden=\"true\" class=\"wp-block-spacer\"><\/div>\n\n\n\n<hr class=\"wp-block-separator has-alpha-channel-opacity\"\/>\n\n\n\n<div style=\"height:15px\" aria-hidden=\"true\" class=\"wp-block-spacer\"><\/div>\n\n\n\n<p>Rodrigo G\u00e1mez bas\u00f3 su tesis de grado en el estudio de los microorganismos causantes de varias enfermedades en las plantas, principalmente virus, hongos y bacterias. En 1969 descubre el virus del rayado fino del ma\u00edz. Su trabajo se ha orientado al desarrollo del INBio como un centro de investigaci\u00f3n y gesti\u00f3n de la biodiversidad,&nbsp; que busca apoyar los esfuerzos por conocer la diversidad biol\u00f3gica del pa\u00eds y promover su uso sostenible. El instituto trabaja bajo la premisa de que el mejor medio para conservar la biodiversidad es aprovechar las oportunidades que \u00e9sta ofrece para mejorar la calidad de vida del ser humano.&nbsp;<\/p>\n\n\n\n<p>Ha ocupado los siguientes puestos: Labor\u00f3 en el Centro Agron\u00f3mico Tropical para la Investigaci\u00f3n y Ense\u00f1anza (CATIE) y en el Laboratorio de Virus de la Facultad de Agronom\u00eda de la Universidad de Costa Rica, primer Vicerrector de Investigaci\u00f3n que tuvo la Universidad de Costa Rica, primer Director de la Escuela de Fitotecnia de la misma universidad. Estableci\u00f3 el Centro de Investigaci\u00f3n en Biolog\u00eda Celular y Molecular de la Universidad de Costa Rica del cual fue su director, Presidente y Fundador del Instituto Nacional de Biodiversidad (INBio) (1989) y su Director General de 1989 al 2003. Adem\u00e1s, es&nbsp; Miembro fundador del Consejo Nacional de Investigaciones Cient\u00edficas y Tecnol\u00f3gicas (CONICIT), Miembro de la junta que cre\u00f3 la Universidad Estatal a Distancia y Miembro de la Academia Nacional de Ciencias de Costa Rica (1992- ).&nbsp;<\/p>\n\n\n\n<p>Ha recibido los siguientes reconocimientos: Premio Bernardo Houssay en Ciencias de la Organizaci\u00f3n de Estados Americanos (1983), \u0093Homenaje al Costarricense Distinguido\u0094 designaci\u00f3n otorgada por el Instituto Costarricense de Cultura Hisp\u00e1nica (1993), el Green Globe Award de Rainforest Alliance (1997), cient\u00edfico distinguido del Ministerio de Ciencia y Tecnolog\u00eda de Costa Rica (2004), Premio Mag\u00f3n 2011, Premio Pax Natura 2012, Premio Interciencia en Ecolog\u00eda y Biodiversidad (2005), Doctor Honoris Causa (2007) del Centro Agron\u00f3mico Tropical de Investigaci\u00f3n y Ense\u00f1anza, Premio Internacional San Francisco de As\u00eds para el Ambiente \u0093C\u00e1ntico a todas las criaturas\u0094 (1991), Reconocimiento por parte de la Asociaci\u00f3n de Exploradores del Espacio por su amplia trayectoria y preocupaci\u00f3n por la biodiversidad, Menci\u00f3n honor\u00edfica por el trabajo en la ciencia y conservaci\u00f3n como miembro del Comit\u00e9 Ejecutivo de la Organizaci\u00f3n de Estudios Tropicales (OTS) (1989), Cient\u00edfico Profesional Afiliado: Centro de la Biodiversidad. Estudio de Historia Natural de Illinois (1989). Adem\u00e1s, bajo su direcci\u00f3n el INBio recibi\u00f3 el Premio Pr\u00edncipe de Asturias de Investigaci\u00f3n Cient\u00edfica y T\u00e9cnica (1995).&nbsp;&nbsp;<\/p>\n\n\n\n<h3 class=\"wp-block-heading\">Publicaciones representativas:&nbsp;<\/h3>\n\n\n\n<ul class=\"wp-block-list\">\n<li>Black, L. M. y G\u00e1mez Lobo, R. (1967). Application of particle-counting to a leafhopper-borne virus. Nature: new biology, Vol.215, no.5097; 173-174.<\/li>\n\n\n\n<li>G\u00e1mez Lobo, R. (1973). Transmission of rayado fino virus of maize (Zea mays) by Dalbulus maidis. Annals of Applied Biology \/ Association of Applied Biologist, Vol.73, no.1; 285-292.<\/li>\n\n\n\n<li>G\u00e1mez Lobo, R. (1974). Algunos factores que afectan la transmisi\u00f3n del virus del rayado fino del ma\u00edz por Dalbulus maidis DeLong and Wolcott. Turrialba: revista interamericana de ciencias agr\u00edcolas \/ Instituto Interamericano de Ciencias Agr\u00edcolas, Vol.24, no.1; 51-57.<\/li>\n\n\n\n<li>G\u00e1mez Lobo, R. (1976). Los virus del frijol en Centroam\u00e9rica: IV. Algunas propiedades y transmisi\u00f3n por insectos crisom\u00e9lidos del virus del moteado amarillo del frijol. Turrialba: revista interamericana de ciencias agr\u00edcolas \/ Instituto Interamericano de Ciencias Agr\u00edcolas, Vol.26, no.2; 160-166.<\/li>\n\n\n\n<li>G\u00e1mez Lobo, R. (1979). Virus del ma\u00edz en Am\u00e9rica Latina, el rayado fino. Fitopatolog\u00eda Brasileira \/ Sociedade Brasileira de Fitopatolog\u00eda, Vol.4, no.2; 171-176.<\/li>\n\n\n\n<li>G\u00e1mez Lobo, R. (1999). De biodiversidad, gentes y utop\u00edas: reflexiones en los 10 a\u00f1os del Inbio. 1. Edici\u00f3n. San Jos\u00e9, C.R.: INBio.<\/li>\n\n\n\n<li>G\u00e1mez Lobo, R., Kitajima, E. W. y Lin, M. T. (1979). The geographical distribution of maize rayado fino virus. Plant disease reporter: Crops research division \/ Agricultural research service. U.S. dept. of agriculture, Vol.63, no.103; 830-833.<\/li>\n\n\n\n<li>G\u00e1mez Lobo, R. y Ram\u00edrez Mart\u00ednez, C. M. (1981). Aplicaci\u00f3n de la t\u00e9cnica de inhibici\u00f3n de la hemaglutinaci\u00f3n en la detecci\u00f3n del virus X de la papa en yemas de tuberculosis. Agronom\u00eda costarricense: revista de ciencias agr\u00edcolas, Vol.5, no.1-2; 1-6.<\/li>\n\n\n\n<li>Ram\u00edrez Mart\u00ednez, C. M. y G\u00e1mez Lobo, R. (1980). Prevalencia del virus X en plantaciones comerciales de papa en la zona del Volc\u00e1n Iraz\u00fa, Cartago, Costa Rica. Agronom\u00eda costarricense: revista de ciencias agr\u00edcolas, Vol.4, no.1; 79-82.<\/li>\n\n\n\n<li>Valverde Rivas, R., G\u00e1mez Lobo, R. y Moreno M., R. A. (1978). Beetle vectors of Cowpea Mosaic virus in Costa Rica. Turrialba: revista interamericana de ciencias agr\u00edcolas \/ Instituto Interamericano de Ciencias Agr\u00edcolas, Vol.28, no.1; 90-91.<\/li>\n<\/ul>\n\n\n\n<ul class=\"wp-block-list\">\n<li><\/li>\n<\/ul>","protected":false},"excerpt":{"rendered":"<p>Rodrigo G\u00e1mez Lobo Acad\u00e9mico de N\u00famero Rodrigo G\u00e1mez bas\u00f3 su tesis de grado en el estudio de los microorganismos causantes de varias enfermedades en las plantas, principalmente virus, hongos y bacterias. En 1969 descubre el virus del rayado fino del ma\u00edz. Su trabajo se ha orientado al desarrollo del INBio como un centro de investigaci\u00f3n [&hellip;]<\/p>\n","protected":false},"author":1,"featured_media":499,"parent":0,"menu_order":0,"comment_status":"closed","ping_status":"closed","template":"","meta":{"footnotes":""},"class_list":["post-569","page","type-page","status-publish","has-post-thumbnail","hentry"],"yoast_head":"<!-- This site is optimized with the Yoast SEO plugin v27.3 - https:\/\/yoast.com\/product\/yoast-seo-wordpress\/ -->\n<title>Rodrigo G\u00e1mez Lobo - ANC<\/title>\n<meta name=\"robots\" content=\"index, follow, max-snippet:-1, max-image-preview:large, max-video-preview:-1\" \/>\n<link rel=\"canonical\" href=\"https:\/\/www.anc.cr\/en\/rodrigo-gamez-lobo\/\" \/>\n<meta property=\"og:locale\" content=\"en_US\" \/>\n<meta property=\"og:type\" content=\"article\" \/>\n<meta property=\"og:title\" content=\"Rodrigo G\u00e1mez Lobo - ANC\" \/>\n<meta property=\"og:description\" content=\"Rodrigo G\u00e1mez Lobo Acad\u00e9mico de N\u00famero Rodrigo G\u00e1mez bas\u00f3 su tesis de grado en el estudio de los microorganismos causantes de varias enfermedades en las plantas, principalmente virus, hongos y bacterias. En 1969 descubre el virus del rayado fino del ma\u00edz. Su trabajo se ha orientado al desarrollo del INBio como un centro de investigaci\u00f3n [&hellip;]\" \/>\n<meta property=\"og:url\" content=\"https:\/\/www.anc.cr\/en\/rodrigo-gamez-lobo\/\" \/>\n<meta property=\"og:site_name\" content=\"ANC\" \/>\n<meta property=\"article:modified_time\" content=\"2024-07-09T10:51:03+00:00\" \/>\n<meta property=\"og:image\" content=\"https:\/\/www.anc.cr\/wp-content\/uploads\/2024\/07\/image-27.png\" \/>\n\t<meta property=\"og:image:width\" content=\"400\" \/>\n\t<meta property=\"og:image:height\" content=\"400\" \/>\n\t<meta property=\"og:image:type\" content=\"image\/png\" \/>\n<meta name=\"twitter:card\" content=\"summary_large_image\" \/>\n<meta name=\"twitter:label1\" content=\"Est. reading time\" \/>\n\t<meta name=\"twitter:data1\" content=\"4 minutes\" \/>\n<script type=\"application\/ld+json\" class=\"yoast-schema-graph\">{\"@context\":\"https:\\\/\\\/schema.org\",\"@graph\":[{\"@type\":\"WebPage\",\"@id\":\"https:\\\/\\\/www.anc.cr\\\/rodrigo-gamez-lobo\\\/\",\"url\":\"https:\\\/\\\/www.anc.cr\\\/rodrigo-gamez-lobo\\\/\",\"name\":\"Rodrigo G\u00e1mez Lobo - ANC\",\"isPartOf\":{\"@id\":\"https:\\\/\\\/www.anc.cr\\\/#website\"},\"primaryImageOfPage\":{\"@id\":\"https:\\\/\\\/www.anc.cr\\\/rodrigo-gamez-lobo\\\/#primaryimage\"},\"image\":{\"@id\":\"https:\\\/\\\/www.anc.cr\\\/rodrigo-gamez-lobo\\\/#primaryimage\"},\"thumbnailUrl\":\"https:\\\/\\\/www.anc.cr\\\/wp-content\\\/uploads\\\/2024\\\/07\\\/image-27.png\",\"datePublished\":\"2024-07-09T10:50:53+00:00\",\"dateModified\":\"2024-07-09T10:51:03+00:00\",\"breadcrumb\":{\"@id\":\"https:\\\/\\\/www.anc.cr\\\/rodrigo-gamez-lobo\\\/#breadcrumb\"},\"inLanguage\":\"en-US\",\"potentialAction\":[{\"@type\":\"ReadAction\",\"target\":[\"https:\\\/\\\/www.anc.cr\\\/rodrigo-gamez-lobo\\\/\"]}]},{\"@type\":\"ImageObject\",\"inLanguage\":\"en-US\",\"@id\":\"https:\\\/\\\/www.anc.cr\\\/rodrigo-gamez-lobo\\\/#primaryimage\",\"url\":\"https:\\\/\\\/www.anc.cr\\\/wp-content\\\/uploads\\\/2024\\\/07\\\/image-27.png\",\"contentUrl\":\"https:\\\/\\\/www.anc.cr\\\/wp-content\\\/uploads\\\/2024\\\/07\\\/image-27.png\",\"width\":400,\"height\":400},{\"@type\":\"BreadcrumbList\",\"@id\":\"https:\\\/\\\/www.anc.cr\\\/rodrigo-gamez-lobo\\\/#breadcrumb\",\"itemListElement\":[{\"@type\":\"ListItem\",\"position\":1,\"name\":\"Portada\",\"item\":\"https:\\\/\\\/www.anc.cr\\\/\"},{\"@type\":\"ListItem\",\"position\":2,\"name\":\"Rodrigo G\u00e1mez Lobo\"}]},{\"@type\":\"WebSite\",\"@id\":\"https:\\\/\\\/www.anc.cr\\\/#website\",\"url\":\"https:\\\/\\\/www.anc.cr\\\/\",\"name\":\"ANC\",\"description\":\"Academia Nacional de Ciencias\",\"publisher\":{\"@id\":\"https:\\\/\\\/www.anc.cr\\\/#organization\"},\"potentialAction\":[{\"@type\":\"SearchAction\",\"target\":{\"@type\":\"EntryPoint\",\"urlTemplate\":\"https:\\\/\\\/www.anc.cr\\\/?s={search_term_string}\"},\"query-input\":{\"@type\":\"PropertyValueSpecification\",\"valueRequired\":true,\"valueName\":\"search_term_string\"}}],\"inLanguage\":\"en-US\"},{\"@type\":\"Organization\",\"@id\":\"https:\\\/\\\/www.anc.cr\\\/#organization\",\"name\":\"ANC\",\"url\":\"https:\\\/\\\/www.anc.cr\\\/\",\"logo\":{\"@type\":\"ImageObject\",\"inLanguage\":\"en-US\",\"@id\":\"https:\\\/\\\/www.anc.cr\\\/#\\\/schema\\\/logo\\\/image\\\/\",\"url\":\"https:\\\/\\\/www.anc.cr\\\/wp-content\\\/uploads\\\/2024\\\/07\\\/Logo-ANC-CR.png\",\"contentUrl\":\"https:\\\/\\\/www.anc.cr\\\/wp-content\\\/uploads\\\/2024\\\/07\\\/Logo-ANC-CR.png\",\"width\":1051,\"height\":593,\"caption\":\"ANC\"},\"image\":{\"@id\":\"https:\\\/\\\/www.anc.cr\\\/#\\\/schema\\\/logo\\\/image\\\/\"}}]}<\/script>\n<!-- \/ Yoast SEO plugin. -->","yoast_head_json":{"title":"Rodrigo G\u00e1mez Lobo - ANC","robots":{"index":"index","follow":"follow","max-snippet":"max-snippet:-1","max-image-preview":"max-image-preview:large","max-video-preview":"max-video-preview:-1"},"canonical":"https:\/\/www.anc.cr\/en\/rodrigo-gamez-lobo\/","og_locale":"en_US","og_type":"article","og_title":"Rodrigo G\u00e1mez Lobo - ANC","og_description":"Rodrigo G\u00e1mez Lobo Acad\u00e9mico de N\u00famero Rodrigo G\u00e1mez bas\u00f3 su tesis de grado en el estudio de los microorganismos causantes de varias enfermedades en las plantas, principalmente virus, hongos y bacterias. En 1969 descubre el virus del rayado fino del ma\u00edz. Su trabajo se ha orientado al desarrollo del INBio como un centro de investigaci\u00f3n [&hellip;]","og_url":"https:\/\/www.anc.cr\/en\/rodrigo-gamez-lobo\/","og_site_name":"ANC","article_modified_time":"2024-07-09T10:51:03+00:00","og_image":[{"width":400,"height":400,"url":"https:\/\/www.anc.cr\/wp-content\/uploads\/2024\/07\/image-27.png","type":"image\/png"}],"twitter_card":"summary_large_image","twitter_misc":{"Est. reading time":"4 minutes"},"schema":{"@context":"https:\/\/schema.org","@graph":[{"@type":"WebPage","@id":"https:\/\/www.anc.cr\/rodrigo-gamez-lobo\/","url":"https:\/\/www.anc.cr\/rodrigo-gamez-lobo\/","name":"Rodrigo G\u00e1mez Lobo - ANC","isPartOf":{"@id":"https:\/\/www.anc.cr\/#website"},"primaryImageOfPage":{"@id":"https:\/\/www.anc.cr\/rodrigo-gamez-lobo\/#primaryimage"},"image":{"@id":"https:\/\/www.anc.cr\/rodrigo-gamez-lobo\/#primaryimage"},"thumbnailUrl":"https:\/\/www.anc.cr\/wp-content\/uploads\/2024\/07\/image-27.png","datePublished":"2024-07-09T10:50:53+00:00","dateModified":"2024-07-09T10:51:03+00:00","breadcrumb":{"@id":"https:\/\/www.anc.cr\/rodrigo-gamez-lobo\/#breadcrumb"},"inLanguage":"en-US","potentialAction":[{"@type":"ReadAction","target":["https:\/\/www.anc.cr\/rodrigo-gamez-lobo\/"]}]},{"@type":"ImageObject","inLanguage":"en-US","@id":"https:\/\/www.anc.cr\/rodrigo-gamez-lobo\/#primaryimage","url":"https:\/\/www.anc.cr\/wp-content\/uploads\/2024\/07\/image-27.png","contentUrl":"https:\/\/www.anc.cr\/wp-content\/uploads\/2024\/07\/image-27.png","width":400,"height":400},{"@type":"BreadcrumbList","@id":"https:\/\/www.anc.cr\/rodrigo-gamez-lobo\/#breadcrumb","itemListElement":[{"@type":"ListItem","position":1,"name":"Portada","item":"https:\/\/www.anc.cr\/"},{"@type":"ListItem","position":2,"name":"Rodrigo G\u00e1mez Lobo"}]},{"@type":"WebSite","@id":"https:\/\/www.anc.cr\/#website","url":"https:\/\/www.anc.cr\/","name":"ANC","description":"Academia Nacional de Ciencias","publisher":{"@id":"https:\/\/www.anc.cr\/#organization"},"potentialAction":[{"@type":"SearchAction","target":{"@type":"EntryPoint","urlTemplate":"https:\/\/www.anc.cr\/?s={search_term_string}"},"query-input":{"@type":"PropertyValueSpecification","valueRequired":true,"valueName":"search_term_string"}}],"inLanguage":"en-US"},{"@type":"Organization","@id":"https:\/\/www.anc.cr\/#organization","name":"ANC","url":"https:\/\/www.anc.cr\/","logo":{"@type":"ImageObject","inLanguage":"en-US","@id":"https:\/\/www.anc.cr\/#\/schema\/logo\/image\/","url":"https:\/\/www.anc.cr\/wp-content\/uploads\/2024\/07\/Logo-ANC-CR.png","contentUrl":"https:\/\/www.anc.cr\/wp-content\/uploads\/2024\/07\/Logo-ANC-CR.png","width":1051,"height":593,"caption":"ANC"},"image":{"@id":"https:\/\/www.anc.cr\/#\/schema\/logo\/image\/"}}]}},"_links":{"self":[{"href":"https:\/\/www.anc.cr\/en\/wp-json\/wp\/v2\/pages\/569","targetHints":{"allow":["GET"]}}],"collection":[{"href":"https:\/\/www.anc.cr\/en\/wp-json\/wp\/v2\/pages"}],"about":[{"href":"https:\/\/www.anc.cr\/en\/wp-json\/wp\/v2\/types\/page"}],"author":[{"embeddable":true,"href":"https:\/\/www.anc.cr\/en\/wp-json\/wp\/v2\/users\/1"}],"replies":[{"embeddable":true,"href":"https:\/\/www.anc.cr\/en\/wp-json\/wp\/v2\/comments?post=569"}],"version-history":[{"count":1,"href":"https:\/\/www.anc.cr\/en\/wp-json\/wp\/v2\/pages\/569\/revisions"}],"predecessor-version":[{"id":590,"href":"https:\/\/www.anc.cr\/en\/wp-json\/wp\/v2\/pages\/569\/revisions\/590"}],"wp:featuredmedia":[{"embeddable":true,"href":"https:\/\/www.anc.cr\/en\/wp-json\/wp\/v2\/media\/499"}],"wp:attachment":[{"href":"https:\/\/www.anc.cr\/en\/wp-json\/wp\/v2\/media?parent=569"}],"curies":[{"name":"wp","href":"https:\/\/api.w.org\/{rel}","templated":true}]}}