{"id":567,"date":"2024-07-09T04:47:51","date_gmt":"2024-07-09T10:47:51","guid":{"rendered":"http:\/\/anc.local\/?page_id=567"},"modified":"2024-07-09T04:47:56","modified_gmt":"2024-07-09T10:47:56","slug":"rolando-herrero-acosta","status":"publish","type":"page","link":"https:\/\/www.anc.cr\/en\/rolando-herrero-acosta\/","title":{"rendered":"Rolando Herrero Acosta"},"content":{"rendered":"<div class=\"wp-block-group alignfull has-global-padding is-layout-constrained wp-container-core-group-is-layout-cb151cc7 wp-block-group-is-layout-constrained\" style=\"margin-top:0;margin-bottom:0;padding-top:0;padding-right:var(--wp--preset--spacing--50);padding-bottom:0;padding-left:var(--wp--preset--spacing--50)\">\n<div class=\"wp-block-columns alignwide are-vertically-aligned-center is-layout-flex wp-container-core-columns-is-layout-47c06fe3 wp-block-columns-is-layout-flex\">\n<div class=\"wp-block-column is-vertically-aligned-center is-layout-flow wp-block-column-is-layout-flow\" style=\"flex-basis:50%\">\n<h3 class=\"wp-block-heading has-x-large-font-size\">Rolando Herrero Acosta<\/h3>\n\n\n\n<p>Acad\u00e9mico de N\u00famero<\/p>\n\n\n\n<ul class=\"wp-block-list\">\n<li>Director Cient\u00edfico de la Agencia Costarricense de Investigaciones Biom\u00e9dicas, Fundaci\u00f3n INCIENSA<\/li>\n\n\n\n<li>Investigador Principal \u0093Ensayo de Eficacia de la vacuna contra el VPH 16 en Costa Rica\u0094, (Proyecto Guanacaste), NCI-Fundaci\u00f3n INCIENSA, Costa Rica.&nbsp;<\/li>\n\n\n\n<li>Doctor en Medicina y Cirug\u00eda,&nbsp; Universidad de Costa Rica (1981).<\/li>\n\n\n\n<li>Fellow visitante en Oncolog\u00eda M\u00e9dica, Rita and Stanley Kaplan Cancer Center, New York City, NY, USA (1985).<\/li>\n\n\n\n<li>Especialista en Oncolog\u00eda M\u00e9dica, Universidad de Costa Rica (1987).<\/li>\n\n\n\n<li>Curso de Verano para graduados en Epidemiolog\u00eda, Johns Hopkins University, Baltimore,&nbsp; MD, USA (1988).<\/li>\n\n\n\n<li>Ph. D. en Epidemiolog\u00eda, Instituto Karolinska, Suecia (1996).&nbsp;<\/li>\n<\/ul>\n<\/div>\n\n\n\n<div class=\"wp-block-column is-vertically-aligned-center is-layout-flow wp-block-column-is-layout-flow\" style=\"flex-basis:50%\"><figure style=\"width:500px;height:500px;\" class=\"wp-block-post-featured-image\"><img decoding=\"async\" width=\"400\" height=\"400\" src=\"https:\/\/www.anc.cr\/wp-content\/uploads\/2024\/07\/image-29.png\" class=\"attachment-post-thumbnail size-post-thumbnail wp-post-image\" alt=\"\" style=\"height:500px;object-fit:cover;\" srcset=\"https:\/\/www.anc.cr\/wp-content\/uploads\/2024\/07\/image-29.png 400w, https:\/\/www.anc.cr\/wp-content\/uploads\/2024\/07\/image-29-300x300.png 300w, https:\/\/www.anc.cr\/wp-content\/uploads\/2024\/07\/image-29-150x150.png 150w\" sizes=\"(max-width: 400px) 100vw, 400px\" \/><\/figure><\/div>\n<\/div>\n<\/div>\n\n\n\n<div style=\"height:10px\" aria-hidden=\"true\" class=\"wp-block-spacer\"><\/div>\n\n\n\n<hr class=\"wp-block-separator has-alpha-channel-opacity\"\/>\n\n\n\n<div style=\"height:15px\" aria-hidden=\"true\" class=\"wp-block-spacer\"><\/div>\n\n\n\n<p>Rolando Herrero investiga temas como la Etiolog\u00eda de C\u00e1ncer, principalmente c\u00e1ncer de c\u00e9rvix y est\u00f3mago en pa\u00edses en desarrollo, Desarrollo de m\u00e9todos y programas de prevenci\u00f3n, Papel de los agentes infecciosos en la etiolog\u00eda del c\u00e1ncer y&nbsp; Determinantes socio-culturales de la enfermedad.&nbsp;<\/p>\n\n\n\n<p>Ha ocupado los siguientes cargos: Asistente de Investigaci\u00f3n Cl\u00ednica, Departamento de Farmacolog\u00eda, Universidad de Costa Rica, San Jos\u00e9 Costa Rica (1980- 1981), M\u00e9dico Asistente en Servicio Social, Cl\u00ednica La Lucha, CCSS, San Jos\u00e9, Costa Rica (1982), Instructor, Universidad de Costa Rica, Departamento de Farmacolog\u00eda, San Jos\u00e9, Costa Rica (1985-1987), Residente de Medicina Interna, Hospital M\u00e9xico, San Jos\u00e9 Costa Rica (1983-1985), Residente de Oncolog\u00eda M\u00e9dica, Hospital San Juan de Dios, San Jos\u00e9, Costa Rica (1985-1987), Investigador Asociado, Estudio Multic\u00e9ntrico de casos y controles sobre c\u00e1ncer de c\u00e9rvix, National Cancer Institute, Gorgas Memorial Laboratory, USA (1985-1987), M\u00e9dico Asistente en Oncolog\u00eda M\u00e9dica, Hospital San Juan de Dios, San Jos\u00e9, Costa Rica (1987-1992), Visiting Associate, Environmental Epidemiology Branch, National Cancer Institute, Bethesda, USA (1988-1990), M\u00e9dico Asistente, Departamento de Medicina Preventiva, Caja Costarricense de Seguro Social (1991-1993),&nbsp; Instructor en Epidemiolog\u00eda, Departamento de Salud P\u00fablica, Universidad de&nbsp; Costa Rica (1991-1995), Coordinador Estudio Poblacional de la Historia Natural de la infecci\u00f3n por virus de papiloma humano y las neoplasias cervicales en una regi\u00f3n de alto riesgo de Am\u00e9rica Latina (Proyecto Guanacaste), en colaboraci\u00f3n con el National Cancer Institute de USA (1992-1995),&nbsp; Director, Programa Nacional de Control de C\u00e1ncer de Cuello Uterino, Ministerio de Salud, Costa Rica (1994-1995), Epidemi\u00f3logo (P4), Unidad de Estudios de Campo e Intervenci\u00f3n.&nbsp; Agencia Internacional de Investigaci\u00f3n en C\u00e1ncer, Organizaci\u00f3n Mundial de la Salud, Lyon, France (1996-1999), Epidemi\u00f3logo, investigador Estudio Poblacional de la Historia Natural de la infecci\u00f3n por virus de papiloma humano y las neoplasias cervicales en una regi\u00f3n de alto riesgo de Am\u00e9rica Latina (Proyecto Guanacaste) NCI-FUCODOCSA, Costa Rica (2000-2001), Investigador Principal \u0093Ensayo de Eficacia de la vacuna contra el VPH 16 en Costa Rica\u0094, (Proyecto Guanacaste), NCI-Fundaci\u00f3n INCIENSA, Costa Rica (2001-present) e Investigador Principal estudio \u0093Determinantes de la infecci\u00f3n por virus de papiloma humano en mujeres de 45 a 70 a\u00f1os de edad\u0094 (2002-2003).&nbsp;<\/p>\n\n\n\n<p>Ha recibido los siguientes reconocimientos: Matr\u00edcula de Honor, Universidad de Costa Rica (1975 a 1982), Alumno de Honor, Escuela de Medicina, Segundo Promedio de Graduaci\u00f3n, Universidad de Costa Rica (1982), Premio Institucional en Investigaci\u00f3n Cient\u00edfica, Caja Costarricense de Seguro Social (1990), Premio Fred&nbsp; L. Soper, por contribuciones significativas a la literatura m\u00e9dica de Am\u00e9rica Latina, Pan American Health Foundation (1991), Revisor de Cancer Epidemiology Biomarkers and Prevention, International Journal of Cancer, Miembro de N\u00famero, Academia Costarricense de Ciencias y Miembro del Consejo Editorial, Internacional Journal for Cancer&nbsp; (2006 \u0096 2009).<\/p>\n\n\n\n<h3 class=\"wp-block-heading\">Publicaciones representativas:&nbsp;<\/h3>\n\n\n\n<ul class=\"wp-block-list\">\n<li>Bosch FX, Stanley M, Wright TC, Franco EL, Herrero R, Munoz N, Cuzick J, Garland SM. A scientific response to prevent cervical cancer in the world. Vaccine. 2008 Aug 19; 26 Suppl 10: v-vi.<\/li>\n\n\n\n<li>Bosch FX, Franco EL, Herrero R, Munoz N, Cuzick J, Garland SM, Bosch FX, Stanley M, Wright TC. A scientific response to prevent cervical cancer in the world.\u00a0 Vaccine. 2008 Aug 19; 26 Suppl 11: v-vi.<\/li>\n\n\n\n<li>Bouvard V, Baan R, Straif K, Grosse Y, Secretan B, El Ghissassi F, Benbrahim-Tallaa L, Guha N, Freeman C, Galichet L, Cogliano V; WHO International Agency for Research on Cancer Monograph Working Group. A review of human carcinogens&#8211;Part B: biological agents. Lancet Oncol. 2009 Apr; 10(4):321-2.<\/li>\n\n\n\n<li>Chen Z, Desalle R, Schiffman M, Herrero R, Burk RD. Evolutionary dynamics of variant genomes of human papillomavirus types 18, 45 and 97. J Virol. 2009 Feb; 83(3):1443-55.<\/li>\n\n\n\n<li>Herrero R.\u00a0 Human papillomavirus (HPV) vaccines: limited cross-protection against additional HPV types.\u00a0 J Infect Dis. 2009 Apr 1; 199(7):919-22.<\/li>\n\n\n\n<li>Hildesheim A, Schiffman M, Solomon D, Wacholder S, Herrero R, Rodriguez AC. Response to &#8220;Analysis of adverse events of potential autoimmune aetiology in a large integrated safety database of AS04 adjuvanted vaccines&#8221; by Verstraeten et al. Vaccine. 2009 Apr 28; 27(19): 2529.<\/li>\n\n\n\n<li>Koshiol J, Hildesheim A, Gonzalez P, Bratti MC, Porras C, Schiffman M, Herrero R, Rodriguez AC, Wacholder S, Yeager M, Chanock SJ, Burk RD, Wang SS. Common genetic variation in TP53 and risk of human papillomavirus persistence and progression to CIN3\/cancer revisited. Cancer Epidemiol Biomarkers Prev. 2009 May; 18(5):1631-7.<\/li>\n\n\n\n<li>Louie KS, de Sanjose S, Diaz M, Castellsagu\u00e9 X, Herrero R, Meijer CJ, Shah K, Franceschi S, Mu\u00f1oz N, Bosch FX; International Agency for Research on Cancer Multicenter Cervical Cancer Study Group. Early age at first sexual intercourse and early pregnancy are risk factors for cervical cancer in developing countries.Br J Cancer. 2009 Apr 7; 100(7):1191-7.<\/li>\n\n\n\n<li>Porras C, Rodr\u00edguez AC, Hildesheim A, Herrero R, Gonz\u00e1lez P, Wacholder S, Burk RD, Schiffman M. Human papillomavirus types by age in cervical cancer precursors: predominance of human papillomavirus 16 in young women. Cancer Epidemiol Biomarkers Prev. 2009 Mar; 18(3):863-5.<\/li>\n<\/ul>","protected":false},"excerpt":{"rendered":"<p>Rolando Herrero Acosta Acad\u00e9mico de N\u00famero Rolando Herrero investiga temas como la Etiolog\u00eda de C\u00e1ncer, principalmente c\u00e1ncer de c\u00e9rvix y est\u00f3mago en pa\u00edses en desarrollo, Desarrollo de m\u00e9todos y programas de prevenci\u00f3n, Papel de los agentes infecciosos en la etiolog\u00eda del c\u00e1ncer y&nbsp; Determinantes socio-culturales de la enfermedad.&nbsp; Ha ocupado los siguientes cargos: Asistente de [&hellip;]<\/p>\n","protected":false},"author":1,"featured_media":501,"parent":0,"menu_order":0,"comment_status":"closed","ping_status":"closed","template":"","meta":{"footnotes":""},"class_list":["post-567","page","type-page","status-publish","has-post-thumbnail","hentry"],"yoast_head":"<!-- This site is optimized with the Yoast SEO plugin v27.3 - https:\/\/yoast.com\/product\/yoast-seo-wordpress\/ -->\n<title>Rolando Herrero Acosta - ANC<\/title>\n<meta name=\"robots\" content=\"index, follow, max-snippet:-1, max-image-preview:large, max-video-preview:-1\" \/>\n<link rel=\"canonical\" href=\"https:\/\/www.anc.cr\/en\/rolando-herrero-acosta\/\" \/>\n<meta property=\"og:locale\" content=\"en_US\" \/>\n<meta property=\"og:type\" content=\"article\" \/>\n<meta property=\"og:title\" content=\"Rolando Herrero Acosta - ANC\" \/>\n<meta property=\"og:description\" content=\"Rolando Herrero Acosta Acad\u00e9mico de N\u00famero Rolando Herrero investiga temas como la Etiolog\u00eda de C\u00e1ncer, principalmente c\u00e1ncer de c\u00e9rvix y est\u00f3mago en pa\u00edses en desarrollo, Desarrollo de m\u00e9todos y programas de prevenci\u00f3n, Papel de los agentes infecciosos en la etiolog\u00eda del c\u00e1ncer y&nbsp; Determinantes socio-culturales de la enfermedad.&nbsp; Ha ocupado los siguientes cargos: Asistente de [&hellip;]\" \/>\n<meta property=\"og:url\" content=\"https:\/\/www.anc.cr\/en\/rolando-herrero-acosta\/\" \/>\n<meta property=\"og:site_name\" content=\"ANC\" \/>\n<meta property=\"article:modified_time\" content=\"2024-07-09T10:47:56+00:00\" \/>\n<meta property=\"og:image\" content=\"https:\/\/www.anc.cr\/wp-content\/uploads\/2024\/07\/image-29.png\" \/>\n\t<meta property=\"og:image:width\" content=\"400\" \/>\n\t<meta property=\"og:image:height\" content=\"400\" \/>\n\t<meta property=\"og:image:type\" content=\"image\/png\" \/>\n<meta name=\"twitter:card\" content=\"summary_large_image\" \/>\n<meta name=\"twitter:label1\" content=\"Est. reading time\" \/>\n\t<meta name=\"twitter:data1\" content=\"5 minutes\" \/>\n<script type=\"application\/ld+json\" class=\"yoast-schema-graph\">{\"@context\":\"https:\\\/\\\/schema.org\",\"@graph\":[{\"@type\":\"WebPage\",\"@id\":\"https:\\\/\\\/www.anc.cr\\\/rolando-herrero-acosta\\\/\",\"url\":\"https:\\\/\\\/www.anc.cr\\\/rolando-herrero-acosta\\\/\",\"name\":\"Rolando Herrero Acosta - ANC\",\"isPartOf\":{\"@id\":\"https:\\\/\\\/www.anc.cr\\\/#website\"},\"primaryImageOfPage\":{\"@id\":\"https:\\\/\\\/www.anc.cr\\\/rolando-herrero-acosta\\\/#primaryimage\"},\"image\":{\"@id\":\"https:\\\/\\\/www.anc.cr\\\/rolando-herrero-acosta\\\/#primaryimage\"},\"thumbnailUrl\":\"https:\\\/\\\/www.anc.cr\\\/wp-content\\\/uploads\\\/2024\\\/07\\\/image-29.png\",\"datePublished\":\"2024-07-09T10:47:51+00:00\",\"dateModified\":\"2024-07-09T10:47:56+00:00\",\"breadcrumb\":{\"@id\":\"https:\\\/\\\/www.anc.cr\\\/rolando-herrero-acosta\\\/#breadcrumb\"},\"inLanguage\":\"en-US\",\"potentialAction\":[{\"@type\":\"ReadAction\",\"target\":[\"https:\\\/\\\/www.anc.cr\\\/rolando-herrero-acosta\\\/\"]}]},{\"@type\":\"ImageObject\",\"inLanguage\":\"en-US\",\"@id\":\"https:\\\/\\\/www.anc.cr\\\/rolando-herrero-acosta\\\/#primaryimage\",\"url\":\"https:\\\/\\\/www.anc.cr\\\/wp-content\\\/uploads\\\/2024\\\/07\\\/image-29.png\",\"contentUrl\":\"https:\\\/\\\/www.anc.cr\\\/wp-content\\\/uploads\\\/2024\\\/07\\\/image-29.png\",\"width\":400,\"height\":400},{\"@type\":\"BreadcrumbList\",\"@id\":\"https:\\\/\\\/www.anc.cr\\\/rolando-herrero-acosta\\\/#breadcrumb\",\"itemListElement\":[{\"@type\":\"ListItem\",\"position\":1,\"name\":\"Portada\",\"item\":\"https:\\\/\\\/www.anc.cr\\\/\"},{\"@type\":\"ListItem\",\"position\":2,\"name\":\"Rolando Herrero Acosta\"}]},{\"@type\":\"WebSite\",\"@id\":\"https:\\\/\\\/www.anc.cr\\\/#website\",\"url\":\"https:\\\/\\\/www.anc.cr\\\/\",\"name\":\"ANC\",\"description\":\"Academia Nacional de Ciencias\",\"publisher\":{\"@id\":\"https:\\\/\\\/www.anc.cr\\\/#organization\"},\"potentialAction\":[{\"@type\":\"SearchAction\",\"target\":{\"@type\":\"EntryPoint\",\"urlTemplate\":\"https:\\\/\\\/www.anc.cr\\\/?s={search_term_string}\"},\"query-input\":{\"@type\":\"PropertyValueSpecification\",\"valueRequired\":true,\"valueName\":\"search_term_string\"}}],\"inLanguage\":\"en-US\"},{\"@type\":\"Organization\",\"@id\":\"https:\\\/\\\/www.anc.cr\\\/#organization\",\"name\":\"ANC\",\"url\":\"https:\\\/\\\/www.anc.cr\\\/\",\"logo\":{\"@type\":\"ImageObject\",\"inLanguage\":\"en-US\",\"@id\":\"https:\\\/\\\/www.anc.cr\\\/#\\\/schema\\\/logo\\\/image\\\/\",\"url\":\"https:\\\/\\\/www.anc.cr\\\/wp-content\\\/uploads\\\/2024\\\/07\\\/Logo-ANC-CR.png\",\"contentUrl\":\"https:\\\/\\\/www.anc.cr\\\/wp-content\\\/uploads\\\/2024\\\/07\\\/Logo-ANC-CR.png\",\"width\":1051,\"height\":593,\"caption\":\"ANC\"},\"image\":{\"@id\":\"https:\\\/\\\/www.anc.cr\\\/#\\\/schema\\\/logo\\\/image\\\/\"}}]}<\/script>\n<!-- \/ Yoast SEO plugin. -->","yoast_head_json":{"title":"Rolando Herrero Acosta - ANC","robots":{"index":"index","follow":"follow","max-snippet":"max-snippet:-1","max-image-preview":"max-image-preview:large","max-video-preview":"max-video-preview:-1"},"canonical":"https:\/\/www.anc.cr\/en\/rolando-herrero-acosta\/","og_locale":"en_US","og_type":"article","og_title":"Rolando Herrero Acosta - ANC","og_description":"Rolando Herrero Acosta Acad\u00e9mico de N\u00famero Rolando Herrero investiga temas como la Etiolog\u00eda de C\u00e1ncer, principalmente c\u00e1ncer de c\u00e9rvix y est\u00f3mago en pa\u00edses en desarrollo, Desarrollo de m\u00e9todos y programas de prevenci\u00f3n, Papel de los agentes infecciosos en la etiolog\u00eda del c\u00e1ncer y&nbsp; Determinantes socio-culturales de la enfermedad.&nbsp; Ha ocupado los siguientes cargos: Asistente de [&hellip;]","og_url":"https:\/\/www.anc.cr\/en\/rolando-herrero-acosta\/","og_site_name":"ANC","article_modified_time":"2024-07-09T10:47:56+00:00","og_image":[{"width":400,"height":400,"url":"https:\/\/www.anc.cr\/wp-content\/uploads\/2024\/07\/image-29.png","type":"image\/png"}],"twitter_card":"summary_large_image","twitter_misc":{"Est. reading time":"5 minutes"},"schema":{"@context":"https:\/\/schema.org","@graph":[{"@type":"WebPage","@id":"https:\/\/www.anc.cr\/rolando-herrero-acosta\/","url":"https:\/\/www.anc.cr\/rolando-herrero-acosta\/","name":"Rolando Herrero Acosta - ANC","isPartOf":{"@id":"https:\/\/www.anc.cr\/#website"},"primaryImageOfPage":{"@id":"https:\/\/www.anc.cr\/rolando-herrero-acosta\/#primaryimage"},"image":{"@id":"https:\/\/www.anc.cr\/rolando-herrero-acosta\/#primaryimage"},"thumbnailUrl":"https:\/\/www.anc.cr\/wp-content\/uploads\/2024\/07\/image-29.png","datePublished":"2024-07-09T10:47:51+00:00","dateModified":"2024-07-09T10:47:56+00:00","breadcrumb":{"@id":"https:\/\/www.anc.cr\/rolando-herrero-acosta\/#breadcrumb"},"inLanguage":"en-US","potentialAction":[{"@type":"ReadAction","target":["https:\/\/www.anc.cr\/rolando-herrero-acosta\/"]}]},{"@type":"ImageObject","inLanguage":"en-US","@id":"https:\/\/www.anc.cr\/rolando-herrero-acosta\/#primaryimage","url":"https:\/\/www.anc.cr\/wp-content\/uploads\/2024\/07\/image-29.png","contentUrl":"https:\/\/www.anc.cr\/wp-content\/uploads\/2024\/07\/image-29.png","width":400,"height":400},{"@type":"BreadcrumbList","@id":"https:\/\/www.anc.cr\/rolando-herrero-acosta\/#breadcrumb","itemListElement":[{"@type":"ListItem","position":1,"name":"Portada","item":"https:\/\/www.anc.cr\/"},{"@type":"ListItem","position":2,"name":"Rolando Herrero Acosta"}]},{"@type":"WebSite","@id":"https:\/\/www.anc.cr\/#website","url":"https:\/\/www.anc.cr\/","name":"ANC","description":"Academia Nacional de Ciencias","publisher":{"@id":"https:\/\/www.anc.cr\/#organization"},"potentialAction":[{"@type":"SearchAction","target":{"@type":"EntryPoint","urlTemplate":"https:\/\/www.anc.cr\/?s={search_term_string}"},"query-input":{"@type":"PropertyValueSpecification","valueRequired":true,"valueName":"search_term_string"}}],"inLanguage":"en-US"},{"@type":"Organization","@id":"https:\/\/www.anc.cr\/#organization","name":"ANC","url":"https:\/\/www.anc.cr\/","logo":{"@type":"ImageObject","inLanguage":"en-US","@id":"https:\/\/www.anc.cr\/#\/schema\/logo\/image\/","url":"https:\/\/www.anc.cr\/wp-content\/uploads\/2024\/07\/Logo-ANC-CR.png","contentUrl":"https:\/\/www.anc.cr\/wp-content\/uploads\/2024\/07\/Logo-ANC-CR.png","width":1051,"height":593,"caption":"ANC"},"image":{"@id":"https:\/\/www.anc.cr\/#\/schema\/logo\/image\/"}}]}},"_links":{"self":[{"href":"https:\/\/www.anc.cr\/en\/wp-json\/wp\/v2\/pages\/567","targetHints":{"allow":["GET"]}}],"collection":[{"href":"https:\/\/www.anc.cr\/en\/wp-json\/wp\/v2\/pages"}],"about":[{"href":"https:\/\/www.anc.cr\/en\/wp-json\/wp\/v2\/types\/page"}],"author":[{"embeddable":true,"href":"https:\/\/www.anc.cr\/en\/wp-json\/wp\/v2\/users\/1"}],"replies":[{"embeddable":true,"href":"https:\/\/www.anc.cr\/en\/wp-json\/wp\/v2\/comments?post=567"}],"version-history":[{"count":1,"href":"https:\/\/www.anc.cr\/en\/wp-json\/wp\/v2\/pages\/567\/revisions"}],"predecessor-version":[{"id":580,"href":"https:\/\/www.anc.cr\/en\/wp-json\/wp\/v2\/pages\/567\/revisions\/580"}],"wp:featuredmedia":[{"embeddable":true,"href":"https:\/\/www.anc.cr\/en\/wp-json\/wp\/v2\/media\/501"}],"wp:attachment":[{"href":"https:\/\/www.anc.cr\/en\/wp-json\/wp\/v2\/media?parent=567"}],"curies":[{"name":"wp","href":"https:\/\/api.w.org\/{rel}","templated":true}]}}