{"id":565,"date":"2024-07-09T04:44:27","date_gmt":"2024-07-09T10:44:27","guid":{"rendered":"http:\/\/anc.local\/?page_id=565"},"modified":"2024-07-09T04:44:32","modified_gmt":"2024-07-09T10:44:32","slug":"william-ramirez-benavides","status":"publish","type":"page","link":"https:\/\/www.anc.cr\/en\/william-ramirez-benavides\/","title":{"rendered":"\u00a0William\u00a0Ram\u00edrez Benavides"},"content":{"rendered":"<div class=\"wp-block-group alignfull has-global-padding is-layout-constrained wp-container-core-group-is-layout-cb151cc7 wp-block-group-is-layout-constrained\" style=\"margin-top:0;margin-bottom:0;padding-top:0;padding-right:var(--wp--preset--spacing--50);padding-bottom:0;padding-left:var(--wp--preset--spacing--50)\">\n<div class=\"wp-block-columns alignwide are-vertically-aligned-center is-layout-flex wp-container-core-columns-is-layout-47c06fe3 wp-block-columns-is-layout-flex\">\n<div class=\"wp-block-column is-vertically-aligned-center is-layout-flow wp-block-column-is-layout-flow\" style=\"flex-basis:50%\">\n<h3 class=\"wp-block-heading has-x-large-font-size\">&nbsp;William&nbsp;Ram\u00edrez Benavides<\/h3>\n\n\n\n<p>Acad\u00e9mico de N\u00famero<\/p>\n\n\n\n<ul class=\"wp-block-list\">\n<li>Profesor Em\u00e9rito, Escuela de Agronom\u00eda, Universidad de Costa Rica, San Jos\u00e9, Costa Rica.&nbsp;<\/li>\n\n\n\n<li>Ingeniero Agr\u00f3nomo, Escuela de Agronom\u00eda, Universidad de Costa Rica (1963).<\/li>\n\n\n\n<li>Master of Arts in Entomology, University of Kansas (1964-1966).<\/li>\n\n\n\n<li>Ph.D. in Entomology, University of Kansas (1969).<\/li>\n\n\n\n<li>Predoctoral Scholarship, Smithsonian Tropical Research Institute Panam\u00e1 (1975).&nbsp;<\/li>\n<\/ul>\n<\/div>\n\n\n\n<div class=\"wp-block-column is-vertically-aligned-center is-layout-flow wp-block-column-is-layout-flow\" style=\"flex-basis:50%\"><figure style=\"width:500px;height:500px;\" class=\"wp-block-post-featured-image\"><img decoding=\"async\" width=\"400\" height=\"400\" src=\"https:\/\/www.anc.cr\/wp-content\/uploads\/2024\/07\/image-31.png\" class=\"attachment-post-thumbnail size-post-thumbnail wp-post-image\" alt=\"\" style=\"height:500px;object-fit:cover;\" srcset=\"https:\/\/www.anc.cr\/wp-content\/uploads\/2024\/07\/image-31.png 400w, https:\/\/www.anc.cr\/wp-content\/uploads\/2024\/07\/image-31-300x300.png 300w, https:\/\/www.anc.cr\/wp-content\/uploads\/2024\/07\/image-31-150x150.png 150w\" sizes=\"(max-width: 400px) 100vw, 400px\" \/><\/figure><\/div>\n<\/div>\n<\/div>\n\n\n\n<div style=\"height:10px\" aria-hidden=\"true\" class=\"wp-block-spacer\"><\/div>\n\n\n\n<hr class=\"wp-block-separator has-alpha-channel-opacity\"\/>\n\n\n\n<div style=\"height:15px\" aria-hidden=\"true\" class=\"wp-block-spacer\"><\/div>\n\n\n\n<p>William Ram\u00edrez&nbsp; estudia temas como la taxonom\u00eda y biosistem\u00e1tica de Ficus (higueras) y de los agaonidos y sus polinizadores, coevoluci\u00f3n, polinizaci\u00f3n de plantas tropicales, biolog\u00eda y manejo de las abejas de miel (Apis&nbsp; mellifera) y biolog\u00eda y morfolog\u00eda de Varroa jacobsoni Oud.&nbsp;<\/p>\n\n\n\n<p>Ha ocupado los siguientes cargos: Asistente de Investigaci\u00f3n en la Standard Fruit Company (1960), Asistente de Investigaci\u00f3n en Patolog\u00eda de Plantas, Universidad de Costa Rica (1961-1963), Asistente de Investigaciones Agron\u00f3micas en el Ministerio de Agricultura y Ganader\u00eda, Costa Rica (1963-1964), Profesor de Biolog\u00eda General de plantas superiores y fisiolog\u00eda de plantas, Escuela de Biolog\u00eda, Universidad de Oriente, Venezuela (1967-1968), Instructor, Organizaci\u00f3n de Estudios Tropicales en Costa Rica (1968), Consejero y vendedor profesional de productos qu\u00edmicos. Abonos Superior, Costa Rica (1972-1973), Profesor, Instituto Interamericano de Ciencias Agr\u00edcolas (IICA), Turrialba, Costa Rica, Asignado a la Universidad de Costa Rica como Profesor de Entomolog\u00eda y Apicultura (1974 -1975), Profesor, de Entomolog\u00eda General y Apicultura Escuela de Agronom\u00eda, Universidad de Costa Rica (1975), Profesor Em\u00e9rito, Escuela de Agronom\u00eda, Universidad de Costa Rica, Miembro fundador de la Academia de Ciencias de Costa Rica y Miembro de la Comisi\u00f3n Nacional de Abejas Africanas (1987-1989).&nbsp;<\/p>\n\n\n\n<p>Ha recibido los siguientes reconocimientos: Beca &#8220;Internacional Farm Youth Exchange Program&#8221;, USA (1957), Becas predoctorales, Smithosonian Tropical Research Institute (1971), Beca,&nbsp;&nbsp; &#8220;International&nbsp;&nbsp; Course&nbsp;&nbsp; of&nbsp; Apiculture&nbsp;&nbsp; and&nbsp;&nbsp; Extensi\u00f3n&nbsp;&nbsp; Methods&#8221;, Israel (1981), Orador Invitado, Second Internacional Conference on Africanized Honey Bees and Bee Mites,&nbsp; Tucson, Arizona, U.S.A. (2000), Asistente, segunda Reuni\u00f3n Preparatoria Conferencia Internacional \u0093ciencia y Bienestar: Del Asombro a la ciudadan\u00eda. Universidad de Costa Rica (2007), entre otros.&nbsp;<\/p>\n\n\n\n<h3 class=\"wp-block-heading\">Publicaciones representativas:&nbsp;<\/h3>\n\n\n\n<ul class=\"wp-block-list\">\n<li>P.E. HANSON, RAM\u00cdREZ, W. 2006. Familia Agaoniade. In Hymenoptera de la Regi\u00f3n Tropical: 310-322 ed. Hansen P.E., I.D. Gauld. The American Entomological Institute Gainsville, Florida pp. 994.<\/li>\n\n\n\n<li>RAMIREZ B., W. 2000. Management of comercial colonies of Africanizad bees in Costa Rica. In. abstract Second International Conference Abstract No. 4 Arizona USA.: 3.<\/li>\n\n\n\n<li>RAM\u00cdREZ B., W. 2003. Deshoja de Plantas de Caf\u00e9 por Tr\u00edgona corvina Cockerell (Apidae: Meliponinae) alrededor de su nido. Memorias III Seminario Mesoamericano sobre Abejas sin Aguij\u00f3n, Tapachula, M\u00e9xico: 121-123.<\/li>\n\n\n\n<li>RAM\u00cdREZ B., W. 2005. The tough Varroa. Am. Bee J. 145 (11): 880.<\/li>\n\n\n\n<li>RAM\u00cdREZ B., W. 2006. Hibridaci\u00f3n interespec\u00edfica en Pasiflora (Pasiflor\u00e1cea), mediante polinizaci\u00f3n manual y caracter\u00edsticas florales para la polinizaci\u00f3n.\u00a0 Lankesteriana 6: 123-131.<\/li>\n\n\n\n<li>RAM\u00cdREZ B., W. 2007. Trabajando con las abejas Africanizadas en Costa Rica. ECAG 41.<\/li>\n\n\n\n<li>RAM\u00cdREZ B., W., 2007. Pollination analogies between Orchidaeae, Ficus (Moraceae) and Asclepiadaeca. Lankesteriana 450-457.<\/li>\n\n\n\n<li>RAM\u00cdREZ et al. 2008. Sex ratio in two Pegoscapus species (Hymenoptera: Agaonidae) can wasps do mathematics, or play sex ratio games? Revista de Biolog\u00eda Tropical. 57: 605-64.<\/li>\n\n\n\n<li>RAM\u00cdREZ Y ROJAS, G. 2007 Morphological characterization\u00a0\u00a0 of the artificial hybrid between Slanhopea costarricensis and Stanhopea cirrhata (Orchidaceae).\u00a0 Lankesteriana 503-507.<\/li>\n<\/ul>","protected":false},"excerpt":{"rendered":"<p>&nbsp;William&nbsp;Ram\u00edrez Benavides Acad\u00e9mico de N\u00famero William Ram\u00edrez&nbsp; estudia temas como la taxonom\u00eda y biosistem\u00e1tica de Ficus (higueras) y de los agaonidos y sus polinizadores, coevoluci\u00f3n, polinizaci\u00f3n de plantas tropicales, biolog\u00eda y manejo de las abejas de miel (Apis&nbsp; mellifera) y biolog\u00eda y morfolog\u00eda de Varroa jacobsoni Oud.&nbsp; Ha ocupado los siguientes cargos: Asistente de Investigaci\u00f3n [&hellip;]<\/p>\n","protected":false},"author":1,"featured_media":505,"parent":0,"menu_order":0,"comment_status":"closed","ping_status":"closed","template":"","meta":{"footnotes":""},"class_list":["post-565","page","type-page","status-publish","has-post-thumbnail","hentry"],"yoast_head":"<!-- This site is optimized with the Yoast SEO plugin v27.3 - https:\/\/yoast.com\/product\/yoast-seo-wordpress\/ -->\n<title>\u00a0William\u00a0Ram\u00edrez Benavides - ANC<\/title>\n<meta name=\"robots\" content=\"index, follow, max-snippet:-1, max-image-preview:large, max-video-preview:-1\" \/>\n<link rel=\"canonical\" href=\"https:\/\/www.anc.cr\/en\/william-ramirez-benavides\/\" \/>\n<meta property=\"og:locale\" content=\"en_US\" \/>\n<meta property=\"og:type\" content=\"article\" \/>\n<meta property=\"og:title\" content=\"\u00a0William\u00a0Ram\u00edrez Benavides - ANC\" \/>\n<meta property=\"og:description\" content=\"&nbsp;William&nbsp;Ram\u00edrez Benavides Acad\u00e9mico de N\u00famero William Ram\u00edrez&nbsp; estudia temas como la taxonom\u00eda y biosistem\u00e1tica de Ficus (higueras) y de los agaonidos y sus polinizadores, coevoluci\u00f3n, polinizaci\u00f3n de plantas tropicales, biolog\u00eda y manejo de las abejas de miel (Apis&nbsp; mellifera) y biolog\u00eda y morfolog\u00eda de Varroa jacobsoni Oud.&nbsp; Ha ocupado los siguientes cargos: Asistente de Investigaci\u00f3n [&hellip;]\" \/>\n<meta property=\"og:url\" content=\"https:\/\/www.anc.cr\/en\/william-ramirez-benavides\/\" \/>\n<meta property=\"og:site_name\" content=\"ANC\" \/>\n<meta property=\"article:modified_time\" content=\"2024-07-09T10:44:32+00:00\" \/>\n<meta property=\"og:image\" content=\"https:\/\/www.anc.cr\/wp-content\/uploads\/2024\/07\/image-31.png\" \/>\n\t<meta property=\"og:image:width\" content=\"400\" \/>\n\t<meta property=\"og:image:height\" content=\"400\" \/>\n\t<meta property=\"og:image:type\" content=\"image\/png\" \/>\n<meta name=\"twitter:card\" content=\"summary_large_image\" \/>\n<meta name=\"twitter:label1\" content=\"Est. reading time\" \/>\n\t<meta name=\"twitter:data1\" content=\"3 minutes\" \/>\n<script type=\"application\/ld+json\" class=\"yoast-schema-graph\">{\"@context\":\"https:\\\/\\\/schema.org\",\"@graph\":[{\"@type\":\"WebPage\",\"@id\":\"https:\\\/\\\/www.anc.cr\\\/william-ramirez-benavides\\\/\",\"url\":\"https:\\\/\\\/www.anc.cr\\\/william-ramirez-benavides\\\/\",\"name\":\"\u00a0William\u00a0Ram\u00edrez Benavides - ANC\",\"isPartOf\":{\"@id\":\"https:\\\/\\\/www.anc.cr\\\/#website\"},\"primaryImageOfPage\":{\"@id\":\"https:\\\/\\\/www.anc.cr\\\/william-ramirez-benavides\\\/#primaryimage\"},\"image\":{\"@id\":\"https:\\\/\\\/www.anc.cr\\\/william-ramirez-benavides\\\/#primaryimage\"},\"thumbnailUrl\":\"https:\\\/\\\/www.anc.cr\\\/wp-content\\\/uploads\\\/2024\\\/07\\\/image-31.png\",\"datePublished\":\"2024-07-09T10:44:27+00:00\",\"dateModified\":\"2024-07-09T10:44:32+00:00\",\"breadcrumb\":{\"@id\":\"https:\\\/\\\/www.anc.cr\\\/william-ramirez-benavides\\\/#breadcrumb\"},\"inLanguage\":\"en-US\",\"potentialAction\":[{\"@type\":\"ReadAction\",\"target\":[\"https:\\\/\\\/www.anc.cr\\\/william-ramirez-benavides\\\/\"]}]},{\"@type\":\"ImageObject\",\"inLanguage\":\"en-US\",\"@id\":\"https:\\\/\\\/www.anc.cr\\\/william-ramirez-benavides\\\/#primaryimage\",\"url\":\"https:\\\/\\\/www.anc.cr\\\/wp-content\\\/uploads\\\/2024\\\/07\\\/image-31.png\",\"contentUrl\":\"https:\\\/\\\/www.anc.cr\\\/wp-content\\\/uploads\\\/2024\\\/07\\\/image-31.png\",\"width\":400,\"height\":400},{\"@type\":\"BreadcrumbList\",\"@id\":\"https:\\\/\\\/www.anc.cr\\\/william-ramirez-benavides\\\/#breadcrumb\",\"itemListElement\":[{\"@type\":\"ListItem\",\"position\":1,\"name\":\"Portada\",\"item\":\"https:\\\/\\\/www.anc.cr\\\/\"},{\"@type\":\"ListItem\",\"position\":2,\"name\":\"\u00a0William\u00a0Ram\u00edrez Benavides\"}]},{\"@type\":\"WebSite\",\"@id\":\"https:\\\/\\\/www.anc.cr\\\/#website\",\"url\":\"https:\\\/\\\/www.anc.cr\\\/\",\"name\":\"ANC\",\"description\":\"Academia Nacional de Ciencias\",\"publisher\":{\"@id\":\"https:\\\/\\\/www.anc.cr\\\/#organization\"},\"potentialAction\":[{\"@type\":\"SearchAction\",\"target\":{\"@type\":\"EntryPoint\",\"urlTemplate\":\"https:\\\/\\\/www.anc.cr\\\/?s={search_term_string}\"},\"query-input\":{\"@type\":\"PropertyValueSpecification\",\"valueRequired\":true,\"valueName\":\"search_term_string\"}}],\"inLanguage\":\"en-US\"},{\"@type\":\"Organization\",\"@id\":\"https:\\\/\\\/www.anc.cr\\\/#organization\",\"name\":\"ANC\",\"url\":\"https:\\\/\\\/www.anc.cr\\\/\",\"logo\":{\"@type\":\"ImageObject\",\"inLanguage\":\"en-US\",\"@id\":\"https:\\\/\\\/www.anc.cr\\\/#\\\/schema\\\/logo\\\/image\\\/\",\"url\":\"https:\\\/\\\/www.anc.cr\\\/wp-content\\\/uploads\\\/2024\\\/07\\\/Logo-ANC-CR.png\",\"contentUrl\":\"https:\\\/\\\/www.anc.cr\\\/wp-content\\\/uploads\\\/2024\\\/07\\\/Logo-ANC-CR.png\",\"width\":1051,\"height\":593,\"caption\":\"ANC\"},\"image\":{\"@id\":\"https:\\\/\\\/www.anc.cr\\\/#\\\/schema\\\/logo\\\/image\\\/\"}}]}<\/script>\n<!-- \/ Yoast SEO plugin. -->","yoast_head_json":{"title":"\u00a0William\u00a0Ram\u00edrez Benavides - ANC","robots":{"index":"index","follow":"follow","max-snippet":"max-snippet:-1","max-image-preview":"max-image-preview:large","max-video-preview":"max-video-preview:-1"},"canonical":"https:\/\/www.anc.cr\/en\/william-ramirez-benavides\/","og_locale":"en_US","og_type":"article","og_title":"\u00a0William\u00a0Ram\u00edrez Benavides - ANC","og_description":"&nbsp;William&nbsp;Ram\u00edrez Benavides Acad\u00e9mico de N\u00famero William Ram\u00edrez&nbsp; estudia temas como la taxonom\u00eda y biosistem\u00e1tica de Ficus (higueras) y de los agaonidos y sus polinizadores, coevoluci\u00f3n, polinizaci\u00f3n de plantas tropicales, biolog\u00eda y manejo de las abejas de miel (Apis&nbsp; mellifera) y biolog\u00eda y morfolog\u00eda de Varroa jacobsoni Oud.&nbsp; Ha ocupado los siguientes cargos: Asistente de Investigaci\u00f3n [&hellip;]","og_url":"https:\/\/www.anc.cr\/en\/william-ramirez-benavides\/","og_site_name":"ANC","article_modified_time":"2024-07-09T10:44:32+00:00","og_image":[{"width":400,"height":400,"url":"https:\/\/www.anc.cr\/wp-content\/uploads\/2024\/07\/image-31.png","type":"image\/png"}],"twitter_card":"summary_large_image","twitter_misc":{"Est. reading time":"3 minutes"},"schema":{"@context":"https:\/\/schema.org","@graph":[{"@type":"WebPage","@id":"https:\/\/www.anc.cr\/william-ramirez-benavides\/","url":"https:\/\/www.anc.cr\/william-ramirez-benavides\/","name":"\u00a0William\u00a0Ram\u00edrez Benavides - ANC","isPartOf":{"@id":"https:\/\/www.anc.cr\/#website"},"primaryImageOfPage":{"@id":"https:\/\/www.anc.cr\/william-ramirez-benavides\/#primaryimage"},"image":{"@id":"https:\/\/www.anc.cr\/william-ramirez-benavides\/#primaryimage"},"thumbnailUrl":"https:\/\/www.anc.cr\/wp-content\/uploads\/2024\/07\/image-31.png","datePublished":"2024-07-09T10:44:27+00:00","dateModified":"2024-07-09T10:44:32+00:00","breadcrumb":{"@id":"https:\/\/www.anc.cr\/william-ramirez-benavides\/#breadcrumb"},"inLanguage":"en-US","potentialAction":[{"@type":"ReadAction","target":["https:\/\/www.anc.cr\/william-ramirez-benavides\/"]}]},{"@type":"ImageObject","inLanguage":"en-US","@id":"https:\/\/www.anc.cr\/william-ramirez-benavides\/#primaryimage","url":"https:\/\/www.anc.cr\/wp-content\/uploads\/2024\/07\/image-31.png","contentUrl":"https:\/\/www.anc.cr\/wp-content\/uploads\/2024\/07\/image-31.png","width":400,"height":400},{"@type":"BreadcrumbList","@id":"https:\/\/www.anc.cr\/william-ramirez-benavides\/#breadcrumb","itemListElement":[{"@type":"ListItem","position":1,"name":"Portada","item":"https:\/\/www.anc.cr\/"},{"@type":"ListItem","position":2,"name":"\u00a0William\u00a0Ram\u00edrez Benavides"}]},{"@type":"WebSite","@id":"https:\/\/www.anc.cr\/#website","url":"https:\/\/www.anc.cr\/","name":"ANC","description":"Academia Nacional de Ciencias","publisher":{"@id":"https:\/\/www.anc.cr\/#organization"},"potentialAction":[{"@type":"SearchAction","target":{"@type":"EntryPoint","urlTemplate":"https:\/\/www.anc.cr\/?s={search_term_string}"},"query-input":{"@type":"PropertyValueSpecification","valueRequired":true,"valueName":"search_term_string"}}],"inLanguage":"en-US"},{"@type":"Organization","@id":"https:\/\/www.anc.cr\/#organization","name":"ANC","url":"https:\/\/www.anc.cr\/","logo":{"@type":"ImageObject","inLanguage":"en-US","@id":"https:\/\/www.anc.cr\/#\/schema\/logo\/image\/","url":"https:\/\/www.anc.cr\/wp-content\/uploads\/2024\/07\/Logo-ANC-CR.png","contentUrl":"https:\/\/www.anc.cr\/wp-content\/uploads\/2024\/07\/Logo-ANC-CR.png","width":1051,"height":593,"caption":"ANC"},"image":{"@id":"https:\/\/www.anc.cr\/#\/schema\/logo\/image\/"}}]}},"_links":{"self":[{"href":"https:\/\/www.anc.cr\/en\/wp-json\/wp\/v2\/pages\/565","targetHints":{"allow":["GET"]}}],"collection":[{"href":"https:\/\/www.anc.cr\/en\/wp-json\/wp\/v2\/pages"}],"about":[{"href":"https:\/\/www.anc.cr\/en\/wp-json\/wp\/v2\/types\/page"}],"author":[{"embeddable":true,"href":"https:\/\/www.anc.cr\/en\/wp-json\/wp\/v2\/users\/1"}],"replies":[{"embeddable":true,"href":"https:\/\/www.anc.cr\/en\/wp-json\/wp\/v2\/comments?post=565"}],"version-history":[{"count":1,"href":"https:\/\/www.anc.cr\/en\/wp-json\/wp\/v2\/pages\/565\/revisions"}],"predecessor-version":[{"id":576,"href":"https:\/\/www.anc.cr\/en\/wp-json\/wp\/v2\/pages\/565\/revisions\/576"}],"wp:featuredmedia":[{"embeddable":true,"href":"https:\/\/www.anc.cr\/en\/wp-json\/wp\/v2\/media\/505"}],"wp:attachment":[{"href":"https:\/\/www.anc.cr\/en\/wp-json\/wp\/v2\/media?parent=565"}],"curies":[{"name":"wp","href":"https:\/\/api.w.org\/{rel}","templated":true}]}}