{"id":564,"date":"2024-07-09T04:43:13","date_gmt":"2024-07-09T10:43:13","guid":{"rendered":"http:\/\/anc.local\/?page_id=564"},"modified":"2025-08-19T09:12:57","modified_gmt":"2025-08-19T15:12:57","slug":"marta-torres-losilla","status":"publish","type":"page","link":"https:\/\/www.anc.cr\/en\/marta-torres-losilla\/","title":{"rendered":"Marta E. Torres Losilla"},"content":{"rendered":"<div class=\"wp-block-group alignfull has-global-padding is-layout-constrained wp-container-core-group-is-layout-cb151cc7 wp-block-group-is-layout-constrained\" style=\"margin-top:0;margin-bottom:0;padding-top:0;padding-right:var(--wp--preset--spacing--50);padding-bottom:0;padding-left:var(--wp--preset--spacing--50)\">\n<div class=\"wp-block-columns alignwide are-vertically-aligned-center is-layout-flex wp-container-core-columns-is-layout-47c06fe3 wp-block-columns-is-layout-flex\">\n<div class=\"wp-block-column is-vertically-aligned-center is-layout-flow wp-block-column-is-layout-flow\" style=\"flex-basis:50%\">\n<h3 class=\"wp-block-heading has-x-large-font-size\">Marta E. Torres Losilla<\/h3>\n\n\n\n<p>Acad\u00e9mico de N\u00famero<\/p>\n\n\n\n<p><\/p>\n\n\n\n<p>Catedr\u00e1tica Em\u00e9rita en el Departamento de Ciencias de la Tierra, Mar y Atm\u00f3sfera, (CEOAS) en la Universidad Estatal de Oreg\u00f3n.<\/p>\n\n\n\n<ul class=\"wp-block-list\">\n<li>Bachiller en Qu\u00edmica, Universidad de Costa Rica (1976).<\/li>\n\n\n\n<li>MSc. en Oceanograf\u00eda Qu\u00edmica, Universidad Estatal de Oreg\u00f3n, EEUU (1983).<\/li>\n\n\n\n<li>PhD. en Geolog\u00eda Marina, Universidad Estatal de Oreg\u00f3n, EEUU (1988).<\/li>\n\n\n\n<li>Postdoctorado en Oceanograf\u00eda, Texas A&amp;M University (1987)<\/li>\n<\/ul>\n<\/div>\n\n\n\n<div class=\"wp-block-column is-vertically-aligned-center is-layout-flow wp-block-column-is-layout-flow\" style=\"flex-basis:50%\"><figure style=\"width:500px;height:500px;\" class=\"wp-block-post-featured-image\"><img decoding=\"async\" width=\"685\" height=\"914\" src=\"https:\/\/www.anc.cr\/wp-content\/uploads\/2025\/08\/DRA.-MARTA-TORRES.jpg\" class=\"attachment-post-thumbnail size-post-thumbnail wp-post-image\" alt=\"\" style=\"height:500px;object-fit:cover;\" srcset=\"https:\/\/www.anc.cr\/wp-content\/uploads\/2025\/08\/DRA.-MARTA-TORRES.jpg 685w, https:\/\/www.anc.cr\/wp-content\/uploads\/2025\/08\/DRA.-MARTA-TORRES-225x300.jpg 225w, https:\/\/www.anc.cr\/wp-content\/uploads\/2025\/08\/DRA.-MARTA-TORRES-9x12.jpg 9w\" sizes=\"(max-width: 685px) 100vw, 685px\" \/><\/figure><\/div>\n<\/div>\n<\/div>\n\n\n\n<div style=\"height:10px\" aria-hidden=\"true\" class=\"wp-block-spacer\"><\/div>\n\n\n\n<hr class=\"wp-block-separator has-alpha-channel-opacity\"\/>\n\n\n\n<div style=\"height:15px\" aria-hidden=\"true\" class=\"wp-block-spacer\"><\/div>\n\n\n\n<p>Marta E. Torres Losilla es una geoqu\u00edmica marina especializada en la utilizaci\u00f3n de an\u00e1lices qu\u00edmicos de sedimentos marinos y aguas intersticiales y sus aplicaciones al estudio de surgencias fr\u00edas en m\u00e1rgenes activos; mecanismos de transporte de fluidos a trav\u00e9s de estratos geol\u00f3gicos; procesos din\u00e1micos de formaci\u00f3n de hidratos de metano; formaci\u00f3n de minerales aut\u00edgenos, y en la influencia de comunidades microbiol\u00f3gicas en la alteraci\u00f3n de componentes sedimentarios. Para estos estudios ha recibido financiamiento en EEUU a trav\u00e9s de la Fundaci\u00f3n Nacional de Ciencia (NSF), del Departamento de Energ\u00eda y del Servicio Geol\u00f3gico de los Estados Unidos (USGS).<\/p>\n\n\n\n<p>Se ha desempe\u00f1ado como cient\u00edfica de apoyo de programa internacional de perforaciones marinas (IODP), donde tambi\u00e9n dirigi\u00f3 varios comit\u00e9s de evaluaci\u00f3n e implementaci\u00f3n de proyectos. Adem\u00e1s ha ocupado cargos como cient\u00edfica de investigaci\u00f3n en el Instituto GEOMAR de la Universidad de Kiel, Alemania (1991-1993), y como profesora de oceanograf\u00eda en la Universidad Estatal de Oreg\u00f3n desde 1994, de donde se pension\u00f3 como catedr\u00e1tica en 2022.<\/p>\n\n\n\n<p>Ha participado en 25 expediciones marinas en los oc\u00e9anos Pac\u00edfico, Atl\u00e1ntico, Indico, y Ant\u00e1rtico. Estas incluyen 12 expediciones de perforaci\u00f3n en varias localidades del margen activo del Oc\u00e9ano Pac\u00edfico (Chile, Per\u00fa, Costa Rica, Oreg\u00f3n, Jap\u00f3n, Korea, Nueva Zelandia y Sumatra), 4 expediciones en le sumergible Alvin, y 5 expediciones utilizando sumergibles a control remoto.&nbsp;<\/p>\n\n\n\n<p>Ha pertenecido a comit\u00e9s cient\u00edficos de varias organizaciones a nivel internacional. Fue designada como Instructora Distinguida por la Asociaci\u00f3n Nacional de Educadores de Ciencias Geol\u00f3gicas en EEUU en 2005. Recibi\u00f3 el premio Helios de la British Petroleum en 2007 por su participaci\u00f3n en el proyecto de perforaci\u00f3n de hidratos de metano en la costa norte de Alaska. Fue reconocida con el premio de Excelencia en Mentor\u00eda en el Departamento de Ciencias de la Tierra, Mar y Atmosfera, (CEOAS) en la Universidad Estatal de Oreg\u00f3n en 2011. Fue reconocida con becas honor\u00edficas por el Hanse-Wissenschaftskolleg (Instituto de Estudios Avanzados) en Alemania en 2014 y 2024.&nbsp; Recibi\u00f3 el reconocimiento de \u201cFellow\u201d de la Sociedad Geol\u00f3gica de EUA en 2013 y de la Sociedad Geoqu\u00edmica Europea in 2020.<\/p>\n\n\n\n<p>Ha sido invitada como ponente a muchas conferencias en instituciones acad\u00e9micas en Estados Unidos, Europa, Korea e India. Ha sido autora en m\u00e1s de 130 publicaciones en revistas cient\u00edficas internacionales.<\/p>\n\n\n\n<h3 class=\"wp-block-heading\">Publicaciones representativas de los \u00faltimos 10 a\u00f1os:\u00a0<\/h3>\n\n\n\n<ul class=\"wp-block-list\">\n<li>Klasek, S.A., Torres, M.E., Loher, M., Bohrmann, G., Pape, T. and Colwell, F.S., 2019. Deep-sourced fluids from a convergent margin host distinct subseafloor microbial communities that change upon mud flow expulsion. <em>Frontiers in Microbiology<\/em>, <em>10<\/em>, p.1436.<\/li>\n\n\n\n<li>Riedinger, N., Torres, M.E., Screaton, E., Solomon, E.A., Kutterolf, S., Schindlbeck\u2010Belo, J., Formolo, M.J., Lyons, T.W. and Vannucchi, P., 2019. Interplay of subduction tectonics, sedimentation, and carbon cycling. <em>Geochemistry, Geophysics, Geosystems<\/em>.<\/li>\n\n\n\n<li>Screaton, E.J., Torres, M.E., Dugan, B., Heeschen, K.U., Mountjoy, J.J., Ayres, C., Rose, P.S., Pecher, I.A., Barnes, P.M. and LeVay, L.J., 2019. Sedimentation Controls on Methane\u2010Hydrate Dynamics Across Glacial\/Interglacial Stages: An Example From International Ocean Discovery Program Site U1517, Hikurangi Margin. <em>Geochemistry, Geophysics, Geosystems<\/em>.<\/li>\n\n\n\n<li>Klasek, S., Torres, M.E., Bartlett, D.H., Tyler, M., Hong, W.L. and Colwell, F., 2019. Microbial communities from Arctic marine sediments respond slowly to methane addition during ex situ enrichments. <em>Environmental Microbiology<\/em>.<\/li>\n\n\n\n<li>Torres, M.E., Hong, W.L., Solomon, E.A., Milliken, K., Kim, J.H., Sample, J.C., Teichert, B.M. and Wallmann, K., 2020. Silicate weathering in anoxic marine sediment as a requirement for authigenic carbonate burial. <em>Earth-Science Reviews<\/em>, <em>200<\/em>, p.102960.<\/li>\n\n\n\n<li>Luo M, Torres ME, Hong WL, Pape T, Fronzek J, Kutterolf S, Mountjoy JJ, Orpin A, Henkel S, Huhn K, Chen D. Impact of iron release by volcanic ash alteration on carbon cycling in sediments of the northern Hikurangi margin. <em>Earth and Planetary Science Letters<\/em>. 2020; 541:116288.<\/li>\n\n\n\n<li>Luo M, Torres ME, Kasten S, Mountjoy JJ. Constraining the age and evolution of the Tuaheni Landslide Complex, Hikurangi Margin, New Zealand using pore\u2010water geochemistry and numerical modeling. <em>Geophysical Research Letters<\/em>. 2020:e2020GL087243.<\/li>\n\n\n\n<li>Klasek, S.A., Hong, W.L., Torres, M.E., Ross, S., Hostetler, K., Portnov, A., Gr\u00fcndger, F. and Colwell, F.S., 2021. Distinct methane-dependent biogeochemical states in Arctic seafloor gas hydrate mounds. <em>Nature communications<\/em>, <em>12<\/em>(1), pp.1-13.<\/li>\n\n\n\n<li>Kim, J.H., Hong, W.L., Torres, M.E., Ryu, J.S., Kang, M.H., Han, D., Nam, S.I., Hur, J., Koh, D.C., Niessen, F. and Lee, D.H., 2021. A pulse of meteoric subsurface fluid discharging into the Chukchi Sea during the Early Holocene Thermal Maximum (EHTM). <em>Geochemistry, Geophysics, Geosystems<\/em>, <em>22<\/em>(8), p.e2021GC009750.<\/li>\n\n\n\n<li>Seabrook, S., Torres, M.E., Baumberger, T., Butterfield, D., Roe, K., Cummings, M., Crawford, R. and Thurber, A.R., 2024. Ubiquitous but unique: Water depth and oceanographic attributes shape methane seep communities. <em>Limnology and Oceanography<\/em>, 69(5), pp.1218-1232.<\/li>\n\n\n\n<li>Luo, M., Yu, M., Torres, M.E., Solomon, E.A., Gieskes, J., You, C.F., Kong, L. and Chen, D., 2024. Volcanic ash alteration triggers active sedimentary lithium cycling: Insights from lithium isotopic compositions of pore fluids and sediments in the Hikurangi subduction zone. <em>Earth and Planetary Science Letters<\/em>, <em>642<\/em>, p.118854.<\/li>\n\n\n\n<li>Aylward, I., Solomon, E., Torres, M. and Harris, R., 2025. Geochemical and thermal constraints on the Hikurangi subduction zone hydrogeologic system and its role in slow slip. <em>Geochemistry, Geophysics, Geosystems<\/em>, <em>26<\/em>(3), p.e2024GC011778.<\/li>\n<\/ul>","protected":false},"excerpt":{"rendered":"<p>Marta E. Torres Losilla Acad\u00e9mico de N\u00famero Catedr\u00e1tica Em\u00e9rita en el Departamento de Ciencias de la Tierra, Mar y Atm\u00f3sfera, (CEOAS) en la Universidad Estatal de Oreg\u00f3n. Marta E. Torres Losilla es una geoqu\u00edmica marina especializada en la utilizaci\u00f3n de an\u00e1lices qu\u00edmicos de sedimentos marinos y aguas intersticiales y sus aplicaciones al estudio de surgencias [&hellip;]<\/p>\n","protected":false},"author":1,"featured_media":2632,"parent":0,"menu_order":0,"comment_status":"closed","ping_status":"closed","template":"","meta":{"footnotes":""},"class_list":["post-564","page","type-page","status-publish","has-post-thumbnail","hentry"],"yoast_head":"<!-- This site is optimized with the Yoast SEO plugin v27.3 - https:\/\/yoast.com\/product\/yoast-seo-wordpress\/ -->\n<title>Marta E. Torres Losilla - ANC<\/title>\n<meta name=\"robots\" content=\"index, follow, max-snippet:-1, max-image-preview:large, max-video-preview:-1\" \/>\n<link rel=\"canonical\" href=\"https:\/\/www.anc.cr\/en\/marta-torres-losilla\/\" \/>\n<meta property=\"og:locale\" content=\"en_US\" \/>\n<meta property=\"og:type\" content=\"article\" \/>\n<meta property=\"og:title\" content=\"Marta E. Torres Losilla - ANC\" \/>\n<meta property=\"og:description\" content=\"Marta E. Torres Losilla Acad\u00e9mico de N\u00famero Catedr\u00e1tica Em\u00e9rita en el Departamento de Ciencias de la Tierra, Mar y Atm\u00f3sfera, (CEOAS) en la Universidad Estatal de Oreg\u00f3n. Marta E. Torres Losilla es una geoqu\u00edmica marina especializada en la utilizaci\u00f3n de an\u00e1lices qu\u00edmicos de sedimentos marinos y aguas intersticiales y sus aplicaciones al estudio de surgencias [&hellip;]\" \/>\n<meta property=\"og:url\" content=\"https:\/\/www.anc.cr\/en\/marta-torres-losilla\/\" \/>\n<meta property=\"og:site_name\" content=\"ANC\" \/>\n<meta property=\"article:modified_time\" content=\"2025-08-19T15:12:57+00:00\" \/>\n<meta property=\"og:image\" content=\"https:\/\/www.anc.cr\/wp-content\/uploads\/2025\/08\/DRA.-MARTA-TORRES.jpg\" \/>\n\t<meta property=\"og:image:width\" content=\"685\" \/>\n\t<meta property=\"og:image:height\" content=\"914\" \/>\n\t<meta property=\"og:image:type\" content=\"image\/jpeg\" \/>\n<meta name=\"twitter:card\" content=\"summary_large_image\" \/>\n<meta name=\"twitter:label1\" content=\"Est. reading time\" \/>\n\t<meta name=\"twitter:data1\" content=\"5 minutes\" \/>\n<script type=\"application\/ld+json\" class=\"yoast-schema-graph\">{\"@context\":\"https:\\\/\\\/schema.org\",\"@graph\":[{\"@type\":\"WebPage\",\"@id\":\"https:\\\/\\\/www.anc.cr\\\/marta-torres-losilla\\\/\",\"url\":\"https:\\\/\\\/www.anc.cr\\\/marta-torres-losilla\\\/\",\"name\":\"Marta E. Torres Losilla - ANC\",\"isPartOf\":{\"@id\":\"https:\\\/\\\/www.anc.cr\\\/#website\"},\"primaryImageOfPage\":{\"@id\":\"https:\\\/\\\/www.anc.cr\\\/marta-torres-losilla\\\/#primaryimage\"},\"image\":{\"@id\":\"https:\\\/\\\/www.anc.cr\\\/marta-torres-losilla\\\/#primaryimage\"},\"thumbnailUrl\":\"https:\\\/\\\/www.anc.cr\\\/wp-content\\\/uploads\\\/2025\\\/08\\\/DRA.-MARTA-TORRES.jpg\",\"datePublished\":\"2024-07-09T10:43:13+00:00\",\"dateModified\":\"2025-08-19T15:12:57+00:00\",\"breadcrumb\":{\"@id\":\"https:\\\/\\\/www.anc.cr\\\/marta-torres-losilla\\\/#breadcrumb\"},\"inLanguage\":\"en-US\",\"potentialAction\":[{\"@type\":\"ReadAction\",\"target\":[\"https:\\\/\\\/www.anc.cr\\\/marta-torres-losilla\\\/\"]}]},{\"@type\":\"ImageObject\",\"inLanguage\":\"en-US\",\"@id\":\"https:\\\/\\\/www.anc.cr\\\/marta-torres-losilla\\\/#primaryimage\",\"url\":\"https:\\\/\\\/www.anc.cr\\\/wp-content\\\/uploads\\\/2025\\\/08\\\/DRA.-MARTA-TORRES.jpg\",\"contentUrl\":\"https:\\\/\\\/www.anc.cr\\\/wp-content\\\/uploads\\\/2025\\\/08\\\/DRA.-MARTA-TORRES.jpg\",\"width\":685,\"height\":914},{\"@type\":\"BreadcrumbList\",\"@id\":\"https:\\\/\\\/www.anc.cr\\\/marta-torres-losilla\\\/#breadcrumb\",\"itemListElement\":[{\"@type\":\"ListItem\",\"position\":1,\"name\":\"Portada\",\"item\":\"https:\\\/\\\/www.anc.cr\\\/\"},{\"@type\":\"ListItem\",\"position\":2,\"name\":\"Marta E. Torres Losilla\"}]},{\"@type\":\"WebSite\",\"@id\":\"https:\\\/\\\/www.anc.cr\\\/#website\",\"url\":\"https:\\\/\\\/www.anc.cr\\\/\",\"name\":\"ANC\",\"description\":\"Academia Nacional de Ciencias\",\"publisher\":{\"@id\":\"https:\\\/\\\/www.anc.cr\\\/#organization\"},\"potentialAction\":[{\"@type\":\"SearchAction\",\"target\":{\"@type\":\"EntryPoint\",\"urlTemplate\":\"https:\\\/\\\/www.anc.cr\\\/?s={search_term_string}\"},\"query-input\":{\"@type\":\"PropertyValueSpecification\",\"valueRequired\":true,\"valueName\":\"search_term_string\"}}],\"inLanguage\":\"en-US\"},{\"@type\":\"Organization\",\"@id\":\"https:\\\/\\\/www.anc.cr\\\/#organization\",\"name\":\"ANC\",\"url\":\"https:\\\/\\\/www.anc.cr\\\/\",\"logo\":{\"@type\":\"ImageObject\",\"inLanguage\":\"en-US\",\"@id\":\"https:\\\/\\\/www.anc.cr\\\/#\\\/schema\\\/logo\\\/image\\\/\",\"url\":\"https:\\\/\\\/www.anc.cr\\\/wp-content\\\/uploads\\\/2024\\\/07\\\/Logo-ANC-CR.png\",\"contentUrl\":\"https:\\\/\\\/www.anc.cr\\\/wp-content\\\/uploads\\\/2024\\\/07\\\/Logo-ANC-CR.png\",\"width\":1051,\"height\":593,\"caption\":\"ANC\"},\"image\":{\"@id\":\"https:\\\/\\\/www.anc.cr\\\/#\\\/schema\\\/logo\\\/image\\\/\"}}]}<\/script>\n<!-- \/ Yoast SEO plugin. -->","yoast_head_json":{"title":"Marta E. Torres Losilla - ANC","robots":{"index":"index","follow":"follow","max-snippet":"max-snippet:-1","max-image-preview":"max-image-preview:large","max-video-preview":"max-video-preview:-1"},"canonical":"https:\/\/www.anc.cr\/en\/marta-torres-losilla\/","og_locale":"en_US","og_type":"article","og_title":"Marta E. Torres Losilla - ANC","og_description":"Marta E. Torres Losilla Acad\u00e9mico de N\u00famero Catedr\u00e1tica Em\u00e9rita en el Departamento de Ciencias de la Tierra, Mar y Atm\u00f3sfera, (CEOAS) en la Universidad Estatal de Oreg\u00f3n. Marta E. Torres Losilla es una geoqu\u00edmica marina especializada en la utilizaci\u00f3n de an\u00e1lices qu\u00edmicos de sedimentos marinos y aguas intersticiales y sus aplicaciones al estudio de surgencias [&hellip;]","og_url":"https:\/\/www.anc.cr\/en\/marta-torres-losilla\/","og_site_name":"ANC","article_modified_time":"2025-08-19T15:12:57+00:00","og_image":[{"width":685,"height":914,"url":"https:\/\/www.anc.cr\/wp-content\/uploads\/2025\/08\/DRA.-MARTA-TORRES.jpg","type":"image\/jpeg"}],"twitter_card":"summary_large_image","twitter_misc":{"Est. reading time":"5 minutes"},"schema":{"@context":"https:\/\/schema.org","@graph":[{"@type":"WebPage","@id":"https:\/\/www.anc.cr\/marta-torres-losilla\/","url":"https:\/\/www.anc.cr\/marta-torres-losilla\/","name":"Marta E. Torres Losilla - ANC","isPartOf":{"@id":"https:\/\/www.anc.cr\/#website"},"primaryImageOfPage":{"@id":"https:\/\/www.anc.cr\/marta-torres-losilla\/#primaryimage"},"image":{"@id":"https:\/\/www.anc.cr\/marta-torres-losilla\/#primaryimage"},"thumbnailUrl":"https:\/\/www.anc.cr\/wp-content\/uploads\/2025\/08\/DRA.-MARTA-TORRES.jpg","datePublished":"2024-07-09T10:43:13+00:00","dateModified":"2025-08-19T15:12:57+00:00","breadcrumb":{"@id":"https:\/\/www.anc.cr\/marta-torres-losilla\/#breadcrumb"},"inLanguage":"en-US","potentialAction":[{"@type":"ReadAction","target":["https:\/\/www.anc.cr\/marta-torres-losilla\/"]}]},{"@type":"ImageObject","inLanguage":"en-US","@id":"https:\/\/www.anc.cr\/marta-torres-losilla\/#primaryimage","url":"https:\/\/www.anc.cr\/wp-content\/uploads\/2025\/08\/DRA.-MARTA-TORRES.jpg","contentUrl":"https:\/\/www.anc.cr\/wp-content\/uploads\/2025\/08\/DRA.-MARTA-TORRES.jpg","width":685,"height":914},{"@type":"BreadcrumbList","@id":"https:\/\/www.anc.cr\/marta-torres-losilla\/#breadcrumb","itemListElement":[{"@type":"ListItem","position":1,"name":"Portada","item":"https:\/\/www.anc.cr\/"},{"@type":"ListItem","position":2,"name":"Marta E. Torres Losilla"}]},{"@type":"WebSite","@id":"https:\/\/www.anc.cr\/#website","url":"https:\/\/www.anc.cr\/","name":"ANC","description":"Academia Nacional de Ciencias","publisher":{"@id":"https:\/\/www.anc.cr\/#organization"},"potentialAction":[{"@type":"SearchAction","target":{"@type":"EntryPoint","urlTemplate":"https:\/\/www.anc.cr\/?s={search_term_string}"},"query-input":{"@type":"PropertyValueSpecification","valueRequired":true,"valueName":"search_term_string"}}],"inLanguage":"en-US"},{"@type":"Organization","@id":"https:\/\/www.anc.cr\/#organization","name":"ANC","url":"https:\/\/www.anc.cr\/","logo":{"@type":"ImageObject","inLanguage":"en-US","@id":"https:\/\/www.anc.cr\/#\/schema\/logo\/image\/","url":"https:\/\/www.anc.cr\/wp-content\/uploads\/2024\/07\/Logo-ANC-CR.png","contentUrl":"https:\/\/www.anc.cr\/wp-content\/uploads\/2024\/07\/Logo-ANC-CR.png","width":1051,"height":593,"caption":"ANC"},"image":{"@id":"https:\/\/www.anc.cr\/#\/schema\/logo\/image\/"}}]}},"_links":{"self":[{"href":"https:\/\/www.anc.cr\/en\/wp-json\/wp\/v2\/pages\/564","targetHints":{"allow":["GET"]}}],"collection":[{"href":"https:\/\/www.anc.cr\/en\/wp-json\/wp\/v2\/pages"}],"about":[{"href":"https:\/\/www.anc.cr\/en\/wp-json\/wp\/v2\/types\/page"}],"author":[{"embeddable":true,"href":"https:\/\/www.anc.cr\/en\/wp-json\/wp\/v2\/users\/1"}],"replies":[{"embeddable":true,"href":"https:\/\/www.anc.cr\/en\/wp-json\/wp\/v2\/comments?post=564"}],"version-history":[{"count":2,"href":"https:\/\/www.anc.cr\/en\/wp-json\/wp\/v2\/pages\/564\/revisions"}],"predecessor-version":[{"id":2422,"href":"https:\/\/www.anc.cr\/en\/wp-json\/wp\/v2\/pages\/564\/revisions\/2422"}],"wp:featuredmedia":[{"embeddable":true,"href":"https:\/\/www.anc.cr\/en\/wp-json\/wp\/v2\/media\/2632"}],"wp:attachment":[{"href":"https:\/\/www.anc.cr\/en\/wp-json\/wp\/v2\/media?parent=564"}],"curies":[{"name":"wp","href":"https:\/\/api.w.org\/{rel}","templated":true}]}}