{"id":551,"date":"2024-07-09T04:31:49","date_gmt":"2024-07-09T10:31:49","guid":{"rendered":"http:\/\/anc.local\/?page_id=551"},"modified":"2024-07-09T04:31:55","modified_gmt":"2024-07-09T10:31:55","slug":"giselle-tamayo-castillo","status":"publish","type":"page","link":"https:\/\/www.anc.cr\/en\/giselle-tamayo-castillo\/","title":{"rendered":"Giselle Tamayo Castillo"},"content":{"rendered":"<div class=\"wp-block-group alignfull has-global-padding is-layout-constrained wp-container-core-group-is-layout-cb151cc7 wp-block-group-is-layout-constrained\" style=\"margin-top:0;margin-bottom:0;padding-top:0;padding-right:var(--wp--preset--spacing--50);padding-bottom:0;padding-left:var(--wp--preset--spacing--50)\">\n<div class=\"wp-block-columns alignwide are-vertically-aligned-center is-layout-flex wp-container-core-columns-is-layout-47c06fe3 wp-block-columns-is-layout-flex\">\n<div class=\"wp-block-column is-vertically-aligned-center is-layout-flow wp-block-column-is-layout-flow\" style=\"flex-basis:50%\">\n<h3 class=\"wp-block-heading has-x-large-font-size\">Giselle Tamayo Castillo<\/h3>\n\n\n\n<p>Acad\u00e9mico de N\u00famero<\/p>\n\n\n\n<p>Asesora Cient\u00edfica Bioprospecci\u00f3n, INBio y Docente e investigadora, catedr\u00e1tica, Universidad de Costa Rica, San Jos\u00e9, Costa Rica.<\/p>\n\n\n\n<ul class=\"wp-block-list\">\n<li>Bachillerato, Qu\u00edmica, Universidad de Costa Rica (1982).<\/li>\n\n\n\n<li>Licenciatura, Qu\u00edmica Org\u00e1nica y Anal\u00edtica, Universidad de Costa Rica (1986).<\/li>\n\n\n\n<li>Doctorado, Ciencias Naturales con \u00e9nfasis en Productos Naturales, Universidad T\u00e9cnica de Berl\u00edn, Alemania (1989).<\/li>\n<\/ul>\n<\/div>\n\n\n\n<div class=\"wp-block-column is-vertically-aligned-center is-layout-flow wp-block-column-is-layout-flow\" style=\"flex-basis:50%\"><figure style=\"width:500px;height:500px;\" class=\"wp-block-post-featured-image\"><img decoding=\"async\" width=\"400\" height=\"266\" src=\"https:\/\/www.anc.cr\/wp-content\/uploads\/2024\/07\/image-11.png\" class=\"attachment-post-thumbnail size-post-thumbnail wp-post-image\" alt=\"\" style=\"height:500px;object-fit:cover;\" srcset=\"https:\/\/www.anc.cr\/wp-content\/uploads\/2024\/07\/image-11.png 400w, https:\/\/www.anc.cr\/wp-content\/uploads\/2024\/07\/image-11-300x200.png 300w\" sizes=\"(max-width: 400px) 100vw, 400px\" \/><\/figure><\/div>\n<\/div>\n<\/div>\n\n\n\n<div style=\"height:10px\" aria-hidden=\"true\" class=\"wp-block-spacer\"><\/div>\n\n\n\n<hr class=\"wp-block-separator has-alpha-channel-opacity\"\/>\n\n\n\n<div style=\"height:15px\" aria-hidden=\"true\" class=\"wp-block-spacer\"><\/div>\n\n\n\n<p>Giselle Tamayo Castillo es Catedr\u00e1tica de la Escuela de Qu\u00edmica de la Universidad de Costa Rica, en d\u00f3nde se desempe\u00f1a como docente e investigadora y ocupa actualmente el puesto de Directora del Centro de Investigaci\u00f3n en Productos Naturales (Ciprona). Fue en varios per\u00edodos directora del Programa de Posgrado en Qu\u00edmica. Fungi\u00f3 adem\u00e1s como presidente del Consejo Director del Conicit, Consejo para las Investigaciones Cient\u00edficas y Tecnol\u00f3gicas, en el per\u00edodo de 2016 al 2021.<\/p>\n\n\n\n<p>Obtuvo el bachillerato y licenciatura en Qu\u00edmica de la Universidad de Costa Rica y posteriormente su doctorado en Ciencias Naturales de la Universidad T\u00e9cnica de Berlin, Alemania, de donde se gradu\u00f3 despu\u00e9s de 3 a\u00f1os y con 12 publicaciones a su haber. Desde el 2012 es miembro de n\u00famero de la Academia Nacional de Ciencias Costarricense, siendo una de las pocas mujeres en ser nombradas en esa Academia. Ha sido tutora de tesis de maestr\u00edas de la Universidad de Costa Rica (desde 2004, todas&nbsp;<em>cum laude<\/em>) y es autora o co-autora de m\u00e1s de 70 art\u00edculos de investigaci\u00f3n cient\u00edfica y 5 cap\u00edtulos de libros. Destacan una publicaci\u00f3n en&nbsp;<em>Nature<\/em>, otra en&nbsp;<em>Nature Communications<\/em>&nbsp;y dos en el&nbsp;<em>Journal of the American Chemical Society<\/em>. La gran mayor\u00eda de las publicaciones se encuentran en revistas de los cuartiles Q1 y Q2 de Scimago.<\/p>\n\n\n\n<p>Ha recibido diferentes distinciones, 2 Premios de &#8220;Aportes a la Excelencia&#8221; (FIFCO), un reconocimiento especial por los &#8220;Aportes a la investigaci\u00f3n en el campo de los Productos Naturales&#8221; del Colegio Federado de Qu\u00edmicos,&nbsp;que adem\u00e1s le otorg\u00f3 el premio de la Qu\u00edmica del A\u00f1o 2022,&nbsp;el Premio de la &#8220;Family of Girolami 2005&#8221; por el art\u00edculo &#8220;In vitro antiviral activity of&nbsp;<em>Chamaecrista nictitans<\/em>&nbsp;(Fabaceae) against herpes simplex virus: Biological characterization of mechanisms of action&#8221;; una menci\u00f3n honor\u00edfica a la creatividad e innovaci\u00f3n de INBio y la dedicaci\u00f3n de una especie:&nbsp;<em>Diradops tamayoae<\/em>, INBio en el a\u00f1o 2001.<\/p>\n\n\n\n<p>Su campo de investigaci\u00f3n actual se centra en el descubrimiento de Productos Naturales a partir de diferentes fuentes, y que potencialmente tengan alg\u00fan valor terap\u00e9utico. Adem\u00e1s, realiza trabajos en metabol\u00f3mica y perfiles qu\u00edmicos, as\u00ed como s\u00edntesis de derivados de Productos Naturales. Su grupo de investigaci\u00f3n actual est\u00e1 conformado por varios estudiantes de maestr\u00eda, todos trabajando actualmente en la tem\u00e1tica de caracterizaci\u00f3n de productos naturales en matrices complejas. El estudiante de maestr\u00eda Rodrigo Mu\u00f1oz se encuentra en etapa intermedia realizando un estudio fitoqu\u00edmico de la fruta del cas (<em>Psidium&nbsp;friedrichsthalianum)<\/em>&nbsp;complementando su estudio con ensayos en ratas Wistar de los extractos obtenidos. El estudiante de maestr\u00eda Daniel Alvarado realiz\u00f3 su trabajo de investigaci\u00f3n en el marco del proyecto de investigaci\u00f3n 809-C0469, &#8220;An\u00e1lisis gen\u00f3mico y postgen\u00f3mico de las rutas biosint\u00e9ticas de producci\u00f3n de antibi\u00f3ticos en Streptomyces sp. M54&#8221;, proyecto de colaboraci\u00f3n con el Dr. Adri\u00e1n Pinto y Dr. Max Chavarr\u00eda y el Lic. Josu\u00e9 Quesada se encuentra haciendo la s\u00edntesis de derivados de triptamina que poseen un grupo de acrilsulf\u00f3xido novedoso, y que podr\u00edan exhibir actividad antiinflamatoria inersante. El estudiante de maestr\u00eda David Morera se encuentra trabajando en un proyecto conjunto con el Dr. Adri\u00e1n Pinto, para el aislamiento y caracterizaci\u00f3n de mol\u00e9culas de actinomicetos con posible actividad antibi\u00f3tica. El estudiante Abel Mora se encuentra estudiando la composici\u00f3n alcaloidal y de pigmentos de extractos de ranas en un proyecto conjunto con la Prof. Heike Pr\u00f6hl, en el marco de DFG-CONARE, para elucidar la relaci\u00f3n del fenotipo aposem\u00e1tico o cr\u00edptico con la toxicidad en ranas del g\u00e9nero&nbsp;<em>Oophaga<\/em>.<\/p>\n\n\n\n<p>Recientemente fue favorecida, junto con su contraparte alemana, la Prof. Heike Pr\u00f6hl, con el financiamiento de un proyecto de investigaci\u00f3n en el marco de DFG-CONARE, que tratar\u00e1 de elucidar la relaci\u00f3n del fenotipo aposem\u00e1tico o cr\u00edptico con la toxicidad en ranas del g\u00e9nero&nbsp;<em>Oophaga<\/em>.<\/p>\n\n\n\n<h3 class=\"wp-block-heading\">Publicaciones representativas:<\/h3>\n\n\n\n<ol class=\"wp-block-list\">\n<li>Tripathi, A.; Schofield, M. M.; Chlipala, G. E.; Schultz, P. J.; Yim, I.; Newmister, S. A.; Nusca, T. D.; Scaglione, J. B.; Hanna, P. C.;\u00a0<strong>Tamayo-Castillo, G<\/strong>.; Sherman, D. H. Baulamycins A and B, Broad-Spectrum Antibiotics Identified as Inhibitors of Siderophore Biosynthesis in\u00a0<em>Staphylococcus aureus<\/em>and\u00a0<em>Bacillus anthracis<\/em>.\u00a0<em>J. Am. Chem. Soc.<\/em>\u00a0<strong>2014<\/strong>,\u00a0<em>136<\/em>:1579-1586.<\/li>\n\n\n\n<li>Park, S.R.; Tripathi, A.; Wu, J.; Schultz, P.; Yim, I.; McQuade, T.J., Yu, F.; Arevang, C-J.; Mensah, A.Y.;\u00a0<strong>Tamayo-Castillo, G<\/strong>.; Xi, C.; Sherman, D.H. Discovery of cahuitamycins as biofilms inhibitors derived from a convergent biosynthetic pathway.\u00a0<em>Nature comm<\/em>.\u00a0<strong>2016,<\/strong>DOI: 10.1038\/ncomms10710\u00a0<\/li>\n\n\n\n<li>\u00a0 \u00a0 \u00a0Quir\u00f3s-Guerrero, L.; Albertazzi, F.; Araya-Valverde, E.; Romero, R.M.; Villalobos, H.; Poveda, L.; Chavarr\u00eda, M.;\u00a0<strong>Tamayo-Castillo, G<\/strong>. Phenolic variation among\u00a0<em>Chamaecrista nictitans<\/em>subspecies and varieties revealed through UPLC-ESI(-)-MS\/MS chemical fingerprinting.\u00a0<em>Metabolomics,<\/em>\u00a0<strong>2019<\/strong>, 15(2),14. DOI: 10.1007\/s11306-019-1475-8<\/li>\n\n\n\n<li>Montoya-Arroyo, A.; D\u00edaz, C.; Vaillant, F.;\u00a0<strong>Tamayo-Castillo, G<\/strong>. Oral administration of Costa Rican guava (<em>Psidium friedrichsthalianum<\/em>) juice induces changes in urinary excretion of energy-related compounds in Wistar rats determined by 1H-NMR.\u00a0<em>NFS Journal<\/em>,\u00a0<strong>2020<\/strong>, 20, 48-57.\u00a0<a href=\"https:\/\/doi.org\/10.1016\/j.nfs.2020.07.003\">Doi.org\/10.1016\/j.nfs.2020.07.003<\/a>.<\/li>\n\n\n\n<li>Matarrita-Carranza, B.; Murillo-Cruz, C.; Avenda\u00f1o, R.; R\u00edos, M. I.; Chavarr\u00eda, M.; G\u00f3mez-Calvo, M. L.;\u00a0<strong>Tamayo-Castillo, G.;<\/strong>Araya, J. J.; Pinto-Tom\u00e1s, A. A.\u00a0<em>Streptomyces<\/em>\u00a0sp.\u00a0M54: an actinobacteria associated with a neotropical social wasp with high potential for antibiotic production.\u00a0<em>Antonie Van Leeuwenhoek<\/em>\u00a0<strong>2021<\/strong>, 114 (4), 379\u2013398.<\/li>\n\n\n\n<li>S\u00e1enz-Castillo, A.; Sanabria-Chinchilla, J.; Garc\u00eda-Pi\u00f1eres, A.J.;\u00a0<strong>Tamayo-Castillo, G.<\/strong>Bioactivity of prenylated hydroxybenzoic acids from\u00a0<em>Piper garagaranum<\/em>\u00a0C.DC.\u00a0<em>Phytochemistry Lett.<\/em>\u00a0<strong>2022<\/strong>, 47:28-33.<\/li>\n\n\n\n<li>Escudero-Leyva, Efra\u00edn, Quir\u00f3s-Guerrero, Luis, V\u00e1squez-Ch\u00e1ves, V\u00edctor, Pereira-Reyes, Reinaldo, Chaverri, Priscila,\u00a0<strong>Tamayo-Castillo, Giselle<\/strong>.\u00a0Differential Volatile Organic Compound Expression in the Interaction of\u00a0<em>Daldinia eschscholtzii<\/em>and\u00a0<em>Mycena citricolor<\/em>.\u00a0<em>ACS Omega<\/em><strong>2023<\/strong>, 8, 31373-31388.<\/li>\n\n\n\n<li>Uma\u00f1a, Eduardo; Solano, Godofredo; Zamora, Gabriel;\u00a0<strong>Tamayo-Castillo, Giselle<\/strong>.\u00a0Costa Rican Propolis Chemical Compositions: Nemorosone Found to be Present in an Exclusive Geographical Zone.\u00a0<em>Molecules\u00a0<\/em><strong>2023,<\/strong>28(20), 7081.\u00a0<\/li>\n\n\n\n<li>Zuffa, S.; Schmid, R.; Bauermeister, A. &#8230;.\u00a0<strong>Tamayo-Castillo, G<\/strong>.; &#8230;. Knight, R.; Wang, M.; Dorrestein. P. MicrobeMASST:\u00a0\u00a0a taxonomically informed mass spectrometry search tool for microbial metabolomics data.\u00a0<em>Nature Microbiology<\/em>.\u00a0<strong>2024,\u00a0<\/strong>9(2), 336\u2013345. https:\/\/doi.org\/10.1038\/s41564-023-01575-9<\/li>\n\n\n\n<li>\u00a0 Gomes\u00a0P. W. P., Mannochio-Russo, H. Schmid, R. &#8230;..\u00a0<strong>Tamayo-Castillo, G.;<\/strong>\u00a0&#8230;..Wang, M.; Dorrestein. P. plantMASST -Community-driven chemotaxonomic digitization of plants.\u00a0<em>Nature.<\/em>\u00a0Submitted.<\/li>\n<\/ol>\n\n\n\n<figure class=\"wp-block-image\"><img decoding=\"async\" src=\"https:\/\/www.anc.cr\/\/images\/ANC\/logoANCFooter.png\" alt=\"\"\/><\/figure>","protected":false},"excerpt":{"rendered":"<p>Giselle Tamayo Castillo Acad\u00e9mico de N\u00famero Asesora Cient\u00edfica Bioprospecci\u00f3n, INBio y Docente e investigadora, catedr\u00e1tica, Universidad de Costa Rica, San Jos\u00e9, Costa Rica. Giselle Tamayo Castillo es Catedr\u00e1tica de la Escuela de Qu\u00edmica de la Universidad de Costa Rica, en d\u00f3nde se desempe\u00f1a como docente e investigadora y ocupa actualmente el puesto de Directora del [&hellip;]<\/p>\n","protected":false},"author":1,"featured_media":479,"parent":0,"menu_order":0,"comment_status":"closed","ping_status":"closed","template":"","meta":{"footnotes":""},"class_list":["post-551","page","type-page","status-publish","has-post-thumbnail","hentry"],"yoast_head":"<!-- This site is optimized with the Yoast SEO plugin v27.3 - https:\/\/yoast.com\/product\/yoast-seo-wordpress\/ -->\n<title>Giselle Tamayo Castillo - ANC<\/title>\n<meta name=\"robots\" content=\"index, follow, max-snippet:-1, max-image-preview:large, max-video-preview:-1\" \/>\n<link rel=\"canonical\" href=\"https:\/\/www.anc.cr\/en\/giselle-tamayo-castillo\/\" \/>\n<meta property=\"og:locale\" content=\"en_US\" \/>\n<meta property=\"og:type\" content=\"article\" \/>\n<meta property=\"og:title\" content=\"Giselle Tamayo Castillo - ANC\" \/>\n<meta property=\"og:description\" content=\"Giselle Tamayo Castillo Acad\u00e9mico de N\u00famero Asesora Cient\u00edfica Bioprospecci\u00f3n, INBio y Docente e investigadora, catedr\u00e1tica, Universidad de Costa Rica, San Jos\u00e9, Costa Rica. Giselle Tamayo Castillo es Catedr\u00e1tica de la Escuela de Qu\u00edmica de la Universidad de Costa Rica, en d\u00f3nde se desempe\u00f1a como docente e investigadora y ocupa actualmente el puesto de Directora del [&hellip;]\" \/>\n<meta property=\"og:url\" content=\"https:\/\/www.anc.cr\/en\/giselle-tamayo-castillo\/\" \/>\n<meta property=\"og:site_name\" content=\"ANC\" \/>\n<meta property=\"article:modified_time\" content=\"2024-07-09T10:31:55+00:00\" \/>\n<meta property=\"og:image\" content=\"https:\/\/www.anc.cr\/wp-content\/uploads\/2024\/07\/image-11.png\" \/>\n\t<meta property=\"og:image:width\" content=\"400\" \/>\n\t<meta property=\"og:image:height\" content=\"266\" \/>\n\t<meta property=\"og:image:type\" content=\"image\/png\" \/>\n<meta name=\"twitter:card\" content=\"summary_large_image\" \/>\n<meta name=\"twitter:label1\" content=\"Est. reading time\" \/>\n\t<meta name=\"twitter:data1\" content=\"6 minutes\" \/>\n<script type=\"application\/ld+json\" class=\"yoast-schema-graph\">{\"@context\":\"https:\\\/\\\/schema.org\",\"@graph\":[{\"@type\":\"WebPage\",\"@id\":\"https:\\\/\\\/www.anc.cr\\\/giselle-tamayo-castillo\\\/\",\"url\":\"https:\\\/\\\/www.anc.cr\\\/giselle-tamayo-castillo\\\/\",\"name\":\"Giselle Tamayo Castillo - ANC\",\"isPartOf\":{\"@id\":\"https:\\\/\\\/www.anc.cr\\\/#website\"},\"primaryImageOfPage\":{\"@id\":\"https:\\\/\\\/www.anc.cr\\\/giselle-tamayo-castillo\\\/#primaryimage\"},\"image\":{\"@id\":\"https:\\\/\\\/www.anc.cr\\\/giselle-tamayo-castillo\\\/#primaryimage\"},\"thumbnailUrl\":\"https:\\\/\\\/www.anc.cr\\\/wp-content\\\/uploads\\\/2024\\\/07\\\/image-11.png\",\"datePublished\":\"2024-07-09T10:31:49+00:00\",\"dateModified\":\"2024-07-09T10:31:55+00:00\",\"breadcrumb\":{\"@id\":\"https:\\\/\\\/www.anc.cr\\\/giselle-tamayo-castillo\\\/#breadcrumb\"},\"inLanguage\":\"en-US\",\"potentialAction\":[{\"@type\":\"ReadAction\",\"target\":[\"https:\\\/\\\/www.anc.cr\\\/giselle-tamayo-castillo\\\/\"]}]},{\"@type\":\"ImageObject\",\"inLanguage\":\"en-US\",\"@id\":\"https:\\\/\\\/www.anc.cr\\\/giselle-tamayo-castillo\\\/#primaryimage\",\"url\":\"https:\\\/\\\/www.anc.cr\\\/wp-content\\\/uploads\\\/2024\\\/07\\\/image-11.png\",\"contentUrl\":\"https:\\\/\\\/www.anc.cr\\\/wp-content\\\/uploads\\\/2024\\\/07\\\/image-11.png\",\"width\":400,\"height\":266},{\"@type\":\"BreadcrumbList\",\"@id\":\"https:\\\/\\\/www.anc.cr\\\/giselle-tamayo-castillo\\\/#breadcrumb\",\"itemListElement\":[{\"@type\":\"ListItem\",\"position\":1,\"name\":\"Portada\",\"item\":\"https:\\\/\\\/www.anc.cr\\\/\"},{\"@type\":\"ListItem\",\"position\":2,\"name\":\"Giselle Tamayo Castillo\"}]},{\"@type\":\"WebSite\",\"@id\":\"https:\\\/\\\/www.anc.cr\\\/#website\",\"url\":\"https:\\\/\\\/www.anc.cr\\\/\",\"name\":\"ANC\",\"description\":\"Academia Nacional de Ciencias\",\"publisher\":{\"@id\":\"https:\\\/\\\/www.anc.cr\\\/#organization\"},\"potentialAction\":[{\"@type\":\"SearchAction\",\"target\":{\"@type\":\"EntryPoint\",\"urlTemplate\":\"https:\\\/\\\/www.anc.cr\\\/?s={search_term_string}\"},\"query-input\":{\"@type\":\"PropertyValueSpecification\",\"valueRequired\":true,\"valueName\":\"search_term_string\"}}],\"inLanguage\":\"en-US\"},{\"@type\":\"Organization\",\"@id\":\"https:\\\/\\\/www.anc.cr\\\/#organization\",\"name\":\"ANC\",\"url\":\"https:\\\/\\\/www.anc.cr\\\/\",\"logo\":{\"@type\":\"ImageObject\",\"inLanguage\":\"en-US\",\"@id\":\"https:\\\/\\\/www.anc.cr\\\/#\\\/schema\\\/logo\\\/image\\\/\",\"url\":\"https:\\\/\\\/www.anc.cr\\\/wp-content\\\/uploads\\\/2024\\\/07\\\/Logo-ANC-CR.png\",\"contentUrl\":\"https:\\\/\\\/www.anc.cr\\\/wp-content\\\/uploads\\\/2024\\\/07\\\/Logo-ANC-CR.png\",\"width\":1051,\"height\":593,\"caption\":\"ANC\"},\"image\":{\"@id\":\"https:\\\/\\\/www.anc.cr\\\/#\\\/schema\\\/logo\\\/image\\\/\"}}]}<\/script>\n<!-- \/ Yoast SEO plugin. -->","yoast_head_json":{"title":"Giselle Tamayo Castillo - ANC","robots":{"index":"index","follow":"follow","max-snippet":"max-snippet:-1","max-image-preview":"max-image-preview:large","max-video-preview":"max-video-preview:-1"},"canonical":"https:\/\/www.anc.cr\/en\/giselle-tamayo-castillo\/","og_locale":"en_US","og_type":"article","og_title":"Giselle Tamayo Castillo - ANC","og_description":"Giselle Tamayo Castillo Acad\u00e9mico de N\u00famero Asesora Cient\u00edfica Bioprospecci\u00f3n, INBio y Docente e investigadora, catedr\u00e1tica, Universidad de Costa Rica, San Jos\u00e9, Costa Rica. Giselle Tamayo Castillo es Catedr\u00e1tica de la Escuela de Qu\u00edmica de la Universidad de Costa Rica, en d\u00f3nde se desempe\u00f1a como docente e investigadora y ocupa actualmente el puesto de Directora del [&hellip;]","og_url":"https:\/\/www.anc.cr\/en\/giselle-tamayo-castillo\/","og_site_name":"ANC","article_modified_time":"2024-07-09T10:31:55+00:00","og_image":[{"width":400,"height":266,"url":"https:\/\/www.anc.cr\/wp-content\/uploads\/2024\/07\/image-11.png","type":"image\/png"}],"twitter_card":"summary_large_image","twitter_misc":{"Est. reading time":"6 minutes"},"schema":{"@context":"https:\/\/schema.org","@graph":[{"@type":"WebPage","@id":"https:\/\/www.anc.cr\/giselle-tamayo-castillo\/","url":"https:\/\/www.anc.cr\/giselle-tamayo-castillo\/","name":"Giselle Tamayo Castillo - ANC","isPartOf":{"@id":"https:\/\/www.anc.cr\/#website"},"primaryImageOfPage":{"@id":"https:\/\/www.anc.cr\/giselle-tamayo-castillo\/#primaryimage"},"image":{"@id":"https:\/\/www.anc.cr\/giselle-tamayo-castillo\/#primaryimage"},"thumbnailUrl":"https:\/\/www.anc.cr\/wp-content\/uploads\/2024\/07\/image-11.png","datePublished":"2024-07-09T10:31:49+00:00","dateModified":"2024-07-09T10:31:55+00:00","breadcrumb":{"@id":"https:\/\/www.anc.cr\/giselle-tamayo-castillo\/#breadcrumb"},"inLanguage":"en-US","potentialAction":[{"@type":"ReadAction","target":["https:\/\/www.anc.cr\/giselle-tamayo-castillo\/"]}]},{"@type":"ImageObject","inLanguage":"en-US","@id":"https:\/\/www.anc.cr\/giselle-tamayo-castillo\/#primaryimage","url":"https:\/\/www.anc.cr\/wp-content\/uploads\/2024\/07\/image-11.png","contentUrl":"https:\/\/www.anc.cr\/wp-content\/uploads\/2024\/07\/image-11.png","width":400,"height":266},{"@type":"BreadcrumbList","@id":"https:\/\/www.anc.cr\/giselle-tamayo-castillo\/#breadcrumb","itemListElement":[{"@type":"ListItem","position":1,"name":"Portada","item":"https:\/\/www.anc.cr\/"},{"@type":"ListItem","position":2,"name":"Giselle Tamayo Castillo"}]},{"@type":"WebSite","@id":"https:\/\/www.anc.cr\/#website","url":"https:\/\/www.anc.cr\/","name":"ANC","description":"Academia Nacional de Ciencias","publisher":{"@id":"https:\/\/www.anc.cr\/#organization"},"potentialAction":[{"@type":"SearchAction","target":{"@type":"EntryPoint","urlTemplate":"https:\/\/www.anc.cr\/?s={search_term_string}"},"query-input":{"@type":"PropertyValueSpecification","valueRequired":true,"valueName":"search_term_string"}}],"inLanguage":"en-US"},{"@type":"Organization","@id":"https:\/\/www.anc.cr\/#organization","name":"ANC","url":"https:\/\/www.anc.cr\/","logo":{"@type":"ImageObject","inLanguage":"en-US","@id":"https:\/\/www.anc.cr\/#\/schema\/logo\/image\/","url":"https:\/\/www.anc.cr\/wp-content\/uploads\/2024\/07\/Logo-ANC-CR.png","contentUrl":"https:\/\/www.anc.cr\/wp-content\/uploads\/2024\/07\/Logo-ANC-CR.png","width":1051,"height":593,"caption":"ANC"},"image":{"@id":"https:\/\/www.anc.cr\/#\/schema\/logo\/image\/"}}]}},"_links":{"self":[{"href":"https:\/\/www.anc.cr\/en\/wp-json\/wp\/v2\/pages\/551","targetHints":{"allow":["GET"]}}],"collection":[{"href":"https:\/\/www.anc.cr\/en\/wp-json\/wp\/v2\/pages"}],"about":[{"href":"https:\/\/www.anc.cr\/en\/wp-json\/wp\/v2\/types\/page"}],"author":[{"embeddable":true,"href":"https:\/\/www.anc.cr\/en\/wp-json\/wp\/v2\/users\/1"}],"replies":[{"embeddable":true,"href":"https:\/\/www.anc.cr\/en\/wp-json\/wp\/v2\/comments?post=551"}],"version-history":[{"count":1,"href":"https:\/\/www.anc.cr\/en\/wp-json\/wp\/v2\/pages\/551\/revisions"}],"predecessor-version":[{"id":552,"href":"https:\/\/www.anc.cr\/en\/wp-json\/wp\/v2\/pages\/551\/revisions\/552"}],"wp:featuredmedia":[{"embeddable":true,"href":"https:\/\/www.anc.cr\/en\/wp-json\/wp\/v2\/media\/479"}],"wp:attachment":[{"href":"https:\/\/www.anc.cr\/en\/wp-json\/wp\/v2\/media?parent=551"}],"curies":[{"name":"wp","href":"https:\/\/api.w.org\/{rel}","templated":true}]}}