{"id":547,"date":"2024-07-09T04:30:15","date_gmt":"2024-07-09T10:30:15","guid":{"rendered":"http:\/\/anc.local\/?page_id=547"},"modified":"2024-07-09T04:30:20","modified_gmt":"2024-07-09T10:30:20","slug":"franklin-r-chang-diaz","status":"publish","type":"page","link":"https:\/\/www.anc.cr\/en\/franklin-r-chang-diaz\/","title":{"rendered":"Franklin R. Chang D\u00edaz"},"content":{"rendered":"<div class=\"wp-block-group alignfull has-global-padding is-layout-constrained wp-container-core-group-is-layout-cb151cc7 wp-block-group-is-layout-constrained\" style=\"margin-top:0;margin-bottom:0;padding-top:0;padding-right:var(--wp--preset--spacing--50);padding-bottom:0;padding-left:var(--wp--preset--spacing--50)\">\n<div class=\"wp-block-columns alignwide are-vertically-aligned-center is-layout-flex wp-container-core-columns-is-layout-47c06fe3 wp-block-columns-is-layout-flex\">\n<div class=\"wp-block-column is-vertically-aligned-center is-layout-flow wp-block-column-is-layout-flow\" style=\"flex-basis:50%\">\n<h3 class=\"wp-block-heading has-x-large-font-size\">Franklin R. Chang D\u00edaz<\/h3>\n\n\n\n<p>Acad\u00e9mico de N\u00famero<\/p>\n\n\n\n<ul class=\"wp-block-list\">\n<li>CEO y Presidente de Ad Astra Rocket Company (AARC).<\/li>\n\n\n\n<li>Bachillerato en Ingenier\u00eda Mec\u00e1nica, Universidad de Connecticut (1973).<\/li>\n\n\n\n<li>Ph.D., F\u00edsica de plasma aplicada, Instituto de Tecnolog\u00eda de Massachussets&nbsp; (1977).&nbsp;<\/li>\n<\/ul>\n<\/div>\n\n\n\n<div class=\"wp-block-column is-vertically-aligned-center is-layout-flow wp-block-column-is-layout-flow\" style=\"flex-basis:50%\"><figure style=\"width:500px;height:500px;\" class=\"wp-block-post-featured-image\"><img decoding=\"async\" width=\"400\" height=\"400\" src=\"https:\/\/www.anc.cr\/wp-content\/uploads\/2024\/07\/image-10.png\" class=\"attachment-post-thumbnail size-post-thumbnail wp-post-image\" alt=\"\" style=\"height:500px;object-fit:cover;\" srcset=\"https:\/\/www.anc.cr\/wp-content\/uploads\/2024\/07\/image-10.png 400w, https:\/\/www.anc.cr\/wp-content\/uploads\/2024\/07\/image-10-300x300.png 300w, https:\/\/www.anc.cr\/wp-content\/uploads\/2024\/07\/image-10-150x150.png 150w\" sizes=\"(max-width: 400px) 100vw, 400px\" \/><\/figure><\/div>\n<\/div>\n<\/div>\n\n\n\n<div style=\"height:10px\" aria-hidden=\"true\" class=\"wp-block-spacer\"><\/div>\n\n\n\n<hr class=\"wp-block-separator has-alpha-channel-opacity\"\/>\n\n\n\n<div style=\"height:15px\" aria-hidden=\"true\" class=\"wp-block-spacer\"><\/div>\n\n\n\n<p>Franklin Chang trabaj\u00f3, como asistente de investigaci\u00f3n en el Departamento de F\u00edsica de la Universidad de Connecticut, en el dise\u00f1o y construcci\u00f3n de experimentos de choque de alta energ\u00eda at\u00f3mica. En 1973, participa en el programa de fusi\u00f3n controlada de los Estados Unidos e investiga el dise\u00f1o y operaci\u00f3n de los reactores de fusi\u00f3n. En ese mismo a\u00f1o forma parte del personal del Laboratorio Charles Stark Draper. All\u00ed trabaja en el dise\u00f1o e integraci\u00f3n de sistemas de control para conceptos de reactores de fusi\u00f3n inercial y magn\u00e9tica en forma aislada. En 1979 desarroll\u00f3 un concepto para guiar y dirigir proyectiles de combustibles en una fusi\u00f3n en una c\u00e1mara inercial de reactores. En 1980 es seleccionado por la NASA y en agosto de 1981 se convierte en astronauta. Mientras realizaba su entrenamiento de astronauta, particip\u00f3 en verificaci\u00f3n de programaci\u00f3n de vuelo en el Laboratorio de Integraci\u00f3n de Electr\u00f3nica Aeron\u00e1utica del transbordador (SAIL) y en los tempranos estudios para la Estaci\u00f3n Espacial. El Dr. Chang-D\u00edaz fue fundamental en la implementaci\u00f3n de v\u00ednculos m\u00e1s estrechos entre el cuerpo de astronautas y la comunidad cient\u00edfica. En 1987, puso en marcha el Programa de Coloquio Ciencia astronauta y m\u00e1s tarde colabor\u00f3 en la formaci\u00f3n del Grupo de Apoyo a la Ciencia Astronauta, que dirigi\u00f3 hasta enero de 1989. En julio del 2005 se retira de la NASA. Ese mismo a\u00f1o fund\u00f3 una subsidiaria de Ad Astra Rocket Company, un laboratorio construido cerca de la ciudad de Liberia, Guanacaste, en el campus de la Universidad Earth. Recientemente, ha trabajado en el dise\u00f1o de un nuevo concepto, la propulsi\u00f3n de un cohete basado en plasmas confinados magn\u00e9ticamente en alta temperatura.\u00a0<\/p>\n\n\n\n<p>Es designado como tripulaci\u00f3n de apoyo para la primera misi\u00f3n del Laboratorio Espacial (1982) y sirve como comunicador de c\u00e1psula en \u00f3rbita (CAPCOM) durante ese vuelo (1983). Fue el l\u00edder del grupo de astronautas para apoyo del Centro Espacial Kennedy, Florida (de octubre de 1984 a agosto de 1985), es Presidente de la &#8220;Estrategia Siglo XXI&#8221; Dise\u00f1ando una trayectoria nacional para el desarrollo de Costa Rica en la ciencia y la tecnolog\u00eda en los pr\u00f3ximos 50 a\u00f1os. Forma parte de la Junta Directiva, Cummins Inc. (2009 \u0096 Presente). Es Profesor Adjunto del Departamento de F\u00edsica y Astronom\u00eda, Universidad de Rice, Houston Texas (1998 \u0096 Presente) y Profesor Adjunto del Departamento de F\u00edsica, Universidad de Houston (1993 \u0096 Presente). Fue Director del Laboratorio de Propulsi\u00f3n Avanzada del Espacio en el Centro Espacial Johnson (1993-2005). Adem\u00e1s, es Miembro de la Academia Nacional de Ciencias de Costa Rica (2002),&nbsp; Miembro del Consejo Consultivo del presidente de la Universidad EARTH en Costa Rica, Miembro de la Sociedad Nuclear Americana, Miembro de la Sociedad Americana de la F\u00edsica, Miembro del Consejo Asesor de La Sociedad Planetaria, Miembro de la Asociaci\u00f3n de Exploradores Espaciales, Miembro Asociado del Instituto Americano de Aeron\u00e1utica y Astron\u00e1utica, Miembro de la Junta Directiva de la Fundaci\u00f3n Arias para la Paz y el Progreso Humano, Miembro del Consejo Asesor Internacional del Centro Nacional de Alta Tecnolog\u00eda (CENAT) de Costa Rica y form\u00f3 parte de la junta de notables que analiz\u00f3 el TLC de Centroam\u00e9rica con Estados Unidos.&nbsp;<\/p>\n\n\n\n<p>Ha realizado siete viajes al espacio: STS 61-C (1986), STS-34 (1989), STS-46 (1992), STS-60 (1994), STS-75 (1996), STS-91 (1998) y STS -111 (2002); ha registrado m\u00e1s de 1.601 horas en el espacio, incluyendo 19 horas y 31 minutos en tres caminatas espaciales.&nbsp;<\/p>\n\n\n\n<p>Ha recibido los siguientes reconocimientos: Premio otorgado por la Universidad de Connecticut al alumno sobresaliente (1980), Medalla de vuelo de la NASA (1986), Medalla de la Libertad del Presidente Ronald Reagan en la celebraci\u00f3n del centenario de la Estatua de la Libertad (1986),&nbsp; Medalla de la Excelencia de la Congregaci\u00f3n Hisp\u00e1nica (1987), Medalla al servicio Excepcional de la NASA (1986, 1989, 1992 y 1994), Premio de aprovechamiento de la Sociedad Aeron\u00e1utica Americana (1989), Medalla de Vuelo de la NASA (1986, 1989, 1992, 1994), Premio de Aprovechamiento de la Conferencia Nacional de Ingenieros Hisp\u00e1nicos- La Cruz de la Fuerza A\u00e9rea Venezolana Jaime Lusinchi durante el 68 aniversario de la Fuerza A\u00e9rea Venezolana (1988), Doctor Honoris causa en Ciencia de la Universidad Nacional de Costa Rica, en Ciencia de la Universidad de Connecticut y en Leyes del Babson College, Honorario de la Facultad de Ingenier\u00eda de la Universidad de Costa Rica y del Instituto Tecnol\u00f3gico de Costa Rica, Declarado Ciudadano de Honor de Costa Rica (1996) y Nombrado Hijo Predilecto de la Ciudad de San Jos\u00e9.&nbsp;<\/p>\n\n\n\n<h3 class=\"wp-block-heading\">Publicaciones representativas:&nbsp;<\/h3>\n\n\n\n<ul class=\"wp-block-list\">\n<li>Amador, L. J.; Arefiev, A. V.; Baity, F. W.; Bengtson, R. D.; Breizman, B. N.; Carter, M. D.; Chang-D\u00edaz, F. R.; Glover, T. W.; Goulding, R. H.; Ilin, A. V.; Jacobson, V. T. and Squire, J. P. (1999). Recent Progress on the VASIMR. American Physical Society, 41st Annual Meeting of the Division of Plasma Physics, November 15-19, Seattle, WA, abstract #FM2.03.<\/li>\n\n\n\n<li>Bengtson, R.; Breizman, B.; Chang-Diaz, F. and Chavers, G. Momentum flux measurements using an impact thrust stand. (2004). American Physical Society, 46th Annual Meeting of the<\/li>\n\n\n\n<li>Division of Plasma Physics, 15-19 November, Savannah, GA. MEETING ID: DPP04., abstract #PM2.005.<\/li>\n\n\n\n<li>Bering, Edgar, III; Longmier, Benjamin; Glover, Tim; Chang-Diaz, Franklin; Squire, Jared; Brukardt, Michael. (2008). High Power Electric Propulsion Using The VASIMR VX-200: A Flight Technology Prototype. American Physical Society, 50th Annual Meeting of the Division of Plasma Physics, November 17-21, abstract #UO5.008.<\/li>\n\n\n\n<li>Breizman, B. N.; Carter, M. D.; Chang-D\u00edaz, F. R.; Ilin, A. V.; Squire, J. P. and Tarditi, A. G. (2002). Simulations of plasma detachment in VASIMR. 40th AIAA Aerospace Sciences Meeting &amp; Exhibit, 14-17 January\/ Reno, NV.<\/li>\n\n\n\n<li>Chang-D\u00edaz, F. (2006). Plasma propulsion for interplanetary flight. Thin Solid Films, Volumes 506\u0096507, 26 May, Pages 449\u0096453<\/li>\n\n\n\n<li>Chang-D\u00edaz, F.; Chhatwal, R.; D\u00edaz, J. A.; Jacobson, V.; Mora Vargas; A. E.; McCaskill, G.; Rohrs, H. and Squire, J. P. (2002). Test of a miniature double-focusing mass spectrometer for real-time plasma monitoring. TrAC Trends in Analytical Chemistry, Volume 21, Issue 8, August, Pages 515\u0096525.<\/li>\n\n\n\n<li>Chang-D\u00edaz, F.; Hoffman, N.; Klein, G.; Murray, K.; Orth, C. D. and Sercel, J. (1987). The Vista Spacecraft: Advantages of ICF for Interplanetary Fusion Propulsion Applications. 12th Symposium on Fusion Engineering, Monterey, California October 12-16.<\/li>\n\n\n\n<li>Squire, J. P., Chang-D\u00edaz, F., Glover, T. W., Jacobson, V. T., McCaskill, G. E., Scott Winter, D., Wally Baity, F., Carter, M. D., Goulding, R. H.. (2006). High power light gas helicon plasma source for VASIMR. Thin Solid Films, Volumes 506\u0096507, 26 May, Pages 579\u0096582.<\/li>\n\n\n\n<li>Orth, C.D.; Klein, G.; Sercel, J.; Hoffman, N.; Murray, K.; Chang-D\u00edaz, F. (1987). Transport vehicle for manned Mars missions powered by inertial confinement fusion. AIAA\/SAE\/ASME\/ASEE 23rd Joint Propulsion Conference San Diego, California June 29-July 2.<\/li>\n<\/ul>","protected":false},"excerpt":{"rendered":"<p>Franklin R. Chang D\u00edaz Acad\u00e9mico de N\u00famero Franklin Chang trabaj\u00f3, como asistente de investigaci\u00f3n en el Departamento de F\u00edsica de la Universidad de Connecticut, en el dise\u00f1o y construcci\u00f3n de experimentos de choque de alta energ\u00eda at\u00f3mica. En 1973, participa en el programa de fusi\u00f3n controlada de los Estados Unidos e investiga el dise\u00f1o y [&hellip;]<\/p>\n","protected":false},"author":1,"featured_media":478,"parent":0,"menu_order":0,"comment_status":"closed","ping_status":"closed","template":"","meta":{"footnotes":""},"class_list":["post-547","page","type-page","status-publish","has-post-thumbnail","hentry"],"yoast_head":"<!-- This site is optimized with the Yoast SEO plugin v27.3 - https:\/\/yoast.com\/product\/yoast-seo-wordpress\/ -->\n<title>Franklin R. Chang D\u00edaz - ANC<\/title>\n<meta name=\"robots\" content=\"index, follow, max-snippet:-1, max-image-preview:large, max-video-preview:-1\" \/>\n<link rel=\"canonical\" href=\"https:\/\/www.anc.cr\/en\/franklin-r-chang-diaz\/\" \/>\n<meta property=\"og:locale\" content=\"en_US\" \/>\n<meta property=\"og:type\" content=\"article\" \/>\n<meta property=\"og:title\" content=\"Franklin R. Chang D\u00edaz - ANC\" \/>\n<meta property=\"og:description\" content=\"Franklin R. Chang D\u00edaz Acad\u00e9mico de N\u00famero Franklin Chang trabaj\u00f3, como asistente de investigaci\u00f3n en el Departamento de F\u00edsica de la Universidad de Connecticut, en el dise\u00f1o y construcci\u00f3n de experimentos de choque de alta energ\u00eda at\u00f3mica. En 1973, participa en el programa de fusi\u00f3n controlada de los Estados Unidos e investiga el dise\u00f1o y [&hellip;]\" \/>\n<meta property=\"og:url\" content=\"https:\/\/www.anc.cr\/en\/franklin-r-chang-diaz\/\" \/>\n<meta property=\"og:site_name\" content=\"ANC\" \/>\n<meta property=\"article:modified_time\" content=\"2024-07-09T10:30:20+00:00\" \/>\n<meta property=\"og:image\" content=\"https:\/\/www.anc.cr\/wp-content\/uploads\/2024\/07\/image-10.png\" \/>\n\t<meta property=\"og:image:width\" content=\"400\" \/>\n\t<meta property=\"og:image:height\" content=\"400\" \/>\n\t<meta property=\"og:image:type\" content=\"image\/png\" \/>\n<meta name=\"twitter:card\" content=\"summary_large_image\" \/>\n<meta name=\"twitter:label1\" content=\"Est. reading time\" \/>\n\t<meta name=\"twitter:data1\" content=\"6 minutes\" \/>\n<script type=\"application\/ld+json\" class=\"yoast-schema-graph\">{\"@context\":\"https:\\\/\\\/schema.org\",\"@graph\":[{\"@type\":\"WebPage\",\"@id\":\"https:\\\/\\\/www.anc.cr\\\/franklin-r-chang-diaz\\\/\",\"url\":\"https:\\\/\\\/www.anc.cr\\\/franklin-r-chang-diaz\\\/\",\"name\":\"Franklin R. Chang D\u00edaz - ANC\",\"isPartOf\":{\"@id\":\"https:\\\/\\\/www.anc.cr\\\/#website\"},\"primaryImageOfPage\":{\"@id\":\"https:\\\/\\\/www.anc.cr\\\/franklin-r-chang-diaz\\\/#primaryimage\"},\"image\":{\"@id\":\"https:\\\/\\\/www.anc.cr\\\/franklin-r-chang-diaz\\\/#primaryimage\"},\"thumbnailUrl\":\"https:\\\/\\\/www.anc.cr\\\/wp-content\\\/uploads\\\/2024\\\/07\\\/image-10.png\",\"datePublished\":\"2024-07-09T10:30:15+00:00\",\"dateModified\":\"2024-07-09T10:30:20+00:00\",\"breadcrumb\":{\"@id\":\"https:\\\/\\\/www.anc.cr\\\/franklin-r-chang-diaz\\\/#breadcrumb\"},\"inLanguage\":\"en-US\",\"potentialAction\":[{\"@type\":\"ReadAction\",\"target\":[\"https:\\\/\\\/www.anc.cr\\\/franklin-r-chang-diaz\\\/\"]}]},{\"@type\":\"ImageObject\",\"inLanguage\":\"en-US\",\"@id\":\"https:\\\/\\\/www.anc.cr\\\/franklin-r-chang-diaz\\\/#primaryimage\",\"url\":\"https:\\\/\\\/www.anc.cr\\\/wp-content\\\/uploads\\\/2024\\\/07\\\/image-10.png\",\"contentUrl\":\"https:\\\/\\\/www.anc.cr\\\/wp-content\\\/uploads\\\/2024\\\/07\\\/image-10.png\",\"width\":400,\"height\":400},{\"@type\":\"BreadcrumbList\",\"@id\":\"https:\\\/\\\/www.anc.cr\\\/franklin-r-chang-diaz\\\/#breadcrumb\",\"itemListElement\":[{\"@type\":\"ListItem\",\"position\":1,\"name\":\"Portada\",\"item\":\"https:\\\/\\\/www.anc.cr\\\/\"},{\"@type\":\"ListItem\",\"position\":2,\"name\":\"Franklin R. Chang D\u00edaz\"}]},{\"@type\":\"WebSite\",\"@id\":\"https:\\\/\\\/www.anc.cr\\\/#website\",\"url\":\"https:\\\/\\\/www.anc.cr\\\/\",\"name\":\"ANC\",\"description\":\"Academia Nacional de Ciencias\",\"publisher\":{\"@id\":\"https:\\\/\\\/www.anc.cr\\\/#organization\"},\"potentialAction\":[{\"@type\":\"SearchAction\",\"target\":{\"@type\":\"EntryPoint\",\"urlTemplate\":\"https:\\\/\\\/www.anc.cr\\\/?s={search_term_string}\"},\"query-input\":{\"@type\":\"PropertyValueSpecification\",\"valueRequired\":true,\"valueName\":\"search_term_string\"}}],\"inLanguage\":\"en-US\"},{\"@type\":\"Organization\",\"@id\":\"https:\\\/\\\/www.anc.cr\\\/#organization\",\"name\":\"ANC\",\"url\":\"https:\\\/\\\/www.anc.cr\\\/\",\"logo\":{\"@type\":\"ImageObject\",\"inLanguage\":\"en-US\",\"@id\":\"https:\\\/\\\/www.anc.cr\\\/#\\\/schema\\\/logo\\\/image\\\/\",\"url\":\"https:\\\/\\\/www.anc.cr\\\/wp-content\\\/uploads\\\/2024\\\/07\\\/Logo-ANC-CR.png\",\"contentUrl\":\"https:\\\/\\\/www.anc.cr\\\/wp-content\\\/uploads\\\/2024\\\/07\\\/Logo-ANC-CR.png\",\"width\":1051,\"height\":593,\"caption\":\"ANC\"},\"image\":{\"@id\":\"https:\\\/\\\/www.anc.cr\\\/#\\\/schema\\\/logo\\\/image\\\/\"}}]}<\/script>\n<!-- \/ Yoast SEO plugin. -->","yoast_head_json":{"title":"Franklin R. Chang D\u00edaz - ANC","robots":{"index":"index","follow":"follow","max-snippet":"max-snippet:-1","max-image-preview":"max-image-preview:large","max-video-preview":"max-video-preview:-1"},"canonical":"https:\/\/www.anc.cr\/en\/franklin-r-chang-diaz\/","og_locale":"en_US","og_type":"article","og_title":"Franklin R. Chang D\u00edaz - ANC","og_description":"Franklin R. Chang D\u00edaz Acad\u00e9mico de N\u00famero Franklin Chang trabaj\u00f3, como asistente de investigaci\u00f3n en el Departamento de F\u00edsica de la Universidad de Connecticut, en el dise\u00f1o y construcci\u00f3n de experimentos de choque de alta energ\u00eda at\u00f3mica. En 1973, participa en el programa de fusi\u00f3n controlada de los Estados Unidos e investiga el dise\u00f1o y [&hellip;]","og_url":"https:\/\/www.anc.cr\/en\/franklin-r-chang-diaz\/","og_site_name":"ANC","article_modified_time":"2024-07-09T10:30:20+00:00","og_image":[{"width":400,"height":400,"url":"https:\/\/www.anc.cr\/wp-content\/uploads\/2024\/07\/image-10.png","type":"image\/png"}],"twitter_card":"summary_large_image","twitter_misc":{"Est. reading time":"6 minutes"},"schema":{"@context":"https:\/\/schema.org","@graph":[{"@type":"WebPage","@id":"https:\/\/www.anc.cr\/franklin-r-chang-diaz\/","url":"https:\/\/www.anc.cr\/franklin-r-chang-diaz\/","name":"Franklin R. Chang D\u00edaz - ANC","isPartOf":{"@id":"https:\/\/www.anc.cr\/#website"},"primaryImageOfPage":{"@id":"https:\/\/www.anc.cr\/franklin-r-chang-diaz\/#primaryimage"},"image":{"@id":"https:\/\/www.anc.cr\/franklin-r-chang-diaz\/#primaryimage"},"thumbnailUrl":"https:\/\/www.anc.cr\/wp-content\/uploads\/2024\/07\/image-10.png","datePublished":"2024-07-09T10:30:15+00:00","dateModified":"2024-07-09T10:30:20+00:00","breadcrumb":{"@id":"https:\/\/www.anc.cr\/franklin-r-chang-diaz\/#breadcrumb"},"inLanguage":"en-US","potentialAction":[{"@type":"ReadAction","target":["https:\/\/www.anc.cr\/franklin-r-chang-diaz\/"]}]},{"@type":"ImageObject","inLanguage":"en-US","@id":"https:\/\/www.anc.cr\/franklin-r-chang-diaz\/#primaryimage","url":"https:\/\/www.anc.cr\/wp-content\/uploads\/2024\/07\/image-10.png","contentUrl":"https:\/\/www.anc.cr\/wp-content\/uploads\/2024\/07\/image-10.png","width":400,"height":400},{"@type":"BreadcrumbList","@id":"https:\/\/www.anc.cr\/franklin-r-chang-diaz\/#breadcrumb","itemListElement":[{"@type":"ListItem","position":1,"name":"Portada","item":"https:\/\/www.anc.cr\/"},{"@type":"ListItem","position":2,"name":"Franklin R. Chang D\u00edaz"}]},{"@type":"WebSite","@id":"https:\/\/www.anc.cr\/#website","url":"https:\/\/www.anc.cr\/","name":"ANC","description":"Academia Nacional de Ciencias","publisher":{"@id":"https:\/\/www.anc.cr\/#organization"},"potentialAction":[{"@type":"SearchAction","target":{"@type":"EntryPoint","urlTemplate":"https:\/\/www.anc.cr\/?s={search_term_string}"},"query-input":{"@type":"PropertyValueSpecification","valueRequired":true,"valueName":"search_term_string"}}],"inLanguage":"en-US"},{"@type":"Organization","@id":"https:\/\/www.anc.cr\/#organization","name":"ANC","url":"https:\/\/www.anc.cr\/","logo":{"@type":"ImageObject","inLanguage":"en-US","@id":"https:\/\/www.anc.cr\/#\/schema\/logo\/image\/","url":"https:\/\/www.anc.cr\/wp-content\/uploads\/2024\/07\/Logo-ANC-CR.png","contentUrl":"https:\/\/www.anc.cr\/wp-content\/uploads\/2024\/07\/Logo-ANC-CR.png","width":1051,"height":593,"caption":"ANC"},"image":{"@id":"https:\/\/www.anc.cr\/#\/schema\/logo\/image\/"}}]}},"_links":{"self":[{"href":"https:\/\/www.anc.cr\/en\/wp-json\/wp\/v2\/pages\/547","targetHints":{"allow":["GET"]}}],"collection":[{"href":"https:\/\/www.anc.cr\/en\/wp-json\/wp\/v2\/pages"}],"about":[{"href":"https:\/\/www.anc.cr\/en\/wp-json\/wp\/v2\/types\/page"}],"author":[{"embeddable":true,"href":"https:\/\/www.anc.cr\/en\/wp-json\/wp\/v2\/users\/1"}],"replies":[{"embeddable":true,"href":"https:\/\/www.anc.cr\/en\/wp-json\/wp\/v2\/comments?post=547"}],"version-history":[{"count":2,"href":"https:\/\/www.anc.cr\/en\/wp-json\/wp\/v2\/pages\/547\/revisions"}],"predecessor-version":[{"id":2132,"href":"https:\/\/www.anc.cr\/en\/wp-json\/wp\/v2\/pages\/547\/revisions\/2132"}],"wp:featuredmedia":[{"embeddable":true,"href":"https:\/\/www.anc.cr\/en\/wp-json\/wp\/v2\/media\/478"}],"wp:attachment":[{"href":"https:\/\/www.anc.cr\/en\/wp-json\/wp\/v2\/media?parent=547"}],"curies":[{"name":"wp","href":"https:\/\/api.w.org\/{rel}","templated":true}]}}