{"id":542,"date":"2024-07-09T04:25:00","date_gmt":"2024-07-09T10:25:00","guid":{"rendered":"http:\/\/anc.local\/?page_id=542"},"modified":"2024-07-09T04:25:05","modified_gmt":"2024-07-09T10:25:05","slug":"edward-ruiz-narvaez","status":"publish","type":"page","link":"https:\/\/www.anc.cr\/en\/edward-ruiz-narvaez\/","title":{"rendered":"Edward Ruiz Narv\u00e1ez"},"content":{"rendered":"<div class=\"wp-block-group alignfull has-global-padding is-layout-constrained wp-container-core-group-is-layout-cb151cc7 wp-block-group-is-layout-constrained\" style=\"margin-top:0;margin-bottom:0;padding-top:0;padding-right:var(--wp--preset--spacing--50);padding-bottom:0;padding-left:var(--wp--preset--spacing--50)\">\n<div class=\"wp-block-columns alignwide are-vertically-aligned-center is-layout-flex wp-container-core-columns-is-layout-47c06fe3 wp-block-columns-is-layout-flex\">\n<div class=\"wp-block-column is-vertically-aligned-center is-layout-flow wp-block-column-is-layout-flow\" style=\"flex-basis:50%\">\n<h2 class=\"wp-block-heading\">Edward Ruiz Narv\u00e1ez<\/h2>\n\n\n\n<p>Acad\u00e9mico de N\u00famero<\/p>\n\n\n\n<ul class=\"wp-block-list\">\n<li>Profesor de Epidemiolog\u00eda en la Escuela de Salud P\u00fablica-Universidad de Boston.<\/li>\n\n\n\n<li>Epidemi\u00f3logo-Centro de Epidemiolog\u00eda Slone-Universidad de Boston.&nbsp;<\/li>\n<\/ul>\n<\/div>\n\n\n\n<div class=\"wp-block-column is-vertically-aligned-center is-layout-flow wp-block-column-is-layout-flow\" style=\"flex-basis:50%\"><figure style=\"width:500px;height:500px;\" class=\"wp-block-post-featured-image\"><img decoding=\"async\" width=\"290\" height=\"298\" src=\"https:\/\/www.anc.cr\/wp-content\/uploads\/2024\/07\/image.png\" class=\"attachment-post-thumbnail size-post-thumbnail wp-post-image\" alt=\"\" style=\"height:500px;object-fit:cover;\" \/><\/figure><\/div>\n<\/div>\n<\/div>\n\n\n\n<div style=\"height:10px\" aria-hidden=\"true\" class=\"wp-block-spacer\"><\/div>\n\n\n\n<hr class=\"wp-block-separator has-alpha-channel-opacity\"\/>\n\n\n\n<div style=\"height:15px\" aria-hidden=\"true\" class=\"wp-block-spacer\"><\/div>\n\n\n\n<p>Especialidad: Salud P\u00fablica, con investigaciones en campos relacionados con Epidemiolog\u00eda \u0096 Gen\u00e9tica \u0096 Gen\u00f3mica \u0096 Gen\u00e9tica de poblaciones y Nutrici\u00f3n.<br>Actualmente se encuentra desarrollando funciones como Profesor de Epidemiolog\u00eda, en la Escuela de Salud P\u00fablica de la Universidad de Boston, adem\u00e1s de desarrollarse como Epidemi\u00f3logo, en el Centro de Epidemiolog\u00eda Slone de la Universidad de Boston.&nbsp;<\/p>\n\n\n\n<p>Estudios realizados:&nbsp;<\/p>\n\n\n\n<p>En el a\u00f1o 1995 desarroll\u00f3 la tesis de licenciatura \u0093Cambios, citogen\u00e9ticos en leucemias humanas en la poblaci\u00f3n de Costa Rica\u0094 en la Escuela de Biolog\u00eda de la Universidad de Costa Rica. En el a\u00f1o 1999 desarroll\u00f3 la tesis \u0093Variaci\u00f3n gen\u00e9tica del cromosoma Y en amerindios Chibchas de Costa Rica y Panam\u00e1\u0094, con la cual obtuvo el grado de maestr\u00eda en la Escuela de Biolog\u00eda de la Universidad de Costa Rica. Finalmente en el a\u00f1o 2006 present\u00f3 la tesis doctorado \u0093La variaci\u00f3n gen\u00e9tica en los genes APOC3, APOA5 y PPARG y el riesgo de infarto de miocardio no fatal en la poblaci\u00f3n costarricense\u0094, en los departamentos de Epidemiolog\u00eda y Nutrici\u00f3n en la Escuela de Salud P\u00fablica de Harvard.<br>La investigaci\u00f3n del Dr. Ruiz-Narv\u00e1ez se enfoca primariamente en descubrir la base gen\u00e9tica de enfermedades multifactoriales tales como diabetes tipo 2, enfermedades cardiovasculares y c\u00e1ncer de pecho. Dr. Ruiz-Narv\u00e1ez ha publicado m\u00e1s de 50 art\u00edculos cient\u00edficos sobre estos temas. Su investigaci\u00f3n es financiada por los Institutos Nacionales de Salud de los Estados Unidos y la Asociaci\u00f3n Estadounidense de Cardiolog\u00eda.&nbsp;&nbsp;<\/p>\n\n\n\n<p>Su conocimiento en gen\u00e9tica y salud p\u00fablica le ha permitido desarrollar labores en lugares como:<\/p>\n\n\n\n<ul class=\"wp-block-list\">\n<li>Profesor visitante Escuela de Medicina de la Universidad del Rosario en Colombia.<\/li>\n\n\n\n<li>Profesor de Epidemiolog\u00eda, Escuela de Salud P\u00fablica de la Universidad de Boston.<\/li>\n\n\n\n<li>Epidemi\u00f3logo, Centro de Epidemiolog\u00eda Slone de la Universidad de Boston.<\/li>\n\n\n\n<li>Investigador de postdoctorado, de la Escuela de Salud P\u00fablica de Harvard.<\/li>\n\n\n\n<li>Roadmap Fellow, de la Escuela de Salud P\u00fablica de Havard.<\/li>\n\n\n\n<li>Asistente de Investigaci\u00f3n de la Escuela de Salud P\u00fablica de Harvard.<\/li>\n\n\n\n<li>Profesor Visitante de Investigaci\u00f3n de la Escuela de Salud P\u00fablica de Harvard.<\/li>\n\n\n\n<li>Instructor de Investigaci\u00f3n, Universidad de Costa Rica.<\/li>\n\n\n\n<li>Instructor Licenciado, Universidad de Costa Rica.<\/li>\n\n\n\n<li>Profesor Visitante de Investigaci\u00f3n de la Universidad Federal de Minas Gerais, Brasil.<\/li>\n\n\n\n<li>Asistente de Investigaci\u00f3n del departamento de Zoolog\u00eda y Gen\u00e9tica de la Universidad Estatal de Iowa.<\/li>\n<\/ul>\n\n\n\n<h3 class=\"wp-block-heading\">Publicaciones representativas:<\/h3>\n\n\n\n<ul class=\"wp-block-list\">\n<li><ul><li>Arguedas A., Soley C., Lindert K. Responses to 2009 H1N1 Vaccine in Children 3 to 17 Years of Age. The New England Journal of Medicine 2010, 362: 370-372.<\/li><li>Arguedas A., Abdelnour A., Soley C., Jimenez E., Jimenez A., Ramcharrand D., Porat N., Dagan R., Gray S., Rodgers G. Prospective epidemiologic surveillance of invasive pneumococcal disease and pneumonia in children in San Jos\u00e9, Costa Rica. Vaccine 30 (2012) 2342\u2013 2348.<\/li><\/ul>\n<ul class=\"wp-block-list\">\n<li>Henry A Glick, PhD, Taiga Miyazaki, MD, PhD, Katsuji Hirano, MD, Elisa Gonzalez, MS, Luis Jodar, Bradford D Gessner, MD, Raul E Isturiz, MD, Adriano Arguedas, MD, Shigeru Kohno, MD, PhD, Jose A Suaya, MD, PhD, One-Year Quality of Life Post-Pneumonia Diagnosis in Japanese Adults, Clinical Infectious Diseases, , ciaa595, https:\/\/doi.org\/10.1093\/cid\/ciaa595.<\/li>\n\n\n\n<li>Joseph A Lewnard, Vennis Hong, Katia J Bruxvoort, Lindsay R Grant, Luis J\u00f3dar, Alejandro Can\u00e9, Adriano Arguedas, Magdalena E Pomichowski, Bradford D Gessner, Sara Y Tartof, Burden of Lower Respiratory Tract Infections Preventable by Adult Immunization With 15- and 20-Valent Pneumococcal Conjugate Vaccines in the United States, Clinical Infectious Diseases, Volume 77, Issue 9, 1 November 2023, Pages 1340\u20131352, https:\/\/doi.org\/10.1093\/cid\/ciad355 Link<\/li>\n\n\n\n<li>Yildirim I, Rotem L, Yazdani B, Hinderstein S,Lee H, Klevens M, Grant L, Arguedas A, Cane A, Madoff L, Johnson H, Ivanof C, Burns M, Pelton S. Invasive Pneumococcal Disease After 2 Decades of Pneumococcal Conjugate Vaccine Use. Pediatrics. 2024;153(1):e2023063039&nbsp;<a href=\"https:\/\/doi.org\/10.1542\/peds.2023-063039\">https:\/\/doi.org\/10.1542\/peds.2023-063039<\/a><\/li>\n\n\n\n<li>Miyazaki T, Hirano K, Ichihara K, Gonzalez E, Gessner BD, Isturiz RE, Zhang P, Gray S, Pride M, van der Linden M, Jodar L, Maeda T, Kohno S, Arguedas A, Goto City Pneumococcal Pneumonia Incidence Study Group, Community-Acquired Pneumonia Incidence in Adults 18 Years and Older in Goto City, Japan \u2013 A Prospective, Population-Based Study, CHEST Pulmonary (2023), doi: https:\/\/doi.org\/10.1016\/j.chpulm.2023.100007.<\/li>\n<\/ul>\n<\/li>\n<\/ul>","protected":false},"excerpt":{"rendered":"<p>Edward Ruiz Narv\u00e1ez Acad\u00e9mico de N\u00famero Especialidad: Salud P\u00fablica, con investigaciones en campos relacionados con Epidemiolog\u00eda \u0096 Gen\u00e9tica \u0096 Gen\u00f3mica \u0096 Gen\u00e9tica de poblaciones y Nutrici\u00f3n.Actualmente se encuentra desarrollando funciones como Profesor de Epidemiolog\u00eda, en la Escuela de Salud P\u00fablica de la Universidad de Boston, adem\u00e1s de desarrollarse como Epidemi\u00f3logo, en el Centro de Epidemiolog\u00eda [&hellip;]<\/p>\n","protected":false},"author":1,"featured_media":467,"parent":0,"menu_order":0,"comment_status":"closed","ping_status":"closed","template":"","meta":{"footnotes":""},"class_list":["post-542","page","type-page","status-publish","has-post-thumbnail","hentry"],"yoast_head":"<!-- This site is optimized with the Yoast SEO plugin v27.3 - https:\/\/yoast.com\/product\/yoast-seo-wordpress\/ -->\n<title>Edward Ruiz Narv\u00e1ez - ANC<\/title>\n<meta name=\"robots\" content=\"index, follow, max-snippet:-1, max-image-preview:large, max-video-preview:-1\" \/>\n<link rel=\"canonical\" href=\"https:\/\/www.anc.cr\/en\/edward-ruiz-narvaez\/\" \/>\n<meta property=\"og:locale\" content=\"en_US\" \/>\n<meta property=\"og:type\" content=\"article\" \/>\n<meta property=\"og:title\" content=\"Edward Ruiz Narv\u00e1ez - ANC\" \/>\n<meta property=\"og:description\" content=\"Edward Ruiz Narv\u00e1ez Acad\u00e9mico de N\u00famero Especialidad: Salud P\u00fablica, con investigaciones en campos relacionados con Epidemiolog\u00eda \u0096 Gen\u00e9tica \u0096 Gen\u00f3mica \u0096 Gen\u00e9tica de poblaciones y Nutrici\u00f3n.Actualmente se encuentra desarrollando funciones como Profesor de Epidemiolog\u00eda, en la Escuela de Salud P\u00fablica de la Universidad de Boston, adem\u00e1s de desarrollarse como Epidemi\u00f3logo, en el Centro de Epidemiolog\u00eda [&hellip;]\" \/>\n<meta property=\"og:url\" content=\"https:\/\/www.anc.cr\/en\/edward-ruiz-narvaez\/\" \/>\n<meta property=\"og:site_name\" content=\"ANC\" \/>\n<meta property=\"article:modified_time\" content=\"2024-07-09T10:25:05+00:00\" \/>\n<meta property=\"og:image\" content=\"https:\/\/www.anc.cr\/wp-content\/uploads\/2024\/07\/image.png\" \/>\n\t<meta property=\"og:image:width\" content=\"290\" \/>\n\t<meta property=\"og:image:height\" content=\"298\" \/>\n\t<meta property=\"og:image:type\" content=\"image\/png\" \/>\n<meta name=\"twitter:card\" content=\"summary_large_image\" \/>\n<meta name=\"twitter:label1\" content=\"Est. reading time\" \/>\n\t<meta name=\"twitter:data1\" content=\"4 minutes\" \/>\n<script type=\"application\/ld+json\" class=\"yoast-schema-graph\">{\"@context\":\"https:\\\/\\\/schema.org\",\"@graph\":[{\"@type\":\"WebPage\",\"@id\":\"https:\\\/\\\/www.anc.cr\\\/edward-ruiz-narvaez\\\/\",\"url\":\"https:\\\/\\\/www.anc.cr\\\/edward-ruiz-narvaez\\\/\",\"name\":\"Edward Ruiz Narv\u00e1ez - ANC\",\"isPartOf\":{\"@id\":\"https:\\\/\\\/www.anc.cr\\\/#website\"},\"primaryImageOfPage\":{\"@id\":\"https:\\\/\\\/www.anc.cr\\\/edward-ruiz-narvaez\\\/#primaryimage\"},\"image\":{\"@id\":\"https:\\\/\\\/www.anc.cr\\\/edward-ruiz-narvaez\\\/#primaryimage\"},\"thumbnailUrl\":\"https:\\\/\\\/www.anc.cr\\\/wp-content\\\/uploads\\\/2024\\\/07\\\/image.png\",\"datePublished\":\"2024-07-09T10:25:00+00:00\",\"dateModified\":\"2024-07-09T10:25:05+00:00\",\"breadcrumb\":{\"@id\":\"https:\\\/\\\/www.anc.cr\\\/edward-ruiz-narvaez\\\/#breadcrumb\"},\"inLanguage\":\"en-US\",\"potentialAction\":[{\"@type\":\"ReadAction\",\"target\":[\"https:\\\/\\\/www.anc.cr\\\/edward-ruiz-narvaez\\\/\"]}]},{\"@type\":\"ImageObject\",\"inLanguage\":\"en-US\",\"@id\":\"https:\\\/\\\/www.anc.cr\\\/edward-ruiz-narvaez\\\/#primaryimage\",\"url\":\"https:\\\/\\\/www.anc.cr\\\/wp-content\\\/uploads\\\/2024\\\/07\\\/image.png\",\"contentUrl\":\"https:\\\/\\\/www.anc.cr\\\/wp-content\\\/uploads\\\/2024\\\/07\\\/image.png\",\"width\":290,\"height\":298},{\"@type\":\"BreadcrumbList\",\"@id\":\"https:\\\/\\\/www.anc.cr\\\/edward-ruiz-narvaez\\\/#breadcrumb\",\"itemListElement\":[{\"@type\":\"ListItem\",\"position\":1,\"name\":\"Portada\",\"item\":\"https:\\\/\\\/www.anc.cr\\\/\"},{\"@type\":\"ListItem\",\"position\":2,\"name\":\"Edward Ruiz Narv\u00e1ez\"}]},{\"@type\":\"WebSite\",\"@id\":\"https:\\\/\\\/www.anc.cr\\\/#website\",\"url\":\"https:\\\/\\\/www.anc.cr\\\/\",\"name\":\"ANC\",\"description\":\"Academia Nacional de Ciencias\",\"publisher\":{\"@id\":\"https:\\\/\\\/www.anc.cr\\\/#organization\"},\"potentialAction\":[{\"@type\":\"SearchAction\",\"target\":{\"@type\":\"EntryPoint\",\"urlTemplate\":\"https:\\\/\\\/www.anc.cr\\\/?s={search_term_string}\"},\"query-input\":{\"@type\":\"PropertyValueSpecification\",\"valueRequired\":true,\"valueName\":\"search_term_string\"}}],\"inLanguage\":\"en-US\"},{\"@type\":\"Organization\",\"@id\":\"https:\\\/\\\/www.anc.cr\\\/#organization\",\"name\":\"ANC\",\"url\":\"https:\\\/\\\/www.anc.cr\\\/\",\"logo\":{\"@type\":\"ImageObject\",\"inLanguage\":\"en-US\",\"@id\":\"https:\\\/\\\/www.anc.cr\\\/#\\\/schema\\\/logo\\\/image\\\/\",\"url\":\"https:\\\/\\\/www.anc.cr\\\/wp-content\\\/uploads\\\/2024\\\/07\\\/Logo-ANC-CR.png\",\"contentUrl\":\"https:\\\/\\\/www.anc.cr\\\/wp-content\\\/uploads\\\/2024\\\/07\\\/Logo-ANC-CR.png\",\"width\":1051,\"height\":593,\"caption\":\"ANC\"},\"image\":{\"@id\":\"https:\\\/\\\/www.anc.cr\\\/#\\\/schema\\\/logo\\\/image\\\/\"}}]}<\/script>\n<!-- \/ Yoast SEO plugin. -->","yoast_head_json":{"title":"Edward Ruiz Narv\u00e1ez - ANC","robots":{"index":"index","follow":"follow","max-snippet":"max-snippet:-1","max-image-preview":"max-image-preview:large","max-video-preview":"max-video-preview:-1"},"canonical":"https:\/\/www.anc.cr\/en\/edward-ruiz-narvaez\/","og_locale":"en_US","og_type":"article","og_title":"Edward Ruiz Narv\u00e1ez - ANC","og_description":"Edward Ruiz Narv\u00e1ez Acad\u00e9mico de N\u00famero Especialidad: Salud P\u00fablica, con investigaciones en campos relacionados con Epidemiolog\u00eda \u0096 Gen\u00e9tica \u0096 Gen\u00f3mica \u0096 Gen\u00e9tica de poblaciones y Nutrici\u00f3n.Actualmente se encuentra desarrollando funciones como Profesor de Epidemiolog\u00eda, en la Escuela de Salud P\u00fablica de la Universidad de Boston, adem\u00e1s de desarrollarse como Epidemi\u00f3logo, en el Centro de Epidemiolog\u00eda [&hellip;]","og_url":"https:\/\/www.anc.cr\/en\/edward-ruiz-narvaez\/","og_site_name":"ANC","article_modified_time":"2024-07-09T10:25:05+00:00","og_image":[{"width":290,"height":298,"url":"https:\/\/www.anc.cr\/wp-content\/uploads\/2024\/07\/image.png","type":"image\/png"}],"twitter_card":"summary_large_image","twitter_misc":{"Est. reading time":"4 minutes"},"schema":{"@context":"https:\/\/schema.org","@graph":[{"@type":"WebPage","@id":"https:\/\/www.anc.cr\/edward-ruiz-narvaez\/","url":"https:\/\/www.anc.cr\/edward-ruiz-narvaez\/","name":"Edward Ruiz Narv\u00e1ez - ANC","isPartOf":{"@id":"https:\/\/www.anc.cr\/#website"},"primaryImageOfPage":{"@id":"https:\/\/www.anc.cr\/edward-ruiz-narvaez\/#primaryimage"},"image":{"@id":"https:\/\/www.anc.cr\/edward-ruiz-narvaez\/#primaryimage"},"thumbnailUrl":"https:\/\/www.anc.cr\/wp-content\/uploads\/2024\/07\/image.png","datePublished":"2024-07-09T10:25:00+00:00","dateModified":"2024-07-09T10:25:05+00:00","breadcrumb":{"@id":"https:\/\/www.anc.cr\/edward-ruiz-narvaez\/#breadcrumb"},"inLanguage":"en-US","potentialAction":[{"@type":"ReadAction","target":["https:\/\/www.anc.cr\/edward-ruiz-narvaez\/"]}]},{"@type":"ImageObject","inLanguage":"en-US","@id":"https:\/\/www.anc.cr\/edward-ruiz-narvaez\/#primaryimage","url":"https:\/\/www.anc.cr\/wp-content\/uploads\/2024\/07\/image.png","contentUrl":"https:\/\/www.anc.cr\/wp-content\/uploads\/2024\/07\/image.png","width":290,"height":298},{"@type":"BreadcrumbList","@id":"https:\/\/www.anc.cr\/edward-ruiz-narvaez\/#breadcrumb","itemListElement":[{"@type":"ListItem","position":1,"name":"Portada","item":"https:\/\/www.anc.cr\/"},{"@type":"ListItem","position":2,"name":"Edward Ruiz Narv\u00e1ez"}]},{"@type":"WebSite","@id":"https:\/\/www.anc.cr\/#website","url":"https:\/\/www.anc.cr\/","name":"ANC","description":"Academia Nacional de Ciencias","publisher":{"@id":"https:\/\/www.anc.cr\/#organization"},"potentialAction":[{"@type":"SearchAction","target":{"@type":"EntryPoint","urlTemplate":"https:\/\/www.anc.cr\/?s={search_term_string}"},"query-input":{"@type":"PropertyValueSpecification","valueRequired":true,"valueName":"search_term_string"}}],"inLanguage":"en-US"},{"@type":"Organization","@id":"https:\/\/www.anc.cr\/#organization","name":"ANC","url":"https:\/\/www.anc.cr\/","logo":{"@type":"ImageObject","inLanguage":"en-US","@id":"https:\/\/www.anc.cr\/#\/schema\/logo\/image\/","url":"https:\/\/www.anc.cr\/wp-content\/uploads\/2024\/07\/Logo-ANC-CR.png","contentUrl":"https:\/\/www.anc.cr\/wp-content\/uploads\/2024\/07\/Logo-ANC-CR.png","width":1051,"height":593,"caption":"ANC"},"image":{"@id":"https:\/\/www.anc.cr\/#\/schema\/logo\/image\/"}}]}},"_links":{"self":[{"href":"https:\/\/www.anc.cr\/en\/wp-json\/wp\/v2\/pages\/542","targetHints":{"allow":["GET"]}}],"collection":[{"href":"https:\/\/www.anc.cr\/en\/wp-json\/wp\/v2\/pages"}],"about":[{"href":"https:\/\/www.anc.cr\/en\/wp-json\/wp\/v2\/types\/page"}],"author":[{"embeddable":true,"href":"https:\/\/www.anc.cr\/en\/wp-json\/wp\/v2\/users\/1"}],"replies":[{"embeddable":true,"href":"https:\/\/www.anc.cr\/en\/wp-json\/wp\/v2\/comments?post=542"}],"version-history":[{"count":1,"href":"https:\/\/www.anc.cr\/en\/wp-json\/wp\/v2\/pages\/542\/revisions"}],"predecessor-version":[{"id":543,"href":"https:\/\/www.anc.cr\/en\/wp-json\/wp\/v2\/pages\/542\/revisions\/543"}],"wp:featuredmedia":[{"embeddable":true,"href":"https:\/\/www.anc.cr\/en\/wp-json\/wp\/v2\/media\/467"}],"wp:attachment":[{"href":"https:\/\/www.anc.cr\/en\/wp-json\/wp\/v2\/media?parent=542"}],"curies":[{"name":"wp","href":"https:\/\/api.w.org\/{rel}","templated":true}]}}