{"id":539,"date":"2024-07-09T04:22:35","date_gmt":"2024-07-09T10:22:35","guid":{"rendered":"http:\/\/anc.local\/?page_id=539"},"modified":"2026-01-13T15:49:20","modified_gmt":"2026-01-13T21:49:20","slug":"mavis-montero-villalobos","status":"publish","type":"page","link":"https:\/\/www.anc.cr\/en\/mavis-montero-villalobos\/","title":{"rendered":"Mavis L. Montero Villalobos"},"content":{"rendered":"<div class=\"wp-block-group alignfull has-global-padding is-layout-constrained wp-container-core-group-is-layout-cb151cc7 wp-block-group-is-layout-constrained\" style=\"margin-top:0;margin-bottom:0;padding-top:0;padding-right:var(--wp--preset--spacing--50);padding-bottom:0;padding-left:var(--wp--preset--spacing--50)\">\n<div class=\"wp-block-columns alignwide are-vertically-aligned-center is-layout-flex wp-container-core-columns-is-layout-47c06fe3 wp-block-columns-is-layout-flex\">\n<div class=\"wp-block-column is-vertically-aligned-center is-layout-flow wp-block-column-is-layout-flow\" style=\"flex-basis:50%\">\n<h2 class=\"wp-block-heading\">Mavis L. Montero Villalobos<\/h2>\n\n\n\n<p>Acad\u00e9mico de N\u00famero<\/p>\n\n\n\n<ul class=\"wp-block-list\">\n<li>1990&nbsp;Licenciatura en Qu\u00edmica, Escuela de Qu\u00edmica, Universidad de Costa Rica<\/li>\n\n\n\n<li>1996&nbsp;Ph. D en Qu\u00edmica Inorg\u00e1nica, Universidad de G\u00f6ttingen, Alemania.<\/li>\n\n\n\n<li>1997&nbsp;Postdoc en Cristalograf\u00eda, Universidad de G\u00f6ttingen, Alemania.<\/li>\n\n\n\n<li>1998 al presente&nbsp;Profesora e Investigadora. Escuela de Qu\u00edmica y Centro de Investigaci\u00f3n en Ciencia e Ingenier\u00eda de Materiales (CICIMA).<\/li>\n\n\n\n<li>2023 al presenteDirectora del Centro de Investigaci\u00f3n en Ciencia e Ingenier\u00eda de Materiales (CICIMA).<\/li>\n<\/ul>\n<\/div>\n\n\n\n<div class=\"wp-block-column is-vertically-aligned-center is-layout-flow wp-block-column-is-layout-flow\" style=\"flex-basis:50%\">\n<figure class=\"wp-block-image size-full\"><img decoding=\"async\" width=\"685\" height=\"914\" src=\"https:\/\/www.anc.cr\/wp-content\/uploads\/2026\/01\/FOTO-DRA.-MAVIS-MONTERO.jpg\" alt=\"\" class=\"wp-image-2799\" srcset=\"https:\/\/www.anc.cr\/wp-content\/uploads\/2026\/01\/FOTO-DRA.-MAVIS-MONTERO.jpg 685w, https:\/\/www.anc.cr\/wp-content\/uploads\/2026\/01\/FOTO-DRA.-MAVIS-MONTERO-225x300.jpg 225w, https:\/\/www.anc.cr\/wp-content\/uploads\/2026\/01\/FOTO-DRA.-MAVIS-MONTERO-9x12.jpg 9w\" sizes=\"(max-width: 685px) 100vw, 685px\" \/><\/figure>\n<\/div>\n<\/div>\n<\/div>\n\n\n\n<div style=\"height:10px\" aria-hidden=\"true\" class=\"wp-block-spacer\"><\/div>\n\n\n\n<hr class=\"wp-block-separator has-alpha-channel-opacity\"\/>\n\n\n\n<div style=\"height:15px\" aria-hidden=\"true\" class=\"wp-block-spacer\"><\/div>\n\n\n\n<p><strong>Reconocimientos:<\/strong><\/p>\n\n\n\n<p>TWAS-CONICIT 2006 en Qu\u00edmica para j\u00f3venes investigadores.<\/p>\n\n\n\n<p>Medalla Institucional de la Universidad de Costa Rica 2019.<\/p>\n\n\n\n<p>Premio MICITT-ANC a Mujer Cient\u00edfica del a\u00f1o 2020.<\/p>\n\n\n\n<h3 class=\"wp-block-heading\">Publicaciones representativas:<\/h3>\n\n\n\n<ul class=\"wp-block-list\">\n<li>F.A. Cotton, L.M. Daniels, M.L. Montero and C. A. Murillo. Polyhedron, 1992, 11, 2767.<\/li>\n\n\n\n<li>M.L. Montero, H.W. Roesky, I. Us\u00f3n, Angew. Chem. Int. Ed. Engl. 1994, 33, 2103.<\/li>\n\n\n\n<li>R. Urcuyo, E. Cort\u00e9s, A.A. Ruberto, G. Benitez, M. L. Montero, M.E. Vela and R.C. Salvarezza. J. Phys. Chem. C, 2011, 115 (50), 24707<\/li>\n\n\n\n<li>R. Montalberth-Smith, Mavis L. Montero J. Materials Science 2013, 48, 15, 5253.<\/li>\n\n\n\n<li>M. Alejandra S\u00e1nchez, Sergio A. Paniagua, Ignacio Borge, Christian Viales, MavisL. Montero. Applied Surface Science. 317, 2014, 1160.<\/li>\n\n\n\n<li>Rojas L., Olmedo H., Garc\u00eda-Pi\u00f1eres A., Silveira C., Tasic L., Fraga F., Montero M.L Biomed. Mater., 2015, 10, 055015.<\/li>\n\n\n\n<li>Diego Gonz\u00e1lez-Flores, Irene S\u00e1nchez, Ivelina Zaharieva, Katharina Klingan, Jonathan Heidkamp, Petko Chernev, Prashanth W. Menezes, Matthias Driess, Holger Dau, Mavis L. Montero. Communication Angew. Chem. 2015,127, 2502.<\/li>\n\n\n\n<li>K Rodr\u00edguez, M Villalta, E Mar\u00edn, M Brice\u00f1o, G Le\u00f3n, ML Montero. Materials Science and Engineering: C, 2019. 100, 23-29<\/li>\n<\/ul>\n\n\n\n<p><\/p>","protected":false},"excerpt":{"rendered":"<p>Mavis L. Montero Villalobos Acad\u00e9mico de N\u00famero Reconocimientos: TWAS-CONICIT 2006 en Qu\u00edmica para j\u00f3venes investigadores. Medalla Institucional de la Universidad de Costa Rica 2019. Premio MICITT-ANC a Mujer Cient\u00edfica del a\u00f1o 2020. Publicaciones representativas:<\/p>","protected":false},"author":1,"featured_media":2799,"parent":0,"menu_order":0,"comment_status":"closed","ping_status":"closed","template":"","meta":{"footnotes":""},"class_list":["post-539","page","type-page","status-publish","has-post-thumbnail","hentry"],"yoast_head":"<!-- This site is optimized with the Yoast SEO plugin v27.3 - https:\/\/yoast.com\/product\/yoast-seo-wordpress\/ -->\n<title>Mavis L. Montero Villalobos - ANC<\/title>\n<meta name=\"robots\" content=\"index, follow, max-snippet:-1, max-image-preview:large, max-video-preview:-1\" \/>\n<link rel=\"canonical\" href=\"https:\/\/www.anc.cr\/en\/mavis-montero-villalobos\/\" \/>\n<meta property=\"og:locale\" content=\"en_US\" \/>\n<meta property=\"og:type\" content=\"article\" \/>\n<meta property=\"og:title\" content=\"Mavis L. Montero Villalobos - ANC\" \/>\n<meta property=\"og:description\" content=\"Mavis L. Montero Villalobos Acad\u00e9mico de N\u00famero Reconocimientos: TWAS-CONICIT 2006 en Qu\u00edmica para j\u00f3venes investigadores. Medalla Institucional de la Universidad de Costa Rica 2019. Premio MICITT-ANC a Mujer Cient\u00edfica del a\u00f1o 2020. Publicaciones representativas:\" \/>\n<meta property=\"og:url\" content=\"https:\/\/www.anc.cr\/en\/mavis-montero-villalobos\/\" \/>\n<meta property=\"og:site_name\" content=\"ANC\" \/>\n<meta property=\"article:modified_time\" content=\"2026-01-13T21:49:20+00:00\" \/>\n<meta property=\"og:image\" content=\"https:\/\/www.anc.cr\/wp-content\/uploads\/2026\/01\/FOTO-DRA.-MAVIS-MONTERO.jpg\" \/>\n\t<meta property=\"og:image:width\" content=\"685\" \/>\n\t<meta property=\"og:image:height\" content=\"914\" \/>\n\t<meta property=\"og:image:type\" content=\"image\/jpeg\" \/>\n<meta name=\"twitter:card\" content=\"summary_large_image\" \/>\n<meta name=\"twitter:label1\" content=\"Est. reading time\" \/>\n\t<meta name=\"twitter:data1\" content=\"2 minutes\" \/>\n<script type=\"application\/ld+json\" class=\"yoast-schema-graph\">{\"@context\":\"https:\\\/\\\/schema.org\",\"@graph\":[{\"@type\":\"WebPage\",\"@id\":\"https:\\\/\\\/www.anc.cr\\\/mavis-montero-villalobos\\\/\",\"url\":\"https:\\\/\\\/www.anc.cr\\\/mavis-montero-villalobos\\\/\",\"name\":\"Mavis L. Montero Villalobos - ANC\",\"isPartOf\":{\"@id\":\"https:\\\/\\\/www.anc.cr\\\/#website\"},\"primaryImageOfPage\":{\"@id\":\"https:\\\/\\\/www.anc.cr\\\/mavis-montero-villalobos\\\/#primaryimage\"},\"image\":{\"@id\":\"https:\\\/\\\/www.anc.cr\\\/mavis-montero-villalobos\\\/#primaryimage\"},\"thumbnailUrl\":\"https:\\\/\\\/www.anc.cr\\\/wp-content\\\/uploads\\\/2026\\\/01\\\/FOTO-DRA.-MAVIS-MONTERO.jpg\",\"datePublished\":\"2024-07-09T10:22:35+00:00\",\"dateModified\":\"2026-01-13T21:49:20+00:00\",\"breadcrumb\":{\"@id\":\"https:\\\/\\\/www.anc.cr\\\/mavis-montero-villalobos\\\/#breadcrumb\"},\"inLanguage\":\"en-US\",\"potentialAction\":[{\"@type\":\"ReadAction\",\"target\":[\"https:\\\/\\\/www.anc.cr\\\/mavis-montero-villalobos\\\/\"]}]},{\"@type\":\"ImageObject\",\"inLanguage\":\"en-US\",\"@id\":\"https:\\\/\\\/www.anc.cr\\\/mavis-montero-villalobos\\\/#primaryimage\",\"url\":\"https:\\\/\\\/www.anc.cr\\\/wp-content\\\/uploads\\\/2026\\\/01\\\/FOTO-DRA.-MAVIS-MONTERO.jpg\",\"contentUrl\":\"https:\\\/\\\/www.anc.cr\\\/wp-content\\\/uploads\\\/2026\\\/01\\\/FOTO-DRA.-MAVIS-MONTERO.jpg\",\"width\":685,\"height\":914},{\"@type\":\"BreadcrumbList\",\"@id\":\"https:\\\/\\\/www.anc.cr\\\/mavis-montero-villalobos\\\/#breadcrumb\",\"itemListElement\":[{\"@type\":\"ListItem\",\"position\":1,\"name\":\"Portada\",\"item\":\"https:\\\/\\\/www.anc.cr\\\/\"},{\"@type\":\"ListItem\",\"position\":2,\"name\":\"Mavis L. Montero Villalobos\"}]},{\"@type\":\"WebSite\",\"@id\":\"https:\\\/\\\/www.anc.cr\\\/#website\",\"url\":\"https:\\\/\\\/www.anc.cr\\\/\",\"name\":\"ANC\",\"description\":\"Academia Nacional de Ciencias\",\"publisher\":{\"@id\":\"https:\\\/\\\/www.anc.cr\\\/#organization\"},\"potentialAction\":[{\"@type\":\"SearchAction\",\"target\":{\"@type\":\"EntryPoint\",\"urlTemplate\":\"https:\\\/\\\/www.anc.cr\\\/?s={search_term_string}\"},\"query-input\":{\"@type\":\"PropertyValueSpecification\",\"valueRequired\":true,\"valueName\":\"search_term_string\"}}],\"inLanguage\":\"en-US\"},{\"@type\":\"Organization\",\"@id\":\"https:\\\/\\\/www.anc.cr\\\/#organization\",\"name\":\"ANC\",\"url\":\"https:\\\/\\\/www.anc.cr\\\/\",\"logo\":{\"@type\":\"ImageObject\",\"inLanguage\":\"en-US\",\"@id\":\"https:\\\/\\\/www.anc.cr\\\/#\\\/schema\\\/logo\\\/image\\\/\",\"url\":\"https:\\\/\\\/www.anc.cr\\\/wp-content\\\/uploads\\\/2024\\\/07\\\/Logo-ANC-CR.png\",\"contentUrl\":\"https:\\\/\\\/www.anc.cr\\\/wp-content\\\/uploads\\\/2024\\\/07\\\/Logo-ANC-CR.png\",\"width\":1051,\"height\":593,\"caption\":\"ANC\"},\"image\":{\"@id\":\"https:\\\/\\\/www.anc.cr\\\/#\\\/schema\\\/logo\\\/image\\\/\"}}]}<\/script>\n<!-- \/ Yoast SEO plugin. -->","yoast_head_json":{"title":"Mavis L. Montero Villalobos - ANC","robots":{"index":"index","follow":"follow","max-snippet":"max-snippet:-1","max-image-preview":"max-image-preview:large","max-video-preview":"max-video-preview:-1"},"canonical":"https:\/\/www.anc.cr\/en\/mavis-montero-villalobos\/","og_locale":"en_US","og_type":"article","og_title":"Mavis L. Montero Villalobos - ANC","og_description":"Mavis L. Montero Villalobos Acad\u00e9mico de N\u00famero Reconocimientos: TWAS-CONICIT 2006 en Qu\u00edmica para j\u00f3venes investigadores. Medalla Institucional de la Universidad de Costa Rica 2019. Premio MICITT-ANC a Mujer Cient\u00edfica del a\u00f1o 2020. Publicaciones representativas:","og_url":"https:\/\/www.anc.cr\/en\/mavis-montero-villalobos\/","og_site_name":"ANC","article_modified_time":"2026-01-13T21:49:20+00:00","og_image":[{"width":685,"height":914,"url":"https:\/\/www.anc.cr\/wp-content\/uploads\/2026\/01\/FOTO-DRA.-MAVIS-MONTERO.jpg","type":"image\/jpeg"}],"twitter_card":"summary_large_image","twitter_misc":{"Est. reading time":"2 minutes"},"schema":{"@context":"https:\/\/schema.org","@graph":[{"@type":"WebPage","@id":"https:\/\/www.anc.cr\/mavis-montero-villalobos\/","url":"https:\/\/www.anc.cr\/mavis-montero-villalobos\/","name":"Mavis L. Montero Villalobos - ANC","isPartOf":{"@id":"https:\/\/www.anc.cr\/#website"},"primaryImageOfPage":{"@id":"https:\/\/www.anc.cr\/mavis-montero-villalobos\/#primaryimage"},"image":{"@id":"https:\/\/www.anc.cr\/mavis-montero-villalobos\/#primaryimage"},"thumbnailUrl":"https:\/\/www.anc.cr\/wp-content\/uploads\/2026\/01\/FOTO-DRA.-MAVIS-MONTERO.jpg","datePublished":"2024-07-09T10:22:35+00:00","dateModified":"2026-01-13T21:49:20+00:00","breadcrumb":{"@id":"https:\/\/www.anc.cr\/mavis-montero-villalobos\/#breadcrumb"},"inLanguage":"en-US","potentialAction":[{"@type":"ReadAction","target":["https:\/\/www.anc.cr\/mavis-montero-villalobos\/"]}]},{"@type":"ImageObject","inLanguage":"en-US","@id":"https:\/\/www.anc.cr\/mavis-montero-villalobos\/#primaryimage","url":"https:\/\/www.anc.cr\/wp-content\/uploads\/2026\/01\/FOTO-DRA.-MAVIS-MONTERO.jpg","contentUrl":"https:\/\/www.anc.cr\/wp-content\/uploads\/2026\/01\/FOTO-DRA.-MAVIS-MONTERO.jpg","width":685,"height":914},{"@type":"BreadcrumbList","@id":"https:\/\/www.anc.cr\/mavis-montero-villalobos\/#breadcrumb","itemListElement":[{"@type":"ListItem","position":1,"name":"Portada","item":"https:\/\/www.anc.cr\/"},{"@type":"ListItem","position":2,"name":"Mavis L. Montero Villalobos"}]},{"@type":"WebSite","@id":"https:\/\/www.anc.cr\/#website","url":"https:\/\/www.anc.cr\/","name":"ANC","description":"Academia Nacional de Ciencias","publisher":{"@id":"https:\/\/www.anc.cr\/#organization"},"potentialAction":[{"@type":"SearchAction","target":{"@type":"EntryPoint","urlTemplate":"https:\/\/www.anc.cr\/?s={search_term_string}"},"query-input":{"@type":"PropertyValueSpecification","valueRequired":true,"valueName":"search_term_string"}}],"inLanguage":"en-US"},{"@type":"Organization","@id":"https:\/\/www.anc.cr\/#organization","name":"ANC","url":"https:\/\/www.anc.cr\/","logo":{"@type":"ImageObject","inLanguage":"en-US","@id":"https:\/\/www.anc.cr\/#\/schema\/logo\/image\/","url":"https:\/\/www.anc.cr\/wp-content\/uploads\/2024\/07\/Logo-ANC-CR.png","contentUrl":"https:\/\/www.anc.cr\/wp-content\/uploads\/2024\/07\/Logo-ANC-CR.png","width":1051,"height":593,"caption":"ANC"},"image":{"@id":"https:\/\/www.anc.cr\/#\/schema\/logo\/image\/"}}]}},"_links":{"self":[{"href":"https:\/\/www.anc.cr\/en\/wp-json\/wp\/v2\/pages\/539","targetHints":{"allow":["GET"]}}],"collection":[{"href":"https:\/\/www.anc.cr\/en\/wp-json\/wp\/v2\/pages"}],"about":[{"href":"https:\/\/www.anc.cr\/en\/wp-json\/wp\/v2\/types\/page"}],"author":[{"embeddable":true,"href":"https:\/\/www.anc.cr\/en\/wp-json\/wp\/v2\/users\/1"}],"replies":[{"embeddable":true,"href":"https:\/\/www.anc.cr\/en\/wp-json\/wp\/v2\/comments?post=539"}],"version-history":[{"count":3,"href":"https:\/\/www.anc.cr\/en\/wp-json\/wp\/v2\/pages\/539\/revisions"}],"predecessor-version":[{"id":2857,"href":"https:\/\/www.anc.cr\/en\/wp-json\/wp\/v2\/pages\/539\/revisions\/2857"}],"wp:featuredmedia":[{"embeddable":true,"href":"https:\/\/www.anc.cr\/en\/wp-json\/wp\/v2\/media\/2799"}],"wp:attachment":[{"href":"https:\/\/www.anc.cr\/en\/wp-json\/wp\/v2\/media?parent=539"}],"curies":[{"name":"wp","href":"https:\/\/api.w.org\/{rel}","templated":true}]}}