{"id":520,"date":"2024-07-09T04:00:56","date_gmt":"2024-07-09T10:00:56","guid":{"rendered":"http:\/\/anc.local\/?page_id=520"},"modified":"2025-04-22T15:35:00","modified_gmt":"2025-04-22T21:35:00","slug":"carla-odio-perez","status":"publish","type":"page","link":"https:\/\/www.anc.cr\/en\/carla-odio-perez\/","title":{"rendered":"Carla Odio P\u00e9rez"},"content":{"rendered":"<div class=\"wp-block-columns alignwide are-vertically-aligned-center is-layout-flex wp-container-core-columns-is-layout-47c06fe3 wp-block-columns-is-layout-flex\">\n<div class=\"wp-block-column is-vertically-aligned-center is-layout-flow wp-block-column-is-layout-flow\" style=\"flex-basis:50%\">\n<h2 class=\"wp-block-heading\">Carla Odio P\u00e9rez<\/h2>\n\n\n\n<p>Acad\u00e9mico de N\u00famero<\/p>\n\n\n\n<ul class=\"wp-block-list\">\n<li>Profesora Catedr\u00e1tica de la Escuela de Ciencias M\u00e9dicas Universidad Aut\u00f3noma de Centroam\u00e9rica.<\/li>\n\n\n\n<li>M\u00e9dico, Universidad de Costa Rica. Postgrado en Pediatr\u00eda Universidad de Costa Rica.<\/li>\n\n\n\n<li>Posgrado en Infectolog\u00eda, Departamento de Infectolog\u00eda Pedi\u00e1trica, University of Texas Health Science Center, Dallas.<\/li>\n<\/ul>\n<\/div>\n\n\n\n<div class=\"wp-block-column is-vertically-aligned-center is-layout-flow wp-block-column-is-layout-flow\" style=\"flex-basis:50%\"><figure style=\"width:500px;height:500px;\" class=\"wp-block-post-featured-image\"><img decoding=\"async\" width=\"400\" height=\"398\" src=\"https:\/\/www.anc.cr\/wp-content\/uploads\/2024\/07\/image-4.png\" class=\"attachment-post-thumbnail size-post-thumbnail wp-post-image\" alt=\"\" style=\"height:500px;object-fit:cover;\" srcset=\"https:\/\/www.anc.cr\/wp-content\/uploads\/2024\/07\/image-4.png 400w, https:\/\/www.anc.cr\/wp-content\/uploads\/2024\/07\/image-4-300x300.png 300w, https:\/\/www.anc.cr\/wp-content\/uploads\/2024\/07\/image-4-150x150.png 150w\" sizes=\"(max-width: 400px) 100vw, 400px\" \/><\/figure><\/div>\n<\/div>\n\n\n\n<p><\/p>\n\n\n\n<p>Carla Odio se enfoca en el estudio de la inflamaci\u00f3n, la inmunomodulaci\u00f3n de enfermedades infecciosas, la farmacocin\u00e9tica y farmacodin\u00e1mica de los antibi\u00f3ticos en el suero de los ni\u00f1os, en el LCR, infecciones del sistema nervioso central, las infecciones neonatales, las infecciones \u00f3seas y articulares, la patog\u00e9nesis, la presentaci\u00f3n cl\u00ednica y el tratamiento de la histoplasmosis diseminada infantil, las infecciones por hongos, los mecanismos de la acci\u00f3n de los nuevos antif\u00fangicos, entre otros.<\/p>\n\n\n\n<p>Ha ocupado los cargos de Profesora Catedr\u00e1tica de la Escuela de Ciencias M\u00e9dicas, Universidad Aut\u00f3noma de Centroam\u00e9rica; Instructora en investigaci\u00f3n cl\u00ednica del Hospital Nacional de Ni\u00f1os, Departamento de Infectolog\u00eda y Microbiolog\u00eda; Instructora Cl\u00ednica en Microbiolog\u00eda, Departamento de Microbiolog\u00eda, Escuela de Medicina, Universidad Southwestern, Dallas, Texas; Asistente especialista Servicio de Medicina 3 e infectolog\u00eda en Neonatolog\u00eda, Neurocirug\u00eda, cirug\u00eda General, Unidad de Cuidados Intensivos, Unidad de Quemados, Nefrolog\u00eda, Hospital Nacional de Ni\u00f1os Dr. Carlos S\u00e1enz Herrera; Coordinadora en Latinoam\u00e9rica del Cuarto Estudio Colaborativo de Meningitis Neonatal; Coordinadora del Estudio Multic\u00e9ntrico de Meropenem en meningitis en Pediatr\u00eda; Consultora internacional, representante de Costa Rica en la Sociedad Latinoamericana de Infectolog\u00eda Pedi\u00e1trica; Asistente infect\u00f3loga, Hospital Nacional de Ni\u00f1os Dr. Carlos S\u00e1enz Herrera; Editora Jefe de la Revista Actualizaciones en Pediatr\u00eda; Coordinadora de docencia de la Unidad de Postgrado en el Hospital Nacional de Ni\u00f1os; Delegada Internacional de la World Society of Pediatric Infectious Diseases.<\/p>\n\n\n\n<p>Ha sido miembro del Comit\u00e9 de Investigaci\u00f3n Institucional, miembro de la Asociaci\u00f3n Americana de Microbiolog\u00eda Washington D.C., Estados Unidos de Am\u00e9rica, miembro de la Asociaci\u00f3n Costarricense de Infectolog\u00eda. Miembro del Equipo de Trasplante de M\u00e9dula \u00d3sea Hospital Nacional de Ni\u00f1os Dr. Carlos S\u00e1enz Herrera, miembro de la junta editorial de la Revista Enfermedades Pedi\u00e1tricas Infecto-contagiosas M\u00e9xico, D.F., miembro fundadora de la Sociedad Latinoamericana de Infectolog\u00eda, miembro de la Comisi\u00f3n contra el Sida, de la Caja Costarricense de Seguro Social; miembro del Council of the International Society of Infectious Diseases, miembro de n\u00famero de la Academia Nacional de Medicina de Costa Rica y miembro de la Academia Nacional de Ciencias de Costa Rica. Se le han otorgado los siguientes reconocimientos: Premio a uno de los tres mejores residentes de Pediatr\u00eda, Departamento de Pediatr\u00eda, Hospital Nacional de Ni\u00f1os, C\u00e1tedra de Pediatr\u00eda, Universidad de Costa Rica; distinci\u00f3n como uno de los mejores Fellows en infectolog\u00eda pedi\u00e1trica, Universidad de Dallas en Texas, Departamento de Infectolog\u00eda Pedi\u00e1trica, Centro de Salud y Ciencias, Estados Unidos de Am\u00e9rica; hu\u00e9sped distinguido Corporaci\u00f3n Mundial de la Ciudad de San Pedro Sula, Honduras; delegada representante de Costa Rica ante la Sociedad Latinoamericana de Infectolog\u00eda Pedi\u00e1trica; profesora invitada, Universidad de Charlottesville en Virginia, Escuela de Medicina, Estados Unidos de Am\u00e9rica; dedicaci\u00f3n de la Graduaci\u00f3n de los Residentes de Tercer A\u00f1o, promoci\u00f3n, Hospital Nacional de Ni\u00f1os Dr. Carlos S\u00e1enz Herrera, San Jos\u00e9, Costa Rica y hu\u00e9sped distinguido Sociedad Dominicana de Pediatr\u00eda, Santo Domingo, Rep\u00fablica Dominicana. Fue presidente de la SLIPE (Sociedad Latinoamericana de Infectolog\u00eda Pedi\u00e1trica). Fue tesorera y miembro de la Junta Directiva de la World Society of Infectious Diseases, es secretaria de la Junta Directiva de la International Society of Infectious Diseases, profesora invitada en el Curso Gorgas de Medicina Tropical del Hospital Cayetano Heredia de Lima, Per\u00fa, de la Universidad de Birgminham, Alabama y del Centro de Enfermedades Tropicales de la Universidad Cayetano Heredia. Es Jefe de Cl\u00ednica Ad-honorem de la Secci\u00f3n de Cuidados Intensivos Neonatales donde es la infect\u00f3loga del Servicio, e infect\u00f3loga de Hematolog\u00eda del Hospital Nacional de Ni\u00f1os, Dr. Carlos S\u00e1enz Herrera, Centro de Ciencias M\u00e9dicas. Profesora de Postgrado de la Universidad de Costa Rica, en el \u00e1rea de Infectolog\u00eda Pedi\u00e1trica. Recibi\u00f3 un reconocimiento como m\u00e9dico sobresaliente por parte del Colegio de M\u00e9dicos y Cirujanos de Costa Rica y de M\u00e9dico Notable por parte del Presidente de Costa Rica, don Rafael Angel Calder\u00f3n Fournier. Reconocimiento en dos ocasiones como \u201cCient\u00edfica y Profesional Destacada\u201d por parte del Instituto Nacional de Aprendizaje, Asesor\u00eda de Formaci\u00f3n Profesional de la Mujer. Punto Focal por parte de Costa Rica en IANAS (Inter American Network of Academies of Science) del grupo: WfS-WG (Women for Science Working Group).<\/p>\n\n\n\n<p>En marzo del 2015 fue elegida Presidenta Electa de la International Society of Infectious Diseases (ISID).<\/p>\n\n\n\n<p>Desde el 2013 formo parte del Comit\u00e9 Editorial de la revista m\u00e9dica en l\u00ednea: \u201cFrontiers in Pediatric Infectious Diseases\u201d. Chief Editor: Philippe L\u00e8page.<\/p>\n\n\n\n<p><strong>Publicaciones representativas<\/strong><\/p>\n\n\n\n<ul class=\"wp-block-list\">\n<li>Carla M. Odio, MD, Roberto Araya, Luis E. Pinto, Carlos E. Castro, Sergio Vasquez, MD, Braulio Alfaro, MD, Alberto Saenz, MD, Marco L. Herrera, MSQ, Thomas J. Walsh, MD. Caspofungin Therapy of Neonates with Invasive Candidiasis. Pediatr. Infec. Dis. J. 2004; 23:1093-1097.<\/li>\n\n\n\n<li>Odio, CM, M.D. Vaccines and Vaccine Strategies. Expert Review of Vaccines 2004; 3:391\/396.<\/li>\n\n\n\n<li>Carla M. Odio, Md, Tobias Ramirez, Md, Gloria Arias, PHARMD,,et al. Double blind, randomized, placebo-controlled study of dexamethasone therapy for hematogenous septic arthritis in children. Pediatr Infect Dis J, 2003; 22:883-8.<\/li>\n\n\n\n<li>Dra. Carla M. Odio, Dr. Eduardo Huertas. Infecciones del L\u00edquido Cefalorraqu\u00eddeo en Pacientes con Derivaciones Ventr\u00edculo Peritoneales. Acta Pedi\u00e1trica Costarricense 2001. 15:140<\/li>\n\n\n\n<li>Carla M. Odio, MD, Roberto Araya, Luis E. Pinto, Carlos E. Castro, Sergio Vasquez, MD, Braulio Alfaro, MD, Alberto Saenz, MD, Marco L. Herrera, MSQ, Thomas J. Walsh, MD. Caspofungin Therapy of Neonates with Invasive Candidiasis. Pediatr. Infec. Dis. J. 2004; 23:1093-1097.<\/li>\n\n\n\n<li>Odio, CM, M.D. Vaccines and Vaccine Strategies. Expert Review of Vaccines 2004; 3:391\/396.<\/li>\n\n\n\n<li>Carla M. Odio, Md, Tobias Ramirez, Md, Gloria Arias, PHARMD,,et al. Double blind, randomized, placebo-controlled study of dexamethasone therapy for hematogenous septic arthritis in children. Pediatr Infect Dis J, 2003; 22:883-8.<\/li>\n\n\n\n<li>Dra. Carla M. Odio, Dr. Eduardo Huertas. Infecciones del L\u00edquido Cefalorraqu\u00eddeo en Pacientes con Derivaciones Ventr\u00edculo Peritoneales. Acta Pedi\u00e1trica Costarricense 2001. 15:140<\/li>\n<\/ul>","protected":false},"excerpt":{"rendered":"<p>Carla Odio P\u00e9rez Acad\u00e9mico de N\u00famero Carla Odio se enfoca en el estudio de la inflamaci\u00f3n, la inmunomodulaci\u00f3n de enfermedades infecciosas, la farmacocin\u00e9tica y farmacodin\u00e1mica de los antibi\u00f3ticos en el suero de los ni\u00f1os, en el LCR, infecciones del sistema nervioso central, las infecciones neonatales, las infecciones \u00f3seas y articulares, la patog\u00e9nesis, la presentaci\u00f3n cl\u00ednica [&hellip;]<\/p>\n","protected":false},"author":1,"featured_media":472,"parent":0,"menu_order":0,"comment_status":"closed","ping_status":"closed","template":"","meta":{"footnotes":""},"class_list":["post-520","page","type-page","status-publish","has-post-thumbnail","hentry"],"yoast_head":"<!-- This site is optimized with the Yoast SEO plugin v27.3 - https:\/\/yoast.com\/product\/yoast-seo-wordpress\/ -->\n<title>Carla Odio P\u00e9rez - ANC<\/title>\n<meta name=\"robots\" content=\"index, follow, max-snippet:-1, max-image-preview:large, max-video-preview:-1\" \/>\n<link rel=\"canonical\" href=\"https:\/\/www.anc.cr\/en\/carla-odio-perez\/\" \/>\n<meta property=\"og:locale\" content=\"en_US\" \/>\n<meta property=\"og:type\" content=\"article\" \/>\n<meta property=\"og:title\" content=\"Carla Odio P\u00e9rez - ANC\" \/>\n<meta property=\"og:description\" content=\"Carla Odio P\u00e9rez Acad\u00e9mico de N\u00famero Carla Odio se enfoca en el estudio de la inflamaci\u00f3n, la inmunomodulaci\u00f3n de enfermedades infecciosas, la farmacocin\u00e9tica y farmacodin\u00e1mica de los antibi\u00f3ticos en el suero de los ni\u00f1os, en el LCR, infecciones del sistema nervioso central, las infecciones neonatales, las infecciones \u00f3seas y articulares, la patog\u00e9nesis, la presentaci\u00f3n cl\u00ednica [&hellip;]\" \/>\n<meta property=\"og:url\" content=\"https:\/\/www.anc.cr\/en\/carla-odio-perez\/\" \/>\n<meta property=\"og:site_name\" content=\"ANC\" \/>\n<meta property=\"article:modified_time\" content=\"2025-04-22T21:35:00+00:00\" \/>\n<meta property=\"og:image\" content=\"https:\/\/www.anc.cr\/wp-content\/uploads\/2024\/07\/image-4.png\" \/>\n\t<meta property=\"og:image:width\" content=\"400\" \/>\n\t<meta property=\"og:image:height\" content=\"398\" \/>\n\t<meta property=\"og:image:type\" content=\"image\/png\" \/>\n<meta name=\"twitter:card\" content=\"summary_large_image\" \/>\n<meta name=\"twitter:label1\" content=\"Est. reading time\" \/>\n\t<meta name=\"twitter:data1\" content=\"5 minutes\" \/>\n<script type=\"application\/ld+json\" class=\"yoast-schema-graph\">{\"@context\":\"https:\\\/\\\/schema.org\",\"@graph\":[{\"@type\":\"WebPage\",\"@id\":\"https:\\\/\\\/www.anc.cr\\\/carla-odio-perez\\\/\",\"url\":\"https:\\\/\\\/www.anc.cr\\\/carla-odio-perez\\\/\",\"name\":\"Carla Odio P\u00e9rez - ANC\",\"isPartOf\":{\"@id\":\"https:\\\/\\\/www.anc.cr\\\/#website\"},\"primaryImageOfPage\":{\"@id\":\"https:\\\/\\\/www.anc.cr\\\/carla-odio-perez\\\/#primaryimage\"},\"image\":{\"@id\":\"https:\\\/\\\/www.anc.cr\\\/carla-odio-perez\\\/#primaryimage\"},\"thumbnailUrl\":\"https:\\\/\\\/www.anc.cr\\\/wp-content\\\/uploads\\\/2024\\\/07\\\/image-4.png\",\"datePublished\":\"2024-07-09T10:00:56+00:00\",\"dateModified\":\"2025-04-22T21:35:00+00:00\",\"breadcrumb\":{\"@id\":\"https:\\\/\\\/www.anc.cr\\\/carla-odio-perez\\\/#breadcrumb\"},\"inLanguage\":\"en-US\",\"potentialAction\":[{\"@type\":\"ReadAction\",\"target\":[\"https:\\\/\\\/www.anc.cr\\\/carla-odio-perez\\\/\"]}]},{\"@type\":\"ImageObject\",\"inLanguage\":\"en-US\",\"@id\":\"https:\\\/\\\/www.anc.cr\\\/carla-odio-perez\\\/#primaryimage\",\"url\":\"https:\\\/\\\/www.anc.cr\\\/wp-content\\\/uploads\\\/2024\\\/07\\\/image-4.png\",\"contentUrl\":\"https:\\\/\\\/www.anc.cr\\\/wp-content\\\/uploads\\\/2024\\\/07\\\/image-4.png\",\"width\":400,\"height\":398},{\"@type\":\"BreadcrumbList\",\"@id\":\"https:\\\/\\\/www.anc.cr\\\/carla-odio-perez\\\/#breadcrumb\",\"itemListElement\":[{\"@type\":\"ListItem\",\"position\":1,\"name\":\"Portada\",\"item\":\"https:\\\/\\\/www.anc.cr\\\/\"},{\"@type\":\"ListItem\",\"position\":2,\"name\":\"Carla Odio P\u00e9rez\"}]},{\"@type\":\"WebSite\",\"@id\":\"https:\\\/\\\/www.anc.cr\\\/#website\",\"url\":\"https:\\\/\\\/www.anc.cr\\\/\",\"name\":\"ANC\",\"description\":\"Academia Nacional de Ciencias\",\"publisher\":{\"@id\":\"https:\\\/\\\/www.anc.cr\\\/#organization\"},\"potentialAction\":[{\"@type\":\"SearchAction\",\"target\":{\"@type\":\"EntryPoint\",\"urlTemplate\":\"https:\\\/\\\/www.anc.cr\\\/?s={search_term_string}\"},\"query-input\":{\"@type\":\"PropertyValueSpecification\",\"valueRequired\":true,\"valueName\":\"search_term_string\"}}],\"inLanguage\":\"en-US\"},{\"@type\":\"Organization\",\"@id\":\"https:\\\/\\\/www.anc.cr\\\/#organization\",\"name\":\"ANC\",\"url\":\"https:\\\/\\\/www.anc.cr\\\/\",\"logo\":{\"@type\":\"ImageObject\",\"inLanguage\":\"en-US\",\"@id\":\"https:\\\/\\\/www.anc.cr\\\/#\\\/schema\\\/logo\\\/image\\\/\",\"url\":\"https:\\\/\\\/www.anc.cr\\\/wp-content\\\/uploads\\\/2024\\\/07\\\/Logo-ANC-CR.png\",\"contentUrl\":\"https:\\\/\\\/www.anc.cr\\\/wp-content\\\/uploads\\\/2024\\\/07\\\/Logo-ANC-CR.png\",\"width\":1051,\"height\":593,\"caption\":\"ANC\"},\"image\":{\"@id\":\"https:\\\/\\\/www.anc.cr\\\/#\\\/schema\\\/logo\\\/image\\\/\"}}]}<\/script>\n<!-- \/ Yoast SEO plugin. -->","yoast_head_json":{"title":"Carla Odio P\u00e9rez - ANC","robots":{"index":"index","follow":"follow","max-snippet":"max-snippet:-1","max-image-preview":"max-image-preview:large","max-video-preview":"max-video-preview:-1"},"canonical":"https:\/\/www.anc.cr\/en\/carla-odio-perez\/","og_locale":"en_US","og_type":"article","og_title":"Carla Odio P\u00e9rez - ANC","og_description":"Carla Odio P\u00e9rez Acad\u00e9mico de N\u00famero Carla Odio se enfoca en el estudio de la inflamaci\u00f3n, la inmunomodulaci\u00f3n de enfermedades infecciosas, la farmacocin\u00e9tica y farmacodin\u00e1mica de los antibi\u00f3ticos en el suero de los ni\u00f1os, en el LCR, infecciones del sistema nervioso central, las infecciones neonatales, las infecciones \u00f3seas y articulares, la patog\u00e9nesis, la presentaci\u00f3n cl\u00ednica [&hellip;]","og_url":"https:\/\/www.anc.cr\/en\/carla-odio-perez\/","og_site_name":"ANC","article_modified_time":"2025-04-22T21:35:00+00:00","og_image":[{"width":400,"height":398,"url":"https:\/\/www.anc.cr\/wp-content\/uploads\/2024\/07\/image-4.png","type":"image\/png"}],"twitter_card":"summary_large_image","twitter_misc":{"Est. reading time":"5 minutes"},"schema":{"@context":"https:\/\/schema.org","@graph":[{"@type":"WebPage","@id":"https:\/\/www.anc.cr\/carla-odio-perez\/","url":"https:\/\/www.anc.cr\/carla-odio-perez\/","name":"Carla Odio P\u00e9rez - ANC","isPartOf":{"@id":"https:\/\/www.anc.cr\/#website"},"primaryImageOfPage":{"@id":"https:\/\/www.anc.cr\/carla-odio-perez\/#primaryimage"},"image":{"@id":"https:\/\/www.anc.cr\/carla-odio-perez\/#primaryimage"},"thumbnailUrl":"https:\/\/www.anc.cr\/wp-content\/uploads\/2024\/07\/image-4.png","datePublished":"2024-07-09T10:00:56+00:00","dateModified":"2025-04-22T21:35:00+00:00","breadcrumb":{"@id":"https:\/\/www.anc.cr\/carla-odio-perez\/#breadcrumb"},"inLanguage":"en-US","potentialAction":[{"@type":"ReadAction","target":["https:\/\/www.anc.cr\/carla-odio-perez\/"]}]},{"@type":"ImageObject","inLanguage":"en-US","@id":"https:\/\/www.anc.cr\/carla-odio-perez\/#primaryimage","url":"https:\/\/www.anc.cr\/wp-content\/uploads\/2024\/07\/image-4.png","contentUrl":"https:\/\/www.anc.cr\/wp-content\/uploads\/2024\/07\/image-4.png","width":400,"height":398},{"@type":"BreadcrumbList","@id":"https:\/\/www.anc.cr\/carla-odio-perez\/#breadcrumb","itemListElement":[{"@type":"ListItem","position":1,"name":"Portada","item":"https:\/\/www.anc.cr\/"},{"@type":"ListItem","position":2,"name":"Carla Odio P\u00e9rez"}]},{"@type":"WebSite","@id":"https:\/\/www.anc.cr\/#website","url":"https:\/\/www.anc.cr\/","name":"ANC","description":"Academia Nacional de Ciencias","publisher":{"@id":"https:\/\/www.anc.cr\/#organization"},"potentialAction":[{"@type":"SearchAction","target":{"@type":"EntryPoint","urlTemplate":"https:\/\/www.anc.cr\/?s={search_term_string}"},"query-input":{"@type":"PropertyValueSpecification","valueRequired":true,"valueName":"search_term_string"}}],"inLanguage":"en-US"},{"@type":"Organization","@id":"https:\/\/www.anc.cr\/#organization","name":"ANC","url":"https:\/\/www.anc.cr\/","logo":{"@type":"ImageObject","inLanguage":"en-US","@id":"https:\/\/www.anc.cr\/#\/schema\/logo\/image\/","url":"https:\/\/www.anc.cr\/wp-content\/uploads\/2024\/07\/Logo-ANC-CR.png","contentUrl":"https:\/\/www.anc.cr\/wp-content\/uploads\/2024\/07\/Logo-ANC-CR.png","width":1051,"height":593,"caption":"ANC"},"image":{"@id":"https:\/\/www.anc.cr\/#\/schema\/logo\/image\/"}}]}},"_links":{"self":[{"href":"https:\/\/www.anc.cr\/en\/wp-json\/wp\/v2\/pages\/520","targetHints":{"allow":["GET"]}}],"collection":[{"href":"https:\/\/www.anc.cr\/en\/wp-json\/wp\/v2\/pages"}],"about":[{"href":"https:\/\/www.anc.cr\/en\/wp-json\/wp\/v2\/types\/page"}],"author":[{"embeddable":true,"href":"https:\/\/www.anc.cr\/en\/wp-json\/wp\/v2\/users\/1"}],"replies":[{"embeddable":true,"href":"https:\/\/www.anc.cr\/en\/wp-json\/wp\/v2\/comments?post=520"}],"version-history":[{"count":2,"href":"https:\/\/www.anc.cr\/en\/wp-json\/wp\/v2\/pages\/520\/revisions"}],"predecessor-version":[{"id":2376,"href":"https:\/\/www.anc.cr\/en\/wp-json\/wp\/v2\/pages\/520\/revisions\/2376"}],"wp:featuredmedia":[{"embeddable":true,"href":"https:\/\/www.anc.cr\/en\/wp-json\/wp\/v2\/media\/472"}],"wp:attachment":[{"href":"https:\/\/www.anc.cr\/en\/wp-json\/wp\/v2\/media?parent=520"}],"curies":[{"name":"wp","href":"https:\/\/api.w.org\/{rel}","templated":true}]}}