{"id":518,"date":"2024-07-09T03:57:32","date_gmt":"2024-07-09T09:57:32","guid":{"rendered":"http:\/\/anc.local\/?page_id=518"},"modified":"2024-07-09T04:00:21","modified_gmt":"2024-07-09T10:00:21","slug":"bruno-lomonte-vigliotti","status":"publish","type":"page","link":"https:\/\/www.anc.cr\/en\/bruno-lomonte-vigliotti\/","title":{"rendered":"Bruno Lomonte Vigliotti"},"content":{"rendered":"<div class=\"wp-block-group alignfull has-global-padding is-layout-constrained wp-container-core-group-is-layout-cb151cc7 wp-block-group-is-layout-constrained\" style=\"margin-top:0;margin-bottom:0;padding-top:0;padding-right:var(--wp--preset--spacing--50);padding-bottom:0;padding-left:var(--wp--preset--spacing--50)\">\n<div class=\"wp-block-columns alignwide are-vertically-aligned-center is-layout-flex wp-container-core-columns-is-layout-47c06fe3 wp-block-columns-is-layout-flex\">\n<div class=\"wp-block-column is-vertically-aligned-center is-layout-flow wp-block-column-is-layout-flow\" style=\"flex-basis:50%\">\n<h2 class=\"wp-block-heading\">Bruno Lomonte Vigliotti<\/h2>\n\n\n\n<p>Acad\u00e9mico de N\u00famero<\/p>\n\n\n\n<ul class=\"wp-block-list\">\n<li>Catedr\u00e1tico, Instituto Clodomiro Picado, Universidad de Costa Rica, San Jos\u00e9, Costa Rica.<\/li>\n\n\n\n<li>Lic. en Microbiolog\u00eda y Qu\u00edmica Cl\u00ednica, Universidad de Costa Rica (1981).<\/li>\n\n\n\n<li>M.Sc., Microbiolog\u00eda e Inmunolog\u00eda, Universidad de Costa Rica (1986).<\/li>\n\n\n\n<li>Fulbright Research Scholar, Universidad de Wisconsin-Madison, EUA  (1987).<\/li>\n\n\n\n<li>Ph.D., Departamento de Inmunolog\u00eda Cl\u00ednica, Universidad de G\u00f6teborg, Suecia (1994).<\/li>\n<\/ul>\n<\/div>\n\n\n\n<div class=\"wp-block-column is-vertically-aligned-center is-layout-flow wp-block-column-is-layout-flow\" style=\"flex-basis:50%\"><figure style=\"width:500px;height:500px;\" class=\"wp-block-post-featured-image\"><img decoding=\"async\" width=\"295\" height=\"302\" src=\"https:\/\/www.anc.cr\/wp-content\/uploads\/2024\/07\/image-3.png\" class=\"attachment-post-thumbnail size-post-thumbnail wp-post-image\" alt=\"\" style=\"height:500px;object-fit:cover;\" srcset=\"https:\/\/www.anc.cr\/wp-content\/uploads\/2024\/07\/image-3.png 295w, https:\/\/www.anc.cr\/wp-content\/uploads\/2024\/07\/image-3-293x300.png 293w\" sizes=\"(max-width: 295px) 100vw, 295px\" \/><\/figure><\/div>\n<\/div>\n<\/div>\n\n\n\n<div style=\"height:10px\" aria-hidden=\"true\" class=\"wp-block-spacer\"><\/div>\n\n\n\n<hr class=\"wp-block-separator has-alpha-channel-opacity\"\/>\n\n\n\n<div style=\"height:15px\" aria-hidden=\"true\" class=\"wp-block-spacer\"><\/div>\n\n\n\n<p>Bruno Lomonte ha estudiado las caracter\u00edsticas inmunol\u00f3gicas y bioqu\u00edmicas de los venenos de serpientes de Costa Rica y sus toxinas. Sus investigaciones se han enfocado principalmente en la caracterizaci\u00f3n de un grupo de fosfolipasas A2 que da\u00f1an las c\u00e9lulas musculares (miotoxinas), y en la b\u00fasqueda y estudio de inhibidores para estas toxinas. Tambi\u00e9n, se interesa en la seroterapia antiof\u00eddica y la preparaci\u00f3n de anticuerpos policlonales y monoclonales contra toxinas, las aplicaciones de los p\u00e9ptidos sint\u00e9ticos, y el desarrollo de inmunoensayos. M\u00e1s recientemente, se agrega a sus intereses de investigaci\u00f3n la aplicaci\u00f3n de t\u00e9cnicas de an\u00e1lisis prote\u00f3mico mediante espectrometr\u00eda de masas. Ha dirigido 32 tesis de grado y posgrado a lo largo de cuatro d\u00e9cadas de trabajo en el Instituto Clodomiro Picado (Facultad de Microbiolog\u00eda) de la UCR, en donde es actualmente Profesor Em\u00e9rito.<\/p>\n<p>Ha ocupado cargos como Director del Programa de Maestr\u00eda en Microbiolog\u00eda, y Director (fundador) del Programa de Doctorado en Ciencias de la UCR. Su producci\u00f3n cient\u00edfica incluye m\u00e1s de 360 publicaciones en revistas especializadas y libros. Es miembro de la Academia Nacional de Ciencias de Costa Rica y de la International Society on Toxinology. Ha recibido el Premio Nacional de Ciencias (1986), el Premio King Baudouin de la International Foundation for Science (1994), el Premio TWAS-CONICIT en Ciencias Biol\u00f3gicas (1997), el Premio al Investigador de la Universidad de Costa Rica en Ciencias de la Salud (2010), y el Redi Award de la International Society on Toxinology (2022).<\/p>\n\n\n\n\n<h3 class=\"wp-block-heading\">Publicaciones representativas<\/h3>\n\n\n\n<ul class=\"wp-block-list\">\n<li>Lomonte B, Kahan L (1988) Production and partial characterization of monoclonal antibodies to Bothrops asper (terciopelo) myotoxin. Toxicon 26, 675.<\/li>\n\n\n\n<li>Lomonte B, Moreno E, Tarkowski A, Hanson L\u00c5, Maccarana M (1994) Neutralizing interaction between heparins and myotoxin II, a Lys-49 phospholipase A2 from Bothrops asper snake venom. Identification of a heparin-binding and cytolytic toxin region by the use of synthetic peptides and molecular modeling. Journal of Biological Chemistry 269, 29867.<\/li>\n\n\n\n<li>Lomonte B, Angulo Y, Santamar\u00eda C (2003) Comparative study of synthetic peptides corresponding to region 115-129 in Lys49 myotoxic phospholipases A2 from snake venoms. Toxicon 42, 307-312.<\/li>\n\n\n\n<li>Cintra-Francischinelli M, Caccin P, Chiavegato A, Pizzo P, Carmignoto G, Angulo Y, Lomonte B, Guti\u00e9rrez JM, Montecucco C (2010) Bothrops snake myotoxins induce a large efflux of ATP and potassium with spreading of cell damage and pain. Proceedings of the National Academy of Sciences USA 107, 14140-14145.<\/li>\n\n\n\n<li>Lomonte B, Fern\u00e1ndez J, Sanz L, Angulo Y, Sasa M, Guti\u00e9rrez JM, Calvete JJ (2014) Venomous snakes of Costa Rica: biological and medical implications of their venom proteomic profiles analyzed through the strategy of &#8220;snake venomics&#8221;. Journal of Proteomics 105, 323-339.<\/li>\n\n\n\n<li>Lomonte B, Rey-Su\u00e1rez P, Fern\u00e1ndez J, Sasa M, Pla D, Vargas N, B\u00e9nard-Valle M, Sanz L, Corr\u00eaa-Netto C, N\u00fa\u00f1ez V, Alape-Gir\u00f3n A, Alag\u00f3n A, Guti\u00e9rrez JM, Calvete JJ (2016) Venoms of Micrurus coral snakes: evolutionary trends in compositional patterns emerging from proteomic analyses. Toxicon 122, 7-25.<\/li>\n\n\n\n<li>Massimino ML, Simonato M, Spolaore B, Franchin C, Arrigoni G, Marin O, Monturiol-Gross L, Fern\u00e1ndez J, Lomonte B, Tonello F (2018) Cell surface nucleolin interacts with and internalizes Bothrops asper Lys49 phospholipase A2 and mediates its toxic activity. Scientific Reports 8, 10619.<\/li>\n\n\n\n<li>Laustsen AH, Karatt-Vellatt A, Masters EW, Arias AS, Pu\u0161 U, Knudsen C, Oscoz S, Slavny P, Griffiths DT, Luther AM, Leah RA, Lindholm M, Lomonte B, Gutie\u0301rrez JM, McCafferty J (2018) In vivo neutralization of the dendrotoxin-mediated neurotoxicity of black mamba venom by oligoclonal human IgG monoclonal antibodies. Nature Communications 9, 3928.<\/li>\n<\/ul>","protected":false},"excerpt":{"rendered":"<p>Bruno Lomonte Vigliotti Acad\u00e9mico de N\u00famero Bruno Lomonte ha estudiado las caracter\u00edsticas inmunol\u00f3gicas y bioqu\u00edmicas de los venenos de serpientes de Costa Rica y sus toxinas. Sus investigaciones se han enfocado principalmente en la caracterizaci\u00f3n de un grupo de fosfolipasas A2 que da\u00f1an las c\u00e9lulas musculares (miotoxinas), y en la b\u00fasqueda y estudio de inhibidores [&hellip;]<\/p>\n","protected":false},"author":1,"featured_media":471,"parent":0,"menu_order":0,"comment_status":"closed","ping_status":"closed","template":"","meta":{"footnotes":""},"class_list":["post-518","page","type-page","status-publish","has-post-thumbnail","hentry"],"yoast_head":"<!-- This site is optimized with the Yoast SEO plugin v27.3 - https:\/\/yoast.com\/product\/yoast-seo-wordpress\/ -->\n<title>Bruno Lomonte Vigliotti - ANC<\/title>\n<meta name=\"robots\" content=\"index, follow, max-snippet:-1, max-image-preview:large, max-video-preview:-1\" \/>\n<link rel=\"canonical\" href=\"https:\/\/www.anc.cr\/en\/bruno-lomonte-vigliotti\/\" \/>\n<meta property=\"og:locale\" content=\"en_US\" \/>\n<meta property=\"og:type\" content=\"article\" \/>\n<meta property=\"og:title\" content=\"Bruno Lomonte Vigliotti - ANC\" \/>\n<meta property=\"og:description\" content=\"Bruno Lomonte Vigliotti Acad\u00e9mico de N\u00famero Bruno Lomonte ha estudiado las caracter\u00edsticas inmunol\u00f3gicas y bioqu\u00edmicas de los venenos de serpientes de Costa Rica y sus toxinas. Sus investigaciones se han enfocado principalmente en la caracterizaci\u00f3n de un grupo de fosfolipasas A2 que da\u00f1an las c\u00e9lulas musculares (miotoxinas), y en la b\u00fasqueda y estudio de inhibidores [&hellip;]\" \/>\n<meta property=\"og:url\" content=\"https:\/\/www.anc.cr\/en\/bruno-lomonte-vigliotti\/\" \/>\n<meta property=\"og:site_name\" content=\"ANC\" \/>\n<meta property=\"article:modified_time\" content=\"2024-07-09T10:00:21+00:00\" \/>\n<meta property=\"og:image\" content=\"https:\/\/www.anc.cr\/wp-content\/uploads\/2024\/07\/image-3.png\" \/>\n\t<meta property=\"og:image:width\" content=\"295\" \/>\n\t<meta property=\"og:image:height\" content=\"302\" \/>\n\t<meta property=\"og:image:type\" content=\"image\/png\" \/>\n<meta name=\"twitter:card\" content=\"summary_large_image\" \/>\n<meta name=\"twitter:label1\" content=\"Est. reading time\" \/>\n\t<meta name=\"twitter:data1\" content=\"3 minutes\" \/>\n<script type=\"application\/ld+json\" class=\"yoast-schema-graph\">{\"@context\":\"https:\\\/\\\/schema.org\",\"@graph\":[{\"@type\":\"WebPage\",\"@id\":\"https:\\\/\\\/www.anc.cr\\\/bruno-lomonte-vigliotti\\\/\",\"url\":\"https:\\\/\\\/www.anc.cr\\\/bruno-lomonte-vigliotti\\\/\",\"name\":\"Bruno Lomonte Vigliotti - ANC\",\"isPartOf\":{\"@id\":\"https:\\\/\\\/www.anc.cr\\\/#website\"},\"primaryImageOfPage\":{\"@id\":\"https:\\\/\\\/www.anc.cr\\\/bruno-lomonte-vigliotti\\\/#primaryimage\"},\"image\":{\"@id\":\"https:\\\/\\\/www.anc.cr\\\/bruno-lomonte-vigliotti\\\/#primaryimage\"},\"thumbnailUrl\":\"https:\\\/\\\/www.anc.cr\\\/wp-content\\\/uploads\\\/2024\\\/07\\\/image-3.png\",\"datePublished\":\"2024-07-09T09:57:32+00:00\",\"dateModified\":\"2024-07-09T10:00:21+00:00\",\"breadcrumb\":{\"@id\":\"https:\\\/\\\/www.anc.cr\\\/bruno-lomonte-vigliotti\\\/#breadcrumb\"},\"inLanguage\":\"en-US\",\"potentialAction\":[{\"@type\":\"ReadAction\",\"target\":[\"https:\\\/\\\/www.anc.cr\\\/bruno-lomonte-vigliotti\\\/\"]}]},{\"@type\":\"ImageObject\",\"inLanguage\":\"en-US\",\"@id\":\"https:\\\/\\\/www.anc.cr\\\/bruno-lomonte-vigliotti\\\/#primaryimage\",\"url\":\"https:\\\/\\\/www.anc.cr\\\/wp-content\\\/uploads\\\/2024\\\/07\\\/image-3.png\",\"contentUrl\":\"https:\\\/\\\/www.anc.cr\\\/wp-content\\\/uploads\\\/2024\\\/07\\\/image-3.png\",\"width\":295,\"height\":302},{\"@type\":\"BreadcrumbList\",\"@id\":\"https:\\\/\\\/www.anc.cr\\\/bruno-lomonte-vigliotti\\\/#breadcrumb\",\"itemListElement\":[{\"@type\":\"ListItem\",\"position\":1,\"name\":\"Portada\",\"item\":\"https:\\\/\\\/www.anc.cr\\\/\"},{\"@type\":\"ListItem\",\"position\":2,\"name\":\"Bruno Lomonte Vigliotti\"}]},{\"@type\":\"WebSite\",\"@id\":\"https:\\\/\\\/www.anc.cr\\\/#website\",\"url\":\"https:\\\/\\\/www.anc.cr\\\/\",\"name\":\"ANC\",\"description\":\"Academia Nacional de Ciencias\",\"publisher\":{\"@id\":\"https:\\\/\\\/www.anc.cr\\\/#organization\"},\"potentialAction\":[{\"@type\":\"SearchAction\",\"target\":{\"@type\":\"EntryPoint\",\"urlTemplate\":\"https:\\\/\\\/www.anc.cr\\\/?s={search_term_string}\"},\"query-input\":{\"@type\":\"PropertyValueSpecification\",\"valueRequired\":true,\"valueName\":\"search_term_string\"}}],\"inLanguage\":\"en-US\"},{\"@type\":\"Organization\",\"@id\":\"https:\\\/\\\/www.anc.cr\\\/#organization\",\"name\":\"ANC\",\"url\":\"https:\\\/\\\/www.anc.cr\\\/\",\"logo\":{\"@type\":\"ImageObject\",\"inLanguage\":\"en-US\",\"@id\":\"https:\\\/\\\/www.anc.cr\\\/#\\\/schema\\\/logo\\\/image\\\/\",\"url\":\"https:\\\/\\\/www.anc.cr\\\/wp-content\\\/uploads\\\/2024\\\/07\\\/Logo-ANC-CR.png\",\"contentUrl\":\"https:\\\/\\\/www.anc.cr\\\/wp-content\\\/uploads\\\/2024\\\/07\\\/Logo-ANC-CR.png\",\"width\":1051,\"height\":593,\"caption\":\"ANC\"},\"image\":{\"@id\":\"https:\\\/\\\/www.anc.cr\\\/#\\\/schema\\\/logo\\\/image\\\/\"}}]}<\/script>\n<!-- \/ Yoast SEO plugin. -->","yoast_head_json":{"title":"Bruno Lomonte Vigliotti - ANC","robots":{"index":"index","follow":"follow","max-snippet":"max-snippet:-1","max-image-preview":"max-image-preview:large","max-video-preview":"max-video-preview:-1"},"canonical":"https:\/\/www.anc.cr\/en\/bruno-lomonte-vigliotti\/","og_locale":"en_US","og_type":"article","og_title":"Bruno Lomonte Vigliotti - ANC","og_description":"Bruno Lomonte Vigliotti Acad\u00e9mico de N\u00famero Bruno Lomonte ha estudiado las caracter\u00edsticas inmunol\u00f3gicas y bioqu\u00edmicas de los venenos de serpientes de Costa Rica y sus toxinas. Sus investigaciones se han enfocado principalmente en la caracterizaci\u00f3n de un grupo de fosfolipasas A2 que da\u00f1an las c\u00e9lulas musculares (miotoxinas), y en la b\u00fasqueda y estudio de inhibidores [&hellip;]","og_url":"https:\/\/www.anc.cr\/en\/bruno-lomonte-vigliotti\/","og_site_name":"ANC","article_modified_time":"2024-07-09T10:00:21+00:00","og_image":[{"width":295,"height":302,"url":"https:\/\/www.anc.cr\/wp-content\/uploads\/2024\/07\/image-3.png","type":"image\/png"}],"twitter_card":"summary_large_image","twitter_misc":{"Est. reading time":"3 minutes"},"schema":{"@context":"https:\/\/schema.org","@graph":[{"@type":"WebPage","@id":"https:\/\/www.anc.cr\/bruno-lomonte-vigliotti\/","url":"https:\/\/www.anc.cr\/bruno-lomonte-vigliotti\/","name":"Bruno Lomonte Vigliotti - ANC","isPartOf":{"@id":"https:\/\/www.anc.cr\/#website"},"primaryImageOfPage":{"@id":"https:\/\/www.anc.cr\/bruno-lomonte-vigliotti\/#primaryimage"},"image":{"@id":"https:\/\/www.anc.cr\/bruno-lomonte-vigliotti\/#primaryimage"},"thumbnailUrl":"https:\/\/www.anc.cr\/wp-content\/uploads\/2024\/07\/image-3.png","datePublished":"2024-07-09T09:57:32+00:00","dateModified":"2024-07-09T10:00:21+00:00","breadcrumb":{"@id":"https:\/\/www.anc.cr\/bruno-lomonte-vigliotti\/#breadcrumb"},"inLanguage":"en-US","potentialAction":[{"@type":"ReadAction","target":["https:\/\/www.anc.cr\/bruno-lomonte-vigliotti\/"]}]},{"@type":"ImageObject","inLanguage":"en-US","@id":"https:\/\/www.anc.cr\/bruno-lomonte-vigliotti\/#primaryimage","url":"https:\/\/www.anc.cr\/wp-content\/uploads\/2024\/07\/image-3.png","contentUrl":"https:\/\/www.anc.cr\/wp-content\/uploads\/2024\/07\/image-3.png","width":295,"height":302},{"@type":"BreadcrumbList","@id":"https:\/\/www.anc.cr\/bruno-lomonte-vigliotti\/#breadcrumb","itemListElement":[{"@type":"ListItem","position":1,"name":"Portada","item":"https:\/\/www.anc.cr\/"},{"@type":"ListItem","position":2,"name":"Bruno Lomonte Vigliotti"}]},{"@type":"WebSite","@id":"https:\/\/www.anc.cr\/#website","url":"https:\/\/www.anc.cr\/","name":"ANC","description":"Academia Nacional de Ciencias","publisher":{"@id":"https:\/\/www.anc.cr\/#organization"},"potentialAction":[{"@type":"SearchAction","target":{"@type":"EntryPoint","urlTemplate":"https:\/\/www.anc.cr\/?s={search_term_string}"},"query-input":{"@type":"PropertyValueSpecification","valueRequired":true,"valueName":"search_term_string"}}],"inLanguage":"en-US"},{"@type":"Organization","@id":"https:\/\/www.anc.cr\/#organization","name":"ANC","url":"https:\/\/www.anc.cr\/","logo":{"@type":"ImageObject","inLanguage":"en-US","@id":"https:\/\/www.anc.cr\/#\/schema\/logo\/image\/","url":"https:\/\/www.anc.cr\/wp-content\/uploads\/2024\/07\/Logo-ANC-CR.png","contentUrl":"https:\/\/www.anc.cr\/wp-content\/uploads\/2024\/07\/Logo-ANC-CR.png","width":1051,"height":593,"caption":"ANC"},"image":{"@id":"https:\/\/www.anc.cr\/#\/schema\/logo\/image\/"}}]}},"_links":{"self":[{"href":"https:\/\/www.anc.cr\/en\/wp-json\/wp\/v2\/pages\/518","targetHints":{"allow":["GET"]}}],"collection":[{"href":"https:\/\/www.anc.cr\/en\/wp-json\/wp\/v2\/pages"}],"about":[{"href":"https:\/\/www.anc.cr\/en\/wp-json\/wp\/v2\/types\/page"}],"author":[{"embeddable":true,"href":"https:\/\/www.anc.cr\/en\/wp-json\/wp\/v2\/users\/1"}],"replies":[{"embeddable":true,"href":"https:\/\/www.anc.cr\/en\/wp-json\/wp\/v2\/comments?post=518"}],"version-history":[{"count":4,"href":"https:\/\/www.anc.cr\/en\/wp-json\/wp\/v2\/pages\/518\/revisions"}],"predecessor-version":[{"id":523,"href":"https:\/\/www.anc.cr\/en\/wp-json\/wp\/v2\/pages\/518\/revisions\/523"}],"wp:featuredmedia":[{"embeddable":true,"href":"https:\/\/www.anc.cr\/en\/wp-json\/wp\/v2\/media\/471"}],"wp:attachment":[{"href":"https:\/\/www.anc.cr\/en\/wp-json\/wp\/v2\/media?parent=518"}],"curies":[{"name":"wp","href":"https:\/\/api.w.org\/{rel}","templated":true}]}}