{"id":514,"date":"2024-07-09T03:53:49","date_gmt":"2024-07-09T09:53:49","guid":{"rendered":"http:\/\/anc.local\/?page_id=514"},"modified":"2024-07-09T03:53:55","modified_gmt":"2024-07-09T09:53:55","slug":"alfredo-alvarado-hernandez","status":"publish","type":"page","link":"https:\/\/www.anc.cr\/en\/alfredo-alvarado-hernandez\/","title":{"rendered":"Alfredo Alvarado Hern\u00e1ndez"},"content":{"rendered":"\n<div class=\"wp-block-group alignfull has-global-padding is-layout-constrained wp-container-core-group-is-layout-cb151cc7 wp-block-group-is-layout-constrained\" style=\"margin-top:0;margin-bottom:0;padding-top:0;padding-right:var(--wp--preset--spacing--50);padding-bottom:0;padding-left:var(--wp--preset--spacing--50)\">\n<div class=\"wp-block-columns alignwide are-vertically-aligned-center is-layout-flex wp-container-core-columns-is-layout-47c06fe3 wp-block-columns-is-layout-flex\">\n<div class=\"wp-block-column is-vertically-aligned-center is-layout-flow wp-block-column-is-layout-flow\" style=\"flex-basis:50%\">\n<h2 class=\"wp-block-heading\">Alfredo Alvarado Hern\u00e1ndez<\/h2>\n\n\n\n<p>Acad\u00e9mico de N\u00famero<\/p>\n\n\n\n<ul class=\"wp-block-list\">\n<li>Profesor em\u00e9rito de la Universidad de Costa Rica y Asesor Privado a nivel nacional e internacional.<\/li>\n\n\n\n<li>Ingeniero Agr\u00f3nomo, Facultad de Agronom\u00eda, Universidad de Costa Rica (1970).<\/li>\n\n\n\n<li>M. Sc., Suelos. North Carolina State University (1974).<\/li>\n\n\n\n<li>Ph. D., Suelos. North Carolina State University (1982).<\/li>\n<\/ul>\n<\/div>\n\n\n\n<div class=\"wp-block-column is-vertically-aligned-center is-layout-flow wp-block-column-is-layout-flow\" style=\"flex-basis:50%\"><figure style=\"width:500px;height:500px;\" class=\"wp-block-post-featured-image\"><img decoding=\"async\" width=\"400\" height=\"400\" src=\"https:\/\/www.anc.cr\/wp-content\/uploads\/2024\/07\/image-1.png\" class=\"attachment-post-thumbnail size-post-thumbnail wp-post-image\" alt=\"\" style=\"height:500px;object-fit:cover;\" srcset=\"https:\/\/www.anc.cr\/wp-content\/uploads\/2024\/07\/image-1.png 400w, https:\/\/www.anc.cr\/wp-content\/uploads\/2024\/07\/image-1-300x300.png 300w, https:\/\/www.anc.cr\/wp-content\/uploads\/2024\/07\/image-1-150x150.png 150w\" sizes=\"(max-width: 400px) 100vw, 400px\" \/><\/figure><\/div>\n<\/div>\n<\/div>\n\n\n\n<div style=\"height:10px\" aria-hidden=\"true\" class=\"wp-block-spacer\"><\/div>\n\n\n\n<hr class=\"wp-block-separator has-alpha-channel-opacity\"\/>\n\n\n\n<div style=\"height:15px\" aria-hidden=\"true\" class=\"wp-block-spacer\"><\/div>\n\n\n\n<p>Alfredo Alvarado enfoca su \u00e1rea de investigaci\u00f3n en los recursos naturales. Ha contribuido al desarrollo del conocimiento en la Ciencia del Suelo, en la b\u00fasqueda de la sostenibilidad y la seguridad alimentaria en Latino Am\u00e9rica. Es especialista en clasificaci\u00f3n de suelos.<br><br>Ha sido Profesor asistente de la Universidad de Costa Rica (1969-1971), Profesor Asociado de la Universidad de Costa Rica, Consultor a corto plazo para el Ministerio de Planificaci\u00f3n de Costa Rica, Co-fundador y editor de la Revista Agronom\u00eda Costarricense, Presidente de la Asociaci\u00f3n Latinoamericana de la Ciencia del Suelo (los cargos anteriores los asumi\u00f3 en el per\u00edodo de 1975 a 1980), Consultor a corto plazo del Instituto Interamericano de Desarrollo Agr\u00edcola (IICA), del Centro Cient\u00edfico Tropical (CCT) y editor de la Revista Turrialba, Profesor investigador de la Universidad de Costa Rica en el \u00e1rea de G\u00e9nesis y Clasificaci\u00f3n de Suelos y de Suelos Forestales en el Programa UCR\/CATIE (los cargos anteriores los asumi\u00f3 en el per\u00edodo de 1982 a 1985), Consultor en manejo y conservaci\u00f3n de suelos, corresponsable en labores de Administraci\u00f3n, Investigaci\u00f3n y Capacitaci\u00f3n del Programa de Desarrollo Regional del Chapare, Bolivia, Consultor a corto plazo para Earth Satellite, Banco Mundial y AID (los cargos anteriores los asumi\u00f3 en el per\u00edodo de 1985 a 1991), Director del Centro de Investigaciones Agron\u00f3micas de la Universidad de Costa Rica (1991 -2000), Director del Instituto de Investigaciones Agr\u00edcolas de la Universidad de Costa Rica (2000-2003), Profesor em\u00e9rito de la Universidad de Costa Rica (2003-presente) y Asesor Privado a nivel nacional e internacional (2003-presente).<br><br>Es miembro de: el Colegio de Ingenieros Agr\u00f3nomos de Costa Rica, la Soil Science Society of America, la Asociaci\u00f3n Latinoamericana de las Ciencias del Suelo, la Asociaci\u00f3n Internacional de la Ciencia del Suelo y la Academia Nacional de Ciencias de Costa Rica. Adem\u00e1s, ha recibido los siguientes honores: Miembro Fundador y Activo de la Academia Nacional de Ciencias de Costa Rica (1995), Galard\u00f3n \u201cLa Simiente\u201d en el \u00e1rea de Docencia, Colegio de Ingenieros Agr\u00f3nomos de Costa Rica (2001), Menci\u00f3n de Honor, Sociedad Latinoamericana de la Ciencia del Suelo, (2004), Profesor em\u00e9rito, Escuela de Agronom\u00eda de la Universidad de Costa Rica (2009) y Miembro Honorario, Asociaci\u00f3n Costarricense de la Ciencia del Suelo (2011).<\/p>\n\n\n\n<h3 class=\"wp-block-heading\">Publicaciones representativas<\/h3>\n\n\n\n<ul class=\"wp-block-list\">\n<li>Alvarado Hern\u00e1ndez, Alfredo. &#8220;Estimaci\u00f3n en el campo de la retenci\u00f3n de f\u00f3sforo en andepts.&#8221;. Agronom\u00eda y ciencia. 2 (1-2): 130, junio, 1984. (H 630 A281ag C.R.).<\/li>\n\n\n\n<li>Alvarado Hern\u00e1ndez, Alfredo. El origen de los suelos. Turrialba: CATIE, 1985. 52 p. C.R. 631.4 A444-o).<\/li>\n\n\n\n<li>Alvarado Hern\u00e1ndez, Alfredo; Ag\u00fcero, Jos\u00e9 M. &#8220;Compactaci\u00f3n y compactabilidad de suelos agr\u00edcolas y ganaderos de Guanacaste&#8221;. Agronom\u00eda y ciencia. 1 (1):7, enero, 1983. (H 630 A281ag C.R.).<\/li>\n\n\n\n<li>Alvarado Hern\u00e1ndez, Alfredo; Ag\u00fcero, Jos\u00e9 M. &#8220;Compactaci\u00f3n y compactabilidad de suelos agr\u00edcolas y ganaderos de Guanacaste, Costa Rica&#8221;. Agronom\u00eda costarricense. 7(1-2): 27-33, marzo-setiembre, 1983. (H 630 A2812a C.R.).<\/li>\n\n\n\n<li>Alvarado Hern\u00e1ndez, Alfredo; Bornemisza Steiner, Elemer. Manejo de suelos en la Am\u00e9rica tropical. San Jos\u00e9: Imprenta Lehmann, [s.f.e.]. 582 p. (C.R. 631.4 B736m).<\/li>\n\n\n\n<li>Castro Barquero, Leida; Uribe, Lidieth; Alvarado Hern\u00e1ndez, Alfredo. &#8220;Efecto del enriquecimiento del inoculante de Rhizobium con dosis crecientes de P sobre el crecimiento del frijol com\u00fan (Phaseolus vulgaris)&#8221;. Agronom\u00eda costarricense. 17 (1):55-59, enero-junio, 1993. (H 630 A2812a C.R.).<\/li>\n\n\n\n<li>Herrero, Bernal; Alvarado Hern\u00e1ndez, Alfredo. &#8220;Calidad de sitio y factores ambientales en bosques de Centro Am\u00e9rica&#8221;. Agronom\u00eda costarricense. 22(1):99-117, enero-junio, 1998. (H 630 A2812a C.R.).<\/li>\n\n\n\n<li>Sancho M., Freddy; Cordero V., Alvaro; Alvarado Hern\u00e1ndez, Alfredo. &#8220;Fertilidad actual de los suelos de tres toposecuencias en el pac\u00edfico seco de Costa Rica&#8221;. Agronom\u00eda costarricense. 8(1):9-16, marzo, 1984. (H 630 A2812a C.R.).<\/li>\n\n\n\n<li>Vidal Vega, Edgar; Bornemisza Steiner, Elemer; Alvarado Hern\u00e1ndez, Alfredo. &#8220;Oligoelementos cati\u00f3nicos en suelos de la parte central de la pen\u00ednsula de Nicoya&#8221;. Agronom\u00eda costarricense. 10(1-2):57-63, 1986. (H 630 A2812a C.R.).<\/li>\n\n\n\n<li>Vidal Vega, Edgar; Bornemisza Steiner, Elemer; Alvarado Hern\u00e1ndez, Alfredo. &#8220;Relaci\u00f3n f\u00f3sforo-zinc en dos toposecuencias de la parte central de la pen\u00ednsula de Nicoya, Guanacaste&#8221;. Agronom\u00eda costarricense. 10(1-2):65-72, 1986. (H 630 A2812a C.R.).<\/li>\n<\/ul>\n\n\n\n<ul class=\"wp-block-list\">\n<li><\/li>\n<\/ul>\n","protected":false},"excerpt":{"rendered":"<p>Alfredo Alvarado Hern\u00e1ndez Acad\u00e9mico de N\u00famero Alfredo Alvarado enfoca su \u00e1rea de investigaci\u00f3n en los recursos naturales. Ha contribuido al desarrollo del conocimiento en la Ciencia del Suelo, en la b\u00fasqueda de la sostenibilidad y la seguridad alimentaria en Latino Am\u00e9rica. Es especialista en clasificaci\u00f3n de suelos. Ha sido Profesor asistente de la Universidad de [&hellip;]<\/p>\n","protected":false},"author":1,"featured_media":469,"parent":0,"menu_order":0,"comment_status":"closed","ping_status":"closed","template":"","meta":{"footnotes":""},"class_list":["post-514","page","type-page","status-publish","has-post-thumbnail","hentry"],"yoast_head":"<!-- This site is optimized with the Yoast SEO plugin v27.3 - https:\/\/yoast.com\/product\/yoast-seo-wordpress\/ -->\n<title>Alfredo Alvarado Hern\u00e1ndez - ANC<\/title>\n<meta name=\"robots\" content=\"index, follow, max-snippet:-1, max-image-preview:large, max-video-preview:-1\" \/>\n<link rel=\"canonical\" href=\"https:\/\/www.anc.cr\/en\/alfredo-alvarado-hernandez\/\" \/>\n<meta property=\"og:locale\" content=\"en_US\" \/>\n<meta property=\"og:type\" content=\"article\" \/>\n<meta property=\"og:title\" content=\"Alfredo Alvarado Hern\u00e1ndez - ANC\" \/>\n<meta property=\"og:description\" content=\"Alfredo Alvarado Hern\u00e1ndez Acad\u00e9mico de N\u00famero Alfredo Alvarado enfoca su \u00e1rea de investigaci\u00f3n en los recursos naturales. Ha contribuido al desarrollo del conocimiento en la Ciencia del Suelo, en la b\u00fasqueda de la sostenibilidad y la seguridad alimentaria en Latino Am\u00e9rica. Es especialista en clasificaci\u00f3n de suelos. Ha sido Profesor asistente de la Universidad de [&hellip;]\" \/>\n<meta property=\"og:url\" content=\"https:\/\/www.anc.cr\/en\/alfredo-alvarado-hernandez\/\" \/>\n<meta property=\"og:site_name\" content=\"ANC\" \/>\n<meta property=\"article:modified_time\" content=\"2024-07-09T09:53:55+00:00\" \/>\n<meta property=\"og:image\" content=\"https:\/\/www.anc.cr\/wp-content\/uploads\/2024\/07\/image-1.png\" \/>\n\t<meta property=\"og:image:width\" content=\"400\" \/>\n\t<meta property=\"og:image:height\" content=\"400\" \/>\n\t<meta property=\"og:image:type\" content=\"image\/png\" \/>\n<meta name=\"twitter:card\" content=\"summary_large_image\" \/>\n<meta name=\"twitter:label1\" content=\"Est. reading time\" \/>\n\t<meta name=\"twitter:data1\" content=\"4 minutes\" \/>\n<script type=\"application\/ld+json\" class=\"yoast-schema-graph\">{\"@context\":\"https:\\\/\\\/schema.org\",\"@graph\":[{\"@type\":\"WebPage\",\"@id\":\"https:\\\/\\\/www.anc.cr\\\/alfredo-alvarado-hernandez\\\/\",\"url\":\"https:\\\/\\\/www.anc.cr\\\/alfredo-alvarado-hernandez\\\/\",\"name\":\"Alfredo Alvarado Hern\u00e1ndez - ANC\",\"isPartOf\":{\"@id\":\"https:\\\/\\\/www.anc.cr\\\/#website\"},\"primaryImageOfPage\":{\"@id\":\"https:\\\/\\\/www.anc.cr\\\/alfredo-alvarado-hernandez\\\/#primaryimage\"},\"image\":{\"@id\":\"https:\\\/\\\/www.anc.cr\\\/alfredo-alvarado-hernandez\\\/#primaryimage\"},\"thumbnailUrl\":\"https:\\\/\\\/www.anc.cr\\\/wp-content\\\/uploads\\\/2024\\\/07\\\/image-1.png\",\"datePublished\":\"2024-07-09T09:53:49+00:00\",\"dateModified\":\"2024-07-09T09:53:55+00:00\",\"breadcrumb\":{\"@id\":\"https:\\\/\\\/www.anc.cr\\\/alfredo-alvarado-hernandez\\\/#breadcrumb\"},\"inLanguage\":\"en-US\",\"potentialAction\":[{\"@type\":\"ReadAction\",\"target\":[\"https:\\\/\\\/www.anc.cr\\\/alfredo-alvarado-hernandez\\\/\"]}]},{\"@type\":\"ImageObject\",\"inLanguage\":\"en-US\",\"@id\":\"https:\\\/\\\/www.anc.cr\\\/alfredo-alvarado-hernandez\\\/#primaryimage\",\"url\":\"https:\\\/\\\/www.anc.cr\\\/wp-content\\\/uploads\\\/2024\\\/07\\\/image-1.png\",\"contentUrl\":\"https:\\\/\\\/www.anc.cr\\\/wp-content\\\/uploads\\\/2024\\\/07\\\/image-1.png\",\"width\":400,\"height\":400},{\"@type\":\"BreadcrumbList\",\"@id\":\"https:\\\/\\\/www.anc.cr\\\/alfredo-alvarado-hernandez\\\/#breadcrumb\",\"itemListElement\":[{\"@type\":\"ListItem\",\"position\":1,\"name\":\"Portada\",\"item\":\"https:\\\/\\\/www.anc.cr\\\/\"},{\"@type\":\"ListItem\",\"position\":2,\"name\":\"Alfredo Alvarado Hern\u00e1ndez\"}]},{\"@type\":\"WebSite\",\"@id\":\"https:\\\/\\\/www.anc.cr\\\/#website\",\"url\":\"https:\\\/\\\/www.anc.cr\\\/\",\"name\":\"ANC\",\"description\":\"Academia Nacional de Ciencias\",\"publisher\":{\"@id\":\"https:\\\/\\\/www.anc.cr\\\/#organization\"},\"potentialAction\":[{\"@type\":\"SearchAction\",\"target\":{\"@type\":\"EntryPoint\",\"urlTemplate\":\"https:\\\/\\\/www.anc.cr\\\/?s={search_term_string}\"},\"query-input\":{\"@type\":\"PropertyValueSpecification\",\"valueRequired\":true,\"valueName\":\"search_term_string\"}}],\"inLanguage\":\"en-US\"},{\"@type\":\"Organization\",\"@id\":\"https:\\\/\\\/www.anc.cr\\\/#organization\",\"name\":\"ANC\",\"url\":\"https:\\\/\\\/www.anc.cr\\\/\",\"logo\":{\"@type\":\"ImageObject\",\"inLanguage\":\"en-US\",\"@id\":\"https:\\\/\\\/www.anc.cr\\\/#\\\/schema\\\/logo\\\/image\\\/\",\"url\":\"https:\\\/\\\/www.anc.cr\\\/wp-content\\\/uploads\\\/2024\\\/07\\\/Logo-ANC-CR.png\",\"contentUrl\":\"https:\\\/\\\/www.anc.cr\\\/wp-content\\\/uploads\\\/2024\\\/07\\\/Logo-ANC-CR.png\",\"width\":1051,\"height\":593,\"caption\":\"ANC\"},\"image\":{\"@id\":\"https:\\\/\\\/www.anc.cr\\\/#\\\/schema\\\/logo\\\/image\\\/\"}}]}<\/script>\n<!-- \/ Yoast SEO plugin. -->","yoast_head_json":{"title":"Alfredo Alvarado Hern\u00e1ndez - ANC","robots":{"index":"index","follow":"follow","max-snippet":"max-snippet:-1","max-image-preview":"max-image-preview:large","max-video-preview":"max-video-preview:-1"},"canonical":"https:\/\/www.anc.cr\/en\/alfredo-alvarado-hernandez\/","og_locale":"en_US","og_type":"article","og_title":"Alfredo Alvarado Hern\u00e1ndez - ANC","og_description":"Alfredo Alvarado Hern\u00e1ndez Acad\u00e9mico de N\u00famero Alfredo Alvarado enfoca su \u00e1rea de investigaci\u00f3n en los recursos naturales. Ha contribuido al desarrollo del conocimiento en la Ciencia del Suelo, en la b\u00fasqueda de la sostenibilidad y la seguridad alimentaria en Latino Am\u00e9rica. Es especialista en clasificaci\u00f3n de suelos. Ha sido Profesor asistente de la Universidad de [&hellip;]","og_url":"https:\/\/www.anc.cr\/en\/alfredo-alvarado-hernandez\/","og_site_name":"ANC","article_modified_time":"2024-07-09T09:53:55+00:00","og_image":[{"width":400,"height":400,"url":"https:\/\/www.anc.cr\/wp-content\/uploads\/2024\/07\/image-1.png","type":"image\/png"}],"twitter_card":"summary_large_image","twitter_misc":{"Est. reading time":"4 minutes"},"schema":{"@context":"https:\/\/schema.org","@graph":[{"@type":"WebPage","@id":"https:\/\/www.anc.cr\/alfredo-alvarado-hernandez\/","url":"https:\/\/www.anc.cr\/alfredo-alvarado-hernandez\/","name":"Alfredo Alvarado Hern\u00e1ndez - ANC","isPartOf":{"@id":"https:\/\/www.anc.cr\/#website"},"primaryImageOfPage":{"@id":"https:\/\/www.anc.cr\/alfredo-alvarado-hernandez\/#primaryimage"},"image":{"@id":"https:\/\/www.anc.cr\/alfredo-alvarado-hernandez\/#primaryimage"},"thumbnailUrl":"https:\/\/www.anc.cr\/wp-content\/uploads\/2024\/07\/image-1.png","datePublished":"2024-07-09T09:53:49+00:00","dateModified":"2024-07-09T09:53:55+00:00","breadcrumb":{"@id":"https:\/\/www.anc.cr\/alfredo-alvarado-hernandez\/#breadcrumb"},"inLanguage":"en-US","potentialAction":[{"@type":"ReadAction","target":["https:\/\/www.anc.cr\/alfredo-alvarado-hernandez\/"]}]},{"@type":"ImageObject","inLanguage":"en-US","@id":"https:\/\/www.anc.cr\/alfredo-alvarado-hernandez\/#primaryimage","url":"https:\/\/www.anc.cr\/wp-content\/uploads\/2024\/07\/image-1.png","contentUrl":"https:\/\/www.anc.cr\/wp-content\/uploads\/2024\/07\/image-1.png","width":400,"height":400},{"@type":"BreadcrumbList","@id":"https:\/\/www.anc.cr\/alfredo-alvarado-hernandez\/#breadcrumb","itemListElement":[{"@type":"ListItem","position":1,"name":"Portada","item":"https:\/\/www.anc.cr\/"},{"@type":"ListItem","position":2,"name":"Alfredo Alvarado Hern\u00e1ndez"}]},{"@type":"WebSite","@id":"https:\/\/www.anc.cr\/#website","url":"https:\/\/www.anc.cr\/","name":"ANC","description":"Academia Nacional de Ciencias","publisher":{"@id":"https:\/\/www.anc.cr\/#organization"},"potentialAction":[{"@type":"SearchAction","target":{"@type":"EntryPoint","urlTemplate":"https:\/\/www.anc.cr\/?s={search_term_string}"},"query-input":{"@type":"PropertyValueSpecification","valueRequired":true,"valueName":"search_term_string"}}],"inLanguage":"en-US"},{"@type":"Organization","@id":"https:\/\/www.anc.cr\/#organization","name":"ANC","url":"https:\/\/www.anc.cr\/","logo":{"@type":"ImageObject","inLanguage":"en-US","@id":"https:\/\/www.anc.cr\/#\/schema\/logo\/image\/","url":"https:\/\/www.anc.cr\/wp-content\/uploads\/2024\/07\/Logo-ANC-CR.png","contentUrl":"https:\/\/www.anc.cr\/wp-content\/uploads\/2024\/07\/Logo-ANC-CR.png","width":1051,"height":593,"caption":"ANC"},"image":{"@id":"https:\/\/www.anc.cr\/#\/schema\/logo\/image\/"}}]}},"_links":{"self":[{"href":"https:\/\/www.anc.cr\/en\/wp-json\/wp\/v2\/pages\/514","targetHints":{"allow":["GET"]}}],"collection":[{"href":"https:\/\/www.anc.cr\/en\/wp-json\/wp\/v2\/pages"}],"about":[{"href":"https:\/\/www.anc.cr\/en\/wp-json\/wp\/v2\/types\/page"}],"author":[{"embeddable":true,"href":"https:\/\/www.anc.cr\/en\/wp-json\/wp\/v2\/users\/1"}],"replies":[{"embeddable":true,"href":"https:\/\/www.anc.cr\/en\/wp-json\/wp\/v2\/comments?post=514"}],"version-history":[{"count":1,"href":"https:\/\/www.anc.cr\/en\/wp-json\/wp\/v2\/pages\/514\/revisions"}],"predecessor-version":[{"id":516,"href":"https:\/\/www.anc.cr\/en\/wp-json\/wp\/v2\/pages\/514\/revisions\/516"}],"wp:featuredmedia":[{"embeddable":true,"href":"https:\/\/www.anc.cr\/en\/wp-json\/wp\/v2\/media\/469"}],"wp:attachment":[{"href":"https:\/\/www.anc.cr\/en\/wp-json\/wp\/v2\/media?parent=514"}],"curies":[{"name":"wp","href":"https:\/\/api.w.org\/{rel}","templated":true}]}}