{"id":511,"date":"2024-07-09T03:51:45","date_gmt":"2024-07-09T09:51:45","guid":{"rendered":"http:\/\/anc.local\/?page_id=511"},"modified":"2024-10-23T09:09:10","modified_gmt":"2024-10-23T15:09:10","slug":"alejandro-jenkins-villalobos","status":"publish","type":"page","link":"https:\/\/www.anc.cr\/en\/alejandro-jenkins-villalobos\/","title":{"rendered":"Alejandro Jenkins Villalobos"},"content":{"rendered":"<div class=\"wp-block-group alignfull has-global-padding is-layout-constrained wp-container-core-group-is-layout-cb151cc7 wp-block-group-is-layout-constrained\" style=\"margin-top:0;margin-bottom:0;padding-top:0;padding-right:var(--wp--preset--spacing--50);padding-bottom:0;padding-left:var(--wp--preset--spacing--50)\">\n<div class=\"wp-block-columns alignwide are-vertically-aligned-center is-layout-flex wp-container-core-columns-is-layout-47c06fe3 wp-block-columns-is-layout-flex\">\n<div class=\"wp-block-column is-vertically-aligned-center is-layout-flow wp-block-column-is-layout-flow\" style=\"flex-basis:50%\">\n<h2 class=\"wp-block-heading\">Alejandro Jenkins Villalobos<\/h2>\n\n\n\n<p>Acad\u00e9mico de N\u00famero<\/p>\n\n\n\n<ul class=\"wp-block-list\">\n<li>Bachiller (AB) en f\u00edsica y matem\u00e1ticas, con honores, Universidad de Harvard, 2001<\/li>\n\n\n\n<li>M\u00e1gister (MS) en f\u00edsica, <em>California Institute of Technology<\/em> (Caltech), 2002<\/li>\n\n\n\n<li>Doctor (PhD) en f\u00edsica te\u00f3rica, Caltech, 2006<\/li>\n\n\n\n<li>Investigador postdoctoral en el Centro de F\u00edsica Te\u00f3rica del <em>Massachusetts Institute of Technology<\/em> (MIT), 2006-2009<\/li>\n\n\n\n<li>Investigador postdoctoral en el grupo de f\u00edsica de altas energ\u00edas de <em>Florida State University<\/em> (FSU), 2009-12<\/li>\n\n\n\n<li>Profesor de la Escuela de F\u00edsica de la Universidad de Costa Rica (UCR) desde el 2013<\/li>\n\n\n\n<li>Becario Ulam de la Agencia Nacional de Intercambio Acad\u00e9mico (NAWA) de Polonia, 2020-2021<\/li>\n\n\n\n<li>Investigador en el <em>International Centre for Theory of Quantum Technolog<\/em>ies (ICTQT) de la Universidad de Gdansk, Polonia 2021-2024<\/li>\n<\/ul>\n\n\n\n<div class=\"wp-block-buttons is-layout-flex wp-block-buttons-is-layout-flex\"><\/div>\n<\/div>\n\n\n\n<div class=\"wp-block-column is-vertically-aligned-center is-layout-flow wp-block-column-is-layout-flow\" style=\"flex-basis:50%\"><figure style=\"width:500px;height:500px;\" class=\"wp-block-post-featured-image\"><img decoding=\"async\" width=\"250\" height=\"250\" src=\"https:\/\/www.anc.cr\/wp-content\/uploads\/2024\/07\/image-2.png\" class=\"attachment-post-thumbnail size-post-thumbnail wp-post-image\" alt=\"\" style=\"height:500px;object-fit:cover;\" srcset=\"https:\/\/www.anc.cr\/wp-content\/uploads\/2024\/07\/image-2.png 250w, https:\/\/www.anc.cr\/wp-content\/uploads\/2024\/07\/image-2-150x150.png 150w\" sizes=\"(max-width: 250px) 100vw, 250px\" \/><\/figure><\/div>\n<\/div>\n<\/div>\n\n\n\n<div style=\"height:10px\" aria-hidden=\"true\" class=\"wp-block-spacer\"><\/div>\n\n\n\n<hr class=\"wp-block-separator has-alpha-channel-opacity\"\/>\n\n\n\n<div style=\"height:15px\" aria-hidden=\"true\" class=\"wp-block-spacer\"><\/div>\n\n\n\n<p>Alejandro Jenkins es un f\u00edsico te\u00f3rico.&nbsp; Obtuvo su doctorado en Caltech en el 2006 bajo la supervisi\u00f3n del Prof. Mark B. Wise, con trabajos sobre la teor\u00eda cu\u00e1ntica de los campos aplicada al estudio de las part\u00edculas elementales y de la cosmolog\u00eda.&nbsp; Continu\u00f3 con esa l\u00ednea de investigaci\u00f3n en el MIT y FSU.&nbsp; Un trabajo sobre las masas de los quarks, llevado a cabo junto a Robert L. Jaffe e Itamar Kimchi en el MIT, llev\u00f3 al art\u00edculo de portada del n\u00famero de enero del 2010 de la revista&nbsp;<em>Scientific American<\/em>, que Jenkins coescribi\u00f3 con el f\u00edsico Gilad Perez, del Instituto Weizmann de Ciencias, en Israel.<\/p>\n\n\n\n<p>Jenkins regres\u00f3 a Costa Rica en el 2013 como profesor de la Escuela de F\u00edsica de la UCR.\u00a0 Desde entonces, ha trabajado tambi\u00e9n en la teor\u00eda de los sistemas din\u00e1micos auto-oscilatorios y su relaci\u00f3n con la termodin\u00e1mica de los sistemas activos.\u00a0 Varios de estos trabajos los ha realizado en colaboraci\u00f3n con el Prof. Robert Alicki, de la Universidad de Gdansk, en Polonia, quien es un experto en la teor\u00eda matem\u00e1tica de los sistemas cu\u00e1nticos abiertos y en la termodin\u00e1mica cu\u00e1ntica.\u00a0 Un trabajo de Alicki y Jenkins sobre la teor\u00eda de la triboelectricidad fue publicado en 2013 en <em>Physical Review Letters<\/em> y rese\u00f1ado por la revista <em>Physics World<\/em> del <em>Institute of Physics<\/em> (IOP), en el Reino Unido.<\/p>\n\n\n\n<p>Adem\u00e1s de su trabajo en f\u00edsica te\u00f3rica, Jenkins ha cultivado otros intereses, incluyendo la econom\u00eda te\u00f3rica, la historia y filosof\u00eda de la ciencia, la divulgaci\u00f3n cient\u00edfica y el periodismo de opini\u00f3n.&nbsp;&nbsp;Su conferencia de incorporaci\u00f3n a la ANC, dictada el 29 de abril del 2015, se titul\u00f3 \u201cAuto-oscilaci\u00f3n: De los motores a la macroeconom\u00eda\u201d.<\/p>\n\n\n\n<p>Jenkins recibi\u00f3 las becas John Harvard (1997-98), Harvard College (1998-2001) y Roger Annenberg (1998-2001), as\u00ed como el Premio Detur (1998) de la Universidad de Harvard. Su educaci\u00f3n de posgrado fue financiada en parte por a la beca R. A. Millikan de Caltech (2001-2004).\u00a0 En el per\u00edodo 2020-2021 se benefici\u00f3 de la beca S. M. Ulam de la Agencia Polaca de Intercambio Aad\u00e9mico (NAWA).\u00a0 En el 2022 recibi\u00f3 el premio a la investigaci\u00f3n del rector de la Universidad de Gdansk, \u201cpor una serie de publicaciones sobre nuevas aplicaciones de la teor\u00eda de los sistemas abiertos.\u201d<\/p>\n\n\n\n<p><\/p>\n\n\n\n<p> <\/p>\n\n\n\n<h2 class=\"wp-block-heading\">Publicaciones representativas:<\/h2>\n\n\n\n<ul class=\"wp-block-list\">\n<li>A. Jenkins, \u201cSpontaneous breaking of Lorentz invariance\u201d, <em>Physical Review D<\/em> <strong>69<\/strong>, 105007\u00a0(2004) <a href=\"https:\/\/doi.org\/10.1103\/PhysRevD.69.105007\">https:\/\/doi.org\/10.1103\/PhysRevD.69.105007<\/a><\/li>\n\n\n\n<li>S. D. H. Hsu, A. Jenkins y M. B. Wise, \u201cGradient instability for <em>w<\/em> &lt; -1\u201d, <em>Physics Letters B<\/em> <strong>597<\/strong>, 270 (2004) <a href=\"https:\/\/doi.org\/10.1016\/j.physletb.2004.07.025\">https:\/\/doi.org\/10.1016\/j.physletb.2004.07.025<\/a><\/li>\n\n\n\n<li>A. Jenkins, \u201cConstraints on emergent gravity\u201d, <em>International Journal of Modern Physics D<\/em> <strong>18<\/strong>, 2249 (2009) <a href=\"https:\/\/doi.org\/10.1142\/S0218271809015941\">https:\/\/doi.org\/10.1142\/S0218271809015941<\/a>; menci\u00f3n honor\u00edfica del <em>Gravity Research Foundation 2009 Awards for Essays on Gravitation<\/em><\/li>\n\n\n\n<li>A. Jenkins y G. Perez, \u201cLooking for Life in the Multiverse,\u201d\u00a0<em>Scientific American<\/em>\u00a0<strong>302<\/strong>, 42 (2010) <a href=\"https:\/\/doi.org\/10.1038\/scientificamerican0110-42\">https:\/\/doi.org\/10.1038\/scientificamerican0110-42<\/a>; traducido al espa\u00f1ol como \u201cBuscando vida en el multiverso,\u201d\u00a0<em>Investigaci\u00f3n y Ciencia<\/em>\u00a0<strong>402<\/strong>, 2 (2010)<\/li>\n\n\n\n<li>O. Gedalia, A. Jenkins y G. Perez, \u201cWhy do we observe a weak force? The hierarchy problem in the multiverse\u201d, <em>Physical Review D <\/em><strong>83<\/strong>, 115020 (2011) <a href=\"https:\/\/doi.org\/10.1103\/PhysRevD.83.115020\">https:\/\/doi.org\/10.1103\/PhysRevD.83.115020<\/a><\/li>\n\n\n\n<li>A. Jenkins, \u201cSelf-oscillation\u201d,\u00a0<em>Physics Reports<\/em>\u00a0<strong>525<\/strong>, 167 (2013) <a href=\"https:\/\/doi.org\/10.1016\/j.physrep.2012.10.007\">https:\/\/doi.org\/10.1016\/j.physrep.2012.10.007<\/a><\/li>\n\n\n\n<li>A. Jenkins, \u201cIrreversibility in an ideal fluid,\u201d <em>American Journal of Physics<\/em> <strong>82<\/strong>, 1040 (2014) <a href=\"https:\/\/doi.org\/10.1119\/1.4890941\">https:\/\/doi.org\/10.1119\/1.4890941<\/a>; destacado como selecci\u00f3n del editor<\/li>\n\n\n\n<li>R. Alicki, D. Gelbwaser-Klimovsky y A. Jenkins, \u201cA thermodynamic cycle for the solar cell\u201d, <em>Annals of Physics<\/em> <strong>378<\/strong>, 71 (2017) <a href=\"https:\/\/doi.org\/10.1016\/j.aop.2017.01.003\">https:\/\/doi.org\/10.1016\/j.aop.2017.01.003<\/a><\/li>\n\n\n\n<li>R. Alicki y A. Jenkins, \u201cQuantum theory of triboelectricity\u201d, <em>Physical Review Letters<\/em> <strong>125<\/strong>, 186101\u00a0(2020) <a href=\"https:\/\/doi.org\/10.1103\/PhysRevLett.125.186101\">https:\/\/doi.org\/10.1103\/PhysRevLett.125.186101<\/a>; rese\u00f1ado en A. Demming, \u201cQuantum treatment sheds fresh light on triboelectricity\u201d, <em>Physics World<\/em>, (6 oct. 2020) <a href=\"https:\/\/physicsworld.com\/a\/quantum-treatment-sheds-fresh-light-on-triboelectricity\/\">https:\/\/physicsworld.com\/a\/quantum-treatment-sheds-fresh-light-on-triboelectricity\/<\/a><\/li>\n\n\n\n<li>R. Alicki, D. Gelbwaser-Klimovsky, A. Jenkins y E. von Hauff, \u201cDynamical theory for the battery&#8217;s electromotive force\u201d, <em>Physical Chemistry Chemical Physics<\/em> <strong>23<\/strong>, 9428 (2021) <a href=\"https:\/\/doi.org\/10.1039\/D1CP00196E\">https:\/\/doi.org\/10.1039\/D1CP00196E<\/a><\/li>\n\n\n\n<li>R. Alicki, M. Horodecki, A. Jenkins, M. \u0141obejko y G. Su\u00e1rez, \u201cThe Josephson junction as a quantum engine\u201d, <em>New Journal of Physics<\/em> <strong>25<\/strong>\u00a0113013 (2023) <a href=\"https:\/\/doi.org\/10.1088\/1367-2630\/ad06d8\">https:\/\/doi.org\/10.1088\/1367-2630\/ad06d8<\/a><\/li>\n\n\n\n<li>R. Alicki, G. Barenboim y A. Jenkins, \u201cQuantum thermodynamics of de Sitter space\u201d, <em>Physical Review D<\/em> <strong>108<\/strong>, 123530 (2023) <a href=\"https:\/\/doi.org\/10.1103\/PhysRevD.108.123530\">https:\/\/doi.org\/10.1103\/PhysRevD.108.123530<\/a><\/li>\n<\/ul>\n\n\n\n<p><\/p>","protected":false},"excerpt":{"rendered":"<p>Alejandro Jenkins Villalobos Acad\u00e9mico de N\u00famero Alejandro Jenkins es un f\u00edsico te\u00f3rico.&nbsp; Obtuvo su doctorado en Caltech en el 2006 bajo la supervisi\u00f3n del Prof. Mark B. Wise, con trabajos sobre la teor\u00eda cu\u00e1ntica de los campos aplicada al estudio de las part\u00edculas elementales y de la cosmolog\u00eda.&nbsp; Continu\u00f3 con esa l\u00ednea de investigaci\u00f3n en [&hellip;]<\/p>\n","protected":false},"author":1,"featured_media":470,"parent":0,"menu_order":0,"comment_status":"closed","ping_status":"closed","template":"","meta":{"footnotes":""},"class_list":["post-511","page","type-page","status-publish","has-post-thumbnail","hentry"],"yoast_head":"<!-- This site is optimized with the Yoast SEO plugin v27.3 - https:\/\/yoast.com\/product\/yoast-seo-wordpress\/ -->\n<title>Alejandro Jenkins Villalobos - ANC<\/title>\n<meta name=\"robots\" content=\"index, follow, max-snippet:-1, max-image-preview:large, max-video-preview:-1\" \/>\n<link rel=\"canonical\" href=\"https:\/\/www.anc.cr\/en\/alejandro-jenkins-villalobos\/\" \/>\n<meta property=\"og:locale\" content=\"en_US\" \/>\n<meta property=\"og:type\" content=\"article\" \/>\n<meta property=\"og:title\" content=\"Alejandro Jenkins Villalobos - ANC\" \/>\n<meta property=\"og:description\" content=\"Alejandro Jenkins Villalobos Acad\u00e9mico de N\u00famero Alejandro Jenkins es un f\u00edsico te\u00f3rico.&nbsp; Obtuvo su doctorado en Caltech en el 2006 bajo la supervisi\u00f3n del Prof. Mark B. Wise, con trabajos sobre la teor\u00eda cu\u00e1ntica de los campos aplicada al estudio de las part\u00edculas elementales y de la cosmolog\u00eda.&nbsp; Continu\u00f3 con esa l\u00ednea de investigaci\u00f3n en [&hellip;]\" \/>\n<meta property=\"og:url\" content=\"https:\/\/www.anc.cr\/en\/alejandro-jenkins-villalobos\/\" \/>\n<meta property=\"og:site_name\" content=\"ANC\" \/>\n<meta property=\"article:modified_time\" content=\"2024-10-23T15:09:10+00:00\" \/>\n<meta property=\"og:image\" content=\"https:\/\/www.anc.cr\/wp-content\/uploads\/2024\/07\/image-2.png\" \/>\n\t<meta property=\"og:image:width\" content=\"250\" \/>\n\t<meta property=\"og:image:height\" content=\"250\" \/>\n\t<meta property=\"og:image:type\" content=\"image\/png\" \/>\n<meta name=\"twitter:card\" content=\"summary_large_image\" \/>\n<meta name=\"twitter:label1\" content=\"Est. reading time\" \/>\n\t<meta name=\"twitter:data1\" content=\"4 minutes\" \/>\n<script type=\"application\/ld+json\" class=\"yoast-schema-graph\">{\"@context\":\"https:\\\/\\\/schema.org\",\"@graph\":[{\"@type\":\"WebPage\",\"@id\":\"https:\\\/\\\/www.anc.cr\\\/alejandro-jenkins-villalobos\\\/\",\"url\":\"https:\\\/\\\/www.anc.cr\\\/alejandro-jenkins-villalobos\\\/\",\"name\":\"Alejandro Jenkins Villalobos - ANC\",\"isPartOf\":{\"@id\":\"https:\\\/\\\/www.anc.cr\\\/#website\"},\"primaryImageOfPage\":{\"@id\":\"https:\\\/\\\/www.anc.cr\\\/alejandro-jenkins-villalobos\\\/#primaryimage\"},\"image\":{\"@id\":\"https:\\\/\\\/www.anc.cr\\\/alejandro-jenkins-villalobos\\\/#primaryimage\"},\"thumbnailUrl\":\"https:\\\/\\\/www.anc.cr\\\/wp-content\\\/uploads\\\/2024\\\/07\\\/image-2.png\",\"datePublished\":\"2024-07-09T09:51:45+00:00\",\"dateModified\":\"2024-10-23T15:09:10+00:00\",\"breadcrumb\":{\"@id\":\"https:\\\/\\\/www.anc.cr\\\/alejandro-jenkins-villalobos\\\/#breadcrumb\"},\"inLanguage\":\"en-US\",\"potentialAction\":[{\"@type\":\"ReadAction\",\"target\":[\"https:\\\/\\\/www.anc.cr\\\/alejandro-jenkins-villalobos\\\/\"]}]},{\"@type\":\"ImageObject\",\"inLanguage\":\"en-US\",\"@id\":\"https:\\\/\\\/www.anc.cr\\\/alejandro-jenkins-villalobos\\\/#primaryimage\",\"url\":\"https:\\\/\\\/www.anc.cr\\\/wp-content\\\/uploads\\\/2024\\\/07\\\/image-2.png\",\"contentUrl\":\"https:\\\/\\\/www.anc.cr\\\/wp-content\\\/uploads\\\/2024\\\/07\\\/image-2.png\",\"width\":250,\"height\":250},{\"@type\":\"BreadcrumbList\",\"@id\":\"https:\\\/\\\/www.anc.cr\\\/alejandro-jenkins-villalobos\\\/#breadcrumb\",\"itemListElement\":[{\"@type\":\"ListItem\",\"position\":1,\"name\":\"Portada\",\"item\":\"https:\\\/\\\/www.anc.cr\\\/\"},{\"@type\":\"ListItem\",\"position\":2,\"name\":\"Alejandro Jenkins Villalobos\"}]},{\"@type\":\"WebSite\",\"@id\":\"https:\\\/\\\/www.anc.cr\\\/#website\",\"url\":\"https:\\\/\\\/www.anc.cr\\\/\",\"name\":\"ANC\",\"description\":\"Academia Nacional de Ciencias\",\"publisher\":{\"@id\":\"https:\\\/\\\/www.anc.cr\\\/#organization\"},\"potentialAction\":[{\"@type\":\"SearchAction\",\"target\":{\"@type\":\"EntryPoint\",\"urlTemplate\":\"https:\\\/\\\/www.anc.cr\\\/?s={search_term_string}\"},\"query-input\":{\"@type\":\"PropertyValueSpecification\",\"valueRequired\":true,\"valueName\":\"search_term_string\"}}],\"inLanguage\":\"en-US\"},{\"@type\":\"Organization\",\"@id\":\"https:\\\/\\\/www.anc.cr\\\/#organization\",\"name\":\"ANC\",\"url\":\"https:\\\/\\\/www.anc.cr\\\/\",\"logo\":{\"@type\":\"ImageObject\",\"inLanguage\":\"en-US\",\"@id\":\"https:\\\/\\\/www.anc.cr\\\/#\\\/schema\\\/logo\\\/image\\\/\",\"url\":\"https:\\\/\\\/www.anc.cr\\\/wp-content\\\/uploads\\\/2024\\\/07\\\/Logo-ANC-CR.png\",\"contentUrl\":\"https:\\\/\\\/www.anc.cr\\\/wp-content\\\/uploads\\\/2024\\\/07\\\/Logo-ANC-CR.png\",\"width\":1051,\"height\":593,\"caption\":\"ANC\"},\"image\":{\"@id\":\"https:\\\/\\\/www.anc.cr\\\/#\\\/schema\\\/logo\\\/image\\\/\"}}]}<\/script>\n<!-- \/ Yoast SEO plugin. -->","yoast_head_json":{"title":"Alejandro Jenkins Villalobos - ANC","robots":{"index":"index","follow":"follow","max-snippet":"max-snippet:-1","max-image-preview":"max-image-preview:large","max-video-preview":"max-video-preview:-1"},"canonical":"https:\/\/www.anc.cr\/en\/alejandro-jenkins-villalobos\/","og_locale":"en_US","og_type":"article","og_title":"Alejandro Jenkins Villalobos - ANC","og_description":"Alejandro Jenkins Villalobos Acad\u00e9mico de N\u00famero Alejandro Jenkins es un f\u00edsico te\u00f3rico.&nbsp; Obtuvo su doctorado en Caltech en el 2006 bajo la supervisi\u00f3n del Prof. Mark B. Wise, con trabajos sobre la teor\u00eda cu\u00e1ntica de los campos aplicada al estudio de las part\u00edculas elementales y de la cosmolog\u00eda.&nbsp; Continu\u00f3 con esa l\u00ednea de investigaci\u00f3n en [&hellip;]","og_url":"https:\/\/www.anc.cr\/en\/alejandro-jenkins-villalobos\/","og_site_name":"ANC","article_modified_time":"2024-10-23T15:09:10+00:00","og_image":[{"width":250,"height":250,"url":"https:\/\/www.anc.cr\/wp-content\/uploads\/2024\/07\/image-2.png","type":"image\/png"}],"twitter_card":"summary_large_image","twitter_misc":{"Est. reading time":"4 minutes"},"schema":{"@context":"https:\/\/schema.org","@graph":[{"@type":"WebPage","@id":"https:\/\/www.anc.cr\/alejandro-jenkins-villalobos\/","url":"https:\/\/www.anc.cr\/alejandro-jenkins-villalobos\/","name":"Alejandro Jenkins Villalobos - ANC","isPartOf":{"@id":"https:\/\/www.anc.cr\/#website"},"primaryImageOfPage":{"@id":"https:\/\/www.anc.cr\/alejandro-jenkins-villalobos\/#primaryimage"},"image":{"@id":"https:\/\/www.anc.cr\/alejandro-jenkins-villalobos\/#primaryimage"},"thumbnailUrl":"https:\/\/www.anc.cr\/wp-content\/uploads\/2024\/07\/image-2.png","datePublished":"2024-07-09T09:51:45+00:00","dateModified":"2024-10-23T15:09:10+00:00","breadcrumb":{"@id":"https:\/\/www.anc.cr\/alejandro-jenkins-villalobos\/#breadcrumb"},"inLanguage":"en-US","potentialAction":[{"@type":"ReadAction","target":["https:\/\/www.anc.cr\/alejandro-jenkins-villalobos\/"]}]},{"@type":"ImageObject","inLanguage":"en-US","@id":"https:\/\/www.anc.cr\/alejandro-jenkins-villalobos\/#primaryimage","url":"https:\/\/www.anc.cr\/wp-content\/uploads\/2024\/07\/image-2.png","contentUrl":"https:\/\/www.anc.cr\/wp-content\/uploads\/2024\/07\/image-2.png","width":250,"height":250},{"@type":"BreadcrumbList","@id":"https:\/\/www.anc.cr\/alejandro-jenkins-villalobos\/#breadcrumb","itemListElement":[{"@type":"ListItem","position":1,"name":"Portada","item":"https:\/\/www.anc.cr\/"},{"@type":"ListItem","position":2,"name":"Alejandro Jenkins Villalobos"}]},{"@type":"WebSite","@id":"https:\/\/www.anc.cr\/#website","url":"https:\/\/www.anc.cr\/","name":"ANC","description":"Academia Nacional de Ciencias","publisher":{"@id":"https:\/\/www.anc.cr\/#organization"},"potentialAction":[{"@type":"SearchAction","target":{"@type":"EntryPoint","urlTemplate":"https:\/\/www.anc.cr\/?s={search_term_string}"},"query-input":{"@type":"PropertyValueSpecification","valueRequired":true,"valueName":"search_term_string"}}],"inLanguage":"en-US"},{"@type":"Organization","@id":"https:\/\/www.anc.cr\/#organization","name":"ANC","url":"https:\/\/www.anc.cr\/","logo":{"@type":"ImageObject","inLanguage":"en-US","@id":"https:\/\/www.anc.cr\/#\/schema\/logo\/image\/","url":"https:\/\/www.anc.cr\/wp-content\/uploads\/2024\/07\/Logo-ANC-CR.png","contentUrl":"https:\/\/www.anc.cr\/wp-content\/uploads\/2024\/07\/Logo-ANC-CR.png","width":1051,"height":593,"caption":"ANC"},"image":{"@id":"https:\/\/www.anc.cr\/#\/schema\/logo\/image\/"}}]}},"_links":{"self":[{"href":"https:\/\/www.anc.cr\/en\/wp-json\/wp\/v2\/pages\/511","targetHints":{"allow":["GET"]}}],"collection":[{"href":"https:\/\/www.anc.cr\/en\/wp-json\/wp\/v2\/pages"}],"about":[{"href":"https:\/\/www.anc.cr\/en\/wp-json\/wp\/v2\/types\/page"}],"author":[{"embeddable":true,"href":"https:\/\/www.anc.cr\/en\/wp-json\/wp\/v2\/users\/1"}],"replies":[{"embeddable":true,"href":"https:\/\/www.anc.cr\/en\/wp-json\/wp\/v2\/comments?post=511"}],"version-history":[{"count":5,"href":"https:\/\/www.anc.cr\/en\/wp-json\/wp\/v2\/pages\/511\/revisions"}],"predecessor-version":[{"id":2188,"href":"https:\/\/www.anc.cr\/en\/wp-json\/wp\/v2\/pages\/511\/revisions\/2188"}],"wp:featuredmedia":[{"embeddable":true,"href":"https:\/\/www.anc.cr\/en\/wp-json\/wp\/v2\/media\/470"}],"wp:attachment":[{"href":"https:\/\/www.anc.cr\/en\/wp-json\/wp\/v2\/media?parent=511"}],"curies":[{"name":"wp","href":"https:\/\/api.w.org\/{rel}","templated":true}]}}