{"id":47,"date":"2024-05-15T16:18:21","date_gmt":"2024-05-15T22:18:21","guid":{"rendered":"http:\/\/anc.local\/?page_id=47"},"modified":"2024-09-04T13:51:52","modified_gmt":"2024-09-04T19:51:52","slug":"miembros","status":"publish","type":"page","link":"https:\/\/www.anc.cr\/en\/miembros\/","title":{"rendered":"Members"},"content":{"rendered":"<h2 class=\"wp-block-heading has-text-align-center\"><strong>Members of the Academy<\/strong><\/h2>\n\n\n\n<div class=\"wp-block-group alignfull has-global-padding is-content-justification-center is-layout-constrained wp-container-core-group-is-layout-df757ecc wp-block-group-is-layout-constrained\" style=\"margin-top:0;margin-bottom:0;padding-top:calc( 0.5 * var(--wp--style--root--padding-right, var(--wp--custom--gap--horizontal)));padding-right:var(--wp--style--root--padding-right, var(--wp--custom--gap--horizontal));padding-bottom:calc( 0.5 * var(--wp--style--root--padding-right, var(--wp--custom--gap--horizontal)));padding-left:var(--wp--style--root--padding-left, var(--wp--custom--gap--horizontal))\">\n<div style=\"height:calc( 0.25 * var(--wp--style--root--padding-right, var(--wp--custom--gap--horizontal)))\" aria-hidden=\"true\" class=\"wp-block-spacer\"><\/div>\n\n\n\n<div class=\"wp-block-columns alignwide are-vertically-aligned-center is-layout-flex wp-container-core-columns-is-layout-28f84493 wp-block-columns-is-layout-flex\">\n<div class=\"wp-block-column is-vertically-aligned-center is-layout-flow wp-block-column-is-layout-flow\">\n<h2 class=\"wp-block-heading alignwide\"><strong>See all members<\/strong><\/h2>\n\n\n\n<p>Complete list of all persons who are members of the National Academy of Sciences<\/p>\n\n\n\n<div class=\"wp-block-buttons is-layout-flex wp-block-buttons-is-layout-flex\">\n<div class=\"wp-block-button\"><a class=\"wp-block-button__link wp-element-button\" href=\"https:\/\/www.anc.cr\/en\/todos-los-miembros\/\">See more<\/a><\/div>\n<\/div>\n<\/div>\n\n\n\n<div class=\"wp-block-column is-vertically-aligned-center is-layout-flow wp-block-column-is-layout-flow\">\n<figure class=\"wp-block-image aligncenter size-medium is-resized wp-duotone-duotone-5\"><img decoding=\"async\" width=\"300\" height=\"300\" src=\"https:\/\/www.anc.cr\/wp-content\/uploads\/2024\/07\/Logos-quienes-somos-06-1-300x300.png\" alt=\"\" class=\"wp-image-694\" style=\"aspect-ratio:1;object-fit:cover;width:200px\" srcset=\"https:\/\/www.anc.cr\/wp-content\/uploads\/2024\/07\/Logos-quienes-somos-06-1-300x300.png 300w, https:\/\/www.anc.cr\/wp-content\/uploads\/2024\/07\/Logos-quienes-somos-06-1-150x150.png 150w, https:\/\/www.anc.cr\/wp-content\/uploads\/2024\/07\/Logos-quienes-somos-06-1.png 600w\" sizes=\"(max-width: 300px) 100vw, 300px\" \/><\/figure>\n<\/div>\n<\/div>\n\n\n\n<div style=\"height:calc( 0.25 * var(--wp--style--root--padding-right, var(--wp--custom--gap--horizontal)))\" aria-hidden=\"true\" class=\"wp-block-spacer\"><\/div>\n<\/div>\n\n\n\n<div class=\"wp-block-group alignfull has-global-padding is-content-justification-center is-layout-constrained wp-container-core-group-is-layout-df757ecc wp-block-group-is-layout-constrained\" style=\"margin-top:0;margin-bottom:0;padding-top:calc( 0.5 * var(--wp--style--root--padding-right, var(--wp--custom--gap--horizontal)));padding-right:var(--wp--style--root--padding-right, var(--wp--custom--gap--horizontal));padding-bottom:calc( 0.5 * var(--wp--style--root--padding-right, var(--wp--custom--gap--horizontal)));padding-left:var(--wp--style--root--padding-left, var(--wp--custom--gap--horizontal))\">\n<div style=\"height:calc( 0.25 * var(--wp--style--root--padding-right, var(--wp--custom--gap--horizontal)))\" aria-hidden=\"true\" class=\"wp-block-spacer\"><\/div>\n\n\n\n<div class=\"wp-block-columns alignwide are-vertically-aligned-center is-layout-flex wp-container-core-columns-is-layout-28f84493 wp-block-columns-is-layout-flex\">\n<div class=\"wp-block-column is-vertically-aligned-center is-layout-flow wp-block-column-is-layout-flow\">\n<figure class=\"wp-block-image aligncenter size-medium is-resized wp-duotone-duotone-5\"><img decoding=\"async\" width=\"300\" height=\"300\" src=\"https:\/\/www.anc.cr\/wp-content\/uploads\/2024\/05\/Mesa-de-trabajo-3-300x300.png\" alt=\"\" class=\"wp-image-310\" style=\"aspect-ratio:1;object-fit:cover;width:200px\" srcset=\"https:\/\/www.anc.cr\/wp-content\/uploads\/2024\/05\/Mesa-de-trabajo-3-300x300.png 300w, https:\/\/www.anc.cr\/wp-content\/uploads\/2024\/05\/Mesa-de-trabajo-3-150x150.png 150w, https:\/\/www.anc.cr\/wp-content\/uploads\/2024\/05\/Mesa-de-trabajo-3.png 600w\" sizes=\"(max-width: 300px) 100vw, 300px\" \/><\/figure>\n<\/div>\n\n\n\n<div class=\"wp-block-column is-vertically-aligned-center is-layout-flow wp-block-column-is-layout-flow\">\n<h2 class=\"wp-block-heading alignwide\"><strong>Full Academicians<\/strong><\/h2>\n\n\n\n<p>Costa Rican scientists who have made a significant contribution to the development of science will be considered full academics. They will be proposed by at least three academics and accepted by at least two thirds of the members of the General Assembly of the Academy, in a secret vote.<\/p>\n\n\n\n<div class=\"wp-block-buttons is-layout-flex wp-block-buttons-is-layout-flex\">\n<div class=\"wp-block-button\"><a class=\"wp-block-button__link wp-element-button\" href=\"https:\/\/www.anc.cr\/en\/academicos-de-numero\/\">See more<\/a><\/div>\n<\/div>\n<\/div>\n<\/div>\n\n\n\n<div style=\"height:calc( 0.25 * var(--wp--style--root--padding-right, var(--wp--custom--gap--horizontal)))\" aria-hidden=\"true\" class=\"wp-block-spacer\"><\/div>\n<\/div>\n\n\n\n<div class=\"wp-block-group alignfull has-global-padding is-content-justification-center is-layout-constrained wp-container-core-group-is-layout-df757ecc wp-block-group-is-layout-constrained\" style=\"margin-top:0;margin-bottom:0;padding-top:calc( 0.5 * var(--wp--style--root--padding-right, var(--wp--custom--gap--horizontal)));padding-right:var(--wp--style--root--padding-right, var(--wp--custom--gap--horizontal));padding-bottom:calc( 0.5 * var(--wp--style--root--padding-right, var(--wp--custom--gap--horizontal)));padding-left:var(--wp--style--root--padding-left, var(--wp--custom--gap--horizontal))\">\n<div style=\"height:calc( 0.25 * var(--wp--style--root--padding-right, var(--wp--custom--gap--horizontal)))\" aria-hidden=\"true\" class=\"wp-block-spacer\"><\/div>\n\n\n\n<div class=\"wp-block-columns alignwide is-layout-flex wp-container-core-columns-is-layout-28f84493 wp-block-columns-is-layout-flex\">\n<div class=\"wp-block-column is-vertically-aligned-center is-layout-flow wp-block-column-is-layout-flow\">\n<h2 class=\"wp-block-heading\"><strong>Corresponding Academics<\/strong><\/h2>\n\n\n\n<p>Foreign scientists who have made a significant contribution to the development of science will be Corresponding Academicians. They will be proposed by at least three academicians and accepted by at least two-thirds of the members of the General Assembly of the Academy, in a secret ballot.<\/p>\n\n\n\n<p>If a Full Academician of the Academy renounces Costa Rican nationality, he\/she becomes a Corresponding Academician.&nbsp;<\/p>\n\n\n\n<p>If a Corresponding Academic of the academy acquires Costa Rican nationality, he or she becomes a Full Academic.<\/p>\n\n\n\n<div class=\"wp-block-buttons is-layout-flex wp-block-buttons-is-layout-flex\">\n<div class=\"wp-block-button\"><a class=\"wp-block-button__link wp-element-button\" href=\"https:\/\/www.anc.cr\/en\/academicos-correspondientes\/\">See more<\/a><\/div>\n<\/div>\n<\/div>\n\n\n\n<div class=\"wp-block-column is-vertically-aligned-center is-layout-flow wp-block-column-is-layout-flow\">\n<figure class=\"wp-block-image aligncenter size-full is-resized wp-duotone-duotone-5\"><img decoding=\"async\" width=\"600\" height=\"600\" src=\"https:\/\/www.anc.cr\/wp-content\/uploads\/2024\/05\/Mesa-de-trabajo-2.png\" alt=\"\" class=\"wp-image-311\" style=\"aspect-ratio:1;object-fit:cover;width:200px\" srcset=\"https:\/\/www.anc.cr\/wp-content\/uploads\/2024\/05\/Mesa-de-trabajo-2.png 600w, https:\/\/www.anc.cr\/wp-content\/uploads\/2024\/05\/Mesa-de-trabajo-2-300x300.png 300w, https:\/\/www.anc.cr\/wp-content\/uploads\/2024\/05\/Mesa-de-trabajo-2-150x150.png 150w\" sizes=\"(max-width: 600px) 100vw, 600px\" \/><\/figure>\n<\/div>\n<\/div>\n\n\n\n<div style=\"height:calc( 0.25 * var(--wp--style--root--padding-right, var(--wp--custom--gap--horizontal)))\" aria-hidden=\"true\" class=\"wp-block-spacer\"><\/div>\n<\/div>\n\n\n\n<div class=\"wp-block-group alignfull has-global-padding is-content-justification-center is-layout-constrained wp-container-core-group-is-layout-df757ecc wp-block-group-is-layout-constrained\" style=\"margin-top:0;margin-bottom:0;padding-top:calc( 0.5 * var(--wp--style--root--padding-right, var(--wp--custom--gap--horizontal)));padding-right:var(--wp--style--root--padding-right, var(--wp--custom--gap--horizontal));padding-bottom:calc( 0.5 * var(--wp--style--root--padding-right, var(--wp--custom--gap--horizontal)));padding-left:var(--wp--style--root--padding-left, var(--wp--custom--gap--horizontal))\">\n<div style=\"height:calc( 0.25 * var(--wp--style--root--padding-right, var(--wp--custom--gap--horizontal)))\" aria-hidden=\"true\" class=\"wp-block-spacer\"><\/div>\n\n\n\n<div class=\"wp-block-columns alignwide are-vertically-aligned-center is-layout-flex wp-container-core-columns-is-layout-28f84493 wp-block-columns-is-layout-flex\">\n<div class=\"wp-block-column is-vertically-aligned-center is-layout-flow wp-block-column-is-layout-flow\">\n<figure class=\"wp-block-image aligncenter size-medium is-resized wp-duotone-duotone-5\"><img decoding=\"async\" width=\"300\" height=\"300\" src=\"https:\/\/www.anc.cr\/wp-content\/uploads\/2024\/05\/Mesa-de-trabajo-4-300x300.png\" alt=\"\" class=\"wp-image-312\" style=\"aspect-ratio:1;object-fit:cover;width:200px\" srcset=\"https:\/\/www.anc.cr\/wp-content\/uploads\/2024\/05\/Mesa-de-trabajo-4-300x300.png 300w, https:\/\/www.anc.cr\/wp-content\/uploads\/2024\/05\/Mesa-de-trabajo-4-150x150.png 150w, https:\/\/www.anc.cr\/wp-content\/uploads\/2024\/05\/Mesa-de-trabajo-4.png 600w\" sizes=\"(max-width: 300px) 100vw, 300px\" \/><\/figure>\n<\/div>\n\n\n\n<div class=\"wp-block-column is-vertically-aligned-center is-layout-flow wp-block-column-is-layout-flow\">\n<h2 class=\"wp-block-heading alignwide\"><strong>Emeritus Academicians<\/strong><\/h2>\n\n\n\n<p>Emeritus Academicians are those full or corresponding academicians who, in the opinion of the Assembly, have made an extraordinary contribution to the advancement of science and the development of the Academy. They will be proposed by at least three members of the Academy and accepted by at least two thirds of the members of the General Assembly of the Academy, in a secret vote.<br><strong>For now we do not have Emeritus Academics<\/strong>.<\/p>\n\n\n\n<div class=\"wp-block-buttons is-layout-flex wp-block-buttons-is-layout-flex\">\n<div class=\"wp-block-button\"><a class=\"wp-block-button__link wp-element-button\">See more<\/a><\/div>\n<\/div>\n<\/div>\n<\/div>\n\n\n\n<div style=\"height:calc( 0.25 * var(--wp--style--root--padding-right, var(--wp--custom--gap--horizontal)))\" aria-hidden=\"true\" class=\"wp-block-spacer\"><\/div>\n<\/div>\n\n\n\n<div class=\"wp-block-group alignfull has-global-padding is-content-justification-center is-layout-constrained wp-container-core-group-is-layout-df757ecc wp-block-group-is-layout-constrained\" style=\"margin-top:0;margin-bottom:0;padding-top:calc( 0.5 * var(--wp--style--root--padding-right, var(--wp--custom--gap--horizontal)));padding-right:var(--wp--style--root--padding-right, var(--wp--custom--gap--horizontal));padding-bottom:calc( 0.5 * var(--wp--style--root--padding-right, var(--wp--custom--gap--horizontal)));padding-left:var(--wp--style--root--padding-left, var(--wp--custom--gap--horizontal))\">\n<div style=\"height:calc( 0.25 * var(--wp--style--root--padding-right, var(--wp--custom--gap--horizontal)))\" aria-hidden=\"true\" class=\"wp-block-spacer\"><\/div>\n\n\n\n<div class=\"wp-block-columns alignwide is-layout-flex wp-container-core-columns-is-layout-28f84493 wp-block-columns-is-layout-flex\">\n<div class=\"wp-block-column is-vertically-aligned-center is-layout-flow wp-block-column-is-layout-flow\">\n<h2 class=\"wp-block-heading\"><strong>Honorary Academics<\/strong><\/h2>\n\n\n\n<p>Honorary Academicians will be those scientists who, without having been members of the Academy, have, in the opinion of the General Assembly of the Academy, made an extraordinary and outstanding contribution to scientific research and scientific development in Costa Rica. They will be proposed by at least three academicians and accepted by at least two thirds of the members of the General Assembly of the Academy, in a secret vote.<\/p>\n\n\n\n<div class=\"wp-block-buttons is-layout-flex wp-block-buttons-is-layout-flex\">\n<div class=\"wp-block-button\"><a class=\"wp-block-button__link wp-element-button\" href=\"https:\/\/www.anc.cr\/en\/academicos-honorarios\/\">See more<\/a><\/div>\n<\/div>\n<\/div>\n\n\n\n<div class=\"wp-block-column is-vertically-aligned-center is-layout-flow wp-block-column-is-layout-flow\">\n<figure class=\"wp-block-image aligncenter size-full is-resized wp-duotone-duotone-5\"><img decoding=\"async\" width=\"600\" height=\"600\" src=\"https:\/\/www.anc.cr\/wp-content\/uploads\/2024\/05\/Mesa-de-trabajo-1.png\" alt=\"\" class=\"wp-image-309\" style=\"aspect-ratio:1;object-fit:cover;width:200px\" srcset=\"https:\/\/www.anc.cr\/wp-content\/uploads\/2024\/05\/Mesa-de-trabajo-1.png 600w, https:\/\/www.anc.cr\/wp-content\/uploads\/2024\/05\/Mesa-de-trabajo-1-300x300.png 300w, https:\/\/www.anc.cr\/wp-content\/uploads\/2024\/05\/Mesa-de-trabajo-1-150x150.png 150w\" sizes=\"(max-width: 600px) 100vw, 600px\" \/><\/figure>\n<\/div>\n<\/div>\n\n\n\n<div style=\"height:calc( 0.25 * var(--wp--style--root--padding-right, var(--wp--custom--gap--horizontal)))\" aria-hidden=\"true\" class=\"wp-block-spacer\"><\/div>\n<\/div>","protected":false},"excerpt":{"rendered":"<p>Miembros de la Academia Ver todos los miembros Lista completa de todas las personas que son miebros de la Academia Nacional de Ciencias Acad\u00e9micos de N\u00famero Ser\u00e1n Acad\u00e9micos de N\u00famero aquellos cient\u00edficos de nacionalidad costarricense, que hayan contribuido significativamente al desarrollo de la ciencia. Ser\u00e1n propuestos por al menos tres acad\u00e9micos y aceptados por al [&hellip;]<\/p>\n","protected":false},"author":1,"featured_media":0,"parent":0,"menu_order":0,"comment_status":"closed","ping_status":"closed","template":"","meta":{"footnotes":""},"class_list":["post-47","page","type-page","status-publish","hentry"],"yoast_head":"<!-- This site is optimized with the Yoast SEO plugin v27.3 - https:\/\/yoast.com\/product\/yoast-seo-wordpress\/ -->\n<title>Miembros - ANC<\/title>\n<meta name=\"robots\" content=\"index, follow, max-snippet:-1, max-image-preview:large, max-video-preview:-1\" \/>\n<link rel=\"canonical\" href=\"https:\/\/www.anc.cr\/en\/miembros\/\" \/>\n<meta property=\"og:locale\" content=\"en_US\" \/>\n<meta property=\"og:type\" content=\"article\" \/>\n<meta property=\"og:title\" content=\"Miembros - ANC\" \/>\n<meta property=\"og:description\" content=\"Miembros de la Academia Ver todos los miembros Lista completa de todas las personas que son miebros de la Academia Nacional de Ciencias Acad\u00e9micos de N\u00famero Ser\u00e1n Acad\u00e9micos de N\u00famero aquellos cient\u00edficos de nacionalidad costarricense, que hayan contribuido significativamente al desarrollo de la ciencia. Ser\u00e1n propuestos por al menos tres acad\u00e9micos y aceptados por al [&hellip;]\" \/>\n<meta property=\"og:url\" content=\"https:\/\/www.anc.cr\/en\/miembros\/\" \/>\n<meta property=\"og:site_name\" content=\"ANC\" \/>\n<meta property=\"article:modified_time\" content=\"2024-09-04T19:51:52+00:00\" \/>\n<meta property=\"og:image\" content=\"https:\/\/www.anc.cr\/wp-content\/uploads\/2024\/07\/Logos-quienes-somos-06-1-300x300.png\" \/>\n<meta name=\"twitter:card\" content=\"summary_large_image\" \/>\n<meta name=\"twitter:label1\" content=\"Est. reading time\" \/>\n\t<meta name=\"twitter:data1\" content=\"2 minutes\" \/>\n<script type=\"application\/ld+json\" class=\"yoast-schema-graph\">{\"@context\":\"https:\\\/\\\/schema.org\",\"@graph\":[{\"@type\":\"WebPage\",\"@id\":\"https:\\\/\\\/www.anc.cr\\\/miembros\\\/\",\"url\":\"https:\\\/\\\/www.anc.cr\\\/miembros\\\/\",\"name\":\"Miembros - ANC\",\"isPartOf\":{\"@id\":\"https:\\\/\\\/www.anc.cr\\\/#website\"},\"primaryImageOfPage\":{\"@id\":\"https:\\\/\\\/www.anc.cr\\\/miembros\\\/#primaryimage\"},\"image\":{\"@id\":\"https:\\\/\\\/www.anc.cr\\\/miembros\\\/#primaryimage\"},\"thumbnailUrl\":\"https:\\\/\\\/www.anc.cr\\\/wp-content\\\/uploads\\\/2024\\\/07\\\/Logos-quienes-somos-06-1-300x300.png\",\"datePublished\":\"2024-05-15T22:18:21+00:00\",\"dateModified\":\"2024-09-04T19:51:52+00:00\",\"breadcrumb\":{\"@id\":\"https:\\\/\\\/www.anc.cr\\\/miembros\\\/#breadcrumb\"},\"inLanguage\":\"en-US\",\"potentialAction\":[{\"@type\":\"ReadAction\",\"target\":[\"https:\\\/\\\/www.anc.cr\\\/miembros\\\/\"]}]},{\"@type\":\"ImageObject\",\"inLanguage\":\"en-US\",\"@id\":\"https:\\\/\\\/www.anc.cr\\\/miembros\\\/#primaryimage\",\"url\":\"https:\\\/\\\/www.anc.cr\\\/wp-content\\\/uploads\\\/2024\\\/07\\\/Logos-quienes-somos-06-1-300x300.png\",\"contentUrl\":\"https:\\\/\\\/www.anc.cr\\\/wp-content\\\/uploads\\\/2024\\\/07\\\/Logos-quienes-somos-06-1-300x300.png\"},{\"@type\":\"BreadcrumbList\",\"@id\":\"https:\\\/\\\/www.anc.cr\\\/miembros\\\/#breadcrumb\",\"itemListElement\":[{\"@type\":\"ListItem\",\"position\":1,\"name\":\"Portada\",\"item\":\"https:\\\/\\\/www.anc.cr\\\/\"},{\"@type\":\"ListItem\",\"position\":2,\"name\":\"Miembros\"}]},{\"@type\":\"WebSite\",\"@id\":\"https:\\\/\\\/www.anc.cr\\\/#website\",\"url\":\"https:\\\/\\\/www.anc.cr\\\/\",\"name\":\"ANC\",\"description\":\"Academia Nacional de Ciencias\",\"publisher\":{\"@id\":\"https:\\\/\\\/www.anc.cr\\\/#organization\"},\"potentialAction\":[{\"@type\":\"SearchAction\",\"target\":{\"@type\":\"EntryPoint\",\"urlTemplate\":\"https:\\\/\\\/www.anc.cr\\\/?s={search_term_string}\"},\"query-input\":{\"@type\":\"PropertyValueSpecification\",\"valueRequired\":true,\"valueName\":\"search_term_string\"}}],\"inLanguage\":\"en-US\"},{\"@type\":\"Organization\",\"@id\":\"https:\\\/\\\/www.anc.cr\\\/#organization\",\"name\":\"ANC\",\"url\":\"https:\\\/\\\/www.anc.cr\\\/\",\"logo\":{\"@type\":\"ImageObject\",\"inLanguage\":\"en-US\",\"@id\":\"https:\\\/\\\/www.anc.cr\\\/#\\\/schema\\\/logo\\\/image\\\/\",\"url\":\"https:\\\/\\\/www.anc.cr\\\/wp-content\\\/uploads\\\/2024\\\/07\\\/Logo-ANC-CR.png\",\"contentUrl\":\"https:\\\/\\\/www.anc.cr\\\/wp-content\\\/uploads\\\/2024\\\/07\\\/Logo-ANC-CR.png\",\"width\":1051,\"height\":593,\"caption\":\"ANC\"},\"image\":{\"@id\":\"https:\\\/\\\/www.anc.cr\\\/#\\\/schema\\\/logo\\\/image\\\/\"}}]}<\/script>\n<!-- \/ Yoast SEO plugin. -->","yoast_head_json":{"title":"Miembros - ANC","robots":{"index":"index","follow":"follow","max-snippet":"max-snippet:-1","max-image-preview":"max-image-preview:large","max-video-preview":"max-video-preview:-1"},"canonical":"https:\/\/www.anc.cr\/en\/miembros\/","og_locale":"en_US","og_type":"article","og_title":"Miembros - ANC","og_description":"Miembros de la Academia Ver todos los miembros Lista completa de todas las personas que son miebros de la Academia Nacional de Ciencias Acad\u00e9micos de N\u00famero Ser\u00e1n Acad\u00e9micos de N\u00famero aquellos cient\u00edficos de nacionalidad costarricense, que hayan contribuido significativamente al desarrollo de la ciencia. Ser\u00e1n propuestos por al menos tres acad\u00e9micos y aceptados por al [&hellip;]","og_url":"https:\/\/www.anc.cr\/en\/miembros\/","og_site_name":"ANC","article_modified_time":"2024-09-04T19:51:52+00:00","og_image":[{"url":"https:\/\/www.anc.cr\/wp-content\/uploads\/2024\/07\/Logos-quienes-somos-06-1-300x300.png","type":"","width":"","height":""}],"twitter_card":"summary_large_image","twitter_misc":{"Est. reading time":"2 minutes"},"schema":{"@context":"https:\/\/schema.org","@graph":[{"@type":"WebPage","@id":"https:\/\/www.anc.cr\/miembros\/","url":"https:\/\/www.anc.cr\/miembros\/","name":"Miembros - ANC","isPartOf":{"@id":"https:\/\/www.anc.cr\/#website"},"primaryImageOfPage":{"@id":"https:\/\/www.anc.cr\/miembros\/#primaryimage"},"image":{"@id":"https:\/\/www.anc.cr\/miembros\/#primaryimage"},"thumbnailUrl":"https:\/\/www.anc.cr\/wp-content\/uploads\/2024\/07\/Logos-quienes-somos-06-1-300x300.png","datePublished":"2024-05-15T22:18:21+00:00","dateModified":"2024-09-04T19:51:52+00:00","breadcrumb":{"@id":"https:\/\/www.anc.cr\/miembros\/#breadcrumb"},"inLanguage":"en-US","potentialAction":[{"@type":"ReadAction","target":["https:\/\/www.anc.cr\/miembros\/"]}]},{"@type":"ImageObject","inLanguage":"en-US","@id":"https:\/\/www.anc.cr\/miembros\/#primaryimage","url":"https:\/\/www.anc.cr\/wp-content\/uploads\/2024\/07\/Logos-quienes-somos-06-1-300x300.png","contentUrl":"https:\/\/www.anc.cr\/wp-content\/uploads\/2024\/07\/Logos-quienes-somos-06-1-300x300.png"},{"@type":"BreadcrumbList","@id":"https:\/\/www.anc.cr\/miembros\/#breadcrumb","itemListElement":[{"@type":"ListItem","position":1,"name":"Portada","item":"https:\/\/www.anc.cr\/"},{"@type":"ListItem","position":2,"name":"Miembros"}]},{"@type":"WebSite","@id":"https:\/\/www.anc.cr\/#website","url":"https:\/\/www.anc.cr\/","name":"ANC","description":"Academia Nacional de Ciencias","publisher":{"@id":"https:\/\/www.anc.cr\/#organization"},"potentialAction":[{"@type":"SearchAction","target":{"@type":"EntryPoint","urlTemplate":"https:\/\/www.anc.cr\/?s={search_term_string}"},"query-input":{"@type":"PropertyValueSpecification","valueRequired":true,"valueName":"search_term_string"}}],"inLanguage":"en-US"},{"@type":"Organization","@id":"https:\/\/www.anc.cr\/#organization","name":"ANC","url":"https:\/\/www.anc.cr\/","logo":{"@type":"ImageObject","inLanguage":"en-US","@id":"https:\/\/www.anc.cr\/#\/schema\/logo\/image\/","url":"https:\/\/www.anc.cr\/wp-content\/uploads\/2024\/07\/Logo-ANC-CR.png","contentUrl":"https:\/\/www.anc.cr\/wp-content\/uploads\/2024\/07\/Logo-ANC-CR.png","width":1051,"height":593,"caption":"ANC"},"image":{"@id":"https:\/\/www.anc.cr\/#\/schema\/logo\/image\/"}}]}},"_links":{"self":[{"href":"https:\/\/www.anc.cr\/en\/wp-json\/wp\/v2\/pages\/47","targetHints":{"allow":["GET"]}}],"collection":[{"href":"https:\/\/www.anc.cr\/en\/wp-json\/wp\/v2\/pages"}],"about":[{"href":"https:\/\/www.anc.cr\/en\/wp-json\/wp\/v2\/types\/page"}],"author":[{"embeddable":true,"href":"https:\/\/www.anc.cr\/en\/wp-json\/wp\/v2\/users\/1"}],"replies":[{"embeddable":true,"href":"https:\/\/www.anc.cr\/en\/wp-json\/wp\/v2\/comments?post=47"}],"version-history":[{"count":16,"href":"https:\/\/www.anc.cr\/en\/wp-json\/wp\/v2\/pages\/47\/revisions"}],"predecessor-version":[{"id":2130,"href":"https:\/\/www.anc.cr\/en\/wp-json\/wp\/v2\/pages\/47\/revisions\/2130"}],"wp:attachment":[{"href":"https:\/\/www.anc.cr\/en\/wp-json\/wp\/v2\/media?parent=47"}],"curies":[{"name":"wp","href":"https:\/\/api.w.org\/{rel}","templated":true}]}}