{"id":461,"date":"2024-07-09T03:21:18","date_gmt":"2024-07-09T09:21:18","guid":{"rendered":"http:\/\/anc.local\/?page_id=461"},"modified":"2025-04-24T09:51:52","modified_gmt":"2025-04-24T15:51:52","slug":"adriano-arguedas-mohs","status":"publish","type":"page","link":"https:\/\/www.anc.cr\/en\/adriano-arguedas-mohs\/","title":{"rendered":"Adriano Arguedas Mohs"},"content":{"rendered":"<div class=\"wp-block-group alignfull has-global-padding is-layout-constrained wp-container-core-group-is-layout-cb151cc7 wp-block-group-is-layout-constrained\" style=\"margin-top:0;margin-bottom:0;padding-top:0;padding-right:var(--wp--preset--spacing--50);padding-bottom:0;padding-left:var(--wp--preset--spacing--50)\">\n<div class=\"wp-block-columns alignwide are-vertically-aligned-center is-layout-flex wp-container-core-columns-is-layout-47c06fe3 wp-block-columns-is-layout-flex\">\n<div class=\"wp-block-column is-vertically-aligned-center is-layout-flow wp-block-column-is-layout-flow\" style=\"flex-basis:50%\">\n<h2 class=\"wp-block-heading\">Adriano Arguedas Mohs<\/h2>\n\n\n\n<p>Acad\u00e9mico de N\u00famero<\/p>\n\n\n\n<p>Pediatra Infect\u00f3logo y Profesor Catedr\u00e1tico, Facultad de Medicina, Universidad de Ciencias M\u00e9dicas, San Jos\u00e9, Costa Rica.<\/p>\n\n\n\n<ul class=\"wp-block-list\">\n<li>Residencia en Pediatr\u00eda, Universidad de Costa Rica (1988).<\/li>\n\n\n\n<li>Subespecialidad en Infectolog\u00eda Pedi\u00e1trica, Universidad de California, Irvine (1991).<\/li>\n<\/ul>\n<\/div>\n\n\n\n<div class=\"wp-block-column is-vertically-aligned-center is-layout-flow wp-block-column-is-layout-flow\" style=\"flex-basis:50%\"><figure style=\"width:500px;height:500px;\" class=\"wp-block-post-featured-image\"><img decoding=\"async\" width=\"400\" height=\"387\" src=\"https:\/\/www.anc.cr\/wp-content\/uploads\/2024\/07\/m_IMG-2152-1716214657.jpg\" class=\"attachment-post-thumbnail size-post-thumbnail wp-post-image\" alt=\"\" style=\"height:500px;object-fit:cover;\" srcset=\"https:\/\/www.anc.cr\/wp-content\/uploads\/2024\/07\/m_IMG-2152-1716214657.jpg 400w, https:\/\/www.anc.cr\/wp-content\/uploads\/2024\/07\/m_IMG-2152-1716214657-300x290.jpg 300w\" sizes=\"(max-width: 400px) 100vw, 400px\" \/><\/figure><\/div>\n<\/div>\n<\/div>\n\n\n\n<div style=\"height:10px\" aria-hidden=\"true\" class=\"wp-block-spacer\"><\/div>\n\n\n\n<hr class=\"wp-block-separator has-alpha-channel-opacity\"\/>\n\n\n\n<div style=\"height:15px\" aria-hidden=\"true\" class=\"wp-block-spacer\"><\/div>\n\n\n\n<p>El Dr. Adriano Arguedas es un ciudadano costarricense nacido en Brasil y es especialista en enfermedades infecciosas pedi\u00e1tricas. Actualmente reside en Filadelfia, Estados Unidos de Am\u00e9rica, y es el Director Global Senior del Desarrollo Cl\u00ednico y&nbsp; del Laboratorio de Vacunas contra Neumococo de Pfizer Inc.; adem\u00e1s es Profesor Catedr\u00e1tico de la Facultad de Medicina de la Universidad de Ciencias M\u00e9dicas en San Jos\u00e9, Costa Rica. Ha sido instructor cl\u00ednico en la Universidad de California y en la Universidad de Costa Rica y miembro del Comit\u00e9 \u00c9tico Cient\u00edfico del Hospital Nacional de Ni\u00f1os y del Comit\u00e9 de Farmacoterapia del Hospital Nacional de Ni\u00f1os de Costa Rica.<br><br>De 1992 al 2000 se desempe\u00f1\u00f3 en varias posiciones en el Hospital Nacional de Ni\u00f1os de Costa Rica: 1991 a 1993 M\u00e9dico Especialista en el Departamento de Enfermedades Infecciosas; 1993 a 1998 Jefe de Cl\u00ednica M\u00e9dica del Servicio de Medicina 1; 1998 a 2000 Jefe del Departamento de Emergencia y Consulta Externa y miembro del Consejo T\u00e9cnico Hospitalario. Del 2001 al 2003 fue Jefe de la Divisi\u00f3n de Pediatr\u00eda del centro de investigaci\u00f3n Neeman &#8211; ICIC y del 2003 al 2012 Fundador y Director del Instituto de Atenci\u00f3n Pedi\u00e1trica.&nbsp; Adem\u00e1s del 2012 al 2017 fue Director Senior y Vicepresidente del desarrollo de vacunas en Asia y Australia de la empresa Pfizer.&nbsp; En el a\u00f1o 2017 retorno a los Estados Unidos de Am\u00e9rica donde ha ocupado diferentes posiciones con la empresa Pfizer siempre en el \u00e1mbito del desarrollo de vacunas contra el neumococo.<br><br>El Dr. Arguedas Mohs tiene un total de 133 publicaciones en revistas especializadas, ha contribuido con cap\u00edtulos en 15 libros de texto m\u00e9dicos, ha presentado 164 trabajos en congresos cient\u00edficos y ha dado 232 conferencias en reuniones cient\u00edficas. Ha recibido los premios: Merle Carson Lectures (Los \u00c1ngeles-California, 1991) por presentaci\u00f3n de la mejor investigaci\u00f3n del Sur de California; en dos ocasiones el premio otorgado por trabajos cient\u00edficos (segundo lugar) por la Sociedad Latinoamericana de Enfermedades Pedi\u00e1tricas Infecciosas Cl\u00ednica (San Jos\u00e9-Costa Rica, 2007 y Guayaquil-Ecuador 2009); en el 2016 y 2022 una distinci\u00f3n de la empresa Pfizer por la incorporaci\u00f3n de la vacuna contra el neumococo al esquema b\u00e1sico en pediatr\u00eda de inmunizaciones de Jap\u00f3n (2016) y por haber obtenido la aprobaci\u00f3n de la vacuna contra neumococo en China.<\/p>\n\n\n\n<h3 class=\"wp-block-heading\">Publicaciones representativas:<\/h3>\n\n\n\n<ul class=\"wp-block-list\"><\/ul>\n\n\n\n<ul class=\"wp-block-list\">\n<li>Arguedas A., Soley C., Lindert K. Responses to 2009 H1N1 Vaccine in Children 3 to 17 Years of Age. The New England Journal of Medicine 2010, 362: 370-372.<\/li>\n\n\n\n<li>Arguedas A., Abdelnour A., Soley C., Jimenez E., Jimenez A., Ramcharrand D., Porat N., Dagan R., Gray S., Rodgers G. Prospective epidemiologic surveillance of invasive pneumococcal disease and pneumonia in children in San Jos\u00e9, Costa Rica. Vaccine 30 (2012) 2342\u2013 2348.<\/li>\n<\/ul>\n\n\n\n<ul class=\"wp-block-list\">\n<li>Henry A Glick, PhD, Taiga Miyazaki, MD, PhD, Katsuji Hirano, MD, Elisa Gonzalez, MS, Luis Jodar, Bradford D Gessner, MD, Raul E Isturiz, MD, Adriano Arguedas, MD, Shigeru Kohno, MD, PhD, Jose A Suaya, MD, PhD, One-Year Quality of Life Post-Pneumonia Diagnosis in Japanese Adults, Clinical Infectious Diseases, , ciaa595, https:\/\/doi.org\/10.1093\/cid\/ciaa595.<\/li>\n\n\n\n<li>Joseph A Lewnard, Vennis Hong, Katia J Bruxvoort, Lindsay R Grant, Luis J\u00f3dar, Alejandro Can\u00e9, Adriano Arguedas, Magdalena E Pomichowski, Bradford D Gessner, Sara Y Tartof, Burden of Lower Respiratory Tract Infections Preventable by Adult Immunization With 15- and 20-Valent Pneumococcal Conjugate Vaccines in the United States, Clinical Infectious Diseases, Volume 77, Issue 9, 1 November 2023, Pages 1340\u20131352, https:\/\/doi.org\/10.1093\/cid\/ciad355 Link<\/li>\n\n\n\n<li>Yildirim I, Rotem L, Yazdani B, Hinderstein S,Lee H, Klevens M, Grant L, Arguedas A, Cane A, Madoff L, Johnson H, Ivanof C, Burns M, Pelton S. Invasive Pneumococcal Disease After 2 Decades of Pneumococcal Conjugate Vaccine Use. Pediatrics. 2024;153(1):e2023063039\u00a0<a href=\"https:\/\/doi.org\/10.1542\/peds.2023-063039\">https:\/\/doi.org\/10.1542\/peds.2023-063039<\/a><\/li>\n\n\n\n<li>Miyazaki T, Hirano K, Ichihara K, Gonzalez E, Gessner BD, Isturiz RE, Zhang P, Gray S, Pride M, van der Linden M, Jodar L, Maeda T, Kohno S, Arguedas A, Goto City Pneumococcal Pneumonia Incidence Study Group, Community-Acquired Pneumonia Incidence in Adults 18 Years and Older in Goto City, Japan \u2013 A Prospective, Population-Based Study, CHEST Pulmonary (2023), doi: https:\/\/doi.org\/10.1016\/j.chpulm.2023.100007.<\/li>\n<\/ul>","protected":false},"excerpt":{"rendered":"<p>Adriano Arguedas Mohs Acad\u00e9mico de N\u00famero Pediatra Infect\u00f3logo y Profesor Catedr\u00e1tico, Facultad de Medicina, Universidad de Ciencias M\u00e9dicas, San Jos\u00e9, Costa Rica. El Dr. Adriano Arguedas es un ciudadano costarricense nacido en Brasil y es especialista en enfermedades infecciosas pedi\u00e1tricas. Actualmente reside en Filadelfia, Estados Unidos de Am\u00e9rica, y es el Director Global Senior del [&hellip;]<\/p>\n","protected":false},"author":1,"featured_media":456,"parent":0,"menu_order":0,"comment_status":"closed","ping_status":"closed","template":"","meta":{"footnotes":""},"class_list":["post-461","page","type-page","status-publish","has-post-thumbnail","hentry"],"yoast_head":"<!-- This site is optimized with the Yoast SEO plugin v27.3 - https:\/\/yoast.com\/product\/yoast-seo-wordpress\/ -->\n<title>Adriano Arguedas Mohs - ANC<\/title>\n<meta name=\"robots\" content=\"index, follow, max-snippet:-1, max-image-preview:large, max-video-preview:-1\" \/>\n<link rel=\"canonical\" href=\"https:\/\/www.anc.cr\/en\/adriano-arguedas-mohs\/\" \/>\n<meta property=\"og:locale\" content=\"en_US\" \/>\n<meta property=\"og:type\" content=\"article\" \/>\n<meta property=\"og:title\" content=\"Adriano Arguedas Mohs - ANC\" \/>\n<meta property=\"og:description\" content=\"Adriano Arguedas Mohs Acad\u00e9mico de N\u00famero Pediatra Infect\u00f3logo y Profesor Catedr\u00e1tico, Facultad de Medicina, Universidad de Ciencias M\u00e9dicas, San Jos\u00e9, Costa Rica. El Dr. Adriano Arguedas es un ciudadano costarricense nacido en Brasil y es especialista en enfermedades infecciosas pedi\u00e1tricas. Actualmente reside en Filadelfia, Estados Unidos de Am\u00e9rica, y es el Director Global Senior del [&hellip;]\" \/>\n<meta property=\"og:url\" content=\"https:\/\/www.anc.cr\/en\/adriano-arguedas-mohs\/\" \/>\n<meta property=\"og:site_name\" content=\"ANC\" \/>\n<meta property=\"article:modified_time\" content=\"2025-04-24T15:51:52+00:00\" \/>\n<meta property=\"og:image\" content=\"https:\/\/www.anc.cr\/wp-content\/uploads\/2024\/07\/m_IMG-2152-1716214657.jpg\" \/>\n\t<meta property=\"og:image:width\" content=\"400\" \/>\n\t<meta property=\"og:image:height\" content=\"387\" \/>\n\t<meta property=\"og:image:type\" content=\"image\/jpeg\" \/>\n<meta name=\"twitter:card\" content=\"summary_large_image\" \/>\n<meta name=\"twitter:label1\" content=\"Est. reading time\" \/>\n\t<meta name=\"twitter:data1\" content=\"4 minutes\" \/>\n<script type=\"application\/ld+json\" class=\"yoast-schema-graph\">{\"@context\":\"https:\\\/\\\/schema.org\",\"@graph\":[{\"@type\":\"WebPage\",\"@id\":\"https:\\\/\\\/www.anc.cr\\\/adriano-arguedas-mohs\\\/\",\"url\":\"https:\\\/\\\/www.anc.cr\\\/adriano-arguedas-mohs\\\/\",\"name\":\"Adriano Arguedas Mohs - ANC\",\"isPartOf\":{\"@id\":\"https:\\\/\\\/www.anc.cr\\\/#website\"},\"primaryImageOfPage\":{\"@id\":\"https:\\\/\\\/www.anc.cr\\\/adriano-arguedas-mohs\\\/#primaryimage\"},\"image\":{\"@id\":\"https:\\\/\\\/www.anc.cr\\\/adriano-arguedas-mohs\\\/#primaryimage\"},\"thumbnailUrl\":\"https:\\\/\\\/www.anc.cr\\\/wp-content\\\/uploads\\\/2024\\\/07\\\/m_IMG-2152-1716214657.jpg\",\"datePublished\":\"2024-07-09T09:21:18+00:00\",\"dateModified\":\"2025-04-24T15:51:52+00:00\",\"breadcrumb\":{\"@id\":\"https:\\\/\\\/www.anc.cr\\\/adriano-arguedas-mohs\\\/#breadcrumb\"},\"inLanguage\":\"en-US\",\"potentialAction\":[{\"@type\":\"ReadAction\",\"target\":[\"https:\\\/\\\/www.anc.cr\\\/adriano-arguedas-mohs\\\/\"]}]},{\"@type\":\"ImageObject\",\"inLanguage\":\"en-US\",\"@id\":\"https:\\\/\\\/www.anc.cr\\\/adriano-arguedas-mohs\\\/#primaryimage\",\"url\":\"https:\\\/\\\/www.anc.cr\\\/wp-content\\\/uploads\\\/2024\\\/07\\\/m_IMG-2152-1716214657.jpg\",\"contentUrl\":\"https:\\\/\\\/www.anc.cr\\\/wp-content\\\/uploads\\\/2024\\\/07\\\/m_IMG-2152-1716214657.jpg\",\"width\":400,\"height\":387},{\"@type\":\"BreadcrumbList\",\"@id\":\"https:\\\/\\\/www.anc.cr\\\/adriano-arguedas-mohs\\\/#breadcrumb\",\"itemListElement\":[{\"@type\":\"ListItem\",\"position\":1,\"name\":\"Portada\",\"item\":\"https:\\\/\\\/www.anc.cr\\\/\"},{\"@type\":\"ListItem\",\"position\":2,\"name\":\"Adriano Arguedas Mohs\"}]},{\"@type\":\"WebSite\",\"@id\":\"https:\\\/\\\/www.anc.cr\\\/#website\",\"url\":\"https:\\\/\\\/www.anc.cr\\\/\",\"name\":\"ANC\",\"description\":\"Academia Nacional de Ciencias\",\"publisher\":{\"@id\":\"https:\\\/\\\/www.anc.cr\\\/#organization\"},\"potentialAction\":[{\"@type\":\"SearchAction\",\"target\":{\"@type\":\"EntryPoint\",\"urlTemplate\":\"https:\\\/\\\/www.anc.cr\\\/?s={search_term_string}\"},\"query-input\":{\"@type\":\"PropertyValueSpecification\",\"valueRequired\":true,\"valueName\":\"search_term_string\"}}],\"inLanguage\":\"en-US\"},{\"@type\":\"Organization\",\"@id\":\"https:\\\/\\\/www.anc.cr\\\/#organization\",\"name\":\"ANC\",\"url\":\"https:\\\/\\\/www.anc.cr\\\/\",\"logo\":{\"@type\":\"ImageObject\",\"inLanguage\":\"en-US\",\"@id\":\"https:\\\/\\\/www.anc.cr\\\/#\\\/schema\\\/logo\\\/image\\\/\",\"url\":\"https:\\\/\\\/www.anc.cr\\\/wp-content\\\/uploads\\\/2024\\\/07\\\/Logo-ANC-CR.png\",\"contentUrl\":\"https:\\\/\\\/www.anc.cr\\\/wp-content\\\/uploads\\\/2024\\\/07\\\/Logo-ANC-CR.png\",\"width\":1051,\"height\":593,\"caption\":\"ANC\"},\"image\":{\"@id\":\"https:\\\/\\\/www.anc.cr\\\/#\\\/schema\\\/logo\\\/image\\\/\"}}]}<\/script>\n<!-- \/ Yoast SEO plugin. -->","yoast_head_json":{"title":"Adriano Arguedas Mohs - ANC","robots":{"index":"index","follow":"follow","max-snippet":"max-snippet:-1","max-image-preview":"max-image-preview:large","max-video-preview":"max-video-preview:-1"},"canonical":"https:\/\/www.anc.cr\/en\/adriano-arguedas-mohs\/","og_locale":"en_US","og_type":"article","og_title":"Adriano Arguedas Mohs - ANC","og_description":"Adriano Arguedas Mohs Acad\u00e9mico de N\u00famero Pediatra Infect\u00f3logo y Profesor Catedr\u00e1tico, Facultad de Medicina, Universidad de Ciencias M\u00e9dicas, San Jos\u00e9, Costa Rica. El Dr. Adriano Arguedas es un ciudadano costarricense nacido en Brasil y es especialista en enfermedades infecciosas pedi\u00e1tricas. Actualmente reside en Filadelfia, Estados Unidos de Am\u00e9rica, y es el Director Global Senior del [&hellip;]","og_url":"https:\/\/www.anc.cr\/en\/adriano-arguedas-mohs\/","og_site_name":"ANC","article_modified_time":"2025-04-24T15:51:52+00:00","og_image":[{"width":400,"height":387,"url":"https:\/\/www.anc.cr\/wp-content\/uploads\/2024\/07\/m_IMG-2152-1716214657.jpg","type":"image\/jpeg"}],"twitter_card":"summary_large_image","twitter_misc":{"Est. reading time":"4 minutes"},"schema":{"@context":"https:\/\/schema.org","@graph":[{"@type":"WebPage","@id":"https:\/\/www.anc.cr\/adriano-arguedas-mohs\/","url":"https:\/\/www.anc.cr\/adriano-arguedas-mohs\/","name":"Adriano Arguedas Mohs - ANC","isPartOf":{"@id":"https:\/\/www.anc.cr\/#website"},"primaryImageOfPage":{"@id":"https:\/\/www.anc.cr\/adriano-arguedas-mohs\/#primaryimage"},"image":{"@id":"https:\/\/www.anc.cr\/adriano-arguedas-mohs\/#primaryimage"},"thumbnailUrl":"https:\/\/www.anc.cr\/wp-content\/uploads\/2024\/07\/m_IMG-2152-1716214657.jpg","datePublished":"2024-07-09T09:21:18+00:00","dateModified":"2025-04-24T15:51:52+00:00","breadcrumb":{"@id":"https:\/\/www.anc.cr\/adriano-arguedas-mohs\/#breadcrumb"},"inLanguage":"en-US","potentialAction":[{"@type":"ReadAction","target":["https:\/\/www.anc.cr\/adriano-arguedas-mohs\/"]}]},{"@type":"ImageObject","inLanguage":"en-US","@id":"https:\/\/www.anc.cr\/adriano-arguedas-mohs\/#primaryimage","url":"https:\/\/www.anc.cr\/wp-content\/uploads\/2024\/07\/m_IMG-2152-1716214657.jpg","contentUrl":"https:\/\/www.anc.cr\/wp-content\/uploads\/2024\/07\/m_IMG-2152-1716214657.jpg","width":400,"height":387},{"@type":"BreadcrumbList","@id":"https:\/\/www.anc.cr\/adriano-arguedas-mohs\/#breadcrumb","itemListElement":[{"@type":"ListItem","position":1,"name":"Portada","item":"https:\/\/www.anc.cr\/"},{"@type":"ListItem","position":2,"name":"Adriano Arguedas Mohs"}]},{"@type":"WebSite","@id":"https:\/\/www.anc.cr\/#website","url":"https:\/\/www.anc.cr\/","name":"ANC","description":"Academia Nacional de Ciencias","publisher":{"@id":"https:\/\/www.anc.cr\/#organization"},"potentialAction":[{"@type":"SearchAction","target":{"@type":"EntryPoint","urlTemplate":"https:\/\/www.anc.cr\/?s={search_term_string}"},"query-input":{"@type":"PropertyValueSpecification","valueRequired":true,"valueName":"search_term_string"}}],"inLanguage":"en-US"},{"@type":"Organization","@id":"https:\/\/www.anc.cr\/#organization","name":"ANC","url":"https:\/\/www.anc.cr\/","logo":{"@type":"ImageObject","inLanguage":"en-US","@id":"https:\/\/www.anc.cr\/#\/schema\/logo\/image\/","url":"https:\/\/www.anc.cr\/wp-content\/uploads\/2024\/07\/Logo-ANC-CR.png","contentUrl":"https:\/\/www.anc.cr\/wp-content\/uploads\/2024\/07\/Logo-ANC-CR.png","width":1051,"height":593,"caption":"ANC"},"image":{"@id":"https:\/\/www.anc.cr\/#\/schema\/logo\/image\/"}}]}},"_links":{"self":[{"href":"https:\/\/www.anc.cr\/en\/wp-json\/wp\/v2\/pages\/461","targetHints":{"allow":["GET"]}}],"collection":[{"href":"https:\/\/www.anc.cr\/en\/wp-json\/wp\/v2\/pages"}],"about":[{"href":"https:\/\/www.anc.cr\/en\/wp-json\/wp\/v2\/types\/page"}],"author":[{"embeddable":true,"href":"https:\/\/www.anc.cr\/en\/wp-json\/wp\/v2\/users\/1"}],"replies":[{"embeddable":true,"href":"https:\/\/www.anc.cr\/en\/wp-json\/wp\/v2\/comments?post=461"}],"version-history":[{"count":3,"href":"https:\/\/www.anc.cr\/en\/wp-json\/wp\/v2\/pages\/461\/revisions"}],"predecessor-version":[{"id":2464,"href":"https:\/\/www.anc.cr\/en\/wp-json\/wp\/v2\/pages\/461\/revisions\/2464"}],"wp:featuredmedia":[{"embeddable":true,"href":"https:\/\/www.anc.cr\/en\/wp-json\/wp\/v2\/media\/456"}],"wp:attachment":[{"href":"https:\/\/www.anc.cr\/en\/wp-json\/wp\/v2\/media?parent=461"}],"curies":[{"name":"wp","href":"https:\/\/api.w.org\/{rel}","templated":true}]}}