{"id":428,"date":"2024-07-09T02:11:34","date_gmt":"2024-07-09T08:11:34","guid":{"rendered":"http:\/\/anc.local\/?page_id=428"},"modified":"2024-07-09T02:11:35","modified_gmt":"2024-07-09T08:11:35","slug":"politica-de-donaciones","status":"publish","type":"page","link":"https:\/\/www.anc.cr\/en\/politica-de-donaciones\/","title":{"rendered":"POL\u00cdTICA DE DONACIONES"},"content":{"rendered":"<p><strong>Donaci\u00f3n M\u00e1xima<\/strong><\/p>\n\n\n\n<p>Le recordamos que toda donaci\u00f3n superior a los US$10.000 deber\u00e1 ser acompa\u00f1ada de documentaci\u00f3n detallando su lugar de procedencia, seg\u00fan las leyes vigentes de la Rep\u00fablica de Costa Rica.<\/p>\n\n\n\n<p><strong>Cuentas bancarias para donaciones<\/strong><\/p>\n\n\n\n<figure class=\"wp-block-table\"><table><tbody><tr><td><strong>Banco Nacional de Costa Rica<\/strong><strong><br><\/strong><strong>CUENTA EN COLONES COSTARRICENSES<\/strong><strong>Beneficiario: <\/strong>ACADEMIA NACIONAL DE CIENCIAS<br><strong>N\u00famero de la cuenta: <\/strong>100-01-080-002687-5<br><strong>Cuenta Cliente: <\/strong>15108010010026871<br><strong>C\u00e9dula Jur\u00eddica: <\/strong>3-007-154845<br><strong>Moneda de la cuenta: <\/strong>\u00a2 (Colones Costarricenses)<br><strong>Entidad financiera: <\/strong>Banco Nacional de Costa Rica<br><strong>Sucursal: <\/strong>Oficinas Centrales<br><strong>Direcci\u00f3n: <\/strong>Avenidas 1 y 3, Calle 4. San Jos\u00e9, Costa Rica<br><strong>C\u00f3digo SWIFT: <\/strong>BNCRCRSJ<br><strong>Cuenta IBAN: <\/strong>CR71015108010010026871<\/td><\/tr><tr><td><strong>Banco Nacional de Costa Rica<\/strong><strong><br><\/strong><strong>CUENTA EN D\u00d3LARES ESTADOUNIDENSES<\/strong><strong>Beneficiario: <\/strong>ACADEMIA NACIONAL DE CIENCIAS<br><strong>N\u00famero de la cuenta: <\/strong>100-02-080-600252-4<br><strong>Cuenta Cliente: <\/strong>15108010026002528<br><strong>C\u00e9dula Jur\u00eddica: <\/strong>3-007-154845<br><strong>Moneda de la cuentas: <\/strong>$ (D\u00f3lares Estadounidenses)<br><strong>Entidad financiera: <\/strong>Banco Nacional de Costa Rica<br><strong>Sucursal: <\/strong>Oficinas Centrales<br><strong>Direcci\u00f3n: <\/strong>Avenidas 1 y 3, Calle 4. San Jos\u00e9, Costa Rica<br><strong>C\u00f3digo SWIFT: <\/strong>BNCRCRSJ<br><strong>Cuenta IBAN: <\/strong>CR36015108010026002528<\/td><\/tr><\/tbody><\/table><\/figure>\n\n\n\n<h2 class=\"wp-block-heading\">Cancelaciones \/Devoluciones<\/h2>\n\n\n\n<p>No se aceptan cancelaciones ni devoluciones por un monto menor a US$50.00 o su equivalente en colones. Adem\u00e1s, toda solicitud debe estar plenamente justificada, aunque esto en s\u00ed no garantiza la cancelaci\u00f3n ni devoluci\u00f3n y el tr\u00e1mite debe ser autorizado por nuestra Instituci\u00f3n. Para cancelar una donaci\u00f3n o solicitar una devoluci\u00f3n de su dinero, es necesario que se comunique con la Academia Nacional de Ciencias al tel\u00e9fono +506-2283-4814 dentro de las 24 horas despu\u00e9s de efectuarse la donaci\u00f3n (excepto feriados y fines de semana).<\/p>\n\n\n\n<h2 class=\"wp-block-heading\">Recibos\/Comprobantes de donaci\u00f3n<\/h2>\n\n\n\n<p>Una vez procesada su donaci\u00f3n, recibir\u00e1 un acuse de recibo dirigido a la direcci\u00f3n de correo electr\u00f3nico utilizada durante el proceso de inscripci\u00f3n. Si requiere un recibo f\u00edsico por motivos fiscales por favor cont\u00e1ctenos.<\/p>\n\n\n\n<h2 class=\"wp-block-heading\">Recolecci\u00f3n y uso de la informaci\u00f3n<\/h2>\n\n\n\n<p>Las pol\u00edticas de privacidad de la Academia Nacional de Ciencias aplican a la recopilaci\u00f3n y uso de la informaci\u00f3n que usted nos suministre. Dicha informaci\u00f3n ser\u00e1 utilizada \u00fanicamente por la Academia Nacional de Ciencias para efectos de contabilidad y para el env\u00edo de informaci\u00f3n peri\u00f3dica sobre acontecimientos y otros asuntos de inter\u00e9s para nuestros donantes. La misma no podr\u00e1 ser utilizada para otros fines.<\/p>\n\n\n\n<p>Adem\u00e1s de servirnos para actualizarle sobre el quehacer de la ANC, esta informaci\u00f3n nos sirve para el debido cumplimiento de las leyes vigentes locales, las cuales requieren que tengamos un registro de todas las donaciones recibidas, incluyendo la informaci\u00f3n b\u00e1sica de contacto de nuestros donantes.<\/p>\n\n\n\n<p>La Academia Nacional de Ciencias respeta su derecho a la privacidad y no compartir\u00e1 su informaci\u00f3n personal con terceras personas sin su consentimiento, a no ser que sea requerido por las leyes del pa\u00eds. Tampoco vender\u00e1 o proporcionar\u00e1 informaci\u00f3n a terceras personas para prop\u00f3sitos de mercadeo, publicidad o promociones.<\/p>","protected":false},"excerpt":{"rendered":"<p>Donaci\u00f3n M\u00e1xima Le recordamos que toda donaci\u00f3n superior a los US$10.000 deber\u00e1 ser acompa\u00f1ada de documentaci\u00f3n detallando su lugar de procedencia, seg\u00fan las leyes vigentes de la Rep\u00fablica de Costa Rica. Cuentas bancarias para donaciones Banco Nacional de Costa RicaCUENTA EN COLONES COSTARRICENSESBeneficiario: ACADEMIA NACIONAL DE CIENCIASN\u00famero de la cuenta: 100-01-080-002687-5Cuenta Cliente: 15108010010026871C\u00e9dula Jur\u00eddica: 3-007-154845Moneda [&hellip;]<\/p>\n","protected":false},"author":1,"featured_media":429,"parent":0,"menu_order":0,"comment_status":"closed","ping_status":"closed","template":"","meta":{"footnotes":""},"class_list":["post-428","page","type-page","status-publish","has-post-thumbnail","hentry"],"yoast_head":"<!-- This site is optimized with the Yoast SEO plugin v27.5 - https:\/\/yoast.com\/product\/yoast-seo-wordpress\/ -->\n<title>POL\u00cdTICA DE DONACIONES - ANC<\/title>\n<meta name=\"robots\" content=\"index, follow, max-snippet:-1, max-image-preview:large, max-video-preview:-1\" \/>\n<link rel=\"canonical\" href=\"https:\/\/www.anc.cr\/en\/politica-de-donaciones\/\" \/>\n<meta property=\"og:locale\" content=\"en_US\" \/>\n<meta property=\"og:type\" content=\"article\" \/>\n<meta property=\"og:title\" content=\"POL\u00cdTICA DE DONACIONES - ANC\" \/>\n<meta property=\"og:description\" content=\"Donaci\u00f3n M\u00e1xima Le recordamos que toda donaci\u00f3n superior a los US$10.000 deber\u00e1 ser acompa\u00f1ada de documentaci\u00f3n detallando su lugar de procedencia, seg\u00fan las leyes vigentes de la Rep\u00fablica de Costa Rica. Cuentas bancarias para donaciones Banco Nacional de Costa RicaCUENTA EN COLONES COSTARRICENSESBeneficiario: ACADEMIA NACIONAL DE CIENCIASN\u00famero de la cuenta: 100-01-080-002687-5Cuenta Cliente: 15108010010026871C\u00e9dula Jur\u00eddica: 3-007-154845Moneda [&hellip;]\" \/>\n<meta property=\"og:url\" content=\"https:\/\/www.anc.cr\/en\/politica-de-donaciones\/\" \/>\n<meta property=\"og:site_name\" content=\"ANC\" \/>\n<meta property=\"article:modified_time\" content=\"2024-07-09T08:11:35+00:00\" \/>\n<meta property=\"og:image\" content=\"https:\/\/www.anc.cr\/wp-content\/uploads\/2024\/07\/2148969939.jpg\" \/>\n\t<meta property=\"og:image:width\" content=\"1000\" \/>\n\t<meta property=\"og:image:height\" content=\"667\" \/>\n\t<meta property=\"og:image:type\" content=\"image\/jpeg\" \/>\n<meta name=\"twitter:card\" content=\"summary_large_image\" \/>\n<meta name=\"twitter:label1\" content=\"Est. reading time\" \/>\n\t<meta name=\"twitter:data1\" content=\"2 minutes\" \/>\n<script type=\"application\/ld+json\" class=\"yoast-schema-graph\">{\"@context\":\"https:\\\/\\\/schema.org\",\"@graph\":[{\"@type\":\"WebPage\",\"@id\":\"https:\\\/\\\/www.anc.cr\\\/politica-de-donaciones\\\/\",\"url\":\"https:\\\/\\\/www.anc.cr\\\/politica-de-donaciones\\\/\",\"name\":\"POL\u00cdTICA DE DONACIONES - ANC\",\"isPartOf\":{\"@id\":\"https:\\\/\\\/www.anc.cr\\\/#website\"},\"primaryImageOfPage\":{\"@id\":\"https:\\\/\\\/www.anc.cr\\\/politica-de-donaciones\\\/#primaryimage\"},\"image\":{\"@id\":\"https:\\\/\\\/www.anc.cr\\\/politica-de-donaciones\\\/#primaryimage\"},\"thumbnailUrl\":\"https:\\\/\\\/www.anc.cr\\\/wp-content\\\/uploads\\\/2024\\\/07\\\/2148969939.jpg\",\"datePublished\":\"2024-07-09T08:11:34+00:00\",\"dateModified\":\"2024-07-09T08:11:35+00:00\",\"breadcrumb\":{\"@id\":\"https:\\\/\\\/www.anc.cr\\\/politica-de-donaciones\\\/#breadcrumb\"},\"inLanguage\":\"en-US\",\"potentialAction\":[{\"@type\":\"ReadAction\",\"target\":[\"https:\\\/\\\/www.anc.cr\\\/politica-de-donaciones\\\/\"]}]},{\"@type\":\"ImageObject\",\"inLanguage\":\"en-US\",\"@id\":\"https:\\\/\\\/www.anc.cr\\\/politica-de-donaciones\\\/#primaryimage\",\"url\":\"https:\\\/\\\/www.anc.cr\\\/wp-content\\\/uploads\\\/2024\\\/07\\\/2148969939.jpg\",\"contentUrl\":\"https:\\\/\\\/www.anc.cr\\\/wp-content\\\/uploads\\\/2024\\\/07\\\/2148969939.jpg\",\"width\":1000,\"height\":667},{\"@type\":\"BreadcrumbList\",\"@id\":\"https:\\\/\\\/www.anc.cr\\\/politica-de-donaciones\\\/#breadcrumb\",\"itemListElement\":[{\"@type\":\"ListItem\",\"position\":1,\"name\":\"Portada\",\"item\":\"https:\\\/\\\/www.anc.cr\\\/\"},{\"@type\":\"ListItem\",\"position\":2,\"name\":\"POL\u00cdTICA DE DONACIONES\"}]},{\"@type\":\"WebSite\",\"@id\":\"https:\\\/\\\/www.anc.cr\\\/#website\",\"url\":\"https:\\\/\\\/www.anc.cr\\\/\",\"name\":\"ANC\",\"description\":\"Academia Nacional de Ciencias\",\"publisher\":{\"@id\":\"https:\\\/\\\/www.anc.cr\\\/#organization\"},\"potentialAction\":[{\"@type\":\"SearchAction\",\"target\":{\"@type\":\"EntryPoint\",\"urlTemplate\":\"https:\\\/\\\/www.anc.cr\\\/?s={search_term_string}\"},\"query-input\":{\"@type\":\"PropertyValueSpecification\",\"valueRequired\":true,\"valueName\":\"search_term_string\"}}],\"inLanguage\":\"en-US\"},{\"@type\":\"Organization\",\"@id\":\"https:\\\/\\\/www.anc.cr\\\/#organization\",\"name\":\"ANC\",\"url\":\"https:\\\/\\\/www.anc.cr\\\/\",\"logo\":{\"@type\":\"ImageObject\",\"inLanguage\":\"en-US\",\"@id\":\"https:\\\/\\\/www.anc.cr\\\/#\\\/schema\\\/logo\\\/image\\\/\",\"url\":\"https:\\\/\\\/www.anc.cr\\\/wp-content\\\/uploads\\\/2024\\\/07\\\/Logo-ANC-CR.png\",\"contentUrl\":\"https:\\\/\\\/www.anc.cr\\\/wp-content\\\/uploads\\\/2024\\\/07\\\/Logo-ANC-CR.png\",\"width\":1051,\"height\":593,\"caption\":\"ANC\"},\"image\":{\"@id\":\"https:\\\/\\\/www.anc.cr\\\/#\\\/schema\\\/logo\\\/image\\\/\"}}]}<\/script>\n<!-- \/ Yoast SEO plugin. -->","yoast_head_json":{"title":"POL\u00cdTICA DE DONACIONES - ANC","robots":{"index":"index","follow":"follow","max-snippet":"max-snippet:-1","max-image-preview":"max-image-preview:large","max-video-preview":"max-video-preview:-1"},"canonical":"https:\/\/www.anc.cr\/en\/politica-de-donaciones\/","og_locale":"en_US","og_type":"article","og_title":"POL\u00cdTICA DE DONACIONES - ANC","og_description":"Donaci\u00f3n M\u00e1xima Le recordamos que toda donaci\u00f3n superior a los US$10.000 deber\u00e1 ser acompa\u00f1ada de documentaci\u00f3n detallando su lugar de procedencia, seg\u00fan las leyes vigentes de la Rep\u00fablica de Costa Rica. Cuentas bancarias para donaciones Banco Nacional de Costa RicaCUENTA EN COLONES COSTARRICENSESBeneficiario: ACADEMIA NACIONAL DE CIENCIASN\u00famero de la cuenta: 100-01-080-002687-5Cuenta Cliente: 15108010010026871C\u00e9dula Jur\u00eddica: 3-007-154845Moneda [&hellip;]","og_url":"https:\/\/www.anc.cr\/en\/politica-de-donaciones\/","og_site_name":"ANC","article_modified_time":"2024-07-09T08:11:35+00:00","og_image":[{"width":1000,"height":667,"url":"https:\/\/www.anc.cr\/wp-content\/uploads\/2024\/07\/2148969939.jpg","type":"image\/jpeg"}],"twitter_card":"summary_large_image","twitter_misc":{"Est. reading time":"2 minutes"},"schema":{"@context":"https:\/\/schema.org","@graph":[{"@type":"WebPage","@id":"https:\/\/www.anc.cr\/politica-de-donaciones\/","url":"https:\/\/www.anc.cr\/politica-de-donaciones\/","name":"POL\u00cdTICA DE DONACIONES - ANC","isPartOf":{"@id":"https:\/\/www.anc.cr\/#website"},"primaryImageOfPage":{"@id":"https:\/\/www.anc.cr\/politica-de-donaciones\/#primaryimage"},"image":{"@id":"https:\/\/www.anc.cr\/politica-de-donaciones\/#primaryimage"},"thumbnailUrl":"https:\/\/www.anc.cr\/wp-content\/uploads\/2024\/07\/2148969939.jpg","datePublished":"2024-07-09T08:11:34+00:00","dateModified":"2024-07-09T08:11:35+00:00","breadcrumb":{"@id":"https:\/\/www.anc.cr\/politica-de-donaciones\/#breadcrumb"},"inLanguage":"en-US","potentialAction":[{"@type":"ReadAction","target":["https:\/\/www.anc.cr\/politica-de-donaciones\/"]}]},{"@type":"ImageObject","inLanguage":"en-US","@id":"https:\/\/www.anc.cr\/politica-de-donaciones\/#primaryimage","url":"https:\/\/www.anc.cr\/wp-content\/uploads\/2024\/07\/2148969939.jpg","contentUrl":"https:\/\/www.anc.cr\/wp-content\/uploads\/2024\/07\/2148969939.jpg","width":1000,"height":667},{"@type":"BreadcrumbList","@id":"https:\/\/www.anc.cr\/politica-de-donaciones\/#breadcrumb","itemListElement":[{"@type":"ListItem","position":1,"name":"Portada","item":"https:\/\/www.anc.cr\/"},{"@type":"ListItem","position":2,"name":"POL\u00cdTICA DE DONACIONES"}]},{"@type":"WebSite","@id":"https:\/\/www.anc.cr\/#website","url":"https:\/\/www.anc.cr\/","name":"ANC","description":"Academia Nacional de Ciencias","publisher":{"@id":"https:\/\/www.anc.cr\/#organization"},"potentialAction":[{"@type":"SearchAction","target":{"@type":"EntryPoint","urlTemplate":"https:\/\/www.anc.cr\/?s={search_term_string}"},"query-input":{"@type":"PropertyValueSpecification","valueRequired":true,"valueName":"search_term_string"}}],"inLanguage":"en-US"},{"@type":"Organization","@id":"https:\/\/www.anc.cr\/#organization","name":"ANC","url":"https:\/\/www.anc.cr\/","logo":{"@type":"ImageObject","inLanguage":"en-US","@id":"https:\/\/www.anc.cr\/#\/schema\/logo\/image\/","url":"https:\/\/www.anc.cr\/wp-content\/uploads\/2024\/07\/Logo-ANC-CR.png","contentUrl":"https:\/\/www.anc.cr\/wp-content\/uploads\/2024\/07\/Logo-ANC-CR.png","width":1051,"height":593,"caption":"ANC"},"image":{"@id":"https:\/\/www.anc.cr\/#\/schema\/logo\/image\/"}}]}},"_links":{"self":[{"href":"https:\/\/www.anc.cr\/en\/wp-json\/wp\/v2\/pages\/428","targetHints":{"allow":["GET"]}}],"collection":[{"href":"https:\/\/www.anc.cr\/en\/wp-json\/wp\/v2\/pages"}],"about":[{"href":"https:\/\/www.anc.cr\/en\/wp-json\/wp\/v2\/types\/page"}],"author":[{"embeddable":true,"href":"https:\/\/www.anc.cr\/en\/wp-json\/wp\/v2\/users\/1"}],"replies":[{"embeddable":true,"href":"https:\/\/www.anc.cr\/en\/wp-json\/wp\/v2\/comments?post=428"}],"version-history":[{"count":1,"href":"https:\/\/www.anc.cr\/en\/wp-json\/wp\/v2\/pages\/428\/revisions"}],"predecessor-version":[{"id":430,"href":"https:\/\/www.anc.cr\/en\/wp-json\/wp\/v2\/pages\/428\/revisions\/430"}],"wp:featuredmedia":[{"embeddable":true,"href":"https:\/\/www.anc.cr\/en\/wp-json\/wp\/v2\/media\/429"}],"wp:attachment":[{"href":"https:\/\/www.anc.cr\/en\/wp-json\/wp\/v2\/media?parent=428"}],"curies":[{"name":"wp","href":"https:\/\/api.w.org\/{rel}","templated":true}]}}