{"id":371,"date":"2024-06-25T09:29:53","date_gmt":"2024-06-25T15:29:53","guid":{"rendered":"http:\/\/anc.local\/?page_id=371"},"modified":"2024-09-04T13:59:01","modified_gmt":"2024-09-04T19:59:01","slug":"ticotal","status":"publish","type":"page","link":"https:\/\/www.anc.cr\/en\/ticotal\/","title":{"rendered":"TICOTAL"},"content":{"rendered":"<h2 class=\"wp-block-heading\"><strong>TICOTAL<\/strong><\/h2>\n\n\n\n<p>The TICOTAL Network (Network of Costa Rican Talent Abroad) is a program of the National Academy of Sciences, created in early August 2010, which brings together Costa Rican scientists and engineers who study or work abroad. The network seeks to connect them with the country's scientific and technological work by establishing a permanent instrument of interaction that facilitates the exchange of ideas, contacts and experiences and identifies opportunities for cooperation.<\/p>\n\n\n\n<div class=\"wp-block-columns is-layout-flex wp-container-core-columns-is-layout-28f84493 wp-block-columns-is-layout-flex\">\n<div class=\"wp-block-column is-layout-flow wp-block-column-is-layout-flow\" style=\"flex-basis:33.33%\">\n<figure class=\"wp-block-image aligncenter size-large is-resized\"><img decoding=\"async\" width=\"1024\" height=\"756\" src=\"https:\/\/www.anc.cr\/wp-content\/uploads\/2024\/09\/Logo-TicoTal1-1024x756.png\" alt=\"\" class=\"wp-image-1672\" style=\"width:211px;height:auto\" srcset=\"https:\/\/www.anc.cr\/wp-content\/uploads\/2024\/09\/Logo-TicoTal1-1024x756.png 1024w, https:\/\/www.anc.cr\/wp-content\/uploads\/2024\/09\/Logo-TicoTal1-300x222.png 300w, https:\/\/www.anc.cr\/wp-content\/uploads\/2024\/09\/Logo-TicoTal1-768x567.png 768w, https:\/\/www.anc.cr\/wp-content\/uploads\/2024\/09\/Logo-TicoTal1-1536x1134.png 1536w, https:\/\/www.anc.cr\/wp-content\/uploads\/2024\/09\/Logo-TicoTal1-2048x1513.png 2048w\" sizes=\"(max-width: 1024px) 100vw, 1024px\" \/><\/figure>\n<\/div>\n\n\n\n<div class=\"wp-block-column is-layout-flow wp-block-column-is-layout-flow\" style=\"flex-basis:66.66%\">\n<p>Its objectives are:<\/p>\n\n\n\n<ol class=\"wp-block-list\">\n<li>Provide a public database with academic information on diasporas willing to collaborate with the country and promote, with local counterparts, the articulation of specific collaboration initiatives.&nbsp;<\/li>\n\n\n\n<li>Strengthen the internationalization of national research.<\/li>\n\n\n\n<li>To disseminate the country's scientific and technological activities abroad.<\/li>\n\n\n\n<li>To characterize the Costa Rican scientific diaspora (i.e. their educational level, main professional areas, gender distribution, variables that have influenced their decisions, their activities and degree of integration and roots in the host countries, their expectations of returning to the country.<\/li>\n\n\n\n<li>Integrate human capital, either informally through their participation as agents of development of the national scientific and technological work and\/or formally through their reintegration into the workforce when opportunities arise.<\/li>\n<\/ol>\n<\/div>\n<\/div>\n\n\n\n<p style=\"font-size:clamp(0.875rem, 0.875rem + ((1vw - 0.2rem) * 0.708), 1.3rem);\">Web page: <a href=\"http:\/\/www.ticotal.cr\">www.ticotal.cr<\/a><br>Facebook link: <a href=\"https:\/\/www.facebook.com\/profile.php?id=100064250366980\">https:\/\/www.facebook.com\/profile.php?id=100064250366980<\/a><\/p>","protected":false},"excerpt":{"rendered":"<p>TICOTAL La Red TICOTAL (Red de Talento Costarricense en el Extranjero) es un programa de la Academia Nacional de Ciencias, creada a inicios de agosto 2010, que re\u00fane a cient\u00edficos (as) e ingenieros (as) costarricenses que estudian o trabajan en el exterior.&nbsp;&nbsp;La&nbsp;red busca&nbsp;conectarlos con el quehacer cient\u00edfico y tecnol\u00f3gico del pa\u00eds mediante el establecimiento de [&hellip;]<\/p>\n","protected":false},"author":1,"featured_media":1672,"parent":0,"menu_order":0,"comment_status":"closed","ping_status":"closed","template":"","meta":{"footnotes":""},"class_list":["post-371","page","type-page","status-publish","has-post-thumbnail","hentry"],"yoast_head":"<!-- This site is optimized with the Yoast SEO plugin v27.3 - https:\/\/yoast.com\/product\/yoast-seo-wordpress\/ -->\n<title>TICOTAL - ANC<\/title>\n<meta name=\"robots\" content=\"index, follow, max-snippet:-1, max-image-preview:large, max-video-preview:-1\" \/>\n<link rel=\"canonical\" href=\"https:\/\/www.anc.cr\/en\/ticotal\/\" \/>\n<meta property=\"og:locale\" content=\"en_US\" \/>\n<meta property=\"og:type\" content=\"article\" \/>\n<meta property=\"og:title\" content=\"TICOTAL - ANC\" \/>\n<meta property=\"og:description\" content=\"TICOTAL La Red TICOTAL (Red de Talento Costarricense en el Extranjero) es un programa de la Academia Nacional de Ciencias, creada a inicios de agosto 2010, que re\u00fane a cient\u00edficos (as) e ingenieros (as) costarricenses que estudian o trabajan en el exterior.&nbsp;&nbsp;La&nbsp;red busca&nbsp;conectarlos con el quehacer cient\u00edfico y tecnol\u00f3gico del pa\u00eds mediante el establecimiento de [&hellip;]\" \/>\n<meta property=\"og:url\" content=\"https:\/\/www.anc.cr\/en\/ticotal\/\" \/>\n<meta property=\"og:site_name\" content=\"ANC\" \/>\n<meta property=\"article:modified_time\" content=\"2024-09-04T19:59:01+00:00\" \/>\n<meta property=\"og:image\" content=\"https:\/\/www.anc.cr\/wp-content\/uploads\/2024\/09\/Logo-TicoTal1.png\" \/>\n\t<meta property=\"og:image:width\" content=\"8982\" \/>\n\t<meta property=\"og:image:height\" content=\"6634\" \/>\n\t<meta property=\"og:image:type\" content=\"image\/png\" \/>\n<meta name=\"twitter:card\" content=\"summary_large_image\" \/>\n<meta name=\"twitter:label1\" content=\"Est. reading time\" \/>\n\t<meta name=\"twitter:data1\" content=\"1 minute\" \/>\n<script type=\"application\/ld+json\" class=\"yoast-schema-graph\">{\"@context\":\"https:\\\/\\\/schema.org\",\"@graph\":[{\"@type\":\"WebPage\",\"@id\":\"https:\\\/\\\/www.anc.cr\\\/ticotal\\\/\",\"url\":\"https:\\\/\\\/www.anc.cr\\\/ticotal\\\/\",\"name\":\"TICOTAL - ANC\",\"isPartOf\":{\"@id\":\"https:\\\/\\\/www.anc.cr\\\/#website\"},\"primaryImageOfPage\":{\"@id\":\"https:\\\/\\\/www.anc.cr\\\/ticotal\\\/#primaryimage\"},\"image\":{\"@id\":\"https:\\\/\\\/www.anc.cr\\\/ticotal\\\/#primaryimage\"},\"thumbnailUrl\":\"https:\\\/\\\/www.anc.cr\\\/wp-content\\\/uploads\\\/2024\\\/09\\\/Logo-TicoTal1.png\",\"datePublished\":\"2024-06-25T15:29:53+00:00\",\"dateModified\":\"2024-09-04T19:59:01+00:00\",\"breadcrumb\":{\"@id\":\"https:\\\/\\\/www.anc.cr\\\/ticotal\\\/#breadcrumb\"},\"inLanguage\":\"en-US\",\"potentialAction\":[{\"@type\":\"ReadAction\",\"target\":[\"https:\\\/\\\/www.anc.cr\\\/ticotal\\\/\"]}]},{\"@type\":\"ImageObject\",\"inLanguage\":\"en-US\",\"@id\":\"https:\\\/\\\/www.anc.cr\\\/ticotal\\\/#primaryimage\",\"url\":\"https:\\\/\\\/www.anc.cr\\\/wp-content\\\/uploads\\\/2024\\\/09\\\/Logo-TicoTal1.png\",\"contentUrl\":\"https:\\\/\\\/www.anc.cr\\\/wp-content\\\/uploads\\\/2024\\\/09\\\/Logo-TicoTal1.png\",\"width\":8982,\"height\":6634},{\"@type\":\"BreadcrumbList\",\"@id\":\"https:\\\/\\\/www.anc.cr\\\/ticotal\\\/#breadcrumb\",\"itemListElement\":[{\"@type\":\"ListItem\",\"position\":1,\"name\":\"Portada\",\"item\":\"https:\\\/\\\/www.anc.cr\\\/\"},{\"@type\":\"ListItem\",\"position\":2,\"name\":\"TICOTAL\"}]},{\"@type\":\"WebSite\",\"@id\":\"https:\\\/\\\/www.anc.cr\\\/#website\",\"url\":\"https:\\\/\\\/www.anc.cr\\\/\",\"name\":\"ANC\",\"description\":\"Academia Nacional de Ciencias\",\"publisher\":{\"@id\":\"https:\\\/\\\/www.anc.cr\\\/#organization\"},\"potentialAction\":[{\"@type\":\"SearchAction\",\"target\":{\"@type\":\"EntryPoint\",\"urlTemplate\":\"https:\\\/\\\/www.anc.cr\\\/?s={search_term_string}\"},\"query-input\":{\"@type\":\"PropertyValueSpecification\",\"valueRequired\":true,\"valueName\":\"search_term_string\"}}],\"inLanguage\":\"en-US\"},{\"@type\":\"Organization\",\"@id\":\"https:\\\/\\\/www.anc.cr\\\/#organization\",\"name\":\"ANC\",\"url\":\"https:\\\/\\\/www.anc.cr\\\/\",\"logo\":{\"@type\":\"ImageObject\",\"inLanguage\":\"en-US\",\"@id\":\"https:\\\/\\\/www.anc.cr\\\/#\\\/schema\\\/logo\\\/image\\\/\",\"url\":\"https:\\\/\\\/www.anc.cr\\\/wp-content\\\/uploads\\\/2024\\\/07\\\/Logo-ANC-CR.png\",\"contentUrl\":\"https:\\\/\\\/www.anc.cr\\\/wp-content\\\/uploads\\\/2024\\\/07\\\/Logo-ANC-CR.png\",\"width\":1051,\"height\":593,\"caption\":\"ANC\"},\"image\":{\"@id\":\"https:\\\/\\\/www.anc.cr\\\/#\\\/schema\\\/logo\\\/image\\\/\"}}]}<\/script>\n<!-- \/ Yoast SEO plugin. -->","yoast_head_json":{"title":"TICOTAL - ANC","robots":{"index":"index","follow":"follow","max-snippet":"max-snippet:-1","max-image-preview":"max-image-preview:large","max-video-preview":"max-video-preview:-1"},"canonical":"https:\/\/www.anc.cr\/en\/ticotal\/","og_locale":"en_US","og_type":"article","og_title":"TICOTAL - ANC","og_description":"TICOTAL La Red TICOTAL (Red de Talento Costarricense en el Extranjero) es un programa de la Academia Nacional de Ciencias, creada a inicios de agosto 2010, que re\u00fane a cient\u00edficos (as) e ingenieros (as) costarricenses que estudian o trabajan en el exterior.&nbsp;&nbsp;La&nbsp;red busca&nbsp;conectarlos con el quehacer cient\u00edfico y tecnol\u00f3gico del pa\u00eds mediante el establecimiento de [&hellip;]","og_url":"https:\/\/www.anc.cr\/en\/ticotal\/","og_site_name":"ANC","article_modified_time":"2024-09-04T19:59:01+00:00","og_image":[{"width":8982,"height":6634,"url":"https:\/\/www.anc.cr\/wp-content\/uploads\/2024\/09\/Logo-TicoTal1.png","type":"image\/png"}],"twitter_card":"summary_large_image","twitter_misc":{"Est. reading time":"1 minute"},"schema":{"@context":"https:\/\/schema.org","@graph":[{"@type":"WebPage","@id":"https:\/\/www.anc.cr\/ticotal\/","url":"https:\/\/www.anc.cr\/ticotal\/","name":"TICOTAL - ANC","isPartOf":{"@id":"https:\/\/www.anc.cr\/#website"},"primaryImageOfPage":{"@id":"https:\/\/www.anc.cr\/ticotal\/#primaryimage"},"image":{"@id":"https:\/\/www.anc.cr\/ticotal\/#primaryimage"},"thumbnailUrl":"https:\/\/www.anc.cr\/wp-content\/uploads\/2024\/09\/Logo-TicoTal1.png","datePublished":"2024-06-25T15:29:53+00:00","dateModified":"2024-09-04T19:59:01+00:00","breadcrumb":{"@id":"https:\/\/www.anc.cr\/ticotal\/#breadcrumb"},"inLanguage":"en-US","potentialAction":[{"@type":"ReadAction","target":["https:\/\/www.anc.cr\/ticotal\/"]}]},{"@type":"ImageObject","inLanguage":"en-US","@id":"https:\/\/www.anc.cr\/ticotal\/#primaryimage","url":"https:\/\/www.anc.cr\/wp-content\/uploads\/2024\/09\/Logo-TicoTal1.png","contentUrl":"https:\/\/www.anc.cr\/wp-content\/uploads\/2024\/09\/Logo-TicoTal1.png","width":8982,"height":6634},{"@type":"BreadcrumbList","@id":"https:\/\/www.anc.cr\/ticotal\/#breadcrumb","itemListElement":[{"@type":"ListItem","position":1,"name":"Portada","item":"https:\/\/www.anc.cr\/"},{"@type":"ListItem","position":2,"name":"TICOTAL"}]},{"@type":"WebSite","@id":"https:\/\/www.anc.cr\/#website","url":"https:\/\/www.anc.cr\/","name":"ANC","description":"Academia Nacional de Ciencias","publisher":{"@id":"https:\/\/www.anc.cr\/#organization"},"potentialAction":[{"@type":"SearchAction","target":{"@type":"EntryPoint","urlTemplate":"https:\/\/www.anc.cr\/?s={search_term_string}"},"query-input":{"@type":"PropertyValueSpecification","valueRequired":true,"valueName":"search_term_string"}}],"inLanguage":"en-US"},{"@type":"Organization","@id":"https:\/\/www.anc.cr\/#organization","name":"ANC","url":"https:\/\/www.anc.cr\/","logo":{"@type":"ImageObject","inLanguage":"en-US","@id":"https:\/\/www.anc.cr\/#\/schema\/logo\/image\/","url":"https:\/\/www.anc.cr\/wp-content\/uploads\/2024\/07\/Logo-ANC-CR.png","contentUrl":"https:\/\/www.anc.cr\/wp-content\/uploads\/2024\/07\/Logo-ANC-CR.png","width":1051,"height":593,"caption":"ANC"},"image":{"@id":"https:\/\/www.anc.cr\/#\/schema\/logo\/image\/"}}]}},"_links":{"self":[{"href":"https:\/\/www.anc.cr\/en\/wp-json\/wp\/v2\/pages\/371","targetHints":{"allow":["GET"]}}],"collection":[{"href":"https:\/\/www.anc.cr\/en\/wp-json\/wp\/v2\/pages"}],"about":[{"href":"https:\/\/www.anc.cr\/en\/wp-json\/wp\/v2\/types\/page"}],"author":[{"embeddable":true,"href":"https:\/\/www.anc.cr\/en\/wp-json\/wp\/v2\/users\/1"}],"replies":[{"embeddable":true,"href":"https:\/\/www.anc.cr\/en\/wp-json\/wp\/v2\/comments?post=371"}],"version-history":[{"count":5,"href":"https:\/\/www.anc.cr\/en\/wp-json\/wp\/v2\/pages\/371\/revisions"}],"predecessor-version":[{"id":1675,"href":"https:\/\/www.anc.cr\/en\/wp-json\/wp\/v2\/pages\/371\/revisions\/1675"}],"wp:featuredmedia":[{"embeddable":true,"href":"https:\/\/www.anc.cr\/en\/wp-json\/wp\/v2\/media\/1672"}],"wp:attachment":[{"href":"https:\/\/www.anc.cr\/en\/wp-json\/wp\/v2\/media?parent=371"}],"curies":[{"name":"wp","href":"https:\/\/api.w.org\/{rel}","templated":true}]}}