{"id":339,"date":"2024-05-19T01:27:45","date_gmt":"2024-05-19T07:27:45","guid":{"rendered":"http:\/\/anc.local\/?page_id=339"},"modified":"2025-12-09T09:57:37","modified_gmt":"2025-12-09T15:57:37","slug":"walter-fernandez-rojas","status":"publish","type":"page","link":"https:\/\/www.anc.cr\/en\/walter-fernandez-rojas\/","title":{"rendered":"Walter Fern\u00e1ndez Rojas"},"content":{"rendered":"<div class=\"wp-block-group alignfull has-global-padding is-layout-constrained wp-container-core-group-is-layout-cb151cc7 wp-block-group-is-layout-constrained\" style=\"margin-top:0;margin-bottom:0;padding-top:0;padding-right:var(--wp--preset--spacing--50);padding-bottom:0;padding-left:var(--wp--preset--spacing--50)\">\n<div class=\"wp-block-columns alignwide are-vertically-aligned-center is-layout-flex wp-container-core-columns-is-layout-47c06fe3 wp-block-columns-is-layout-flex\">\n<div class=\"wp-block-column is-vertically-aligned-center is-layout-flow wp-block-column-is-layout-flow\" style=\"flex-basis:50%\">\n<h2 class=\"wp-block-heading\">Walter Fern\u00e1ndez Rojas<\/h2>\n\n\n\n<p><\/p>\n\n\n\n<ul style=\"line-height:1.75\" class=\"wp-block-list is-style-checkmark-list\">\n<li>Catedr\u00e1tico, Escuela de F\u00edsica, Universidad de Costa Rica, San Jos\u00e9, Costa Rica.<\/li>\n\n\n\n<li>Bachiller,&nbsp; F\u00edsica-Meteorolog\u00eda, Universidad de Costa Rica (1970).<\/li>\n\n\n\n<li>M.Sc., Meteorolog\u00eda, Saint Louis University, U.S.A. (1973).<\/li>\n\n\n\n<li>D.I.C., F\u00edsica (F\u00edsica Atmosf\u00e9rica), Imperial College of Science and Technology University of London, U.K. (1980).<\/li>\n\n\n\n<li>Ph.D., F\u00edsica (F\u00edsica Atmosf\u00e9rica), Imperial College of Science and Technology University of London, U.K. (1980).<\/li>\n<\/ul>\n<\/div>\n\n\n\n<div class=\"wp-block-column is-vertically-aligned-center is-layout-flow wp-block-column-is-layout-flow\" style=\"flex-basis:50%\">\n<figure class=\"wp-block-image aligncenter size-full is-resized is-style-rounded is-style-rounded--1\"><img decoding=\"async\" width=\"398\" height=\"383\" src=\"https:\/\/www.anc.cr\/wp-content\/uploads\/2024\/05\/m_walter-Fern-ndez2-1569969997.png\" alt=\"\" class=\"wp-image-319\" style=\"aspect-ratio:4\/3;object-fit:cover;width:400px\" srcset=\"https:\/\/www.anc.cr\/wp-content\/uploads\/2024\/05\/m_walter-Fern-ndez2-1569969997.png 398w, https:\/\/www.anc.cr\/wp-content\/uploads\/2024\/05\/m_walter-Fern-ndez2-1569969997-300x289.png 300w\" sizes=\"(max-width: 398px) 100vw, 398px\" \/><\/figure>\n<\/div>\n<\/div>\n<\/div>\n\n\n\n<div style=\"height:10px\" aria-hidden=\"true\" class=\"wp-block-spacer\"><\/div>\n\n\n\n<hr class=\"wp-block-separator has-alpha-channel-opacity\"\/>\n\n\n\n<div style=\"height:10px\" aria-hidden=\"true\" class=\"wp-block-spacer\"><\/div>\n\n\n\n<p>Walter Fern\u00e1ndez es Profesor Em\u00e9rito de la Escuela de F\u00edsica de la Universidad de Costa Rica y Acad\u00e9mico de la Academia Nacional de Ciencias, Costa Rica.<\/p>\n\n\n\n<p>Fue Presidente del Consejo Director del Consejo Nacional para Investigaciones Cient\u00edficas y Tecnol\u00f3gicas (Conicit), Presidente de la Academia Nacional de Ciencias (Costa Rica), Presidente del Consejo Directivo del Centro Latinoamericano de F\u00edsica (CLAF), Presidente del Consejo Cient\u00edfico Asesor del Instituto Interamericano para la Investigaci\u00f3n del Cambio Global (IAI), Presidente de la Comisi\u00f3n de Geof\u00edsica del Instituto Panamericano de Geograf\u00eda e Historia (IPGH\/OEA), miembro del Consejo Consultivo de Ciencia y Tecnolog\u00eda del Ministerio de Ciencia y Tecnolog\u00eda (MICIT), Presidente del Colegio de F\u00edsicos, Coordinador del Grupo de Ciencias de la Tierra y del Espacio de la Estrategia Siglo XXI, Miembro de la Junta Directiva de la Comisi\u00f3n Nacional de Energ\u00eda At\u00f3mica de Costa Rica y Miembro de la Comisi\u00f3n de Metrolog\u00eda, Costa Rica.&nbsp;<\/p>\n\n\n\n<p>En la Universidad de Costa Rica fue Director de la Escuela de F\u00edsica, Director del Departamento de F\u00edsica Atmosf\u00e9rica, Oce\u00e1nica y Planetaria de la Escuela de F\u00edsica, Director del Centro de Investigaciones Geof\u00edsicas, Vicedecano de la Facultad de Ciencias, miembro de los Consejos Cient\u00edficos y Consejos Asesores del Centro de Investigaciones Geof\u00edsicas y del Centro de Investigaciones Espaciales y Subdirector del Centro de Investigaci\u00f3n en Contaminaci\u00f3n Ambiental.&nbsp;<\/p>\n\n\n\n<p>Se gradu\u00f3 en F\u00edsica y Meteorolog\u00eda en la Universidad de Costa Rica, obtuvo el grado de M.Sc. en Meteorolog\u00eda en la&nbsp;<em>Saint Louis University<\/em>, Estados Unidos, y el grado de Ph.D. en F\u00edsica Atmosf\u00e9rica y Espacial en la&nbsp;<em>University of London (Imperial College)<\/em>, Reino Unido. Sus principales campos de investigaci\u00f3n son los procesos f\u00edsicos y qu\u00edmicos que ocurren en las atm\u00f3sferas de la Tierra y otros planetas, con \u00e9nfasis en la estructura y din\u00e1mica de nubes y tormentas, aplicacioness de los sat\u00e9lites meteorol\u00f3gicos, variabilidad clim\u00e1tica y cambio global y atm\u00f3sferas planetarias.<\/p>\n\n\n\n<p>Es autor o coautor de m\u00e1s de 70 art\u00edculos de investigaci\u00f3n cient\u00edfica y de cerca de 40 art\u00edculos sobre divulgaci\u00f3n y ense\u00f1anza de la ciencia y sobre temas culturales.<\/p>\n\n\n\n<p>Ha sido revisor de varias revistas cient\u00edficas internacionales y ha participado en la organizaci\u00f3n de muchas actividades cient\u00edficas internacionales.&nbsp;<\/p>\n\n\n\n<p>Adem\u00e1s, ha participado activamente en el desarrollo institucional de la ciencia, habiendo sido uno de los promotores para la creaci\u00f3n del Centro de Investigaciones Geof\u00edsicas, del Programa de Postgrado en F\u00edsica, del Programa de Postgrado en Ciencias de la Atm\u00f3sfera y del Planetario de la Universidad de Costa Rica y de la Academia Nacional de Ciencias, Costa Rica.<\/p>\n\n\n\n<p class=\"has-large-font-size\"><br><strong>Publicaciones representativas:<\/strong><\/p>\n\n\n\n<ul class=\"wp-block-list\">\n<li>L. F. Alvarado y W. Fern\u00e1ndez. \u201cRelaci\u00f3n de las anomal\u00edas clim\u00e1ticas de la Atm\u00f3sfera Libre sobre Costa Rica y la Variabilidad de las Precipitaciones Durante Eventos de El Ni\u00f1o\u201d. T\u00f3picos Meteorol\u00f3gicos y Oceanogr\u00e1ficos, 8(2), 145-157, 2001.<\/li>\n\n\n\n<li>L. F. Alvarado y W. Fern\u00e1ndez. \u201cClimatolog\u00eda de la Atm\u00f3sfera Libre sobre Costa Rica\u201d. T\u00f3picos Meteorol\u00f3gicos y Oceanogr\u00e1ficos, 8(2), 89-115, 2001.<\/li>\n\n\n\n<li>E. F. Campos, W. Fern\u00e1ndez, P. Gol\u00e9, M. Petitdidier y C. Ulbrich. Radar&nbsp; Properties of Tropical Rain Found From Distrometer Data at Costa Rica. Proceeding 30th Internacional Conference on Radar Meteorology. American Meteorological Society, pp. 451-452, 2001.<\/li>\n\n\n\n<li>W. Fern\u00e1ndez. &#8220;Martian Ice Cap-Desert Breeze: A Simulation&#8221;. M.S.&nbsp;&nbsp;&nbsp; Thesis, Saint Louis University, St. Louis, Missouri,&nbsp;&nbsp; (1973).<\/li>\n\n\n\n<li>W. Fern\u00e1ndez. &#8220;Structure and Motion Characteristics of Tropical Cumulonimbus Clouds&#8221;. Ph.D. Thesis, University of London, London, (1980).<\/li>\n\n\n\n<li>W. Fern\u00e1ndez,&nbsp; J. Guti\u00e9rrez,&nbsp; A. C. Mu\u00f1oz y E. Z\u00e1rate. \u201cPotencial de Energ\u00eda E\u00f3lica en Costa Rica\u201d. T\u00f3picos Meteorol\u00f3gicos y Oceanogr\u00e1ficos, 9(1), 29-47, 2002.<\/li>\n\n\n\n<li>W. Fern\u00e1ndez, J. Guti\u00e9rrez, A. C. Mu\u00f1oz y E. Z\u00e1rate. \u201cDistribuci\u00f3n Horaria de la Magnitud del Viento en Costa Rica\u201d. T\u00f3picos Meteorol\u00f3gicos y Oceanogr\u00e1ficos, 9(1), 14-28, 2002.<\/li>\n\n\n\n<li>W. Fern\u00e1ndez,&nbsp; J. Guti\u00e9rrez, C. R. Salinas y E. Z\u00e1rate.&nbsp;&nbsp;&nbsp; \u201cComplejo Convectivo de Mesoescala que Afect\u00f3 la Regi\u00f3n Central de Am\u00e9rica del Sur Durante el 28 y 29 de Enero del 2001\u201d. T\u00f3picos Meteorol\u00f3gicos y Oceanogr\u00e1ficos, 8(2), 75-88, 2001.<\/li>\n\n\n\n<li>W. Fern\u00e1ndez, J. Guti\u00e9rrez, C. R. Salinas y E. Z\u00e1rate. \u201cAn\u00e1lisis de un Sistema Convectivo de Mesoescala que Afect\u00f3 el Paraguay el 3 de Febrero del 2001\u201d. T\u00f3picos Meteorol\u00f3gicos y Oceanogr\u00e1ficos, 8(2), 60-74, 2001.<\/li>\n\n\n\n<li>W. Fern\u00e1ndez, A. C. Mu\u00f1oz, J. Guti\u00e9rrez y E. Z\u00e1rate. \u201cVariaci\u00f3n Estacional del Viento en Costa Rica y su Relaci\u00f3n con los Reg\u00edmenes de Lluvia\u201d. T\u00f3picos Meteorol\u00f3gicos y Oceanogr\u00e1ficos, 9(1), 1-13, 2002.&nbsp;&nbsp;<\/li>\n<\/ul>","protected":false},"excerpt":{"rendered":"<p>Walter Fern\u00e1ndez Rojas Walter Fern\u00e1ndez es Profesor Em\u00e9rito de la Escuela de F\u00edsica de la Universidad de Costa Rica y Acad\u00e9mico de la Academia Nacional de Ciencias, Costa Rica. Fue Presidente del Consejo Director del Consejo Nacional para Investigaciones Cient\u00edficas y Tecnol\u00f3gicas (Conicit), Presidente de la Academia Nacional de Ciencias (Costa Rica), Presidente del Consejo [&hellip;]<\/p>\n","protected":false},"author":1,"featured_media":0,"parent":0,"menu_order":0,"comment_status":"closed","ping_status":"closed","template":"","meta":{"footnotes":""},"class_list":["post-339","page","type-page","status-publish","hentry"],"yoast_head":"<!-- This site is optimized with the Yoast SEO plugin v27.3 - https:\/\/yoast.com\/product\/yoast-seo-wordpress\/ -->\n<title>Walter Fern\u00e1ndez Rojas - ANC<\/title>\n<meta name=\"robots\" content=\"index, follow, max-snippet:-1, max-image-preview:large, max-video-preview:-1\" \/>\n<link rel=\"canonical\" href=\"https:\/\/www.anc.cr\/en\/walter-fernandez-rojas\/\" \/>\n<meta property=\"og:locale\" content=\"en_US\" \/>\n<meta property=\"og:type\" content=\"article\" \/>\n<meta property=\"og:title\" content=\"Walter Fern\u00e1ndez Rojas - ANC\" \/>\n<meta property=\"og:description\" content=\"Walter Fern\u00e1ndez Rojas Walter Fern\u00e1ndez es Profesor Em\u00e9rito de la Escuela de F\u00edsica de la Universidad de Costa Rica y Acad\u00e9mico de la Academia Nacional de Ciencias, Costa Rica. Fue Presidente del Consejo Director del Consejo Nacional para Investigaciones Cient\u00edficas y Tecnol\u00f3gicas (Conicit), Presidente de la Academia Nacional de Ciencias (Costa Rica), Presidente del Consejo [&hellip;]\" \/>\n<meta property=\"og:url\" content=\"https:\/\/www.anc.cr\/en\/walter-fernandez-rojas\/\" \/>\n<meta property=\"og:site_name\" content=\"ANC\" \/>\n<meta property=\"article:modified_time\" content=\"2025-12-09T15:57:37+00:00\" \/>\n<meta property=\"og:image\" content=\"https:\/\/www.anc.cr\/wp-content\/uploads\/2024\/05\/m_walter-Fern-ndez2-1569969997.png\" \/>\n\t<meta property=\"og:image:width\" content=\"398\" \/>\n\t<meta property=\"og:image:height\" content=\"383\" \/>\n\t<meta property=\"og:image:type\" content=\"image\/png\" \/>\n<meta name=\"twitter:card\" content=\"summary_large_image\" \/>\n<meta name=\"twitter:label1\" content=\"Est. reading time\" \/>\n\t<meta name=\"twitter:data1\" content=\"4 minutes\" \/>\n<script type=\"application\/ld+json\" class=\"yoast-schema-graph\">{\"@context\":\"https:\\\/\\\/schema.org\",\"@graph\":[{\"@type\":\"WebPage\",\"@id\":\"https:\\\/\\\/www.anc.cr\\\/walter-fernandez-rojas\\\/\",\"url\":\"https:\\\/\\\/www.anc.cr\\\/walter-fernandez-rojas\\\/\",\"name\":\"Walter Fern\u00e1ndez Rojas - ANC\",\"isPartOf\":{\"@id\":\"https:\\\/\\\/www.anc.cr\\\/#website\"},\"primaryImageOfPage\":{\"@id\":\"https:\\\/\\\/www.anc.cr\\\/walter-fernandez-rojas\\\/#primaryimage\"},\"image\":{\"@id\":\"https:\\\/\\\/www.anc.cr\\\/walter-fernandez-rojas\\\/#primaryimage\"},\"thumbnailUrl\":\"https:\\\/\\\/www.anc.cr\\\/wp-content\\\/uploads\\\/2024\\\/05\\\/m_walter-Fern-ndez2-1569969997.png\",\"datePublished\":\"2024-05-19T07:27:45+00:00\",\"dateModified\":\"2025-12-09T15:57:37+00:00\",\"breadcrumb\":{\"@id\":\"https:\\\/\\\/www.anc.cr\\\/walter-fernandez-rojas\\\/#breadcrumb\"},\"inLanguage\":\"en-US\",\"potentialAction\":[{\"@type\":\"ReadAction\",\"target\":[\"https:\\\/\\\/www.anc.cr\\\/walter-fernandez-rojas\\\/\"]}]},{\"@type\":\"ImageObject\",\"inLanguage\":\"en-US\",\"@id\":\"https:\\\/\\\/www.anc.cr\\\/walter-fernandez-rojas\\\/#primaryimage\",\"url\":\"https:\\\/\\\/www.anc.cr\\\/wp-content\\\/uploads\\\/2024\\\/05\\\/m_walter-Fern-ndez2-1569969997.png\",\"contentUrl\":\"https:\\\/\\\/www.anc.cr\\\/wp-content\\\/uploads\\\/2024\\\/05\\\/m_walter-Fern-ndez2-1569969997.png\"},{\"@type\":\"BreadcrumbList\",\"@id\":\"https:\\\/\\\/www.anc.cr\\\/walter-fernandez-rojas\\\/#breadcrumb\",\"itemListElement\":[{\"@type\":\"ListItem\",\"position\":1,\"name\":\"Portada\",\"item\":\"https:\\\/\\\/www.anc.cr\\\/\"},{\"@type\":\"ListItem\",\"position\":2,\"name\":\"Walter Fern\u00e1ndez Rojas\"}]},{\"@type\":\"WebSite\",\"@id\":\"https:\\\/\\\/www.anc.cr\\\/#website\",\"url\":\"https:\\\/\\\/www.anc.cr\\\/\",\"name\":\"ANC\",\"description\":\"Academia Nacional de Ciencias\",\"publisher\":{\"@id\":\"https:\\\/\\\/www.anc.cr\\\/#organization\"},\"potentialAction\":[{\"@type\":\"SearchAction\",\"target\":{\"@type\":\"EntryPoint\",\"urlTemplate\":\"https:\\\/\\\/www.anc.cr\\\/?s={search_term_string}\"},\"query-input\":{\"@type\":\"PropertyValueSpecification\",\"valueRequired\":true,\"valueName\":\"search_term_string\"}}],\"inLanguage\":\"en-US\"},{\"@type\":\"Organization\",\"@id\":\"https:\\\/\\\/www.anc.cr\\\/#organization\",\"name\":\"ANC\",\"url\":\"https:\\\/\\\/www.anc.cr\\\/\",\"logo\":{\"@type\":\"ImageObject\",\"inLanguage\":\"en-US\",\"@id\":\"https:\\\/\\\/www.anc.cr\\\/#\\\/schema\\\/logo\\\/image\\\/\",\"url\":\"https:\\\/\\\/www.anc.cr\\\/wp-content\\\/uploads\\\/2024\\\/07\\\/Logo-ANC-CR.png\",\"contentUrl\":\"https:\\\/\\\/www.anc.cr\\\/wp-content\\\/uploads\\\/2024\\\/07\\\/Logo-ANC-CR.png\",\"width\":1051,\"height\":593,\"caption\":\"ANC\"},\"image\":{\"@id\":\"https:\\\/\\\/www.anc.cr\\\/#\\\/schema\\\/logo\\\/image\\\/\"}}]}<\/script>\n<!-- \/ Yoast SEO plugin. -->","yoast_head_json":{"title":"Walter Fern\u00e1ndez Rojas - ANC","robots":{"index":"index","follow":"follow","max-snippet":"max-snippet:-1","max-image-preview":"max-image-preview:large","max-video-preview":"max-video-preview:-1"},"canonical":"https:\/\/www.anc.cr\/en\/walter-fernandez-rojas\/","og_locale":"en_US","og_type":"article","og_title":"Walter Fern\u00e1ndez Rojas - ANC","og_description":"Walter Fern\u00e1ndez Rojas Walter Fern\u00e1ndez es Profesor Em\u00e9rito de la Escuela de F\u00edsica de la Universidad de Costa Rica y Acad\u00e9mico de la Academia Nacional de Ciencias, Costa Rica. Fue Presidente del Consejo Director del Consejo Nacional para Investigaciones Cient\u00edficas y Tecnol\u00f3gicas (Conicit), Presidente de la Academia Nacional de Ciencias (Costa Rica), Presidente del Consejo [&hellip;]","og_url":"https:\/\/www.anc.cr\/en\/walter-fernandez-rojas\/","og_site_name":"ANC","article_modified_time":"2025-12-09T15:57:37+00:00","og_image":[{"width":398,"height":383,"url":"https:\/\/www.anc.cr\/wp-content\/uploads\/2024\/05\/m_walter-Fern-ndez2-1569969997.png","type":"image\/png"}],"twitter_card":"summary_large_image","twitter_misc":{"Est. reading time":"4 minutes"},"schema":{"@context":"https:\/\/schema.org","@graph":[{"@type":"WebPage","@id":"https:\/\/www.anc.cr\/walter-fernandez-rojas\/","url":"https:\/\/www.anc.cr\/walter-fernandez-rojas\/","name":"Walter Fern\u00e1ndez Rojas - ANC","isPartOf":{"@id":"https:\/\/www.anc.cr\/#website"},"primaryImageOfPage":{"@id":"https:\/\/www.anc.cr\/walter-fernandez-rojas\/#primaryimage"},"image":{"@id":"https:\/\/www.anc.cr\/walter-fernandez-rojas\/#primaryimage"},"thumbnailUrl":"https:\/\/www.anc.cr\/wp-content\/uploads\/2024\/05\/m_walter-Fern-ndez2-1569969997.png","datePublished":"2024-05-19T07:27:45+00:00","dateModified":"2025-12-09T15:57:37+00:00","breadcrumb":{"@id":"https:\/\/www.anc.cr\/walter-fernandez-rojas\/#breadcrumb"},"inLanguage":"en-US","potentialAction":[{"@type":"ReadAction","target":["https:\/\/www.anc.cr\/walter-fernandez-rojas\/"]}]},{"@type":"ImageObject","inLanguage":"en-US","@id":"https:\/\/www.anc.cr\/walter-fernandez-rojas\/#primaryimage","url":"https:\/\/www.anc.cr\/wp-content\/uploads\/2024\/05\/m_walter-Fern-ndez2-1569969997.png","contentUrl":"https:\/\/www.anc.cr\/wp-content\/uploads\/2024\/05\/m_walter-Fern-ndez2-1569969997.png"},{"@type":"BreadcrumbList","@id":"https:\/\/www.anc.cr\/walter-fernandez-rojas\/#breadcrumb","itemListElement":[{"@type":"ListItem","position":1,"name":"Portada","item":"https:\/\/www.anc.cr\/"},{"@type":"ListItem","position":2,"name":"Walter Fern\u00e1ndez Rojas"}]},{"@type":"WebSite","@id":"https:\/\/www.anc.cr\/#website","url":"https:\/\/www.anc.cr\/","name":"ANC","description":"Academia Nacional de Ciencias","publisher":{"@id":"https:\/\/www.anc.cr\/#organization"},"potentialAction":[{"@type":"SearchAction","target":{"@type":"EntryPoint","urlTemplate":"https:\/\/www.anc.cr\/?s={search_term_string}"},"query-input":{"@type":"PropertyValueSpecification","valueRequired":true,"valueName":"search_term_string"}}],"inLanguage":"en-US"},{"@type":"Organization","@id":"https:\/\/www.anc.cr\/#organization","name":"ANC","url":"https:\/\/www.anc.cr\/","logo":{"@type":"ImageObject","inLanguage":"en-US","@id":"https:\/\/www.anc.cr\/#\/schema\/logo\/image\/","url":"https:\/\/www.anc.cr\/wp-content\/uploads\/2024\/07\/Logo-ANC-CR.png","contentUrl":"https:\/\/www.anc.cr\/wp-content\/uploads\/2024\/07\/Logo-ANC-CR.png","width":1051,"height":593,"caption":"ANC"},"image":{"@id":"https:\/\/www.anc.cr\/#\/schema\/logo\/image\/"}}]}},"_links":{"self":[{"href":"https:\/\/www.anc.cr\/en\/wp-json\/wp\/v2\/pages\/339","targetHints":{"allow":["GET"]}}],"collection":[{"href":"https:\/\/www.anc.cr\/en\/wp-json\/wp\/v2\/pages"}],"about":[{"href":"https:\/\/www.anc.cr\/en\/wp-json\/wp\/v2\/types\/page"}],"author":[{"embeddable":true,"href":"https:\/\/www.anc.cr\/en\/wp-json\/wp\/v2\/users\/1"}],"replies":[{"embeddable":true,"href":"https:\/\/www.anc.cr\/en\/wp-json\/wp\/v2\/comments?post=339"}],"version-history":[{"count":6,"href":"https:\/\/www.anc.cr\/en\/wp-json\/wp\/v2\/pages\/339\/revisions"}],"predecessor-version":[{"id":2773,"href":"https:\/\/www.anc.cr\/en\/wp-json\/wp\/v2\/pages\/339\/revisions\/2773"}],"wp:attachment":[{"href":"https:\/\/www.anc.cr\/en\/wp-json\/wp\/v2\/media?parent=339"}],"curies":[{"name":"wp","href":"https:\/\/api.w.org\/{rel}","templated":true}]}}