{"id":332,"date":"2024-05-19T01:20:22","date_gmt":"2024-05-19T07:20:22","guid":{"rendered":"http:\/\/anc.local\/?page_id=332"},"modified":"2024-07-09T05:07:58","modified_gmt":"2024-07-09T11:07:58","slug":"pedro-leon-azofeifa","status":"publish","type":"page","link":"https:\/\/www.anc.cr\/en\/pedro-leon-azofeifa\/","title":{"rendered":"Pedro Le\u00f3n Azofeifa"},"content":{"rendered":"\n<div class=\"wp-block-group alignfull has-global-padding is-layout-constrained wp-container-core-group-is-layout-cb151cc7 wp-block-group-is-layout-constrained\" style=\"margin-top:0;margin-bottom:0;padding-top:0;padding-right:var(--wp--preset--spacing--50);padding-bottom:0;padding-left:var(--wp--preset--spacing--50)\">\n<div class=\"wp-block-columns alignwide are-vertically-aligned-center is-layout-flex wp-container-core-columns-is-layout-47c06fe3 wp-block-columns-is-layout-flex\">\n<div class=\"wp-block-column is-vertically-aligned-center is-layout-flow wp-block-column-is-layout-flow\" style=\"flex-basis:50%\">\n<h3 class=\"wp-block-heading has-x-large-font-size\">Pedro Le\u00f3n Azofeifa<\/h3>\n\n\n\n<p>Acad\u00e9mico de N\u00famero<\/p>\n\n\n\n<ul class=\"wp-block-list\">\n<li>Catedr\u00e1tico, Universidad de Costa Rica, San Jos\u00e9, Costa Rica.<\/li>\n\n\n\n<li>Bachiller en Biolog\u00eda y Qu\u00edmica, Universidad de Baylor, E.E.U.U. (1966).<\/li>\n\n\n\n<li>Lic. en Biolog\u00eda marina, Universidad de Costa Rica (1970).<\/li>\n\n\n\n<li>Ph.D. en Biolog\u00eda molecular, Universidad de Oregon, E.E.U.U.\u00a0 (1974).<\/li>\n<\/ul>\n<\/div>\n\n\n\n<div class=\"wp-block-column is-vertically-aligned-center is-layout-flow wp-block-column-is-layout-flow\" style=\"flex-basis:50%\"><figure style=\"width:500px;height:500px;\" class=\"wp-block-post-featured-image\"><img decoding=\"async\" width=\"258\" height=\"258\" src=\"https:\/\/www.anc.cr\/wp-content\/uploads\/2024\/05\/m_Pedro-Le-n-1569968613.png\" class=\"attachment-post-thumbnail size-post-thumbnail wp-post-image\" alt=\"\" style=\"height:500px;object-fit:cover;\" srcset=\"https:\/\/www.anc.cr\/wp-content\/uploads\/2024\/05\/m_Pedro-Le-n-1569968613.png 258w, https:\/\/www.anc.cr\/wp-content\/uploads\/2024\/05\/m_Pedro-Le-n-1569968613-150x150.png 150w\" sizes=\"(max-width: 258px) 100vw, 258px\" \/><\/figure><\/div>\n<\/div>\n<\/div>\n\n\n\n<div style=\"height:10px\" aria-hidden=\"true\" class=\"wp-block-spacer\"><\/div>\n\n\n\n<hr class=\"wp-block-separator has-alpha-channel-opacity\"\/>\n\n\n\n<div style=\"height:10px\" aria-hidden=\"true\" class=\"wp-block-spacer\"><\/div>\n\n\n\n<p>Pedro Le\u00f3n coordin\u00f3 proyectos de gran relevancia cient\u00edfica y social relacionados con el an\u00e1lisis gen\u00e9tico de enfermedades humanas. Uno de sus m\u00e1s notables logros en conjunto con un equipo de trabajo interdisciplinario fue el descubrimiento del gen que produce la sordera de la familia Monge en Cartago. Tambi\u00e9n, investiga el gen que produce la enfermedad maniaco depresiva en una familia costarricense. Adem\u00e1s, junto con Rodrigo G\u00e1mez, particip\u00f3 en el estudio molecular de un virus del ma\u00edz y recientemente estudia la gen\u00e9tica de las salamandras y los onic\u00f3foros, as\u00ed como los genes que est\u00e1n presentes en la formaci\u00f3n de los embriones.<br><br>Obtuvo una beca de la Fundaci\u00f3n Guggenhein para el a\u00f1o sab\u00e1tico en la Universidad de California y la beca del Instituto Smithsoniano en Washington para estudios de medicina experimental. Particip\u00f3 en la creaci\u00f3n del Centro de Investigaci\u00f3n en Biolog\u00eda Celular y Molecular (CIBCM) de la Universidad de Costa Rica, del que posteriormente fue su director. Adem\u00e1s, ha asumido los siguientes cargos: Presidencia del Colegio de Bi\u00f3logos (1978-1980), Director del Centro Nacional de Alta Tecnolog\u00eda (CENAT), Presidente de la Junta Directiva del Centro de Amigos Cu\u00e1quero por la Paz en San Jos\u00e9 (1984-1988), Presidente de la Fundaci\u00f3n CAATEC, Fundador y Presidente de la Fundaci\u00f3n de Parques Nacionales (1985-1991), de la Comisi\u00f3n Nacional de Biotecnolog\u00eda y Presidente de la Organizaci\u00f3n de Estudios Tropicales (1998-2004). Es Miembro del Centro Cient\u00edfico Tropical, del Centro de Derecho Ambiental, de la Junta de Patrocinadores del Instituto de Biodiversidad, de la Academia Nacional de Ciencias de Costa Rica (1992 al presente), de la National Academy of Science (NAS) de los Estados Unidos (2005) y del Consejo Directivo de la Universidad EARTH. Es nombrado Profesor invitado en la Universidad de Lousiana (1986), Profesor visitante en la Universidad Berkeley de California (1988, 1991 y 1992) y Catedr\u00e1tico de la Universidad de Costa Rica donde inici\u00f3 su experiencia acad\u00e9mica como asistente en 1967 y tras su labor como docente, presta servicios como Miembro del Sistema de Estudios de Postgrado de Biom\u00e9dicas y Microbiolog\u00eda, e integra la Comisi\u00f3n T\u00e9cnica de la Unidad de Microscopia Electr\u00f3nica. Le otorgan el Premio George Bush (1994) por parte del Instituto Smithsonian, el Premio Ancora en Ciencias (1997), un reconocimiento de la Academia del Tercer Mundo (TWAS) (2006), por sus aportes a la biolog\u00eda, y lo declaran \u201cCiudadano Distinguido\u201d (2005) por el Instituto de Cultura Hispana.<\/p>\n\n\n\n<h3 class=\"wp-block-heading\">Publicaciones representativas:<\/h3>\n\n\n\n<ul class=\"wp-block-list\">\n<li>Busse A, S\u00e1nchez MA, Monterroso V, Alvarado MV y Le\u00f3n, PE. (2004). \u201cA severe form of amyloidotic polyneuropathy in a Cost Rican family due to a rare transthyretin mutation (Glu54Lys)\u201d. American Journal of Medical Genetics 9999:1-5.<\/li>\n\n\n\n<li>Carvajal-Carmona, LG, Ophoff, R., Service, S., Hariala, J., Molina, J. Le\u00f3n, P., Ospina, J. Bedoya, G., Freimer, N. and Ruiz-Linares, A. (2003). \u201cGenetic demography of Antioquia (Colombia) and the Central Valley of Costa Rica\u201d. Human Genetics 8: 1-11.<\/li>\n\n\n\n<li>Le\u00f3n Azofeifa, Pedro. Ecolog\u00eda de la ictiofauna del Golfo de Nicoya, Costa Rica, con datos sobre la biolog\u00eda de algunas especies de Sciaenidae&#8221;. San Jos\u00e9: [s.n.], 1970. (C.R. 574.92 L579e).<\/li>\n\n\n\n<li>Le\u00f3n Azofeifa, Pedro. Elementos de biolog\u00eda general. San Jos\u00e9: EUNED, 1979. 136 p. (C.R. 574.07 L579e).<\/li>\n\n\n\n<li>Le\u00f3n Azofeifa, Pedro y otros. &#8220;Caracterizaci\u00f3n de una sordera hereditaria de transmisi\u00f3n dominante, autos\u00f3nica y de expresi\u00f3n tard\u00eda&#8221;. Acta m\u00e9dica costarricense. 24(1):51-58, enero, 1981. (H 610.5 A183a C.R.).<\/li>\n\n\n\n<li>Le\u00f3n Azofeifa, Pedro. Ciencias 9: texto. San Jos\u00e9: Editorial de la Universidad de Costa Rica: PROMECE : Ministerio de Educaci\u00f3n P\u00fablica, 1997. 224 p. (C.R. 507 L579c IX).<\/li>\n\n\n\n<li>Le\u00f3n Azofeifa, Pedro. &#8220;Bioseguridad en la utilizaci\u00f3n de cultivos gen\u00e9ticamente modificados&#8221;. Ciencias ambientales. (13):18-22, noviembre, 1997. (H 600 C569c C.R.).<\/li>\n\n\n\n<li>Le\u00f3n Azofeifa, Pedro. &#8220;Impacto de la genealog\u00eda en los estudios gen\u00e9ticos&#8221;. Revista de la Academia Costarricense de Ciencias Geneal\u00f3gicas. (38):127-137, noviembre, 2000. (H 929.105 R454r C.R.).<\/li>\n\n\n\n<li>Mathews C, Reus, VI, Bejarano J, Escamilla MA, Fournier E, Herrera LD, Lowe TL, McInnes LA, Molina J, Ophoff RA, Raventos H, Sandkuijl LA, Service SK, Spesny M, Le\u00f3n PE &amp; NB Freimer. (2004). \u201cGenetic studies of neuropsychiatric disorders in Costa Rica: a model for the use of isolated populations\u201d. Psychiatric Genetics 14 (1):.<\/li>\n\n\n\n<li>Mora, Marielos; Herrera, Alvaro; Le\u00f3n Azofeifa, Pedro. &#8220;An\u00e1lisis electrofor\u00e9tico de las secreciones adhesivas de onic\u00f3foros del g\u00e9nero epiperipatus (Onychophora: Peripatidae)&#8221;. Revista de biolog\u00eda tropical. 44(1):147-152, abril, 1996. (H 570.5 R454r C.R.).<\/li>\n\n\n\n<li>Rojas, Eugenia; Lobo, Jorge; Le\u00f3n Azofeifa, Pedro. &#8220;An\u00e1lisis de doce marcadores polim\u00f3rficos en el ADN de una muestra poblacional del Valle Central costarricense&#8221;. Acta m\u00e9dica costarricense. 41(3):9-14, setiembre, 1999. (H 610.5 A183a C.R.).<\/li>\n<\/ul>\n","protected":false},"excerpt":{"rendered":"<p>Pedro Le\u00f3n Azofeifa Acad\u00e9mico de N\u00famero Pedro Le\u00f3n coordin\u00f3 proyectos de gran relevancia cient\u00edfica y social relacionados con el an\u00e1lisis gen\u00e9tico de enfermedades humanas. Uno de sus m\u00e1s notables logros en conjunto con un equipo de trabajo interdisciplinario fue el descubrimiento del gen que produce la sordera de la familia Monge en Cartago. Tambi\u00e9n, investiga [&hellip;]<\/p>\n","protected":false},"author":1,"featured_media":318,"parent":0,"menu_order":0,"comment_status":"closed","ping_status":"closed","template":"","meta":{"footnotes":""},"class_list":["post-332","page","type-page","status-publish","has-post-thumbnail","hentry"],"yoast_head":"<!-- This site is optimized with the Yoast SEO plugin v27.3 - https:\/\/yoast.com\/product\/yoast-seo-wordpress\/ -->\n<title>Pedro Le\u00f3n Azofeifa - ANC<\/title>\n<meta name=\"robots\" content=\"index, follow, max-snippet:-1, max-image-preview:large, max-video-preview:-1\" \/>\n<link rel=\"canonical\" href=\"https:\/\/www.anc.cr\/en\/pedro-leon-azofeifa\/\" \/>\n<meta property=\"og:locale\" content=\"en_US\" \/>\n<meta property=\"og:type\" content=\"article\" \/>\n<meta property=\"og:title\" content=\"Pedro Le\u00f3n Azofeifa - ANC\" \/>\n<meta property=\"og:description\" content=\"Pedro Le\u00f3n Azofeifa Acad\u00e9mico de N\u00famero Pedro Le\u00f3n coordin\u00f3 proyectos de gran relevancia cient\u00edfica y social relacionados con el an\u00e1lisis gen\u00e9tico de enfermedades humanas. Uno de sus m\u00e1s notables logros en conjunto con un equipo de trabajo interdisciplinario fue el descubrimiento del gen que produce la sordera de la familia Monge en Cartago. Tambi\u00e9n, investiga [&hellip;]\" \/>\n<meta property=\"og:url\" content=\"https:\/\/www.anc.cr\/en\/pedro-leon-azofeifa\/\" \/>\n<meta property=\"og:site_name\" content=\"ANC\" \/>\n<meta property=\"article:modified_time\" content=\"2024-07-09T11:07:58+00:00\" \/>\n<meta property=\"og:image\" content=\"https:\/\/www.anc.cr\/wp-content\/uploads\/2024\/05\/m_Pedro-Le-n-1569968613.png\" \/>\n\t<meta property=\"og:image:width\" content=\"258\" \/>\n\t<meta property=\"og:image:height\" content=\"258\" \/>\n\t<meta property=\"og:image:type\" content=\"image\/png\" \/>\n<meta name=\"twitter:card\" content=\"summary_large_image\" \/>\n<meta name=\"twitter:label1\" content=\"Est. reading time\" \/>\n\t<meta name=\"twitter:data1\" content=\"4 minutes\" \/>\n<script type=\"application\/ld+json\" class=\"yoast-schema-graph\">{\"@context\":\"https:\\\/\\\/schema.org\",\"@graph\":[{\"@type\":\"WebPage\",\"@id\":\"https:\\\/\\\/www.anc.cr\\\/pedro-leon-azofeifa\\\/\",\"url\":\"https:\\\/\\\/www.anc.cr\\\/pedro-leon-azofeifa\\\/\",\"name\":\"Pedro Le\u00f3n Azofeifa - ANC\",\"isPartOf\":{\"@id\":\"https:\\\/\\\/www.anc.cr\\\/#website\"},\"primaryImageOfPage\":{\"@id\":\"https:\\\/\\\/www.anc.cr\\\/pedro-leon-azofeifa\\\/#primaryimage\"},\"image\":{\"@id\":\"https:\\\/\\\/www.anc.cr\\\/pedro-leon-azofeifa\\\/#primaryimage\"},\"thumbnailUrl\":\"https:\\\/\\\/www.anc.cr\\\/wp-content\\\/uploads\\\/2024\\\/05\\\/m_Pedro-Le-n-1569968613.png\",\"datePublished\":\"2024-05-19T07:20:22+00:00\",\"dateModified\":\"2024-07-09T11:07:58+00:00\",\"breadcrumb\":{\"@id\":\"https:\\\/\\\/www.anc.cr\\\/pedro-leon-azofeifa\\\/#breadcrumb\"},\"inLanguage\":\"en-US\",\"potentialAction\":[{\"@type\":\"ReadAction\",\"target\":[\"https:\\\/\\\/www.anc.cr\\\/pedro-leon-azofeifa\\\/\"]}]},{\"@type\":\"ImageObject\",\"inLanguage\":\"en-US\",\"@id\":\"https:\\\/\\\/www.anc.cr\\\/pedro-leon-azofeifa\\\/#primaryimage\",\"url\":\"https:\\\/\\\/www.anc.cr\\\/wp-content\\\/uploads\\\/2024\\\/05\\\/m_Pedro-Le-n-1569968613.png\",\"contentUrl\":\"https:\\\/\\\/www.anc.cr\\\/wp-content\\\/uploads\\\/2024\\\/05\\\/m_Pedro-Le-n-1569968613.png\",\"width\":258,\"height\":258},{\"@type\":\"BreadcrumbList\",\"@id\":\"https:\\\/\\\/www.anc.cr\\\/pedro-leon-azofeifa\\\/#breadcrumb\",\"itemListElement\":[{\"@type\":\"ListItem\",\"position\":1,\"name\":\"Portada\",\"item\":\"https:\\\/\\\/www.anc.cr\\\/\"},{\"@type\":\"ListItem\",\"position\":2,\"name\":\"Pedro Le\u00f3n Azofeifa\"}]},{\"@type\":\"WebSite\",\"@id\":\"https:\\\/\\\/www.anc.cr\\\/#website\",\"url\":\"https:\\\/\\\/www.anc.cr\\\/\",\"name\":\"ANC\",\"description\":\"Academia Nacional de Ciencias\",\"publisher\":{\"@id\":\"https:\\\/\\\/www.anc.cr\\\/#organization\"},\"potentialAction\":[{\"@type\":\"SearchAction\",\"target\":{\"@type\":\"EntryPoint\",\"urlTemplate\":\"https:\\\/\\\/www.anc.cr\\\/?s={search_term_string}\"},\"query-input\":{\"@type\":\"PropertyValueSpecification\",\"valueRequired\":true,\"valueName\":\"search_term_string\"}}],\"inLanguage\":\"en-US\"},{\"@type\":\"Organization\",\"@id\":\"https:\\\/\\\/www.anc.cr\\\/#organization\",\"name\":\"ANC\",\"url\":\"https:\\\/\\\/www.anc.cr\\\/\",\"logo\":{\"@type\":\"ImageObject\",\"inLanguage\":\"en-US\",\"@id\":\"https:\\\/\\\/www.anc.cr\\\/#\\\/schema\\\/logo\\\/image\\\/\",\"url\":\"https:\\\/\\\/www.anc.cr\\\/wp-content\\\/uploads\\\/2024\\\/07\\\/Logo-ANC-CR.png\",\"contentUrl\":\"https:\\\/\\\/www.anc.cr\\\/wp-content\\\/uploads\\\/2024\\\/07\\\/Logo-ANC-CR.png\",\"width\":1051,\"height\":593,\"caption\":\"ANC\"},\"image\":{\"@id\":\"https:\\\/\\\/www.anc.cr\\\/#\\\/schema\\\/logo\\\/image\\\/\"}}]}<\/script>\n<!-- \/ Yoast SEO plugin. -->","yoast_head_json":{"title":"Pedro Le\u00f3n Azofeifa - ANC","robots":{"index":"index","follow":"follow","max-snippet":"max-snippet:-1","max-image-preview":"max-image-preview:large","max-video-preview":"max-video-preview:-1"},"canonical":"https:\/\/www.anc.cr\/en\/pedro-leon-azofeifa\/","og_locale":"en_US","og_type":"article","og_title":"Pedro Le\u00f3n Azofeifa - ANC","og_description":"Pedro Le\u00f3n Azofeifa Acad\u00e9mico de N\u00famero Pedro Le\u00f3n coordin\u00f3 proyectos de gran relevancia cient\u00edfica y social relacionados con el an\u00e1lisis gen\u00e9tico de enfermedades humanas. Uno de sus m\u00e1s notables logros en conjunto con un equipo de trabajo interdisciplinario fue el descubrimiento del gen que produce la sordera de la familia Monge en Cartago. Tambi\u00e9n, investiga [&hellip;]","og_url":"https:\/\/www.anc.cr\/en\/pedro-leon-azofeifa\/","og_site_name":"ANC","article_modified_time":"2024-07-09T11:07:58+00:00","og_image":[{"width":258,"height":258,"url":"https:\/\/www.anc.cr\/wp-content\/uploads\/2024\/05\/m_Pedro-Le-n-1569968613.png","type":"image\/png"}],"twitter_card":"summary_large_image","twitter_misc":{"Est. reading time":"4 minutes"},"schema":{"@context":"https:\/\/schema.org","@graph":[{"@type":"WebPage","@id":"https:\/\/www.anc.cr\/pedro-leon-azofeifa\/","url":"https:\/\/www.anc.cr\/pedro-leon-azofeifa\/","name":"Pedro Le\u00f3n Azofeifa - ANC","isPartOf":{"@id":"https:\/\/www.anc.cr\/#website"},"primaryImageOfPage":{"@id":"https:\/\/www.anc.cr\/pedro-leon-azofeifa\/#primaryimage"},"image":{"@id":"https:\/\/www.anc.cr\/pedro-leon-azofeifa\/#primaryimage"},"thumbnailUrl":"https:\/\/www.anc.cr\/wp-content\/uploads\/2024\/05\/m_Pedro-Le-n-1569968613.png","datePublished":"2024-05-19T07:20:22+00:00","dateModified":"2024-07-09T11:07:58+00:00","breadcrumb":{"@id":"https:\/\/www.anc.cr\/pedro-leon-azofeifa\/#breadcrumb"},"inLanguage":"en-US","potentialAction":[{"@type":"ReadAction","target":["https:\/\/www.anc.cr\/pedro-leon-azofeifa\/"]}]},{"@type":"ImageObject","inLanguage":"en-US","@id":"https:\/\/www.anc.cr\/pedro-leon-azofeifa\/#primaryimage","url":"https:\/\/www.anc.cr\/wp-content\/uploads\/2024\/05\/m_Pedro-Le-n-1569968613.png","contentUrl":"https:\/\/www.anc.cr\/wp-content\/uploads\/2024\/05\/m_Pedro-Le-n-1569968613.png","width":258,"height":258},{"@type":"BreadcrumbList","@id":"https:\/\/www.anc.cr\/pedro-leon-azofeifa\/#breadcrumb","itemListElement":[{"@type":"ListItem","position":1,"name":"Portada","item":"https:\/\/www.anc.cr\/"},{"@type":"ListItem","position":2,"name":"Pedro Le\u00f3n Azofeifa"}]},{"@type":"WebSite","@id":"https:\/\/www.anc.cr\/#website","url":"https:\/\/www.anc.cr\/","name":"ANC","description":"Academia Nacional de Ciencias","publisher":{"@id":"https:\/\/www.anc.cr\/#organization"},"potentialAction":[{"@type":"SearchAction","target":{"@type":"EntryPoint","urlTemplate":"https:\/\/www.anc.cr\/?s={search_term_string}"},"query-input":{"@type":"PropertyValueSpecification","valueRequired":true,"valueName":"search_term_string"}}],"inLanguage":"en-US"},{"@type":"Organization","@id":"https:\/\/www.anc.cr\/#organization","name":"ANC","url":"https:\/\/www.anc.cr\/","logo":{"@type":"ImageObject","inLanguage":"en-US","@id":"https:\/\/www.anc.cr\/#\/schema\/logo\/image\/","url":"https:\/\/www.anc.cr\/wp-content\/uploads\/2024\/07\/Logo-ANC-CR.png","contentUrl":"https:\/\/www.anc.cr\/wp-content\/uploads\/2024\/07\/Logo-ANC-CR.png","width":1051,"height":593,"caption":"ANC"},"image":{"@id":"https:\/\/www.anc.cr\/#\/schema\/logo\/image\/"}}]}},"_links":{"self":[{"href":"https:\/\/www.anc.cr\/en\/wp-json\/wp\/v2\/pages\/332","targetHints":{"allow":["GET"]}}],"collection":[{"href":"https:\/\/www.anc.cr\/en\/wp-json\/wp\/v2\/pages"}],"about":[{"href":"https:\/\/www.anc.cr\/en\/wp-json\/wp\/v2\/types\/page"}],"author":[{"embeddable":true,"href":"https:\/\/www.anc.cr\/en\/wp-json\/wp\/v2\/users\/1"}],"replies":[{"embeddable":true,"href":"https:\/\/www.anc.cr\/en\/wp-json\/wp\/v2\/comments?post=332"}],"version-history":[{"count":6,"href":"https:\/\/www.anc.cr\/en\/wp-json\/wp\/v2\/pages\/332\/revisions"}],"predecessor-version":[{"id":604,"href":"https:\/\/www.anc.cr\/en\/wp-json\/wp\/v2\/pages\/332\/revisions\/604"}],"wp:featuredmedia":[{"embeddable":true,"href":"https:\/\/www.anc.cr\/en\/wp-json\/wp\/v2\/media\/318"}],"wp:attachment":[{"href":"https:\/\/www.anc.cr\/en\/wp-json\/wp\/v2\/media?parent=332"}],"curies":[{"name":"wp","href":"https:\/\/api.w.org\/{rel}","templated":true}]}}