{"id":2829,"date":"2026-01-13T11:13:01","date_gmt":"2026-01-13T17:13:01","guid":{"rendered":"https:\/\/www.anc.cr\/?page_id=2829"},"modified":"2026-01-13T11:13:21","modified_gmt":"2026-01-13T17:13:21","slug":"luis-rosero-bixby","status":"publish","type":"page","link":"https:\/\/www.anc.cr\/en\/luis-rosero-bixby\/","title":{"rendered":"Luis Rosero Bixby"},"content":{"rendered":"<div class=\"wp-block-group alignfull has-global-padding is-layout-constrained wp-container-core-group-is-layout-cb151cc7 wp-block-group-is-layout-constrained\" style=\"margin-top:0;margin-bottom:0;padding-top:0;padding-right:var(--wp--preset--spacing--50);padding-bottom:0;padding-left:var(--wp--preset--spacing--50)\">\n<div class=\"wp-block-columns alignwide are-vertically-aligned-center is-layout-flex wp-container-core-columns-is-layout-47c06fe3 wp-block-columns-is-layout-flex\">\n<div class=\"wp-block-column is-vertically-aligned-center is-layout-flow wp-block-column-is-layout-flow\" style=\"flex-basis:50%\">\n<h2 class=\"wp-block-heading\">Luis Rosero Bixby<\/h2>\n\n\n\n<p>Acad\u00e9mico de N\u00famero<\/p>\n\n\n\n<ul class=\"wp-block-list\">\n<li>Profesor Em\u00e9rito, Universidad de Costa Rica.<\/li>\n\n\n\n<li>Miembro Extranjero, Academia Nacional de Ciencias de los Estados Unidos<\/li>\n\n\n\n<li>Investigador Asociado, Centro de Estudios de la Demograf\u00eda y Econom\u00eda del Envejecimiento (CEDA), Universidad de California Berkeley.<\/li>\n\n\n\n<li>MPH (M\u00e1ster en Salud P\u00fablica) y PhD en Planificaci\u00f3n de la Poblaci\u00f3n, Universidad de Michigan, Ann Arbor.<\/li>\n<\/ul>\n<\/div>\n\n\n\n<div class=\"wp-block-column is-vertically-aligned-center is-layout-flow wp-block-column-is-layout-flow\" style=\"flex-basis:50%\"><figure style=\"width:500px;height:500px;\" class=\"wp-block-post-featured-image\"><img decoding=\"async\" width=\"400\" height=\"400\" src=\"https:\/\/www.anc.cr\/wp-content\/uploads\/2026\/01\/image-22.png\" class=\"attachment-post-thumbnail size-post-thumbnail wp-post-image\" alt=\"\" style=\"height:500px;object-fit:cover;\" srcset=\"https:\/\/www.anc.cr\/wp-content\/uploads\/2026\/01\/image-22.png 400w, https:\/\/www.anc.cr\/wp-content\/uploads\/2026\/01\/image-22-300x300.png 300w, https:\/\/www.anc.cr\/wp-content\/uploads\/2026\/01\/image-22-150x150.png 150w, https:\/\/www.anc.cr\/wp-content\/uploads\/2026\/01\/image-22-12x12.png 12w\" sizes=\"(max-width: 400px) 100vw, 400px\" \/><\/figure><\/div>\n<\/div>\n<\/div>\n\n\n\n<div style=\"height:10px\" aria-hidden=\"true\" class=\"wp-block-spacer\"><\/div>\n\n\n\n<hr class=\"wp-block-separator has-alpha-channel-opacity\"\/>\n\n\n\n<div style=\"height:15px\" aria-hidden=\"true\" class=\"wp-block-spacer\"><\/div>\n\n\n\n<p>Luis Rosero ha ocupado los siguientes cargos: Profesor y Catedr\u00e1tico, Universidad de Costa Rica (1977-2012), Investigador Prometeo, SENESCYT, Quito, Ecuador (2011-12), Population Officer, United nations Population division, New York (2011-11), Director y fundador, Centro Centroamericano de Poblaci\u00f3n, UCR (2001-09), Bernard Berelson Fellow, Population Council, New York (2000-01), Research Staff Member, Office of Population Research, Princeton University (1994-96), Experto Dem\u00f3grafo, CEPAL-CELADE, Costa Rica (1992-93), Dem\u00f3grafo, Asociaci\u00f3n Demogr\u00e1fica Costarricense (1977-85), Consultor a corto plazo (1978-96): UNICEF, PAHO-Washington, University of North Carolina, Macro International (DHS), Gobierno de Holanda, UNFPA, Brown University, USAID, The Population Council, OPS-Ministerio de Salud, Divisi\u00f3n de Poblaci\u00f3n de Naciones Unidas, Federaci\u00f3n Internacional de Paternidad Planeada (IPPF), World Fertility Survey, Investigador visitante:&nbsp; Universidad de California en Berkeley (2009-10). The Population Council en New York (2000-01).&nbsp; The Nordic School of Public Health (1993, 1995), University of Michigan (1985, 1992, 2005), The Centers for Disease Control (1987), Profesor visitante: Universidad Complutense de Madrid (2008), Centro Latinoamericano de Demograf\u00eda (1981), Pontificia Universidad Bolivariana de Colombia (1976) y Vicepresidente, Asociaci\u00f3n Latinoamericana de Poblaci\u00f3n (ALAP) (2007-9).&nbsp;<\/p>\n\n\n\n<p>Ha obtenido los siguientes reconocimientos: Premio al Investigador de la Universidad de Costa Rica (2009), Premio Cient\u00edfico Destacado 2008, Ministerio de Ciencia y Tecnolog\u00eda de Costa Rica (2008), Premio a la Excelencia Cient\u00edfica de Florida Farm and Co. (2004). Adem\u00e1s, es Miembro fundador, Academia Nacional de Ciencias de Costa Rica (1994- ), Foreign Associate Member, United States National Academy of Sciences (2013- ), Miembro del Grupo de Estudios Poblaci\u00f3n y sociedad de la Universidad Complutense (2006- ), Miembro Consejo Asesor de Investigaci\u00f3n de la Organizaci\u00f3n Panamericana de la Salud (2003-7), Miembro fundador de la Red de Investigaci\u00f3n del Envejecimiento en Am\u00e9rica Latina y el Caribe (REALCE) (2006- ), Miembro del Panel Consultivo del programa de Reproducci\u00f3n Humana de la OMS (2000-6), Miembro del \u0093Data Safety and Monitoring Board\u0094 del ensayo cl\u00ednico para la vacuna de HPV del Instituto Nacional de C\u00e1ncer de los EEUU (2000- ), Miembro del Consejo editorial de la Revista Panamericana de Salud P\u00fablica de la OPS (2000-8), Miembro Committee on Fertility and Family Planning, International Union for the Scientific Study of Population (IUSSP) (1995 -99), Miembro Scientific Advisory Committee, Demographic and Health Survey (1994-98) y Miembro Technical Advisory Group, Evaluation project, AID and University of North Carolina (1992-97)&nbsp;<\/p>\n\n\n\n<p>Algunos de sus proyectos de investigaci\u00f3n son: Impacto Fiscal del Envejecimiento Demogr\u00e1fico.&nbsp; Contralor\u00eda General de la Rep\u00fablica de Costa Rica (2011), Costa Rica: Estudio de Longevidad y Envejecimiento Saludable (CRELES). The Wellcome Trust (2004-2009). US NHI y UCal-Berkeley (2009-2012), EQ-software, MICIT (2008-2009), Intergenerational Transfers, Population Ageing and Social Protection in Latin America. IDRC-CEPAL (2008-2009 y 2010-11), Redes familiares y la salud del adulto mayor: un estudio comparado de Costa Rica, Espa\u00f1a e Inglaterra. Convenio CSIC (Espa\u00f1a)-UCR (2007-2008), Post transition fertility in Latin America, prospects for below-replacement fertility,&nbsp; Population Council (2000-2001), Reproductive health and migration from Nicaragua to Costa Rica University of Costa Rica, Mellon Foundation and Social Security Office (1999-2001), Equity and health in Central America.University of Costa Rica and PAHO (1999-2000), Supply and access to health services in Costa Rica. A GIS based assesment University of Costa Rica and PAHO (1997-98), Population and deforestation in Costa Rica, University of Costa Rica and Rockefeller Foundation (1997-99) y Impact evaluation of a screening program of stomach cancer in Cartago, Costa Rica, JICA, University of Costa Rica, Social Security Office (1995-2000).&nbsp;<\/p>\n\n\n\n<p><strong>Publicaciones representativas:&nbsp;<\/strong><\/p>\n\n\n\n<ul class=\"wp-block-list\">\n<li>Rosero-Bixby, L., (2023) The vanishing advantage of longevity in Nicoya, Costa Rica: A cohort shift.\u00a0<em>Demographic Research<\/em>. 49(27): p. 723-736.<\/li>\n\n\n\n<li>Rosero-Bixby, L., &amp; Miller, T. (2022). The mathematics of the reproduction number R for Covid-19: A primer for demographers.\u00a0<em>Vienna Yearbook of Population Research<\/em>\u00a020(online first).<\/li>\n\n\n\n<li>Rosero-Bixby L, Rehkopf DH, Dow WH, Lin J, Epel ES, Azofeifa J, Leal A. (2019) Correlates of longitudinal leukocyte telomere length in the Costa Rican Longevity Study of Healthy Aging (CRELES): On the importance of DNA collection and storage procedures.\u00a0<em>PLoS ONE 14<\/em>(10): e0223766.<\/li>\n\n\n\n<li>Rosero-Bixby, L. (2018). High life expectancy and reversed socioeconomic gradients of elderly people in Mexico and Costa Rica.\u00a0<em>Demographic Research 38<\/em>\u00a0(1), 95-108. DOI: 10.4054\/DemRes.2018.38.3.<\/li>\n\n\n\n<li>Rosero-Bixby, L., &amp; Dow, W. H. (2016). Exploring why Costa Rica outperforms the United States in life expectancy: A tale of two inequality gradients.\u00a0<em>Proceedings of the National Academy of Sciences, 113<\/em>(5), 1130-1137. doi: 10.1073\/pnas.1521917112.<\/li>\n\n\n\n<li>Rosero-Bixby, L.; Dow, W. H. &amp; Rehkopf, D. H. (2014).\u00a0The Nicoya region of Costa Rica: A high longevity island for elderly males.\u00a0<em>Vienna Yearbook of Population Research<\/em>\u00a0<em>11<\/em>: 109-136.<\/li>\n\n\n\n<li>Rehkopf, D. H., Dow, W. H., Rosero-Bixby, L., Lin, J., Epel, E. S., &amp; Blackburn, E. H. (2013). Longer leukocyte telomere length in Costa Rica&#8217;s Nicoya Peninsula: A population-based study.\u00a0<em>Experimental Gerontology 48<\/em>(11):<\/li>\n\n\n\n<li>Rosero-Bixby, L. (2011) Generational Transfers and Population Aging in Latin America.\u00a0<em>Population and Development Review 37<\/em>(suppl 1): 143-57.<\/li>\n\n\n\n<li>Rosero-Bixby, L., Castro-Mart\u00edn, T. &amp; Mart\u00edn Garc\u00eda, T. (2009) Is Latin America starting to retreat from early and universal childbearing?\u00a0<em>Demographic Research 20<\/em>(9): 169-194.<\/li>\n\n\n\n<li>Rosero-Bixby, L &amp; Sierra R. (2007). X-ray screening seems to reduce gastric cancer mortality by half in a community-controlled trial in Costa Rica.\u00a0<em>British Journal of Cancer 97<\/em>(7): 837-843.<\/li>\n\n\n\n<li>Rosero-Bixby, L (2004). Spatial access to health care in Costa Rica and its equity: A GIS-based study.\u00a0<em>Social Science and Medicine 58<\/em>\u00a0, 1271-1284\u00a0<\/li>\n\n\n\n<li>Rosero Bixby, L &amp; Palloni, A. (1998). Population and deforestation in Costa Rica,\u00a0<em>Population and Environment Vol. 20<\/em>(2), pp.149-185<\/li>\n\n\n\n<li>Rosero-Bixby, L., &amp; Casterline, J. (1994). Interaction diffusion and fertility transition in Costa Rica.\u00a0<em>Social Forces, 73<\/em>(2), 435-462.<\/li>\n<\/ul>","protected":false},"excerpt":{"rendered":"<p>Luis Rosero Bixby Acad\u00e9mico de N\u00famero Luis Rosero ha ocupado los siguientes cargos: Profesor y Catedr\u00e1tico, Universidad de Costa Rica (1977-2012), Investigador Prometeo, SENESCYT, Quito, Ecuador (2011-12), Population Officer, United nations Population division, New York (2011-11), Director y fundador, Centro Centroamericano de Poblaci\u00f3n, UCR (2001-09), Bernard Berelson Fellow, Population Council, New York (2000-01), Research Staff [&hellip;]<\/p>\n","protected":false},"author":2,"featured_media":2830,"parent":0,"menu_order":0,"comment_status":"closed","ping_status":"closed","template":"","meta":{"footnotes":""},"class_list":["post-2829","page","type-page","status-publish","has-post-thumbnail","hentry"],"yoast_head":"<!-- This site is optimized with the Yoast SEO plugin v27.3 - https:\/\/yoast.com\/product\/yoast-seo-wordpress\/ -->\n<title>Luis Rosero Bixby - ANC<\/title>\n<meta name=\"robots\" content=\"index, follow, max-snippet:-1, max-image-preview:large, max-video-preview:-1\" \/>\n<link rel=\"canonical\" href=\"https:\/\/www.anc.cr\/en\/luis-rosero-bixby\/\" \/>\n<meta property=\"og:locale\" content=\"en_US\" \/>\n<meta property=\"og:type\" content=\"article\" \/>\n<meta property=\"og:title\" content=\"Luis Rosero Bixby - ANC\" \/>\n<meta property=\"og:description\" content=\"Luis Rosero Bixby Acad\u00e9mico de N\u00famero Luis Rosero ha ocupado los siguientes cargos: Profesor y Catedr\u00e1tico, Universidad de Costa Rica (1977-2012), Investigador Prometeo, SENESCYT, Quito, Ecuador (2011-12), Population Officer, United nations Population division, New York (2011-11), Director y fundador, Centro Centroamericano de Poblaci\u00f3n, UCR (2001-09), Bernard Berelson Fellow, Population Council, New York (2000-01), Research Staff [&hellip;]\" \/>\n<meta property=\"og:url\" content=\"https:\/\/www.anc.cr\/en\/luis-rosero-bixby\/\" \/>\n<meta property=\"og:site_name\" content=\"ANC\" \/>\n<meta property=\"article:modified_time\" content=\"2026-01-13T17:13:21+00:00\" \/>\n<meta property=\"og:image\" content=\"https:\/\/www.anc.cr\/wp-content\/uploads\/2026\/01\/image-22.png\" \/>\n\t<meta property=\"og:image:width\" content=\"400\" \/>\n\t<meta property=\"og:image:height\" content=\"400\" \/>\n\t<meta property=\"og:image:type\" content=\"image\/png\" \/>\n<meta name=\"twitter:card\" content=\"summary_large_image\" \/>\n<meta name=\"twitter:label1\" content=\"Est. reading time\" \/>\n\t<meta name=\"twitter:data1\" content=\"5 minutes\" \/>\n<script type=\"application\/ld+json\" class=\"yoast-schema-graph\">{\"@context\":\"https:\\\/\\\/schema.org\",\"@graph\":[{\"@type\":\"WebPage\",\"@id\":\"https:\\\/\\\/www.anc.cr\\\/luis-rosero-bixby\\\/\",\"url\":\"https:\\\/\\\/www.anc.cr\\\/luis-rosero-bixby\\\/\",\"name\":\"Luis Rosero Bixby - ANC\",\"isPartOf\":{\"@id\":\"https:\\\/\\\/www.anc.cr\\\/#website\"},\"primaryImageOfPage\":{\"@id\":\"https:\\\/\\\/www.anc.cr\\\/luis-rosero-bixby\\\/#primaryimage\"},\"image\":{\"@id\":\"https:\\\/\\\/www.anc.cr\\\/luis-rosero-bixby\\\/#primaryimage\"},\"thumbnailUrl\":\"https:\\\/\\\/www.anc.cr\\\/wp-content\\\/uploads\\\/2026\\\/01\\\/image-22.png\",\"datePublished\":\"2026-01-13T17:13:01+00:00\",\"dateModified\":\"2026-01-13T17:13:21+00:00\",\"breadcrumb\":{\"@id\":\"https:\\\/\\\/www.anc.cr\\\/luis-rosero-bixby\\\/#breadcrumb\"},\"inLanguage\":\"en-US\",\"potentialAction\":[{\"@type\":\"ReadAction\",\"target\":[\"https:\\\/\\\/www.anc.cr\\\/luis-rosero-bixby\\\/\"]}]},{\"@type\":\"ImageObject\",\"inLanguage\":\"en-US\",\"@id\":\"https:\\\/\\\/www.anc.cr\\\/luis-rosero-bixby\\\/#primaryimage\",\"url\":\"https:\\\/\\\/www.anc.cr\\\/wp-content\\\/uploads\\\/2026\\\/01\\\/image-22.png\",\"contentUrl\":\"https:\\\/\\\/www.anc.cr\\\/wp-content\\\/uploads\\\/2026\\\/01\\\/image-22.png\",\"width\":400,\"height\":400},{\"@type\":\"BreadcrumbList\",\"@id\":\"https:\\\/\\\/www.anc.cr\\\/luis-rosero-bixby\\\/#breadcrumb\",\"itemListElement\":[{\"@type\":\"ListItem\",\"position\":1,\"name\":\"Portada\",\"item\":\"https:\\\/\\\/www.anc.cr\\\/\"},{\"@type\":\"ListItem\",\"position\":2,\"name\":\"Luis Rosero Bixby\"}]},{\"@type\":\"WebSite\",\"@id\":\"https:\\\/\\\/www.anc.cr\\\/#website\",\"url\":\"https:\\\/\\\/www.anc.cr\\\/\",\"name\":\"ANC\",\"description\":\"Academia Nacional de Ciencias\",\"publisher\":{\"@id\":\"https:\\\/\\\/www.anc.cr\\\/#organization\"},\"potentialAction\":[{\"@type\":\"SearchAction\",\"target\":{\"@type\":\"EntryPoint\",\"urlTemplate\":\"https:\\\/\\\/www.anc.cr\\\/?s={search_term_string}\"},\"query-input\":{\"@type\":\"PropertyValueSpecification\",\"valueRequired\":true,\"valueName\":\"search_term_string\"}}],\"inLanguage\":\"en-US\"},{\"@type\":\"Organization\",\"@id\":\"https:\\\/\\\/www.anc.cr\\\/#organization\",\"name\":\"ANC\",\"url\":\"https:\\\/\\\/www.anc.cr\\\/\",\"logo\":{\"@type\":\"ImageObject\",\"inLanguage\":\"en-US\",\"@id\":\"https:\\\/\\\/www.anc.cr\\\/#\\\/schema\\\/logo\\\/image\\\/\",\"url\":\"https:\\\/\\\/www.anc.cr\\\/wp-content\\\/uploads\\\/2024\\\/07\\\/Logo-ANC-CR.png\",\"contentUrl\":\"https:\\\/\\\/www.anc.cr\\\/wp-content\\\/uploads\\\/2024\\\/07\\\/Logo-ANC-CR.png\",\"width\":1051,\"height\":593,\"caption\":\"ANC\"},\"image\":{\"@id\":\"https:\\\/\\\/www.anc.cr\\\/#\\\/schema\\\/logo\\\/image\\\/\"}}]}<\/script>\n<!-- \/ Yoast SEO plugin. -->","yoast_head_json":{"title":"Luis Rosero Bixby - ANC","robots":{"index":"index","follow":"follow","max-snippet":"max-snippet:-1","max-image-preview":"max-image-preview:large","max-video-preview":"max-video-preview:-1"},"canonical":"https:\/\/www.anc.cr\/en\/luis-rosero-bixby\/","og_locale":"en_US","og_type":"article","og_title":"Luis Rosero Bixby - ANC","og_description":"Luis Rosero Bixby Acad\u00e9mico de N\u00famero Luis Rosero ha ocupado los siguientes cargos: Profesor y Catedr\u00e1tico, Universidad de Costa Rica (1977-2012), Investigador Prometeo, SENESCYT, Quito, Ecuador (2011-12), Population Officer, United nations Population division, New York (2011-11), Director y fundador, Centro Centroamericano de Poblaci\u00f3n, UCR (2001-09), Bernard Berelson Fellow, Population Council, New York (2000-01), Research Staff [&hellip;]","og_url":"https:\/\/www.anc.cr\/en\/luis-rosero-bixby\/","og_site_name":"ANC","article_modified_time":"2026-01-13T17:13:21+00:00","og_image":[{"width":400,"height":400,"url":"https:\/\/www.anc.cr\/wp-content\/uploads\/2026\/01\/image-22.png","type":"image\/png"}],"twitter_card":"summary_large_image","twitter_misc":{"Est. reading time":"5 minutes"},"schema":{"@context":"https:\/\/schema.org","@graph":[{"@type":"WebPage","@id":"https:\/\/www.anc.cr\/luis-rosero-bixby\/","url":"https:\/\/www.anc.cr\/luis-rosero-bixby\/","name":"Luis Rosero Bixby - ANC","isPartOf":{"@id":"https:\/\/www.anc.cr\/#website"},"primaryImageOfPage":{"@id":"https:\/\/www.anc.cr\/luis-rosero-bixby\/#primaryimage"},"image":{"@id":"https:\/\/www.anc.cr\/luis-rosero-bixby\/#primaryimage"},"thumbnailUrl":"https:\/\/www.anc.cr\/wp-content\/uploads\/2026\/01\/image-22.png","datePublished":"2026-01-13T17:13:01+00:00","dateModified":"2026-01-13T17:13:21+00:00","breadcrumb":{"@id":"https:\/\/www.anc.cr\/luis-rosero-bixby\/#breadcrumb"},"inLanguage":"en-US","potentialAction":[{"@type":"ReadAction","target":["https:\/\/www.anc.cr\/luis-rosero-bixby\/"]}]},{"@type":"ImageObject","inLanguage":"en-US","@id":"https:\/\/www.anc.cr\/luis-rosero-bixby\/#primaryimage","url":"https:\/\/www.anc.cr\/wp-content\/uploads\/2026\/01\/image-22.png","contentUrl":"https:\/\/www.anc.cr\/wp-content\/uploads\/2026\/01\/image-22.png","width":400,"height":400},{"@type":"BreadcrumbList","@id":"https:\/\/www.anc.cr\/luis-rosero-bixby\/#breadcrumb","itemListElement":[{"@type":"ListItem","position":1,"name":"Portada","item":"https:\/\/www.anc.cr\/"},{"@type":"ListItem","position":2,"name":"Luis Rosero Bixby"}]},{"@type":"WebSite","@id":"https:\/\/www.anc.cr\/#website","url":"https:\/\/www.anc.cr\/","name":"ANC","description":"Academia Nacional de Ciencias","publisher":{"@id":"https:\/\/www.anc.cr\/#organization"},"potentialAction":[{"@type":"SearchAction","target":{"@type":"EntryPoint","urlTemplate":"https:\/\/www.anc.cr\/?s={search_term_string}"},"query-input":{"@type":"PropertyValueSpecification","valueRequired":true,"valueName":"search_term_string"}}],"inLanguage":"en-US"},{"@type":"Organization","@id":"https:\/\/www.anc.cr\/#organization","name":"ANC","url":"https:\/\/www.anc.cr\/","logo":{"@type":"ImageObject","inLanguage":"en-US","@id":"https:\/\/www.anc.cr\/#\/schema\/logo\/image\/","url":"https:\/\/www.anc.cr\/wp-content\/uploads\/2024\/07\/Logo-ANC-CR.png","contentUrl":"https:\/\/www.anc.cr\/wp-content\/uploads\/2024\/07\/Logo-ANC-CR.png","width":1051,"height":593,"caption":"ANC"},"image":{"@id":"https:\/\/www.anc.cr\/#\/schema\/logo\/image\/"}}]}},"_links":{"self":[{"href":"https:\/\/www.anc.cr\/en\/wp-json\/wp\/v2\/pages\/2829","targetHints":{"allow":["GET"]}}],"collection":[{"href":"https:\/\/www.anc.cr\/en\/wp-json\/wp\/v2\/pages"}],"about":[{"href":"https:\/\/www.anc.cr\/en\/wp-json\/wp\/v2\/types\/page"}],"author":[{"embeddable":true,"href":"https:\/\/www.anc.cr\/en\/wp-json\/wp\/v2\/users\/2"}],"replies":[{"embeddable":true,"href":"https:\/\/www.anc.cr\/en\/wp-json\/wp\/v2\/comments?post=2829"}],"version-history":[{"count":2,"href":"https:\/\/www.anc.cr\/en\/wp-json\/wp\/v2\/pages\/2829\/revisions"}],"predecessor-version":[{"id":2832,"href":"https:\/\/www.anc.cr\/en\/wp-json\/wp\/v2\/pages\/2829\/revisions\/2832"}],"wp:featuredmedia":[{"embeddable":true,"href":"https:\/\/www.anc.cr\/en\/wp-json\/wp\/v2\/media\/2830"}],"wp:attachment":[{"href":"https:\/\/www.anc.cr\/en\/wp-json\/wp\/v2\/media?parent=2829"}],"curies":[{"name":"wp","href":"https:\/\/api.w.org\/{rel}","templated":true}]}}