{"id":2813,"date":"2026-01-13T10:46:07","date_gmt":"2026-01-13T16:46:07","guid":{"rendered":"https:\/\/www.anc.cr\/?page_id=2813"},"modified":"2026-01-13T10:46:14","modified_gmt":"2026-01-13T16:46:14","slug":"edgardo-moreno-robles","status":"publish","type":"page","link":"https:\/\/www.anc.cr\/en\/edgardo-moreno-robles\/","title":{"rendered":"Edgardo Moreno Robles"},"content":{"rendered":"<div class=\"wp-block-group alignfull has-global-padding is-layout-constrained wp-container-core-group-is-layout-cb151cc7 wp-block-group-is-layout-constrained\" style=\"margin-top:0;margin-bottom:0;padding-top:0;padding-right:var(--wp--preset--spacing--50);padding-bottom:0;padding-left:var(--wp--preset--spacing--50)\">\n<div class=\"wp-block-columns alignwide are-vertically-aligned-center is-layout-flex wp-container-core-columns-is-layout-47c06fe3 wp-block-columns-is-layout-flex\">\n<div class=\"wp-block-column is-vertically-aligned-center is-layout-flow wp-block-column-is-layout-flow\" style=\"flex-basis:50%\">\n<h2 class=\"wp-block-heading\">Edgardo Moreno Robles<\/h2>\n\n\n\n<p>Acad\u00e9mico de N\u00famero<\/p>\n\n\n\n<ul class=\"wp-block-list\">\n<li>Catedr\u00e1tico Humboldt 2012, Universidad de Costa Rica, San Jos\u00e9, Costa Rica.<\/li>\n\n\n\n<li>Lic. en Microbiolog\u00eda y Qu\u00edmica Cl\u00ednica, Universidad de Costa Rica (1975).<\/li>\n\n\n\n<li>Ph.D., Veterinary Sciences, University of Wisconsin-Madison, Madison, Wisconsin, USA (1979).<\/li>\n\n\n\n<li>Estudios Posdoctorales, Instituto Max Planck de Inmunolog\u00eda, Alemania (1985-1986).<\/li>\n\n\n\n<li>Catedr\u00e0tico \u201cOrange\u201d Institut National de la Sant\u00e9, et de la Recherche Medical\u00e9 (INSERM), France para cursar a\u00f1o sabatico en el CIML-Marseille Luminy. 1997.<\/li>\n\n\n\n<li>Sab\u00e1tico, Centro de Inmunolog\u00eda de Luminy, Marsella (CIML), Francia (1987-1988).<\/li>\n\n\n\n<li>Sab\u00e1tico, Instituto Max Planck de enfermedades Infecciosas, Alemania (2002-2003).<\/li>\n<\/ul>\n<\/div>\n\n\n\n<div class=\"wp-block-column is-vertically-aligned-center is-layout-flow wp-block-column-is-layout-flow\" style=\"flex-basis:50%\"><figure style=\"width:500px;height:500px;\" class=\"wp-block-post-featured-image\"><img decoding=\"async\" width=\"400\" height=\"400\" src=\"https:\/\/www.anc.cr\/wp-content\/uploads\/2026\/01\/image-8.png\" class=\"attachment-post-thumbnail size-post-thumbnail wp-post-image\" alt=\"\" style=\"height:500px;object-fit:cover;\" srcset=\"https:\/\/www.anc.cr\/wp-content\/uploads\/2026\/01\/image-8.png 400w, https:\/\/www.anc.cr\/wp-content\/uploads\/2026\/01\/image-8-300x300.png 300w, https:\/\/www.anc.cr\/wp-content\/uploads\/2026\/01\/image-8-150x150.png 150w, https:\/\/www.anc.cr\/wp-content\/uploads\/2026\/01\/image-8-12x12.png 12w\" sizes=\"(max-width: 400px) 100vw, 400px\" \/><\/figure><\/div>\n<\/div>\n<\/div>\n\n\n\n<div style=\"height:10px\" aria-hidden=\"true\" class=\"wp-block-spacer\"><\/div>\n\n\n\n<hr class=\"wp-block-separator has-alpha-channel-opacity\"\/>\n\n\n\n<div style=\"height:15px\" aria-hidden=\"true\" class=\"wp-block-spacer\"><\/div>\n\n\n\n<p>Edgardo Moreno es especialista en Inmunolog\u00eda, Microbiolog\u00eda Celular y Enfermedades infecciosas. Su \u00e1rea de investigaci\u00f3n se enfoca en la comprensi\u00f3n de la inmunolog\u00eda y de la patobiolog\u00eda de la brucelosis, en el diagn\u00f3stico de la enfermedad y en&nbsp; resolver la evoluci\u00f3n, taxonom\u00eda y&nbsp; virulencia del g\u00e9nero Brucella. Las contribuciones cient\u00edficas principales se centraron en la demostraci\u00f3n de que las caracter\u00edsticas del LPS de esta bacteria eran diferentes al de otros LPSs (e.g. E. coli, Salmonella etc.). \u00c9l demostr\u00f3 que el LPS de Brucella era considerable menos endot\u00f3xico que la mayor\u00eda de los LPSs bacterianos, aunque conservaba algunas propiedades biol\u00f3gicas b\u00e1sicas, especialmente como competidor potencial para neutralizar actividades endot\u00f3xicas.&nbsp; Entre otras contribuciones est\u00e1n: la caracterizaci\u00f3n inmunoqu\u00edmica de los polisac\u00e1ridos de Brucella, el desarrollo de pruebas serol\u00f3gicas sensibles y espec\u00edficas para la diferenciaci\u00f3n de b\u00f3vinos infectados de los vacunados con esta bacteria, la caracterizaci\u00f3n de los polisac\u00e1ridos externos de la membrana y la determinaci\u00f3n epitopos de LPS usando anticuerpos monoclonales (1990).&nbsp;<\/p>\n\n\n\n<p>Inici\u00f3 su experiencia trabajando en las universidades en 1972 en el Instituto Clodomiro Picado, Universidad de Costa Rica (UCR). Se incorpor\u00f3 en 1975 a la Universidad Nacional (UNA) como uno de los docentes de la entonces reci\u00e9n fundada Escuela de Medicina Veterinaria, impartiendo el curso de Inmunolog\u00eda hasta 1990, fecha en que se incluy\u00f3 dentro de la C\u00e1tedra de Microbiolog\u00eda. Desde 1981 realiz\u00f3 su trabajo en el Centro de Investigaci\u00f3n en Biolog\u00eda Celular y Molecular bajo un convenio de cooperaci\u00f3n entre la UNA y la UCR. En 1990, traslad\u00f3 sus actividades al Programa de Investigaci\u00f3n en Enfermedades Tropicales (PIET) del que fue fundador junto con otros cient\u00edficos. Tambi\u00e9n, fue Miembro fundador del Programa de Posgrado en Ciencias Veterinarias Tropicales, en donde fungi\u00f3 como Coordinador Acad\u00e9mico de la Menci\u00f3n de Enfermedades Tropicales. Fue fundador y Decano del Programa Regional de Posgrado en Ciencias Biom\u00e9dicas Karolinska\/Centro Am\u00e9rica (1990-1997) y el Director de \u0093Network for Research and Training in Tropical Diseases in Central America\u0094 (NeTropica, 1997-2002), Director del Programa de Investigaciones en Enfermedades Tropicales (PIET) (1991-2006), Gestor del \u00c1rea de Salud del Programa de Ciencia y Tecnolog\u00eda para el Desarrollo de Iberoam\u00e9rica (CYTED) (2004-2006), Profesor designado de la Universidad de Lousiana en New Orle\u00e1ns, USA, Gestor del \u00c1rea de Salud del Programa de Ciencia y Tecnolog\u00eda para el Desarrollo de Iberoam\u00e9rica (CYTED).&nbsp;<\/p>\n\n\n\n<p>Actualmente, es Miembro del Sistema de Estudios de Posgrado de las menciones de Microbiolog\u00eda, Biolog\u00eda, Fisiolog\u00eda y Bioqu\u00edmica de la UCR y Asesor del Doctorado en Ciencias de la UCR. Es&nbsp; Catedr\u00e1tico, Coordinador del laboratorio de Inmunolog\u00eda del PIET, profesor de varios cursos de grado y de posgrado e investigador en la UNA y UCR, Miembro de la Academia Nacional de Ciencias de Costa Rica, revisor de proyectos del \u0093National Institute of Health\u0094 de los Estados Unidos y revisor de varias revistas internacionales. Ha sido tutor de 35 tesis de Licenciatura, Maestr\u00eda y Doctorado y obtenido recursos financieros por medio de 32 proyectos para programas de investigaci\u00f3n y docencia apoyados por agencias nacionales e internacionales. Ha publicado alrededor de 160 art\u00edculos, la mayor\u00eda de ellos correspondientes a ensayos en el campo de la ciencia con \u00e9nfasis en la Inmunolog\u00eda y Microbiolog\u00eda Celular de la brucelosis. Ha dirigido tres tesis que han sido galardonadas con el Premio Nacional de Ciencia Clodomiro Picado Twight. En 1987 obtuvo el primer lugar en el Concurso Literario de Ensayo patrocinado por el Instituto Tecnol\u00f3gico de Costa Rica. Por su actividad cient\u00edfica y acad\u00e9mica, particip\u00f3 del beneficio otorgado a investigadores por el Consejo Nacional de Investigaciones Cient\u00edficas y Tecnol\u00f3gicas (CONICIT), fue galardonado en 1987 por el Consejo Cient\u00edfico de la UNESCO, en 1988 por la Rector\u00eda de la UCR y en ese mismo a\u00f1o por la Organizaci\u00f3n de Estados Americanos (OEA). En el a\u00f1o 2000 fue galardonado por la fundaci\u00f3n \u0093Charles A and Anne Morrow Lindberg Foundation de los Estados Unidos y en el 2003 por la Florida Ice &amp; Farm de Costa Rica.&nbsp;&nbsp;<\/p>\n\n\n\n<h3 class=\"wp-block-heading\">Publicaciones representativas<\/h3>\n\n\n\n<ul class=\"wp-block-list\">\n<li>Moreno, E., and I. Moriy\u00f3n. 2002. Brucella melitensis: A nasty bug with hidden credentials for virulence. Proc. Nat. Acad. Sci. 99:1-3<\/li>\n\n\n\n<li>Guzm\u00e1n-Verri C., L. Manterola, A. Sola-Landa, A. Parra, A. Cloeckaert, J. Garin, J.-P.Gorvel, I. Moriy\u00f3n, E. Moreno and I. L\u00f3pez-Go\u00f1i 2002. The two-components system BvrR\/BvrS essential for Brucella abortus virulence regulates the expression of outer membrane proteins with homologous in members of the Rhizobiaceae. Proc Natl. Acad. Sci. 99:12375-123980.<\/li>\n\n\n\n<li>Celli, J.,C. de Chastellier, J. Pizarro-Cerd\u00e1, E. Moreno and J. P. Gorvel. 2003. Brucella evasion of macrophage killing through VirB-dependent sustained interactions with the endoplasmic reticulum J.Exp.Med. 198:545-556.<\/li>\n\n\n\n<li>Arellano-Reynoso,B., N. Lapaque, S. Salcedo, G. Briones, A.E. Ciocchini, R. Ugalde, E. Moreno, I. Moriy\u00f3n, and J. P. Gorvel. 2005. The cyclic b-1,2-glucan is a Brucella virulence factor required for intracellular survival. Nature Immunol. 6: 618-625.<\/li>\n\n\n\n<li>Moreno, E., and J.M. Gutierrez. 2008. Ten Simple Rules for Aspiring Scientists in a Low-Income Country. PloS Comput Biol 4(5): e1000024. doi:10.1371.<\/li>\n\n\n\n<li>Martirosuan, A., E. Moreno, J. P. Gorvel. 2011. An evolutionary strategy for a stealthy intracellular Brucella pathogen. Immunol. Rev. 240:211-234.<\/li>\n\n\n\n<li>Barquero-Calvo, E., A. Martirosyan, D.Ordo\u00f1ez-Rued, Arce-Gorvel,\u00a0 A. Alfaro-Alarc\u00f3n, H. Lepidi, B.Malissen, M. Malissen, J-P Gorvel, E. Moreno. 2013 Neutrophils exert a suppresive effect on Th 1 responses to intracellular pathogen Brucella abortus. Plos Path. 9(2): e1003167.<\/li>\n\n\n\n<li>Barquero-Calvo, E., R. Mora-Cart\u00edn, V. Arce-Gorvel, J.L.De Diego, C. Chac\u00f3n-D\u00edaz. E. Chaves-Olarte, C. Guzm\u00e1n Verri; AG. Buret, J-P Gorvel, E. Moreno. 2015. Brucella abortus induces the premature death of human neutrophils through the action of its lipopolysaccharide. Plos Path. 11: e1004853.<\/li>\n\n\n\n<li>Moreno E, Barquero-Calvo E. The Role of Neutrophils in Brucellosis. Microbiol Mol Biol Rev. 2020;84:e00048-20.<\/li>\n\n\n\n<li>Moreno E. The one hundred year journey of the genus Brucella (Meyer and Shaw 1920). FEMS Microbiol Rev. 2021 Oct 5:fuaa045.<\/li>\n<\/ul>","protected":false},"excerpt":{"rendered":"<p>Edgardo Moreno Robles Acad\u00e9mico de N\u00famero Edgardo Moreno es especialista en Inmunolog\u00eda, Microbiolog\u00eda Celular y Enfermedades infecciosas. Su \u00e1rea de investigaci\u00f3n se enfoca en la comprensi\u00f3n de la inmunolog\u00eda y de la patobiolog\u00eda de la brucelosis, en el diagn\u00f3stico de la enfermedad y en&nbsp; resolver la evoluci\u00f3n, taxonom\u00eda y&nbsp; virulencia del g\u00e9nero Brucella. Las contribuciones [&hellip;]<\/p>\n","protected":false},"author":2,"featured_media":2812,"parent":0,"menu_order":0,"comment_status":"closed","ping_status":"closed","template":"","meta":{"footnotes":""},"class_list":["post-2813","page","type-page","status-publish","has-post-thumbnail","hentry"],"yoast_head":"<!-- This site is optimized with the Yoast SEO plugin v27.3 - https:\/\/yoast.com\/product\/yoast-seo-wordpress\/ -->\n<title>Edgardo Moreno Robles - ANC<\/title>\n<meta name=\"robots\" content=\"index, follow, max-snippet:-1, max-image-preview:large, max-video-preview:-1\" \/>\n<link rel=\"canonical\" href=\"https:\/\/www.anc.cr\/en\/edgardo-moreno-robles\/\" \/>\n<meta property=\"og:locale\" content=\"en_US\" \/>\n<meta property=\"og:type\" content=\"article\" \/>\n<meta property=\"og:title\" content=\"Edgardo Moreno Robles - ANC\" \/>\n<meta property=\"og:description\" content=\"Edgardo Moreno Robles Acad\u00e9mico de N\u00famero Edgardo Moreno es especialista en Inmunolog\u00eda, Microbiolog\u00eda Celular y Enfermedades infecciosas. Su \u00e1rea de investigaci\u00f3n se enfoca en la comprensi\u00f3n de la inmunolog\u00eda y de la patobiolog\u00eda de la brucelosis, en el diagn\u00f3stico de la enfermedad y en&nbsp; resolver la evoluci\u00f3n, taxonom\u00eda y&nbsp; virulencia del g\u00e9nero Brucella. Las contribuciones [&hellip;]\" \/>\n<meta property=\"og:url\" content=\"https:\/\/www.anc.cr\/en\/edgardo-moreno-robles\/\" \/>\n<meta property=\"og:site_name\" content=\"ANC\" \/>\n<meta property=\"article:modified_time\" content=\"2026-01-13T16:46:14+00:00\" \/>\n<meta property=\"og:image\" content=\"https:\/\/www.anc.cr\/wp-content\/uploads\/2026\/01\/image-8.png\" \/>\n\t<meta property=\"og:image:width\" content=\"400\" \/>\n\t<meta property=\"og:image:height\" content=\"400\" \/>\n\t<meta property=\"og:image:type\" content=\"image\/png\" \/>\n<meta name=\"twitter:card\" content=\"summary_large_image\" \/>\n<meta name=\"twitter:label1\" content=\"Est. reading time\" \/>\n\t<meta name=\"twitter:data1\" content=\"5 minutes\" \/>\n<script type=\"application\/ld+json\" class=\"yoast-schema-graph\">{\"@context\":\"https:\\\/\\\/schema.org\",\"@graph\":[{\"@type\":\"WebPage\",\"@id\":\"https:\\\/\\\/www.anc.cr\\\/edgardo-moreno-robles\\\/\",\"url\":\"https:\\\/\\\/www.anc.cr\\\/edgardo-moreno-robles\\\/\",\"name\":\"Edgardo Moreno Robles - ANC\",\"isPartOf\":{\"@id\":\"https:\\\/\\\/www.anc.cr\\\/#website\"},\"primaryImageOfPage\":{\"@id\":\"https:\\\/\\\/www.anc.cr\\\/edgardo-moreno-robles\\\/#primaryimage\"},\"image\":{\"@id\":\"https:\\\/\\\/www.anc.cr\\\/edgardo-moreno-robles\\\/#primaryimage\"},\"thumbnailUrl\":\"https:\\\/\\\/www.anc.cr\\\/wp-content\\\/uploads\\\/2026\\\/01\\\/image-8.png\",\"datePublished\":\"2026-01-13T16:46:07+00:00\",\"dateModified\":\"2026-01-13T16:46:14+00:00\",\"breadcrumb\":{\"@id\":\"https:\\\/\\\/www.anc.cr\\\/edgardo-moreno-robles\\\/#breadcrumb\"},\"inLanguage\":\"en-US\",\"potentialAction\":[{\"@type\":\"ReadAction\",\"target\":[\"https:\\\/\\\/www.anc.cr\\\/edgardo-moreno-robles\\\/\"]}]},{\"@type\":\"ImageObject\",\"inLanguage\":\"en-US\",\"@id\":\"https:\\\/\\\/www.anc.cr\\\/edgardo-moreno-robles\\\/#primaryimage\",\"url\":\"https:\\\/\\\/www.anc.cr\\\/wp-content\\\/uploads\\\/2026\\\/01\\\/image-8.png\",\"contentUrl\":\"https:\\\/\\\/www.anc.cr\\\/wp-content\\\/uploads\\\/2026\\\/01\\\/image-8.png\",\"width\":400,\"height\":400},{\"@type\":\"BreadcrumbList\",\"@id\":\"https:\\\/\\\/www.anc.cr\\\/edgardo-moreno-robles\\\/#breadcrumb\",\"itemListElement\":[{\"@type\":\"ListItem\",\"position\":1,\"name\":\"Portada\",\"item\":\"https:\\\/\\\/www.anc.cr\\\/\"},{\"@type\":\"ListItem\",\"position\":2,\"name\":\"Edgardo Moreno Robles\"}]},{\"@type\":\"WebSite\",\"@id\":\"https:\\\/\\\/www.anc.cr\\\/#website\",\"url\":\"https:\\\/\\\/www.anc.cr\\\/\",\"name\":\"ANC\",\"description\":\"Academia Nacional de Ciencias\",\"publisher\":{\"@id\":\"https:\\\/\\\/www.anc.cr\\\/#organization\"},\"potentialAction\":[{\"@type\":\"SearchAction\",\"target\":{\"@type\":\"EntryPoint\",\"urlTemplate\":\"https:\\\/\\\/www.anc.cr\\\/?s={search_term_string}\"},\"query-input\":{\"@type\":\"PropertyValueSpecification\",\"valueRequired\":true,\"valueName\":\"search_term_string\"}}],\"inLanguage\":\"en-US\"},{\"@type\":\"Organization\",\"@id\":\"https:\\\/\\\/www.anc.cr\\\/#organization\",\"name\":\"ANC\",\"url\":\"https:\\\/\\\/www.anc.cr\\\/\",\"logo\":{\"@type\":\"ImageObject\",\"inLanguage\":\"en-US\",\"@id\":\"https:\\\/\\\/www.anc.cr\\\/#\\\/schema\\\/logo\\\/image\\\/\",\"url\":\"https:\\\/\\\/www.anc.cr\\\/wp-content\\\/uploads\\\/2024\\\/07\\\/Logo-ANC-CR.png\",\"contentUrl\":\"https:\\\/\\\/www.anc.cr\\\/wp-content\\\/uploads\\\/2024\\\/07\\\/Logo-ANC-CR.png\",\"width\":1051,\"height\":593,\"caption\":\"ANC\"},\"image\":{\"@id\":\"https:\\\/\\\/www.anc.cr\\\/#\\\/schema\\\/logo\\\/image\\\/\"}}]}<\/script>\n<!-- \/ Yoast SEO plugin. -->","yoast_head_json":{"title":"Edgardo Moreno Robles - ANC","robots":{"index":"index","follow":"follow","max-snippet":"max-snippet:-1","max-image-preview":"max-image-preview:large","max-video-preview":"max-video-preview:-1"},"canonical":"https:\/\/www.anc.cr\/en\/edgardo-moreno-robles\/","og_locale":"en_US","og_type":"article","og_title":"Edgardo Moreno Robles - ANC","og_description":"Edgardo Moreno Robles Acad\u00e9mico de N\u00famero Edgardo Moreno es especialista en Inmunolog\u00eda, Microbiolog\u00eda Celular y Enfermedades infecciosas. Su \u00e1rea de investigaci\u00f3n se enfoca en la comprensi\u00f3n de la inmunolog\u00eda y de la patobiolog\u00eda de la brucelosis, en el diagn\u00f3stico de la enfermedad y en&nbsp; resolver la evoluci\u00f3n, taxonom\u00eda y&nbsp; virulencia del g\u00e9nero Brucella. Las contribuciones [&hellip;]","og_url":"https:\/\/www.anc.cr\/en\/edgardo-moreno-robles\/","og_site_name":"ANC","article_modified_time":"2026-01-13T16:46:14+00:00","og_image":[{"width":400,"height":400,"url":"https:\/\/www.anc.cr\/wp-content\/uploads\/2026\/01\/image-8.png","type":"image\/png"}],"twitter_card":"summary_large_image","twitter_misc":{"Est. reading time":"5 minutes"},"schema":{"@context":"https:\/\/schema.org","@graph":[{"@type":"WebPage","@id":"https:\/\/www.anc.cr\/edgardo-moreno-robles\/","url":"https:\/\/www.anc.cr\/edgardo-moreno-robles\/","name":"Edgardo Moreno Robles - ANC","isPartOf":{"@id":"https:\/\/www.anc.cr\/#website"},"primaryImageOfPage":{"@id":"https:\/\/www.anc.cr\/edgardo-moreno-robles\/#primaryimage"},"image":{"@id":"https:\/\/www.anc.cr\/edgardo-moreno-robles\/#primaryimage"},"thumbnailUrl":"https:\/\/www.anc.cr\/wp-content\/uploads\/2026\/01\/image-8.png","datePublished":"2026-01-13T16:46:07+00:00","dateModified":"2026-01-13T16:46:14+00:00","breadcrumb":{"@id":"https:\/\/www.anc.cr\/edgardo-moreno-robles\/#breadcrumb"},"inLanguage":"en-US","potentialAction":[{"@type":"ReadAction","target":["https:\/\/www.anc.cr\/edgardo-moreno-robles\/"]}]},{"@type":"ImageObject","inLanguage":"en-US","@id":"https:\/\/www.anc.cr\/edgardo-moreno-robles\/#primaryimage","url":"https:\/\/www.anc.cr\/wp-content\/uploads\/2026\/01\/image-8.png","contentUrl":"https:\/\/www.anc.cr\/wp-content\/uploads\/2026\/01\/image-8.png","width":400,"height":400},{"@type":"BreadcrumbList","@id":"https:\/\/www.anc.cr\/edgardo-moreno-robles\/#breadcrumb","itemListElement":[{"@type":"ListItem","position":1,"name":"Portada","item":"https:\/\/www.anc.cr\/"},{"@type":"ListItem","position":2,"name":"Edgardo Moreno Robles"}]},{"@type":"WebSite","@id":"https:\/\/www.anc.cr\/#website","url":"https:\/\/www.anc.cr\/","name":"ANC","description":"Academia Nacional de Ciencias","publisher":{"@id":"https:\/\/www.anc.cr\/#organization"},"potentialAction":[{"@type":"SearchAction","target":{"@type":"EntryPoint","urlTemplate":"https:\/\/www.anc.cr\/?s={search_term_string}"},"query-input":{"@type":"PropertyValueSpecification","valueRequired":true,"valueName":"search_term_string"}}],"inLanguage":"en-US"},{"@type":"Organization","@id":"https:\/\/www.anc.cr\/#organization","name":"ANC","url":"https:\/\/www.anc.cr\/","logo":{"@type":"ImageObject","inLanguage":"en-US","@id":"https:\/\/www.anc.cr\/#\/schema\/logo\/image\/","url":"https:\/\/www.anc.cr\/wp-content\/uploads\/2024\/07\/Logo-ANC-CR.png","contentUrl":"https:\/\/www.anc.cr\/wp-content\/uploads\/2024\/07\/Logo-ANC-CR.png","width":1051,"height":593,"caption":"ANC"},"image":{"@id":"https:\/\/www.anc.cr\/#\/schema\/logo\/image\/"}}]}},"_links":{"self":[{"href":"https:\/\/www.anc.cr\/en\/wp-json\/wp\/v2\/pages\/2813","targetHints":{"allow":["GET"]}}],"collection":[{"href":"https:\/\/www.anc.cr\/en\/wp-json\/wp\/v2\/pages"}],"about":[{"href":"https:\/\/www.anc.cr\/en\/wp-json\/wp\/v2\/types\/page"}],"author":[{"embeddable":true,"href":"https:\/\/www.anc.cr\/en\/wp-json\/wp\/v2\/users\/2"}],"replies":[{"embeddable":true,"href":"https:\/\/www.anc.cr\/en\/wp-json\/wp\/v2\/comments?post=2813"}],"version-history":[{"count":1,"href":"https:\/\/www.anc.cr\/en\/wp-json\/wp\/v2\/pages\/2813\/revisions"}],"predecessor-version":[{"id":2814,"href":"https:\/\/www.anc.cr\/en\/wp-json\/wp\/v2\/pages\/2813\/revisions\/2814"}],"wp:featuredmedia":[{"embeddable":true,"href":"https:\/\/www.anc.cr\/en\/wp-json\/wp\/v2\/media\/2812"}],"wp:attachment":[{"href":"https:\/\/www.anc.cr\/en\/wp-json\/wp\/v2\/media?parent=2813"}],"curies":[{"name":"wp","href":"https:\/\/api.w.org\/{rel}","templated":true}]}}