{"id":2410,"date":"2025-04-23T08:38:47","date_gmt":"2025-04-23T14:38:47","guid":{"rendered":"https:\/\/www.anc.cr\/?page_id=2410"},"modified":"2025-04-23T08:38:49","modified_gmt":"2025-04-23T14:38:49","slug":"mary-jane-west-eberhard","status":"publish","type":"page","link":"https:\/\/www.anc.cr\/en\/mary-jane-west-eberhard\/","title":{"rendered":"Mary Jane West- Eberhard"},"content":{"rendered":"\n<div class=\"wp-block-columns alignwide are-vertically-aligned-center is-layout-flex wp-container-core-columns-is-layout-47c06fe3 wp-block-columns-is-layout-flex\">\n<div class=\"wp-block-column is-vertically-aligned-center is-layout-flow wp-block-column-is-layout-flow\" style=\"flex-basis:50%\">\n<h3 class=\"wp-block-heading has-x-large-font-size\"><strong>Mary Jane West- Eberhard<\/strong><\/h3>\n\n\n\n<p>Acad\u00e9mico Correspondiente<\/p>\n\n\n\n<ul class=\"wp-block-list\">\n<li>Investigadora \u0093Senior\u0094, Smithsonian Tropical Research Institute y la Escuela de Biolog\u00eda, Universidad de Costa Rica, San Jos\u00e9, Costa Rica.\u00a0<\/li>\n\n\n\n<li>B.A., University of Michigan (1963).<\/li>\n\n\n\n<li>M.S., University of Michigan (1964).<\/li>\n\n\n\n<li>Ph. D., University of Michigan (1967).\u00a0<\/li>\n<\/ul>\n<\/div>\n\n\n\n<div class=\"wp-block-column is-vertically-aligned-center is-layout-flow wp-block-column-is-layout-flow\" style=\"flex-basis:50%\"><figure style=\"width:500px;height:500px;\" class=\"wp-block-post-featured-image\"><img decoding=\"async\" width=\"400\" height=\"400\" src=\"https:\/\/www.anc.cr\/wp-content\/uploads\/2024\/07\/image-37.png\" class=\"attachment-post-thumbnail size-post-thumbnail wp-post-image\" alt=\"\" style=\"height:500px;object-fit:cover;\" srcset=\"https:\/\/www.anc.cr\/wp-content\/uploads\/2024\/07\/image-37.png 400w, https:\/\/www.anc.cr\/wp-content\/uploads\/2024\/07\/image-37-300x300.png 300w, https:\/\/www.anc.cr\/wp-content\/uploads\/2024\/07\/image-37-150x150.png 150w\" sizes=\"(max-width: 400px) 100vw, 400px\" \/><\/figure><\/div>\n<\/div>\n\n\n\n<p>Mary Jane West- Eberhard enfoca su \u00e1rea de investigaci\u00f3n en el desarrollo y la evoluci\u00f3n, plasticidad fenot\u00edpica y evoluci\u00f3n, evoluci\u00f3n del comportamiento social, insectos sociales, biolog\u00eda de avispas sociales, la selecci\u00f3n sexual y social.<\/p>\n\n\n\n<p>Entre los cargos que ha ocupado est\u00e1n los siguientes: Postdoctoral Fellow en Biolog\u00eda, Harvard University (1967-69); Investigadora Asociada, Departamento de Biolog\u00eda, Universidad del Valle, Cali, Colombia (1969-1979); Smithsonian Tropical Research Institute (1975-present): Senior Scientist [reside en Costa Rica desde 1979]; Presidente de la Sociedad para el Estudio de la Evoluci\u00f3n (1991); Consejera Acad\u00e9mica, National Research Council, Joint Program U. S. y la Academia Mexicana de las Ciencias (1991-1995); Science Board, Santa Fe Institute (1998-2004); Scientific Council, STRI (1999-2004); Consejo Asesor en Ecolog\u00eda y Biolog\u00eda Evolutiva, Princeton University (2002-2006); Consejo Asesor Internacional, Centro Nacional de Alta Tecnolog\u00eda, Costa Rica (2003- ).<\/p>\n\n\n\n<p>Adem\u00e1s, es Miembro de la Academia Nacional de Ciencias de Estados Unidos; Miembro de la Academia Americana de Artes y Ciencias; Miembro extranjero de la Accademia Nazionale dei Lincei (2005); Miembro de la International Union for the Study of Social Insects; Miembro de la American Society of Naturalists; Miembro de la Sociedad para el Estudio de la Evoluci\u00f3n; Miembro de la International Society of Hymenopterists; Miembro de&nbsp; la Bombay Natural History Society; Miembro de la International Society of History, Philosophy, and Social Studies of Biology y Miembro de la European Society of Evolutionary Biology.<\/p>\n\n\n\n<p>Ha recibido los siguientes reconocimientos: Phi Beta Kappa, Phi Kappa Phi; Sigma Xi; Woodrow Wilson Fellow (Hon.); Profesora Visitante Distinguida, University of Michigan Museum of Zoology (1982); National Academy of Sciences, U. S. A. (elegida en 1988); Vice Presidente, Sociedad para el Estudio de la Evoluci\u00f3n (1987-1988); Presidente, Sociedad para el Estudio de la Evoluci\u00f3n (1992); elegida para la Academia Americana de Artes y Ciencias (1996); Miembro de la Academia Nacional de Ciencias de Costa Rica (2002); Premio Sewell Wright, American Society of Naturalists (2003); Premio Hawkins, American Association of Publishers, el libro acad\u00e9mico m\u00e1s destacado del 2003 por DEVELOPMENTAL PLASTICITY AND EVOLUTION; Hamilton Lecturer, Int. Society of Behavioral Ecology (2004); Accademia Nationale dei Lincei, Rome (2005); Fellow, Animal Behavior Society (2009).&nbsp;<\/p>\n\n\n\n<p class=\"has-large-font-size\"><strong>Publicaciones representativas:&nbsp;<\/strong><\/p>\n\n\n\n<p>West- Eberhard, M. J. (2009). A just-so story of my life (A few of the reminiscences that are fit to print). Drickamer, L.C and Dewsbury, D.A. (eds.), Leaders in Animal Behaviour: The Second Generation. Cambridge University Press, Cambridge. [58 pp.].<\/p>\n\n\n\n<p>Agre, P.C., Altman, S., Curl, F.R., West- Eberhard, M. J. y Wiesel, T.N. (2005). Using ethics to fight bioterrorism. Science 309:1013-1014.\u00a0\u00a0<\/p>\n\n\n\n<p>Chavarr\u00eda-Pizarro, L. y West- Eberhard, M. J. (2010). The behavior and natural history of Chartergellus, a little known genus of neotropical social wasps (Vespidae, Polistinae, Epiponini). Ecology Ethology &amp; Evolution 22:1-27.<\/p>\n\n\n\n<p>Smith, J.A.C., West- Eberhard, M. J. y Winter, K. (2011). Photosynthesis, Reorganized. Science 332:311-312.<\/p>\n\n\n\n<p>West- Eberhard, M. J. (2003). Developmental Plasticity and Evolution, Oxford University Press, NY, xx + 794 pp.<\/p>\n\n\n\n<p>West- Eberhard, M. J. (2005). The maintenance of sex as a developmental trap due to sexual selection. Quarterly Review of Biology 80(1):47-53.<\/p>\n\n\n\n<p>West- Eberhard, M. J. (2005). Developmental plasticity and the origin of species differences. Proceedings National Academy of Sciences USA 102, Suppl. 1:6543-6549.<\/p>\n\n\n\n<p>West- Eberhard, M. J. (2008). Are genes good markers of biological traits? In Biological Indicators, J. Vaupel, K. Wachter, and M. Weinstein (editors), National Academies Press, Washington. pp. 175-193.<\/p>\n\n\n\n<p>West- Eberhard, M. J. (2008). Toward a modern revival of Darwin\u0092s theory of evolutionary novelty. Philosophy of Science. 75(5):899-908.<\/p>\n\n\n\n<p>West- Eberhard, M. J. (2009). Darwinism in the 21st Century. Rendiconti Lincei 20(4):297-299 (Springer: Reports, Accademia Nationale di Lincei, Rome). DOI: 10.1007\/s12210-009-0067-3.<\/p>\n","protected":false},"excerpt":{"rendered":"<p>Mary Jane West- Eberhard Acad\u00e9mico Correspondiente Mary Jane West- Eberhard enfoca su \u00e1rea de investigaci\u00f3n en el desarrollo y la evoluci\u00f3n, plasticidad fenot\u00edpica y evoluci\u00f3n, evoluci\u00f3n del comportamiento social, insectos sociales, biolog\u00eda de avispas sociales, la selecci\u00f3n sexual y social. Entre los cargos que ha ocupado est\u00e1n los siguientes: Postdoctoral Fellow en Biolog\u00eda, Harvard University [&hellip;]<\/p>\n","protected":false},"author":2,"featured_media":628,"parent":0,"menu_order":0,"comment_status":"closed","ping_status":"closed","template":"","meta":{"footnotes":""},"class_list":["post-2410","page","type-page","status-publish","has-post-thumbnail","hentry"],"yoast_head":"<!-- This site is optimized with the Yoast SEO plugin v27.3 - https:\/\/yoast.com\/product\/yoast-seo-wordpress\/ -->\n<title>Mary Jane West- Eberhard - ANC<\/title>\n<meta name=\"robots\" content=\"index, follow, max-snippet:-1, max-image-preview:large, max-video-preview:-1\" \/>\n<link rel=\"canonical\" href=\"https:\/\/www.anc.cr\/en\/mary-jane-west-eberhard\/\" \/>\n<meta property=\"og:locale\" content=\"en_US\" \/>\n<meta property=\"og:type\" content=\"article\" \/>\n<meta property=\"og:title\" content=\"Mary Jane West- Eberhard - ANC\" \/>\n<meta property=\"og:description\" content=\"Mary Jane West- Eberhard Acad\u00e9mico Correspondiente Mary Jane West- Eberhard enfoca su \u00e1rea de investigaci\u00f3n en el desarrollo y la evoluci\u00f3n, plasticidad fenot\u00edpica y evoluci\u00f3n, evoluci\u00f3n del comportamiento social, insectos sociales, biolog\u00eda de avispas sociales, la selecci\u00f3n sexual y social. Entre los cargos que ha ocupado est\u00e1n los siguientes: Postdoctoral Fellow en Biolog\u00eda, Harvard University [&hellip;]\" \/>\n<meta property=\"og:url\" content=\"https:\/\/www.anc.cr\/en\/mary-jane-west-eberhard\/\" \/>\n<meta property=\"og:site_name\" content=\"ANC\" \/>\n<meta property=\"article:modified_time\" content=\"2025-04-23T14:38:49+00:00\" \/>\n<meta property=\"og:image\" content=\"https:\/\/www.anc.cr\/wp-content\/uploads\/2024\/07\/image-37.png\" \/>\n\t<meta property=\"og:image:width\" content=\"400\" \/>\n\t<meta property=\"og:image:height\" content=\"400\" \/>\n\t<meta property=\"og:image:type\" content=\"image\/png\" \/>\n<meta name=\"twitter:card\" content=\"summary_large_image\" \/>\n<meta name=\"twitter:label1\" content=\"Est. reading time\" \/>\n\t<meta name=\"twitter:data1\" content=\"4 minutes\" \/>\n<script type=\"application\/ld+json\" class=\"yoast-schema-graph\">{\"@context\":\"https:\\\/\\\/schema.org\",\"@graph\":[{\"@type\":\"WebPage\",\"@id\":\"https:\\\/\\\/www.anc.cr\\\/mary-jane-west-eberhard\\\/\",\"url\":\"https:\\\/\\\/www.anc.cr\\\/mary-jane-west-eberhard\\\/\",\"name\":\"Mary Jane West- Eberhard - ANC\",\"isPartOf\":{\"@id\":\"https:\\\/\\\/www.anc.cr\\\/#website\"},\"primaryImageOfPage\":{\"@id\":\"https:\\\/\\\/www.anc.cr\\\/mary-jane-west-eberhard\\\/#primaryimage\"},\"image\":{\"@id\":\"https:\\\/\\\/www.anc.cr\\\/mary-jane-west-eberhard\\\/#primaryimage\"},\"thumbnailUrl\":\"https:\\\/\\\/www.anc.cr\\\/wp-content\\\/uploads\\\/2024\\\/07\\\/image-37.png\",\"datePublished\":\"2025-04-23T14:38:47+00:00\",\"dateModified\":\"2025-04-23T14:38:49+00:00\",\"breadcrumb\":{\"@id\":\"https:\\\/\\\/www.anc.cr\\\/mary-jane-west-eberhard\\\/#breadcrumb\"},\"inLanguage\":\"en-US\",\"potentialAction\":[{\"@type\":\"ReadAction\",\"target\":[\"https:\\\/\\\/www.anc.cr\\\/mary-jane-west-eberhard\\\/\"]}]},{\"@type\":\"ImageObject\",\"inLanguage\":\"en-US\",\"@id\":\"https:\\\/\\\/www.anc.cr\\\/mary-jane-west-eberhard\\\/#primaryimage\",\"url\":\"https:\\\/\\\/www.anc.cr\\\/wp-content\\\/uploads\\\/2024\\\/07\\\/image-37.png\",\"contentUrl\":\"https:\\\/\\\/www.anc.cr\\\/wp-content\\\/uploads\\\/2024\\\/07\\\/image-37.png\",\"width\":400,\"height\":400},{\"@type\":\"BreadcrumbList\",\"@id\":\"https:\\\/\\\/www.anc.cr\\\/mary-jane-west-eberhard\\\/#breadcrumb\",\"itemListElement\":[{\"@type\":\"ListItem\",\"position\":1,\"name\":\"Portada\",\"item\":\"https:\\\/\\\/www.anc.cr\\\/\"},{\"@type\":\"ListItem\",\"position\":2,\"name\":\"Mary Jane West- Eberhard\"}]},{\"@type\":\"WebSite\",\"@id\":\"https:\\\/\\\/www.anc.cr\\\/#website\",\"url\":\"https:\\\/\\\/www.anc.cr\\\/\",\"name\":\"ANC\",\"description\":\"Academia Nacional de Ciencias\",\"publisher\":{\"@id\":\"https:\\\/\\\/www.anc.cr\\\/#organization\"},\"potentialAction\":[{\"@type\":\"SearchAction\",\"target\":{\"@type\":\"EntryPoint\",\"urlTemplate\":\"https:\\\/\\\/www.anc.cr\\\/?s={search_term_string}\"},\"query-input\":{\"@type\":\"PropertyValueSpecification\",\"valueRequired\":true,\"valueName\":\"search_term_string\"}}],\"inLanguage\":\"en-US\"},{\"@type\":\"Organization\",\"@id\":\"https:\\\/\\\/www.anc.cr\\\/#organization\",\"name\":\"ANC\",\"url\":\"https:\\\/\\\/www.anc.cr\\\/\",\"logo\":{\"@type\":\"ImageObject\",\"inLanguage\":\"en-US\",\"@id\":\"https:\\\/\\\/www.anc.cr\\\/#\\\/schema\\\/logo\\\/image\\\/\",\"url\":\"https:\\\/\\\/www.anc.cr\\\/wp-content\\\/uploads\\\/2024\\\/07\\\/Logo-ANC-CR.png\",\"contentUrl\":\"https:\\\/\\\/www.anc.cr\\\/wp-content\\\/uploads\\\/2024\\\/07\\\/Logo-ANC-CR.png\",\"width\":1051,\"height\":593,\"caption\":\"ANC\"},\"image\":{\"@id\":\"https:\\\/\\\/www.anc.cr\\\/#\\\/schema\\\/logo\\\/image\\\/\"}}]}<\/script>\n<!-- \/ Yoast SEO plugin. -->","yoast_head_json":{"title":"Mary Jane West- Eberhard - ANC","robots":{"index":"index","follow":"follow","max-snippet":"max-snippet:-1","max-image-preview":"max-image-preview:large","max-video-preview":"max-video-preview:-1"},"canonical":"https:\/\/www.anc.cr\/en\/mary-jane-west-eberhard\/","og_locale":"en_US","og_type":"article","og_title":"Mary Jane West- Eberhard - ANC","og_description":"Mary Jane West- Eberhard Acad\u00e9mico Correspondiente Mary Jane West- Eberhard enfoca su \u00e1rea de investigaci\u00f3n en el desarrollo y la evoluci\u00f3n, plasticidad fenot\u00edpica y evoluci\u00f3n, evoluci\u00f3n del comportamiento social, insectos sociales, biolog\u00eda de avispas sociales, la selecci\u00f3n sexual y social. Entre los cargos que ha ocupado est\u00e1n los siguientes: Postdoctoral Fellow en Biolog\u00eda, Harvard University [&hellip;]","og_url":"https:\/\/www.anc.cr\/en\/mary-jane-west-eberhard\/","og_site_name":"ANC","article_modified_time":"2025-04-23T14:38:49+00:00","og_image":[{"width":400,"height":400,"url":"https:\/\/www.anc.cr\/wp-content\/uploads\/2024\/07\/image-37.png","type":"image\/png"}],"twitter_card":"summary_large_image","twitter_misc":{"Est. reading time":"4 minutes"},"schema":{"@context":"https:\/\/schema.org","@graph":[{"@type":"WebPage","@id":"https:\/\/www.anc.cr\/mary-jane-west-eberhard\/","url":"https:\/\/www.anc.cr\/mary-jane-west-eberhard\/","name":"Mary Jane West- Eberhard - ANC","isPartOf":{"@id":"https:\/\/www.anc.cr\/#website"},"primaryImageOfPage":{"@id":"https:\/\/www.anc.cr\/mary-jane-west-eberhard\/#primaryimage"},"image":{"@id":"https:\/\/www.anc.cr\/mary-jane-west-eberhard\/#primaryimage"},"thumbnailUrl":"https:\/\/www.anc.cr\/wp-content\/uploads\/2024\/07\/image-37.png","datePublished":"2025-04-23T14:38:47+00:00","dateModified":"2025-04-23T14:38:49+00:00","breadcrumb":{"@id":"https:\/\/www.anc.cr\/mary-jane-west-eberhard\/#breadcrumb"},"inLanguage":"en-US","potentialAction":[{"@type":"ReadAction","target":["https:\/\/www.anc.cr\/mary-jane-west-eberhard\/"]}]},{"@type":"ImageObject","inLanguage":"en-US","@id":"https:\/\/www.anc.cr\/mary-jane-west-eberhard\/#primaryimage","url":"https:\/\/www.anc.cr\/wp-content\/uploads\/2024\/07\/image-37.png","contentUrl":"https:\/\/www.anc.cr\/wp-content\/uploads\/2024\/07\/image-37.png","width":400,"height":400},{"@type":"BreadcrumbList","@id":"https:\/\/www.anc.cr\/mary-jane-west-eberhard\/#breadcrumb","itemListElement":[{"@type":"ListItem","position":1,"name":"Portada","item":"https:\/\/www.anc.cr\/"},{"@type":"ListItem","position":2,"name":"Mary Jane West- Eberhard"}]},{"@type":"WebSite","@id":"https:\/\/www.anc.cr\/#website","url":"https:\/\/www.anc.cr\/","name":"ANC","description":"Academia Nacional de Ciencias","publisher":{"@id":"https:\/\/www.anc.cr\/#organization"},"potentialAction":[{"@type":"SearchAction","target":{"@type":"EntryPoint","urlTemplate":"https:\/\/www.anc.cr\/?s={search_term_string}"},"query-input":{"@type":"PropertyValueSpecification","valueRequired":true,"valueName":"search_term_string"}}],"inLanguage":"en-US"},{"@type":"Organization","@id":"https:\/\/www.anc.cr\/#organization","name":"ANC","url":"https:\/\/www.anc.cr\/","logo":{"@type":"ImageObject","inLanguage":"en-US","@id":"https:\/\/www.anc.cr\/#\/schema\/logo\/image\/","url":"https:\/\/www.anc.cr\/wp-content\/uploads\/2024\/07\/Logo-ANC-CR.png","contentUrl":"https:\/\/www.anc.cr\/wp-content\/uploads\/2024\/07\/Logo-ANC-CR.png","width":1051,"height":593,"caption":"ANC"},"image":{"@id":"https:\/\/www.anc.cr\/#\/schema\/logo\/image\/"}}]}},"_links":{"self":[{"href":"https:\/\/www.anc.cr\/en\/wp-json\/wp\/v2\/pages\/2410","targetHints":{"allow":["GET"]}}],"collection":[{"href":"https:\/\/www.anc.cr\/en\/wp-json\/wp\/v2\/pages"}],"about":[{"href":"https:\/\/www.anc.cr\/en\/wp-json\/wp\/v2\/types\/page"}],"author":[{"embeddable":true,"href":"https:\/\/www.anc.cr\/en\/wp-json\/wp\/v2\/users\/2"}],"replies":[{"embeddable":true,"href":"https:\/\/www.anc.cr\/en\/wp-json\/wp\/v2\/comments?post=2410"}],"version-history":[{"count":1,"href":"https:\/\/www.anc.cr\/en\/wp-json\/wp\/v2\/pages\/2410\/revisions"}],"predecessor-version":[{"id":2411,"href":"https:\/\/www.anc.cr\/en\/wp-json\/wp\/v2\/pages\/2410\/revisions\/2411"}],"wp:featuredmedia":[{"embeddable":true,"href":"https:\/\/www.anc.cr\/en\/wp-json\/wp\/v2\/media\/628"}],"wp:attachment":[{"href":"https:\/\/www.anc.cr\/en\/wp-json\/wp\/v2\/media?parent=2410"}],"curies":[{"name":"wp","href":"https:\/\/api.w.org\/{rel}","templated":true}]}}