{"id":2385,"date":"2025-04-22T16:05:45","date_gmt":"2025-04-22T22:05:45","guid":{"rendered":"https:\/\/www.anc.cr\/?page_id=2385"},"modified":"2025-04-22T16:05:48","modified_gmt":"2025-04-22T22:05:48","slug":"misael-chinchilla-carmona","status":"publish","type":"page","link":"https:\/\/www.anc.cr\/en\/misael-chinchilla-carmona\/","title":{"rendered":"Misael Chinchilla Carmona"},"content":{"rendered":"<p><\/p>\n\n\n\n<div class=\"wp-block-columns alignwide are-vertically-aligned-center is-layout-flex wp-container-core-columns-is-layout-47c06fe3 wp-block-columns-is-layout-flex\">\n<div class=\"wp-block-column is-vertically-aligned-center is-layout-flow wp-block-column-is-layout-flow\" style=\"flex-basis:50%\">\n<h3 class=\"wp-block-heading has-x-large-font-size\"><strong>Misael Chinchilla Carmona<\/strong><\/h3>\n\n\n\n<p>Acad\u00e9mico de N\u00famero<\/p>\n\n\n\n<ul class=\"wp-block-list\">\n<li>Profesor em\u00e9rito, Universidad de Costa Rica, San Jos\u00e9, Costa Rica.<\/li>\n\n\n\n<li>Lic., Microbiolog\u00eda y Qu\u00edmica Cl\u00ednica, Universidad de Costa Rica (1966).<\/li>\n\n\n\n<li>MSc., Microbiolog\u00eda \u00e9nfasis en Parasitolog\u00eda, Universidad de Costa Rica (1974).<\/li>\n\n\n\n<li>Ph.D., Patolog\u00eda con \u00e9nfasis en Parasitolog\u00eda, Universidad de Kansas, U.S.A. (1977).\u00a0<\/li>\n<\/ul>\n<\/div>\n\n\n\n<div class=\"wp-block-column is-vertically-aligned-center is-layout-flow wp-block-column-is-layout-flow\" style=\"flex-basis:50%\"><figure style=\"width:500px;height:500px;\" class=\"wp-block-post-featured-image\"><img decoding=\"async\" width=\"400\" height=\"400\" src=\"https:\/\/www.anc.cr\/wp-content\/uploads\/2025\/04\/Misael-Chinchilla-Carmona.png\" class=\"attachment-post-thumbnail size-post-thumbnail wp-post-image\" alt=\"\" style=\"height:500px;object-fit:cover;\" srcset=\"https:\/\/www.anc.cr\/wp-content\/uploads\/2025\/04\/Misael-Chinchilla-Carmona.png 400w, https:\/\/www.anc.cr\/wp-content\/uploads\/2025\/04\/Misael-Chinchilla-Carmona-300x300.png 300w, https:\/\/www.anc.cr\/wp-content\/uploads\/2025\/04\/Misael-Chinchilla-Carmona-150x150.png 150w, https:\/\/www.anc.cr\/wp-content\/uploads\/2025\/04\/Misael-Chinchilla-Carmona-12x12.png 12w\" sizes=\"(max-width: 400px) 100vw, 400px\" \/><\/figure><\/div>\n<\/div>\n\n\n\n<p>Misael Chinchilla ha estudiado los siguientes temas: Par\u00e1sitos intestinales en monos congo, Par\u00e1sitos en monos carablanca,&nbsp; Presencia de protozoarios y microorganismos relacionados con procesos de inmunosupresi\u00f3n humana en coyotes, Trasmisi\u00f3n de Toxoplasma gondii en Costa Rica, Salud de felinos silvestres en cautiverio, Concentraci\u00f3n natural de compuestos antimal\u00e1ricos en artr\u00f3podos tropicales (in vitro),&nbsp; Hallazgo de par\u00e1sitos oportunistas en perros (Canis familiaris) del \u00e1rea metropolitana de Costa Rica, entre otros temas, B\u00fasqueda de componentes activos antimal\u00e1ricos en plantas de la biodiversidad costarricense, entre otros.<\/p>\n\n\n\n<p>Ha ocupado los siguientes cargos: Oficinista en el Registro Civil (1957-58), Asistente en los Laboratorios del Ministerio de Salubridad P\u00fablica (1958-64), Instructor en la C\u00e1tedra de Parasitolog\u00eda para Medicina, en la Facultad de Microbiolog\u00eda, Universidad de Costa Rica (1964), Profesor en la C\u00e1tedra de Protozoolog\u00eda y Parasitolog\u00eda para Medicina, Facultad de Microbiolog\u00eda, Universidad de Costa Rica (1966-72), Vice-Decano de la Facultad de Microbiolog\u00eda, Universidad de Costa Rica (1978), Director Departamento de Parasitolog\u00eda, Facultad de Microbiolog\u00eda, Universidad de Costa Rica (1978), Director del curso de Parasitolog\u00eda M\u00e9dica de la Escuela Aut\u00f3noma de Ciencias M\u00e9dicas \u0096 UCIMED (1978), Fundador y primer Director del Centro de Investigaci\u00f3n y Diagn\u00f3stico en Parasitolog\u00eda (CIDPA) (1980), Decano de la Facultad de Microbiolog\u00eda, Universidad de Costa Rica (1982-90), Revisor de la Revista \u201cInmunology and infectious deseases\u201d. Publicada en Canad\u00e1 (1991) y Rector de la Universidad de Ciencias M\u00e9dicas (2000-2009). Adem\u00e1s, es Miembro fundador de la Academia Nacional de Ciencias (1992) y es Profesor Em\u00e9rito de la Universidad de Costa Rica (2006).&nbsp;<\/p>\n\n\n\n<p>Publicaciones representativas:<\/p>\n\n\n\n<ul class=\"wp-block-list\">\n<li>Calder\u00f3n, O., M. Chinchilla, A. Avenda\u00f1o &amp; M.J. Carvajal.2006. Cin\u00e9tica multiplicativa de Crithidia fasciculata (Kinetoplastida: Trypanosomatidae) en un sistema de cultivo in Vitro Paraasitol. Latinoam. 61: 32-36.<\/li>\n\n\n\n<li>Chinchilla, M. Ch. Gonz\u00e1lez, I. Valerio, G. Guti\u00e9rrez-Espeleta &amp; \u00c1. Ap\u00e9stegui. 2009.\u00a0 Salud de felinos silvestres en cautiverio- Estudio integral en el Centro de Rescate para la Vida Silvestre La Marina-Costa Rica. BRENESIA 71-72: 13-20.<\/li>\n\n\n\n<li>Chinchilla, M., O.M. Guerrero, G. Guti\u00e9rrez &amp; R. S\u00e1nchez. 2006. Presencia de Plasmodium brasilianum (Apicomplexa: Plasmodidae en el mono congo (Alouatta palliata, Primates: Cebidae) de Costa Rica. Importancia epidemiol\u00f3gica en relaci\u00f3n con el ser humano. Parasitol. Latinoam. 61: 192.196.<\/li>\n\n\n\n<li>Chinchilla, M.; O.M. Guerrero, G. Guti\u00e9rrez, R. S\u00e1nchez &amp; I. Valerio. 2007. Par\u00e1sitos en monos carablanca Cebus capucinus (Primates: Cebidae) de Costa Rica. Parasitol. Latinoam. 62: 170-175.<\/li>\n\n\n\n<li>Chinchilla, M., O.M. Guerrero, G. Tamayo,\u00a0 A. Sittenfeld A. Jim\u00e9nez &amp; I. Valerio. 2007. Concentraci\u00f3n natural de compuestos antimal\u00e1ricos en artr\u00f3podos tropicales (in Vitro) Rev. Biol. Trop. (Int. J. Trop. Biol.) 56: 473-485.<\/li>\n\n\n\n<li>Chinchilla M., I. Valerio, O.M. Guerrero, G. Guti\u00e9rrez &amp; R. S\u00e1nchez. 2010.\u00a0 Infecci\u00f3n por par\u00e1sitos intestinales de monos ara\u00f1as (Ateles geoffroyi) (Primates: Cebidae) en cautiverio de Costa\u00a0 Rica.\u00a0\u00a0\u00a0 69: 101-105.<\/li>\n\n\n\n<li>Chinchilla M., I. Valerio, O.M. Guerrero, G. Guti\u00e9rrez &amp; R. S\u00e1nchez. 2010. Parasitismo intestinal en mono titi o ardilla Saimiri oerstedii (Primates: Cebidae) de Costa Rica. 69: 106-11.<\/li>\n\n\n\n<li>Gross, N.T., O.M. Guerrero, M. Chinchilla y C. Jarstrand.\u00a0 Trypanosoma lewisi-induced immunosuppression: 2006.The effects on alveolar macrophages activities against Cryptococcus neoformans.\u00a0 Exp. Parasitol. 113: 262-266.<\/li>\n\n\n\n<li>R\u00edos, N., Carrera, M. Chinchilla, 2, O. M. Guerrero &amp; A. Castro. 2009. Efecto inmunosupresor de Trypanosoma lewisi (Kinetoplastidae) sobre la multiplicaci\u00f3n de Toxoplasma gondii (Sarcocystidae) en macr\u00f3fagos alveolares y peritoneales de rata blanca Rev. Biol. Trop. (Int. J. Trop. Biol.) 57: 13-22<\/li>\n\n\n\n<li>Valerio, I., M. Chinchilla &amp; R. S\u00e1nchez. 2009. Triatoma dispar nuevo trasmisor silvestre de Trypanosoma cruzi en Costa Rica: su\u00a0 implicaci\u00f3n en la epidemiolog\u00eda de la Enfermedad de Chagas. Rev. Ibero-latinoam. Parasitol. 68: 137-141.<\/li>\n\n\n\n<li>\u00a0\u00a0Valerio I., R. Ulate, M Soto &amp; M. Chinchilla. 2010.\u00a0 Hallazgo de par\u00e1sitos oportunistas en perros (Canis familiaris) del \u00e1rea metropolitana de Costa Rica. 69: 52-59.<\/li>\n<\/ul>","protected":false},"excerpt":{"rendered":"<p>Misael Chinchilla Carmona Acad\u00e9mico de N\u00famero Misael Chinchilla ha estudiado los siguientes temas: Par\u00e1sitos intestinales en monos congo, Par\u00e1sitos en monos carablanca,&nbsp; Presencia de protozoarios y microorganismos relacionados con procesos de inmunosupresi\u00f3n humana en coyotes, Trasmisi\u00f3n de Toxoplasma gondii en Costa Rica, Salud de felinos silvestres en cautiverio, Concentraci\u00f3n natural de compuestos antimal\u00e1ricos en artr\u00f3podos [&hellip;]<\/p>\n","protected":false},"author":2,"featured_media":2386,"parent":0,"menu_order":0,"comment_status":"closed","ping_status":"closed","template":"","meta":{"footnotes":""},"class_list":["post-2385","page","type-page","status-publish","has-post-thumbnail","hentry"],"yoast_head":"<!-- This site is optimized with the Yoast SEO plugin v27.3 - https:\/\/yoast.com\/product\/yoast-seo-wordpress\/ -->\n<title>Misael Chinchilla Carmona - ANC<\/title>\n<meta name=\"robots\" content=\"index, follow, max-snippet:-1, max-image-preview:large, max-video-preview:-1\" \/>\n<link rel=\"canonical\" href=\"https:\/\/www.anc.cr\/en\/misael-chinchilla-carmona\/\" \/>\n<meta property=\"og:locale\" content=\"en_US\" \/>\n<meta property=\"og:type\" content=\"article\" \/>\n<meta property=\"og:title\" content=\"Misael Chinchilla Carmona - ANC\" \/>\n<meta property=\"og:description\" content=\"Misael Chinchilla Carmona Acad\u00e9mico de N\u00famero Misael Chinchilla ha estudiado los siguientes temas: Par\u00e1sitos intestinales en monos congo, Par\u00e1sitos en monos carablanca,&nbsp; Presencia de protozoarios y microorganismos relacionados con procesos de inmunosupresi\u00f3n humana en coyotes, Trasmisi\u00f3n de Toxoplasma gondii en Costa Rica, Salud de felinos silvestres en cautiverio, Concentraci\u00f3n natural de compuestos antimal\u00e1ricos en artr\u00f3podos [&hellip;]\" \/>\n<meta property=\"og:url\" content=\"https:\/\/www.anc.cr\/en\/misael-chinchilla-carmona\/\" \/>\n<meta property=\"og:site_name\" content=\"ANC\" \/>\n<meta property=\"article:modified_time\" content=\"2025-04-22T22:05:48+00:00\" \/>\n<meta property=\"og:image\" content=\"https:\/\/www.anc.cr\/wp-content\/uploads\/2025\/04\/Misael-Chinchilla-Carmona.png\" \/>\n\t<meta property=\"og:image:width\" content=\"400\" \/>\n\t<meta property=\"og:image:height\" content=\"400\" \/>\n\t<meta property=\"og:image:type\" content=\"image\/png\" \/>\n<meta name=\"twitter:card\" content=\"summary_large_image\" \/>\n<meta name=\"twitter:label1\" content=\"Est. reading time\" \/>\n\t<meta name=\"twitter:data1\" content=\"4 minutes\" \/>\n<script type=\"application\/ld+json\" class=\"yoast-schema-graph\">{\"@context\":\"https:\\\/\\\/schema.org\",\"@graph\":[{\"@type\":\"WebPage\",\"@id\":\"https:\\\/\\\/www.anc.cr\\\/misael-chinchilla-carmona\\\/\",\"url\":\"https:\\\/\\\/www.anc.cr\\\/misael-chinchilla-carmona\\\/\",\"name\":\"Misael Chinchilla Carmona - ANC\",\"isPartOf\":{\"@id\":\"https:\\\/\\\/www.anc.cr\\\/#website\"},\"primaryImageOfPage\":{\"@id\":\"https:\\\/\\\/www.anc.cr\\\/misael-chinchilla-carmona\\\/#primaryimage\"},\"image\":{\"@id\":\"https:\\\/\\\/www.anc.cr\\\/misael-chinchilla-carmona\\\/#primaryimage\"},\"thumbnailUrl\":\"https:\\\/\\\/www.anc.cr\\\/wp-content\\\/uploads\\\/2025\\\/04\\\/Misael-Chinchilla-Carmona.png\",\"datePublished\":\"2025-04-22T22:05:45+00:00\",\"dateModified\":\"2025-04-22T22:05:48+00:00\",\"breadcrumb\":{\"@id\":\"https:\\\/\\\/www.anc.cr\\\/misael-chinchilla-carmona\\\/#breadcrumb\"},\"inLanguage\":\"en-US\",\"potentialAction\":[{\"@type\":\"ReadAction\",\"target\":[\"https:\\\/\\\/www.anc.cr\\\/misael-chinchilla-carmona\\\/\"]}]},{\"@type\":\"ImageObject\",\"inLanguage\":\"en-US\",\"@id\":\"https:\\\/\\\/www.anc.cr\\\/misael-chinchilla-carmona\\\/#primaryimage\",\"url\":\"https:\\\/\\\/www.anc.cr\\\/wp-content\\\/uploads\\\/2025\\\/04\\\/Misael-Chinchilla-Carmona.png\",\"contentUrl\":\"https:\\\/\\\/www.anc.cr\\\/wp-content\\\/uploads\\\/2025\\\/04\\\/Misael-Chinchilla-Carmona.png\",\"width\":400,\"height\":400},{\"@type\":\"BreadcrumbList\",\"@id\":\"https:\\\/\\\/www.anc.cr\\\/misael-chinchilla-carmona\\\/#breadcrumb\",\"itemListElement\":[{\"@type\":\"ListItem\",\"position\":1,\"name\":\"Portada\",\"item\":\"https:\\\/\\\/www.anc.cr\\\/\"},{\"@type\":\"ListItem\",\"position\":2,\"name\":\"Misael Chinchilla Carmona\"}]},{\"@type\":\"WebSite\",\"@id\":\"https:\\\/\\\/www.anc.cr\\\/#website\",\"url\":\"https:\\\/\\\/www.anc.cr\\\/\",\"name\":\"ANC\",\"description\":\"Academia Nacional de Ciencias\",\"publisher\":{\"@id\":\"https:\\\/\\\/www.anc.cr\\\/#organization\"},\"potentialAction\":[{\"@type\":\"SearchAction\",\"target\":{\"@type\":\"EntryPoint\",\"urlTemplate\":\"https:\\\/\\\/www.anc.cr\\\/?s={search_term_string}\"},\"query-input\":{\"@type\":\"PropertyValueSpecification\",\"valueRequired\":true,\"valueName\":\"search_term_string\"}}],\"inLanguage\":\"en-US\"},{\"@type\":\"Organization\",\"@id\":\"https:\\\/\\\/www.anc.cr\\\/#organization\",\"name\":\"ANC\",\"url\":\"https:\\\/\\\/www.anc.cr\\\/\",\"logo\":{\"@type\":\"ImageObject\",\"inLanguage\":\"en-US\",\"@id\":\"https:\\\/\\\/www.anc.cr\\\/#\\\/schema\\\/logo\\\/image\\\/\",\"url\":\"https:\\\/\\\/www.anc.cr\\\/wp-content\\\/uploads\\\/2024\\\/07\\\/Logo-ANC-CR.png\",\"contentUrl\":\"https:\\\/\\\/www.anc.cr\\\/wp-content\\\/uploads\\\/2024\\\/07\\\/Logo-ANC-CR.png\",\"width\":1051,\"height\":593,\"caption\":\"ANC\"},\"image\":{\"@id\":\"https:\\\/\\\/www.anc.cr\\\/#\\\/schema\\\/logo\\\/image\\\/\"}}]}<\/script>\n<!-- \/ Yoast SEO plugin. -->","yoast_head_json":{"title":"Misael Chinchilla Carmona - ANC","robots":{"index":"index","follow":"follow","max-snippet":"max-snippet:-1","max-image-preview":"max-image-preview:large","max-video-preview":"max-video-preview:-1"},"canonical":"https:\/\/www.anc.cr\/en\/misael-chinchilla-carmona\/","og_locale":"en_US","og_type":"article","og_title":"Misael Chinchilla Carmona - ANC","og_description":"Misael Chinchilla Carmona Acad\u00e9mico de N\u00famero Misael Chinchilla ha estudiado los siguientes temas: Par\u00e1sitos intestinales en monos congo, Par\u00e1sitos en monos carablanca,&nbsp; Presencia de protozoarios y microorganismos relacionados con procesos de inmunosupresi\u00f3n humana en coyotes, Trasmisi\u00f3n de Toxoplasma gondii en Costa Rica, Salud de felinos silvestres en cautiverio, Concentraci\u00f3n natural de compuestos antimal\u00e1ricos en artr\u00f3podos [&hellip;]","og_url":"https:\/\/www.anc.cr\/en\/misael-chinchilla-carmona\/","og_site_name":"ANC","article_modified_time":"2025-04-22T22:05:48+00:00","og_image":[{"width":400,"height":400,"url":"https:\/\/www.anc.cr\/wp-content\/uploads\/2025\/04\/Misael-Chinchilla-Carmona.png","type":"image\/png"}],"twitter_card":"summary_large_image","twitter_misc":{"Est. reading time":"4 minutes"},"schema":{"@context":"https:\/\/schema.org","@graph":[{"@type":"WebPage","@id":"https:\/\/www.anc.cr\/misael-chinchilla-carmona\/","url":"https:\/\/www.anc.cr\/misael-chinchilla-carmona\/","name":"Misael Chinchilla Carmona - ANC","isPartOf":{"@id":"https:\/\/www.anc.cr\/#website"},"primaryImageOfPage":{"@id":"https:\/\/www.anc.cr\/misael-chinchilla-carmona\/#primaryimage"},"image":{"@id":"https:\/\/www.anc.cr\/misael-chinchilla-carmona\/#primaryimage"},"thumbnailUrl":"https:\/\/www.anc.cr\/wp-content\/uploads\/2025\/04\/Misael-Chinchilla-Carmona.png","datePublished":"2025-04-22T22:05:45+00:00","dateModified":"2025-04-22T22:05:48+00:00","breadcrumb":{"@id":"https:\/\/www.anc.cr\/misael-chinchilla-carmona\/#breadcrumb"},"inLanguage":"en-US","potentialAction":[{"@type":"ReadAction","target":["https:\/\/www.anc.cr\/misael-chinchilla-carmona\/"]}]},{"@type":"ImageObject","inLanguage":"en-US","@id":"https:\/\/www.anc.cr\/misael-chinchilla-carmona\/#primaryimage","url":"https:\/\/www.anc.cr\/wp-content\/uploads\/2025\/04\/Misael-Chinchilla-Carmona.png","contentUrl":"https:\/\/www.anc.cr\/wp-content\/uploads\/2025\/04\/Misael-Chinchilla-Carmona.png","width":400,"height":400},{"@type":"BreadcrumbList","@id":"https:\/\/www.anc.cr\/misael-chinchilla-carmona\/#breadcrumb","itemListElement":[{"@type":"ListItem","position":1,"name":"Portada","item":"https:\/\/www.anc.cr\/"},{"@type":"ListItem","position":2,"name":"Misael Chinchilla Carmona"}]},{"@type":"WebSite","@id":"https:\/\/www.anc.cr\/#website","url":"https:\/\/www.anc.cr\/","name":"ANC","description":"Academia Nacional de Ciencias","publisher":{"@id":"https:\/\/www.anc.cr\/#organization"},"potentialAction":[{"@type":"SearchAction","target":{"@type":"EntryPoint","urlTemplate":"https:\/\/www.anc.cr\/?s={search_term_string}"},"query-input":{"@type":"PropertyValueSpecification","valueRequired":true,"valueName":"search_term_string"}}],"inLanguage":"en-US"},{"@type":"Organization","@id":"https:\/\/www.anc.cr\/#organization","name":"ANC","url":"https:\/\/www.anc.cr\/","logo":{"@type":"ImageObject","inLanguage":"en-US","@id":"https:\/\/www.anc.cr\/#\/schema\/logo\/image\/","url":"https:\/\/www.anc.cr\/wp-content\/uploads\/2024\/07\/Logo-ANC-CR.png","contentUrl":"https:\/\/www.anc.cr\/wp-content\/uploads\/2024\/07\/Logo-ANC-CR.png","width":1051,"height":593,"caption":"ANC"},"image":{"@id":"https:\/\/www.anc.cr\/#\/schema\/logo\/image\/"}}]}},"_links":{"self":[{"href":"https:\/\/www.anc.cr\/en\/wp-json\/wp\/v2\/pages\/2385","targetHints":{"allow":["GET"]}}],"collection":[{"href":"https:\/\/www.anc.cr\/en\/wp-json\/wp\/v2\/pages"}],"about":[{"href":"https:\/\/www.anc.cr\/en\/wp-json\/wp\/v2\/types\/page"}],"author":[{"embeddable":true,"href":"https:\/\/www.anc.cr\/en\/wp-json\/wp\/v2\/users\/2"}],"replies":[{"embeddable":true,"href":"https:\/\/www.anc.cr\/en\/wp-json\/wp\/v2\/comments?post=2385"}],"version-history":[{"count":1,"href":"https:\/\/www.anc.cr\/en\/wp-json\/wp\/v2\/pages\/2385\/revisions"}],"predecessor-version":[{"id":2387,"href":"https:\/\/www.anc.cr\/en\/wp-json\/wp\/v2\/pages\/2385\/revisions\/2387"}],"wp:featuredmedia":[{"embeddable":true,"href":"https:\/\/www.anc.cr\/en\/wp-json\/wp\/v2\/media\/2386"}],"wp:attachment":[{"href":"https:\/\/www.anc.cr\/en\/wp-json\/wp\/v2\/media?parent=2385"}],"curies":[{"name":"wp","href":"https:\/\/api.w.org\/{rel}","templated":true}]}}