{"id":2367,"date":"2025-04-22T14:50:41","date_gmt":"2025-04-22T20:50:41","guid":{"rendered":"https:\/\/www.anc.cr\/?page_id=2367"},"modified":"2025-04-24T09:56:41","modified_gmt":"2025-04-24T15:56:41","slug":"priscila-chaverri-echandi","status":"publish","type":"page","link":"https:\/\/www.anc.cr\/en\/priscila-chaverri-echandi\/","title":{"rendered":"Priscila Chaverri Echandi"},"content":{"rendered":"<p><\/p>\n\n\n\n<div class=\"wp-block-columns alignwide are-vertically-aligned-center is-layout-flex wp-container-core-columns-is-layout-47c06fe3 wp-block-columns-is-layout-flex\">\n<div class=\"wp-block-column is-vertically-aligned-center is-layout-flow wp-block-column-is-layout-flow\" style=\"flex-basis:50%\">\n<h3 class=\"wp-block-heading has-x-large-font-size\"><strong>Priscila Chaverri Echandi<\/strong><\/h3>\n\n\n\n<p>Acad\u00e9mico de N\u00famero<\/p>\n\n\n\n<ul class=\"wp-block-list\">\n<li>BSc en Ingenier\u00eda Forestal, Instituto Tecnol\u00f3gico de Costa Rica. 1987-1993<\/li>\n\n\n\n<li>PhD en Patolog\u00eda Forestal, The Pennsylvania State University, Estados Unidos. 1998-2003<\/li>\n\n\n\n<li>Profesora Asociada, Escuela de Biolog\u00eda, Universidad de Costa Rica. 2013-presente<\/li>\n\n\n\n<li>Investigadora visitante (ORISE Fellow), Mycology and Nematology Genetic Diversity and Biology Laboratory, Agricultural Research Service, U.S. Department of Agriculture, Estados Unidos. 2020-presente<\/li>\n\n\n\n<li>Profesora en Department of Plant Sciences and Landscape Architecture, University of Maryland, Estados Unidos. 2008-2018<\/li>\n\n\n\n<li>Profesora en Department of Biology, Howard University, Estados Unidos. 2005-2008<\/li>\n\n\n\n<li>Postdoctorado, Plant Pathology and Plant-Microbe Biology Section, Cornell University, Estados Unidos. 2003-2005<\/li>\n<\/ul>\n<\/div>\n\n\n\n<div class=\"wp-block-column is-vertically-aligned-center is-layout-flow wp-block-column-is-layout-flow\" style=\"flex-basis:50%\"><figure style=\"width:500px;height:500px;\" class=\"wp-block-post-featured-image\"><img decoding=\"async\" width=\"296\" height=\"307\" src=\"https:\/\/www.anc.cr\/wp-content\/uploads\/2024\/07\/image-25.png\" class=\"attachment-post-thumbnail size-post-thumbnail wp-post-image\" alt=\"\" style=\"height:500px;object-fit:cover;\" srcset=\"https:\/\/www.anc.cr\/wp-content\/uploads\/2024\/07\/image-25.png 296w, https:\/\/www.anc.cr\/wp-content\/uploads\/2024\/07\/image-25-289x300.png 289w\" sizes=\"(max-width: 296px) 100vw, 296px\" \/><\/figure><\/div>\n<\/div>\n\n\n\n<p><\/p>\n\n\n\n<hr class=\"wp-block-separator has-alpha-channel-opacity\"\/>\n\n\n\n<p><\/p>\n\n\n\n<p><strong>Otras afiliaciones:<\/strong><\/p>\n\n\n\n<p>Centro de Investigaciones en Productos Naturales (CIPRONA), Universidad de Costa Rica<\/p>\n\n\n\n<p>Profesora adjunta, Department of Civil and Environmental Engineering, University of Maryland<\/p>\n\n\n\n<p>La Dra. Priscila Chaverri se especializa en sistem\u00e1tica, taxonom\u00eda, evoluci\u00f3n y filogen\u00e9tica&nbsp;de hongos ascomicetos. El enfoque m\u00e1s reciente de sus investigaciones ha sido el uso de la sistem\u00e1tica, filogen\u00e9tica\/filogen\u00f3mica, gen\u00f3mica y metabol\u00f3mica para predecir las funciones ecol\u00f3gicas y la actividad biol\u00f3gica de los hongos que se encuentran en los fitobiomas naturales, con \u00e9nfasis en control biol\u00f3gico y agricultura sostenible. Ella tiene aproximadamente 100 publicaciones, incluyendo varias monograf\u00edas y libros. Ha obtenido m\u00e1s de 9 millones de d\u00f3lares en financiamientos (incluyendo colaboraciones) en Estados Unidos y Costa Rica. Adem\u00e1s, ha recibido varios premios, incluyendo Cient\u00edfica Destacada 2016 (ANC y MICITT); premio C. J. Alexopolous 2013, el cu\u00e1l es otorgado por la Sociedad Micol\u00f3gica de Am\u00e9rica a un(a) mic\u00f3logo(a) joven; y \u201cFace of the Future in Mycology\u201d (Cara del Futuro en Micolog\u00eda) (2008) de la Sociedad Americana de Fitopatolog\u00eda. Ha descrito m\u00e1s de 100 especies nuevas para la ciencia, la mayor\u00eda de regiones tropicales. En 2015, W. Jaklitsch &amp; H. Voglmayr le dedicaron una especie nueva de hongo,&nbsp;<em>Trichoderma priscilae<\/em>, por sus contribuciones a la sistem\u00e1tica de&nbsp;<em>Trichoderma<\/em>.\u201d&nbsp;<\/p>\n\n\n\n<p><strong>Publicaciones importantes o destacadas&nbsp;<\/strong><\/p>\n\n\n\n<p>Para una lista completa, ir a&nbsp;<a href=\"http:\/\/www.chaverrifungi.com\/\">www.chaverrifungi.com<\/a><\/p>\n\n\n\n<p>Chaverri, P., Chaverri, G. 2022. Fungal communities in feces of the frugivorous bat&nbsp;<em>Ectophylla alba<\/em>&nbsp;and its highly specialized&nbsp;<em>Ficus colubrinae<\/em>&nbsp;diet.&nbsp;<em>Animal Microbiome<\/em>&nbsp;4: 24<\/p>\n\n\n\n<p>Escudero-Leyva, E., Alfaro-Vargas, P., Mu\u00f1oz-Arrieta, R., Charpentier-Alfaro, C., Granados-Montero, M., Alvarado-Picado, E., Rodr\u00edguez-Rodr\u00edguez, C., Chaverri, P., Mora-Villalobos, A. 2022. Tolerance and biological removal of fungicides by&nbsp;<em>Trichoderma<\/em>&nbsp;species isolated from the endosphere of wild Rubiaceae plants.&nbsp;<em>Frontiers in Agronomy<\/em>&nbsp;3: 772170 (P. Chaverri: corresponding author)<\/p>\n\n\n\n<p>Barrera, V., Iannone, L., Romero, A. I., Chaverri, P. 2021. Expanding the&nbsp;<em>Trichoderma harzianum<\/em>&nbsp;species complex: Two new species from Argentinian natural and cultivated ecosystems.&nbsp;<em>Mycologia<\/em>&nbsp;113: 1136-1155.<\/p>\n\n\n\n<p>Seas, C., Chaverri, P. 2020. Response to experimental temperature increase by psychrophilic plant endosymbionts.&nbsp;<em>Royal Society Open Science<\/em>&nbsp;7: 201405.<\/p>\n\n\n\n<p>Pujade-Renaud, V., M. D\u00e9on, R. Gazis, S. Ribeiro, S. Labernia, F. Granet, F. Dessailly, P. Chaverri. 2019. Endophytes from wild rubber trees as antagonists of the pathogen&nbsp;<em>Corynespora<\/em>&nbsp;<em>cassiicola<\/em>.&nbsp;<em>Phytopathology<\/em>&nbsp;109:1888-1899.<\/p>\n\n\n\n<p>Skaltsas, D., Badotti, F., Vaz, A.B.M., Gazis, R., Wurdack, K., Castlebury, L.A., G\u00f3esNeto, A., Chaverri, P. 2019. Exploration of stem endophytic communities revealed developmental stage as one of the drivers of fungal endophytic community assemblages in two Amazonian hardwood genera.&nbsp;<em>Scientific Reports<\/em>&nbsp;9: 12685.<\/p>\n\n\n\n<p>Salgado-Salazar, C., Rossman, A.Y., Chaverri, P. 2016. The genus&nbsp;<em>Thelonectria<\/em>&nbsp;(Nectriaceae, Hypocreales, Ascomycota) and closely related species with cylindrocarpon-like asexual states.&nbsp;<em>Fungal Diversity<\/em>&nbsp;80: 411\u2013455. (Monograf\u00eda)<\/p>\n\n\n\n<p>Gazis, R., Chaverri, P. 2015. Wild trees in the Amazon basin harbor a great diversity of beneficial endosymbiotic fungi: Is this evidence of protective mutualism?&nbsp;<em>Fungal Ecology<\/em>&nbsp;17: 18-29.<\/p>\n\n\n\n<p>Chaverri, P., Branco-Rocha, F., Jaklitsch, W., Degenkolb, T., Gazis, R., Samuels, G.J. 2015. Systematics of the&nbsp;<em>Trichoderma harzianum<\/em>&nbsp;species complex and the reidentification of commercial biocontrol strains.&nbsp;<em>Mycologia<\/em>&nbsp;107:558-590.<\/p>\n\n\n\n<p>Chaverri, P., Samuels, G.J. 2013. Evolution of habitat preference and nutrition mode in a cosmopolitan fungal genus with evidence of interkingdom host jumps and major shifts in ecology.&nbsp;<em>Evolution<\/em>&nbsp;67: 2823-2837.<\/p>\n\n\n\n<p>Schoch, C.L., Seifert, K.A., Huhndorf, S., Robert, V., Spouge, J.L., Levesque, A.,Chen, W., and Fungal Barcoding Consortium*. 2012. Nuclear ribosomal internal transcribed spacer (ITS) region as a universal DNA barcode marker for Fungi.&nbsp;<em>Proc. Nat. Acad. Sci<\/em>. 109: 6241-6246. *P. Chaverri es parte del Fungal Barcoding Consortium.<\/p>\n\n\n\n<p>Hirooka, Y., Rossman, A.Y., Samuels, G.J., Lechat, C., Chaverri, P. 2012. A monograph of&nbsp;<em>Allantonectria, Nectria<\/em>, and&nbsp;<em>Pleonectria<\/em>&nbsp;(Nectriaceae, Hypocreales, Ascomycota) and their pycnidial, sporodochial, and synnematous anamorphs.&nbsp;<em>Studies in Mycology<\/em>&nbsp;71: 1210. (Monograf\u00eda)<\/p>\n\n\n\n<p>Chaverri, P., Huhndorf, S., Rogers, J., Samuels, G.J. 2010. Microhongos Comunes de Costa Rica y otras regiones tropicales (Ascomycota, Pezizomycotina, Sordariomycetes). Common Microfungi of Costa Rica and other tropical regions (Ascomycota, Pezizomycotina, Sordariomycetes). INBio Editorial: Heredia. 241 pp. + 60 lam. pp. (Libro)<\/p>\n\n\n\n<p>Chaverri, P., Liu, M., Hodge, K.T. 2008. Neotropical&nbsp;<em>Hypocrella<\/em>&nbsp;(anamorph&nbsp;<em>Aschersonia<\/em>),&nbsp;<em>Moelleriella<\/em>, and&nbsp;<em>Samuelsia<\/em>.&nbsp;<em>Studies in Mycology<\/em>&nbsp;60: 1-68. (Monograf\u00eda)<\/p>\n\n\n\n<p>Chaverri, P., Samuels, G.J. 2003.&nbsp;<em>Hypocrea\/Trichoderma&nbsp;<\/em>(<em>Ascomycota<\/em>,&nbsp;<em>Hypocreales<\/em>,&nbsp;<em>Hypocreaceae<\/em>): Species with green ascospores.&nbsp;<em>Studies in Mycology<\/em>&nbsp;48: 1-116. (Monograf\u00eda)<\/p>","protected":false},"excerpt":{"rendered":"<p>Priscila Chaverri Echandi Acad\u00e9mico de N\u00famero Otras afiliaciones: Centro de Investigaciones en Productos Naturales (CIPRONA), Universidad de Costa Rica Profesora adjunta, Department of Civil and Environmental Engineering, University of Maryland La Dra. Priscila Chaverri se especializa en sistem\u00e1tica, taxonom\u00eda, evoluci\u00f3n y filogen\u00e9tica&nbsp;de hongos ascomicetos. El enfoque m\u00e1s reciente de sus investigaciones ha sido el uso [&hellip;]<\/p>\n","protected":false},"author":2,"featured_media":497,"parent":0,"menu_order":0,"comment_status":"closed","ping_status":"closed","template":"","meta":{"footnotes":""},"class_list":["post-2367","page","type-page","status-publish","has-post-thumbnail","hentry"],"yoast_head":"<!-- This site is optimized with the Yoast SEO plugin v27.3 - https:\/\/yoast.com\/product\/yoast-seo-wordpress\/ -->\n<title>Priscila Chaverri Echandi - ANC<\/title>\n<meta name=\"robots\" content=\"index, follow, max-snippet:-1, max-image-preview:large, max-video-preview:-1\" \/>\n<link rel=\"canonical\" href=\"https:\/\/www.anc.cr\/en\/priscila-chaverri-echandi\/\" \/>\n<meta property=\"og:locale\" content=\"en_US\" \/>\n<meta property=\"og:type\" content=\"article\" \/>\n<meta property=\"og:title\" content=\"Priscila Chaverri Echandi - ANC\" \/>\n<meta property=\"og:description\" content=\"Priscila Chaverri Echandi Acad\u00e9mico de N\u00famero Otras afiliaciones: Centro de Investigaciones en Productos Naturales (CIPRONA), Universidad de Costa Rica Profesora adjunta, Department of Civil and Environmental Engineering, University of Maryland La Dra. Priscila Chaverri se especializa en sistem\u00e1tica, taxonom\u00eda, evoluci\u00f3n y filogen\u00e9tica&nbsp;de hongos ascomicetos. El enfoque m\u00e1s reciente de sus investigaciones ha sido el uso [&hellip;]\" \/>\n<meta property=\"og:url\" content=\"https:\/\/www.anc.cr\/en\/priscila-chaverri-echandi\/\" \/>\n<meta property=\"og:site_name\" content=\"ANC\" \/>\n<meta property=\"article:modified_time\" content=\"2025-04-24T15:56:41+00:00\" \/>\n<meta property=\"og:image\" content=\"https:\/\/www.anc.cr\/wp-content\/uploads\/2024\/07\/image-25.png\" \/>\n\t<meta property=\"og:image:width\" content=\"296\" \/>\n\t<meta property=\"og:image:height\" content=\"307\" \/>\n\t<meta property=\"og:image:type\" content=\"image\/png\" \/>\n<meta name=\"twitter:card\" content=\"summary_large_image\" \/>\n<meta name=\"twitter:label1\" content=\"Est. reading time\" \/>\n\t<meta name=\"twitter:data1\" content=\"4 minutes\" \/>\n<script type=\"application\/ld+json\" class=\"yoast-schema-graph\">{\"@context\":\"https:\\\/\\\/schema.org\",\"@graph\":[{\"@type\":\"WebPage\",\"@id\":\"https:\\\/\\\/www.anc.cr\\\/priscila-chaverri-echandi\\\/\",\"url\":\"https:\\\/\\\/www.anc.cr\\\/priscila-chaverri-echandi\\\/\",\"name\":\"Priscila Chaverri Echandi - ANC\",\"isPartOf\":{\"@id\":\"https:\\\/\\\/www.anc.cr\\\/#website\"},\"primaryImageOfPage\":{\"@id\":\"https:\\\/\\\/www.anc.cr\\\/priscila-chaverri-echandi\\\/#primaryimage\"},\"image\":{\"@id\":\"https:\\\/\\\/www.anc.cr\\\/priscila-chaverri-echandi\\\/#primaryimage\"},\"thumbnailUrl\":\"https:\\\/\\\/www.anc.cr\\\/wp-content\\\/uploads\\\/2024\\\/07\\\/image-25.png\",\"datePublished\":\"2025-04-22T20:50:41+00:00\",\"dateModified\":\"2025-04-24T15:56:41+00:00\",\"breadcrumb\":{\"@id\":\"https:\\\/\\\/www.anc.cr\\\/priscila-chaverri-echandi\\\/#breadcrumb\"},\"inLanguage\":\"en-US\",\"potentialAction\":[{\"@type\":\"ReadAction\",\"target\":[\"https:\\\/\\\/www.anc.cr\\\/priscila-chaverri-echandi\\\/\"]}]},{\"@type\":\"ImageObject\",\"inLanguage\":\"en-US\",\"@id\":\"https:\\\/\\\/www.anc.cr\\\/priscila-chaverri-echandi\\\/#primaryimage\",\"url\":\"https:\\\/\\\/www.anc.cr\\\/wp-content\\\/uploads\\\/2024\\\/07\\\/image-25.png\",\"contentUrl\":\"https:\\\/\\\/www.anc.cr\\\/wp-content\\\/uploads\\\/2024\\\/07\\\/image-25.png\",\"width\":296,\"height\":307},{\"@type\":\"BreadcrumbList\",\"@id\":\"https:\\\/\\\/www.anc.cr\\\/priscila-chaverri-echandi\\\/#breadcrumb\",\"itemListElement\":[{\"@type\":\"ListItem\",\"position\":1,\"name\":\"Portada\",\"item\":\"https:\\\/\\\/www.anc.cr\\\/\"},{\"@type\":\"ListItem\",\"position\":2,\"name\":\"Priscila Chaverri Echandi\"}]},{\"@type\":\"WebSite\",\"@id\":\"https:\\\/\\\/www.anc.cr\\\/#website\",\"url\":\"https:\\\/\\\/www.anc.cr\\\/\",\"name\":\"ANC\",\"description\":\"Academia Nacional de Ciencias\",\"publisher\":{\"@id\":\"https:\\\/\\\/www.anc.cr\\\/#organization\"},\"potentialAction\":[{\"@type\":\"SearchAction\",\"target\":{\"@type\":\"EntryPoint\",\"urlTemplate\":\"https:\\\/\\\/www.anc.cr\\\/?s={search_term_string}\"},\"query-input\":{\"@type\":\"PropertyValueSpecification\",\"valueRequired\":true,\"valueName\":\"search_term_string\"}}],\"inLanguage\":\"en-US\"},{\"@type\":\"Organization\",\"@id\":\"https:\\\/\\\/www.anc.cr\\\/#organization\",\"name\":\"ANC\",\"url\":\"https:\\\/\\\/www.anc.cr\\\/\",\"logo\":{\"@type\":\"ImageObject\",\"inLanguage\":\"en-US\",\"@id\":\"https:\\\/\\\/www.anc.cr\\\/#\\\/schema\\\/logo\\\/image\\\/\",\"url\":\"https:\\\/\\\/www.anc.cr\\\/wp-content\\\/uploads\\\/2024\\\/07\\\/Logo-ANC-CR.png\",\"contentUrl\":\"https:\\\/\\\/www.anc.cr\\\/wp-content\\\/uploads\\\/2024\\\/07\\\/Logo-ANC-CR.png\",\"width\":1051,\"height\":593,\"caption\":\"ANC\"},\"image\":{\"@id\":\"https:\\\/\\\/www.anc.cr\\\/#\\\/schema\\\/logo\\\/image\\\/\"}}]}<\/script>\n<!-- \/ Yoast SEO plugin. -->","yoast_head_json":{"title":"Priscila Chaverri Echandi - ANC","robots":{"index":"index","follow":"follow","max-snippet":"max-snippet:-1","max-image-preview":"max-image-preview:large","max-video-preview":"max-video-preview:-1"},"canonical":"https:\/\/www.anc.cr\/en\/priscila-chaverri-echandi\/","og_locale":"en_US","og_type":"article","og_title":"Priscila Chaverri Echandi - ANC","og_description":"Priscila Chaverri Echandi Acad\u00e9mico de N\u00famero Otras afiliaciones: Centro de Investigaciones en Productos Naturales (CIPRONA), Universidad de Costa Rica Profesora adjunta, Department of Civil and Environmental Engineering, University of Maryland La Dra. Priscila Chaverri se especializa en sistem\u00e1tica, taxonom\u00eda, evoluci\u00f3n y filogen\u00e9tica&nbsp;de hongos ascomicetos. El enfoque m\u00e1s reciente de sus investigaciones ha sido el uso [&hellip;]","og_url":"https:\/\/www.anc.cr\/en\/priscila-chaverri-echandi\/","og_site_name":"ANC","article_modified_time":"2025-04-24T15:56:41+00:00","og_image":[{"width":296,"height":307,"url":"https:\/\/www.anc.cr\/wp-content\/uploads\/2024\/07\/image-25.png","type":"image\/png"}],"twitter_card":"summary_large_image","twitter_misc":{"Est. reading time":"4 minutes"},"schema":{"@context":"https:\/\/schema.org","@graph":[{"@type":"WebPage","@id":"https:\/\/www.anc.cr\/priscila-chaverri-echandi\/","url":"https:\/\/www.anc.cr\/priscila-chaverri-echandi\/","name":"Priscila Chaverri Echandi - ANC","isPartOf":{"@id":"https:\/\/www.anc.cr\/#website"},"primaryImageOfPage":{"@id":"https:\/\/www.anc.cr\/priscila-chaverri-echandi\/#primaryimage"},"image":{"@id":"https:\/\/www.anc.cr\/priscila-chaverri-echandi\/#primaryimage"},"thumbnailUrl":"https:\/\/www.anc.cr\/wp-content\/uploads\/2024\/07\/image-25.png","datePublished":"2025-04-22T20:50:41+00:00","dateModified":"2025-04-24T15:56:41+00:00","breadcrumb":{"@id":"https:\/\/www.anc.cr\/priscila-chaverri-echandi\/#breadcrumb"},"inLanguage":"en-US","potentialAction":[{"@type":"ReadAction","target":["https:\/\/www.anc.cr\/priscila-chaverri-echandi\/"]}]},{"@type":"ImageObject","inLanguage":"en-US","@id":"https:\/\/www.anc.cr\/priscila-chaverri-echandi\/#primaryimage","url":"https:\/\/www.anc.cr\/wp-content\/uploads\/2024\/07\/image-25.png","contentUrl":"https:\/\/www.anc.cr\/wp-content\/uploads\/2024\/07\/image-25.png","width":296,"height":307},{"@type":"BreadcrumbList","@id":"https:\/\/www.anc.cr\/priscila-chaverri-echandi\/#breadcrumb","itemListElement":[{"@type":"ListItem","position":1,"name":"Portada","item":"https:\/\/www.anc.cr\/"},{"@type":"ListItem","position":2,"name":"Priscila Chaverri Echandi"}]},{"@type":"WebSite","@id":"https:\/\/www.anc.cr\/#website","url":"https:\/\/www.anc.cr\/","name":"ANC","description":"Academia Nacional de Ciencias","publisher":{"@id":"https:\/\/www.anc.cr\/#organization"},"potentialAction":[{"@type":"SearchAction","target":{"@type":"EntryPoint","urlTemplate":"https:\/\/www.anc.cr\/?s={search_term_string}"},"query-input":{"@type":"PropertyValueSpecification","valueRequired":true,"valueName":"search_term_string"}}],"inLanguage":"en-US"},{"@type":"Organization","@id":"https:\/\/www.anc.cr\/#organization","name":"ANC","url":"https:\/\/www.anc.cr\/","logo":{"@type":"ImageObject","inLanguage":"en-US","@id":"https:\/\/www.anc.cr\/#\/schema\/logo\/image\/","url":"https:\/\/www.anc.cr\/wp-content\/uploads\/2024\/07\/Logo-ANC-CR.png","contentUrl":"https:\/\/www.anc.cr\/wp-content\/uploads\/2024\/07\/Logo-ANC-CR.png","width":1051,"height":593,"caption":"ANC"},"image":{"@id":"https:\/\/www.anc.cr\/#\/schema\/logo\/image\/"}}]}},"_links":{"self":[{"href":"https:\/\/www.anc.cr\/en\/wp-json\/wp\/v2\/pages\/2367","targetHints":{"allow":["GET"]}}],"collection":[{"href":"https:\/\/www.anc.cr\/en\/wp-json\/wp\/v2\/pages"}],"about":[{"href":"https:\/\/www.anc.cr\/en\/wp-json\/wp\/v2\/types\/page"}],"author":[{"embeddable":true,"href":"https:\/\/www.anc.cr\/en\/wp-json\/wp\/v2\/users\/2"}],"replies":[{"embeddable":true,"href":"https:\/\/www.anc.cr\/en\/wp-json\/wp\/v2\/comments?post=2367"}],"version-history":[{"count":2,"href":"https:\/\/www.anc.cr\/en\/wp-json\/wp\/v2\/pages\/2367\/revisions"}],"predecessor-version":[{"id":2467,"href":"https:\/\/www.anc.cr\/en\/wp-json\/wp\/v2\/pages\/2367\/revisions\/2467"}],"wp:featuredmedia":[{"embeddable":true,"href":"https:\/\/www.anc.cr\/en\/wp-json\/wp\/v2\/media\/497"}],"wp:attachment":[{"href":"https:\/\/www.anc.cr\/en\/wp-json\/wp\/v2\/media?parent=2367"}],"curies":[{"name":"wp","href":"https:\/\/api.w.org\/{rel}","templated":true}]}}