{"id":1920,"date":"2024-09-04T22:08:14","date_gmt":"2024-09-05T04:08:14","guid":{"rendered":"https:\/\/juandiegoa7.sg-host.com\/?page_id=1920"},"modified":"2024-09-20T00:13:11","modified_gmt":"2024-09-20T06:13:11","slug":"proyectos-de-ley-y-comunicados","status":"publish","type":"page","link":"https:\/\/www.anc.cr\/en\/proyectos-de-ley-y-comunicados\/","title":{"rendered":"Bills and Announcements"},"content":{"rendered":"<ul class=\"wp-block-latest-posts__list is-grid columns-2 wp-block-latest-posts\"><li><div class=\"wp-block-latest-posts__featured-image\"><img decoding=\"async\" width=\"1024\" height=\"429\" src=\"https:\/\/www.anc.cr\/wp-content\/uploads\/2025\/02\/Screenshot-2025-02-19-at-08-50-07-Webmail-Academia-Nacional-de-Ciencias-Pronunciamiento-de-la-Comision-de-Salud-Global-de-la-Academia-Nacional-de-Ciencias.pdf-1024x429.png\" class=\"attachment-large size-large wp-post-image\" alt=\"\" style=\"\" srcset=\"https:\/\/www.anc.cr\/wp-content\/uploads\/2025\/02\/Screenshot-2025-02-19-at-08-50-07-Webmail-Academia-Nacional-de-Ciencias-Pronunciamiento-de-la-Comision-de-Salud-Global-de-la-Academia-Nacional-de-Ciencias.pdf-1024x429.png 1024w, https:\/\/www.anc.cr\/wp-content\/uploads\/2025\/02\/Screenshot-2025-02-19-at-08-50-07-Webmail-Academia-Nacional-de-Ciencias-Pronunciamiento-de-la-Comision-de-Salud-Global-de-la-Academia-Nacional-de-Ciencias.pdf-300x126.png 300w, https:\/\/www.anc.cr\/wp-content\/uploads\/2025\/02\/Screenshot-2025-02-19-at-08-50-07-Webmail-Academia-Nacional-de-Ciencias-Pronunciamiento-de-la-Comision-de-Salud-Global-de-la-Academia-Nacional-de-Ciencias.pdf-768x322.png 768w, https:\/\/www.anc.cr\/wp-content\/uploads\/2025\/02\/Screenshot-2025-02-19-at-08-50-07-Webmail-Academia-Nacional-de-Ciencias-Pronunciamiento-de-la-Comision-de-Salud-Global-de-la-Academia-Nacional-de-Ciencias.pdf-18x8.png 18w, https:\/\/www.anc.cr\/wp-content\/uploads\/2025\/02\/Screenshot-2025-02-19-at-08-50-07-Webmail-Academia-Nacional-de-Ciencias-Pronunciamiento-de-la-Comision-de-Salud-Global-de-la-Academia-Nacional-de-Ciencias.pdf.png 1280w\" sizes=\"(max-width: 1024px) 100vw, 1024px\" \/><\/div><a class=\"wp-block-latest-posts__post-title\" href=\"https:\/\/www.anc.cr\/en\/pronunciamiento-de-la-comision-de-salud-global-de-la-academia-nacional-de-ciencias-sobre-la-modificacion-del-decreto-ejecutivo-no-38924-s-del-2-de-enero-del-2015-reglamento-para-la-calidad-del-agua\/\">Pronunciamiento de la Comisi\u00f3n de Salud Global de la Academia Nacional de Ciencias sobre la modificaci\u00f3n del Decreto Ejecutivo No.38924-S del 2 de enero del 2015 &#8220;Reglamento Para la Calidad del Agua Potable&#8221;<\/a><div class=\"wp-block-latest-posts__post-excerpt\"><\/div><\/li>\n<li><div class=\"wp-block-latest-posts__featured-image\"><img decoding=\"async\" width=\"536\" height=\"689\" src=\"https:\/\/www.anc.cr\/wp-content\/uploads\/2024\/09\/image-2.png\" class=\"attachment-large size-large wp-post-image\" alt=\"\" style=\"\" srcset=\"https:\/\/www.anc.cr\/wp-content\/uploads\/2024\/09\/image-2.png 536w, https:\/\/www.anc.cr\/wp-content\/uploads\/2024\/09\/image-2-233x300.png 233w\" sizes=\"(max-width: 536px) 100vw, 536px\" \/><\/div><a class=\"wp-block-latest-posts__post-title\" href=\"https:\/\/www.anc.cr\/en\/comunicado-la-importancia-de-la-investigacion-cientifica-en-las-universidades-publicas-factor-de-desarrollo-y-bienestar\/\">Comunicado: La importancia de la investigaci\u00f3n cient\u00edfica\u00a0 en las universidades p\u00fablicas, factor de desarrollo y bienestar<\/a><div class=\"wp-block-latest-posts__post-excerpt\"><\/div><\/li>\n<li><div class=\"wp-block-latest-posts__featured-image\"><img decoding=\"async\" width=\"536\" height=\"689\" src=\"https:\/\/www.anc.cr\/wp-content\/uploads\/2024\/09\/image-2.png\" class=\"attachment-large size-large wp-post-image\" alt=\"\" style=\"\" srcset=\"https:\/\/www.anc.cr\/wp-content\/uploads\/2024\/09\/image-2.png 536w, https:\/\/www.anc.cr\/wp-content\/uploads\/2024\/09\/image-2-233x300.png 233w\" sizes=\"(max-width: 536px) 100vw, 536px\" \/><\/div><a class=\"wp-block-latest-posts__post-title\" href=\"https:\/\/www.anc.cr\/en\/anc-comunicado-la-autonomia-universitaria\/\">ANC &#8211; Comunicado &#8211; La Autonom\u00eda Universitaria<\/a><div class=\"wp-block-latest-posts__post-excerpt\"><\/div><\/li>\n<li><div class=\"wp-block-latest-posts__featured-image\"><img decoding=\"async\" width=\"272\" height=\"185\" src=\"https:\/\/www.anc.cr\/wp-content\/uploads\/2024\/08\/images.jpeg\" class=\"attachment-large size-large wp-post-image\" alt=\"\" style=\"\" \/><\/div><a class=\"wp-block-latest-posts__post-title\" href=\"https:\/\/www.anc.cr\/en\/criterio-de-la-anc-en-relacion-al-proyecto-n-22392-ley-para-la-promocion-e-implementacion-de-una-economia-de-hidrogeno-verde-en-costa-rica\/\">Criterio de la ANC en relaci\u00f3n al proyecto N\u00b0 22392. &#8216;LEY PARA LA PROMOCI\u00d3N E IMPLEMENTACI\u00d3N DE UNA ECONOM\u00cdA DE HIDR\u00d3GENO VERDE EN COSTA RICA&#8217;<\/a><div class=\"wp-block-latest-posts__post-excerpt\"><\/div><\/li>\n<li><div class=\"wp-block-latest-posts__featured-image\"><img decoding=\"async\" width=\"1024\" height=\"683\" src=\"https:\/\/www.anc.cr\/wp-content\/uploads\/2024\/08\/41_Reunion_consultiva_del_Tratado_Antartico_02-1024x683.jpg\" class=\"attachment-large size-large wp-post-image\" alt=\"\" style=\"\" srcset=\"https:\/\/www.anc.cr\/wp-content\/uploads\/2024\/08\/41_Reunion_consultiva_del_Tratado_Antartico_02-1024x683.jpg 1024w, https:\/\/www.anc.cr\/wp-content\/uploads\/2024\/08\/41_Reunion_consultiva_del_Tratado_Antartico_02-300x200.jpg 300w, https:\/\/www.anc.cr\/wp-content\/uploads\/2024\/08\/41_Reunion_consultiva_del_Tratado_Antartico_02-768x512.jpg 768w, https:\/\/www.anc.cr\/wp-content\/uploads\/2024\/08\/41_Reunion_consultiva_del_Tratado_Antartico_02-1536x1024.jpg 1536w, https:\/\/www.anc.cr\/wp-content\/uploads\/2024\/08\/41_Reunion_consultiva_del_Tratado_Antartico_02-2048x1365.jpg 2048w\" sizes=\"(max-width: 1024px) 100vw, 1024px\" \/><\/div><a class=\"wp-block-latest-posts__post-title\" href=\"https:\/\/www.anc.cr\/en\/criterio-de-la-academia-nacional-de-ciencias-sobre-el-expediente-n-22-203-aprobacion-de-adhesion-al-tratado-antartico\/\">Criterio de la Academia Nacional de Ciencias sobre el expediente N\u00b0 22.203 \u201cAPROBACI\u00d3N DE ADHESI\u00d3N AL TRATADO ANT\u00c1RTICO\u201d<\/a><div class=\"wp-block-latest-posts__post-excerpt\"><\/div><\/li>\n<li><div class=\"wp-block-latest-posts__featured-image\"><img decoding=\"async\" width=\"636\" height=\"883\" src=\"https:\/\/www.anc.cr\/wp-content\/uploads\/2024\/08\/Comunicado_ANC-Uso_de_mascarillas.jpeg\" class=\"attachment-large size-large wp-post-image\" alt=\"\" style=\"\" srcset=\"https:\/\/www.anc.cr\/wp-content\/uploads\/2024\/08\/Comunicado_ANC-Uso_de_mascarillas.jpeg 636w, https:\/\/www.anc.cr\/wp-content\/uploads\/2024\/08\/Comunicado_ANC-Uso_de_mascarillas-216x300.jpeg 216w\" sizes=\"(max-width: 636px) 100vw, 636px\" \/><\/div><a class=\"wp-block-latest-posts__post-title\" href=\"https:\/\/www.anc.cr\/en\/comunicado-de-la-anc-con-respecto-al-uso-de-las-mascarillas\/\">Comunicado de la ANC con respecto al uso de las mascarillas<\/a><div class=\"wp-block-latest-posts__post-excerpt\">Dado que parte de la poblaci\u00f3n de Costa Rica ha mostrado reticencia al confinamiento y \u00e9ste no le es posible a ciertas\u2026 <a class=\"wp-block-latest-posts__read-more\" href=\"https:\/\/www.anc.cr\/en\/comunicado-de-la-anc-con-respecto-al-uso-de-las-mascarillas\/\" rel=\"noopener noreferrer\">Read more<span class=\"screen-reader-text\">: Comunicado de la ANC con respecto al uso de las mascarillas<\/span><\/a><\/div><\/li>\n<li><div class=\"wp-block-latest-posts__featured-image\"><img decoding=\"async\" width=\"800\" height=\"450\" src=\"https:\/\/www.anc.cr\/wp-content\/uploads\/2024\/08\/image-from-rawpixel-id-5920682-jpeg-e1700489057215.jpg\" class=\"attachment-large size-large wp-post-image\" alt=\"\" style=\"\" srcset=\"https:\/\/www.anc.cr\/wp-content\/uploads\/2024\/08\/image-from-rawpixel-id-5920682-jpeg-e1700489057215.jpg 800w, https:\/\/www.anc.cr\/wp-content\/uploads\/2024\/08\/image-from-rawpixel-id-5920682-jpeg-e1700489057215-300x169.jpg 300w, https:\/\/www.anc.cr\/wp-content\/uploads\/2024\/08\/image-from-rawpixel-id-5920682-jpeg-e1700489057215-768x432.jpg 768w\" sizes=\"(max-width: 800px) 100vw, 800px\" \/><\/div><a class=\"wp-block-latest-posts__post-title\" href=\"https:\/\/www.anc.cr\/en\/comunicado-de-la-academia-nacional-de-ciencias-ante-la-decision-del-gobierno-de-estados-unidos-de-retirarse-del-acuerdo-de-paris-sobre-el-cambio-climatico\/\">Comunicado de la Academia Nacional de Ciencias ante la decisi\u00f3n del gobierno de Estados Unidos de retirarse del Acuerdo de Par\u00eds sobre el cambio clim\u00e1tico<\/a><div class=\"wp-block-latest-posts__post-excerpt\"><\/div><\/li>\n<li><div class=\"wp-block-latest-posts__featured-image\"><img decoding=\"async\" width=\"1024\" height=\"448\" src=\"https:\/\/www.anc.cr\/wp-content\/uploads\/2024\/08\/5197819739_4c7e4f37ae_b.jpg\" class=\"attachment-large size-large wp-post-image\" alt=\"\" style=\"\" srcset=\"https:\/\/www.anc.cr\/wp-content\/uploads\/2024\/08\/5197819739_4c7e4f37ae_b.jpg 1024w, https:\/\/www.anc.cr\/wp-content\/uploads\/2024\/08\/5197819739_4c7e4f37ae_b-300x131.jpg 300w, https:\/\/www.anc.cr\/wp-content\/uploads\/2024\/08\/5197819739_4c7e4f37ae_b-768x336.jpg 768w\" sizes=\"(max-width: 1024px) 100vw, 1024px\" \/><\/div><a class=\"wp-block-latest-posts__post-title\" href=\"https:\/\/www.anc.cr\/en\/la-academia-nacional-de-ciencias-ante-la-prohibicion-de-la-fertilizacion-in-vitro-fiv\/\">La Academia Nacional de Ciencias, ante la prohibici\u00f3n de la fertilizaci\u00f3n in vitro (FIV)<\/a><div class=\"wp-block-latest-posts__post-excerpt\"><\/div><\/li>\n<li><div class=\"wp-block-latest-posts__featured-image\"><img decoding=\"async\" width=\"275\" height=\"183\" src=\"https:\/\/www.anc.cr\/wp-content\/uploads\/2024\/08\/images-2.jpeg\" class=\"attachment-large size-large wp-post-image\" alt=\"\" style=\"\" \/><\/div><a class=\"wp-block-latest-posts__post-title\" href=\"https:\/\/www.anc.cr\/en\/criterio-sobre-la-reforma-curricular-de-los-programas-de-ciencias-naturales-programa-de-ciencias-de-i-y-ii-ciclo-en-la-asignatura-de-ciencias\/\">Criterio sobre la Reforma curricular de los Programas de Ciencias Naturales &#8211; Programa de Ciencias de I y II ciclo en la asignatura de Ciencias<\/a><div class=\"wp-block-latest-posts__post-excerpt\"><\/div><\/li>\n<li><div class=\"wp-block-latest-posts__featured-image\"><img decoding=\"async\" width=\"275\" height=\"183\" src=\"https:\/\/www.anc.cr\/wp-content\/uploads\/2024\/08\/images-1.jpeg\" class=\"attachment-large size-large wp-post-image\" alt=\"\" style=\"\" \/><\/div><a class=\"wp-block-latest-posts__post-title\" href=\"https:\/\/www.anc.cr\/en\/criterio-preliminar-de-la-academia-nacional-de-ciencias-sobre-el-uso-de-cannabis\/\">Criterio preliminar de la Academia Nacional de Ciencias sobre el uso de Cannabis<\/a><div class=\"wp-block-latest-posts__post-excerpt\"><\/div><\/li>\n<\/ul>","protected":false},"excerpt":{"rendered":"","protected":false},"author":1,"featured_media":0,"parent":0,"menu_order":0,"comment_status":"closed","ping_status":"closed","template":"","meta":{"footnotes":""},"class_list":["post-1920","page","type-page","status-publish","hentry"],"yoast_head":"<!-- This site is optimized with the Yoast SEO plugin v27.3 - https:\/\/yoast.com\/product\/yoast-seo-wordpress\/ -->\n<title>Proyectos de Ley y Comunicados - ANC<\/title>\n<meta name=\"robots\" content=\"index, follow, max-snippet:-1, max-image-preview:large, max-video-preview:-1\" \/>\n<link rel=\"canonical\" href=\"https:\/\/www.anc.cr\/en\/proyectos-de-ley-y-comunicados\/\" \/>\n<meta property=\"og:locale\" content=\"en_US\" \/>\n<meta property=\"og:type\" content=\"article\" \/>\n<meta property=\"og:title\" content=\"Proyectos de Ley y Comunicados - ANC\" \/>\n<meta property=\"og:url\" content=\"https:\/\/www.anc.cr\/en\/proyectos-de-ley-y-comunicados\/\" \/>\n<meta property=\"og:site_name\" content=\"ANC\" \/>\n<meta property=\"article:modified_time\" content=\"2024-09-20T06:13:11+00:00\" \/>\n<meta name=\"twitter:card\" content=\"summary_large_image\" \/>\n<script type=\"application\/ld+json\" class=\"yoast-schema-graph\">{\"@context\":\"https:\\\/\\\/schema.org\",\"@graph\":[{\"@type\":\"WebPage\",\"@id\":\"https:\\\/\\\/www.anc.cr\\\/proyectos-de-ley-y-comunicados\\\/\",\"url\":\"https:\\\/\\\/www.anc.cr\\\/proyectos-de-ley-y-comunicados\\\/\",\"name\":\"Proyectos de Ley y Comunicados - ANC\",\"isPartOf\":{\"@id\":\"https:\\\/\\\/www.anc.cr\\\/#website\"},\"datePublished\":\"2024-09-05T04:08:14+00:00\",\"dateModified\":\"2024-09-20T06:13:11+00:00\",\"breadcrumb\":{\"@id\":\"https:\\\/\\\/www.anc.cr\\\/proyectos-de-ley-y-comunicados\\\/#breadcrumb\"},\"inLanguage\":\"en-US\",\"potentialAction\":[{\"@type\":\"ReadAction\",\"target\":[\"https:\\\/\\\/www.anc.cr\\\/proyectos-de-ley-y-comunicados\\\/\"]}]},{\"@type\":\"BreadcrumbList\",\"@id\":\"https:\\\/\\\/www.anc.cr\\\/proyectos-de-ley-y-comunicados\\\/#breadcrumb\",\"itemListElement\":[{\"@type\":\"ListItem\",\"position\":1,\"name\":\"Portada\",\"item\":\"https:\\\/\\\/www.anc.cr\\\/\"},{\"@type\":\"ListItem\",\"position\":2,\"name\":\"Proyectos de Ley y Comunicados\"}]},{\"@type\":\"WebSite\",\"@id\":\"https:\\\/\\\/www.anc.cr\\\/#website\",\"url\":\"https:\\\/\\\/www.anc.cr\\\/\",\"name\":\"ANC\",\"description\":\"Academia Nacional de Ciencias\",\"publisher\":{\"@id\":\"https:\\\/\\\/www.anc.cr\\\/#organization\"},\"potentialAction\":[{\"@type\":\"SearchAction\",\"target\":{\"@type\":\"EntryPoint\",\"urlTemplate\":\"https:\\\/\\\/www.anc.cr\\\/?s={search_term_string}\"},\"query-input\":{\"@type\":\"PropertyValueSpecification\",\"valueRequired\":true,\"valueName\":\"search_term_string\"}}],\"inLanguage\":\"en-US\"},{\"@type\":\"Organization\",\"@id\":\"https:\\\/\\\/www.anc.cr\\\/#organization\",\"name\":\"ANC\",\"url\":\"https:\\\/\\\/www.anc.cr\\\/\",\"logo\":{\"@type\":\"ImageObject\",\"inLanguage\":\"en-US\",\"@id\":\"https:\\\/\\\/www.anc.cr\\\/#\\\/schema\\\/logo\\\/image\\\/\",\"url\":\"https:\\\/\\\/www.anc.cr\\\/wp-content\\\/uploads\\\/2024\\\/07\\\/Logo-ANC-CR.png\",\"contentUrl\":\"https:\\\/\\\/www.anc.cr\\\/wp-content\\\/uploads\\\/2024\\\/07\\\/Logo-ANC-CR.png\",\"width\":1051,\"height\":593,\"caption\":\"ANC\"},\"image\":{\"@id\":\"https:\\\/\\\/www.anc.cr\\\/#\\\/schema\\\/logo\\\/image\\\/\"}}]}<\/script>\n<!-- \/ Yoast SEO plugin. -->","yoast_head_json":{"title":"Proyectos de Ley y Comunicados - ANC","robots":{"index":"index","follow":"follow","max-snippet":"max-snippet:-1","max-image-preview":"max-image-preview:large","max-video-preview":"max-video-preview:-1"},"canonical":"https:\/\/www.anc.cr\/en\/proyectos-de-ley-y-comunicados\/","og_locale":"en_US","og_type":"article","og_title":"Proyectos de Ley y Comunicados - ANC","og_url":"https:\/\/www.anc.cr\/en\/proyectos-de-ley-y-comunicados\/","og_site_name":"ANC","article_modified_time":"2024-09-20T06:13:11+00:00","twitter_card":"summary_large_image","schema":{"@context":"https:\/\/schema.org","@graph":[{"@type":"WebPage","@id":"https:\/\/www.anc.cr\/proyectos-de-ley-y-comunicados\/","url":"https:\/\/www.anc.cr\/proyectos-de-ley-y-comunicados\/","name":"Proyectos de Ley y Comunicados - ANC","isPartOf":{"@id":"https:\/\/www.anc.cr\/#website"},"datePublished":"2024-09-05T04:08:14+00:00","dateModified":"2024-09-20T06:13:11+00:00","breadcrumb":{"@id":"https:\/\/www.anc.cr\/proyectos-de-ley-y-comunicados\/#breadcrumb"},"inLanguage":"en-US","potentialAction":[{"@type":"ReadAction","target":["https:\/\/www.anc.cr\/proyectos-de-ley-y-comunicados\/"]}]},{"@type":"BreadcrumbList","@id":"https:\/\/www.anc.cr\/proyectos-de-ley-y-comunicados\/#breadcrumb","itemListElement":[{"@type":"ListItem","position":1,"name":"Portada","item":"https:\/\/www.anc.cr\/"},{"@type":"ListItem","position":2,"name":"Proyectos de Ley y Comunicados"}]},{"@type":"WebSite","@id":"https:\/\/www.anc.cr\/#website","url":"https:\/\/www.anc.cr\/","name":"ANC","description":"Academia Nacional de Ciencias","publisher":{"@id":"https:\/\/www.anc.cr\/#organization"},"potentialAction":[{"@type":"SearchAction","target":{"@type":"EntryPoint","urlTemplate":"https:\/\/www.anc.cr\/?s={search_term_string}"},"query-input":{"@type":"PropertyValueSpecification","valueRequired":true,"valueName":"search_term_string"}}],"inLanguage":"en-US"},{"@type":"Organization","@id":"https:\/\/www.anc.cr\/#organization","name":"ANC","url":"https:\/\/www.anc.cr\/","logo":{"@type":"ImageObject","inLanguage":"en-US","@id":"https:\/\/www.anc.cr\/#\/schema\/logo\/image\/","url":"https:\/\/www.anc.cr\/wp-content\/uploads\/2024\/07\/Logo-ANC-CR.png","contentUrl":"https:\/\/www.anc.cr\/wp-content\/uploads\/2024\/07\/Logo-ANC-CR.png","width":1051,"height":593,"caption":"ANC"},"image":{"@id":"https:\/\/www.anc.cr\/#\/schema\/logo\/image\/"}}]}},"_links":{"self":[{"href":"https:\/\/www.anc.cr\/en\/wp-json\/wp\/v2\/pages\/1920","targetHints":{"allow":["GET"]}}],"collection":[{"href":"https:\/\/www.anc.cr\/en\/wp-json\/wp\/v2\/pages"}],"about":[{"href":"https:\/\/www.anc.cr\/en\/wp-json\/wp\/v2\/types\/page"}],"author":[{"embeddable":true,"href":"https:\/\/www.anc.cr\/en\/wp-json\/wp\/v2\/users\/1"}],"replies":[{"embeddable":true,"href":"https:\/\/www.anc.cr\/en\/wp-json\/wp\/v2\/comments?post=1920"}],"version-history":[{"count":2,"href":"https:\/\/www.anc.cr\/en\/wp-json\/wp\/v2\/pages\/1920\/revisions"}],"predecessor-version":[{"id":2047,"href":"https:\/\/www.anc.cr\/en\/wp-json\/wp\/v2\/pages\/1920\/revisions\/2047"}],"wp:attachment":[{"href":"https:\/\/www.anc.cr\/en\/wp-json\/wp\/v2\/media?parent=1920"}],"curies":[{"name":"wp","href":"https:\/\/api.w.org\/{rel}","templated":true}]}}