{"id":1806,"date":"2024-09-04T20:37:00","date_gmt":"2024-09-05T02:37:00","guid":{"rendered":"https:\/\/juandiegoa7.sg-host.com\/?page_id=1806"},"modified":"2024-09-20T00:28:58","modified_gmt":"2024-09-20T06:28:58","slug":"publicaciones-de-la-anc","status":"publish","type":"page","link":"https:\/\/www.anc.cr\/en\/publicaciones-de-la-anc\/","title":{"rendered":"Publications of the ANC"},"content":{"rendered":"<h2 class=\"wp-block-heading has-text-align-center\"><strong>Publications of the ANC<\/strong><\/h2>\n\n\n<ul class=\"wp-block-latest-posts__list is-grid columns-2 wp-block-latest-posts\"><li><div class=\"wp-block-latest-posts__featured-image aligncenter\"><a href=\"https:\/\/www.anc.cr\/en\/conservacion-del-bosque-en-costa-rica\/\" aria-label=\"Conservaci\u00f3n del Bosque en Costa Rica\"><img decoding=\"async\" width=\"556\" height=\"729\" src=\"https:\/\/www.anc.cr\/wp-content\/uploads\/2024\/07\/image-86.png\" class=\"attachment-large size-large wp-post-image\" alt=\"\" style=\"\" srcset=\"https:\/\/www.anc.cr\/wp-content\/uploads\/2024\/07\/image-86.png 556w, https:\/\/www.anc.cr\/wp-content\/uploads\/2024\/07\/image-86-229x300.png 229w\" sizes=\"(max-width: 556px) 100vw, 556px\" \/><\/a><\/div><a class=\"wp-block-latest-posts__post-title\" href=\"https:\/\/www.anc.cr\/en\/conservacion-del-bosque-en-costa-rica\/\">Conservaci\u00f3n del Bosque en Costa Rica<\/a><div class=\"wp-block-latest-posts__post-excerpt\"><\/div><\/li>\n<li><div class=\"wp-block-latest-posts__featured-image aligncenter\"><a href=\"https:\/\/www.anc.cr\/en\/desarrollo-sostenible-la-opcion-para-cr-anc\/\" aria-label=\"DESARROLLO SOSTENIBLE LA OPCI\u00d3N PARA CR-ANC\"><img decoding=\"async\" width=\"556\" height=\"725\" src=\"https:\/\/www.anc.cr\/wp-content\/uploads\/2024\/07\/image-87.png\" class=\"attachment-large size-large wp-post-image\" alt=\"\" style=\"\" srcset=\"https:\/\/www.anc.cr\/wp-content\/uploads\/2024\/07\/image-87.png 556w, https:\/\/www.anc.cr\/wp-content\/uploads\/2024\/07\/image-87-230x300.png 230w\" sizes=\"(max-width: 556px) 100vw, 556px\" \/><\/a><\/div><a class=\"wp-block-latest-posts__post-title\" href=\"https:\/\/www.anc.cr\/en\/desarrollo-sostenible-la-opcion-para-cr-anc\/\">DESARROLLO SOSTENIBLE LA OPCI\u00d3N PARA CR-ANC<\/a><div class=\"wp-block-latest-posts__post-excerpt\"><\/div><\/li>\n<li><div class=\"wp-block-latest-posts__featured-image aligncenter\"><a href=\"https:\/\/www.anc.cr\/en\/informe-del-grupo-de-trabajo-sobre-tecnologia\/\" aria-label=\"Informe del Grupo de Trabajo sobre tecnolog\u00eda\"><img decoding=\"async\" width=\"554\" height=\"724\" src=\"https:\/\/www.anc.cr\/wp-content\/uploads\/2024\/07\/image-88.png\" class=\"attachment-large size-large wp-post-image\" alt=\"\" style=\"\" srcset=\"https:\/\/www.anc.cr\/wp-content\/uploads\/2024\/07\/image-88.png 554w, https:\/\/www.anc.cr\/wp-content\/uploads\/2024\/07\/image-88-230x300.png 230w\" sizes=\"(max-width: 554px) 100vw, 554px\" \/><\/a><\/div><a class=\"wp-block-latest-posts__post-title\" href=\"https:\/\/www.anc.cr\/en\/informe-del-grupo-de-trabajo-sobre-tecnologia\/\">Informe del Grupo de Trabajo sobre tecnolog\u00eda<\/a><div class=\"wp-block-latest-posts__post-excerpt\"><\/div><\/li>\n<li><div class=\"wp-block-latest-posts__featured-image aligncenter\"><a href=\"https:\/\/www.anc.cr\/en\/memoria-anc-vol-4-desarrollo-cientifico-y-tecnologico-en-costa-rica-logros-y-perspectivas-ciencias-y-humanismo-ciencias-agriculas-y-recursos-naturales-ciencias-de-salud\/\" aria-label=\"Memoria ANC Vol 4. Desarrollo Cient\u00edfico y Tecnol\u00f3gico en Costa Rica Logros y Perspectivas &#8216;Ciencias y Humanismo&#8221; Ciencias Agr\u00edculas y Recursos Naturales&#8217; &#8216;Ciencias de Salud&#8217;\"><img decoding=\"async\" width=\"554\" height=\"788\" src=\"https:\/\/www.anc.cr\/wp-content\/uploads\/2024\/07\/image-89.png\" class=\"attachment-large size-large wp-post-image\" alt=\"\" style=\"\" srcset=\"https:\/\/www.anc.cr\/wp-content\/uploads\/2024\/07\/image-89.png 554w, https:\/\/www.anc.cr\/wp-content\/uploads\/2024\/07\/image-89-211x300.png 211w\" sizes=\"(max-width: 554px) 100vw, 554px\" \/><\/a><\/div><a class=\"wp-block-latest-posts__post-title\" href=\"https:\/\/www.anc.cr\/en\/memoria-anc-vol-4-desarrollo-cientifico-y-tecnologico-en-costa-rica-logros-y-perspectivas-ciencias-y-humanismo-ciencias-agriculas-y-recursos-naturales-ciencias-de-salud\/\">Memoria ANC Vol 4. Desarrollo Cient\u00edfico y Tecnol\u00f3gico en Costa Rica Logros y Perspectivas &#8216;Ciencias y Humanismo&#8221; Ciencias Agr\u00edculas y Recursos Naturales&#8217; &#8216;Ciencias de Salud&#8217;<\/a><div class=\"wp-block-latest-posts__post-excerpt\"><\/div><\/li>\n<li><div class=\"wp-block-latest-posts__featured-image aligncenter\"><a href=\"https:\/\/www.anc.cr\/en\/memoria-anc-vol-6-desarrollo-cientifico-y-tecnologico-en-costa-rica\/\" aria-label=\"Memoria ANC Vol 6. Desarrollo Cient\u00edfico y Tecnol\u00f3gico en Costa Rica\"><img decoding=\"async\" width=\"554\" height=\"818\" src=\"https:\/\/www.anc.cr\/wp-content\/uploads\/2024\/07\/image-90.png\" class=\"attachment-large size-large wp-post-image\" alt=\"\" style=\"\" srcset=\"https:\/\/www.anc.cr\/wp-content\/uploads\/2024\/07\/image-90.png 554w, https:\/\/www.anc.cr\/wp-content\/uploads\/2024\/07\/image-90-203x300.png 203w\" sizes=\"(max-width: 554px) 100vw, 554px\" \/><\/a><\/div><a class=\"wp-block-latest-posts__post-title\" href=\"https:\/\/www.anc.cr\/en\/memoria-anc-vol-6-desarrollo-cientifico-y-tecnologico-en-costa-rica\/\">Memoria ANC Vol 6. Desarrollo Cient\u00edfico y Tecnol\u00f3gico en Costa Rica<\/a><div class=\"wp-block-latest-posts__post-excerpt\"><\/div><\/li>\n<li><div class=\"wp-block-latest-posts__featured-image aligncenter\"><a href=\"https:\/\/www.anc.cr\/en\/informe-del-grupo-de-trabajo-sobre-tecnologia-2\/\" aria-label=\"\u00a0El Dengue\"><img decoding=\"async\" width=\"553\" height=\"806\" src=\"https:\/\/www.anc.cr\/wp-content\/uploads\/2023\/09\/image-1.png\" class=\"attachment-large size-large wp-post-image\" alt=\"\" style=\"\" srcset=\"https:\/\/www.anc.cr\/wp-content\/uploads\/2023\/09\/image-1.png 553w, https:\/\/www.anc.cr\/wp-content\/uploads\/2023\/09\/image-1-206x300.png 206w\" sizes=\"(max-width: 553px) 100vw, 553px\" \/><\/a><\/div><a class=\"wp-block-latest-posts__post-title\" href=\"https:\/\/www.anc.cr\/en\/informe-del-grupo-de-trabajo-sobre-tecnologia-2\/\">\u00a0El Dengue<\/a><div class=\"wp-block-latest-posts__post-excerpt\"><\/div><\/li>\n<li><div class=\"wp-block-latest-posts__featured-image aligncenter\"><a href=\"https:\/\/www.anc.cr\/en\/25-mujeres-en-la-ciencia-latinoamerica-3a-edicion\/\" aria-label=\"25 Mujeres en la Ciencia. Latinoam\u00e9rica-3a Edici\u00f3n\"><img decoding=\"async\" width=\"375\" height=\"525\" src=\"https:\/\/www.anc.cr\/wp-content\/uploads\/2022\/10\/25-Mujeres-en-la-Ciencia.2.png\" class=\"attachment-large size-large wp-post-image\" alt=\"\" style=\"\" srcset=\"https:\/\/www.anc.cr\/wp-content\/uploads\/2022\/10\/25-Mujeres-en-la-Ciencia.2.png 375w, https:\/\/www.anc.cr\/wp-content\/uploads\/2022\/10\/25-Mujeres-en-la-Ciencia.2-214x300.png 214w, https:\/\/www.anc.cr\/wp-content\/uploads\/2022\/10\/25-Mujeres-en-la-Ciencia.2-9x12.png 9w\" sizes=\"(max-width: 375px) 100vw, 375px\" \/><\/a><\/div><a class=\"wp-block-latest-posts__post-title\" href=\"https:\/\/www.anc.cr\/en\/25-mujeres-en-la-ciencia-latinoamerica-3a-edicion\/\">25 Mujeres en la Ciencia. Latinoam\u00e9rica-3a Edici\u00f3n<\/a><div class=\"wp-block-latest-posts__post-excerpt\"><\/div><\/li>\n<li><div class=\"wp-block-latest-posts__featured-image aligncenter\"><a href=\"https:\/\/www.anc.cr\/en\/mirando-hacia-el-futuro-con-los-logros-del-pasado-declaracion-de-la-academia-nacional-de-ciencias-en-el-bicentenario-de-la-independencia-de-costa-rica-2\/\" aria-label=\"Mirando hacia el futuro con los logros del pasado: declaraci\u00f3n de la Academia Nacional de Ciencias en el bicentenario de la independencia de Costa Rica\"><img decoding=\"async\" width=\"559\" height=\"726\" src=\"https:\/\/www.anc.cr\/wp-content\/uploads\/2024\/09\/image-6.png\" class=\"attachment-large size-large wp-post-image\" alt=\"\" style=\"\" srcset=\"https:\/\/www.anc.cr\/wp-content\/uploads\/2024\/09\/image-6.png 559w, https:\/\/www.anc.cr\/wp-content\/uploads\/2024\/09\/image-6-231x300.png 231w\" sizes=\"(max-width: 559px) 100vw, 559px\" \/><\/a><\/div><a class=\"wp-block-latest-posts__post-title\" href=\"https:\/\/www.anc.cr\/en\/mirando-hacia-el-futuro-con-los-logros-del-pasado-declaracion-de-la-academia-nacional-de-ciencias-en-el-bicentenario-de-la-independencia-de-costa-rica-2\/\">Mirando hacia el futuro con los logros del pasado: declaraci\u00f3n de la Academia Nacional de Ciencias en el bicentenario de la independencia de Costa Rica<\/a><div class=\"wp-block-latest-posts__post-excerpt\">Se describen logros y hechos relevantes en el \u00e1mbito de la ciencia y la tecnolog\u00eda en las \u00faltimas dos centurias, proponiendo una\u2026 <a class=\"wp-block-latest-posts__read-more\" href=\"https:\/\/www.anc.cr\/en\/mirando-hacia-el-futuro-con-los-logros-del-pasado-declaracion-de-la-academia-nacional-de-ciencias-en-el-bicentenario-de-la-independencia-de-costa-rica-2\/\" rel=\"noopener noreferrer\">Read more<span class=\"screen-reader-text\">: Mirando hacia el futuro con los logros del pasado: declaraci\u00f3n de la Academia Nacional de Ciencias en el bicentenario de la independencia de Costa Rica<\/span><\/a><\/div><\/li>\n<li><div class=\"wp-block-latest-posts__featured-image aligncenter\"><a href=\"https:\/\/www.anc.cr\/en\/memoria-dorada-relatos-de-la-ciencia\/\" aria-label=\"Memoria Dorada: relatos de la ciencia\"><img decoding=\"async\" width=\"375\" height=\"525\" src=\"https:\/\/www.anc.cr\/wp-content\/uploads\/2024\/09\/Imagen-de-WhatsApp-2024-09-23-a-las-16.18.18_7831e68b.jpg\" class=\"attachment-large size-large wp-post-image\" alt=\"\" style=\"\" srcset=\"https:\/\/www.anc.cr\/wp-content\/uploads\/2024\/09\/Imagen-de-WhatsApp-2024-09-23-a-las-16.18.18_7831e68b.jpg 375w, https:\/\/www.anc.cr\/wp-content\/uploads\/2024\/09\/Imagen-de-WhatsApp-2024-09-23-a-las-16.18.18_7831e68b-214x300.jpg 214w, https:\/\/www.anc.cr\/wp-content\/uploads\/2024\/09\/Imagen-de-WhatsApp-2024-09-23-a-las-16.18.18_7831e68b-9x12.jpg 9w\" sizes=\"(max-width: 375px) 100vw, 375px\" \/><\/a><\/div><a class=\"wp-block-latest-posts__post-title\" href=\"https:\/\/www.anc.cr\/en\/memoria-dorada-relatos-de-la-ciencia\/\">Memoria Dorada: relatos de la ciencia<\/a><div class=\"wp-block-latest-posts__post-excerpt\">Pueden adquirir el libro en f\u00edsico en la Academia Nacional\u00a0de\u00a0Ciencias<\/div><\/li>\n<li><div class=\"wp-block-latest-posts__featured-image aligncenter\"><a href=\"https:\/\/www.anc.cr\/en\/libro-mujeres-brillantes-de-la-ciencia-tica\/\" aria-label=\"Mujeres Brillantes de la Ciencia Tica\"><img decoding=\"async\" width=\"375\" height=\"499\" src=\"https:\/\/www.anc.cr\/wp-content\/uploads\/2024\/09\/Imagen-de-WhatsApp-2024-09-23-a-las-16.18.12_07eb2d6f.jpg\" class=\"attachment-large size-large wp-post-image\" alt=\"\" style=\"\" srcset=\"https:\/\/www.anc.cr\/wp-content\/uploads\/2024\/09\/Imagen-de-WhatsApp-2024-09-23-a-las-16.18.12_07eb2d6f.jpg 375w, https:\/\/www.anc.cr\/wp-content\/uploads\/2024\/09\/Imagen-de-WhatsApp-2024-09-23-a-las-16.18.12_07eb2d6f-225x300.jpg 225w, https:\/\/www.anc.cr\/wp-content\/uploads\/2024\/09\/Imagen-de-WhatsApp-2024-09-23-a-las-16.18.12_07eb2d6f-9x12.jpg 9w\" sizes=\"(max-width: 375px) 100vw, 375px\" \/><\/a><\/div><a class=\"wp-block-latest-posts__post-title\" href=\"https:\/\/www.anc.cr\/en\/libro-mujeres-brillantes-de-la-ciencia-tica\/\">Mujeres Brillantes de la Ciencia Tica<\/a><div class=\"wp-block-latest-posts__post-excerpt\">Pueden adquirir el libro en f\u00edsico en la Academia Nacional\u00a0de\u00a0Ciencias<\/div><\/li>\n<li><div class=\"wp-block-latest-posts__featured-image aligncenter\"><a href=\"https:\/\/www.anc.cr\/en\/voices-of-the-costa-ricanscientific-diaspora-policylessons-from-a-decade-ofexperiences-from-our-scientistsabroad\/\" aria-label=\"Voices of the Costa Ricanscientific diaspora: Policylessons from a decade ofexperiences from our scientistsabroad\"><img decoding=\"async\" width=\"728\" height=\"1024\" src=\"https:\/\/www.anc.cr\/wp-content\/uploads\/2024\/09\/image-10-728x1024.png\" class=\"attachment-large size-large wp-post-image\" alt=\"\" style=\"\" srcset=\"https:\/\/www.anc.cr\/wp-content\/uploads\/2024\/09\/image-10-728x1024.png 728w, https:\/\/www.anc.cr\/wp-content\/uploads\/2024\/09\/image-10-213x300.png 213w, https:\/\/www.anc.cr\/wp-content\/uploads\/2024\/09\/image-10-768x1080.png 768w, https:\/\/www.anc.cr\/wp-content\/uploads\/2024\/09\/image-10-9x12.png 9w, https:\/\/www.anc.cr\/wp-content\/uploads\/2024\/09\/image-10.png 900w\" sizes=\"(max-width: 728px) 100vw, 728px\" \/><\/a><\/div><a class=\"wp-block-latest-posts__post-title\" href=\"https:\/\/www.anc.cr\/en\/voices-of-the-costa-ricanscientific-diaspora-policylessons-from-a-decade-ofexperiences-from-our-scientistsabroad\/\">Voices of the Costa Ricanscientific diaspora: Policylessons from a decade ofexperiences from our scientistsabroad<\/a><div class=\"wp-block-latest-posts__post-excerpt\"><\/div><\/li>\n<li><div class=\"wp-block-latest-posts__featured-image aligncenter\"><a href=\"https:\/\/www.anc.cr\/en\/historia-y-perspectivas-de-la-internet-en-costa-rica\/\" aria-label=\"Historia y perspectivas de la Internet en Costa\u00a0Rica\"><img decoding=\"async\" width=\"555\" height=\"718\" src=\"https:\/\/www.anc.cr\/wp-content\/uploads\/2024\/09\/image-9.png\" class=\"attachment-large size-large wp-post-image\" alt=\"\" style=\"\" srcset=\"https:\/\/www.anc.cr\/wp-content\/uploads\/2024\/09\/image-9.png 555w, https:\/\/www.anc.cr\/wp-content\/uploads\/2024\/09\/image-9-232x300.png 232w, https:\/\/www.anc.cr\/wp-content\/uploads\/2024\/09\/image-9-9x12.png 9w\" sizes=\"(max-width: 555px) 100vw, 555px\" \/><\/a><\/div><a class=\"wp-block-latest-posts__post-title\" href=\"https:\/\/www.anc.cr\/en\/historia-y-perspectivas-de-la-internet-en-costa-rica\/\">Historia y perspectivas de la Internet en Costa\u00a0Rica<\/a><div class=\"wp-block-latest-posts__post-excerpt\"><\/div><\/li>\n<li><div class=\"wp-block-latest-posts__featured-image aligncenter\"><a href=\"https:\/\/www.anc.cr\/en\/la-biodiversidad-de-costa-rica-en-dos-siglos-de-vidaindependiente-y-una-mirada-hacia-el-tricentenario\/\" aria-label=\"La biodiversidad de Costa Rica en dos siglos de vidaindependiente, y una mirada hacia el\u00a0tricentenario\"><img decoding=\"async\" width=\"557\" height=\"721\" src=\"https:\/\/www.anc.cr\/wp-content\/uploads\/2024\/09\/image-8.png\" class=\"attachment-large size-large wp-post-image\" alt=\"\" style=\"\" srcset=\"https:\/\/www.anc.cr\/wp-content\/uploads\/2024\/09\/image-8.png 557w, https:\/\/www.anc.cr\/wp-content\/uploads\/2024\/09\/image-8-232x300.png 232w, https:\/\/www.anc.cr\/wp-content\/uploads\/2024\/09\/image-8-9x12.png 9w\" sizes=\"(max-width: 557px) 100vw, 557px\" \/><\/a><\/div><a class=\"wp-block-latest-posts__post-title\" href=\"https:\/\/www.anc.cr\/en\/la-biodiversidad-de-costa-rica-en-dos-siglos-de-vidaindependiente-y-una-mirada-hacia-el-tricentenario\/\">La biodiversidad de Costa Rica en dos siglos de vidaindependiente, y una mirada hacia el\u00a0tricentenario<\/a><div class=\"wp-block-latest-posts__post-excerpt\"><\/div><\/li>\n<li><div class=\"wp-block-latest-posts__featured-image aligncenter\"><a href=\"https:\/\/www.anc.cr\/en\/la-promocion-del-desarrollo-cientifico-y-tecnologico-en-costa-ricael-papel-de-la-academia-nacional-de-ciencias\/\" aria-label=\"La promoci\u00f3n del desarrollo cient\u00edfico y tecnol\u00f3gico en Costa Rica:el papel de la Academia Nacional\u00a0de\u00a0Ciencias\"><img decoding=\"async\" width=\"556\" height=\"680\" src=\"https:\/\/www.anc.cr\/wp-content\/uploads\/2024\/09\/image-7.png\" class=\"attachment-large size-large wp-post-image\" alt=\"\" style=\"\" srcset=\"https:\/\/www.anc.cr\/wp-content\/uploads\/2024\/09\/image-7.png 556w, https:\/\/www.anc.cr\/wp-content\/uploads\/2024\/09\/image-7-245x300.png 245w, https:\/\/www.anc.cr\/wp-content\/uploads\/2024\/09\/image-7-10x12.png 10w\" sizes=\"(max-width: 556px) 100vw, 556px\" \/><\/a><\/div><a class=\"wp-block-latest-posts__post-title\" href=\"https:\/\/www.anc.cr\/en\/la-promocion-del-desarrollo-cientifico-y-tecnologico-en-costa-ricael-papel-de-la-academia-nacional-de-ciencias\/\">La promoci\u00f3n del desarrollo cient\u00edfico y tecnol\u00f3gico en Costa Rica:el papel de la Academia Nacional\u00a0de\u00a0Ciencias<\/a><div class=\"wp-block-latest-posts__post-excerpt\"><\/div><\/li>\n<\/ul>\n\n\n<div style=\"height:30px\" aria-hidden=\"true\" class=\"wp-block-spacer\"><\/div>","protected":false},"excerpt":{"rendered":"<p>Publications of the ANC<\/p>","protected":false},"author":1,"featured_media":0,"parent":0,"menu_order":0,"comment_status":"closed","ping_status":"closed","template":"","meta":{"footnotes":""},"class_list":["post-1806","page","type-page","status-publish","hentry"],"yoast_head":"<!-- This site is optimized with the Yoast SEO plugin v27.3 - https:\/\/yoast.com\/product\/yoast-seo-wordpress\/ -->\n<title>Publicaciones de la ANC - ANC<\/title>\n<meta name=\"robots\" content=\"index, follow, max-snippet:-1, max-image-preview:large, max-video-preview:-1\" \/>\n<link rel=\"canonical\" href=\"https:\/\/www.anc.cr\/en\/publicaciones-de-la-anc\/\" \/>\n<meta property=\"og:locale\" content=\"en_US\" \/>\n<meta property=\"og:type\" content=\"article\" \/>\n<meta property=\"og:title\" content=\"Publicaciones de la ANC - ANC\" \/>\n<meta property=\"og:description\" content=\"Publicaciones de la ANC\" \/>\n<meta property=\"og:url\" content=\"https:\/\/www.anc.cr\/en\/publicaciones-de-la-anc\/\" \/>\n<meta property=\"og:site_name\" content=\"ANC\" \/>\n<meta property=\"article:modified_time\" content=\"2024-09-20T06:28:58+00:00\" \/>\n<meta name=\"twitter:card\" content=\"summary_large_image\" \/>\n<meta name=\"twitter:label1\" content=\"Est. reading time\" \/>\n\t<meta name=\"twitter:data1\" content=\"1 minute\" \/>\n<script type=\"application\/ld+json\" class=\"yoast-schema-graph\">{\"@context\":\"https:\\\/\\\/schema.org\",\"@graph\":[{\"@type\":\"WebPage\",\"@id\":\"https:\\\/\\\/www.anc.cr\\\/publicaciones-de-la-anc\\\/\",\"url\":\"https:\\\/\\\/www.anc.cr\\\/publicaciones-de-la-anc\\\/\",\"name\":\"Publicaciones de la ANC - ANC\",\"isPartOf\":{\"@id\":\"https:\\\/\\\/www.anc.cr\\\/#website\"},\"datePublished\":\"2024-09-05T02:37:00+00:00\",\"dateModified\":\"2024-09-20T06:28:58+00:00\",\"breadcrumb\":{\"@id\":\"https:\\\/\\\/www.anc.cr\\\/publicaciones-de-la-anc\\\/#breadcrumb\"},\"inLanguage\":\"en-US\",\"potentialAction\":[{\"@type\":\"ReadAction\",\"target\":[\"https:\\\/\\\/www.anc.cr\\\/publicaciones-de-la-anc\\\/\"]}]},{\"@type\":\"BreadcrumbList\",\"@id\":\"https:\\\/\\\/www.anc.cr\\\/publicaciones-de-la-anc\\\/#breadcrumb\",\"itemListElement\":[{\"@type\":\"ListItem\",\"position\":1,\"name\":\"Portada\",\"item\":\"https:\\\/\\\/www.anc.cr\\\/\"},{\"@type\":\"ListItem\",\"position\":2,\"name\":\"Publicaciones de la ANC\"}]},{\"@type\":\"WebSite\",\"@id\":\"https:\\\/\\\/www.anc.cr\\\/#website\",\"url\":\"https:\\\/\\\/www.anc.cr\\\/\",\"name\":\"ANC\",\"description\":\"Academia Nacional de Ciencias\",\"publisher\":{\"@id\":\"https:\\\/\\\/www.anc.cr\\\/#organization\"},\"potentialAction\":[{\"@type\":\"SearchAction\",\"target\":{\"@type\":\"EntryPoint\",\"urlTemplate\":\"https:\\\/\\\/www.anc.cr\\\/?s={search_term_string}\"},\"query-input\":{\"@type\":\"PropertyValueSpecification\",\"valueRequired\":true,\"valueName\":\"search_term_string\"}}],\"inLanguage\":\"en-US\"},{\"@type\":\"Organization\",\"@id\":\"https:\\\/\\\/www.anc.cr\\\/#organization\",\"name\":\"ANC\",\"url\":\"https:\\\/\\\/www.anc.cr\\\/\",\"logo\":{\"@type\":\"ImageObject\",\"inLanguage\":\"en-US\",\"@id\":\"https:\\\/\\\/www.anc.cr\\\/#\\\/schema\\\/logo\\\/image\\\/\",\"url\":\"https:\\\/\\\/www.anc.cr\\\/wp-content\\\/uploads\\\/2024\\\/07\\\/Logo-ANC-CR.png\",\"contentUrl\":\"https:\\\/\\\/www.anc.cr\\\/wp-content\\\/uploads\\\/2024\\\/07\\\/Logo-ANC-CR.png\",\"width\":1051,\"height\":593,\"caption\":\"ANC\"},\"image\":{\"@id\":\"https:\\\/\\\/www.anc.cr\\\/#\\\/schema\\\/logo\\\/image\\\/\"}}]}<\/script>\n<!-- \/ Yoast SEO plugin. -->","yoast_head_json":{"title":"Publicaciones de la ANC - ANC","robots":{"index":"index","follow":"follow","max-snippet":"max-snippet:-1","max-image-preview":"max-image-preview:large","max-video-preview":"max-video-preview:-1"},"canonical":"https:\/\/www.anc.cr\/en\/publicaciones-de-la-anc\/","og_locale":"en_US","og_type":"article","og_title":"Publicaciones de la ANC - ANC","og_description":"Publicaciones de la ANC","og_url":"https:\/\/www.anc.cr\/en\/publicaciones-de-la-anc\/","og_site_name":"ANC","article_modified_time":"2024-09-20T06:28:58+00:00","twitter_card":"summary_large_image","twitter_misc":{"Est. reading time":"1 minute"},"schema":{"@context":"https:\/\/schema.org","@graph":[{"@type":"WebPage","@id":"https:\/\/www.anc.cr\/publicaciones-de-la-anc\/","url":"https:\/\/www.anc.cr\/publicaciones-de-la-anc\/","name":"Publicaciones de la ANC - ANC","isPartOf":{"@id":"https:\/\/www.anc.cr\/#website"},"datePublished":"2024-09-05T02:37:00+00:00","dateModified":"2024-09-20T06:28:58+00:00","breadcrumb":{"@id":"https:\/\/www.anc.cr\/publicaciones-de-la-anc\/#breadcrumb"},"inLanguage":"en-US","potentialAction":[{"@type":"ReadAction","target":["https:\/\/www.anc.cr\/publicaciones-de-la-anc\/"]}]},{"@type":"BreadcrumbList","@id":"https:\/\/www.anc.cr\/publicaciones-de-la-anc\/#breadcrumb","itemListElement":[{"@type":"ListItem","position":1,"name":"Portada","item":"https:\/\/www.anc.cr\/"},{"@type":"ListItem","position":2,"name":"Publicaciones de la ANC"}]},{"@type":"WebSite","@id":"https:\/\/www.anc.cr\/#website","url":"https:\/\/www.anc.cr\/","name":"ANC","description":"Academia Nacional de Ciencias","publisher":{"@id":"https:\/\/www.anc.cr\/#organization"},"potentialAction":[{"@type":"SearchAction","target":{"@type":"EntryPoint","urlTemplate":"https:\/\/www.anc.cr\/?s={search_term_string}"},"query-input":{"@type":"PropertyValueSpecification","valueRequired":true,"valueName":"search_term_string"}}],"inLanguage":"en-US"},{"@type":"Organization","@id":"https:\/\/www.anc.cr\/#organization","name":"ANC","url":"https:\/\/www.anc.cr\/","logo":{"@type":"ImageObject","inLanguage":"en-US","@id":"https:\/\/www.anc.cr\/#\/schema\/logo\/image\/","url":"https:\/\/www.anc.cr\/wp-content\/uploads\/2024\/07\/Logo-ANC-CR.png","contentUrl":"https:\/\/www.anc.cr\/wp-content\/uploads\/2024\/07\/Logo-ANC-CR.png","width":1051,"height":593,"caption":"ANC"},"image":{"@id":"https:\/\/www.anc.cr\/#\/schema\/logo\/image\/"}}]}},"_links":{"self":[{"href":"https:\/\/www.anc.cr\/en\/wp-json\/wp\/v2\/pages\/1806","targetHints":{"allow":["GET"]}}],"collection":[{"href":"https:\/\/www.anc.cr\/en\/wp-json\/wp\/v2\/pages"}],"about":[{"href":"https:\/\/www.anc.cr\/en\/wp-json\/wp\/v2\/types\/page"}],"author":[{"embeddable":true,"href":"https:\/\/www.anc.cr\/en\/wp-json\/wp\/v2\/users\/1"}],"replies":[{"embeddable":true,"href":"https:\/\/www.anc.cr\/en\/wp-json\/wp\/v2\/comments?post=1806"}],"version-history":[{"count":7,"href":"https:\/\/www.anc.cr\/en\/wp-json\/wp\/v2\/pages\/1806\/revisions"}],"predecessor-version":[{"id":2170,"href":"https:\/\/www.anc.cr\/en\/wp-json\/wp\/v2\/pages\/1806\/revisions\/2170"}],"wp:attachment":[{"href":"https:\/\/www.anc.cr\/en\/wp-json\/wp\/v2\/media?parent=1806"}],"curies":[{"name":"wp","href":"https:\/\/api.w.org\/{rel}","templated":true}]}}