{"id":1786,"date":"2024-09-04T20:09:17","date_gmt":"2024-09-05T02:09:17","guid":{"rendered":"https:\/\/juandiegoa7.sg-host.com\/?page_id=1786"},"modified":"2024-09-20T00:28:54","modified_gmt":"2024-09-20T06:28:54","slug":"pronunciamientos-2","status":"publish","type":"page","link":"https:\/\/www.anc.cr\/en\/pronunciamientos-2\/","title":{"rendered":"Statements"},"content":{"rendered":"<ul class=\"wp-block-latest-posts__list is-grid columns-2 wp-block-latest-posts\"><li><div class=\"wp-block-latest-posts__featured-image\"><a href=\"https:\/\/www.anc.cr\/en\/pronunciamiento-de-la-academia-nacional-de-ciencias-en-el-marco-de-las-proximas-elecciones\/\" aria-label=\"Pronunciamiento de la Academia Nacional de Ciencias en el marco de las pr\u00f3ximas elecciones\"><img decoding=\"async\" width=\"848\" height=\"422\" src=\"https:\/\/www.anc.cr\/wp-content\/uploads\/2025\/08\/Screenshot-2025-08-26-at-14-04-31-Webmail-Academia-Nacional-de-Ciencias-Pronunciamiento-ANC-sobre-seguridad-social-y-CCSS-2025.pdf.png\" class=\"attachment-large size-large wp-post-image\" alt=\"\" style=\"\" srcset=\"https:\/\/www.anc.cr\/wp-content\/uploads\/2025\/08\/Screenshot-2025-08-26-at-14-04-31-Webmail-Academia-Nacional-de-Ciencias-Pronunciamiento-ANC-sobre-seguridad-social-y-CCSS-2025.pdf.png 848w, https:\/\/www.anc.cr\/wp-content\/uploads\/2025\/08\/Screenshot-2025-08-26-at-14-04-31-Webmail-Academia-Nacional-de-Ciencias-Pronunciamiento-ANC-sobre-seguridad-social-y-CCSS-2025.pdf-300x149.png 300w, https:\/\/www.anc.cr\/wp-content\/uploads\/2025\/08\/Screenshot-2025-08-26-at-14-04-31-Webmail-Academia-Nacional-de-Ciencias-Pronunciamiento-ANC-sobre-seguridad-social-y-CCSS-2025.pdf-768x382.png 768w, https:\/\/www.anc.cr\/wp-content\/uploads\/2025\/08\/Screenshot-2025-08-26-at-14-04-31-Webmail-Academia-Nacional-de-Ciencias-Pronunciamiento-ANC-sobre-seguridad-social-y-CCSS-2025.pdf-18x9.png 18w\" sizes=\"(max-width: 848px) 100vw, 848px\" \/><\/a><\/div><a class=\"wp-block-latest-posts__post-title\" href=\"https:\/\/www.anc.cr\/en\/pronunciamiento-de-la-academia-nacional-de-ciencias-en-el-marco-de-las-proximas-elecciones\/\">Pronunciamiento de la Academia Nacional de Ciencias en el marco de las pr\u00f3ximas elecciones<\/a><div class=\"wp-block-latest-posts__post-excerpt\"><\/div><\/li>\n<li><div class=\"wp-block-latest-posts__featured-image\"><a href=\"https:\/\/www.anc.cr\/en\/pronunciamiento-de-la-comision-de-salud-global-sobre-seguridad-social-y-ccss\/\" aria-label=\"Pronunciamiento de la Comisi\u00f3n de Salud Global de la Academia Nacional de Ciencias sobre la seguridad social y la Caja Costarricense del Seguro Social\"><img decoding=\"async\" width=\"848\" height=\"422\" src=\"https:\/\/www.anc.cr\/wp-content\/uploads\/2025\/08\/Screenshot-2025-08-26-at-14-04-31-Webmail-Academia-Nacional-de-Ciencias-Pronunciamiento-ANC-sobre-seguridad-social-y-CCSS-2025.pdf.png\" class=\"attachment-large size-large wp-post-image\" alt=\"\" style=\"\" srcset=\"https:\/\/www.anc.cr\/wp-content\/uploads\/2025\/08\/Screenshot-2025-08-26-at-14-04-31-Webmail-Academia-Nacional-de-Ciencias-Pronunciamiento-ANC-sobre-seguridad-social-y-CCSS-2025.pdf.png 848w, https:\/\/www.anc.cr\/wp-content\/uploads\/2025\/08\/Screenshot-2025-08-26-at-14-04-31-Webmail-Academia-Nacional-de-Ciencias-Pronunciamiento-ANC-sobre-seguridad-social-y-CCSS-2025.pdf-300x149.png 300w, https:\/\/www.anc.cr\/wp-content\/uploads\/2025\/08\/Screenshot-2025-08-26-at-14-04-31-Webmail-Academia-Nacional-de-Ciencias-Pronunciamiento-ANC-sobre-seguridad-social-y-CCSS-2025.pdf-768x382.png 768w, https:\/\/www.anc.cr\/wp-content\/uploads\/2025\/08\/Screenshot-2025-08-26-at-14-04-31-Webmail-Academia-Nacional-de-Ciencias-Pronunciamiento-ANC-sobre-seguridad-social-y-CCSS-2025.pdf-18x9.png 18w\" sizes=\"(max-width: 848px) 100vw, 848px\" \/><\/a><\/div><a class=\"wp-block-latest-posts__post-title\" href=\"https:\/\/www.anc.cr\/en\/pronunciamiento-de-la-comision-de-salud-global-sobre-seguridad-social-y-ccss\/\">Pronunciamiento de la Comisi\u00f3n de Salud Global de la Academia Nacional de Ciencias sobre la seguridad social y la Caja Costarricense del Seguro Social<\/a><div class=\"wp-block-latest-posts__post-excerpt\"><\/div><\/li>\n<li><div class=\"wp-block-latest-posts__featured-image\"><a href=\"https:\/\/www.anc.cr\/en\/pronunciamiento-de-la-comision-de-salud-global-de-la-academia-nacional-de-ciencias-sobre-la-modificacion-del-decreto-ejecutivo-no-38924-s-del-2-de-enero-del-2015-reglamento-para-la-calidad-del-agua\/\" aria-label=\"Pronunciamiento de la Comisi\u00f3n de Salud Global de la Academia Nacional de Ciencias sobre la modificaci\u00f3n del Decreto Ejecutivo No.38924-S del 2 de enero del 2015 &#8220;Reglamento Para la Calidad del Agua Potable&#8221;\"><img decoding=\"async\" width=\"1024\" height=\"429\" src=\"https:\/\/www.anc.cr\/wp-content\/uploads\/2025\/02\/Screenshot-2025-02-19-at-08-50-07-Webmail-Academia-Nacional-de-Ciencias-Pronunciamiento-de-la-Comision-de-Salud-Global-de-la-Academia-Nacional-de-Ciencias.pdf-1024x429.png\" class=\"attachment-large size-large wp-post-image\" alt=\"\" style=\"\" srcset=\"https:\/\/www.anc.cr\/wp-content\/uploads\/2025\/02\/Screenshot-2025-02-19-at-08-50-07-Webmail-Academia-Nacional-de-Ciencias-Pronunciamiento-de-la-Comision-de-Salud-Global-de-la-Academia-Nacional-de-Ciencias.pdf-1024x429.png 1024w, https:\/\/www.anc.cr\/wp-content\/uploads\/2025\/02\/Screenshot-2025-02-19-at-08-50-07-Webmail-Academia-Nacional-de-Ciencias-Pronunciamiento-de-la-Comision-de-Salud-Global-de-la-Academia-Nacional-de-Ciencias.pdf-300x126.png 300w, https:\/\/www.anc.cr\/wp-content\/uploads\/2025\/02\/Screenshot-2025-02-19-at-08-50-07-Webmail-Academia-Nacional-de-Ciencias-Pronunciamiento-de-la-Comision-de-Salud-Global-de-la-Academia-Nacional-de-Ciencias.pdf-768x322.png 768w, https:\/\/www.anc.cr\/wp-content\/uploads\/2025\/02\/Screenshot-2025-02-19-at-08-50-07-Webmail-Academia-Nacional-de-Ciencias-Pronunciamiento-de-la-Comision-de-Salud-Global-de-la-Academia-Nacional-de-Ciencias.pdf-18x8.png 18w, https:\/\/www.anc.cr\/wp-content\/uploads\/2025\/02\/Screenshot-2025-02-19-at-08-50-07-Webmail-Academia-Nacional-de-Ciencias-Pronunciamiento-de-la-Comision-de-Salud-Global-de-la-Academia-Nacional-de-Ciencias.pdf.png 1280w\" sizes=\"(max-width: 1024px) 100vw, 1024px\" \/><\/a><\/div><a class=\"wp-block-latest-posts__post-title\" href=\"https:\/\/www.anc.cr\/en\/pronunciamiento-de-la-comision-de-salud-global-de-la-academia-nacional-de-ciencias-sobre-la-modificacion-del-decreto-ejecutivo-no-38924-s-del-2-de-enero-del-2015-reglamento-para-la-calidad-del-agua\/\">Pronunciamiento de la Comisi\u00f3n de Salud Global de la Academia Nacional de Ciencias sobre la modificaci\u00f3n del Decreto Ejecutivo No.38924-S del 2 de enero del 2015 &#8220;Reglamento Para la Calidad del Agua Potable&#8221;<\/a><div class=\"wp-block-latest-posts__post-excerpt\"><\/div><\/li>\n<li><div class=\"wp-block-latest-posts__featured-image\"><a href=\"https:\/\/www.anc.cr\/en\/pronunciamiento-academia-de-ciencias-sobre-plaguicidas\/\" aria-label=\"Pronunciamiento Academia de Ciencias sobre plaguicidas\"><img decoding=\"async\" width=\"540\" height=\"662\" src=\"https:\/\/www.anc.cr\/wp-content\/uploads\/2024\/09\/image-4.png\" class=\"attachment-large size-large wp-post-image\" alt=\"\" style=\"\" srcset=\"https:\/\/www.anc.cr\/wp-content\/uploads\/2024\/09\/image-4.png 540w, https:\/\/www.anc.cr\/wp-content\/uploads\/2024\/09\/image-4-245x300.png 245w\" sizes=\"(max-width: 540px) 100vw, 540px\" \/><\/a><\/div><a class=\"wp-block-latest-posts__post-title\" href=\"https:\/\/www.anc.cr\/en\/pronunciamiento-academia-de-ciencias-sobre-plaguicidas\/\">Pronunciamiento Academia de Ciencias sobre plaguicidas<\/a><div class=\"wp-block-latest-posts__post-excerpt\"><\/div><\/li>\n<li><div class=\"wp-block-latest-posts__featured-image\"><a href=\"https:\/\/www.anc.cr\/en\/referencias-bibliograficas-sobre-el-tema-del-impacto-de-los-plaguicidas\/\" aria-label=\"Referencias bibliogr\u00e1ficas sobre el tema del impacto de\u00a0los\u00a0plaguicidas\"><img decoding=\"async\" width=\"551\" height=\"659\" src=\"https:\/\/www.anc.cr\/wp-content\/uploads\/2024\/09\/image-12.png\" class=\"attachment-large size-large wp-post-image\" alt=\"\" style=\"\" srcset=\"https:\/\/www.anc.cr\/wp-content\/uploads\/2024\/09\/image-12.png 551w, https:\/\/www.anc.cr\/wp-content\/uploads\/2024\/09\/image-12-251x300.png 251w, https:\/\/www.anc.cr\/wp-content\/uploads\/2024\/09\/image-12-10x12.png 10w\" sizes=\"(max-width: 551px) 100vw, 551px\" \/><\/a><\/div><a class=\"wp-block-latest-posts__post-title\" href=\"https:\/\/www.anc.cr\/en\/referencias-bibliograficas-sobre-el-tema-del-impacto-de-los-plaguicidas\/\">Referencias bibliogr\u00e1ficas sobre el tema del impacto de\u00a0los\u00a0plaguicidas<\/a><div class=\"wp-block-latest-posts__post-excerpt\"><\/div><\/li>\n<li><div class=\"wp-block-latest-posts__featured-image\"><a href=\"https:\/\/www.anc.cr\/en\/pronunciamiento-sobre-el-tema-de-la-enfermedad-renal-cronica-de-origen-no-tradicional-ercnt-2\/\" aria-label=\"Pronunciamiento sobre el tema de la Enfermedad Renal Cr\u00f3nica de Origen no Tradicional (ERCnt\"><img decoding=\"async\" width=\"500\" height=\"500\" src=\"https:\/\/www.anc.cr\/wp-content\/uploads\/2024\/08\/1-1.png\" class=\"attachment-large size-large wp-post-image\" alt=\"\" style=\"\" srcset=\"https:\/\/www.anc.cr\/wp-content\/uploads\/2024\/08\/1-1.png 500w, https:\/\/www.anc.cr\/wp-content\/uploads\/2024\/08\/1-1-300x300.png 300w, https:\/\/www.anc.cr\/wp-content\/uploads\/2024\/08\/1-1-150x150.png 150w\" sizes=\"(max-width: 500px) 100vw, 500px\" \/><\/a><\/div><a class=\"wp-block-latest-posts__post-title\" href=\"https:\/\/www.anc.cr\/en\/pronunciamiento-sobre-el-tema-de-la-enfermedad-renal-cronica-de-origen-no-tradicional-ercnt-2\/\">Pronunciamiento sobre el tema de la Enfermedad Renal Cr\u00f3nica de Origen no Tradicional (ERCnt<\/a><div class=\"wp-block-latest-posts__post-excerpt\"><\/div><\/li>\n<li><div class=\"wp-block-latest-posts__featured-image\"><a href=\"https:\/\/www.anc.cr\/en\/criterio-de-la-anc-sobre-el-expediente-no-21754-reforma-al-parrafo-cuarto-del-articulo-1-de-la-ley-de-conservacion-de-vida-silvestre-n-7317-del-30-de-octubre-de-1992-publicado-en-la-gaceta\/\" aria-label=\"Criterio de la ANC sobre el Expediente N\u00ba 21754, Reforma al p\u00e1rrafo cuarto del art\u00edculo 1 de la Ley de conservaci\u00f3n de vida silvestre, N\u00b0 7317 del 30 de octubre de 1992&#8242;, publicado en La Gaceta 16 del 27 de enero de 2020.\"><img decoding=\"async\" width=\"1024\" height=\"576\" src=\"https:\/\/www.anc.cr\/wp-content\/uploads\/2024\/08\/Versalles_rio-Itenez_Carla-Jaimes-Betancour_Universidad-de-Bonn-24-1024x576.jpg\" class=\"attachment-large size-large wp-post-image\" alt=\"\" style=\"\" srcset=\"https:\/\/www.anc.cr\/wp-content\/uploads\/2024\/08\/Versalles_rio-Itenez_Carla-Jaimes-Betancour_Universidad-de-Bonn-24-1024x576.jpg 1024w, https:\/\/www.anc.cr\/wp-content\/uploads\/2024\/08\/Versalles_rio-Itenez_Carla-Jaimes-Betancour_Universidad-de-Bonn-24-300x169.jpg 300w, https:\/\/www.anc.cr\/wp-content\/uploads\/2024\/08\/Versalles_rio-Itenez_Carla-Jaimes-Betancour_Universidad-de-Bonn-24-768x432.jpg 768w, https:\/\/www.anc.cr\/wp-content\/uploads\/2024\/08\/Versalles_rio-Itenez_Carla-Jaimes-Betancour_Universidad-de-Bonn-24.jpg 1096w\" sizes=\"(max-width: 1024px) 100vw, 1024px\" \/><\/a><\/div><a class=\"wp-block-latest-posts__post-title\" href=\"https:\/\/www.anc.cr\/en\/criterio-de-la-anc-sobre-el-expediente-no-21754-reforma-al-parrafo-cuarto-del-articulo-1-de-la-ley-de-conservacion-de-vida-silvestre-n-7317-del-30-de-octubre-de-1992-publicado-en-la-gaceta\/\">Criterio de la ANC sobre el Expediente N\u00ba 21754, Reforma al p\u00e1rrafo cuarto del art\u00edculo 1 de la Ley de conservaci\u00f3n de vida silvestre, N\u00b0 7317 del 30 de octubre de 1992&#8242;, publicado en La Gaceta 16 del 27 de enero de 2020.<\/a><div class=\"wp-block-latest-posts__post-excerpt\"><\/div><\/li>\n<li><div class=\"wp-block-latest-posts__featured-image\"><a href=\"https:\/\/www.anc.cr\/en\/pronunciamiento-de-la-academia-nacional-de-ciencias-de-costa-rica-en-relacion-a-la-clausura-de-la-academia-de-ciencias-de-nicaragua\/\" aria-label=\"Pronunciamiento de la Academia Nacional de Ciencias de Costa Rica en relaci\u00f3n a la clausura de la Academia de Ciencias de Nicaragua\"><img decoding=\"async\" width=\"1024\" height=\"683\" src=\"https:\/\/www.anc.cr\/wp-content\/uploads\/2024\/08\/52163531208_0bd4b2e11b_b.jpg\" class=\"attachment-large size-large wp-post-image\" alt=\"\" style=\"\" srcset=\"https:\/\/www.anc.cr\/wp-content\/uploads\/2024\/08\/52163531208_0bd4b2e11b_b.jpg 1024w, https:\/\/www.anc.cr\/wp-content\/uploads\/2024\/08\/52163531208_0bd4b2e11b_b-300x200.jpg 300w, https:\/\/www.anc.cr\/wp-content\/uploads\/2024\/08\/52163531208_0bd4b2e11b_b-768x512.jpg 768w\" sizes=\"(max-width: 1024px) 100vw, 1024px\" \/><\/a><\/div><a class=\"wp-block-latest-posts__post-title\" href=\"https:\/\/www.anc.cr\/en\/pronunciamiento-de-la-academia-nacional-de-ciencias-de-costa-rica-en-relacion-a-la-clausura-de-la-academia-de-ciencias-de-nicaragua\/\">Pronunciamiento de la Academia Nacional de Ciencias de Costa Rica en relaci\u00f3n a la clausura de la Academia de Ciencias de Nicaragua<\/a><div class=\"wp-block-latest-posts__post-excerpt\"><\/div><\/li>\n<li><div class=\"wp-block-latest-posts__featured-image\"><a href=\"https:\/\/www.anc.cr\/en\/pronunciamiento-sobre-el-reconocimiento-de-titulos-universitarios-por-el-conare\/\" aria-label=\"Pronunciamiento sobre el reconocimiento de t\u00edtulos universitarios por el CONARE\"><img decoding=\"async\" width=\"1024\" height=\"640\" src=\"https:\/\/www.anc.cr\/wp-content\/uploads\/2024\/08\/conare-universidades-publicas_mesa_de_trabajo_1-1024x640.png\" class=\"attachment-large size-large wp-post-image\" alt=\"\" style=\"\" srcset=\"https:\/\/www.anc.cr\/wp-content\/uploads\/2024\/08\/conare-universidades-publicas_mesa_de_trabajo_1-1024x640.png 1024w, https:\/\/www.anc.cr\/wp-content\/uploads\/2024\/08\/conare-universidades-publicas_mesa_de_trabajo_1-300x188.png 300w, https:\/\/www.anc.cr\/wp-content\/uploads\/2024\/08\/conare-universidades-publicas_mesa_de_trabajo_1-768x480.png 768w, https:\/\/www.anc.cr\/wp-content\/uploads\/2024\/08\/conare-universidades-publicas_mesa_de_trabajo_1.png 1280w\" sizes=\"(max-width: 1024px) 100vw, 1024px\" \/><\/a><\/div><a class=\"wp-block-latest-posts__post-title\" href=\"https:\/\/www.anc.cr\/en\/pronunciamiento-sobre-el-reconocimiento-de-titulos-universitarios-por-el-conare\/\">Pronunciamiento sobre el reconocimiento de t\u00edtulos universitarios por el CONARE<\/a><div class=\"wp-block-latest-posts__post-excerpt\"><\/div><\/li>\n<\/ul>","protected":false},"excerpt":{"rendered":"","protected":false},"author":1,"featured_media":0,"parent":0,"menu_order":0,"comment_status":"closed","ping_status":"closed","template":"","meta":{"footnotes":""},"class_list":["post-1786","page","type-page","status-publish","hentry"],"yoast_head":"<!-- This site is optimized with the Yoast SEO plugin v27.3 - https:\/\/yoast.com\/product\/yoast-seo-wordpress\/ -->\n<title>Pronunciamientos - ANC<\/title>\n<meta name=\"robots\" content=\"index, follow, max-snippet:-1, max-image-preview:large, max-video-preview:-1\" \/>\n<link rel=\"canonical\" href=\"https:\/\/www.anc.cr\/en\/pronunciamientos-2\/\" \/>\n<meta property=\"og:locale\" content=\"en_US\" \/>\n<meta property=\"og:type\" content=\"article\" \/>\n<meta property=\"og:title\" content=\"Pronunciamientos - ANC\" \/>\n<meta property=\"og:url\" content=\"https:\/\/www.anc.cr\/en\/pronunciamientos-2\/\" \/>\n<meta property=\"og:site_name\" content=\"ANC\" \/>\n<meta property=\"article:modified_time\" content=\"2024-09-20T06:28:54+00:00\" \/>\n<meta name=\"twitter:card\" content=\"summary_large_image\" \/>\n<script type=\"application\/ld+json\" class=\"yoast-schema-graph\">{\"@context\":\"https:\\\/\\\/schema.org\",\"@graph\":[{\"@type\":\"WebPage\",\"@id\":\"https:\\\/\\\/www.anc.cr\\\/pronunciamientos-2\\\/\",\"url\":\"https:\\\/\\\/www.anc.cr\\\/pronunciamientos-2\\\/\",\"name\":\"Pronunciamientos - ANC\",\"isPartOf\":{\"@id\":\"https:\\\/\\\/www.anc.cr\\\/#website\"},\"datePublished\":\"2024-09-05T02:09:17+00:00\",\"dateModified\":\"2024-09-20T06:28:54+00:00\",\"breadcrumb\":{\"@id\":\"https:\\\/\\\/www.anc.cr\\\/pronunciamientos-2\\\/#breadcrumb\"},\"inLanguage\":\"en-US\",\"potentialAction\":[{\"@type\":\"ReadAction\",\"target\":[\"https:\\\/\\\/www.anc.cr\\\/pronunciamientos-2\\\/\"]}]},{\"@type\":\"BreadcrumbList\",\"@id\":\"https:\\\/\\\/www.anc.cr\\\/pronunciamientos-2\\\/#breadcrumb\",\"itemListElement\":[{\"@type\":\"ListItem\",\"position\":1,\"name\":\"Portada\",\"item\":\"https:\\\/\\\/www.anc.cr\\\/\"},{\"@type\":\"ListItem\",\"position\":2,\"name\":\"Pronunciamientos\"}]},{\"@type\":\"WebSite\",\"@id\":\"https:\\\/\\\/www.anc.cr\\\/#website\",\"url\":\"https:\\\/\\\/www.anc.cr\\\/\",\"name\":\"ANC\",\"description\":\"Academia Nacional de Ciencias\",\"publisher\":{\"@id\":\"https:\\\/\\\/www.anc.cr\\\/#organization\"},\"potentialAction\":[{\"@type\":\"SearchAction\",\"target\":{\"@type\":\"EntryPoint\",\"urlTemplate\":\"https:\\\/\\\/www.anc.cr\\\/?s={search_term_string}\"},\"query-input\":{\"@type\":\"PropertyValueSpecification\",\"valueRequired\":true,\"valueName\":\"search_term_string\"}}],\"inLanguage\":\"en-US\"},{\"@type\":\"Organization\",\"@id\":\"https:\\\/\\\/www.anc.cr\\\/#organization\",\"name\":\"ANC\",\"url\":\"https:\\\/\\\/www.anc.cr\\\/\",\"logo\":{\"@type\":\"ImageObject\",\"inLanguage\":\"en-US\",\"@id\":\"https:\\\/\\\/www.anc.cr\\\/#\\\/schema\\\/logo\\\/image\\\/\",\"url\":\"https:\\\/\\\/www.anc.cr\\\/wp-content\\\/uploads\\\/2024\\\/07\\\/Logo-ANC-CR.png\",\"contentUrl\":\"https:\\\/\\\/www.anc.cr\\\/wp-content\\\/uploads\\\/2024\\\/07\\\/Logo-ANC-CR.png\",\"width\":1051,\"height\":593,\"caption\":\"ANC\"},\"image\":{\"@id\":\"https:\\\/\\\/www.anc.cr\\\/#\\\/schema\\\/logo\\\/image\\\/\"}}]}<\/script>\n<!-- \/ Yoast SEO plugin. -->","yoast_head_json":{"title":"Pronunciamientos - ANC","robots":{"index":"index","follow":"follow","max-snippet":"max-snippet:-1","max-image-preview":"max-image-preview:large","max-video-preview":"max-video-preview:-1"},"canonical":"https:\/\/www.anc.cr\/en\/pronunciamientos-2\/","og_locale":"en_US","og_type":"article","og_title":"Pronunciamientos - ANC","og_url":"https:\/\/www.anc.cr\/en\/pronunciamientos-2\/","og_site_name":"ANC","article_modified_time":"2024-09-20T06:28:54+00:00","twitter_card":"summary_large_image","schema":{"@context":"https:\/\/schema.org","@graph":[{"@type":"WebPage","@id":"https:\/\/www.anc.cr\/pronunciamientos-2\/","url":"https:\/\/www.anc.cr\/pronunciamientos-2\/","name":"Pronunciamientos - ANC","isPartOf":{"@id":"https:\/\/www.anc.cr\/#website"},"datePublished":"2024-09-05T02:09:17+00:00","dateModified":"2024-09-20T06:28:54+00:00","breadcrumb":{"@id":"https:\/\/www.anc.cr\/pronunciamientos-2\/#breadcrumb"},"inLanguage":"en-US","potentialAction":[{"@type":"ReadAction","target":["https:\/\/www.anc.cr\/pronunciamientos-2\/"]}]},{"@type":"BreadcrumbList","@id":"https:\/\/www.anc.cr\/pronunciamientos-2\/#breadcrumb","itemListElement":[{"@type":"ListItem","position":1,"name":"Portada","item":"https:\/\/www.anc.cr\/"},{"@type":"ListItem","position":2,"name":"Pronunciamientos"}]},{"@type":"WebSite","@id":"https:\/\/www.anc.cr\/#website","url":"https:\/\/www.anc.cr\/","name":"ANC","description":"Academia Nacional de Ciencias","publisher":{"@id":"https:\/\/www.anc.cr\/#organization"},"potentialAction":[{"@type":"SearchAction","target":{"@type":"EntryPoint","urlTemplate":"https:\/\/www.anc.cr\/?s={search_term_string}"},"query-input":{"@type":"PropertyValueSpecification","valueRequired":true,"valueName":"search_term_string"}}],"inLanguage":"en-US"},{"@type":"Organization","@id":"https:\/\/www.anc.cr\/#organization","name":"ANC","url":"https:\/\/www.anc.cr\/","logo":{"@type":"ImageObject","inLanguage":"en-US","@id":"https:\/\/www.anc.cr\/#\/schema\/logo\/image\/","url":"https:\/\/www.anc.cr\/wp-content\/uploads\/2024\/07\/Logo-ANC-CR.png","contentUrl":"https:\/\/www.anc.cr\/wp-content\/uploads\/2024\/07\/Logo-ANC-CR.png","width":1051,"height":593,"caption":"ANC"},"image":{"@id":"https:\/\/www.anc.cr\/#\/schema\/logo\/image\/"}}]}},"_links":{"self":[{"href":"https:\/\/www.anc.cr\/en\/wp-json\/wp\/v2\/pages\/1786","targetHints":{"allow":["GET"]}}],"collection":[{"href":"https:\/\/www.anc.cr\/en\/wp-json\/wp\/v2\/pages"}],"about":[{"href":"https:\/\/www.anc.cr\/en\/wp-json\/wp\/v2\/types\/page"}],"author":[{"embeddable":true,"href":"https:\/\/www.anc.cr\/en\/wp-json\/wp\/v2\/users\/1"}],"replies":[{"embeddable":true,"href":"https:\/\/www.anc.cr\/en\/wp-json\/wp\/v2\/comments?post=1786"}],"version-history":[{"count":4,"href":"https:\/\/www.anc.cr\/en\/wp-json\/wp\/v2\/pages\/1786\/revisions"}],"predecessor-version":[{"id":2267,"href":"https:\/\/www.anc.cr\/en\/wp-json\/wp\/v2\/pages\/1786\/revisions\/2267"}],"wp:attachment":[{"href":"https:\/\/www.anc.cr\/en\/wp-json\/wp\/v2\/media?parent=1786"}],"curies":[{"name":"wp","href":"https:\/\/api.w.org\/{rel}","templated":true}]}}