{"id":1427,"date":"2024-07-10T08:56:45","date_gmt":"2024-07-10T14:56:45","guid":{"rendered":"http:\/\/anc.local\/?page_id=1427"},"modified":"2025-12-09T10:20:07","modified_gmt":"2025-12-09T16:20:07","slug":"gabriel-macaya-trejos","status":"publish","type":"page","link":"https:\/\/www.anc.cr\/en\/gabriel-macaya-trejos\/","title":{"rendered":"Gabriel Macaya Trejos"},"content":{"rendered":"<div class=\"wp-block-group alignfull has-global-padding is-layout-constrained wp-container-core-group-is-layout-cb151cc7 wp-block-group-is-layout-constrained\" style=\"margin-top:0;margin-bottom:0;padding-top:0;padding-right:var(--wp--preset--spacing--50);padding-bottom:0;padding-left:var(--wp--preset--spacing--50)\">\n<div class=\"wp-block-columns alignwide are-vertically-aligned-center is-layout-flex wp-container-core-columns-is-layout-47c06fe3 wp-block-columns-is-layout-flex\">\n<div class=\"wp-block-column is-vertically-aligned-center is-layout-flow wp-block-column-is-layout-flow\" style=\"flex-basis:50%\">\n<h3 class=\"wp-block-heading has-x-large-font-size\">Gabriel Macaya Trejos<\/h3>\n\n\n\n<p><\/p>\n\n\n\n<ul class=\"wp-block-list\">\n<li>Catedr\u00e1tico, Centro de Investigaci\u00f3n en Biolog\u00eda Celular y Molecular, Universidad de Costa Rica, San Jos\u00e9, Costa Rica.<\/li>\n\n\n\n<li>Bachiller en Qu\u00edmica, Universidad de Costa Rica (1970).<\/li>\n\n\n\n<li>Diploma de Estudios Espec\u00edficos en Bioqu\u00edmica, Universidad de Par\u00eds 7 (1972).<\/li>\n\n\n\n<li>Ph.D. en Biolog\u00eda Molecular, Universidad de Par\u00eds 7 (1976).&nbsp;<\/li>\n<\/ul>\n<\/div>\n\n\n\n<div class=\"wp-block-column is-vertically-aligned-center is-layout-flow wp-block-column-is-layout-flow\" style=\"flex-basis:50%\">\n<figure class=\"wp-block-image aligncenter size-full is-resized is-style-rounded is-style-rounded--1\"><img decoding=\"async\" width=\"288\" height=\"245\" src=\"https:\/\/www.anc.cr\/wp-content\/uploads\/2024\/07\/image-59.png\" alt=\"\" class=\"wp-image-731\" style=\"aspect-ratio:1;object-fit:cover;width:400px\"\/><\/figure>\n<\/div>\n<\/div>\n<\/div>\n\n\n\n<div style=\"height:10px\" aria-hidden=\"true\" class=\"wp-block-spacer\"><\/div>\n\n\n\n<hr class=\"wp-block-separator has-alpha-channel-opacity\"\/>\n\n\n\n<p>Gabriel Macaya ha estudiado la conformaci\u00f3n del ADN, por medio del dicroismo lineal infrarrojo, la organizaci\u00f3n del genoma de los eucariones y la interacci\u00f3n del ion Ag+ con el ADN y el Virus de la Hepatitis B. Adem\u00e1s, ha trabajado en biolog\u00eda molecular y sus virus, y en el desarrollo y perfeccionamiento de metodolog\u00edas para fraccionar el ADN por m\u00e9todos biof\u00edsicos, utilizando las propiedades de flotamiento en gradientes de sales de cesio de los complejos del ADN con el ion plata (Ag+). Y es investigador principal de los proyectos \u0093Endofenotipos Bipolares en Aislamientos Poblacionales\u0094 y \u0093Mapeo de Genes de Susceptibilidad al Alcoholismo\u0094, ambos pertenecientes al Centro de Investigaciones en Biolog\u00eda Celular y Molecular, de la Universidad de Costa Rica.&nbsp;<\/p>\n\n\n\n<p>Ha ocupado los cargos de Vicerrector de Investigaci\u00f3n de la Universidad de Costa Rica (1981 a 1988), Rector de la Universidad de Costa Rica (1996 a 2004), Director&nbsp; e investigador del Centro de Investigaci\u00f3n en Biolog\u00eda Celular y Molecular de la Universidad de Costa Rica (1992 a 1996), Consultor Proyecto Estrategia Ciencia y Tecnolog\u00eda en la Fundaci\u00f3n CR-USA. (2005), Presidente de la Academia Nacional de Ciencias (2006-) y Vicepresidente del Comit\u00e9 Ejecutivo de la Estrategia Siglo XXI (2007).&nbsp;<\/p>\n\n\n\n<p>Adem\u00e1s, es miembro de: la Sociedad Costarricense de Bioqu\u00edmica y Biolog\u00eda Molecular, la Junta Directiva de la Fundaci\u00f3n Omar Dengo, la Academia Nacional de Ciencias y del Consejo Cient\u00edfico de la Stazione Zoologica Anton Dohrn, N\u00e1poles, Italia. Y ha recibido el Premio Nacional de Ciencias \u0093Clodomiro Picado Twight\u0094 en 1976, as\u00ed como los siguientes reconocimientos: \u0093Caballero de la Orden de las Palmas Acad\u00e9micas\u0094, otorgado por el Gobierno de Francia, \u0093Doctor of Humane Letters\u0094, otorgado por la Universidad del Estado de Nueva York, 1998 y &#8220;Oficial de la Orden de la Legi\u00f3n de Honor&#8221;, otorgado por el gobierno franc\u00e9s el 29 de mayo del 2002.&nbsp;&nbsp;<\/p>\n\n\n\n<h3 class=\"wp-block-heading\">Publicaciones representativas:&nbsp;<\/h3>\n\n\n\n<ul class=\"wp-block-list\">\n<li>Antill\u00f3n, A., Chang, F., G\u00e1mez, R., Macaya, G., Villalta, G. (2005) Informe Final de Car\u00e1cter General no Vinculante al Presidente de la Rep\u00fablica sobre el Tratado de Libre Comercio entre Centroam\u00e9rica, Rep\u00fablica Dominicana y Estados Unidos de Am\u00e9rica. EUNED, San Jos\u00e9, Costa Rica.<\/li>\n\n\n\n<li>Gonz\u00e1lez Y., Macaya G. (2008) Pensadores y forjadores. Pensamiento universitario latinoamericano. IESALC, UNESCO. Bid &amp; co. Editor. pp 603-636.<\/li>\n\n\n\n<li>Herzberg I., Jasinska A., Garc\u00eda J., Jawaheer D., Service S., Kremeyer B., Duque C., Parra M., Vega J., Ortiz D., Carvajal L., Polanco G., Restrepo G., L\u00f3pez C., Palacio C., Levinson M., Aldana I., Mathews C., Davanzo P, Molina J., Fournier E., Bejarano J., Ram\u00edrez M., Araya C., Araya X., Sabatti C., Reus V., Macaya, G, Bedoya G., Ospina J., Freimer N., Ru\u00edz-Linares A.<\/li>\n\n\n\n<li>Convergent linkage evidence from two Latin American population isolates supports the presence of a susceptibility locus for bipolar disorder in (Sep. 2006) 5q31-34. Hum Vol. Genet.<\/li>\n\n\n\n<li>Macaya Trejos, Gabriel y otros. &#8220;Hepatitis viral B.&#8221;. Acta m\u00e9dica costarricense. 23(1):71-79, enero, 1980. (H 610.5 A183a C.R.).<\/li>\n\n\n\n<li>Macaya Trejos, Gabriel y otros. Estructura y funci\u00f3n de los cronosomas plumulados&#8221;. Revista de biolog\u00eda tropical. 28(1):209-226, julio, 1980.<\/li>\n\n\n\n<li>Macaya, G, (2008) Experiencia sobre el aprovechamiento de la informaci\u00f3n en los archivos de Gen\u00e9tica Memoria V Seminario Internacional de Archivos de Tradici\u00f3n Ib\u00e9rica &#8220;Los Archivos al Servicio de la sociedad&#8221; Departamento de Publicaciones, Ministerio de Cultura y Juventud. Pp175-180.<\/li>\n\n\n\n<li>Service S., Molina J., Deyoung J., Jawaheer D., Aldana I., Vu T., Bejarano J., Fournier E., Ram\u00edrez M., Mathews C., Davanzo P., Macaya G., Sandkuijl L., Sabatti C., Reus V., Freimer N. Results of a SNP genome screen in a large Costa Rican pedigree segregationg for severe bipolar disorder. Am J. Med. Genet. B. Neuropsychiatr Genet. (May. 2006).<\/li>\n<\/ul>","protected":false},"excerpt":{"rendered":"<p>Gabriel Macaya Trejos Gabriel Macaya ha estudiado la conformaci\u00f3n del ADN, por medio del dicroismo lineal infrarrojo, la organizaci\u00f3n del genoma de los eucariones y la interacci\u00f3n del ion Ag+ con el ADN y el Virus de la Hepatitis B. Adem\u00e1s, ha trabajado en biolog\u00eda molecular y sus virus, y en el desarrollo y perfeccionamiento [&hellip;]<\/p>\n","protected":false},"author":1,"featured_media":0,"parent":0,"menu_order":0,"comment_status":"closed","ping_status":"closed","template":"","meta":{"footnotes":""},"class_list":["post-1427","page","type-page","status-publish","hentry"],"yoast_head":"<!-- This site is optimized with the Yoast SEO plugin v27.3 - https:\/\/yoast.com\/product\/yoast-seo-wordpress\/ -->\n<title>Gabriel Macaya Trejos - ANC<\/title>\n<meta name=\"robots\" content=\"index, follow, max-snippet:-1, max-image-preview:large, max-video-preview:-1\" \/>\n<link rel=\"canonical\" href=\"https:\/\/www.anc.cr\/en\/gabriel-macaya-trejos\/\" \/>\n<meta property=\"og:locale\" content=\"en_US\" \/>\n<meta property=\"og:type\" content=\"article\" \/>\n<meta property=\"og:title\" content=\"Gabriel Macaya Trejos - ANC\" \/>\n<meta property=\"og:description\" content=\"Gabriel Macaya Trejos Gabriel Macaya ha estudiado la conformaci\u00f3n del ADN, por medio del dicroismo lineal infrarrojo, la organizaci\u00f3n del genoma de los eucariones y la interacci\u00f3n del ion Ag+ con el ADN y el Virus de la Hepatitis B. Adem\u00e1s, ha trabajado en biolog\u00eda molecular y sus virus, y en el desarrollo y perfeccionamiento [&hellip;]\" \/>\n<meta property=\"og:url\" content=\"https:\/\/www.anc.cr\/en\/gabriel-macaya-trejos\/\" \/>\n<meta property=\"og:site_name\" content=\"ANC\" \/>\n<meta property=\"article:modified_time\" content=\"2025-12-09T16:20:07+00:00\" \/>\n<meta property=\"og:image\" content=\"https:\/\/www.anc.cr\/wp-content\/uploads\/2024\/07\/image-59.png\" \/>\n\t<meta property=\"og:image:width\" content=\"288\" \/>\n\t<meta property=\"og:image:height\" content=\"245\" \/>\n\t<meta property=\"og:image:type\" content=\"image\/png\" \/>\n<meta name=\"twitter:card\" content=\"summary_large_image\" \/>\n<meta name=\"twitter:label1\" content=\"Est. reading time\" \/>\n\t<meta name=\"twitter:data1\" content=\"4 minutes\" \/>\n<script type=\"application\/ld+json\" class=\"yoast-schema-graph\">{\"@context\":\"https:\\\/\\\/schema.org\",\"@graph\":[{\"@type\":\"WebPage\",\"@id\":\"https:\\\/\\\/www.anc.cr\\\/gabriel-macaya-trejos\\\/\",\"url\":\"https:\\\/\\\/www.anc.cr\\\/gabriel-macaya-trejos\\\/\",\"name\":\"Gabriel Macaya Trejos - ANC\",\"isPartOf\":{\"@id\":\"https:\\\/\\\/www.anc.cr\\\/#website\"},\"primaryImageOfPage\":{\"@id\":\"https:\\\/\\\/www.anc.cr\\\/gabriel-macaya-trejos\\\/#primaryimage\"},\"image\":{\"@id\":\"https:\\\/\\\/www.anc.cr\\\/gabriel-macaya-trejos\\\/#primaryimage\"},\"thumbnailUrl\":\"https:\\\/\\\/www.anc.cr\\\/wp-content\\\/uploads\\\/2024\\\/07\\\/image-59.png\",\"datePublished\":\"2024-07-10T14:56:45+00:00\",\"dateModified\":\"2025-12-09T16:20:07+00:00\",\"breadcrumb\":{\"@id\":\"https:\\\/\\\/www.anc.cr\\\/gabriel-macaya-trejos\\\/#breadcrumb\"},\"inLanguage\":\"en-US\",\"potentialAction\":[{\"@type\":\"ReadAction\",\"target\":[\"https:\\\/\\\/www.anc.cr\\\/gabriel-macaya-trejos\\\/\"]}]},{\"@type\":\"ImageObject\",\"inLanguage\":\"en-US\",\"@id\":\"https:\\\/\\\/www.anc.cr\\\/gabriel-macaya-trejos\\\/#primaryimage\",\"url\":\"https:\\\/\\\/www.anc.cr\\\/wp-content\\\/uploads\\\/2024\\\/07\\\/image-59.png\",\"contentUrl\":\"https:\\\/\\\/www.anc.cr\\\/wp-content\\\/uploads\\\/2024\\\/07\\\/image-59.png\"},{\"@type\":\"BreadcrumbList\",\"@id\":\"https:\\\/\\\/www.anc.cr\\\/gabriel-macaya-trejos\\\/#breadcrumb\",\"itemListElement\":[{\"@type\":\"ListItem\",\"position\":1,\"name\":\"Portada\",\"item\":\"https:\\\/\\\/www.anc.cr\\\/\"},{\"@type\":\"ListItem\",\"position\":2,\"name\":\"Gabriel Macaya Trejos\"}]},{\"@type\":\"WebSite\",\"@id\":\"https:\\\/\\\/www.anc.cr\\\/#website\",\"url\":\"https:\\\/\\\/www.anc.cr\\\/\",\"name\":\"ANC\",\"description\":\"Academia Nacional de Ciencias\",\"publisher\":{\"@id\":\"https:\\\/\\\/www.anc.cr\\\/#organization\"},\"potentialAction\":[{\"@type\":\"SearchAction\",\"target\":{\"@type\":\"EntryPoint\",\"urlTemplate\":\"https:\\\/\\\/www.anc.cr\\\/?s={search_term_string}\"},\"query-input\":{\"@type\":\"PropertyValueSpecification\",\"valueRequired\":true,\"valueName\":\"search_term_string\"}}],\"inLanguage\":\"en-US\"},{\"@type\":\"Organization\",\"@id\":\"https:\\\/\\\/www.anc.cr\\\/#organization\",\"name\":\"ANC\",\"url\":\"https:\\\/\\\/www.anc.cr\\\/\",\"logo\":{\"@type\":\"ImageObject\",\"inLanguage\":\"en-US\",\"@id\":\"https:\\\/\\\/www.anc.cr\\\/#\\\/schema\\\/logo\\\/image\\\/\",\"url\":\"https:\\\/\\\/www.anc.cr\\\/wp-content\\\/uploads\\\/2024\\\/07\\\/Logo-ANC-CR.png\",\"contentUrl\":\"https:\\\/\\\/www.anc.cr\\\/wp-content\\\/uploads\\\/2024\\\/07\\\/Logo-ANC-CR.png\",\"width\":1051,\"height\":593,\"caption\":\"ANC\"},\"image\":{\"@id\":\"https:\\\/\\\/www.anc.cr\\\/#\\\/schema\\\/logo\\\/image\\\/\"}}]}<\/script>\n<!-- \/ Yoast SEO plugin. -->","yoast_head_json":{"title":"Gabriel Macaya Trejos - ANC","robots":{"index":"index","follow":"follow","max-snippet":"max-snippet:-1","max-image-preview":"max-image-preview:large","max-video-preview":"max-video-preview:-1"},"canonical":"https:\/\/www.anc.cr\/en\/gabriel-macaya-trejos\/","og_locale":"en_US","og_type":"article","og_title":"Gabriel Macaya Trejos - ANC","og_description":"Gabriel Macaya Trejos Gabriel Macaya ha estudiado la conformaci\u00f3n del ADN, por medio del dicroismo lineal infrarrojo, la organizaci\u00f3n del genoma de los eucariones y la interacci\u00f3n del ion Ag+ con el ADN y el Virus de la Hepatitis B. Adem\u00e1s, ha trabajado en biolog\u00eda molecular y sus virus, y en el desarrollo y perfeccionamiento [&hellip;]","og_url":"https:\/\/www.anc.cr\/en\/gabriel-macaya-trejos\/","og_site_name":"ANC","article_modified_time":"2025-12-09T16:20:07+00:00","og_image":[{"width":288,"height":245,"url":"https:\/\/www.anc.cr\/wp-content\/uploads\/2024\/07\/image-59.png","type":"image\/png"}],"twitter_card":"summary_large_image","twitter_misc":{"Est. reading time":"4 minutes"},"schema":{"@context":"https:\/\/schema.org","@graph":[{"@type":"WebPage","@id":"https:\/\/www.anc.cr\/gabriel-macaya-trejos\/","url":"https:\/\/www.anc.cr\/gabriel-macaya-trejos\/","name":"Gabriel Macaya Trejos - ANC","isPartOf":{"@id":"https:\/\/www.anc.cr\/#website"},"primaryImageOfPage":{"@id":"https:\/\/www.anc.cr\/gabriel-macaya-trejos\/#primaryimage"},"image":{"@id":"https:\/\/www.anc.cr\/gabriel-macaya-trejos\/#primaryimage"},"thumbnailUrl":"https:\/\/www.anc.cr\/wp-content\/uploads\/2024\/07\/image-59.png","datePublished":"2024-07-10T14:56:45+00:00","dateModified":"2025-12-09T16:20:07+00:00","breadcrumb":{"@id":"https:\/\/www.anc.cr\/gabriel-macaya-trejos\/#breadcrumb"},"inLanguage":"en-US","potentialAction":[{"@type":"ReadAction","target":["https:\/\/www.anc.cr\/gabriel-macaya-trejos\/"]}]},{"@type":"ImageObject","inLanguage":"en-US","@id":"https:\/\/www.anc.cr\/gabriel-macaya-trejos\/#primaryimage","url":"https:\/\/www.anc.cr\/wp-content\/uploads\/2024\/07\/image-59.png","contentUrl":"https:\/\/www.anc.cr\/wp-content\/uploads\/2024\/07\/image-59.png"},{"@type":"BreadcrumbList","@id":"https:\/\/www.anc.cr\/gabriel-macaya-trejos\/#breadcrumb","itemListElement":[{"@type":"ListItem","position":1,"name":"Portada","item":"https:\/\/www.anc.cr\/"},{"@type":"ListItem","position":2,"name":"Gabriel Macaya Trejos"}]},{"@type":"WebSite","@id":"https:\/\/www.anc.cr\/#website","url":"https:\/\/www.anc.cr\/","name":"ANC","description":"Academia Nacional de Ciencias","publisher":{"@id":"https:\/\/www.anc.cr\/#organization"},"potentialAction":[{"@type":"SearchAction","target":{"@type":"EntryPoint","urlTemplate":"https:\/\/www.anc.cr\/?s={search_term_string}"},"query-input":{"@type":"PropertyValueSpecification","valueRequired":true,"valueName":"search_term_string"}}],"inLanguage":"en-US"},{"@type":"Organization","@id":"https:\/\/www.anc.cr\/#organization","name":"ANC","url":"https:\/\/www.anc.cr\/","logo":{"@type":"ImageObject","inLanguage":"en-US","@id":"https:\/\/www.anc.cr\/#\/schema\/logo\/image\/","url":"https:\/\/www.anc.cr\/wp-content\/uploads\/2024\/07\/Logo-ANC-CR.png","contentUrl":"https:\/\/www.anc.cr\/wp-content\/uploads\/2024\/07\/Logo-ANC-CR.png","width":1051,"height":593,"caption":"ANC"},"image":{"@id":"https:\/\/www.anc.cr\/#\/schema\/logo\/image\/"}}]}},"_links":{"self":[{"href":"https:\/\/www.anc.cr\/en\/wp-json\/wp\/v2\/pages\/1427","targetHints":{"allow":["GET"]}}],"collection":[{"href":"https:\/\/www.anc.cr\/en\/wp-json\/wp\/v2\/pages"}],"about":[{"href":"https:\/\/www.anc.cr\/en\/wp-json\/wp\/v2\/types\/page"}],"author":[{"embeddable":true,"href":"https:\/\/www.anc.cr\/en\/wp-json\/wp\/v2\/users\/1"}],"replies":[{"embeddable":true,"href":"https:\/\/www.anc.cr\/en\/wp-json\/wp\/v2\/comments?post=1427"}],"version-history":[{"count":2,"href":"https:\/\/www.anc.cr\/en\/wp-json\/wp\/v2\/pages\/1427\/revisions"}],"predecessor-version":[{"id":2775,"href":"https:\/\/www.anc.cr\/en\/wp-json\/wp\/v2\/pages\/1427\/revisions\/2775"}],"wp:attachment":[{"href":"https:\/\/www.anc.cr\/en\/wp-json\/wp\/v2\/media?parent=1427"}],"curies":[{"name":"wp","href":"https:\/\/api.w.org\/{rel}","templated":true}]}}