{"id":1415,"date":"2024-07-10T08:48:14","date_gmt":"2024-07-10T14:48:14","guid":{"rendered":"http:\/\/anc.local\/?page_id=1415"},"modified":"2024-07-10T08:48:20","modified_gmt":"2024-07-10T14:48:20","slug":"hugo-hidalgo-leon","status":"publish","type":"page","link":"https:\/\/www.anc.cr\/en\/hugo-hidalgo-leon\/","title":{"rendered":"Hugo Hidalgo Le\u00f3n"},"content":{"rendered":"\n<div class=\"wp-block-group alignfull has-global-padding is-layout-constrained wp-container-core-group-is-layout-cb151cc7 wp-block-group-is-layout-constrained\" style=\"margin-top:0;margin-bottom:0;padding-top:0;padding-right:var(--wp--preset--spacing--50);padding-bottom:0;padding-left:var(--wp--preset--spacing--50)\">\n<div class=\"wp-block-columns alignwide are-vertically-aligned-center is-layout-flex wp-container-core-columns-is-layout-47c06fe3 wp-block-columns-is-layout-flex\">\n<div class=\"wp-block-column is-vertically-aligned-center is-layout-flow wp-block-column-is-layout-flow\" style=\"flex-basis:50%\">\n<h3 class=\"wp-block-heading has-x-large-font-size\">Hugo Hidalgo Le\u00f3n<\/h3>\n\n\n\n<p>Secretario-Academia Nacional de Ciencias<\/p>\n\n\n\n<p>Profesor e Investigador&nbsp; de la Escuela de F\u00edsica y del Centro de Investigaciones Geof\u00edsicas de la Universidad de Costa Rica.&nbsp;<br>Especialidad: Recursos H\u00eddricos e Hidrolog\u00eda de Aguas Superficiales.&nbsp;<\/p>\n<\/div>\n\n\n\n<div class=\"wp-block-column is-vertically-aligned-center is-layout-flow wp-block-column-is-layout-flow\" style=\"flex-basis:50%\">\n<figure class=\"wp-block-image aligncenter size-full is-resized is-style-rounded is-style-rounded--1\"><img decoding=\"async\" width=\"400\" height=\"400\" src=\"https:\/\/www.anc.cr\/wp-content\/uploads\/2024\/07\/image-57.png\" alt=\"\" class=\"wp-image-729\" style=\"aspect-ratio:1;object-fit:cover;width:400px\" srcset=\"https:\/\/www.anc.cr\/wp-content\/uploads\/2024\/07\/image-57.png 400w, https:\/\/www.anc.cr\/wp-content\/uploads\/2024\/07\/image-57-300x300.png 300w, https:\/\/www.anc.cr\/wp-content\/uploads\/2024\/07\/image-57-150x150.png 150w\" sizes=\"(max-width: 400px) 100vw, 400px\" \/><\/figure>\n<\/div>\n<\/div>\n<\/div>\n\n\n\n<div style=\"height:10px\" aria-hidden=\"true\" class=\"wp-block-spacer\"><\/div>\n\n\n\n<hr class=\"wp-block-separator has-alpha-channel-opacity\"\/>\n\n\n\n<p>Actualmente se desarrolla como profesor e investigador de la Escuela de F\u00edsica y del Centro de Investigaciones Geof\u00edsicas de la Universidad de Costa Rica.&nbsp;<\/p>\n\n\n\n<h3 class=\"wp-block-heading\">Estudios Realizados<\/h3>\n\n\n\n<ul class=\"wp-block-list\">\n<li>En el a\u00f1o 1992 obtuvo la licenciatura en la Escuela de Ingenier\u00eda Civil de la Universidad de Costa Rica. Adem\u00e1s de obtener el t\u00edtulo de Maestr\u00eda y Doctorado en el Departamento de Ingenier\u00eda Civil y Ambiental, espec\u00edficamente en el \u00e1rea de Recursos H\u00eddricos de la Universidad de California, Los Angeles.\u00a0<\/li>\n<\/ul>\n\n\n\n<h3 class=\"wp-block-heading\">Ha desarrollado labores como:&nbsp;<\/h3>\n\n\n\n<ul class=\"wp-block-list\">\n<li>Profesor Asociado. Escuela de F\u00edsica de la Universidad de Costa Rica. Investigador y subdirector del Centro de Investigaciones Geof\u00edsicas, Universidad de Costa Rica.<\/li>\n\n\n\n<li>Investigador de Postgrado (2003-2006) e Investigador Asistente de Proyectos Cient\u00edficos (2006-2009). Divisi\u00f3n de Clima, Ciencias Atmosf\u00e9ricas y Oceanograf\u00eda F\u00edsica. Scripps Institution of Oceanography. Universidad de California, San Diego. California, EEUU.<\/li>\n\n\n\n<li>Investigador Visitante. Departamento de Ingenier\u00eda Civil. Universidad de California, Berkeley. California, EEUU<\/li>\n\n\n\n<li>Asistente de cursos de laboratorio en el Departamento de F\u00edsica y Astronom\u00eda. Universidad de California, Los \u00c1ngeles (UCLA).<\/li>\n\n\n\n<li>Asistente de Investigaci\u00f3n: Departamente de Ingenier\u00eda Civil y Ambiental, Centro de Estudios del Anillo del Pac\u00edfico y el Instituto de Medio Ambiente de la Universidad de California, Los \u00c1ngeles.<\/li>\n\n\n\n<li>Ingeniero Dise\u00f1ador: BEL Ingenier\u00eda Consultores, Zapote, San Jos\u00e9, Costa Rica\u00a0\u00a0<\/li>\n<\/ul>\n\n\n\n<h3 class=\"wp-block-heading\">Publicaciones representativas:&nbsp;<\/h3>\n\n\n\n<ul class=\"wp-block-list\">\n<li>Hidalgo H.G., A.M. Dur\u00e1n-Quesada, J.A. Amador, and E.J. Alfaro. 2015. The Caribbean Low Level Jet, the Inter-tropical Convergence Zone and precipitation patterns in the Intra Americas Sea: A proposed dynamical mechanism. Geografiska Annaler, Series A: Physical Geography. doi:10.1111\/geoa.12085 .<\/li>\n\n\n\n<li>Hidalgo H.G. and E.J. Alfaro. 2014. Skill of CMIP5 Climate Models in Reproducing 20th Century Basic Climate Features in Central America. International Journal of Climatology. DOI: 10.1002\/joc.4216\u00a0<\/li>\n\n\n\n<li>Hidalgo H.G. 2012. Los recursos h\u00eddricos en Costa Rica: un enfoque estrat\u00e9gico. En Diagn\u00f3stico del Agua en las Am\u00e9ricas. Blanca Jim\u00e9nez Cisneros y Jos\u00e9 Galicia Tundisi, coordinadores.<\/li>\n\n\n\n<li>Iteramerican Network of Academies of Sciences. 447pp. Amador J. A., E. J. Alfaro, H.G. Hidalgo, A.M. Dur\u00e1n-Quesada, B. Calderon, I.L. Rivera and C. Vega. 2014: Central America and the Caribbean [in .State of the Climate in 2013.]. Bull. Amer. Meteor. Soc., 95 (7), S164-S166.<\/li>\n\n\n\n<li>Vano J.A., B. Udall; D.R. Cayan, J.T. Overpeck, L.D. Brekke, T. Das, H.C. Hartmann, H.G. Hidalgo, M. Hoerling, G.J. McCabe, K. Morino, R.S. Webb, K. Werner, D.P. Lettenmaier. 2014. Understanding Uncertainties in Future Colorado River Streamflow. Bull. Amer. Meteor. Soc. 95, 59\u009678.<\/li>\n\n\n\n<li>Hidalgo H.G., J.A. Amador, E.J. Alfaro, and B. Quesada. 2013. Hydrological climate change projections for Central America. Journal of Hydrology. 495: 94-112.<\/li>\n\n\n\n<li>Amador, J. A., E. J. Alfaro, B. Calder\u00f3n, A. M. Dur\u00e1n-Quesada, H. G. Hidalgo and I. L. Rivera. 2013: Central America and the Caribbean [in .State of the Climate in 2012.]. Bull. Amer. Meteor. Soc., 94(8), S154-155.<\/li>\n\n\n\n<li>Amador J. A., H.G. Hidalgo, E. J. Alfaro, B. Calderon, N.P. Mora and I.L. Rivera. 2012: Central America and the Caribbean [in .State of the Climate in 2011.]. Bull. Amer. Meteor. Soc., 93 (7), S169-S170.<\/li>\n\n\n\n<li>Hidalgo H.G. and E.J. Alfaro, 2012. Some Physical and Socio-economical Aspects of Climate Change in Central America. Progress in Physical Geography. 36(3):379-399.<\/li>\n\n\n\n<li>Hidalgo H.G. and E.J. Alfaro, 2012. Global model selection for evaluation of Climate Change projections in the Eastern Tropical Pacific Seascape. Biolog\u00eda Tropical. 60(3): 67-81.<\/li>\n\n\n\n<li>Westerling A.L., B.P. Bryant, T.P. Holmes, H.G. Hidalgo, T. Das and S.R. Shrestha, 2011. Climate change and growth scenarios for California wildfire. Climatic Change. 109: S445-S463.<\/li>\n\n\n\n<li>Das T., M.D. Dettinger, D.R. Cayan, and H.G. Hidalgo, 2011. Potential increase in floods in California&#8217;s Sierra Nevada under future climate projections. Climatic Change. 109: S71-S94.<\/li>\n\n\n\n<li>Amador J. A., E. J. Alfaro, H.G. Hidalgo, and B. Calderon, 2011: Central America and the Caribbean [in .State of the Climate in 2010.]. Bull. Amer. Meteor. Soc., 92, S182-S183.<\/li>\n\n\n\n<li>Westerling A.L., B.P. Bryant, T.P. Holmes, H.G. Hidalgo, T. Das and S.R. Shrestha, 2011. Climate change and growth scenarios for California wildfire. Climatic Change. 109: S445-S463.<\/li>\n\n\n\n<li>Das T., M.D. Dettinger, D.R. Cayan, and H.G. Hidalgo, 2011. Potential increase in floods in California&#8217;s Sierra Nevada under future climate projections. Climatic Change. 109: S71-S94.<\/li>\n\n\n\n<li>Amador J. A., E. J. Alfaro, H.G. Hidalgo, and B. Calderon, 2011: Central America and the Caribbean [in .State of the Climate in 2019.]. Bull. Amer. Meteor. Soc., 92, S182-S183.<\/li>\n<\/ul>\n\n\n\n<ul class=\"wp-block-list\">\n<li><\/li>\n<\/ul>\n","protected":false},"excerpt":{"rendered":"<p>Hugo Hidalgo Le\u00f3n Secretario-Academia Nacional de Ciencias Profesor e Investigador&nbsp; de la Escuela de F\u00edsica y del Centro de Investigaciones Geof\u00edsicas de la Universidad de Costa Rica.&nbsp;Especialidad: Recursos H\u00eddricos e Hidrolog\u00eda de Aguas Superficiales.&nbsp; Actualmente se desarrolla como profesor e investigador de la Escuela de F\u00edsica y del Centro de Investigaciones Geof\u00edsicas de la Universidad [&hellip;]<\/p>\n","protected":false},"author":1,"featured_media":0,"parent":0,"menu_order":0,"comment_status":"closed","ping_status":"closed","template":"","meta":{"footnotes":""},"class_list":["post-1415","page","type-page","status-publish","hentry"],"yoast_head":"<!-- This site is optimized with the Yoast SEO plugin v27.3 - https:\/\/yoast.com\/product\/yoast-seo-wordpress\/ -->\n<title>Hugo Hidalgo Le\u00f3n - ANC<\/title>\n<meta name=\"robots\" content=\"index, follow, max-snippet:-1, max-image-preview:large, max-video-preview:-1\" \/>\n<link rel=\"canonical\" href=\"https:\/\/www.anc.cr\/en\/hugo-hidalgo-leon\/\" \/>\n<meta property=\"og:locale\" content=\"en_US\" \/>\n<meta property=\"og:type\" content=\"article\" \/>\n<meta property=\"og:title\" content=\"Hugo Hidalgo Le\u00f3n - ANC\" \/>\n<meta property=\"og:description\" content=\"Hugo Hidalgo Le\u00f3n Secretario-Academia Nacional de Ciencias Profesor e Investigador&nbsp; de la Escuela de F\u00edsica y del Centro de Investigaciones Geof\u00edsicas de la Universidad de Costa Rica.&nbsp;Especialidad: Recursos H\u00eddricos e Hidrolog\u00eda de Aguas Superficiales.&nbsp; Actualmente se desarrolla como profesor e investigador de la Escuela de F\u00edsica y del Centro de Investigaciones Geof\u00edsicas de la Universidad [&hellip;]\" \/>\n<meta property=\"og:url\" content=\"https:\/\/www.anc.cr\/en\/hugo-hidalgo-leon\/\" \/>\n<meta property=\"og:site_name\" content=\"ANC\" \/>\n<meta property=\"article:modified_time\" content=\"2024-07-10T14:48:20+00:00\" \/>\n<meta property=\"og:image\" content=\"https:\/\/www.anc.cr\/wp-content\/uploads\/2024\/07\/image-57.png\" \/>\n<meta name=\"twitter:card\" content=\"summary_large_image\" \/>\n<meta name=\"twitter:label1\" content=\"Est. reading time\" \/>\n\t<meta name=\"twitter:data1\" content=\"4 minutes\" \/>\n<script type=\"application\/ld+json\" class=\"yoast-schema-graph\">{\"@context\":\"https:\\\/\\\/schema.org\",\"@graph\":[{\"@type\":\"WebPage\",\"@id\":\"https:\\\/\\\/www.anc.cr\\\/hugo-hidalgo-leon\\\/\",\"url\":\"https:\\\/\\\/www.anc.cr\\\/hugo-hidalgo-leon\\\/\",\"name\":\"Hugo Hidalgo Le\u00f3n - ANC\",\"isPartOf\":{\"@id\":\"https:\\\/\\\/www.anc.cr\\\/#website\"},\"primaryImageOfPage\":{\"@id\":\"https:\\\/\\\/www.anc.cr\\\/hugo-hidalgo-leon\\\/#primaryimage\"},\"image\":{\"@id\":\"https:\\\/\\\/www.anc.cr\\\/hugo-hidalgo-leon\\\/#primaryimage\"},\"thumbnailUrl\":\"https:\\\/\\\/www.anc.cr\\\/wp-content\\\/uploads\\\/2024\\\/07\\\/image-57.png\",\"datePublished\":\"2024-07-10T14:48:14+00:00\",\"dateModified\":\"2024-07-10T14:48:20+00:00\",\"breadcrumb\":{\"@id\":\"https:\\\/\\\/www.anc.cr\\\/hugo-hidalgo-leon\\\/#breadcrumb\"},\"inLanguage\":\"en-US\",\"potentialAction\":[{\"@type\":\"ReadAction\",\"target\":[\"https:\\\/\\\/www.anc.cr\\\/hugo-hidalgo-leon\\\/\"]}]},{\"@type\":\"ImageObject\",\"inLanguage\":\"en-US\",\"@id\":\"https:\\\/\\\/www.anc.cr\\\/hugo-hidalgo-leon\\\/#primaryimage\",\"url\":\"https:\\\/\\\/www.anc.cr\\\/wp-content\\\/uploads\\\/2024\\\/07\\\/image-57.png\",\"contentUrl\":\"https:\\\/\\\/www.anc.cr\\\/wp-content\\\/uploads\\\/2024\\\/07\\\/image-57.png\"},{\"@type\":\"BreadcrumbList\",\"@id\":\"https:\\\/\\\/www.anc.cr\\\/hugo-hidalgo-leon\\\/#breadcrumb\",\"itemListElement\":[{\"@type\":\"ListItem\",\"position\":1,\"name\":\"Portada\",\"item\":\"https:\\\/\\\/www.anc.cr\\\/\"},{\"@type\":\"ListItem\",\"position\":2,\"name\":\"Hugo Hidalgo Le\u00f3n\"}]},{\"@type\":\"WebSite\",\"@id\":\"https:\\\/\\\/www.anc.cr\\\/#website\",\"url\":\"https:\\\/\\\/www.anc.cr\\\/\",\"name\":\"ANC\",\"description\":\"Academia Nacional de Ciencias\",\"publisher\":{\"@id\":\"https:\\\/\\\/www.anc.cr\\\/#organization\"},\"potentialAction\":[{\"@type\":\"SearchAction\",\"target\":{\"@type\":\"EntryPoint\",\"urlTemplate\":\"https:\\\/\\\/www.anc.cr\\\/?s={search_term_string}\"},\"query-input\":{\"@type\":\"PropertyValueSpecification\",\"valueRequired\":true,\"valueName\":\"search_term_string\"}}],\"inLanguage\":\"en-US\"},{\"@type\":\"Organization\",\"@id\":\"https:\\\/\\\/www.anc.cr\\\/#organization\",\"name\":\"ANC\",\"url\":\"https:\\\/\\\/www.anc.cr\\\/\",\"logo\":{\"@type\":\"ImageObject\",\"inLanguage\":\"en-US\",\"@id\":\"https:\\\/\\\/www.anc.cr\\\/#\\\/schema\\\/logo\\\/image\\\/\",\"url\":\"https:\\\/\\\/www.anc.cr\\\/wp-content\\\/uploads\\\/2024\\\/07\\\/Logo-ANC-CR.png\",\"contentUrl\":\"https:\\\/\\\/www.anc.cr\\\/wp-content\\\/uploads\\\/2024\\\/07\\\/Logo-ANC-CR.png\",\"width\":1051,\"height\":593,\"caption\":\"ANC\"},\"image\":{\"@id\":\"https:\\\/\\\/www.anc.cr\\\/#\\\/schema\\\/logo\\\/image\\\/\"}}]}<\/script>\n<!-- \/ Yoast SEO plugin. -->","yoast_head_json":{"title":"Hugo Hidalgo Le\u00f3n - ANC","robots":{"index":"index","follow":"follow","max-snippet":"max-snippet:-1","max-image-preview":"max-image-preview:large","max-video-preview":"max-video-preview:-1"},"canonical":"https:\/\/www.anc.cr\/en\/hugo-hidalgo-leon\/","og_locale":"en_US","og_type":"article","og_title":"Hugo Hidalgo Le\u00f3n - ANC","og_description":"Hugo Hidalgo Le\u00f3n Secretario-Academia Nacional de Ciencias Profesor e Investigador&nbsp; de la Escuela de F\u00edsica y del Centro de Investigaciones Geof\u00edsicas de la Universidad de Costa Rica.&nbsp;Especialidad: Recursos H\u00eddricos e Hidrolog\u00eda de Aguas Superficiales.&nbsp; Actualmente se desarrolla como profesor e investigador de la Escuela de F\u00edsica y del Centro de Investigaciones Geof\u00edsicas de la Universidad [&hellip;]","og_url":"https:\/\/www.anc.cr\/en\/hugo-hidalgo-leon\/","og_site_name":"ANC","article_modified_time":"2024-07-10T14:48:20+00:00","og_image":[{"url":"https:\/\/www.anc.cr\/wp-content\/uploads\/2024\/07\/image-57.png","type":"","width":"","height":""}],"twitter_card":"summary_large_image","twitter_misc":{"Est. reading time":"4 minutes"},"schema":{"@context":"https:\/\/schema.org","@graph":[{"@type":"WebPage","@id":"https:\/\/www.anc.cr\/hugo-hidalgo-leon\/","url":"https:\/\/www.anc.cr\/hugo-hidalgo-leon\/","name":"Hugo Hidalgo Le\u00f3n - ANC","isPartOf":{"@id":"https:\/\/www.anc.cr\/#website"},"primaryImageOfPage":{"@id":"https:\/\/www.anc.cr\/hugo-hidalgo-leon\/#primaryimage"},"image":{"@id":"https:\/\/www.anc.cr\/hugo-hidalgo-leon\/#primaryimage"},"thumbnailUrl":"https:\/\/www.anc.cr\/wp-content\/uploads\/2024\/07\/image-57.png","datePublished":"2024-07-10T14:48:14+00:00","dateModified":"2024-07-10T14:48:20+00:00","breadcrumb":{"@id":"https:\/\/www.anc.cr\/hugo-hidalgo-leon\/#breadcrumb"},"inLanguage":"en-US","potentialAction":[{"@type":"ReadAction","target":["https:\/\/www.anc.cr\/hugo-hidalgo-leon\/"]}]},{"@type":"ImageObject","inLanguage":"en-US","@id":"https:\/\/www.anc.cr\/hugo-hidalgo-leon\/#primaryimage","url":"https:\/\/www.anc.cr\/wp-content\/uploads\/2024\/07\/image-57.png","contentUrl":"https:\/\/www.anc.cr\/wp-content\/uploads\/2024\/07\/image-57.png"},{"@type":"BreadcrumbList","@id":"https:\/\/www.anc.cr\/hugo-hidalgo-leon\/#breadcrumb","itemListElement":[{"@type":"ListItem","position":1,"name":"Portada","item":"https:\/\/www.anc.cr\/"},{"@type":"ListItem","position":2,"name":"Hugo Hidalgo Le\u00f3n"}]},{"@type":"WebSite","@id":"https:\/\/www.anc.cr\/#website","url":"https:\/\/www.anc.cr\/","name":"ANC","description":"Academia Nacional de Ciencias","publisher":{"@id":"https:\/\/www.anc.cr\/#organization"},"potentialAction":[{"@type":"SearchAction","target":{"@type":"EntryPoint","urlTemplate":"https:\/\/www.anc.cr\/?s={search_term_string}"},"query-input":{"@type":"PropertyValueSpecification","valueRequired":true,"valueName":"search_term_string"}}],"inLanguage":"en-US"},{"@type":"Organization","@id":"https:\/\/www.anc.cr\/#organization","name":"ANC","url":"https:\/\/www.anc.cr\/","logo":{"@type":"ImageObject","inLanguage":"en-US","@id":"https:\/\/www.anc.cr\/#\/schema\/logo\/image\/","url":"https:\/\/www.anc.cr\/wp-content\/uploads\/2024\/07\/Logo-ANC-CR.png","contentUrl":"https:\/\/www.anc.cr\/wp-content\/uploads\/2024\/07\/Logo-ANC-CR.png","width":1051,"height":593,"caption":"ANC"},"image":{"@id":"https:\/\/www.anc.cr\/#\/schema\/logo\/image\/"}}]}},"_links":{"self":[{"href":"https:\/\/www.anc.cr\/en\/wp-json\/wp\/v2\/pages\/1415","targetHints":{"allow":["GET"]}}],"collection":[{"href":"https:\/\/www.anc.cr\/en\/wp-json\/wp\/v2\/pages"}],"about":[{"href":"https:\/\/www.anc.cr\/en\/wp-json\/wp\/v2\/types\/page"}],"author":[{"embeddable":true,"href":"https:\/\/www.anc.cr\/en\/wp-json\/wp\/v2\/users\/1"}],"replies":[{"embeddable":true,"href":"https:\/\/www.anc.cr\/en\/wp-json\/wp\/v2\/comments?post=1415"}],"version-history":[{"count":1,"href":"https:\/\/www.anc.cr\/en\/wp-json\/wp\/v2\/pages\/1415\/revisions"}],"predecessor-version":[{"id":1420,"href":"https:\/\/www.anc.cr\/en\/wp-json\/wp\/v2\/pages\/1415\/revisions\/1420"}],"wp:attachment":[{"href":"https:\/\/www.anc.cr\/en\/wp-json\/wp\/v2\/media?parent=1415"}],"curies":[{"name":"wp","href":"https:\/\/api.w.org\/{rel}","templated":true}]}}