{"id":1379,"date":"2024-07-10T02:35:41","date_gmt":"2024-07-10T08:35:41","guid":{"rendered":"http:\/\/anc.local\/?page_id=1379"},"modified":"2025-08-08T14:54:38","modified_gmt":"2025-08-08T20:54:38","slug":"galeria-de-fotografias","status":"publish","type":"page","link":"https:\/\/www.anc.cr\/en\/galeria-de-fotografias\/","title":{"rendered":"Galer\u00eda de Fotograf\u00edas"},"content":{"rendered":"<p><\/p>\n\n\n\n<figure class=\"wp-block-gallery has-nested-images columns-default is-cropped wp-block-gallery-1 is-layout-flex wp-block-gallery-is-layout-flex\"><\/figure>\n\n\n<ul class=\"wp-block-latest-posts__list is-grid columns-2 wp-block-latest-posts\"><li><div class=\"wp-block-latest-posts__featured-image\"><img decoding=\"async\" width=\"724\" height=\"1024\" src=\"https:\/\/www.anc.cr\/wp-content\/uploads\/2026\/04\/Copy-of-Copy-of-Cartel-Taller-Creativo-para-Ninos-Ilustrado-Azul-Oscuro11-724x1024.png\" class=\"attachment-large size-large wp-post-image\" alt=\"\" style=\"\" srcset=\"https:\/\/www.anc.cr\/wp-content\/uploads\/2026\/04\/Copy-of-Copy-of-Cartel-Taller-Creativo-para-Ninos-Ilustrado-Azul-Oscuro11-724x1024.png 724w, https:\/\/www.anc.cr\/wp-content\/uploads\/2026\/04\/Copy-of-Copy-of-Cartel-Taller-Creativo-para-Ninos-Ilustrado-Azul-Oscuro11-212x300.png 212w, https:\/\/www.anc.cr\/wp-content\/uploads\/2026\/04\/Copy-of-Copy-of-Cartel-Taller-Creativo-para-Ninos-Ilustrado-Azul-Oscuro11-768x1086.png 768w, https:\/\/www.anc.cr\/wp-content\/uploads\/2026\/04\/Copy-of-Copy-of-Cartel-Taller-Creativo-para-Ninos-Ilustrado-Azul-Oscuro11-1086x1536.png 1086w, https:\/\/www.anc.cr\/wp-content\/uploads\/2026\/04\/Copy-of-Copy-of-Cartel-Taller-Creativo-para-Ninos-Ilustrado-Azul-Oscuro11-1448x2048.png 1448w, https:\/\/www.anc.cr\/wp-content\/uploads\/2026\/04\/Copy-of-Copy-of-Cartel-Taller-Creativo-para-Ninos-Ilustrado-Azul-Oscuro11-8x12.png 8w, https:\/\/www.anc.cr\/wp-content\/uploads\/2026\/04\/Copy-of-Copy-of-Cartel-Taller-Creativo-para-Ninos-Ilustrado-Azul-Oscuro11.png 1587w\" sizes=\"(max-width: 724px) 100vw, 724px\" \/><\/div><a class=\"wp-block-latest-posts__post-title\" href=\"https:\/\/www.anc.cr\/en\/invitacion-al-foro-virtual-el-caos-en-el-transporte-y-su-impacto-en-la-salud-publica\/\">Invitaci\u00f3n al Foro virtual \u201cEL CAOS EN EL TRANSPORTE Y SU IMPACTO EN LA SALUD P\u00daBLICA\u201d:<\/a><div class=\"wp-block-latest-posts__post-excerpt\">Uno de los problemas m\u00e1s serios actualmente en nuestro pa\u00eds es el caos en el transporte y las m\u00faltiples implicaciones que tiene\u2026 <a class=\"wp-block-latest-posts__read-more\" href=\"https:\/\/www.anc.cr\/en\/invitacion-al-foro-virtual-el-caos-en-el-transporte-y-su-impacto-en-la-salud-publica\/\" rel=\"noopener noreferrer\">Read more<span class=\"screen-reader-text\">: Invitaci\u00f3n al Foro virtual \u201cEL CAOS EN EL TRANSPORTE Y SU IMPACTO EN LA SALUD P\u00daBLICA\u201d:<\/span><\/a><\/div><\/li>\n<li><div class=\"wp-block-latest-posts__featured-image\"><img decoding=\"async\" width=\"1024\" height=\"1024\" src=\"https:\/\/www.anc.cr\/wp-content\/uploads\/2026\/04\/Conferencia-22-de-abril-2-1024x1024.png\" class=\"attachment-large size-large wp-post-image\" alt=\"\" style=\"\" srcset=\"https:\/\/www.anc.cr\/wp-content\/uploads\/2026\/04\/Conferencia-22-de-abril-2-1024x1024.png 1024w, https:\/\/www.anc.cr\/wp-content\/uploads\/2026\/04\/Conferencia-22-de-abril-2-300x300.png 300w, https:\/\/www.anc.cr\/wp-content\/uploads\/2026\/04\/Conferencia-22-de-abril-2-150x150.png 150w, https:\/\/www.anc.cr\/wp-content\/uploads\/2026\/04\/Conferencia-22-de-abril-2-768x768.png 768w, https:\/\/www.anc.cr\/wp-content\/uploads\/2026\/04\/Conferencia-22-de-abril-2-12x12.png 12w, https:\/\/www.anc.cr\/wp-content\/uploads\/2026\/04\/Conferencia-22-de-abril-2.png 1080w\" sizes=\"(max-width: 1024px) 100vw, 1024px\" \/><\/div><a class=\"wp-block-latest-posts__post-title\" href=\"https:\/\/www.anc.cr\/en\/invitacion-a-la-conferencia-del-mes-de-abril\/\">Invitaci\u00f3n a la conferencia del mes de abril:<\/a><div class=\"wp-block-latest-posts__post-excerpt\">La Academia Nacional de Ciencias, Costa Rica, les invita a la conferencia del mes de abril: Valorizaci\u00f3n energ\u00e9tica de residuos de pi\u00f1a:\u2026 <a class=\"wp-block-latest-posts__read-more\" href=\"https:\/\/www.anc.cr\/en\/invitacion-a-la-conferencia-del-mes-de-abril\/\" rel=\"noopener noreferrer\">Read more<span class=\"screen-reader-text\">: Invitaci\u00f3n a la conferencia del mes de abril:<\/span><\/a><\/div><\/li>\n<li><div class=\"wp-block-latest-posts__featured-image\"><img decoding=\"async\" width=\"1024\" height=\"1024\" src=\"https:\/\/www.anc.cr\/wp-content\/uploads\/2026\/03\/Conferencia-marzo-2026-1024x1024.jpg\" class=\"attachment-large size-large wp-post-image\" alt=\"\" style=\"\" srcset=\"https:\/\/www.anc.cr\/wp-content\/uploads\/2026\/03\/Conferencia-marzo-2026-1024x1024.jpg 1024w, https:\/\/www.anc.cr\/wp-content\/uploads\/2026\/03\/Conferencia-marzo-2026-300x300.jpg 300w, https:\/\/www.anc.cr\/wp-content\/uploads\/2026\/03\/Conferencia-marzo-2026-150x150.jpg 150w, https:\/\/www.anc.cr\/wp-content\/uploads\/2026\/03\/Conferencia-marzo-2026-768x768.jpg 768w, https:\/\/www.anc.cr\/wp-content\/uploads\/2026\/03\/Conferencia-marzo-2026-12x12.jpg 12w, https:\/\/www.anc.cr\/wp-content\/uploads\/2026\/03\/Conferencia-marzo-2026.jpg 1080w\" sizes=\"(max-width: 1024px) 100vw, 1024px\" \/><\/div><a class=\"wp-block-latest-posts__post-title\" href=\"https:\/\/www.anc.cr\/en\/conferencia-presencial-mes-de-marzo\/\">Conferencia presencial mes de marzo:<\/a><div class=\"wp-block-latest-posts__post-excerpt\">Estratificaci\u00f3n de riesgo basada en biomarcadores y aprendizaje profundo: resultados de una investigaci\u00f3n orientada a soluciones escalables para la eliminaci\u00f3n del c\u00e1ncer\u2026 <a class=\"wp-block-latest-posts__read-more\" href=\"https:\/\/www.anc.cr\/en\/conferencia-presencial-mes-de-marzo\/\" rel=\"noopener noreferrer\">Read more<span class=\"screen-reader-text\">: Conferencia presencial mes de marzo:<\/span><\/a><\/div><\/li>\n<li><div class=\"wp-block-latest-posts__featured-image\"><img decoding=\"async\" width=\"819\" height=\"1024\" src=\"https:\/\/www.anc.cr\/wp-content\/uploads\/2026\/03\/Cientifica-Destacada-2026-819x1024.png\" class=\"attachment-large size-large wp-post-image\" alt=\"\" style=\"\" srcset=\"https:\/\/www.anc.cr\/wp-content\/uploads\/2026\/03\/Cientifica-Destacada-2026-819x1024.png 819w, https:\/\/www.anc.cr\/wp-content\/uploads\/2026\/03\/Cientifica-Destacada-2026-240x300.png 240w, https:\/\/www.anc.cr\/wp-content\/uploads\/2026\/03\/Cientifica-Destacada-2026-768x960.png 768w, https:\/\/www.anc.cr\/wp-content\/uploads\/2026\/03\/Cientifica-Destacada-2026-10x12.png 10w, https:\/\/www.anc.cr\/wp-content\/uploads\/2026\/03\/Cientifica-Destacada-2026.png 1080w\" sizes=\"(max-width: 819px) 100vw, 819px\" \/><\/div><a class=\"wp-block-latest-posts__post-title\" href=\"https:\/\/www.anc.cr\/en\/convocatoria-cientifica-destacada-2026\/\">Convocatoria: Cient\u00edfica Destacada 2026<\/a><div class=\"wp-block-latest-posts__post-excerpt\">Mujeres dedicadas a la ciencia y la tecnolog\u00eda pueden ser reconocidas como: CIENT\u00cdFICA DESTACADA 2026 El Ministerio de Ciencia, Innovaci\u00f3n, Tecnolog\u00eda y\u2026 <a class=\"wp-block-latest-posts__read-more\" href=\"https:\/\/www.anc.cr\/en\/convocatoria-cientifica-destacada-2026\/\" rel=\"noopener noreferrer\">Read more<span class=\"screen-reader-text\">: Convocatoria: Cient\u00edfica Destacada 2026<\/span><\/a><\/div><\/li>\n<li><div class=\"wp-block-latest-posts__featured-image\"><img decoding=\"async\" width=\"1024\" height=\"595\" src=\"https:\/\/www.anc.cr\/wp-content\/uploads\/2026\/02\/624726377_1421765643069014_9084030760888893604_n-1024x595.jpg\" class=\"attachment-large size-large wp-post-image\" alt=\"\" style=\"\" srcset=\"https:\/\/www.anc.cr\/wp-content\/uploads\/2026\/02\/624726377_1421765643069014_9084030760888893604_n-1024x595.jpg 1024w, https:\/\/www.anc.cr\/wp-content\/uploads\/2026\/02\/624726377_1421765643069014_9084030760888893604_n-300x174.jpg 300w, https:\/\/www.anc.cr\/wp-content\/uploads\/2026\/02\/624726377_1421765643069014_9084030760888893604_n-768x446.jpg 768w, https:\/\/www.anc.cr\/wp-content\/uploads\/2026\/02\/624726377_1421765643069014_9084030760888893604_n-1536x893.jpg 1536w, https:\/\/www.anc.cr\/wp-content\/uploads\/2026\/02\/624726377_1421765643069014_9084030760888893604_n-18x10.jpg 18w, https:\/\/www.anc.cr\/wp-content\/uploads\/2026\/02\/624726377_1421765643069014_9084030760888893604_n.jpg 2048w\" sizes=\"(max-width: 1024px) 100vw, 1024px\" \/><\/div><a class=\"wp-block-latest-posts__post-title\" href=\"https:\/\/www.anc.cr\/en\/lanzamiento-del-capitulo-de-costa-rica-de-la-organizacion-de-las-mujeres-en-ciencia-owsd-bajo-el-lema-cerrando-brechas-de-genero-en-las-ciencias\/\">Lanzamiento del cap\u00edtulo de Costa Rica de la Organizaci\u00f3n de las Mujeres en Ciencia, OWSD, bajo el lema: &#8220;Cerrando brechas de g\u00e9nero en las ciencias&#8221;<\/a><div class=\"wp-block-latest-posts__post-excerpt\">Fecha: 3 de febrero, 2026.<\/div><\/li>\n<li><div class=\"wp-block-latest-posts__featured-image\"><img decoding=\"async\" width=\"689\" height=\"361\" src=\"https:\/\/www.anc.cr\/wp-content\/uploads\/2026\/02\/619906803_18094234358504585_7500653380492147252_n.jpg\" class=\"attachment-large size-large wp-post-image\" alt=\"\" style=\"\" srcset=\"https:\/\/www.anc.cr\/wp-content\/uploads\/2026\/02\/619906803_18094234358504585_7500653380492147252_n.jpg 689w, https:\/\/www.anc.cr\/wp-content\/uploads\/2026\/02\/619906803_18094234358504585_7500653380492147252_n-300x157.jpg 300w, https:\/\/www.anc.cr\/wp-content\/uploads\/2026\/02\/619906803_18094234358504585_7500653380492147252_n-18x9.jpg 18w\" sizes=\"(max-width: 689px) 100vw, 689px\" \/><\/div><a class=\"wp-block-latest-posts__post-title\" href=\"https:\/\/www.anc.cr\/en\/conferencia-diplomacia-cientifica-en-un-mundo-cada-vez-mas-fragmentado-el-rol-de-costa-rica-2\/\">Conferencia: Diplomacia cient\u00edfica en un mundo cada vez m\u00e1s fragmentado: el rol de Costa Rica<\/a><div class=\"wp-block-latest-posts__post-excerpt\">Expositora: Mar\u00eda Estel\u00ed Jarqu\u00edn, Integrante de la Junta Directiva del Consejo Cient\u00edfico Internacional (ISC) y Gerente de Relaciones Internacionales de UKCEH. Fecha:\u2026 <a class=\"wp-block-latest-posts__read-more\" href=\"https:\/\/www.anc.cr\/en\/conferencia-diplomacia-cientifica-en-un-mundo-cada-vez-mas-fragmentado-el-rol-de-costa-rica-2\/\" rel=\"noopener noreferrer\">Read more<span class=\"screen-reader-text\">: Conferencia: Diplomacia cient\u00edfica en un mundo cada vez m\u00e1s fragmentado: el rol de Costa Rica<\/span><\/a><\/div><\/li>\n<li><div class=\"wp-block-latest-posts__featured-image\"><img decoding=\"async\" width=\"1024\" height=\"771\" src=\"https:\/\/www.anc.cr\/wp-content\/uploads\/2025\/11\/582112817_18087775364504585_9204526122681810829_n-1024x771.jpg\" class=\"attachment-large size-large wp-post-image\" alt=\"\" style=\"\" srcset=\"https:\/\/www.anc.cr\/wp-content\/uploads\/2025\/11\/582112817_18087775364504585_9204526122681810829_n-1024x771.jpg 1024w, https:\/\/www.anc.cr\/wp-content\/uploads\/2025\/11\/582112817_18087775364504585_9204526122681810829_n-300x226.jpg 300w, https:\/\/www.anc.cr\/wp-content\/uploads\/2025\/11\/582112817_18087775364504585_9204526122681810829_n-768x579.jpg 768w, https:\/\/www.anc.cr\/wp-content\/uploads\/2025\/11\/582112817_18087775364504585_9204526122681810829_n-16x12.jpg 16w, https:\/\/www.anc.cr\/wp-content\/uploads\/2025\/11\/582112817_18087775364504585_9204526122681810829_n.jpg 1200w\" sizes=\"(max-width: 1024px) 100vw, 1024px\" \/><\/div><a class=\"wp-block-latest-posts__post-title\" href=\"https:\/\/www.anc.cr\/en\/conferencia-sobre-el-premio-nobel-de-fisiologia-o-medicina-2025\/\">Conferencia \u201cSobre el Premio Nobel de Fisiolog\u00eda o Medicina 2025\u201d<\/a><div class=\"wp-block-latest-posts__post-excerpt\">Expositor: Dr. Gilbert David Lor\u00eda-Mas\u00eds<\/div><\/li>\n<li><div class=\"wp-block-latest-posts__featured-image\"><img decoding=\"async\" width=\"1024\" height=\"624\" src=\"https:\/\/www.anc.cr\/wp-content\/uploads\/2025\/11\/554362545_18081182426504585_6214656026908478955_n-1-1024x624.jpg\" class=\"attachment-large size-large wp-post-image\" alt=\"\" style=\"\" srcset=\"https:\/\/www.anc.cr\/wp-content\/uploads\/2025\/11\/554362545_18081182426504585_6214656026908478955_n-1-1024x624.jpg 1024w, https:\/\/www.anc.cr\/wp-content\/uploads\/2025\/11\/554362545_18081182426504585_6214656026908478955_n-1-300x183.jpg 300w, https:\/\/www.anc.cr\/wp-content\/uploads\/2025\/11\/554362545_18081182426504585_6214656026908478955_n-1-768x468.jpg 768w, https:\/\/www.anc.cr\/wp-content\/uploads\/2025\/11\/554362545_18081182426504585_6214656026908478955_n-1-18x12.jpg 18w, https:\/\/www.anc.cr\/wp-content\/uploads\/2025\/11\/554362545_18081182426504585_6214656026908478955_n-1.jpg 1440w\" sizes=\"(max-width: 1024px) 100vw, 1024px\" \/><\/div><a class=\"wp-block-latest-posts__post-title\" href=\"https:\/\/www.anc.cr\/en\/conferencia-mas-alla-del-veneno-microbiota-de-la-mordedura-de-la-terciopelo-bothrops-asper-y-su-perfil-de-resistencia-a-los-antibioticos\/\">Conferencia \u201cM\u00e1s all\u00e1 del veneno: Microbiota de la mordedura de la terciopelo (Bothrops asper) y su perfil de resistencia a los antibi\u00f3ticos\u201d.<\/a><div class=\"wp-block-latest-posts__post-excerpt\"><\/div><\/li>\n<li><div class=\"wp-block-latest-posts__featured-image\"><img decoding=\"async\" width=\"1024\" height=\"629\" src=\"https:\/\/www.anc.cr\/wp-content\/uploads\/2025\/09\/IMG_5360-1024x629.jpg\" class=\"attachment-large size-large wp-post-image\" alt=\"\" style=\"\" srcset=\"https:\/\/www.anc.cr\/wp-content\/uploads\/2025\/09\/IMG_5360-1024x629.jpg 1024w, https:\/\/www.anc.cr\/wp-content\/uploads\/2025\/09\/IMG_5360-300x184.jpg 300w, https:\/\/www.anc.cr\/wp-content\/uploads\/2025\/09\/IMG_5360-768x472.jpg 768w, https:\/\/www.anc.cr\/wp-content\/uploads\/2025\/09\/IMG_5360-18x12.jpg 18w, https:\/\/www.anc.cr\/wp-content\/uploads\/2025\/09\/IMG_5360.jpg 1488w\" sizes=\"(max-width: 1024px) 100vw, 1024px\" \/><\/div><a class=\"wp-block-latest-posts__post-title\" href=\"https:\/\/www.anc.cr\/en\/laboratorio-de-suenos-donde-las-ninas-y-cientificas-se-encuentran\/\">LABORATORIO DE SUE\u00d1OS: DONDE LAS NI\u00d1AS Y CIENT\u00cdFICAS SE ENCUENTRAN<\/a><div class=\"wp-block-latest-posts__post-excerpt\"><\/div><\/li>\n<li><div class=\"wp-block-latest-posts__featured-image\"><img decoding=\"async\" width=\"1024\" height=\"768\" src=\"https:\/\/www.anc.cr\/wp-content\/uploads\/2025\/09\/PLANETARIO-2025.2-1024x768.jpg\" class=\"attachment-large size-large wp-post-image\" alt=\"\" style=\"\" srcset=\"https:\/\/www.anc.cr\/wp-content\/uploads\/2025\/09\/PLANETARIO-2025.2-1024x768.jpg 1024w, https:\/\/www.anc.cr\/wp-content\/uploads\/2025\/09\/PLANETARIO-2025.2-300x225.jpg 300w, https:\/\/www.anc.cr\/wp-content\/uploads\/2025\/09\/PLANETARIO-2025.2-768x576.jpg 768w, https:\/\/www.anc.cr\/wp-content\/uploads\/2025\/09\/PLANETARIO-2025.2-1536x1152.jpg 1536w, https:\/\/www.anc.cr\/wp-content\/uploads\/2025\/09\/PLANETARIO-2025.2-16x12.jpg 16w, https:\/\/www.anc.cr\/wp-content\/uploads\/2025\/09\/PLANETARIO-2025.2.jpg 2048w\" sizes=\"(max-width: 1024px) 100vw, 1024px\" \/><\/div><a class=\"wp-block-latest-posts__post-title\" href=\"https:\/\/www.anc.cr\/en\/funcion-en-el-planetario-y-telescopiada-solar-agosto-2025\/\">FUNCI\u00d3N EN EL PLANETARIO Y TELESCOPIADA SOLAR- AGOSTO 2025<\/a><div class=\"wp-block-latest-posts__post-excerpt\"><\/div><\/li>\n<\/ul>","protected":false},"excerpt":{"rendered":"","protected":false},"author":1,"featured_media":2590,"parent":0,"menu_order":0,"comment_status":"closed","ping_status":"closed","template":"","meta":{"footnotes":""},"class_list":["post-1379","page","type-page","status-publish","has-post-thumbnail","hentry"],"yoast_head":"<!-- This site is optimized with the Yoast SEO plugin v27.3 - https:\/\/yoast.com\/product\/yoast-seo-wordpress\/ -->\n<title>Galer\u00eda de Fotograf\u00edas - ANC<\/title>\n<meta name=\"robots\" content=\"index, follow, max-snippet:-1, max-image-preview:large, max-video-preview:-1\" \/>\n<link rel=\"canonical\" href=\"https:\/\/www.anc.cr\/en\/galeria-de-fotografias\/\" \/>\n<meta property=\"og:locale\" content=\"en_US\" \/>\n<meta property=\"og:type\" content=\"article\" \/>\n<meta property=\"og:title\" content=\"Galer\u00eda de Fotograf\u00edas - ANC\" \/>\n<meta property=\"og:url\" content=\"https:\/\/www.anc.cr\/en\/galeria-de-fotografias\/\" \/>\n<meta property=\"og:site_name\" content=\"ANC\" \/>\n<meta property=\"article:modified_time\" content=\"2025-08-08T20:54:38+00:00\" \/>\n<meta property=\"og:image\" content=\"https:\/\/www.anc.cr\/wp-content\/uploads\/2025\/08\/177dc546-68f3-486c-a1e6-4e6d639e52ec.jpg\" \/>\n\t<meta property=\"og:image:width\" content=\"1219\" \/>\n\t<meta property=\"og:image:height\" content=\"914\" \/>\n\t<meta property=\"og:image:type\" content=\"image\/jpeg\" \/>\n<meta name=\"twitter:card\" content=\"summary_large_image\" \/>\n<meta name=\"twitter:label1\" content=\"Est. reading time\" \/>\n\t<meta name=\"twitter:data1\" content=\"1 minute\" \/>\n<script type=\"application\/ld+json\" class=\"yoast-schema-graph\">{\"@context\":\"https:\\\/\\\/schema.org\",\"@graph\":[{\"@type\":\"WebPage\",\"@id\":\"https:\\\/\\\/www.anc.cr\\\/galeria-de-fotografias\\\/\",\"url\":\"https:\\\/\\\/www.anc.cr\\\/galeria-de-fotografias\\\/\",\"name\":\"Galer\u00eda de Fotograf\u00edas - ANC\",\"isPartOf\":{\"@id\":\"https:\\\/\\\/www.anc.cr\\\/#website\"},\"primaryImageOfPage\":{\"@id\":\"https:\\\/\\\/www.anc.cr\\\/galeria-de-fotografias\\\/#primaryimage\"},\"image\":{\"@id\":\"https:\\\/\\\/www.anc.cr\\\/galeria-de-fotografias\\\/#primaryimage\"},\"thumbnailUrl\":\"https:\\\/\\\/www.anc.cr\\\/wp-content\\\/uploads\\\/2025\\\/08\\\/177dc546-68f3-486c-a1e6-4e6d639e52ec.jpg\",\"datePublished\":\"2024-07-10T08:35:41+00:00\",\"dateModified\":\"2025-08-08T20:54:38+00:00\",\"breadcrumb\":{\"@id\":\"https:\\\/\\\/www.anc.cr\\\/galeria-de-fotografias\\\/#breadcrumb\"},\"inLanguage\":\"en-US\",\"potentialAction\":[{\"@type\":\"ReadAction\",\"target\":[\"https:\\\/\\\/www.anc.cr\\\/galeria-de-fotografias\\\/\"]}]},{\"@type\":\"ImageObject\",\"inLanguage\":\"en-US\",\"@id\":\"https:\\\/\\\/www.anc.cr\\\/galeria-de-fotografias\\\/#primaryimage\",\"url\":\"https:\\\/\\\/www.anc.cr\\\/wp-content\\\/uploads\\\/2025\\\/08\\\/177dc546-68f3-486c-a1e6-4e6d639e52ec.jpg\",\"contentUrl\":\"https:\\\/\\\/www.anc.cr\\\/wp-content\\\/uploads\\\/2025\\\/08\\\/177dc546-68f3-486c-a1e6-4e6d639e52ec.jpg\",\"width\":1219,\"height\":914},{\"@type\":\"BreadcrumbList\",\"@id\":\"https:\\\/\\\/www.anc.cr\\\/galeria-de-fotografias\\\/#breadcrumb\",\"itemListElement\":[{\"@type\":\"ListItem\",\"position\":1,\"name\":\"Portada\",\"item\":\"https:\\\/\\\/www.anc.cr\\\/\"},{\"@type\":\"ListItem\",\"position\":2,\"name\":\"Galer\u00eda de Fotograf\u00edas\"}]},{\"@type\":\"WebSite\",\"@id\":\"https:\\\/\\\/www.anc.cr\\\/#website\",\"url\":\"https:\\\/\\\/www.anc.cr\\\/\",\"name\":\"ANC\",\"description\":\"Academia Nacional de Ciencias\",\"publisher\":{\"@id\":\"https:\\\/\\\/www.anc.cr\\\/#organization\"},\"potentialAction\":[{\"@type\":\"SearchAction\",\"target\":{\"@type\":\"EntryPoint\",\"urlTemplate\":\"https:\\\/\\\/www.anc.cr\\\/?s={search_term_string}\"},\"query-input\":{\"@type\":\"PropertyValueSpecification\",\"valueRequired\":true,\"valueName\":\"search_term_string\"}}],\"inLanguage\":\"en-US\"},{\"@type\":\"Organization\",\"@id\":\"https:\\\/\\\/www.anc.cr\\\/#organization\",\"name\":\"ANC\",\"url\":\"https:\\\/\\\/www.anc.cr\\\/\",\"logo\":{\"@type\":\"ImageObject\",\"inLanguage\":\"en-US\",\"@id\":\"https:\\\/\\\/www.anc.cr\\\/#\\\/schema\\\/logo\\\/image\\\/\",\"url\":\"https:\\\/\\\/www.anc.cr\\\/wp-content\\\/uploads\\\/2024\\\/07\\\/Logo-ANC-CR.png\",\"contentUrl\":\"https:\\\/\\\/www.anc.cr\\\/wp-content\\\/uploads\\\/2024\\\/07\\\/Logo-ANC-CR.png\",\"width\":1051,\"height\":593,\"caption\":\"ANC\"},\"image\":{\"@id\":\"https:\\\/\\\/www.anc.cr\\\/#\\\/schema\\\/logo\\\/image\\\/\"}}]}<\/script>\n<!-- \/ Yoast SEO plugin. -->","yoast_head_json":{"title":"Galer\u00eda de Fotograf\u00edas - ANC","robots":{"index":"index","follow":"follow","max-snippet":"max-snippet:-1","max-image-preview":"max-image-preview:large","max-video-preview":"max-video-preview:-1"},"canonical":"https:\/\/www.anc.cr\/en\/galeria-de-fotografias\/","og_locale":"en_US","og_type":"article","og_title":"Galer\u00eda de Fotograf\u00edas - ANC","og_url":"https:\/\/www.anc.cr\/en\/galeria-de-fotografias\/","og_site_name":"ANC","article_modified_time":"2025-08-08T20:54:38+00:00","og_image":[{"width":1219,"height":914,"url":"https:\/\/www.anc.cr\/wp-content\/uploads\/2025\/08\/177dc546-68f3-486c-a1e6-4e6d639e52ec.jpg","type":"image\/jpeg"}],"twitter_card":"summary_large_image","twitter_misc":{"Est. reading time":"1 minute"},"schema":{"@context":"https:\/\/schema.org","@graph":[{"@type":"WebPage","@id":"https:\/\/www.anc.cr\/galeria-de-fotografias\/","url":"https:\/\/www.anc.cr\/galeria-de-fotografias\/","name":"Galer\u00eda de Fotograf\u00edas - ANC","isPartOf":{"@id":"https:\/\/www.anc.cr\/#website"},"primaryImageOfPage":{"@id":"https:\/\/www.anc.cr\/galeria-de-fotografias\/#primaryimage"},"image":{"@id":"https:\/\/www.anc.cr\/galeria-de-fotografias\/#primaryimage"},"thumbnailUrl":"https:\/\/www.anc.cr\/wp-content\/uploads\/2025\/08\/177dc546-68f3-486c-a1e6-4e6d639e52ec.jpg","datePublished":"2024-07-10T08:35:41+00:00","dateModified":"2025-08-08T20:54:38+00:00","breadcrumb":{"@id":"https:\/\/www.anc.cr\/galeria-de-fotografias\/#breadcrumb"},"inLanguage":"en-US","potentialAction":[{"@type":"ReadAction","target":["https:\/\/www.anc.cr\/galeria-de-fotografias\/"]}]},{"@type":"ImageObject","inLanguage":"en-US","@id":"https:\/\/www.anc.cr\/galeria-de-fotografias\/#primaryimage","url":"https:\/\/www.anc.cr\/wp-content\/uploads\/2025\/08\/177dc546-68f3-486c-a1e6-4e6d639e52ec.jpg","contentUrl":"https:\/\/www.anc.cr\/wp-content\/uploads\/2025\/08\/177dc546-68f3-486c-a1e6-4e6d639e52ec.jpg","width":1219,"height":914},{"@type":"BreadcrumbList","@id":"https:\/\/www.anc.cr\/galeria-de-fotografias\/#breadcrumb","itemListElement":[{"@type":"ListItem","position":1,"name":"Portada","item":"https:\/\/www.anc.cr\/"},{"@type":"ListItem","position":2,"name":"Galer\u00eda de Fotograf\u00edas"}]},{"@type":"WebSite","@id":"https:\/\/www.anc.cr\/#website","url":"https:\/\/www.anc.cr\/","name":"ANC","description":"Academia Nacional de Ciencias","publisher":{"@id":"https:\/\/www.anc.cr\/#organization"},"potentialAction":[{"@type":"SearchAction","target":{"@type":"EntryPoint","urlTemplate":"https:\/\/www.anc.cr\/?s={search_term_string}"},"query-input":{"@type":"PropertyValueSpecification","valueRequired":true,"valueName":"search_term_string"}}],"inLanguage":"en-US"},{"@type":"Organization","@id":"https:\/\/www.anc.cr\/#organization","name":"ANC","url":"https:\/\/www.anc.cr\/","logo":{"@type":"ImageObject","inLanguage":"en-US","@id":"https:\/\/www.anc.cr\/#\/schema\/logo\/image\/","url":"https:\/\/www.anc.cr\/wp-content\/uploads\/2024\/07\/Logo-ANC-CR.png","contentUrl":"https:\/\/www.anc.cr\/wp-content\/uploads\/2024\/07\/Logo-ANC-CR.png","width":1051,"height":593,"caption":"ANC"},"image":{"@id":"https:\/\/www.anc.cr\/#\/schema\/logo\/image\/"}}]}},"_links":{"self":[{"href":"https:\/\/www.anc.cr\/en\/wp-json\/wp\/v2\/pages\/1379","targetHints":{"allow":["GET"]}}],"collection":[{"href":"https:\/\/www.anc.cr\/en\/wp-json\/wp\/v2\/pages"}],"about":[{"href":"https:\/\/www.anc.cr\/en\/wp-json\/wp\/v2\/types\/page"}],"author":[{"embeddable":true,"href":"https:\/\/www.anc.cr\/en\/wp-json\/wp\/v2\/users\/1"}],"replies":[{"embeddable":true,"href":"https:\/\/www.anc.cr\/en\/wp-json\/wp\/v2\/comments?post=1379"}],"version-history":[{"count":10,"href":"https:\/\/www.anc.cr\/en\/wp-json\/wp\/v2\/pages\/1379\/revisions"}],"predecessor-version":[{"id":2625,"href":"https:\/\/www.anc.cr\/en\/wp-json\/wp\/v2\/pages\/1379\/revisions\/2625"}],"wp:featuredmedia":[{"embeddable":true,"href":"https:\/\/www.anc.cr\/en\/wp-json\/wp\/v2\/media\/2590"}],"wp:attachment":[{"href":"https:\/\/www.anc.cr\/en\/wp-json\/wp\/v2\/media?parent=1379"}],"curies":[{"name":"wp","href":"https:\/\/api.w.org\/{rel}","templated":true}]}}